{"id":15766,"date":"2025-01-04T20:16:56","date_gmt":"2025-01-04T19:16:56","guid":{"rendered":"https:\/\/zapateneo.net\/wordpress\/?post_type=product&#038;p=15766"},"modified":"2025-01-04T20:17:03","modified_gmt":"2025-01-04T19:17:03","slug":"psicoanalisis-para-todxs-por-una-clinica-postpatriarcal-posheteronormativa-y-poscolonial","status":"publish","type":"product","link":"https:\/\/zapateneo.net\/wordpress\/index.php\/producto\/psicoanalisis-para-todxs-por-una-clinica-postpatriarcal-posheteronormativa-y-poscolonial\/","title":{"rendered":"Psicoan\u00e1lisis para todxs Por una cl\u00ednica postpatriarcal, posheteronormativa y poscolonial"},"content":{"rendered":"<p>Este libro se propone la tarea de construcci\u00f3n de herramientas psicoanal\u00edticas desde un abordaje pospatriarcal, posheteronormativo y poscolonial del sufrimiento humano.<\/p>\n<p>La autora hace una doble apuesta. Por un lado, el develamiento de la visi\u00f3n patriarcal, heteronormativa y colonial subyacente a los abordajes \u201ccl\u00e1sicos\u201d psicoanal\u00edticos. Por el otro, los aportes de instrumentos te\u00f3rico-cl\u00ednicos en la perspectiva de g\u00e9nero y psicoan\u00e1lisis. A lo largo del libro da cuenta de los cambios en las femineidades y masculinidades, las nuevas configuraciones familiares y vinculares, las actuales formas de inserci\u00f3n laboral, los nuevos ideales, los cambios en las modalidades de asunci\u00f3n de las identidades de g\u00e9nero y las formas de expresiones sexuales y amatorias.<\/p>\n<p>Un libro necesario para estos tiempos, donde la cuarta ola del feminismo ha impactado a toda nuestra sociedad, tanto a nivel local como internacional con #Niunamenos, \u201cla revoluci\u00f3n de las hijas\u201d, el debate por la legalizaci\u00f3n por el derecho al aborto, el #Metoo y los paros internacionales de mujeres.<\/p>\n<p>Con un lenguaje claro y preciso, la autora asume el desaf\u00edo de \u201caportar a un psicoan\u00e1lisis contempor\u00e1neo que est\u00e9 a la altura de las circunstancias y siga siendo revulsivo, como en los tiempos fundantes. Nos lo merecemos y fundamentalmente, se lo merecen quienes nos consultan y conf\u00edan en que podemos ayudarles a ponerle palabras a su dolor.\u201d<\/p>\n","protected":false},"excerpt":{"rendered":"<p><strong>D\u00e9bora Tajer<\/strong><br \/>\n9789874025494 &#8211; Top\u00eda &#8211; 2020 &#8211; 176 p\u00e1ginas \/orri.<\/p>\n","protected":false},"featured_media":15792,"template":"","meta":[],"product_brand":[],"product_cat":[16,182],"product_tag":[7097,7098],"class_list":{"0":"post-15766","1":"product","2":"type-product","3":"status-publish","4":"has-post-thumbnail","6":"product_cat-libros","7":"product_cat-osasuna-salud","8":"product_tag-debora-tajer","9":"product_tag-topia","11":"first","12":"instock","13":"sold-individually","14":"shipping-taxable","15":"purchasable","16":"product-type-simple"},"yoast_head":"<!-- This site is optimized with the Yoast SEO plugin v27.3 - https:\/\/yoast.com\/product\/yoast-seo-wordpress\/ -->\n<title>Psicoan\u00e1lisis para todxs Por una cl\u00ednica postpatriarcal, posheteronormativa y poscolonial &#8212; Zapateneo<\/title>\n<meta name=\"robots\" content=\"index, follow, max-snippet:-1, max-image-preview:large, max-video-preview:-1\" \/>\n<link rel=\"canonical\" href=\"https:\/\/zapateneo.net\/wordpress\/index.php\/producto\/psicoanalisis-para-todxs-por-una-clinica-postpatriarcal-posheteronormativa-y-poscolonial\/\" \/>\n<meta property=\"og:locale\" content=\"es_ES\" \/>\n<meta property=\"og:type\" content=\"article\" \/>\n<meta property=\"og:title\" content=\"Psicoan\u00e1lisis para todxs Por una cl\u00ednica postpatriarcal, posheteronormativa y poscolonial &#8212; Zapateneo\" \/>\n<meta property=\"og:description\" content=\"D\u00e9bora Tajer 9789874025494 - Top\u00eda - 2020 - 176 p\u00e1ginas \/orri.\" \/>\n<meta property=\"og:url\" content=\"https:\/\/zapateneo.net\/wordpress\/index.php\/producto\/psicoanalisis-para-todxs-por-una-clinica-postpatriarcal-posheteronormativa-y-poscolonial\/\" \/>\n<meta property=\"og:site_name\" content=\"Zapateneo\" \/>\n<meta property=\"article:modified_time\" content=\"2025-01-04T19:17:03+00:00\" \/>\n<meta name=\"twitter:card\" content=\"summary_large_image\" \/>\n<meta name=\"twitter:site\" content=\"@zapateneo\" \/>\n<meta name=\"twitter:label1\" content=\"Tiempo de lectura\" \/>\n\t<meta name=\"twitter:data1\" content=\"1 minuto\" \/>\n<script type=\"application\/ld+json\" class=\"yoast-schema-graph\">{\"@context\":\"https:\\\/\\\/schema.org\",\"@graph\":[{\"@type\":\"WebPage\",\"@id\":\"https:\\\/\\\/zapateneo.net\\\/wordpress\\\/index.php\\\/producto\\\/psicoanalisis-para-todxs-por-una-clinica-postpatriarcal-posheteronormativa-y-poscolonial\\\/\",\"url\":\"https:\\\/\\\/zapateneo.net\\\/wordpress\\\/index.php\\\/producto\\\/psicoanalisis-para-todxs-por-una-clinica-postpatriarcal-posheteronormativa-y-poscolonial\\\/\",\"name\":\"Psicoan\u00e1lisis para todxs Por una cl\u00ednica postpatriarcal, posheteronormativa y poscolonial &#8212; Zapateneo\",\"isPartOf\":{\"@id\":\"https:\\\/\\\/zapateneo.net\\\/wordpress\\\/#website\"},\"primaryImageOfPage\":{\"@id\":\"https:\\\/\\\/zapateneo.net\\\/wordpress\\\/index.php\\\/producto\\\/psicoanalisis-para-todxs-por-una-clinica-postpatriarcal-posheteronormativa-y-poscolonial\\\/#primaryimage\"},\"image\":{\"@id\":\"https:\\\/\\\/zapateneo.net\\\/wordpress\\\/index.php\\\/producto\\\/psicoanalisis-para-todxs-por-una-clinica-postpatriarcal-posheteronormativa-y-poscolonial\\\/#primaryimage\"},\"thumbnailUrl\":\"https:\\\/\\\/zapateneo.net\\\/wordpress\\\/wp-content\\\/uploads\\\/2025\\\/01\\\/978987402549.jpeg\",\"datePublished\":\"2025-01-04T19:16:56+00:00\",\"dateModified\":\"2025-01-04T19:17:03+00:00\",\"breadcrumb\":{\"@id\":\"https:\\\/\\\/zapateneo.net\\\/wordpress\\\/index.php\\\/producto\\\/psicoanalisis-para-todxs-por-una-clinica-postpatriarcal-posheteronormativa-y-poscolonial\\\/#breadcrumb\"},\"inLanguage\":\"es\",\"potentialAction\":[{\"@type\":\"ReadAction\",\"target\":[\"https:\\\/\\\/zapateneo.net\\\/wordpress\\\/index.php\\\/producto\\\/psicoanalisis-para-todxs-por-una-clinica-postpatriarcal-posheteronormativa-y-poscolonial\\\/\"]}]},{\"@type\":\"ImageObject\",\"inLanguage\":\"es\",\"@id\":\"https:\\\/\\\/zapateneo.net\\\/wordpress\\\/index.php\\\/producto\\\/psicoanalisis-para-todxs-por-una-clinica-postpatriarcal-posheteronormativa-y-poscolonial\\\/#primaryimage\",\"url\":\"https:\\\/\\\/zapateneo.net\\\/wordpress\\\/wp-content\\\/uploads\\\/2025\\\/01\\\/978987402549.jpeg\",\"contentUrl\":\"https:\\\/\\\/zapateneo.net\\\/wordpress\\\/wp-content\\\/uploads\\\/2025\\\/01\\\/978987402549.jpeg\",\"width\":220,\"height\":331},{\"@type\":\"BreadcrumbList\",\"@id\":\"https:\\\/\\\/zapateneo.net\\\/wordpress\\\/index.php\\\/producto\\\/psicoanalisis-para-todxs-por-una-clinica-postpatriarcal-posheteronormativa-y-poscolonial\\\/#breadcrumb\",\"itemListElement\":[{\"@type\":\"ListItem\",\"position\":1,\"name\":\"Portada\",\"item\":\"https:\\\/\\\/zapateneo.net\\\/wordpress\\\/\"},{\"@type\":\"ListItem\",\"position\":2,\"name\":\"Tienda\",\"item\":\"https:\\\/\\\/zapateneo.net\\\/wordpress\\\/\"},{\"@type\":\"ListItem\",\"position\":3,\"name\":\"Psicoan\u00e1lisis para todxs Por una cl\u00ednica postpatriarcal, posheteronormativa y poscolonial\"}]},{\"@type\":\"WebSite\",\"@id\":\"https:\\\/\\\/zapateneo.net\\\/wordpress\\\/#website\",\"url\":\"https:\\\/\\\/zapateneo.net\\\/wordpress\\\/\",\"name\":\"Zapateneo\",\"description\":\"Zapateneoaren webgunea\",\"publisher\":{\"@id\":\"https:\\\/\\\/zapateneo.net\\\/wordpress\\\/#organization\"},\"potentialAction\":[{\"@type\":\"SearchAction\",\"target\":{\"@type\":\"EntryPoint\",\"urlTemplate\":\"https:\\\/\\\/zapateneo.net\\\/wordpress\\\/?s={search_term_string}\"},\"query-input\":{\"@type\":\"PropertyValueSpecification\",\"valueRequired\":true,\"valueName\":\"search_term_string\"}}],\"inLanguage\":\"es\"},{\"@type\":\"Organization\",\"@id\":\"https:\\\/\\\/zapateneo.net\\\/wordpress\\\/#organization\",\"name\":\"Zapateneo Kultur Elkartea\",\"url\":\"https:\\\/\\\/zapateneo.net\\\/wordpress\\\/\",\"logo\":{\"@type\":\"ImageObject\",\"inLanguage\":\"es\",\"@id\":\"https:\\\/\\\/zapateneo.net\\\/wordpress\\\/#\\\/schema\\\/logo\\\/image\\\/\",\"url\":\"https:\\\/\\\/zapateneo.net\\\/wordpress\\\/wp-content\\\/uploads\\\/2021\\\/04\\\/zap-libu-kolec.jpg\",\"contentUrl\":\"https:\\\/\\\/zapateneo.net\\\/wordpress\\\/wp-content\\\/uploads\\\/2021\\\/04\\\/zap-libu-kolec.jpg\",\"width\":2234,\"height\":398,\"caption\":\"Zapateneo Kultur Elkartea\"},\"image\":{\"@id\":\"https:\\\/\\\/zapateneo.net\\\/wordpress\\\/#\\\/schema\\\/logo\\\/image\\\/\"},\"sameAs\":[\"https:\\\/\\\/x.com\\\/zapateneo\"]}]}<\/script>\n<!-- \/ Yoast SEO plugin. -->","yoast_head_json":{"title":"Psicoan\u00e1lisis para todxs Por una cl\u00ednica postpatriarcal, posheteronormativa y poscolonial &#8212; Zapateneo","robots":{"index":"index","follow":"follow","max-snippet":"max-snippet:-1","max-image-preview":"max-image-preview:large","max-video-preview":"max-video-preview:-1"},"canonical":"https:\/\/zapateneo.net\/wordpress\/index.php\/producto\/psicoanalisis-para-todxs-por-una-clinica-postpatriarcal-posheteronormativa-y-poscolonial\/","og_locale":"es_ES","og_type":"article","og_title":"Psicoan\u00e1lisis para todxs Por una cl\u00ednica postpatriarcal, posheteronormativa y poscolonial &#8212; Zapateneo","og_description":"D\u00e9bora Tajer 9789874025494 - Top\u00eda - 2020 - 176 p\u00e1ginas \/orri.","og_url":"https:\/\/zapateneo.net\/wordpress\/index.php\/producto\/psicoanalisis-para-todxs-por-una-clinica-postpatriarcal-posheteronormativa-y-poscolonial\/","og_site_name":"Zapateneo","article_modified_time":"2025-01-04T19:17:03+00:00","twitter_card":"summary_large_image","twitter_site":"@zapateneo","twitter_misc":{"Tiempo de lectura":"1 minuto"},"schema":{"@context":"https:\/\/schema.org","@graph":[{"@type":"WebPage","@id":"https:\/\/zapateneo.net\/wordpress\/index.php\/producto\/psicoanalisis-para-todxs-por-una-clinica-postpatriarcal-posheteronormativa-y-poscolonial\/","url":"https:\/\/zapateneo.net\/wordpress\/index.php\/producto\/psicoanalisis-para-todxs-por-una-clinica-postpatriarcal-posheteronormativa-y-poscolonial\/","name":"Psicoan\u00e1lisis para todxs Por una cl\u00ednica postpatriarcal, posheteronormativa y poscolonial &#8212; Zapateneo","isPartOf":{"@id":"https:\/\/zapateneo.net\/wordpress\/#website"},"primaryImageOfPage":{"@id":"https:\/\/zapateneo.net\/wordpress\/index.php\/producto\/psicoanalisis-para-todxs-por-una-clinica-postpatriarcal-posheteronormativa-y-poscolonial\/#primaryimage"},"image":{"@id":"https:\/\/zapateneo.net\/wordpress\/index.php\/producto\/psicoanalisis-para-todxs-por-una-clinica-postpatriarcal-posheteronormativa-y-poscolonial\/#primaryimage"},"thumbnailUrl":"https:\/\/zapateneo.net\/wordpress\/wp-content\/uploads\/2025\/01\/978987402549.jpeg","datePublished":"2025-01-04T19:16:56+00:00","dateModified":"2025-01-04T19:17:03+00:00","breadcrumb":{"@id":"https:\/\/zapateneo.net\/wordpress\/index.php\/producto\/psicoanalisis-para-todxs-por-una-clinica-postpatriarcal-posheteronormativa-y-poscolonial\/#breadcrumb"},"inLanguage":"es","potentialAction":[{"@type":"ReadAction","target":["https:\/\/zapateneo.net\/wordpress\/index.php\/producto\/psicoanalisis-para-todxs-por-una-clinica-postpatriarcal-posheteronormativa-y-poscolonial\/"]}]},{"@type":"ImageObject","inLanguage":"es","@id":"https:\/\/zapateneo.net\/wordpress\/index.php\/producto\/psicoanalisis-para-todxs-por-una-clinica-postpatriarcal-posheteronormativa-y-poscolonial\/#primaryimage","url":"https:\/\/zapateneo.net\/wordpress\/wp-content\/uploads\/2025\/01\/978987402549.jpeg","contentUrl":"https:\/\/zapateneo.net\/wordpress\/wp-content\/uploads\/2025\/01\/978987402549.jpeg","width":220,"height":331},{"@type":"BreadcrumbList","@id":"https:\/\/zapateneo.net\/wordpress\/index.php\/producto\/psicoanalisis-para-todxs-por-una-clinica-postpatriarcal-posheteronormativa-y-poscolonial\/#breadcrumb","itemListElement":[{"@type":"ListItem","position":1,"name":"Portada","item":"https:\/\/zapateneo.net\/wordpress\/"},{"@type":"ListItem","position":2,"name":"Tienda","item":"https:\/\/zapateneo.net\/wordpress\/"},{"@type":"ListItem","position":3,"name":"Psicoan\u00e1lisis para todxs Por una cl\u00ednica postpatriarcal, posheteronormativa y poscolonial"}]},{"@type":"WebSite","@id":"https:\/\/zapateneo.net\/wordpress\/#website","url":"https:\/\/zapateneo.net\/wordpress\/","name":"Zapateneo","description":"Zapateneoaren webgunea","publisher":{"@id":"https:\/\/zapateneo.net\/wordpress\/#organization"},"potentialAction":[{"@type":"SearchAction","target":{"@type":"EntryPoint","urlTemplate":"https:\/\/zapateneo.net\/wordpress\/?s={search_term_string}"},"query-input":{"@type":"PropertyValueSpecification","valueRequired":true,"valueName":"search_term_string"}}],"inLanguage":"es"},{"@type":"Organization","@id":"https:\/\/zapateneo.net\/wordpress\/#organization","name":"Zapateneo Kultur Elkartea","url":"https:\/\/zapateneo.net\/wordpress\/","logo":{"@type":"ImageObject","inLanguage":"es","@id":"https:\/\/zapateneo.net\/wordpress\/#\/schema\/logo\/image\/","url":"https:\/\/zapateneo.net\/wordpress\/wp-content\/uploads\/2021\/04\/zap-libu-kolec.jpg","contentUrl":"https:\/\/zapateneo.net\/wordpress\/wp-content\/uploads\/2021\/04\/zap-libu-kolec.jpg","width":2234,"height":398,"caption":"Zapateneo Kultur Elkartea"},"image":{"@id":"https:\/\/zapateneo.net\/wordpress\/#\/schema\/logo\/image\/"},"sameAs":["https:\/\/x.com\/zapateneo"]}]}},"_links":{"self":[{"href":"https:\/\/zapateneo.net\/wordpress\/index.php\/wp-json\/wp\/v2\/product\/15766","targetHints":{"allow":["GET"]}}],"collection":[{"href":"https:\/\/zapateneo.net\/wordpress\/index.php\/wp-json\/wp\/v2\/product"}],"about":[{"href":"https:\/\/zapateneo.net\/wordpress\/index.php\/wp-json\/wp\/v2\/types\/product"}],"wp:featuredmedia":[{"embeddable":true,"href":"https:\/\/zapateneo.net\/wordpress\/index.php\/wp-json\/wp\/v2\/media\/15792"}],"wp:attachment":[{"href":"https:\/\/zapateneo.net\/wordpress\/index.php\/wp-json\/wp\/v2\/media?parent=15766"}],"wp:term":[{"taxonomy":"product_brand","embeddable":true,"href":"https:\/\/zapateneo.net\/wordpress\/index.php\/wp-json\/wp\/v2\/product_brand?post=15766"},{"taxonomy":"product_cat","embeddable":true,"href":"https:\/\/zapateneo.net\/wordpress\/index.php\/wp-json\/wp\/v2\/product_cat?post=15766"},{"taxonomy":"product_tag","embeddable":true,"href":"https:\/\/zapateneo.net\/wordpress\/index.php\/wp-json\/wp\/v2\/product_tag?post=15766"}],"curies":[{"name":"wp","href":"https:\/\/api.w.org\/{rel}","templated":true}]}}