{"id":15763,"date":"2025-01-04T20:16:56","date_gmt":"2025-01-04T19:16:56","guid":{"rendered":"https:\/\/zapateneo.net\/wordpress\/?post_type=product&#038;p=15763"},"modified":"2025-01-04T20:17:02","modified_gmt":"2025-01-04T19:17:02","slug":"cautiverio-feliz-memorias-del-maestro-de-campo-de-los-tercios-francisco-nunez-de-pineda-y-bascunan","status":"publish","type":"product","link":"https:\/\/zapateneo.net\/wordpress\/index.php\/producto\/cautiverio-feliz-memorias-del-maestro-de-campo-de-los-tercios-francisco-nunez-de-pineda-y-bascunan\/","title":{"rendered":"Cautiverio feliz Memorias del maestro de campo de los tercios Francisco N\u00fa\u00f1ez de Pineda y Bascu\u00f1\u00e1n"},"content":{"rendered":"<p>Cautiverio feliz, publicado en 1673 por el maestro de campo Francisco N\u00fa\u00f1ez de Pineda y Bascu\u00f1\u00e1n, relata su vida en manos de los mapuche tras ser capturado en la batalla de Las Cangrejeras en 1629. Los manuscritos originales son un fiel retrato de la Guerra de Arauco y de las conflictivas relaciones hispano-mapuche de aquel per\u00edodo colonial. Aunque su autor era un oficial de los ej\u00e9rcitos reales, destaca el alto grado de cultura de los mapuche, la humanidad con que trataban a sus cautivos y lo justo de su f\u00e9rrea resistencia a la invasi\u00f3n de su territorio. Hoy el destacado escritor Pedro Cayuqueo nos presenta esta obra cuyo gran valor es que mantiene inc\u00f3lume los manuscritos originales, adaptando su lenguaje hoy obsoleto y la estructura narrativa que dificultaba su lectura. A trav\u00e9s de este nuevo trabajo de Cayuqueo el lector se fascinar\u00e1 al adentrarse en el Wallmapu del siglo XVII en los ojos de un joven militar al servicio del Rey y conocer con l\u00fadicos detalles su organizaci\u00f3n, costumbres, ritos y tambi\u00e9n el generoso pecho de su noble naci\u00f3n. Guillermo Parvex.<\/p>\n","protected":false},"excerpt":{"rendered":"<p><strong>Pedro Cayuqueo<\/strong><br \/>\n9789563249880 &#8211; Catalonia &#8211; 2024 &#8211; 272 p\u00e1ginas \/orri.<\/p>\n","protected":false},"featured_media":15789,"template":"","meta":[],"product_brand":[],"product_cat":[185,16],"product_tag":[7094,7093],"class_list":{"0":"post-15763","1":"product","2":"type-product","3":"status-publish","4":"has-post-thumbnail","6":"product_cat-historia","7":"product_cat-libros","8":"product_tag-catalonia","9":"product_tag-pedro-cayuqueo","11":"first","12":"instock","13":"sold-individually","14":"shipping-taxable","15":"purchasable","16":"product-type-simple"},"yoast_head":"<!-- This site is optimized with the Yoast SEO plugin v27.3 - https:\/\/yoast.com\/product\/yoast-seo-wordpress\/ -->\n<title>Cautiverio feliz Memorias del maestro de campo de los tercios Francisco N\u00fa\u00f1ez de Pineda y Bascu\u00f1\u00e1n &#8212; Zapateneo<\/title>\n<meta name=\"robots\" content=\"index, follow, max-snippet:-1, max-image-preview:large, max-video-preview:-1\" \/>\n<link rel=\"canonical\" href=\"https:\/\/zapateneo.net\/wordpress\/index.php\/producto\/cautiverio-feliz-memorias-del-maestro-de-campo-de-los-tercios-francisco-nunez-de-pineda-y-bascunan\/\" \/>\n<meta property=\"og:locale\" content=\"es_ES\" \/>\n<meta property=\"og:type\" content=\"article\" \/>\n<meta property=\"og:title\" content=\"Cautiverio feliz Memorias del maestro de campo de los tercios Francisco N\u00fa\u00f1ez de Pineda y Bascu\u00f1\u00e1n &#8212; Zapateneo\" \/>\n<meta property=\"og:description\" content=\"Pedro Cayuqueo 9789563249880 - Catalonia - 2024 - 272 p\u00e1ginas \/orri.\" \/>\n<meta property=\"og:url\" content=\"https:\/\/zapateneo.net\/wordpress\/index.php\/producto\/cautiverio-feliz-memorias-del-maestro-de-campo-de-los-tercios-francisco-nunez-de-pineda-y-bascunan\/\" \/>\n<meta property=\"og:site_name\" content=\"Zapateneo\" \/>\n<meta property=\"article:modified_time\" content=\"2025-01-04T19:17:02+00:00\" \/>\n<meta name=\"twitter:card\" content=\"summary_large_image\" \/>\n<meta name=\"twitter:site\" content=\"@zapateneo\" \/>\n<meta name=\"twitter:label1\" content=\"Tiempo de lectura\" \/>\n\t<meta name=\"twitter:data1\" content=\"1 minuto\" \/>\n<script type=\"application\/ld+json\" class=\"yoast-schema-graph\">{\"@context\":\"https:\\\/\\\/schema.org\",\"@graph\":[{\"@type\":\"WebPage\",\"@id\":\"https:\\\/\\\/zapateneo.net\\\/wordpress\\\/index.php\\\/producto\\\/cautiverio-feliz-memorias-del-maestro-de-campo-de-los-tercios-francisco-nunez-de-pineda-y-bascunan\\\/\",\"url\":\"https:\\\/\\\/zapateneo.net\\\/wordpress\\\/index.php\\\/producto\\\/cautiverio-feliz-memorias-del-maestro-de-campo-de-los-tercios-francisco-nunez-de-pineda-y-bascunan\\\/\",\"name\":\"Cautiverio feliz Memorias del maestro de campo de los tercios Francisco N\u00fa\u00f1ez de Pineda y Bascu\u00f1\u00e1n &#8212; Zapateneo\",\"isPartOf\":{\"@id\":\"https:\\\/\\\/zapateneo.net\\\/wordpress\\\/#website\"},\"primaryImageOfPage\":{\"@id\":\"https:\\\/\\\/zapateneo.net\\\/wordpress\\\/index.php\\\/producto\\\/cautiverio-feliz-memorias-del-maestro-de-campo-de-los-tercios-francisco-nunez-de-pineda-y-bascunan\\\/#primaryimage\"},\"image\":{\"@id\":\"https:\\\/\\\/zapateneo.net\\\/wordpress\\\/index.php\\\/producto\\\/cautiverio-feliz-memorias-del-maestro-de-campo-de-los-tercios-francisco-nunez-de-pineda-y-bascunan\\\/#primaryimage\"},\"thumbnailUrl\":\"https:\\\/\\\/zapateneo.net\\\/wordpress\\\/wp-content\\\/uploads\\\/2025\\\/01\\\/9789563249880.jpg\",\"datePublished\":\"2025-01-04T19:16:56+00:00\",\"dateModified\":\"2025-01-04T19:17:02+00:00\",\"breadcrumb\":{\"@id\":\"https:\\\/\\\/zapateneo.net\\\/wordpress\\\/index.php\\\/producto\\\/cautiverio-feliz-memorias-del-maestro-de-campo-de-los-tercios-francisco-nunez-de-pineda-y-bascunan\\\/#breadcrumb\"},\"inLanguage\":\"es\",\"potentialAction\":[{\"@type\":\"ReadAction\",\"target\":[\"https:\\\/\\\/zapateneo.net\\\/wordpress\\\/index.php\\\/producto\\\/cautiverio-feliz-memorias-del-maestro-de-campo-de-los-tercios-francisco-nunez-de-pineda-y-bascunan\\\/\"]}]},{\"@type\":\"ImageObject\",\"inLanguage\":\"es\",\"@id\":\"https:\\\/\\\/zapateneo.net\\\/wordpress\\\/index.php\\\/producto\\\/cautiverio-feliz-memorias-del-maestro-de-campo-de-los-tercios-francisco-nunez-de-pineda-y-bascunan\\\/#primaryimage\",\"url\":\"https:\\\/\\\/zapateneo.net\\\/wordpress\\\/wp-content\\\/uploads\\\/2025\\\/01\\\/9789563249880.jpg\",\"contentUrl\":\"https:\\\/\\\/zapateneo.net\\\/wordpress\\\/wp-content\\\/uploads\\\/2025\\\/01\\\/9789563249880.jpg\",\"width\":250,\"height\":394},{\"@type\":\"BreadcrumbList\",\"@id\":\"https:\\\/\\\/zapateneo.net\\\/wordpress\\\/index.php\\\/producto\\\/cautiverio-feliz-memorias-del-maestro-de-campo-de-los-tercios-francisco-nunez-de-pineda-y-bascunan\\\/#breadcrumb\",\"itemListElement\":[{\"@type\":\"ListItem\",\"position\":1,\"name\":\"Portada\",\"item\":\"https:\\\/\\\/zapateneo.net\\\/wordpress\\\/\"},{\"@type\":\"ListItem\",\"position\":2,\"name\":\"Tienda\",\"item\":\"https:\\\/\\\/zapateneo.net\\\/wordpress\\\/\"},{\"@type\":\"ListItem\",\"position\":3,\"name\":\"Cautiverio feliz Memorias del maestro de campo de los tercios Francisco N\u00fa\u00f1ez de Pineda y Bascu\u00f1\u00e1n\"}]},{\"@type\":\"WebSite\",\"@id\":\"https:\\\/\\\/zapateneo.net\\\/wordpress\\\/#website\",\"url\":\"https:\\\/\\\/zapateneo.net\\\/wordpress\\\/\",\"name\":\"Zapateneo\",\"description\":\"Zapateneoaren webgunea\",\"publisher\":{\"@id\":\"https:\\\/\\\/zapateneo.net\\\/wordpress\\\/#organization\"},\"potentialAction\":[{\"@type\":\"SearchAction\",\"target\":{\"@type\":\"EntryPoint\",\"urlTemplate\":\"https:\\\/\\\/zapateneo.net\\\/wordpress\\\/?s={search_term_string}\"},\"query-input\":{\"@type\":\"PropertyValueSpecification\",\"valueRequired\":true,\"valueName\":\"search_term_string\"}}],\"inLanguage\":\"es\"},{\"@type\":\"Organization\",\"@id\":\"https:\\\/\\\/zapateneo.net\\\/wordpress\\\/#organization\",\"name\":\"Zapateneo Kultur Elkartea\",\"url\":\"https:\\\/\\\/zapateneo.net\\\/wordpress\\\/\",\"logo\":{\"@type\":\"ImageObject\",\"inLanguage\":\"es\",\"@id\":\"https:\\\/\\\/zapateneo.net\\\/wordpress\\\/#\\\/schema\\\/logo\\\/image\\\/\",\"url\":\"https:\\\/\\\/zapateneo.net\\\/wordpress\\\/wp-content\\\/uploads\\\/2021\\\/04\\\/zap-libu-kolec.jpg\",\"contentUrl\":\"https:\\\/\\\/zapateneo.net\\\/wordpress\\\/wp-content\\\/uploads\\\/2021\\\/04\\\/zap-libu-kolec.jpg\",\"width\":2234,\"height\":398,\"caption\":\"Zapateneo Kultur Elkartea\"},\"image\":{\"@id\":\"https:\\\/\\\/zapateneo.net\\\/wordpress\\\/#\\\/schema\\\/logo\\\/image\\\/\"},\"sameAs\":[\"https:\\\/\\\/x.com\\\/zapateneo\"]}]}<\/script>\n<!-- \/ Yoast SEO plugin. -->","yoast_head_json":{"title":"Cautiverio feliz Memorias del maestro de campo de los tercios Francisco N\u00fa\u00f1ez de Pineda y Bascu\u00f1\u00e1n &#8212; Zapateneo","robots":{"index":"index","follow":"follow","max-snippet":"max-snippet:-1","max-image-preview":"max-image-preview:large","max-video-preview":"max-video-preview:-1"},"canonical":"https:\/\/zapateneo.net\/wordpress\/index.php\/producto\/cautiverio-feliz-memorias-del-maestro-de-campo-de-los-tercios-francisco-nunez-de-pineda-y-bascunan\/","og_locale":"es_ES","og_type":"article","og_title":"Cautiverio feliz Memorias del maestro de campo de los tercios Francisco N\u00fa\u00f1ez de Pineda y Bascu\u00f1\u00e1n &#8212; Zapateneo","og_description":"Pedro Cayuqueo 9789563249880 - Catalonia - 2024 - 272 p\u00e1ginas \/orri.","og_url":"https:\/\/zapateneo.net\/wordpress\/index.php\/producto\/cautiverio-feliz-memorias-del-maestro-de-campo-de-los-tercios-francisco-nunez-de-pineda-y-bascunan\/","og_site_name":"Zapateneo","article_modified_time":"2025-01-04T19:17:02+00:00","twitter_card":"summary_large_image","twitter_site":"@zapateneo","twitter_misc":{"Tiempo de lectura":"1 minuto"},"schema":{"@context":"https:\/\/schema.org","@graph":[{"@type":"WebPage","@id":"https:\/\/zapateneo.net\/wordpress\/index.php\/producto\/cautiverio-feliz-memorias-del-maestro-de-campo-de-los-tercios-francisco-nunez-de-pineda-y-bascunan\/","url":"https:\/\/zapateneo.net\/wordpress\/index.php\/producto\/cautiverio-feliz-memorias-del-maestro-de-campo-de-los-tercios-francisco-nunez-de-pineda-y-bascunan\/","name":"Cautiverio feliz Memorias del maestro de campo de los tercios Francisco N\u00fa\u00f1ez de Pineda y Bascu\u00f1\u00e1n &#8212; Zapateneo","isPartOf":{"@id":"https:\/\/zapateneo.net\/wordpress\/#website"},"primaryImageOfPage":{"@id":"https:\/\/zapateneo.net\/wordpress\/index.php\/producto\/cautiverio-feliz-memorias-del-maestro-de-campo-de-los-tercios-francisco-nunez-de-pineda-y-bascunan\/#primaryimage"},"image":{"@id":"https:\/\/zapateneo.net\/wordpress\/index.php\/producto\/cautiverio-feliz-memorias-del-maestro-de-campo-de-los-tercios-francisco-nunez-de-pineda-y-bascunan\/#primaryimage"},"thumbnailUrl":"https:\/\/zapateneo.net\/wordpress\/wp-content\/uploads\/2025\/01\/9789563249880.jpg","datePublished":"2025-01-04T19:16:56+00:00","dateModified":"2025-01-04T19:17:02+00:00","breadcrumb":{"@id":"https:\/\/zapateneo.net\/wordpress\/index.php\/producto\/cautiverio-feliz-memorias-del-maestro-de-campo-de-los-tercios-francisco-nunez-de-pineda-y-bascunan\/#breadcrumb"},"inLanguage":"es","potentialAction":[{"@type":"ReadAction","target":["https:\/\/zapateneo.net\/wordpress\/index.php\/producto\/cautiverio-feliz-memorias-del-maestro-de-campo-de-los-tercios-francisco-nunez-de-pineda-y-bascunan\/"]}]},{"@type":"ImageObject","inLanguage":"es","@id":"https:\/\/zapateneo.net\/wordpress\/index.php\/producto\/cautiverio-feliz-memorias-del-maestro-de-campo-de-los-tercios-francisco-nunez-de-pineda-y-bascunan\/#primaryimage","url":"https:\/\/zapateneo.net\/wordpress\/wp-content\/uploads\/2025\/01\/9789563249880.jpg","contentUrl":"https:\/\/zapateneo.net\/wordpress\/wp-content\/uploads\/2025\/01\/9789563249880.jpg","width":250,"height":394},{"@type":"BreadcrumbList","@id":"https:\/\/zapateneo.net\/wordpress\/index.php\/producto\/cautiverio-feliz-memorias-del-maestro-de-campo-de-los-tercios-francisco-nunez-de-pineda-y-bascunan\/#breadcrumb","itemListElement":[{"@type":"ListItem","position":1,"name":"Portada","item":"https:\/\/zapateneo.net\/wordpress\/"},{"@type":"ListItem","position":2,"name":"Tienda","item":"https:\/\/zapateneo.net\/wordpress\/"},{"@type":"ListItem","position":3,"name":"Cautiverio feliz Memorias del maestro de campo de los tercios Francisco N\u00fa\u00f1ez de Pineda y Bascu\u00f1\u00e1n"}]},{"@type":"WebSite","@id":"https:\/\/zapateneo.net\/wordpress\/#website","url":"https:\/\/zapateneo.net\/wordpress\/","name":"Zapateneo","description":"Zapateneoaren webgunea","publisher":{"@id":"https:\/\/zapateneo.net\/wordpress\/#organization"},"potentialAction":[{"@type":"SearchAction","target":{"@type":"EntryPoint","urlTemplate":"https:\/\/zapateneo.net\/wordpress\/?s={search_term_string}"},"query-input":{"@type":"PropertyValueSpecification","valueRequired":true,"valueName":"search_term_string"}}],"inLanguage":"es"},{"@type":"Organization","@id":"https:\/\/zapateneo.net\/wordpress\/#organization","name":"Zapateneo Kultur Elkartea","url":"https:\/\/zapateneo.net\/wordpress\/","logo":{"@type":"ImageObject","inLanguage":"es","@id":"https:\/\/zapateneo.net\/wordpress\/#\/schema\/logo\/image\/","url":"https:\/\/zapateneo.net\/wordpress\/wp-content\/uploads\/2021\/04\/zap-libu-kolec.jpg","contentUrl":"https:\/\/zapateneo.net\/wordpress\/wp-content\/uploads\/2021\/04\/zap-libu-kolec.jpg","width":2234,"height":398,"caption":"Zapateneo Kultur Elkartea"},"image":{"@id":"https:\/\/zapateneo.net\/wordpress\/#\/schema\/logo\/image\/"},"sameAs":["https:\/\/x.com\/zapateneo"]}]}},"_links":{"self":[{"href":"https:\/\/zapateneo.net\/wordpress\/index.php\/wp-json\/wp\/v2\/product\/15763","targetHints":{"allow":["GET"]}}],"collection":[{"href":"https:\/\/zapateneo.net\/wordpress\/index.php\/wp-json\/wp\/v2\/product"}],"about":[{"href":"https:\/\/zapateneo.net\/wordpress\/index.php\/wp-json\/wp\/v2\/types\/product"}],"wp:featuredmedia":[{"embeddable":true,"href":"https:\/\/zapateneo.net\/wordpress\/index.php\/wp-json\/wp\/v2\/media\/15789"}],"wp:attachment":[{"href":"https:\/\/zapateneo.net\/wordpress\/index.php\/wp-json\/wp\/v2\/media?parent=15763"}],"wp:term":[{"taxonomy":"product_brand","embeddable":true,"href":"https:\/\/zapateneo.net\/wordpress\/index.php\/wp-json\/wp\/v2\/product_brand?post=15763"},{"taxonomy":"product_cat","embeddable":true,"href":"https:\/\/zapateneo.net\/wordpress\/index.php\/wp-json\/wp\/v2\/product_cat?post=15763"},{"taxonomy":"product_tag","embeddable":true,"href":"https:\/\/zapateneo.net\/wordpress\/index.php\/wp-json\/wp\/v2\/product_tag?post=15763"}],"curies":[{"name":"wp","href":"https:\/\/api.w.org\/{rel}","templated":true}]}}