{"id":15723,"date":"2025-01-04T20:16:42","date_gmt":"2025-01-04T19:16:42","guid":{"rendered":"https:\/\/zapateneo.net\/wordpress\/?post_type=product&#038;p=15723"},"modified":"2025-01-04T20:16:53","modified_gmt":"2025-01-04T19:16:53","slug":"vivir-sin-vivir-sin-dinero-vivir-sin-policia-vivir-sin-trabajo-vivir-sin-instituciones","status":"publish","type":"product","link":"https:\/\/zapateneo.net\/wordpress\/index.php\/producto\/vivir-sin-vivir-sin-dinero-vivir-sin-policia-vivir-sin-trabajo-vivir-sin-instituciones\/","title":{"rendered":"\u00bfVivir sin? Vivir sin dinero. Vivir sin polic\u00eda. Vivir sin trabajo. Vivir sin instituciones"},"content":{"rendered":"<p>\u00abQuerer \u201cvivir sin\u201d a toda costa es no ser consciente de que la vida humana se sit\u00faa en un \u201cvivir con\u201d fundamental, ontol\u00f3gico, irreductible: con la finitud\u00bb, escribe Fr\u00e9d\u00e9ric Lordon. Este texto, escrito en un formato dial\u00f3gico, es la argumentaci\u00f3n m\u00e1s din\u00e1mica en la imaginaci\u00f3n contempor\u00e1nea de la izquierda, pero lo que lo hace atractivo es tambi\u00e9n lo m\u00e1s problem\u00e1tico: nos promete \u00abvivir sin\u00bb, sin trabajo, sin polic\u00eda, sin Estado, sin representaci\u00f3n. Lordon se pregunta si la consigna \u00abseamos ingobernables\u00bb contiene, m\u00e1s all\u00e1 del grito de guerra, la f\u00f3rmula para una \u00abvida sin\u00bb. Para ello, revisitar\u00e1 las propuestas de lo que enuncia como filosof\u00edas de la antipol\u00edtica \u2013una \u00abconstelaci\u00f3n\u00bb formada por Deleuze, Agamben, Badiou y Ranci\u00e8re\u2013 y reflexionar\u00e1 el \u00abinfierno\u00bb de las instituciones y la cuesti\u00f3n del Estado \u2013\u00bftomarlo o dejarlo?\u2013, entre otras problem\u00e1ticas.<\/p>\n<p>\ufeff<\/p>\n<p>\u00abLordon es un excelente gu\u00eda a la hora de recorrer la fenomenolog\u00eda de nuestro cautiverio institucional\u00bb.<\/p>\n<p>\u2014Alberto Toscano, Radical Philosophy<\/p>\n","protected":false},"excerpt":{"rendered":"<p><strong>Fr\u00e9d\u00e9ric Lordon<\/strong><br \/>\n9788410344006 &#8211; Verso &#8211; 2024 &#8211; 171 p\u00e1ginas \/orri.<\/p>\n","protected":false},"featured_media":15753,"template":"","meta":[],"product_brand":[],"product_cat":[16,173],"product_tag":[7079,7080],"class_list":{"0":"post-15723","1":"product","2":"type-product","3":"status-publish","4":"has-post-thumbnail","6":"product_cat-libros","7":"product_cat-saiakera-ensayo","8":"product_tag-frederic-lordon","9":"product_tag-verso","11":"first","12":"instock","13":"sold-individually","14":"shipping-taxable","15":"purchasable","16":"product-type-simple"},"yoast_head":"<!-- This site is optimized with the Yoast SEO plugin v27.3 - https:\/\/yoast.com\/product\/yoast-seo-wordpress\/ -->\n<title>\u00bfVivir sin? Vivir sin dinero. Vivir sin polic\u00eda. Vivir sin trabajo. Vivir sin instituciones &#8212; Zapateneo<\/title>\n<meta name=\"robots\" content=\"index, follow, max-snippet:-1, max-image-preview:large, max-video-preview:-1\" \/>\n<link rel=\"canonical\" href=\"https:\/\/zapateneo.net\/wordpress\/index.php\/producto\/vivir-sin-vivir-sin-dinero-vivir-sin-policia-vivir-sin-trabajo-vivir-sin-instituciones\/\" \/>\n<meta property=\"og:locale\" content=\"es_ES\" \/>\n<meta property=\"og:type\" content=\"article\" \/>\n<meta property=\"og:title\" content=\"\u00bfVivir sin? Vivir sin dinero. Vivir sin polic\u00eda. Vivir sin trabajo. Vivir sin instituciones &#8212; Zapateneo\" \/>\n<meta property=\"og:description\" content=\"Fr\u00e9d\u00e9ric Lordon 9788410344006 - Verso - 2024 - 171 p\u00e1ginas \/orri.\" \/>\n<meta property=\"og:url\" content=\"https:\/\/zapateneo.net\/wordpress\/index.php\/producto\/vivir-sin-vivir-sin-dinero-vivir-sin-policia-vivir-sin-trabajo-vivir-sin-instituciones\/\" \/>\n<meta property=\"og:site_name\" content=\"Zapateneo\" \/>\n<meta property=\"article:modified_time\" content=\"2025-01-04T19:16:53+00:00\" \/>\n<meta name=\"twitter:card\" content=\"summary_large_image\" \/>\n<meta name=\"twitter:site\" content=\"@zapateneo\" \/>\n<meta name=\"twitter:label1\" content=\"Tiempo de lectura\" \/>\n\t<meta name=\"twitter:data1\" content=\"1 minuto\" \/>\n<script type=\"application\/ld+json\" class=\"yoast-schema-graph\">{\"@context\":\"https:\\\/\\\/schema.org\",\"@graph\":[{\"@type\":\"WebPage\",\"@id\":\"https:\\\/\\\/zapateneo.net\\\/wordpress\\\/index.php\\\/producto\\\/vivir-sin-vivir-sin-dinero-vivir-sin-policia-vivir-sin-trabajo-vivir-sin-instituciones\\\/\",\"url\":\"https:\\\/\\\/zapateneo.net\\\/wordpress\\\/index.php\\\/producto\\\/vivir-sin-vivir-sin-dinero-vivir-sin-policia-vivir-sin-trabajo-vivir-sin-instituciones\\\/\",\"name\":\"\u00bfVivir sin? Vivir sin dinero. Vivir sin polic\u00eda. Vivir sin trabajo. Vivir sin instituciones &#8212; Zapateneo\",\"isPartOf\":{\"@id\":\"https:\\\/\\\/zapateneo.net\\\/wordpress\\\/#website\"},\"primaryImageOfPage\":{\"@id\":\"https:\\\/\\\/zapateneo.net\\\/wordpress\\\/index.php\\\/producto\\\/vivir-sin-vivir-sin-dinero-vivir-sin-policia-vivir-sin-trabajo-vivir-sin-instituciones\\\/#primaryimage\"},\"image\":{\"@id\":\"https:\\\/\\\/zapateneo.net\\\/wordpress\\\/index.php\\\/producto\\\/vivir-sin-vivir-sin-dinero-vivir-sin-policia-vivir-sin-trabajo-vivir-sin-instituciones\\\/#primaryimage\"},\"thumbnailUrl\":\"https:\\\/\\\/zapateneo.net\\\/wordpress\\\/wp-content\\\/uploads\\\/2025\\\/01\\\/978841034400.jpeg\",\"datePublished\":\"2025-01-04T19:16:42+00:00\",\"dateModified\":\"2025-01-04T19:16:53+00:00\",\"breadcrumb\":{\"@id\":\"https:\\\/\\\/zapateneo.net\\\/wordpress\\\/index.php\\\/producto\\\/vivir-sin-vivir-sin-dinero-vivir-sin-policia-vivir-sin-trabajo-vivir-sin-instituciones\\\/#breadcrumb\"},\"inLanguage\":\"es\",\"potentialAction\":[{\"@type\":\"ReadAction\",\"target\":[\"https:\\\/\\\/zapateneo.net\\\/wordpress\\\/index.php\\\/producto\\\/vivir-sin-vivir-sin-dinero-vivir-sin-policia-vivir-sin-trabajo-vivir-sin-instituciones\\\/\"]}]},{\"@type\":\"ImageObject\",\"inLanguage\":\"es\",\"@id\":\"https:\\\/\\\/zapateneo.net\\\/wordpress\\\/index.php\\\/producto\\\/vivir-sin-vivir-sin-dinero-vivir-sin-policia-vivir-sin-trabajo-vivir-sin-instituciones\\\/#primaryimage\",\"url\":\"https:\\\/\\\/zapateneo.net\\\/wordpress\\\/wp-content\\\/uploads\\\/2025\\\/01\\\/978841034400.jpeg\",\"contentUrl\":\"https:\\\/\\\/zapateneo.net\\\/wordpress\\\/wp-content\\\/uploads\\\/2025\\\/01\\\/978841034400.jpeg\",\"width\":240,\"height\":396},{\"@type\":\"BreadcrumbList\",\"@id\":\"https:\\\/\\\/zapateneo.net\\\/wordpress\\\/index.php\\\/producto\\\/vivir-sin-vivir-sin-dinero-vivir-sin-policia-vivir-sin-trabajo-vivir-sin-instituciones\\\/#breadcrumb\",\"itemListElement\":[{\"@type\":\"ListItem\",\"position\":1,\"name\":\"Portada\",\"item\":\"https:\\\/\\\/zapateneo.net\\\/wordpress\\\/\"},{\"@type\":\"ListItem\",\"position\":2,\"name\":\"Tienda\",\"item\":\"https:\\\/\\\/zapateneo.net\\\/wordpress\\\/\"},{\"@type\":\"ListItem\",\"position\":3,\"name\":\"\u00bfVivir sin? Vivir sin dinero. Vivir sin polic\u00eda. Vivir sin trabajo. Vivir sin instituciones\"}]},{\"@type\":\"WebSite\",\"@id\":\"https:\\\/\\\/zapateneo.net\\\/wordpress\\\/#website\",\"url\":\"https:\\\/\\\/zapateneo.net\\\/wordpress\\\/\",\"name\":\"Zapateneo\",\"description\":\"Zapateneoaren webgunea\",\"publisher\":{\"@id\":\"https:\\\/\\\/zapateneo.net\\\/wordpress\\\/#organization\"},\"potentialAction\":[{\"@type\":\"SearchAction\",\"target\":{\"@type\":\"EntryPoint\",\"urlTemplate\":\"https:\\\/\\\/zapateneo.net\\\/wordpress\\\/?s={search_term_string}\"},\"query-input\":{\"@type\":\"PropertyValueSpecification\",\"valueRequired\":true,\"valueName\":\"search_term_string\"}}],\"inLanguage\":\"es\"},{\"@type\":\"Organization\",\"@id\":\"https:\\\/\\\/zapateneo.net\\\/wordpress\\\/#organization\",\"name\":\"Zapateneo Kultur Elkartea\",\"url\":\"https:\\\/\\\/zapateneo.net\\\/wordpress\\\/\",\"logo\":{\"@type\":\"ImageObject\",\"inLanguage\":\"es\",\"@id\":\"https:\\\/\\\/zapateneo.net\\\/wordpress\\\/#\\\/schema\\\/logo\\\/image\\\/\",\"url\":\"https:\\\/\\\/zapateneo.net\\\/wordpress\\\/wp-content\\\/uploads\\\/2021\\\/04\\\/zap-libu-kolec.jpg\",\"contentUrl\":\"https:\\\/\\\/zapateneo.net\\\/wordpress\\\/wp-content\\\/uploads\\\/2021\\\/04\\\/zap-libu-kolec.jpg\",\"width\":2234,\"height\":398,\"caption\":\"Zapateneo Kultur Elkartea\"},\"image\":{\"@id\":\"https:\\\/\\\/zapateneo.net\\\/wordpress\\\/#\\\/schema\\\/logo\\\/image\\\/\"},\"sameAs\":[\"https:\\\/\\\/x.com\\\/zapateneo\"]}]}<\/script>\n<!-- \/ Yoast SEO plugin. -->","yoast_head_json":{"title":"\u00bfVivir sin? Vivir sin dinero. Vivir sin polic\u00eda. Vivir sin trabajo. Vivir sin instituciones &#8212; Zapateneo","robots":{"index":"index","follow":"follow","max-snippet":"max-snippet:-1","max-image-preview":"max-image-preview:large","max-video-preview":"max-video-preview:-1"},"canonical":"https:\/\/zapateneo.net\/wordpress\/index.php\/producto\/vivir-sin-vivir-sin-dinero-vivir-sin-policia-vivir-sin-trabajo-vivir-sin-instituciones\/","og_locale":"es_ES","og_type":"article","og_title":"\u00bfVivir sin? Vivir sin dinero. Vivir sin polic\u00eda. Vivir sin trabajo. Vivir sin instituciones &#8212; Zapateneo","og_description":"Fr\u00e9d\u00e9ric Lordon 9788410344006 - Verso - 2024 - 171 p\u00e1ginas \/orri.","og_url":"https:\/\/zapateneo.net\/wordpress\/index.php\/producto\/vivir-sin-vivir-sin-dinero-vivir-sin-policia-vivir-sin-trabajo-vivir-sin-instituciones\/","og_site_name":"Zapateneo","article_modified_time":"2025-01-04T19:16:53+00:00","twitter_card":"summary_large_image","twitter_site":"@zapateneo","twitter_misc":{"Tiempo de lectura":"1 minuto"},"schema":{"@context":"https:\/\/schema.org","@graph":[{"@type":"WebPage","@id":"https:\/\/zapateneo.net\/wordpress\/index.php\/producto\/vivir-sin-vivir-sin-dinero-vivir-sin-policia-vivir-sin-trabajo-vivir-sin-instituciones\/","url":"https:\/\/zapateneo.net\/wordpress\/index.php\/producto\/vivir-sin-vivir-sin-dinero-vivir-sin-policia-vivir-sin-trabajo-vivir-sin-instituciones\/","name":"\u00bfVivir sin? Vivir sin dinero. Vivir sin polic\u00eda. Vivir sin trabajo. Vivir sin instituciones &#8212; Zapateneo","isPartOf":{"@id":"https:\/\/zapateneo.net\/wordpress\/#website"},"primaryImageOfPage":{"@id":"https:\/\/zapateneo.net\/wordpress\/index.php\/producto\/vivir-sin-vivir-sin-dinero-vivir-sin-policia-vivir-sin-trabajo-vivir-sin-instituciones\/#primaryimage"},"image":{"@id":"https:\/\/zapateneo.net\/wordpress\/index.php\/producto\/vivir-sin-vivir-sin-dinero-vivir-sin-policia-vivir-sin-trabajo-vivir-sin-instituciones\/#primaryimage"},"thumbnailUrl":"https:\/\/zapateneo.net\/wordpress\/wp-content\/uploads\/2025\/01\/978841034400.jpeg","datePublished":"2025-01-04T19:16:42+00:00","dateModified":"2025-01-04T19:16:53+00:00","breadcrumb":{"@id":"https:\/\/zapateneo.net\/wordpress\/index.php\/producto\/vivir-sin-vivir-sin-dinero-vivir-sin-policia-vivir-sin-trabajo-vivir-sin-instituciones\/#breadcrumb"},"inLanguage":"es","potentialAction":[{"@type":"ReadAction","target":["https:\/\/zapateneo.net\/wordpress\/index.php\/producto\/vivir-sin-vivir-sin-dinero-vivir-sin-policia-vivir-sin-trabajo-vivir-sin-instituciones\/"]}]},{"@type":"ImageObject","inLanguage":"es","@id":"https:\/\/zapateneo.net\/wordpress\/index.php\/producto\/vivir-sin-vivir-sin-dinero-vivir-sin-policia-vivir-sin-trabajo-vivir-sin-instituciones\/#primaryimage","url":"https:\/\/zapateneo.net\/wordpress\/wp-content\/uploads\/2025\/01\/978841034400.jpeg","contentUrl":"https:\/\/zapateneo.net\/wordpress\/wp-content\/uploads\/2025\/01\/978841034400.jpeg","width":240,"height":396},{"@type":"BreadcrumbList","@id":"https:\/\/zapateneo.net\/wordpress\/index.php\/producto\/vivir-sin-vivir-sin-dinero-vivir-sin-policia-vivir-sin-trabajo-vivir-sin-instituciones\/#breadcrumb","itemListElement":[{"@type":"ListItem","position":1,"name":"Portada","item":"https:\/\/zapateneo.net\/wordpress\/"},{"@type":"ListItem","position":2,"name":"Tienda","item":"https:\/\/zapateneo.net\/wordpress\/"},{"@type":"ListItem","position":3,"name":"\u00bfVivir sin? Vivir sin dinero. Vivir sin polic\u00eda. Vivir sin trabajo. Vivir sin instituciones"}]},{"@type":"WebSite","@id":"https:\/\/zapateneo.net\/wordpress\/#website","url":"https:\/\/zapateneo.net\/wordpress\/","name":"Zapateneo","description":"Zapateneoaren webgunea","publisher":{"@id":"https:\/\/zapateneo.net\/wordpress\/#organization"},"potentialAction":[{"@type":"SearchAction","target":{"@type":"EntryPoint","urlTemplate":"https:\/\/zapateneo.net\/wordpress\/?s={search_term_string}"},"query-input":{"@type":"PropertyValueSpecification","valueRequired":true,"valueName":"search_term_string"}}],"inLanguage":"es"},{"@type":"Organization","@id":"https:\/\/zapateneo.net\/wordpress\/#organization","name":"Zapateneo Kultur Elkartea","url":"https:\/\/zapateneo.net\/wordpress\/","logo":{"@type":"ImageObject","inLanguage":"es","@id":"https:\/\/zapateneo.net\/wordpress\/#\/schema\/logo\/image\/","url":"https:\/\/zapateneo.net\/wordpress\/wp-content\/uploads\/2021\/04\/zap-libu-kolec.jpg","contentUrl":"https:\/\/zapateneo.net\/wordpress\/wp-content\/uploads\/2021\/04\/zap-libu-kolec.jpg","width":2234,"height":398,"caption":"Zapateneo Kultur Elkartea"},"image":{"@id":"https:\/\/zapateneo.net\/wordpress\/#\/schema\/logo\/image\/"},"sameAs":["https:\/\/x.com\/zapateneo"]}]}},"_links":{"self":[{"href":"https:\/\/zapateneo.net\/wordpress\/index.php\/wp-json\/wp\/v2\/product\/15723","targetHints":{"allow":["GET"]}}],"collection":[{"href":"https:\/\/zapateneo.net\/wordpress\/index.php\/wp-json\/wp\/v2\/product"}],"about":[{"href":"https:\/\/zapateneo.net\/wordpress\/index.php\/wp-json\/wp\/v2\/types\/product"}],"wp:featuredmedia":[{"embeddable":true,"href":"https:\/\/zapateneo.net\/wordpress\/index.php\/wp-json\/wp\/v2\/media\/15753"}],"wp:attachment":[{"href":"https:\/\/zapateneo.net\/wordpress\/index.php\/wp-json\/wp\/v2\/media?parent=15723"}],"wp:term":[{"taxonomy":"product_brand","embeddable":true,"href":"https:\/\/zapateneo.net\/wordpress\/index.php\/wp-json\/wp\/v2\/product_brand?post=15723"},{"taxonomy":"product_cat","embeddable":true,"href":"https:\/\/zapateneo.net\/wordpress\/index.php\/wp-json\/wp\/v2\/product_cat?post=15723"},{"taxonomy":"product_tag","embeddable":true,"href":"https:\/\/zapateneo.net\/wordpress\/index.php\/wp-json\/wp\/v2\/product_tag?post=15723"}],"curies":[{"name":"wp","href":"https:\/\/api.w.org\/{rel}","templated":true}]}}