{"id":15710,"date":"2025-01-04T20:16:40","date_gmt":"2025-01-04T19:16:40","guid":{"rendered":"https:\/\/zapateneo.net\/wordpress\/?post_type=product&#038;p=15710"},"modified":"2025-01-04T20:16:48","modified_gmt":"2025-01-04T19:16:48","slug":"las-falsas-alternativas-2-a-ed-ampliada-pedagogia-libertaria-y-nueva-educacion","status":"publish","type":"product","link":"https:\/\/zapateneo.net\/wordpress\/index.php\/producto\/las-falsas-alternativas-2-a-ed-ampliada-pedagogia-libertaria-y-nueva-educacion\/","title":{"rendered":"Las falsas alternativas [2.\u00aa ed. ampliada] Pedagog\u00eda libertaria y nueva educaci\u00f3n"},"content":{"rendered":"<p>En las \u00faltimas d\u00e9cadas, de la cr\u00edtica a la escuela tradicional han surgido numerosos espacios de educaci\u00f3n \u00abalternativa\u00bb al margen de la escuela p\u00fablica \u2014considerada enemiga de la \u00ablibertad\u00bb\u2014, a la vez que se han introducido en esta nuevas \u00abpr\u00e1cticas innovadoras\u00bb. Neg\u00e1ndose a aceptar la dicotom\u00eda entre una educaci\u00f3n controlada por el Estado capitalista y sus supuestas v\u00edas de escape, Las falsas alternativas desvela qu\u00e9 se esconde bajo el rostro amable de estas propuestas: su car\u00e1cter segregador, su funci\u00f3n privatizadora y las premisas liberales de sus presupuestos pedag\u00f3gicos.<\/p>\n<p>La centralidad de la felicidad personal, la apelaci\u00f3n a unas presuntas capacidades innatas o la celebraci\u00f3n irreflexiva del deseo y el autodidactismo son algunos de los pilares te\u00f3ricos de unos planteamientos que se han valido de ideas y conceptos hist\u00f3ricamente asociados a la tradici\u00f3n libertaria para ponerlos al servicio de pr\u00e1cticas ultraliberales, donde la ideolog\u00eda capitalista se enmascara tras un ideal de sonriente naturalismo infantil.<\/p>\n<p>Eso coloca a las propuestas contempor\u00e1neas que se reivindican como parte de la tradici\u00f3n anarquista ante un problema pol\u00edtico de primer orden y frente a dilemas que no son nuevos, tal y como muestra Ani P\u00e9rez Rueda desde un riguroso conocimiento hist\u00f3rico y te\u00f3rico. Su relaci\u00f3n con las instituciones escolares estatales, el v\u00ednculo entre las metodolog\u00edas y los contenidos, los fines de la educaci\u00f3n, la complejidad del ideal de libertad, el rol de las educadoras\u2026 son hoy tanto o m\u00e1s importantes como lo fueron para las anarquistas durante el siglo xx, lo cual nos obliga a plantearnos una cuesti\u00f3n crucial: qu\u00e9 es lo que ha permitido a las pedagog\u00edas alternativas servirse de los planteamientos libertarios sin aparente contradicci\u00f3n.<\/p>\n<p>Esta segunda edici\u00f3n incluye un texto a\u00f1adido donde la autora repasa los debates surgidos a ra\u00edz de la publicaci\u00f3n del libro e intenta clarificar algunas de las interpretaciones a que ha dado lugar un texto que ha demostrado tocar los puntos claves en torno a la relaci\u00f3n entre cuesti\u00f3n educativa y lucha pol\u00edtica.<\/p>\n","protected":false},"excerpt":{"rendered":"<p><strong>Ani P\u00e9rez Rueda<\/strong><br \/>\n9788417870294 &#8211; Virus &#8211; 2024 &#8211; 320 p\u00e1ginas \/orri.<\/p>\n","protected":false},"featured_media":15740,"template":"","meta":[],"product_brand":[],"product_cat":[186,16],"product_tag":[5498,57],"class_list":{"0":"post-15710","1":"product","2":"type-product","3":"status-publish","4":"has-post-thumbnail","6":"product_cat-hezkuntza-educacion","7":"product_cat-libros","8":"product_tag-ani-perez-rueda","9":"product_tag-virus","11":"first","12":"instock","13":"sold-individually","14":"shipping-taxable","15":"purchasable","16":"product-type-simple"},"yoast_head":"<!-- This site is optimized with the Yoast SEO plugin v27.3 - https:\/\/yoast.com\/product\/yoast-seo-wordpress\/ -->\n<title>Las falsas alternativas [2.\u00aa ed. ampliada] Pedagog\u00eda libertaria y nueva educaci\u00f3n &#8212; Zapateneo<\/title>\n<meta name=\"robots\" content=\"index, follow, max-snippet:-1, max-image-preview:large, max-video-preview:-1\" \/>\n<link rel=\"canonical\" href=\"https:\/\/zapateneo.net\/wordpress\/index.php\/producto\/las-falsas-alternativas-2-a-ed-ampliada-pedagogia-libertaria-y-nueva-educacion\/\" \/>\n<meta property=\"og:locale\" content=\"es_ES\" \/>\n<meta property=\"og:type\" content=\"article\" \/>\n<meta property=\"og:title\" content=\"Las falsas alternativas [2.\u00aa ed. ampliada] Pedagog\u00eda libertaria y nueva educaci\u00f3n &#8212; Zapateneo\" \/>\n<meta property=\"og:description\" content=\"Ani P\u00e9rez Rueda 9788417870294 - Virus - 2024 - 320 p\u00e1ginas \/orri.\" \/>\n<meta property=\"og:url\" content=\"https:\/\/zapateneo.net\/wordpress\/index.php\/producto\/las-falsas-alternativas-2-a-ed-ampliada-pedagogia-libertaria-y-nueva-educacion\/\" \/>\n<meta property=\"og:site_name\" content=\"Zapateneo\" \/>\n<meta property=\"article:modified_time\" content=\"2025-01-04T19:16:48+00:00\" \/>\n<meta name=\"twitter:card\" content=\"summary_large_image\" \/>\n<meta name=\"twitter:site\" content=\"@zapateneo\" \/>\n<meta name=\"twitter:label1\" content=\"Tiempo de lectura\" \/>\n\t<meta name=\"twitter:data1\" content=\"2 minutos\" \/>\n<script type=\"application\/ld+json\" class=\"yoast-schema-graph\">{\"@context\":\"https:\\\/\\\/schema.org\",\"@graph\":[{\"@type\":\"WebPage\",\"@id\":\"https:\\\/\\\/zapateneo.net\\\/wordpress\\\/index.php\\\/producto\\\/las-falsas-alternativas-2-a-ed-ampliada-pedagogia-libertaria-y-nueva-educacion\\\/\",\"url\":\"https:\\\/\\\/zapateneo.net\\\/wordpress\\\/index.php\\\/producto\\\/las-falsas-alternativas-2-a-ed-ampliada-pedagogia-libertaria-y-nueva-educacion\\\/\",\"name\":\"Las falsas alternativas [2.\u00aa ed. ampliada] Pedagog\u00eda libertaria y nueva educaci\u00f3n &#8212; Zapateneo\",\"isPartOf\":{\"@id\":\"https:\\\/\\\/zapateneo.net\\\/wordpress\\\/#website\"},\"primaryImageOfPage\":{\"@id\":\"https:\\\/\\\/zapateneo.net\\\/wordpress\\\/index.php\\\/producto\\\/las-falsas-alternativas-2-a-ed-ampliada-pedagogia-libertaria-y-nueva-educacion\\\/#primaryimage\"},\"image\":{\"@id\":\"https:\\\/\\\/zapateneo.net\\\/wordpress\\\/index.php\\\/producto\\\/las-falsas-alternativas-2-a-ed-ampliada-pedagogia-libertaria-y-nueva-educacion\\\/#primaryimage\"},\"thumbnailUrl\":\"https:\\\/\\\/zapateneo.net\\\/wordpress\\\/wp-content\\\/uploads\\\/2025\\\/01\\\/9788417870294.jpg\",\"datePublished\":\"2025-01-04T19:16:40+00:00\",\"dateModified\":\"2025-01-04T19:16:48+00:00\",\"breadcrumb\":{\"@id\":\"https:\\\/\\\/zapateneo.net\\\/wordpress\\\/index.php\\\/producto\\\/las-falsas-alternativas-2-a-ed-ampliada-pedagogia-libertaria-y-nueva-educacion\\\/#breadcrumb\"},\"inLanguage\":\"es\",\"potentialAction\":[{\"@type\":\"ReadAction\",\"target\":[\"https:\\\/\\\/zapateneo.net\\\/wordpress\\\/index.php\\\/producto\\\/las-falsas-alternativas-2-a-ed-ampliada-pedagogia-libertaria-y-nueva-educacion\\\/\"]}]},{\"@type\":\"ImageObject\",\"inLanguage\":\"es\",\"@id\":\"https:\\\/\\\/zapateneo.net\\\/wordpress\\\/index.php\\\/producto\\\/las-falsas-alternativas-2-a-ed-ampliada-pedagogia-libertaria-y-nueva-educacion\\\/#primaryimage\",\"url\":\"https:\\\/\\\/zapateneo.net\\\/wordpress\\\/wp-content\\\/uploads\\\/2025\\\/01\\\/9788417870294.jpg\",\"contentUrl\":\"https:\\\/\\\/zapateneo.net\\\/wordpress\\\/wp-content\\\/uploads\\\/2025\\\/01\\\/9788417870294.jpg\",\"width\":200,\"height\":200},{\"@type\":\"BreadcrumbList\",\"@id\":\"https:\\\/\\\/zapateneo.net\\\/wordpress\\\/index.php\\\/producto\\\/las-falsas-alternativas-2-a-ed-ampliada-pedagogia-libertaria-y-nueva-educacion\\\/#breadcrumb\",\"itemListElement\":[{\"@type\":\"ListItem\",\"position\":1,\"name\":\"Portada\",\"item\":\"https:\\\/\\\/zapateneo.net\\\/wordpress\\\/\"},{\"@type\":\"ListItem\",\"position\":2,\"name\":\"Tienda\",\"item\":\"https:\\\/\\\/zapateneo.net\\\/wordpress\\\/\"},{\"@type\":\"ListItem\",\"position\":3,\"name\":\"Las falsas alternativas [2.\u00aa ed. ampliada] Pedagog\u00eda libertaria y nueva educaci\u00f3n\"}]},{\"@type\":\"WebSite\",\"@id\":\"https:\\\/\\\/zapateneo.net\\\/wordpress\\\/#website\",\"url\":\"https:\\\/\\\/zapateneo.net\\\/wordpress\\\/\",\"name\":\"Zapateneo\",\"description\":\"Zapateneoaren webgunea\",\"publisher\":{\"@id\":\"https:\\\/\\\/zapateneo.net\\\/wordpress\\\/#organization\"},\"potentialAction\":[{\"@type\":\"SearchAction\",\"target\":{\"@type\":\"EntryPoint\",\"urlTemplate\":\"https:\\\/\\\/zapateneo.net\\\/wordpress\\\/?s={search_term_string}\"},\"query-input\":{\"@type\":\"PropertyValueSpecification\",\"valueRequired\":true,\"valueName\":\"search_term_string\"}}],\"inLanguage\":\"es\"},{\"@type\":\"Organization\",\"@id\":\"https:\\\/\\\/zapateneo.net\\\/wordpress\\\/#organization\",\"name\":\"Zapateneo Kultur Elkartea\",\"url\":\"https:\\\/\\\/zapateneo.net\\\/wordpress\\\/\",\"logo\":{\"@type\":\"ImageObject\",\"inLanguage\":\"es\",\"@id\":\"https:\\\/\\\/zapateneo.net\\\/wordpress\\\/#\\\/schema\\\/logo\\\/image\\\/\",\"url\":\"https:\\\/\\\/zapateneo.net\\\/wordpress\\\/wp-content\\\/uploads\\\/2021\\\/04\\\/zap-libu-kolec.jpg\",\"contentUrl\":\"https:\\\/\\\/zapateneo.net\\\/wordpress\\\/wp-content\\\/uploads\\\/2021\\\/04\\\/zap-libu-kolec.jpg\",\"width\":2234,\"height\":398,\"caption\":\"Zapateneo Kultur Elkartea\"},\"image\":{\"@id\":\"https:\\\/\\\/zapateneo.net\\\/wordpress\\\/#\\\/schema\\\/logo\\\/image\\\/\"},\"sameAs\":[\"https:\\\/\\\/x.com\\\/zapateneo\"]}]}<\/script>\n<!-- \/ Yoast SEO plugin. -->","yoast_head_json":{"title":"Las falsas alternativas [2.\u00aa ed. ampliada] Pedagog\u00eda libertaria y nueva educaci\u00f3n &#8212; Zapateneo","robots":{"index":"index","follow":"follow","max-snippet":"max-snippet:-1","max-image-preview":"max-image-preview:large","max-video-preview":"max-video-preview:-1"},"canonical":"https:\/\/zapateneo.net\/wordpress\/index.php\/producto\/las-falsas-alternativas-2-a-ed-ampliada-pedagogia-libertaria-y-nueva-educacion\/","og_locale":"es_ES","og_type":"article","og_title":"Las falsas alternativas [2.\u00aa ed. ampliada] Pedagog\u00eda libertaria y nueva educaci\u00f3n &#8212; Zapateneo","og_description":"Ani P\u00e9rez Rueda 9788417870294 - Virus - 2024 - 320 p\u00e1ginas \/orri.","og_url":"https:\/\/zapateneo.net\/wordpress\/index.php\/producto\/las-falsas-alternativas-2-a-ed-ampliada-pedagogia-libertaria-y-nueva-educacion\/","og_site_name":"Zapateneo","article_modified_time":"2025-01-04T19:16:48+00:00","twitter_card":"summary_large_image","twitter_site":"@zapateneo","twitter_misc":{"Tiempo de lectura":"2 minutos"},"schema":{"@context":"https:\/\/schema.org","@graph":[{"@type":"WebPage","@id":"https:\/\/zapateneo.net\/wordpress\/index.php\/producto\/las-falsas-alternativas-2-a-ed-ampliada-pedagogia-libertaria-y-nueva-educacion\/","url":"https:\/\/zapateneo.net\/wordpress\/index.php\/producto\/las-falsas-alternativas-2-a-ed-ampliada-pedagogia-libertaria-y-nueva-educacion\/","name":"Las falsas alternativas [2.\u00aa ed. ampliada] Pedagog\u00eda libertaria y nueva educaci\u00f3n &#8212; Zapateneo","isPartOf":{"@id":"https:\/\/zapateneo.net\/wordpress\/#website"},"primaryImageOfPage":{"@id":"https:\/\/zapateneo.net\/wordpress\/index.php\/producto\/las-falsas-alternativas-2-a-ed-ampliada-pedagogia-libertaria-y-nueva-educacion\/#primaryimage"},"image":{"@id":"https:\/\/zapateneo.net\/wordpress\/index.php\/producto\/las-falsas-alternativas-2-a-ed-ampliada-pedagogia-libertaria-y-nueva-educacion\/#primaryimage"},"thumbnailUrl":"https:\/\/zapateneo.net\/wordpress\/wp-content\/uploads\/2025\/01\/9788417870294.jpg","datePublished":"2025-01-04T19:16:40+00:00","dateModified":"2025-01-04T19:16:48+00:00","breadcrumb":{"@id":"https:\/\/zapateneo.net\/wordpress\/index.php\/producto\/las-falsas-alternativas-2-a-ed-ampliada-pedagogia-libertaria-y-nueva-educacion\/#breadcrumb"},"inLanguage":"es","potentialAction":[{"@type":"ReadAction","target":["https:\/\/zapateneo.net\/wordpress\/index.php\/producto\/las-falsas-alternativas-2-a-ed-ampliada-pedagogia-libertaria-y-nueva-educacion\/"]}]},{"@type":"ImageObject","inLanguage":"es","@id":"https:\/\/zapateneo.net\/wordpress\/index.php\/producto\/las-falsas-alternativas-2-a-ed-ampliada-pedagogia-libertaria-y-nueva-educacion\/#primaryimage","url":"https:\/\/zapateneo.net\/wordpress\/wp-content\/uploads\/2025\/01\/9788417870294.jpg","contentUrl":"https:\/\/zapateneo.net\/wordpress\/wp-content\/uploads\/2025\/01\/9788417870294.jpg","width":200,"height":200},{"@type":"BreadcrumbList","@id":"https:\/\/zapateneo.net\/wordpress\/index.php\/producto\/las-falsas-alternativas-2-a-ed-ampliada-pedagogia-libertaria-y-nueva-educacion\/#breadcrumb","itemListElement":[{"@type":"ListItem","position":1,"name":"Portada","item":"https:\/\/zapateneo.net\/wordpress\/"},{"@type":"ListItem","position":2,"name":"Tienda","item":"https:\/\/zapateneo.net\/wordpress\/"},{"@type":"ListItem","position":3,"name":"Las falsas alternativas [2.\u00aa ed. ampliada] Pedagog\u00eda libertaria y nueva educaci\u00f3n"}]},{"@type":"WebSite","@id":"https:\/\/zapateneo.net\/wordpress\/#website","url":"https:\/\/zapateneo.net\/wordpress\/","name":"Zapateneo","description":"Zapateneoaren webgunea","publisher":{"@id":"https:\/\/zapateneo.net\/wordpress\/#organization"},"potentialAction":[{"@type":"SearchAction","target":{"@type":"EntryPoint","urlTemplate":"https:\/\/zapateneo.net\/wordpress\/?s={search_term_string}"},"query-input":{"@type":"PropertyValueSpecification","valueRequired":true,"valueName":"search_term_string"}}],"inLanguage":"es"},{"@type":"Organization","@id":"https:\/\/zapateneo.net\/wordpress\/#organization","name":"Zapateneo Kultur Elkartea","url":"https:\/\/zapateneo.net\/wordpress\/","logo":{"@type":"ImageObject","inLanguage":"es","@id":"https:\/\/zapateneo.net\/wordpress\/#\/schema\/logo\/image\/","url":"https:\/\/zapateneo.net\/wordpress\/wp-content\/uploads\/2021\/04\/zap-libu-kolec.jpg","contentUrl":"https:\/\/zapateneo.net\/wordpress\/wp-content\/uploads\/2021\/04\/zap-libu-kolec.jpg","width":2234,"height":398,"caption":"Zapateneo Kultur Elkartea"},"image":{"@id":"https:\/\/zapateneo.net\/wordpress\/#\/schema\/logo\/image\/"},"sameAs":["https:\/\/x.com\/zapateneo"]}]}},"_links":{"self":[{"href":"https:\/\/zapateneo.net\/wordpress\/index.php\/wp-json\/wp\/v2\/product\/15710","targetHints":{"allow":["GET"]}}],"collection":[{"href":"https:\/\/zapateneo.net\/wordpress\/index.php\/wp-json\/wp\/v2\/product"}],"about":[{"href":"https:\/\/zapateneo.net\/wordpress\/index.php\/wp-json\/wp\/v2\/types\/product"}],"wp:featuredmedia":[{"embeddable":true,"href":"https:\/\/zapateneo.net\/wordpress\/index.php\/wp-json\/wp\/v2\/media\/15740"}],"wp:attachment":[{"href":"https:\/\/zapateneo.net\/wordpress\/index.php\/wp-json\/wp\/v2\/media?parent=15710"}],"wp:term":[{"taxonomy":"product_brand","embeddable":true,"href":"https:\/\/zapateneo.net\/wordpress\/index.php\/wp-json\/wp\/v2\/product_brand?post=15710"},{"taxonomy":"product_cat","embeddable":true,"href":"https:\/\/zapateneo.net\/wordpress\/index.php\/wp-json\/wp\/v2\/product_cat?post=15710"},{"taxonomy":"product_tag","embeddable":true,"href":"https:\/\/zapateneo.net\/wordpress\/index.php\/wp-json\/wp\/v2\/product_tag?post=15710"}],"curies":[{"name":"wp","href":"https:\/\/api.w.org\/{rel}","templated":true}]}}