{"id":15707,"date":"2025-01-04T20:16:40","date_gmt":"2025-01-04T19:16:40","guid":{"rendered":"https:\/\/zapateneo.net\/wordpress\/?post_type=product&#038;p=15707"},"modified":"2025-01-04T20:16:47","modified_gmt":"2025-01-04T19:16:47","slug":"masculinidades-y-feminismo-2-a-edicion-ampliada","status":"publish","type":"product","link":"https:\/\/zapateneo.net\/wordpress\/index.php\/producto\/masculinidades-y-feminismo-2-a-edicion-ampliada\/","title":{"rendered":"Masculinidades y feminismo [2.\u00aa edici\u00f3n ampliada]"},"content":{"rendered":"<p>En el momento de su primera edici\u00f3n, esta obra se enfrentaba a la ausencia de revisiones cr\u00edticas sobre la aut\u00e9ntica capacidad transformadora de los grupos de hombres y de lo que los rodeaba. Lanzando la pregunta inc\u00f3moda sobre si reformar, transformar o abolir la masculinidad, Jokin Azpiazu buscaba romper con la comodidad autocomprensiva con la que se estaban invistiendo tanto este fen\u00f3meno como la noci\u00f3n de \u00abnuevas masculinidades\u00bb.<\/p>\n<p>Pasado el tiempo y tras numerosos debates, el foco parece haberse desplazado y la reacci\u00f3n machista y patriarcal frente a los avances feministas ocupa cada vez m\u00e1s espacio social. En este sentido, los procesos introspectivos e identitarios que han caracterizado la \u00abrevisi\u00f3n de la masculinidad\u00bb no parecen haber conseguido transformaciones sustanciales ni horizonte alguno de cambio radical.<\/p>\n<p>Si bien es mayor y m\u00e1s visible la adscripci\u00f3n de algunos sectores de hombres a acompa\u00f1ar los discursos feministas, no da la impresi\u00f3n de que esto se corresponda con una modificaci\u00f3n palpable de las relaciones de poder. A la vez, es perceptible el retroceso tanto de las iniciativas aut\u00f3nomas como institucionales en torno al abordaje de la masculinidad, sin que se vea una evoluci\u00f3n discursiva ni pr\u00e1ctica respecto a la eclosi\u00f3n de los grupos de hombres que caracteriz\u00f3 un determinado ciclo.<\/p>\n<p>El diagn\u00f3stico de Masculinidades y feminismo cobra si cabe mayor vigencia en el contexto actual y, sobre todo, lo coloca una vez m\u00e1s como uno de los puntos de partida para reelaborar la cr\u00edtica sobre la relaci\u00f3n entre los hombres y el feminismo. En esta reedici\u00f3n ampliada, con un pr\u00f3logo de Mari Luz Esteban, se incluye un nuevo texto en el que no solo se repasan los debates provocados por el libro, sino que se apuntan los debates contempor\u00e1neos que deber\u00edan dar lugar a pr\u00e1cticas radicales y transformadoras.<\/p>\n","protected":false},"excerpt":{"rendered":"<p><strong>Jokin Azpiazu Carballo<\/strong><br \/>\n9788417870324 &#8211; Virus &#8211; 2024 &#8211; 176 p\u00e1ginas \/orri.<\/p>\n","protected":false},"featured_media":15737,"template":"","meta":[],"product_brand":[],"product_cat":[174,16],"product_tag":[7059,57],"class_list":{"0":"post-15707","1":"product","2":"type-product","3":"status-publish","4":"has-post-thumbnail","6":"product_cat-generoak-generos","7":"product_cat-libros","8":"product_tag-jokin-azpiazu-carballo","9":"product_tag-virus","11":"first","12":"instock","13":"sold-individually","14":"shipping-taxable","15":"purchasable","16":"product-type-simple"},"yoast_head":"<!-- This site is optimized with the Yoast SEO plugin v27.3 - https:\/\/yoast.com\/product\/yoast-seo-wordpress\/ -->\n<title>Masculinidades y feminismo [2.\u00aa edici\u00f3n ampliada] &#8212; Zapateneo<\/title>\n<meta name=\"robots\" content=\"index, follow, max-snippet:-1, max-image-preview:large, max-video-preview:-1\" \/>\n<link rel=\"canonical\" href=\"https:\/\/zapateneo.net\/wordpress\/index.php\/producto\/masculinidades-y-feminismo-2-a-edicion-ampliada\/\" \/>\n<meta property=\"og:locale\" content=\"es_ES\" \/>\n<meta property=\"og:type\" content=\"article\" \/>\n<meta property=\"og:title\" content=\"Masculinidades y feminismo [2.\u00aa edici\u00f3n ampliada] &#8212; Zapateneo\" \/>\n<meta property=\"og:description\" content=\"Jokin Azpiazu Carballo 9788417870324 - Virus - 2024 - 176 p\u00e1ginas \/orri.\" \/>\n<meta property=\"og:url\" content=\"https:\/\/zapateneo.net\/wordpress\/index.php\/producto\/masculinidades-y-feminismo-2-a-edicion-ampliada\/\" \/>\n<meta property=\"og:site_name\" content=\"Zapateneo\" \/>\n<meta property=\"article:modified_time\" content=\"2025-01-04T19:16:47+00:00\" \/>\n<meta name=\"twitter:card\" content=\"summary_large_image\" \/>\n<meta name=\"twitter:site\" content=\"@zapateneo\" \/>\n<meta name=\"twitter:label1\" content=\"Tiempo de lectura\" \/>\n\t<meta name=\"twitter:data1\" content=\"2 minutos\" \/>\n<script type=\"application\/ld+json\" class=\"yoast-schema-graph\">{\"@context\":\"https:\\\/\\\/schema.org\",\"@graph\":[{\"@type\":\"WebPage\",\"@id\":\"https:\\\/\\\/zapateneo.net\\\/wordpress\\\/index.php\\\/producto\\\/masculinidades-y-feminismo-2-a-edicion-ampliada\\\/\",\"url\":\"https:\\\/\\\/zapateneo.net\\\/wordpress\\\/index.php\\\/producto\\\/masculinidades-y-feminismo-2-a-edicion-ampliada\\\/\",\"name\":\"Masculinidades y feminismo [2.\u00aa edici\u00f3n ampliada] &#8212; Zapateneo\",\"isPartOf\":{\"@id\":\"https:\\\/\\\/zapateneo.net\\\/wordpress\\\/#website\"},\"primaryImageOfPage\":{\"@id\":\"https:\\\/\\\/zapateneo.net\\\/wordpress\\\/index.php\\\/producto\\\/masculinidades-y-feminismo-2-a-edicion-ampliada\\\/#primaryimage\"},\"image\":{\"@id\":\"https:\\\/\\\/zapateneo.net\\\/wordpress\\\/index.php\\\/producto\\\/masculinidades-y-feminismo-2-a-edicion-ampliada\\\/#primaryimage\"},\"thumbnailUrl\":\"https:\\\/\\\/zapateneo.net\\\/wordpress\\\/wp-content\\\/uploads\\\/2025\\\/01\\\/9788417870324.jpg\",\"datePublished\":\"2025-01-04T19:16:40+00:00\",\"dateModified\":\"2025-01-04T19:16:47+00:00\",\"breadcrumb\":{\"@id\":\"https:\\\/\\\/zapateneo.net\\\/wordpress\\\/index.php\\\/producto\\\/masculinidades-y-feminismo-2-a-edicion-ampliada\\\/#breadcrumb\"},\"inLanguage\":\"es\",\"potentialAction\":[{\"@type\":\"ReadAction\",\"target\":[\"https:\\\/\\\/zapateneo.net\\\/wordpress\\\/index.php\\\/producto\\\/masculinidades-y-feminismo-2-a-edicion-ampliada\\\/\"]}]},{\"@type\":\"ImageObject\",\"inLanguage\":\"es\",\"@id\":\"https:\\\/\\\/zapateneo.net\\\/wordpress\\\/index.php\\\/producto\\\/masculinidades-y-feminismo-2-a-edicion-ampliada\\\/#primaryimage\",\"url\":\"https:\\\/\\\/zapateneo.net\\\/wordpress\\\/wp-content\\\/uploads\\\/2025\\\/01\\\/9788417870324.jpg\",\"contentUrl\":\"https:\\\/\\\/zapateneo.net\\\/wordpress\\\/wp-content\\\/uploads\\\/2025\\\/01\\\/9788417870324.jpg\",\"width\":266,\"height\":400},{\"@type\":\"BreadcrumbList\",\"@id\":\"https:\\\/\\\/zapateneo.net\\\/wordpress\\\/index.php\\\/producto\\\/masculinidades-y-feminismo-2-a-edicion-ampliada\\\/#breadcrumb\",\"itemListElement\":[{\"@type\":\"ListItem\",\"position\":1,\"name\":\"Portada\",\"item\":\"https:\\\/\\\/zapateneo.net\\\/wordpress\\\/\"},{\"@type\":\"ListItem\",\"position\":2,\"name\":\"Tienda\",\"item\":\"https:\\\/\\\/zapateneo.net\\\/wordpress\\\/\"},{\"@type\":\"ListItem\",\"position\":3,\"name\":\"Masculinidades y feminismo [2.\u00aa edici\u00f3n ampliada]\"}]},{\"@type\":\"WebSite\",\"@id\":\"https:\\\/\\\/zapateneo.net\\\/wordpress\\\/#website\",\"url\":\"https:\\\/\\\/zapateneo.net\\\/wordpress\\\/\",\"name\":\"Zapateneo\",\"description\":\"Zapateneoaren webgunea\",\"publisher\":{\"@id\":\"https:\\\/\\\/zapateneo.net\\\/wordpress\\\/#organization\"},\"potentialAction\":[{\"@type\":\"SearchAction\",\"target\":{\"@type\":\"EntryPoint\",\"urlTemplate\":\"https:\\\/\\\/zapateneo.net\\\/wordpress\\\/?s={search_term_string}\"},\"query-input\":{\"@type\":\"PropertyValueSpecification\",\"valueRequired\":true,\"valueName\":\"search_term_string\"}}],\"inLanguage\":\"es\"},{\"@type\":\"Organization\",\"@id\":\"https:\\\/\\\/zapateneo.net\\\/wordpress\\\/#organization\",\"name\":\"Zapateneo Kultur Elkartea\",\"url\":\"https:\\\/\\\/zapateneo.net\\\/wordpress\\\/\",\"logo\":{\"@type\":\"ImageObject\",\"inLanguage\":\"es\",\"@id\":\"https:\\\/\\\/zapateneo.net\\\/wordpress\\\/#\\\/schema\\\/logo\\\/image\\\/\",\"url\":\"https:\\\/\\\/zapateneo.net\\\/wordpress\\\/wp-content\\\/uploads\\\/2021\\\/04\\\/zap-libu-kolec.jpg\",\"contentUrl\":\"https:\\\/\\\/zapateneo.net\\\/wordpress\\\/wp-content\\\/uploads\\\/2021\\\/04\\\/zap-libu-kolec.jpg\",\"width\":2234,\"height\":398,\"caption\":\"Zapateneo Kultur Elkartea\"},\"image\":{\"@id\":\"https:\\\/\\\/zapateneo.net\\\/wordpress\\\/#\\\/schema\\\/logo\\\/image\\\/\"},\"sameAs\":[\"https:\\\/\\\/x.com\\\/zapateneo\"]}]}<\/script>\n<!-- \/ Yoast SEO plugin. -->","yoast_head_json":{"title":"Masculinidades y feminismo [2.\u00aa edici\u00f3n ampliada] &#8212; Zapateneo","robots":{"index":"index","follow":"follow","max-snippet":"max-snippet:-1","max-image-preview":"max-image-preview:large","max-video-preview":"max-video-preview:-1"},"canonical":"https:\/\/zapateneo.net\/wordpress\/index.php\/producto\/masculinidades-y-feminismo-2-a-edicion-ampliada\/","og_locale":"es_ES","og_type":"article","og_title":"Masculinidades y feminismo [2.\u00aa edici\u00f3n ampliada] &#8212; Zapateneo","og_description":"Jokin Azpiazu Carballo 9788417870324 - Virus - 2024 - 176 p\u00e1ginas \/orri.","og_url":"https:\/\/zapateneo.net\/wordpress\/index.php\/producto\/masculinidades-y-feminismo-2-a-edicion-ampliada\/","og_site_name":"Zapateneo","article_modified_time":"2025-01-04T19:16:47+00:00","twitter_card":"summary_large_image","twitter_site":"@zapateneo","twitter_misc":{"Tiempo de lectura":"2 minutos"},"schema":{"@context":"https:\/\/schema.org","@graph":[{"@type":"WebPage","@id":"https:\/\/zapateneo.net\/wordpress\/index.php\/producto\/masculinidades-y-feminismo-2-a-edicion-ampliada\/","url":"https:\/\/zapateneo.net\/wordpress\/index.php\/producto\/masculinidades-y-feminismo-2-a-edicion-ampliada\/","name":"Masculinidades y feminismo [2.\u00aa edici\u00f3n ampliada] &#8212; Zapateneo","isPartOf":{"@id":"https:\/\/zapateneo.net\/wordpress\/#website"},"primaryImageOfPage":{"@id":"https:\/\/zapateneo.net\/wordpress\/index.php\/producto\/masculinidades-y-feminismo-2-a-edicion-ampliada\/#primaryimage"},"image":{"@id":"https:\/\/zapateneo.net\/wordpress\/index.php\/producto\/masculinidades-y-feminismo-2-a-edicion-ampliada\/#primaryimage"},"thumbnailUrl":"https:\/\/zapateneo.net\/wordpress\/wp-content\/uploads\/2025\/01\/9788417870324.jpg","datePublished":"2025-01-04T19:16:40+00:00","dateModified":"2025-01-04T19:16:47+00:00","breadcrumb":{"@id":"https:\/\/zapateneo.net\/wordpress\/index.php\/producto\/masculinidades-y-feminismo-2-a-edicion-ampliada\/#breadcrumb"},"inLanguage":"es","potentialAction":[{"@type":"ReadAction","target":["https:\/\/zapateneo.net\/wordpress\/index.php\/producto\/masculinidades-y-feminismo-2-a-edicion-ampliada\/"]}]},{"@type":"ImageObject","inLanguage":"es","@id":"https:\/\/zapateneo.net\/wordpress\/index.php\/producto\/masculinidades-y-feminismo-2-a-edicion-ampliada\/#primaryimage","url":"https:\/\/zapateneo.net\/wordpress\/wp-content\/uploads\/2025\/01\/9788417870324.jpg","contentUrl":"https:\/\/zapateneo.net\/wordpress\/wp-content\/uploads\/2025\/01\/9788417870324.jpg","width":266,"height":400},{"@type":"BreadcrumbList","@id":"https:\/\/zapateneo.net\/wordpress\/index.php\/producto\/masculinidades-y-feminismo-2-a-edicion-ampliada\/#breadcrumb","itemListElement":[{"@type":"ListItem","position":1,"name":"Portada","item":"https:\/\/zapateneo.net\/wordpress\/"},{"@type":"ListItem","position":2,"name":"Tienda","item":"https:\/\/zapateneo.net\/wordpress\/"},{"@type":"ListItem","position":3,"name":"Masculinidades y feminismo [2.\u00aa edici\u00f3n ampliada]"}]},{"@type":"WebSite","@id":"https:\/\/zapateneo.net\/wordpress\/#website","url":"https:\/\/zapateneo.net\/wordpress\/","name":"Zapateneo","description":"Zapateneoaren webgunea","publisher":{"@id":"https:\/\/zapateneo.net\/wordpress\/#organization"},"potentialAction":[{"@type":"SearchAction","target":{"@type":"EntryPoint","urlTemplate":"https:\/\/zapateneo.net\/wordpress\/?s={search_term_string}"},"query-input":{"@type":"PropertyValueSpecification","valueRequired":true,"valueName":"search_term_string"}}],"inLanguage":"es"},{"@type":"Organization","@id":"https:\/\/zapateneo.net\/wordpress\/#organization","name":"Zapateneo Kultur Elkartea","url":"https:\/\/zapateneo.net\/wordpress\/","logo":{"@type":"ImageObject","inLanguage":"es","@id":"https:\/\/zapateneo.net\/wordpress\/#\/schema\/logo\/image\/","url":"https:\/\/zapateneo.net\/wordpress\/wp-content\/uploads\/2021\/04\/zap-libu-kolec.jpg","contentUrl":"https:\/\/zapateneo.net\/wordpress\/wp-content\/uploads\/2021\/04\/zap-libu-kolec.jpg","width":2234,"height":398,"caption":"Zapateneo Kultur Elkartea"},"image":{"@id":"https:\/\/zapateneo.net\/wordpress\/#\/schema\/logo\/image\/"},"sameAs":["https:\/\/x.com\/zapateneo"]}]}},"_links":{"self":[{"href":"https:\/\/zapateneo.net\/wordpress\/index.php\/wp-json\/wp\/v2\/product\/15707","targetHints":{"allow":["GET"]}}],"collection":[{"href":"https:\/\/zapateneo.net\/wordpress\/index.php\/wp-json\/wp\/v2\/product"}],"about":[{"href":"https:\/\/zapateneo.net\/wordpress\/index.php\/wp-json\/wp\/v2\/types\/product"}],"wp:featuredmedia":[{"embeddable":true,"href":"https:\/\/zapateneo.net\/wordpress\/index.php\/wp-json\/wp\/v2\/media\/15737"}],"wp:attachment":[{"href":"https:\/\/zapateneo.net\/wordpress\/index.php\/wp-json\/wp\/v2\/media?parent=15707"}],"wp:term":[{"taxonomy":"product_brand","embeddable":true,"href":"https:\/\/zapateneo.net\/wordpress\/index.php\/wp-json\/wp\/v2\/product_brand?post=15707"},{"taxonomy":"product_cat","embeddable":true,"href":"https:\/\/zapateneo.net\/wordpress\/index.php\/wp-json\/wp\/v2\/product_cat?post=15707"},{"taxonomy":"product_tag","embeddable":true,"href":"https:\/\/zapateneo.net\/wordpress\/index.php\/wp-json\/wp\/v2\/product_tag?post=15707"}],"curies":[{"name":"wp","href":"https:\/\/api.w.org\/{rel}","templated":true}]}}