{"id":15706,"date":"2025-01-04T20:16:39","date_gmt":"2025-01-04T19:16:39","guid":{"rendered":"https:\/\/zapateneo.net\/wordpress\/?post_type=product&#038;p=15706"},"modified":"2025-01-04T20:16:47","modified_gmt":"2025-01-04T19:16:47","slug":"las-sublevaciones-de-la-tierra-abecedario-para-desarmar-el-colapso-ecosocial","status":"publish","type":"product","link":"https:\/\/zapateneo.net\/wordpress\/index.php\/producto\/las-sublevaciones-de-la-tierra-abecedario-para-desarmar-el-colapso-ecosocial\/","title":{"rendered":"Las Sublevaciones de la Tierra Abecedario para desarmar el colapso ecosocial"},"content":{"rendered":"<p>Los textos que componen este libro \u2014escritos tanto por militantes de base como por figuras destacadas del pensamiento cr\u00edtico franc\u00e9s\u2014 conforman a la vez un abecedario y un complejo manifiesto colectivo, llamado a ser una herramienta de renovaci\u00f3n de las pr\u00e1cticas de lucha del ecologismo radical.<\/p>\n<p>Concebido desde las propias alianzas tejidas por los Soul\u00e8vements de la Terre (las Sublevaciones de la Tierra), en plena escalada represiva por parte del Estado franc\u00e9s, fue escrito como un mecanismo de autodefensa y como un medio para pensar y comprender la nueva fase de luchas en torno a los conflictos por el territorio, la destrucci\u00f3n ecosocial y las nocividades del capital.<\/p>\n<p>Las Sublevaciones de la Tierra es, por tanto, una doble arma. Una herramienta de combate en el seno de un proceso que est\u00e1 abriendo nuevas perspectivas y t\u00e1cticas, que rompen con el fatalismo y con la pesadumbre de un determinado colapsismo derrotista y depresivo. A la vez, es la revisi\u00f3n de un conjunto de conceptos \u2014algunos cl\u00e1sicos y otros relativamente recientes\u2014, que abren la puerta a un vocabulario propio y no prestado, que permitan a las luchas establecer sus propios t\u00e9rminos y su propio imaginario.<\/p>\n<p>De fondo, la confluencia entre diferentes integrantes como las ZAD, el movimiento contra las megabalsas, la Confederaci\u00f3n Campesina o el nuevo activismo clim\u00e1tico. Partiendo de las luchas comunes entre estos sujetos, nociones como ecofeminismo, desarme, autonom\u00eda, emergencia clim\u00e1tica, violencia, tecnolog\u00eda, subsistencia, tierra, alegr\u00eda, comuna, composici\u00f3n, queer\u2026 son repensadas sin olvidar su memoria, pero a la luz de la pr\u00e1ctica concreta del contexto y del momento en que vivimos. Eso, lejos de constituir un cierre te\u00f3rico, busca una apertura de horizontes para unas pr\u00e1cticas capaces de desplazar, de extender y de ensanchar los campos de lucha y de afrontar lo que el colectivo de autor\u00edas de este libro ha calificado como \u00abla batalla de este siglo\u00bb.<\/p>\n","protected":false},"excerpt":{"rendered":"<p><strong>40 voces<\/strong><br \/>\n9788417870362 &#8211; Virus &#8211; 2024 &#8211; 192 p\u00e1ginas \/orri.<\/p>\n","protected":false},"featured_media":15736,"template":"","meta":[],"product_brand":[],"product_cat":[177,16],"product_tag":[7058,57],"class_list":{"0":"post-15706","1":"product","2":"type-product","3":"status-publish","4":"has-post-thumbnail","6":"product_cat-gizarte-mugimenduak-movimientos-sociales","7":"product_cat-libros","8":"product_tag-40-voces","9":"product_tag-virus","11":"first","12":"instock","13":"sold-individually","14":"shipping-taxable","15":"purchasable","16":"product-type-simple"},"yoast_head":"<!-- This site is optimized with the Yoast SEO plugin v27.3 - https:\/\/yoast.com\/product\/yoast-seo-wordpress\/ -->\n<title>Las Sublevaciones de la Tierra Abecedario para desarmar el colapso ecosocial &#8212; Zapateneo<\/title>\n<meta name=\"robots\" content=\"index, follow, max-snippet:-1, max-image-preview:large, max-video-preview:-1\" \/>\n<link rel=\"canonical\" href=\"https:\/\/zapateneo.net\/wordpress\/index.php\/producto\/las-sublevaciones-de-la-tierra-abecedario-para-desarmar-el-colapso-ecosocial\/\" \/>\n<meta property=\"og:locale\" content=\"es_ES\" \/>\n<meta property=\"og:type\" content=\"article\" \/>\n<meta property=\"og:title\" content=\"Las Sublevaciones de la Tierra Abecedario para desarmar el colapso ecosocial &#8212; Zapateneo\" \/>\n<meta property=\"og:description\" content=\"40 voces 9788417870362 - Virus - 2024 - 192 p\u00e1ginas \/orri.\" \/>\n<meta property=\"og:url\" content=\"https:\/\/zapateneo.net\/wordpress\/index.php\/producto\/las-sublevaciones-de-la-tierra-abecedario-para-desarmar-el-colapso-ecosocial\/\" \/>\n<meta property=\"og:site_name\" content=\"Zapateneo\" \/>\n<meta property=\"article:modified_time\" content=\"2025-01-04T19:16:47+00:00\" \/>\n<meta name=\"twitter:card\" content=\"summary_large_image\" \/>\n<meta name=\"twitter:site\" content=\"@zapateneo\" \/>\n<meta name=\"twitter:label1\" content=\"Tiempo de lectura\" \/>\n\t<meta name=\"twitter:data1\" content=\"2 minutos\" \/>\n<script type=\"application\/ld+json\" class=\"yoast-schema-graph\">{\"@context\":\"https:\\\/\\\/schema.org\",\"@graph\":[{\"@type\":\"WebPage\",\"@id\":\"https:\\\/\\\/zapateneo.net\\\/wordpress\\\/index.php\\\/producto\\\/las-sublevaciones-de-la-tierra-abecedario-para-desarmar-el-colapso-ecosocial\\\/\",\"url\":\"https:\\\/\\\/zapateneo.net\\\/wordpress\\\/index.php\\\/producto\\\/las-sublevaciones-de-la-tierra-abecedario-para-desarmar-el-colapso-ecosocial\\\/\",\"name\":\"Las Sublevaciones de la Tierra Abecedario para desarmar el colapso ecosocial &#8212; Zapateneo\",\"isPartOf\":{\"@id\":\"https:\\\/\\\/zapateneo.net\\\/wordpress\\\/#website\"},\"primaryImageOfPage\":{\"@id\":\"https:\\\/\\\/zapateneo.net\\\/wordpress\\\/index.php\\\/producto\\\/las-sublevaciones-de-la-tierra-abecedario-para-desarmar-el-colapso-ecosocial\\\/#primaryimage\"},\"image\":{\"@id\":\"https:\\\/\\\/zapateneo.net\\\/wordpress\\\/index.php\\\/producto\\\/las-sublevaciones-de-la-tierra-abecedario-para-desarmar-el-colapso-ecosocial\\\/#primaryimage\"},\"thumbnailUrl\":\"https:\\\/\\\/zapateneo.net\\\/wordpress\\\/wp-content\\\/uploads\\\/2025\\\/01\\\/978841787036.jpeg\",\"datePublished\":\"2025-01-04T19:16:39+00:00\",\"dateModified\":\"2025-01-04T19:16:47+00:00\",\"breadcrumb\":{\"@id\":\"https:\\\/\\\/zapateneo.net\\\/wordpress\\\/index.php\\\/producto\\\/las-sublevaciones-de-la-tierra-abecedario-para-desarmar-el-colapso-ecosocial\\\/#breadcrumb\"},\"inLanguage\":\"es\",\"potentialAction\":[{\"@type\":\"ReadAction\",\"target\":[\"https:\\\/\\\/zapateneo.net\\\/wordpress\\\/index.php\\\/producto\\\/las-sublevaciones-de-la-tierra-abecedario-para-desarmar-el-colapso-ecosocial\\\/\"]}]},{\"@type\":\"ImageObject\",\"inLanguage\":\"es\",\"@id\":\"https:\\\/\\\/zapateneo.net\\\/wordpress\\\/index.php\\\/producto\\\/las-sublevaciones-de-la-tierra-abecedario-para-desarmar-el-colapso-ecosocial\\\/#primaryimage\",\"url\":\"https:\\\/\\\/zapateneo.net\\\/wordpress\\\/wp-content\\\/uploads\\\/2025\\\/01\\\/978841787036.jpeg\",\"contentUrl\":\"https:\\\/\\\/zapateneo.net\\\/wordpress\\\/wp-content\\\/uploads\\\/2025\\\/01\\\/978841787036.jpeg\",\"width\":235,\"height\":350},{\"@type\":\"BreadcrumbList\",\"@id\":\"https:\\\/\\\/zapateneo.net\\\/wordpress\\\/index.php\\\/producto\\\/las-sublevaciones-de-la-tierra-abecedario-para-desarmar-el-colapso-ecosocial\\\/#breadcrumb\",\"itemListElement\":[{\"@type\":\"ListItem\",\"position\":1,\"name\":\"Portada\",\"item\":\"https:\\\/\\\/zapateneo.net\\\/wordpress\\\/\"},{\"@type\":\"ListItem\",\"position\":2,\"name\":\"Tienda\",\"item\":\"https:\\\/\\\/zapateneo.net\\\/wordpress\\\/\"},{\"@type\":\"ListItem\",\"position\":3,\"name\":\"Las Sublevaciones de la Tierra Abecedario para desarmar el colapso ecosocial\"}]},{\"@type\":\"WebSite\",\"@id\":\"https:\\\/\\\/zapateneo.net\\\/wordpress\\\/#website\",\"url\":\"https:\\\/\\\/zapateneo.net\\\/wordpress\\\/\",\"name\":\"Zapateneo\",\"description\":\"Zapateneoaren webgunea\",\"publisher\":{\"@id\":\"https:\\\/\\\/zapateneo.net\\\/wordpress\\\/#organization\"},\"potentialAction\":[{\"@type\":\"SearchAction\",\"target\":{\"@type\":\"EntryPoint\",\"urlTemplate\":\"https:\\\/\\\/zapateneo.net\\\/wordpress\\\/?s={search_term_string}\"},\"query-input\":{\"@type\":\"PropertyValueSpecification\",\"valueRequired\":true,\"valueName\":\"search_term_string\"}}],\"inLanguage\":\"es\"},{\"@type\":\"Organization\",\"@id\":\"https:\\\/\\\/zapateneo.net\\\/wordpress\\\/#organization\",\"name\":\"Zapateneo Kultur Elkartea\",\"url\":\"https:\\\/\\\/zapateneo.net\\\/wordpress\\\/\",\"logo\":{\"@type\":\"ImageObject\",\"inLanguage\":\"es\",\"@id\":\"https:\\\/\\\/zapateneo.net\\\/wordpress\\\/#\\\/schema\\\/logo\\\/image\\\/\",\"url\":\"https:\\\/\\\/zapateneo.net\\\/wordpress\\\/wp-content\\\/uploads\\\/2021\\\/04\\\/zap-libu-kolec.jpg\",\"contentUrl\":\"https:\\\/\\\/zapateneo.net\\\/wordpress\\\/wp-content\\\/uploads\\\/2021\\\/04\\\/zap-libu-kolec.jpg\",\"width\":2234,\"height\":398,\"caption\":\"Zapateneo Kultur Elkartea\"},\"image\":{\"@id\":\"https:\\\/\\\/zapateneo.net\\\/wordpress\\\/#\\\/schema\\\/logo\\\/image\\\/\"},\"sameAs\":[\"https:\\\/\\\/x.com\\\/zapateneo\"]}]}<\/script>\n<!-- \/ Yoast SEO plugin. -->","yoast_head_json":{"title":"Las Sublevaciones de la Tierra Abecedario para desarmar el colapso ecosocial &#8212; Zapateneo","robots":{"index":"index","follow":"follow","max-snippet":"max-snippet:-1","max-image-preview":"max-image-preview:large","max-video-preview":"max-video-preview:-1"},"canonical":"https:\/\/zapateneo.net\/wordpress\/index.php\/producto\/las-sublevaciones-de-la-tierra-abecedario-para-desarmar-el-colapso-ecosocial\/","og_locale":"es_ES","og_type":"article","og_title":"Las Sublevaciones de la Tierra Abecedario para desarmar el colapso ecosocial &#8212; Zapateneo","og_description":"40 voces 9788417870362 - Virus - 2024 - 192 p\u00e1ginas \/orri.","og_url":"https:\/\/zapateneo.net\/wordpress\/index.php\/producto\/las-sublevaciones-de-la-tierra-abecedario-para-desarmar-el-colapso-ecosocial\/","og_site_name":"Zapateneo","article_modified_time":"2025-01-04T19:16:47+00:00","twitter_card":"summary_large_image","twitter_site":"@zapateneo","twitter_misc":{"Tiempo de lectura":"2 minutos"},"schema":{"@context":"https:\/\/schema.org","@graph":[{"@type":"WebPage","@id":"https:\/\/zapateneo.net\/wordpress\/index.php\/producto\/las-sublevaciones-de-la-tierra-abecedario-para-desarmar-el-colapso-ecosocial\/","url":"https:\/\/zapateneo.net\/wordpress\/index.php\/producto\/las-sublevaciones-de-la-tierra-abecedario-para-desarmar-el-colapso-ecosocial\/","name":"Las Sublevaciones de la Tierra Abecedario para desarmar el colapso ecosocial &#8212; Zapateneo","isPartOf":{"@id":"https:\/\/zapateneo.net\/wordpress\/#website"},"primaryImageOfPage":{"@id":"https:\/\/zapateneo.net\/wordpress\/index.php\/producto\/las-sublevaciones-de-la-tierra-abecedario-para-desarmar-el-colapso-ecosocial\/#primaryimage"},"image":{"@id":"https:\/\/zapateneo.net\/wordpress\/index.php\/producto\/las-sublevaciones-de-la-tierra-abecedario-para-desarmar-el-colapso-ecosocial\/#primaryimage"},"thumbnailUrl":"https:\/\/zapateneo.net\/wordpress\/wp-content\/uploads\/2025\/01\/978841787036.jpeg","datePublished":"2025-01-04T19:16:39+00:00","dateModified":"2025-01-04T19:16:47+00:00","breadcrumb":{"@id":"https:\/\/zapateneo.net\/wordpress\/index.php\/producto\/las-sublevaciones-de-la-tierra-abecedario-para-desarmar-el-colapso-ecosocial\/#breadcrumb"},"inLanguage":"es","potentialAction":[{"@type":"ReadAction","target":["https:\/\/zapateneo.net\/wordpress\/index.php\/producto\/las-sublevaciones-de-la-tierra-abecedario-para-desarmar-el-colapso-ecosocial\/"]}]},{"@type":"ImageObject","inLanguage":"es","@id":"https:\/\/zapateneo.net\/wordpress\/index.php\/producto\/las-sublevaciones-de-la-tierra-abecedario-para-desarmar-el-colapso-ecosocial\/#primaryimage","url":"https:\/\/zapateneo.net\/wordpress\/wp-content\/uploads\/2025\/01\/978841787036.jpeg","contentUrl":"https:\/\/zapateneo.net\/wordpress\/wp-content\/uploads\/2025\/01\/978841787036.jpeg","width":235,"height":350},{"@type":"BreadcrumbList","@id":"https:\/\/zapateneo.net\/wordpress\/index.php\/producto\/las-sublevaciones-de-la-tierra-abecedario-para-desarmar-el-colapso-ecosocial\/#breadcrumb","itemListElement":[{"@type":"ListItem","position":1,"name":"Portada","item":"https:\/\/zapateneo.net\/wordpress\/"},{"@type":"ListItem","position":2,"name":"Tienda","item":"https:\/\/zapateneo.net\/wordpress\/"},{"@type":"ListItem","position":3,"name":"Las Sublevaciones de la Tierra Abecedario para desarmar el colapso ecosocial"}]},{"@type":"WebSite","@id":"https:\/\/zapateneo.net\/wordpress\/#website","url":"https:\/\/zapateneo.net\/wordpress\/","name":"Zapateneo","description":"Zapateneoaren webgunea","publisher":{"@id":"https:\/\/zapateneo.net\/wordpress\/#organization"},"potentialAction":[{"@type":"SearchAction","target":{"@type":"EntryPoint","urlTemplate":"https:\/\/zapateneo.net\/wordpress\/?s={search_term_string}"},"query-input":{"@type":"PropertyValueSpecification","valueRequired":true,"valueName":"search_term_string"}}],"inLanguage":"es"},{"@type":"Organization","@id":"https:\/\/zapateneo.net\/wordpress\/#organization","name":"Zapateneo Kultur Elkartea","url":"https:\/\/zapateneo.net\/wordpress\/","logo":{"@type":"ImageObject","inLanguage":"es","@id":"https:\/\/zapateneo.net\/wordpress\/#\/schema\/logo\/image\/","url":"https:\/\/zapateneo.net\/wordpress\/wp-content\/uploads\/2021\/04\/zap-libu-kolec.jpg","contentUrl":"https:\/\/zapateneo.net\/wordpress\/wp-content\/uploads\/2021\/04\/zap-libu-kolec.jpg","width":2234,"height":398,"caption":"Zapateneo Kultur Elkartea"},"image":{"@id":"https:\/\/zapateneo.net\/wordpress\/#\/schema\/logo\/image\/"},"sameAs":["https:\/\/x.com\/zapateneo"]}]}},"_links":{"self":[{"href":"https:\/\/zapateneo.net\/wordpress\/index.php\/wp-json\/wp\/v2\/product\/15706","targetHints":{"allow":["GET"]}}],"collection":[{"href":"https:\/\/zapateneo.net\/wordpress\/index.php\/wp-json\/wp\/v2\/product"}],"about":[{"href":"https:\/\/zapateneo.net\/wordpress\/index.php\/wp-json\/wp\/v2\/types\/product"}],"wp:featuredmedia":[{"embeddable":true,"href":"https:\/\/zapateneo.net\/wordpress\/index.php\/wp-json\/wp\/v2\/media\/15736"}],"wp:attachment":[{"href":"https:\/\/zapateneo.net\/wordpress\/index.php\/wp-json\/wp\/v2\/media?parent=15706"}],"wp:term":[{"taxonomy":"product_brand","embeddable":true,"href":"https:\/\/zapateneo.net\/wordpress\/index.php\/wp-json\/wp\/v2\/product_brand?post=15706"},{"taxonomy":"product_cat","embeddable":true,"href":"https:\/\/zapateneo.net\/wordpress\/index.php\/wp-json\/wp\/v2\/product_cat?post=15706"},{"taxonomy":"product_tag","embeddable":true,"href":"https:\/\/zapateneo.net\/wordpress\/index.php\/wp-json\/wp\/v2\/product_tag?post=15706"}],"curies":[{"name":"wp","href":"https:\/\/api.w.org\/{rel}","templated":true}]}}