{"id":15705,"date":"2025-01-04T20:16:39","date_gmt":"2025-01-04T19:16:39","guid":{"rendered":"https:\/\/zapateneo.net\/wordpress\/?post_type=product&#038;p=15705"},"modified":"2025-01-04T20:16:47","modified_gmt":"2025-01-04T19:16:47","slug":"geografia-de-la-abolicion-ensayos-sobre-espacio-raza-carceles-y-emancipacion-social","status":"publish","type":"product","link":"https:\/\/zapateneo.net\/wordpress\/index.php\/producto\/geografia-de-la-abolicion-ensayos-sobre-espacio-raza-carceles-y-emancipacion-social\/","title":{"rendered":"Geograf\u00eda de la abolici\u00f3n Ensayos sobre espacio, raza, c\u00e1rceles y emancipaci\u00f3n social"},"content":{"rendered":"<p>\u00abLa gesti\u00f3n estatal de las categor\u00edas raciales es an\u00e1loga a su gesti\u00f3n de carreteras o puertos o telecomunicaciones; las pr\u00e1cticas ideol\u00f3gicas y materiales racistas son una infraestructura que necesita ser actualizada y modernizada peri\u00f3dicamente: esto es lo que se entiende por racializaci\u00f3n. No son solo los intereses o fuerzas externas al Estado las que se construyen y mejoran a trav\u00e9s de estas pr\u00e1cticas, tambi\u00e9n lo hace el Estado como tal.\u00bb<\/p>\n<p>Esta cita es apenas una muestra de la potencia cr\u00edtica de Ruth Wilson Gilmore. Alumna de Neil Smith y creadora de la geograf\u00eda carcelaria, Gilmore en\u00adcarna y sintetiza el feminismo antipunitivo de Angela Davis, la cr\u00edtica de la raza de Stuart Hall y la geograf\u00eda cr\u00edtica de Mike Davis, desbord\u00e1ndolos con una tremenda capacidad de conectar distintas cuestiones y planos.<\/p>\n<p>Al colocar el peso del racismo en la producci\u00f3n de diferencias que ex\u00adponen a determinados grupos sociales a una mayor vulnerabilidad \u00abante la muerte prematura\u00bb, su comprensi\u00f3n del racismo resulta clarividente y desmitificadora, por ejemplo, al abordar la realidad de aquellas co\u00admunidades blancas que sufren procesos de degradaci\u00f3n ambiental y que \u00abhan aprendido a denominar lo que est\u00e1 sucediendo como \u201cracismo ambiental\u201d [\u2026] adquiriendo la sensaci\u00f3n de que su blanquitud se va cayendo a capas\u00bb.<\/p>\n<p>Conectando lo que ha llamado \u00abestado de guerra\u00bb con la expansi\u00f3n de un orden penal y penitenciario convertido en un sistema de producci\u00f3n y gobernanza de poblaci\u00f3n excedente, a la vez que en un lucrativo circuito de negocios privados, ha desarrollado una de sus aportaciones conceptuales m\u00e1s importantes, extensiva y extrapolable a diferentes \u00e1mbitos y contextos: el estado anti-Estado, entendido como \u00abun Estado que crece sobre la promesa de reducirse\u00bb.<\/p>\n<p>Pero, m\u00e1s all\u00e1 de la propuesta te\u00f3rica o cr\u00edtica, Gilmore aborda la pr\u00e1ctica pol\u00edtica de la emancipaci\u00f3n, tanto en la relaci\u00f3n entre activismo y academia \u2014problematiz\u00e1ndola y retando a los espacios acad\u00e9mico-activistas a pensar cu\u00e1les son las condiciones de una pr\u00e1ctica radi\u00adcal\u2014, como en las propias necesidades de los movimientos de base con\u00ad\u00adtempor\u00e1neos: \u00abLo que est\u00e1 en juego no es solo c\u00f3mo luchamos para ganar, sino tambi\u00e9n c\u00f3mo de preparadas estamos para las victorias. Prepararse para ganar significa estar lista para la ma\u00f1ana siguiente\u00bb<\/p>\n","protected":false},"excerpt":{"rendered":"<p><strong>Ruth Wilson Gilmore<\/strong><br \/>\n9788417870379 &#8211; Virus &#8211; 2024 &#8211; 576 p\u00e1ginas \/orri.<\/p>\n","protected":false},"featured_media":15735,"template":"","meta":[],"product_brand":[],"product_cat":[181,16],"product_tag":[7057,57],"class_list":{"0":"post-15705","1":"product","2":"type-product","3":"status-publish","4":"has-post-thumbnail","6":"product_cat-bazterketa-soziala-eta-errepresioa-exclusion-social-y-represion","7":"product_cat-libros","8":"product_tag-ruth-wilson-gilmore","9":"product_tag-virus","11":"first","12":"instock","13":"sold-individually","14":"shipping-taxable","15":"purchasable","16":"product-type-simple"},"yoast_head":"<!-- This site is optimized with the Yoast SEO plugin v27.3 - https:\/\/yoast.com\/product\/yoast-seo-wordpress\/ -->\n<title>Geograf\u00eda de la abolici\u00f3n Ensayos sobre espacio, raza, c\u00e1rceles y emancipaci\u00f3n social &#8212; Zapateneo<\/title>\n<meta name=\"robots\" content=\"index, follow, max-snippet:-1, max-image-preview:large, max-video-preview:-1\" \/>\n<link rel=\"canonical\" href=\"https:\/\/zapateneo.net\/wordpress\/index.php\/producto\/geografia-de-la-abolicion-ensayos-sobre-espacio-raza-carceles-y-emancipacion-social\/\" \/>\n<meta property=\"og:locale\" content=\"es_ES\" \/>\n<meta property=\"og:type\" content=\"article\" \/>\n<meta property=\"og:title\" content=\"Geograf\u00eda de la abolici\u00f3n Ensayos sobre espacio, raza, c\u00e1rceles y emancipaci\u00f3n social &#8212; Zapateneo\" \/>\n<meta property=\"og:description\" content=\"Ruth Wilson Gilmore 9788417870379 - Virus - 2024 - 576 p\u00e1ginas \/orri.\" \/>\n<meta property=\"og:url\" content=\"https:\/\/zapateneo.net\/wordpress\/index.php\/producto\/geografia-de-la-abolicion-ensayos-sobre-espacio-raza-carceles-y-emancipacion-social\/\" \/>\n<meta property=\"og:site_name\" content=\"Zapateneo\" \/>\n<meta property=\"article:modified_time\" content=\"2025-01-04T19:16:47+00:00\" \/>\n<meta name=\"twitter:card\" content=\"summary_large_image\" \/>\n<meta name=\"twitter:site\" content=\"@zapateneo\" \/>\n<meta name=\"twitter:label1\" content=\"Tiempo de lectura\" \/>\n\t<meta name=\"twitter:data1\" content=\"2 minutos\" \/>\n<script type=\"application\/ld+json\" class=\"yoast-schema-graph\">{\"@context\":\"https:\\\/\\\/schema.org\",\"@graph\":[{\"@type\":\"WebPage\",\"@id\":\"https:\\\/\\\/zapateneo.net\\\/wordpress\\\/index.php\\\/producto\\\/geografia-de-la-abolicion-ensayos-sobre-espacio-raza-carceles-y-emancipacion-social\\\/\",\"url\":\"https:\\\/\\\/zapateneo.net\\\/wordpress\\\/index.php\\\/producto\\\/geografia-de-la-abolicion-ensayos-sobre-espacio-raza-carceles-y-emancipacion-social\\\/\",\"name\":\"Geograf\u00eda de la abolici\u00f3n Ensayos sobre espacio, raza, c\u00e1rceles y emancipaci\u00f3n social &#8212; Zapateneo\",\"isPartOf\":{\"@id\":\"https:\\\/\\\/zapateneo.net\\\/wordpress\\\/#website\"},\"primaryImageOfPage\":{\"@id\":\"https:\\\/\\\/zapateneo.net\\\/wordpress\\\/index.php\\\/producto\\\/geografia-de-la-abolicion-ensayos-sobre-espacio-raza-carceles-y-emancipacion-social\\\/#primaryimage\"},\"image\":{\"@id\":\"https:\\\/\\\/zapateneo.net\\\/wordpress\\\/index.php\\\/producto\\\/geografia-de-la-abolicion-ensayos-sobre-espacio-raza-carceles-y-emancipacion-social\\\/#primaryimage\"},\"thumbnailUrl\":\"https:\\\/\\\/zapateneo.net\\\/wordpress\\\/wp-content\\\/uploads\\\/2025\\\/01\\\/978841787037.jpeg\",\"datePublished\":\"2025-01-04T19:16:39+00:00\",\"dateModified\":\"2025-01-04T19:16:47+00:00\",\"breadcrumb\":{\"@id\":\"https:\\\/\\\/zapateneo.net\\\/wordpress\\\/index.php\\\/producto\\\/geografia-de-la-abolicion-ensayos-sobre-espacio-raza-carceles-y-emancipacion-social\\\/#breadcrumb\"},\"inLanguage\":\"es\",\"potentialAction\":[{\"@type\":\"ReadAction\",\"target\":[\"https:\\\/\\\/zapateneo.net\\\/wordpress\\\/index.php\\\/producto\\\/geografia-de-la-abolicion-ensayos-sobre-espacio-raza-carceles-y-emancipacion-social\\\/\"]}]},{\"@type\":\"ImageObject\",\"inLanguage\":\"es\",\"@id\":\"https:\\\/\\\/zapateneo.net\\\/wordpress\\\/index.php\\\/producto\\\/geografia-de-la-abolicion-ensayos-sobre-espacio-raza-carceles-y-emancipacion-social\\\/#primaryimage\",\"url\":\"https:\\\/\\\/zapateneo.net\\\/wordpress\\\/wp-content\\\/uploads\\\/2025\\\/01\\\/978841787037.jpeg\",\"contentUrl\":\"https:\\\/\\\/zapateneo.net\\\/wordpress\\\/wp-content\\\/uploads\\\/2025\\\/01\\\/978841787037.jpeg\",\"width\":266,\"height\":400},{\"@type\":\"BreadcrumbList\",\"@id\":\"https:\\\/\\\/zapateneo.net\\\/wordpress\\\/index.php\\\/producto\\\/geografia-de-la-abolicion-ensayos-sobre-espacio-raza-carceles-y-emancipacion-social\\\/#breadcrumb\",\"itemListElement\":[{\"@type\":\"ListItem\",\"position\":1,\"name\":\"Portada\",\"item\":\"https:\\\/\\\/zapateneo.net\\\/wordpress\\\/\"},{\"@type\":\"ListItem\",\"position\":2,\"name\":\"Tienda\",\"item\":\"https:\\\/\\\/zapateneo.net\\\/wordpress\\\/\"},{\"@type\":\"ListItem\",\"position\":3,\"name\":\"Geograf\u00eda de la abolici\u00f3n Ensayos sobre espacio, raza, c\u00e1rceles y emancipaci\u00f3n social\"}]},{\"@type\":\"WebSite\",\"@id\":\"https:\\\/\\\/zapateneo.net\\\/wordpress\\\/#website\",\"url\":\"https:\\\/\\\/zapateneo.net\\\/wordpress\\\/\",\"name\":\"Zapateneo\",\"description\":\"Zapateneoaren webgunea\",\"publisher\":{\"@id\":\"https:\\\/\\\/zapateneo.net\\\/wordpress\\\/#organization\"},\"potentialAction\":[{\"@type\":\"SearchAction\",\"target\":{\"@type\":\"EntryPoint\",\"urlTemplate\":\"https:\\\/\\\/zapateneo.net\\\/wordpress\\\/?s={search_term_string}\"},\"query-input\":{\"@type\":\"PropertyValueSpecification\",\"valueRequired\":true,\"valueName\":\"search_term_string\"}}],\"inLanguage\":\"es\"},{\"@type\":\"Organization\",\"@id\":\"https:\\\/\\\/zapateneo.net\\\/wordpress\\\/#organization\",\"name\":\"Zapateneo Kultur Elkartea\",\"url\":\"https:\\\/\\\/zapateneo.net\\\/wordpress\\\/\",\"logo\":{\"@type\":\"ImageObject\",\"inLanguage\":\"es\",\"@id\":\"https:\\\/\\\/zapateneo.net\\\/wordpress\\\/#\\\/schema\\\/logo\\\/image\\\/\",\"url\":\"https:\\\/\\\/zapateneo.net\\\/wordpress\\\/wp-content\\\/uploads\\\/2021\\\/04\\\/zap-libu-kolec.jpg\",\"contentUrl\":\"https:\\\/\\\/zapateneo.net\\\/wordpress\\\/wp-content\\\/uploads\\\/2021\\\/04\\\/zap-libu-kolec.jpg\",\"width\":2234,\"height\":398,\"caption\":\"Zapateneo Kultur Elkartea\"},\"image\":{\"@id\":\"https:\\\/\\\/zapateneo.net\\\/wordpress\\\/#\\\/schema\\\/logo\\\/image\\\/\"},\"sameAs\":[\"https:\\\/\\\/x.com\\\/zapateneo\"]}]}<\/script>\n<!-- \/ Yoast SEO plugin. -->","yoast_head_json":{"title":"Geograf\u00eda de la abolici\u00f3n Ensayos sobre espacio, raza, c\u00e1rceles y emancipaci\u00f3n social &#8212; Zapateneo","robots":{"index":"index","follow":"follow","max-snippet":"max-snippet:-1","max-image-preview":"max-image-preview:large","max-video-preview":"max-video-preview:-1"},"canonical":"https:\/\/zapateneo.net\/wordpress\/index.php\/producto\/geografia-de-la-abolicion-ensayos-sobre-espacio-raza-carceles-y-emancipacion-social\/","og_locale":"es_ES","og_type":"article","og_title":"Geograf\u00eda de la abolici\u00f3n Ensayos sobre espacio, raza, c\u00e1rceles y emancipaci\u00f3n social &#8212; Zapateneo","og_description":"Ruth Wilson Gilmore 9788417870379 - Virus - 2024 - 576 p\u00e1ginas \/orri.","og_url":"https:\/\/zapateneo.net\/wordpress\/index.php\/producto\/geografia-de-la-abolicion-ensayos-sobre-espacio-raza-carceles-y-emancipacion-social\/","og_site_name":"Zapateneo","article_modified_time":"2025-01-04T19:16:47+00:00","twitter_card":"summary_large_image","twitter_site":"@zapateneo","twitter_misc":{"Tiempo de lectura":"2 minutos"},"schema":{"@context":"https:\/\/schema.org","@graph":[{"@type":"WebPage","@id":"https:\/\/zapateneo.net\/wordpress\/index.php\/producto\/geografia-de-la-abolicion-ensayos-sobre-espacio-raza-carceles-y-emancipacion-social\/","url":"https:\/\/zapateneo.net\/wordpress\/index.php\/producto\/geografia-de-la-abolicion-ensayos-sobre-espacio-raza-carceles-y-emancipacion-social\/","name":"Geograf\u00eda de la abolici\u00f3n Ensayos sobre espacio, raza, c\u00e1rceles y emancipaci\u00f3n social &#8212; Zapateneo","isPartOf":{"@id":"https:\/\/zapateneo.net\/wordpress\/#website"},"primaryImageOfPage":{"@id":"https:\/\/zapateneo.net\/wordpress\/index.php\/producto\/geografia-de-la-abolicion-ensayos-sobre-espacio-raza-carceles-y-emancipacion-social\/#primaryimage"},"image":{"@id":"https:\/\/zapateneo.net\/wordpress\/index.php\/producto\/geografia-de-la-abolicion-ensayos-sobre-espacio-raza-carceles-y-emancipacion-social\/#primaryimage"},"thumbnailUrl":"https:\/\/zapateneo.net\/wordpress\/wp-content\/uploads\/2025\/01\/978841787037.jpeg","datePublished":"2025-01-04T19:16:39+00:00","dateModified":"2025-01-04T19:16:47+00:00","breadcrumb":{"@id":"https:\/\/zapateneo.net\/wordpress\/index.php\/producto\/geografia-de-la-abolicion-ensayos-sobre-espacio-raza-carceles-y-emancipacion-social\/#breadcrumb"},"inLanguage":"es","potentialAction":[{"@type":"ReadAction","target":["https:\/\/zapateneo.net\/wordpress\/index.php\/producto\/geografia-de-la-abolicion-ensayos-sobre-espacio-raza-carceles-y-emancipacion-social\/"]}]},{"@type":"ImageObject","inLanguage":"es","@id":"https:\/\/zapateneo.net\/wordpress\/index.php\/producto\/geografia-de-la-abolicion-ensayos-sobre-espacio-raza-carceles-y-emancipacion-social\/#primaryimage","url":"https:\/\/zapateneo.net\/wordpress\/wp-content\/uploads\/2025\/01\/978841787037.jpeg","contentUrl":"https:\/\/zapateneo.net\/wordpress\/wp-content\/uploads\/2025\/01\/978841787037.jpeg","width":266,"height":400},{"@type":"BreadcrumbList","@id":"https:\/\/zapateneo.net\/wordpress\/index.php\/producto\/geografia-de-la-abolicion-ensayos-sobre-espacio-raza-carceles-y-emancipacion-social\/#breadcrumb","itemListElement":[{"@type":"ListItem","position":1,"name":"Portada","item":"https:\/\/zapateneo.net\/wordpress\/"},{"@type":"ListItem","position":2,"name":"Tienda","item":"https:\/\/zapateneo.net\/wordpress\/"},{"@type":"ListItem","position":3,"name":"Geograf\u00eda de la abolici\u00f3n Ensayos sobre espacio, raza, c\u00e1rceles y emancipaci\u00f3n social"}]},{"@type":"WebSite","@id":"https:\/\/zapateneo.net\/wordpress\/#website","url":"https:\/\/zapateneo.net\/wordpress\/","name":"Zapateneo","description":"Zapateneoaren webgunea","publisher":{"@id":"https:\/\/zapateneo.net\/wordpress\/#organization"},"potentialAction":[{"@type":"SearchAction","target":{"@type":"EntryPoint","urlTemplate":"https:\/\/zapateneo.net\/wordpress\/?s={search_term_string}"},"query-input":{"@type":"PropertyValueSpecification","valueRequired":true,"valueName":"search_term_string"}}],"inLanguage":"es"},{"@type":"Organization","@id":"https:\/\/zapateneo.net\/wordpress\/#organization","name":"Zapateneo Kultur Elkartea","url":"https:\/\/zapateneo.net\/wordpress\/","logo":{"@type":"ImageObject","inLanguage":"es","@id":"https:\/\/zapateneo.net\/wordpress\/#\/schema\/logo\/image\/","url":"https:\/\/zapateneo.net\/wordpress\/wp-content\/uploads\/2021\/04\/zap-libu-kolec.jpg","contentUrl":"https:\/\/zapateneo.net\/wordpress\/wp-content\/uploads\/2021\/04\/zap-libu-kolec.jpg","width":2234,"height":398,"caption":"Zapateneo Kultur Elkartea"},"image":{"@id":"https:\/\/zapateneo.net\/wordpress\/#\/schema\/logo\/image\/"},"sameAs":["https:\/\/x.com\/zapateneo"]}]}},"_links":{"self":[{"href":"https:\/\/zapateneo.net\/wordpress\/index.php\/wp-json\/wp\/v2\/product\/15705","targetHints":{"allow":["GET"]}}],"collection":[{"href":"https:\/\/zapateneo.net\/wordpress\/index.php\/wp-json\/wp\/v2\/product"}],"about":[{"href":"https:\/\/zapateneo.net\/wordpress\/index.php\/wp-json\/wp\/v2\/types\/product"}],"wp:featuredmedia":[{"embeddable":true,"href":"https:\/\/zapateneo.net\/wordpress\/index.php\/wp-json\/wp\/v2\/media\/15735"}],"wp:attachment":[{"href":"https:\/\/zapateneo.net\/wordpress\/index.php\/wp-json\/wp\/v2\/media?parent=15705"}],"wp:term":[{"taxonomy":"product_brand","embeddable":true,"href":"https:\/\/zapateneo.net\/wordpress\/index.php\/wp-json\/wp\/v2\/product_brand?post=15705"},{"taxonomy":"product_cat","embeddable":true,"href":"https:\/\/zapateneo.net\/wordpress\/index.php\/wp-json\/wp\/v2\/product_cat?post=15705"},{"taxonomy":"product_tag","embeddable":true,"href":"https:\/\/zapateneo.net\/wordpress\/index.php\/wp-json\/wp\/v2\/product_tag?post=15705"}],"curies":[{"name":"wp","href":"https:\/\/api.w.org\/{rel}","templated":true}]}}