{"id":15703,"date":"2025-01-04T20:16:39","date_gmt":"2025-01-04T19:16:39","guid":{"rendered":"https:\/\/zapateneo.net\/wordpress\/?post_type=product&#038;p=15703"},"modified":"2025-01-04T20:16:46","modified_gmt":"2025-01-04T19:16:46","slug":"autonomia-y-subsistencia-una-teoria-ecosocial-y-materialista-de-la-libertad","status":"publish","type":"product","link":"https:\/\/zapateneo.net\/wordpress\/index.php\/producto\/autonomia-y-subsistencia-una-teoria-ecosocial-y-materialista-de-la-libertad\/","title":{"rendered":"Autonom\u00eda y subsistencia Una teor\u00eda ecosocial y materialista de la libertad"},"content":{"rendered":"<p>Si bien la modernidad occidental no ha tra\u00eddo la libertad para todas y todos, s\u00ed que ha conseguido difundir una concepci\u00f3n catastr\u00f3fica de la emancipaci\u00f3n en la que la exenci\u00f3n de las tareas asociadas a la subsistencia, que ha caracterizado siempre a las clases dominantes, ha terminado eclipsando el objetivo original de abolir las relaciones de dominaci\u00f3n social.<\/p>\n<p>Este es un libro importante porque ha dado con una clave crucial y por lo general ignorada de los debates y las pr\u00e1cticas urgentes de nuestro tiempo: la relaci\u00f3n entre la superaci\u00f3n de la crisis ecosocial, las tareas de subsistencia material y el ejercicio de la libertad.<\/p>\n<p>Autonom\u00eda y subsistencia denuncia la divisi\u00f3n artificial entre \u00abel reino de la necesidad\u00bb y \u00abel reino de la libertad\u00bb, como una coartada que ha servido para imponer a unos humanos (mujeres, campesinado, obreros, migrantes\u2026) las tareas de subsistencia (trabajo manual, reproductivo y de cuidados), mientras que otros pod\u00edan ejercer la libertad (de pensar, de crear o de deleitarse). Una divisi\u00f3n que en el caso de la izquierda tom\u00f3 la forma de unas hoy insostenibles ilusiones tecnol\u00f3gicas que emancipar\u00edan a toda la humanidad, y que en la actualidad resulta totalmente inoperativa en t\u00e9rminos emancipatorios.<\/p>\n<p>Frente a ello, Aur\u00e9lien Berlan pone sobre la mesa una teor\u00eda ecosocial y materialista que exige hacerse cargo de la organizaci\u00f3n colectiva de los recursos para la subsistencia. Lo cual implica responsabilizarse tanto de los trabajos fatigosos como de la acci\u00f3n pol\u00edtica a trav\u00e9s de mecanismos locales de democracia y resoluci\u00f3n de conflictos. \u00abEl cambio social no se producir\u00e1 sin desertar o reducir nuestra dependencia del capitalismo\u00bb, pero tampoco construyendo comunidades buc\u00f3licas m\u00e1s all\u00e1 del conflicto: \u00abNo basta con secesionarse y dejar de alimentar a la megam\u00e1quina: tambi\u00e9n hay que sabotearla\u00bb.<\/p>\n","protected":false},"excerpt":{"rendered":"<p><strong>Aur\u00e9lien Berlan<\/strong><br \/>\n9788417870423 &#8211; Virus &#8211; 2024 &#8211; 256 p\u00e1ginas \/orri.<\/p>\n","protected":false},"featured_media":15733,"template":"","meta":[],"product_brand":[],"product_cat":[180,16],"product_tag":[7055,57],"class_list":{"0":"post-15703","1":"product","2":"type-product","3":"status-publish","4":"has-post-thumbnail","6":"product_cat-ekologia-ecologia","7":"product_cat-libros","8":"product_tag-aurelien-berlan","9":"product_tag-virus","11":"first","12":"instock","13":"sold-individually","14":"shipping-taxable","15":"purchasable","16":"product-type-simple"},"yoast_head":"<!-- This site is optimized with the Yoast SEO plugin v27.4 - https:\/\/yoast.com\/product\/yoast-seo-wordpress\/ -->\n<title>Autonom\u00eda y subsistencia Una teor\u00eda ecosocial y materialista de la libertad &#8212; Zapateneo<\/title>\n<meta name=\"robots\" content=\"index, follow, max-snippet:-1, max-image-preview:large, max-video-preview:-1\" \/>\n<link rel=\"canonical\" href=\"https:\/\/zapateneo.net\/wordpress\/index.php\/producto\/autonomia-y-subsistencia-una-teoria-ecosocial-y-materialista-de-la-libertad\/\" \/>\n<meta property=\"og:locale\" content=\"es_ES\" \/>\n<meta property=\"og:type\" content=\"article\" \/>\n<meta property=\"og:title\" content=\"Autonom\u00eda y subsistencia Una teor\u00eda ecosocial y materialista de la libertad &#8212; Zapateneo\" \/>\n<meta property=\"og:description\" content=\"Aur\u00e9lien Berlan 9788417870423 - Virus - 2024 - 256 p\u00e1ginas \/orri.\" \/>\n<meta property=\"og:url\" content=\"https:\/\/zapateneo.net\/wordpress\/index.php\/producto\/autonomia-y-subsistencia-una-teoria-ecosocial-y-materialista-de-la-libertad\/\" \/>\n<meta property=\"og:site_name\" content=\"Zapateneo\" \/>\n<meta property=\"article:modified_time\" content=\"2025-01-04T19:16:46+00:00\" \/>\n<meta name=\"twitter:card\" content=\"summary_large_image\" \/>\n<meta name=\"twitter:site\" content=\"@zapateneo\" \/>\n<meta name=\"twitter:label1\" content=\"Tiempo de lectura\" \/>\n\t<meta name=\"twitter:data1\" content=\"2 minutos\" \/>\n<script type=\"application\/ld+json\" class=\"yoast-schema-graph\">{\"@context\":\"https:\\\/\\\/schema.org\",\"@graph\":[{\"@type\":\"WebPage\",\"@id\":\"https:\\\/\\\/zapateneo.net\\\/wordpress\\\/index.php\\\/producto\\\/autonomia-y-subsistencia-una-teoria-ecosocial-y-materialista-de-la-libertad\\\/\",\"url\":\"https:\\\/\\\/zapateneo.net\\\/wordpress\\\/index.php\\\/producto\\\/autonomia-y-subsistencia-una-teoria-ecosocial-y-materialista-de-la-libertad\\\/\",\"name\":\"Autonom\u00eda y subsistencia Una teor\u00eda ecosocial y materialista de la libertad &#8212; Zapateneo\",\"isPartOf\":{\"@id\":\"https:\\\/\\\/zapateneo.net\\\/wordpress\\\/#website\"},\"primaryImageOfPage\":{\"@id\":\"https:\\\/\\\/zapateneo.net\\\/wordpress\\\/index.php\\\/producto\\\/autonomia-y-subsistencia-una-teoria-ecosocial-y-materialista-de-la-libertad\\\/#primaryimage\"},\"image\":{\"@id\":\"https:\\\/\\\/zapateneo.net\\\/wordpress\\\/index.php\\\/producto\\\/autonomia-y-subsistencia-una-teoria-ecosocial-y-materialista-de-la-libertad\\\/#primaryimage\"},\"thumbnailUrl\":\"https:\\\/\\\/zapateneo.net\\\/wordpress\\\/wp-content\\\/uploads\\\/2025\\\/01\\\/978841787042.jpeg\",\"datePublished\":\"2025-01-04T19:16:39+00:00\",\"dateModified\":\"2025-01-04T19:16:46+00:00\",\"breadcrumb\":{\"@id\":\"https:\\\/\\\/zapateneo.net\\\/wordpress\\\/index.php\\\/producto\\\/autonomia-y-subsistencia-una-teoria-ecosocial-y-materialista-de-la-libertad\\\/#breadcrumb\"},\"inLanguage\":\"es\",\"potentialAction\":[{\"@type\":\"ReadAction\",\"target\":[\"https:\\\/\\\/zapateneo.net\\\/wordpress\\\/index.php\\\/producto\\\/autonomia-y-subsistencia-una-teoria-ecosocial-y-materialista-de-la-libertad\\\/\"]}]},{\"@type\":\"ImageObject\",\"inLanguage\":\"es\",\"@id\":\"https:\\\/\\\/zapateneo.net\\\/wordpress\\\/index.php\\\/producto\\\/autonomia-y-subsistencia-una-teoria-ecosocial-y-materialista-de-la-libertad\\\/#primaryimage\",\"url\":\"https:\\\/\\\/zapateneo.net\\\/wordpress\\\/wp-content\\\/uploads\\\/2025\\\/01\\\/978841787042.jpeg\",\"contentUrl\":\"https:\\\/\\\/zapateneo.net\\\/wordpress\\\/wp-content\\\/uploads\\\/2025\\\/01\\\/978841787042.jpeg\",\"width\":268,\"height\":400},{\"@type\":\"BreadcrumbList\",\"@id\":\"https:\\\/\\\/zapateneo.net\\\/wordpress\\\/index.php\\\/producto\\\/autonomia-y-subsistencia-una-teoria-ecosocial-y-materialista-de-la-libertad\\\/#breadcrumb\",\"itemListElement\":[{\"@type\":\"ListItem\",\"position\":1,\"name\":\"Portada\",\"item\":\"https:\\\/\\\/zapateneo.net\\\/wordpress\\\/\"},{\"@type\":\"ListItem\",\"position\":2,\"name\":\"Tienda\",\"item\":\"https:\\\/\\\/zapateneo.net\\\/wordpress\\\/\"},{\"@type\":\"ListItem\",\"position\":3,\"name\":\"Autonom\u00eda y subsistencia Una teor\u00eda ecosocial y materialista de la libertad\"}]},{\"@type\":\"WebSite\",\"@id\":\"https:\\\/\\\/zapateneo.net\\\/wordpress\\\/#website\",\"url\":\"https:\\\/\\\/zapateneo.net\\\/wordpress\\\/\",\"name\":\"Zapateneo\",\"description\":\"Zapateneoaren webgunea\",\"publisher\":{\"@id\":\"https:\\\/\\\/zapateneo.net\\\/wordpress\\\/#organization\"},\"potentialAction\":[{\"@type\":\"SearchAction\",\"target\":{\"@type\":\"EntryPoint\",\"urlTemplate\":\"https:\\\/\\\/zapateneo.net\\\/wordpress\\\/?s={search_term_string}\"},\"query-input\":{\"@type\":\"PropertyValueSpecification\",\"valueRequired\":true,\"valueName\":\"search_term_string\"}}],\"inLanguage\":\"es\"},{\"@type\":\"Organization\",\"@id\":\"https:\\\/\\\/zapateneo.net\\\/wordpress\\\/#organization\",\"name\":\"Zapateneo Kultur Elkartea\",\"url\":\"https:\\\/\\\/zapateneo.net\\\/wordpress\\\/\",\"logo\":{\"@type\":\"ImageObject\",\"inLanguage\":\"es\",\"@id\":\"https:\\\/\\\/zapateneo.net\\\/wordpress\\\/#\\\/schema\\\/logo\\\/image\\\/\",\"url\":\"https:\\\/\\\/zapateneo.net\\\/wordpress\\\/wp-content\\\/uploads\\\/2021\\\/04\\\/zap-libu-kolec.jpg\",\"contentUrl\":\"https:\\\/\\\/zapateneo.net\\\/wordpress\\\/wp-content\\\/uploads\\\/2021\\\/04\\\/zap-libu-kolec.jpg\",\"width\":2234,\"height\":398,\"caption\":\"Zapateneo Kultur Elkartea\"},\"image\":{\"@id\":\"https:\\\/\\\/zapateneo.net\\\/wordpress\\\/#\\\/schema\\\/logo\\\/image\\\/\"},\"sameAs\":[\"https:\\\/\\\/x.com\\\/zapateneo\"]}]}<\/script>\n<!-- \/ Yoast SEO plugin. -->","yoast_head_json":{"title":"Autonom\u00eda y subsistencia Una teor\u00eda ecosocial y materialista de la libertad &#8212; Zapateneo","robots":{"index":"index","follow":"follow","max-snippet":"max-snippet:-1","max-image-preview":"max-image-preview:large","max-video-preview":"max-video-preview:-1"},"canonical":"https:\/\/zapateneo.net\/wordpress\/index.php\/producto\/autonomia-y-subsistencia-una-teoria-ecosocial-y-materialista-de-la-libertad\/","og_locale":"es_ES","og_type":"article","og_title":"Autonom\u00eda y subsistencia Una teor\u00eda ecosocial y materialista de la libertad &#8212; Zapateneo","og_description":"Aur\u00e9lien Berlan 9788417870423 - Virus - 2024 - 256 p\u00e1ginas \/orri.","og_url":"https:\/\/zapateneo.net\/wordpress\/index.php\/producto\/autonomia-y-subsistencia-una-teoria-ecosocial-y-materialista-de-la-libertad\/","og_site_name":"Zapateneo","article_modified_time":"2025-01-04T19:16:46+00:00","twitter_card":"summary_large_image","twitter_site":"@zapateneo","twitter_misc":{"Tiempo de lectura":"2 minutos"},"schema":{"@context":"https:\/\/schema.org","@graph":[{"@type":"WebPage","@id":"https:\/\/zapateneo.net\/wordpress\/index.php\/producto\/autonomia-y-subsistencia-una-teoria-ecosocial-y-materialista-de-la-libertad\/","url":"https:\/\/zapateneo.net\/wordpress\/index.php\/producto\/autonomia-y-subsistencia-una-teoria-ecosocial-y-materialista-de-la-libertad\/","name":"Autonom\u00eda y subsistencia Una teor\u00eda ecosocial y materialista de la libertad &#8212; Zapateneo","isPartOf":{"@id":"https:\/\/zapateneo.net\/wordpress\/#website"},"primaryImageOfPage":{"@id":"https:\/\/zapateneo.net\/wordpress\/index.php\/producto\/autonomia-y-subsistencia-una-teoria-ecosocial-y-materialista-de-la-libertad\/#primaryimage"},"image":{"@id":"https:\/\/zapateneo.net\/wordpress\/index.php\/producto\/autonomia-y-subsistencia-una-teoria-ecosocial-y-materialista-de-la-libertad\/#primaryimage"},"thumbnailUrl":"https:\/\/zapateneo.net\/wordpress\/wp-content\/uploads\/2025\/01\/978841787042.jpeg","datePublished":"2025-01-04T19:16:39+00:00","dateModified":"2025-01-04T19:16:46+00:00","breadcrumb":{"@id":"https:\/\/zapateneo.net\/wordpress\/index.php\/producto\/autonomia-y-subsistencia-una-teoria-ecosocial-y-materialista-de-la-libertad\/#breadcrumb"},"inLanguage":"es","potentialAction":[{"@type":"ReadAction","target":["https:\/\/zapateneo.net\/wordpress\/index.php\/producto\/autonomia-y-subsistencia-una-teoria-ecosocial-y-materialista-de-la-libertad\/"]}]},{"@type":"ImageObject","inLanguage":"es","@id":"https:\/\/zapateneo.net\/wordpress\/index.php\/producto\/autonomia-y-subsistencia-una-teoria-ecosocial-y-materialista-de-la-libertad\/#primaryimage","url":"https:\/\/zapateneo.net\/wordpress\/wp-content\/uploads\/2025\/01\/978841787042.jpeg","contentUrl":"https:\/\/zapateneo.net\/wordpress\/wp-content\/uploads\/2025\/01\/978841787042.jpeg","width":268,"height":400},{"@type":"BreadcrumbList","@id":"https:\/\/zapateneo.net\/wordpress\/index.php\/producto\/autonomia-y-subsistencia-una-teoria-ecosocial-y-materialista-de-la-libertad\/#breadcrumb","itemListElement":[{"@type":"ListItem","position":1,"name":"Portada","item":"https:\/\/zapateneo.net\/wordpress\/"},{"@type":"ListItem","position":2,"name":"Tienda","item":"https:\/\/zapateneo.net\/wordpress\/"},{"@type":"ListItem","position":3,"name":"Autonom\u00eda y subsistencia Una teor\u00eda ecosocial y materialista de la libertad"}]},{"@type":"WebSite","@id":"https:\/\/zapateneo.net\/wordpress\/#website","url":"https:\/\/zapateneo.net\/wordpress\/","name":"Zapateneo","description":"Zapateneoaren webgunea","publisher":{"@id":"https:\/\/zapateneo.net\/wordpress\/#organization"},"potentialAction":[{"@type":"SearchAction","target":{"@type":"EntryPoint","urlTemplate":"https:\/\/zapateneo.net\/wordpress\/?s={search_term_string}"},"query-input":{"@type":"PropertyValueSpecification","valueRequired":true,"valueName":"search_term_string"}}],"inLanguage":"es"},{"@type":"Organization","@id":"https:\/\/zapateneo.net\/wordpress\/#organization","name":"Zapateneo Kultur Elkartea","url":"https:\/\/zapateneo.net\/wordpress\/","logo":{"@type":"ImageObject","inLanguage":"es","@id":"https:\/\/zapateneo.net\/wordpress\/#\/schema\/logo\/image\/","url":"https:\/\/zapateneo.net\/wordpress\/wp-content\/uploads\/2021\/04\/zap-libu-kolec.jpg","contentUrl":"https:\/\/zapateneo.net\/wordpress\/wp-content\/uploads\/2021\/04\/zap-libu-kolec.jpg","width":2234,"height":398,"caption":"Zapateneo Kultur Elkartea"},"image":{"@id":"https:\/\/zapateneo.net\/wordpress\/#\/schema\/logo\/image\/"},"sameAs":["https:\/\/x.com\/zapateneo"]}]}},"_links":{"self":[{"href":"https:\/\/zapateneo.net\/wordpress\/index.php\/wp-json\/wp\/v2\/product\/15703","targetHints":{"allow":["GET"]}}],"collection":[{"href":"https:\/\/zapateneo.net\/wordpress\/index.php\/wp-json\/wp\/v2\/product"}],"about":[{"href":"https:\/\/zapateneo.net\/wordpress\/index.php\/wp-json\/wp\/v2\/types\/product"}],"wp:featuredmedia":[{"embeddable":true,"href":"https:\/\/zapateneo.net\/wordpress\/index.php\/wp-json\/wp\/v2\/media\/15733"}],"wp:attachment":[{"href":"https:\/\/zapateneo.net\/wordpress\/index.php\/wp-json\/wp\/v2\/media?parent=15703"}],"wp:term":[{"taxonomy":"product_brand","embeddable":true,"href":"https:\/\/zapateneo.net\/wordpress\/index.php\/wp-json\/wp\/v2\/product_brand?post=15703"},{"taxonomy":"product_cat","embeddable":true,"href":"https:\/\/zapateneo.net\/wordpress\/index.php\/wp-json\/wp\/v2\/product_cat?post=15703"},{"taxonomy":"product_tag","embeddable":true,"href":"https:\/\/zapateneo.net\/wordpress\/index.php\/wp-json\/wp\/v2\/product_tag?post=15703"}],"curies":[{"name":"wp","href":"https:\/\/api.w.org\/{rel}","templated":true}]}}