{"id":15700,"date":"2025-01-04T20:16:38","date_gmt":"2025-01-04T19:16:38","guid":{"rendered":"https:\/\/zapateneo.net\/wordpress\/?post_type=product&#038;p=15700"},"modified":"2025-01-04T20:16:45","modified_gmt":"2025-01-04T19:16:45","slug":"educar-para-la-sostenibilidad-de-la-vida-una-mirada-ecofeminista-a-la-educacion","status":"publish","type":"product","link":"https:\/\/zapateneo.net\/wordpress\/index.php\/producto\/educar-para-la-sostenibilidad-de-la-vida-una-mirada-ecofeminista-a-la-educacion\/","title":{"rendered":"EDUCAR PARA LA SOSTENIBILIDAD DE LA VIDA UNA MIRADA ECOFEMINISTA A LA EDUCACI\u00d3N"},"content":{"rendered":"<p>Hoy, los seres humanos atravesamos la emergencia planetaria en la que est\u00e1 en juego la supervivencia en condiciones dignas de la mayor\u00eda. El cambio clim\u00e1tico, la superaci\u00f3n de los l\u00edmites biof\u00edsicos del planeta, el empobrecimiento y la profundizaci\u00f3n de las desigualdades, las migraciones forzosas, las violencias de diversa \u00edndole, las guerras, la vulneraci\u00f3n de los derechos\u0085<\/p>\n<p>\u00bfSon conscientes nuestros sistemas educativos del momento hist\u00f3rico que atravesamos? \u00bfSaben que la vida humana y la no humana est\u00e1n amenazadas? \u00bfPreparan para comprender el contexto en el que se desenvuelve y se va a desenvolver la vida de quienes hoy se educan en las escuelas? \u00bfAyudan a prefigurar un futuro viable, justo y deseable? \u00bfCapacitan para el di\u00e1logo, la b\u00fasqueda de consensos, el abordaje de los conflictos y la posibilidad de transformaci\u00f3n? \u00bfO simplemente reproducen conocimientos, creencias y valores que est\u00e1n en el origen de la crisis de civilizaci\u00f3n?<\/p>\n<p>Puede que, en contra de sus propios prop\u00f3sitos, la educaci\u00f3n se haya convertido en una estrategia inadaptativa, en un problema. Si no se vislumbra ninguna posibilidad de transformaci\u00f3n, el presente es incomprensible y el futuro es oscuro, \u00abla educaci\u00f3n se vuelve dist\u00f3pica\u00bb.<\/p>\n<p>Este libro expone una propuesta educativa desde el enfoque de la sostenibilidad de la vida. Las miradas ecofeministas pretenden aterrizar en la Tierra y en las condiciones materiales y culturales de la existencia humana. Un conocimiento y pr\u00e1ctica que intenta comprender el momento en que vivimos y proyecta el presente y el futuro, priorizando rotundamente la sostenibilidad de todas las formas de vida; que estimula la adquisici\u00f3n de saberes y capacidades que deber\u00edan ser extendidos y asumidos por el conjunto de las personas e instituciones p\u00fablicas y privadas; entre ellas, especialmente, las educativas, para tratar de evitar el m\u00e1s que previsible colapso ecol\u00f3gico y social si no cambia el rumbo de la historia.<\/p>\n","protected":false},"excerpt":{"rendered":"<p><strong>YAYO HERRERO L\u00d3PEZ<\/strong><br \/>\n9788419312730 &#8211; Octaedro &#8211; 2022 &#8211; 174 p\u00e1ginas \/orri.<\/p>\n","protected":false},"featured_media":15730,"template":"","meta":[],"product_brand":[],"product_cat":[186,16],"product_tag":[829,7050],"class_list":{"0":"post-15700","1":"product","2":"type-product","3":"status-publish","4":"has-post-thumbnail","6":"product_cat-hezkuntza-educacion","7":"product_cat-libros","8":"product_tag-octaedro","9":"product_tag-yayo-herrero-lopez","11":"first","12":"instock","13":"sold-individually","14":"shipping-taxable","15":"purchasable","16":"product-type-simple"},"yoast_head":"<!-- This site is optimized with the Yoast SEO plugin v27.3 - https:\/\/yoast.com\/product\/yoast-seo-wordpress\/ -->\n<title>EDUCAR PARA LA SOSTENIBILIDAD DE LA VIDA UNA MIRADA ECOFEMINISTA A LA EDUCACI\u00d3N &#8212; Zapateneo<\/title>\n<meta name=\"robots\" content=\"index, follow, max-snippet:-1, max-image-preview:large, max-video-preview:-1\" \/>\n<link rel=\"canonical\" href=\"https:\/\/zapateneo.net\/wordpress\/index.php\/producto\/educar-para-la-sostenibilidad-de-la-vida-una-mirada-ecofeminista-a-la-educacion\/\" \/>\n<meta property=\"og:locale\" content=\"es_ES\" \/>\n<meta property=\"og:type\" content=\"article\" \/>\n<meta property=\"og:title\" content=\"EDUCAR PARA LA SOSTENIBILIDAD DE LA VIDA UNA MIRADA ECOFEMINISTA A LA EDUCACI\u00d3N &#8212; Zapateneo\" \/>\n<meta property=\"og:description\" content=\"YAYO HERRERO L\u00d3PEZ 9788419312730 - Octaedro - 2022 - 174 p\u00e1ginas \/orri.\" \/>\n<meta property=\"og:url\" content=\"https:\/\/zapateneo.net\/wordpress\/index.php\/producto\/educar-para-la-sostenibilidad-de-la-vida-una-mirada-ecofeminista-a-la-educacion\/\" \/>\n<meta property=\"og:site_name\" content=\"Zapateneo\" \/>\n<meta property=\"article:modified_time\" content=\"2025-01-04T19:16:45+00:00\" \/>\n<meta name=\"twitter:card\" content=\"summary_large_image\" \/>\n<meta name=\"twitter:site\" content=\"@zapateneo\" \/>\n<meta name=\"twitter:label1\" content=\"Tiempo de lectura\" \/>\n\t<meta name=\"twitter:data1\" content=\"2 minutos\" \/>\n<script type=\"application\/ld+json\" class=\"yoast-schema-graph\">{\"@context\":\"https:\\\/\\\/schema.org\",\"@graph\":[{\"@type\":\"WebPage\",\"@id\":\"https:\\\/\\\/zapateneo.net\\\/wordpress\\\/index.php\\\/producto\\\/educar-para-la-sostenibilidad-de-la-vida-una-mirada-ecofeminista-a-la-educacion\\\/\",\"url\":\"https:\\\/\\\/zapateneo.net\\\/wordpress\\\/index.php\\\/producto\\\/educar-para-la-sostenibilidad-de-la-vida-una-mirada-ecofeminista-a-la-educacion\\\/\",\"name\":\"EDUCAR PARA LA SOSTENIBILIDAD DE LA VIDA UNA MIRADA ECOFEMINISTA A LA EDUCACI\u00d3N &#8212; Zapateneo\",\"isPartOf\":{\"@id\":\"https:\\\/\\\/zapateneo.net\\\/wordpress\\\/#website\"},\"primaryImageOfPage\":{\"@id\":\"https:\\\/\\\/zapateneo.net\\\/wordpress\\\/index.php\\\/producto\\\/educar-para-la-sostenibilidad-de-la-vida-una-mirada-ecofeminista-a-la-educacion\\\/#primaryimage\"},\"image\":{\"@id\":\"https:\\\/\\\/zapateneo.net\\\/wordpress\\\/index.php\\\/producto\\\/educar-para-la-sostenibilidad-de-la-vida-una-mirada-ecofeminista-a-la-educacion\\\/#primaryimage\"},\"thumbnailUrl\":\"https:\\\/\\\/zapateneo.net\\\/wordpress\\\/wp-content\\\/uploads\\\/2025\\\/01\\\/978841931273.jpeg\",\"datePublished\":\"2025-01-04T19:16:38+00:00\",\"dateModified\":\"2025-01-04T19:16:45+00:00\",\"breadcrumb\":{\"@id\":\"https:\\\/\\\/zapateneo.net\\\/wordpress\\\/index.php\\\/producto\\\/educar-para-la-sostenibilidad-de-la-vida-una-mirada-ecofeminista-a-la-educacion\\\/#breadcrumb\"},\"inLanguage\":\"es\",\"potentialAction\":[{\"@type\":\"ReadAction\",\"target\":[\"https:\\\/\\\/zapateneo.net\\\/wordpress\\\/index.php\\\/producto\\\/educar-para-la-sostenibilidad-de-la-vida-una-mirada-ecofeminista-a-la-educacion\\\/\"]}]},{\"@type\":\"ImageObject\",\"inLanguage\":\"es\",\"@id\":\"https:\\\/\\\/zapateneo.net\\\/wordpress\\\/index.php\\\/producto\\\/educar-para-la-sostenibilidad-de-la-vida-una-mirada-ecofeminista-a-la-educacion\\\/#primaryimage\",\"url\":\"https:\\\/\\\/zapateneo.net\\\/wordpress\\\/wp-content\\\/uploads\\\/2025\\\/01\\\/978841931273.jpeg\",\"contentUrl\":\"https:\\\/\\\/zapateneo.net\\\/wordpress\\\/wp-content\\\/uploads\\\/2025\\\/01\\\/978841931273.jpeg\",\"width\":285,\"height\":400},{\"@type\":\"BreadcrumbList\",\"@id\":\"https:\\\/\\\/zapateneo.net\\\/wordpress\\\/index.php\\\/producto\\\/educar-para-la-sostenibilidad-de-la-vida-una-mirada-ecofeminista-a-la-educacion\\\/#breadcrumb\",\"itemListElement\":[{\"@type\":\"ListItem\",\"position\":1,\"name\":\"Portada\",\"item\":\"https:\\\/\\\/zapateneo.net\\\/wordpress\\\/\"},{\"@type\":\"ListItem\",\"position\":2,\"name\":\"Tienda\",\"item\":\"https:\\\/\\\/zapateneo.net\\\/wordpress\\\/\"},{\"@type\":\"ListItem\",\"position\":3,\"name\":\"EDUCAR PARA LA SOSTENIBILIDAD DE LA VIDA UNA MIRADA ECOFEMINISTA A LA EDUCACI\u00d3N\"}]},{\"@type\":\"WebSite\",\"@id\":\"https:\\\/\\\/zapateneo.net\\\/wordpress\\\/#website\",\"url\":\"https:\\\/\\\/zapateneo.net\\\/wordpress\\\/\",\"name\":\"Zapateneo\",\"description\":\"Zapateneoaren webgunea\",\"publisher\":{\"@id\":\"https:\\\/\\\/zapateneo.net\\\/wordpress\\\/#organization\"},\"potentialAction\":[{\"@type\":\"SearchAction\",\"target\":{\"@type\":\"EntryPoint\",\"urlTemplate\":\"https:\\\/\\\/zapateneo.net\\\/wordpress\\\/?s={search_term_string}\"},\"query-input\":{\"@type\":\"PropertyValueSpecification\",\"valueRequired\":true,\"valueName\":\"search_term_string\"}}],\"inLanguage\":\"es\"},{\"@type\":\"Organization\",\"@id\":\"https:\\\/\\\/zapateneo.net\\\/wordpress\\\/#organization\",\"name\":\"Zapateneo Kultur Elkartea\",\"url\":\"https:\\\/\\\/zapateneo.net\\\/wordpress\\\/\",\"logo\":{\"@type\":\"ImageObject\",\"inLanguage\":\"es\",\"@id\":\"https:\\\/\\\/zapateneo.net\\\/wordpress\\\/#\\\/schema\\\/logo\\\/image\\\/\",\"url\":\"https:\\\/\\\/zapateneo.net\\\/wordpress\\\/wp-content\\\/uploads\\\/2021\\\/04\\\/zap-libu-kolec.jpg\",\"contentUrl\":\"https:\\\/\\\/zapateneo.net\\\/wordpress\\\/wp-content\\\/uploads\\\/2021\\\/04\\\/zap-libu-kolec.jpg\",\"width\":2234,\"height\":398,\"caption\":\"Zapateneo Kultur Elkartea\"},\"image\":{\"@id\":\"https:\\\/\\\/zapateneo.net\\\/wordpress\\\/#\\\/schema\\\/logo\\\/image\\\/\"},\"sameAs\":[\"https:\\\/\\\/x.com\\\/zapateneo\"]}]}<\/script>\n<!-- \/ Yoast SEO plugin. -->","yoast_head_json":{"title":"EDUCAR PARA LA SOSTENIBILIDAD DE LA VIDA UNA MIRADA ECOFEMINISTA A LA EDUCACI\u00d3N &#8212; Zapateneo","robots":{"index":"index","follow":"follow","max-snippet":"max-snippet:-1","max-image-preview":"max-image-preview:large","max-video-preview":"max-video-preview:-1"},"canonical":"https:\/\/zapateneo.net\/wordpress\/index.php\/producto\/educar-para-la-sostenibilidad-de-la-vida-una-mirada-ecofeminista-a-la-educacion\/","og_locale":"es_ES","og_type":"article","og_title":"EDUCAR PARA LA SOSTENIBILIDAD DE LA VIDA UNA MIRADA ECOFEMINISTA A LA EDUCACI\u00d3N &#8212; Zapateneo","og_description":"YAYO HERRERO L\u00d3PEZ 9788419312730 - Octaedro - 2022 - 174 p\u00e1ginas \/orri.","og_url":"https:\/\/zapateneo.net\/wordpress\/index.php\/producto\/educar-para-la-sostenibilidad-de-la-vida-una-mirada-ecofeminista-a-la-educacion\/","og_site_name":"Zapateneo","article_modified_time":"2025-01-04T19:16:45+00:00","twitter_card":"summary_large_image","twitter_site":"@zapateneo","twitter_misc":{"Tiempo de lectura":"2 minutos"},"schema":{"@context":"https:\/\/schema.org","@graph":[{"@type":"WebPage","@id":"https:\/\/zapateneo.net\/wordpress\/index.php\/producto\/educar-para-la-sostenibilidad-de-la-vida-una-mirada-ecofeminista-a-la-educacion\/","url":"https:\/\/zapateneo.net\/wordpress\/index.php\/producto\/educar-para-la-sostenibilidad-de-la-vida-una-mirada-ecofeminista-a-la-educacion\/","name":"EDUCAR PARA LA SOSTENIBILIDAD DE LA VIDA UNA MIRADA ECOFEMINISTA A LA EDUCACI\u00d3N &#8212; Zapateneo","isPartOf":{"@id":"https:\/\/zapateneo.net\/wordpress\/#website"},"primaryImageOfPage":{"@id":"https:\/\/zapateneo.net\/wordpress\/index.php\/producto\/educar-para-la-sostenibilidad-de-la-vida-una-mirada-ecofeminista-a-la-educacion\/#primaryimage"},"image":{"@id":"https:\/\/zapateneo.net\/wordpress\/index.php\/producto\/educar-para-la-sostenibilidad-de-la-vida-una-mirada-ecofeminista-a-la-educacion\/#primaryimage"},"thumbnailUrl":"https:\/\/zapateneo.net\/wordpress\/wp-content\/uploads\/2025\/01\/978841931273.jpeg","datePublished":"2025-01-04T19:16:38+00:00","dateModified":"2025-01-04T19:16:45+00:00","breadcrumb":{"@id":"https:\/\/zapateneo.net\/wordpress\/index.php\/producto\/educar-para-la-sostenibilidad-de-la-vida-una-mirada-ecofeminista-a-la-educacion\/#breadcrumb"},"inLanguage":"es","potentialAction":[{"@type":"ReadAction","target":["https:\/\/zapateneo.net\/wordpress\/index.php\/producto\/educar-para-la-sostenibilidad-de-la-vida-una-mirada-ecofeminista-a-la-educacion\/"]}]},{"@type":"ImageObject","inLanguage":"es","@id":"https:\/\/zapateneo.net\/wordpress\/index.php\/producto\/educar-para-la-sostenibilidad-de-la-vida-una-mirada-ecofeminista-a-la-educacion\/#primaryimage","url":"https:\/\/zapateneo.net\/wordpress\/wp-content\/uploads\/2025\/01\/978841931273.jpeg","contentUrl":"https:\/\/zapateneo.net\/wordpress\/wp-content\/uploads\/2025\/01\/978841931273.jpeg","width":285,"height":400},{"@type":"BreadcrumbList","@id":"https:\/\/zapateneo.net\/wordpress\/index.php\/producto\/educar-para-la-sostenibilidad-de-la-vida-una-mirada-ecofeminista-a-la-educacion\/#breadcrumb","itemListElement":[{"@type":"ListItem","position":1,"name":"Portada","item":"https:\/\/zapateneo.net\/wordpress\/"},{"@type":"ListItem","position":2,"name":"Tienda","item":"https:\/\/zapateneo.net\/wordpress\/"},{"@type":"ListItem","position":3,"name":"EDUCAR PARA LA SOSTENIBILIDAD DE LA VIDA UNA MIRADA ECOFEMINISTA A LA EDUCACI\u00d3N"}]},{"@type":"WebSite","@id":"https:\/\/zapateneo.net\/wordpress\/#website","url":"https:\/\/zapateneo.net\/wordpress\/","name":"Zapateneo","description":"Zapateneoaren webgunea","publisher":{"@id":"https:\/\/zapateneo.net\/wordpress\/#organization"},"potentialAction":[{"@type":"SearchAction","target":{"@type":"EntryPoint","urlTemplate":"https:\/\/zapateneo.net\/wordpress\/?s={search_term_string}"},"query-input":{"@type":"PropertyValueSpecification","valueRequired":true,"valueName":"search_term_string"}}],"inLanguage":"es"},{"@type":"Organization","@id":"https:\/\/zapateneo.net\/wordpress\/#organization","name":"Zapateneo Kultur Elkartea","url":"https:\/\/zapateneo.net\/wordpress\/","logo":{"@type":"ImageObject","inLanguage":"es","@id":"https:\/\/zapateneo.net\/wordpress\/#\/schema\/logo\/image\/","url":"https:\/\/zapateneo.net\/wordpress\/wp-content\/uploads\/2021\/04\/zap-libu-kolec.jpg","contentUrl":"https:\/\/zapateneo.net\/wordpress\/wp-content\/uploads\/2021\/04\/zap-libu-kolec.jpg","width":2234,"height":398,"caption":"Zapateneo Kultur Elkartea"},"image":{"@id":"https:\/\/zapateneo.net\/wordpress\/#\/schema\/logo\/image\/"},"sameAs":["https:\/\/x.com\/zapateneo"]}]}},"_links":{"self":[{"href":"https:\/\/zapateneo.net\/wordpress\/index.php\/wp-json\/wp\/v2\/product\/15700","targetHints":{"allow":["GET"]}}],"collection":[{"href":"https:\/\/zapateneo.net\/wordpress\/index.php\/wp-json\/wp\/v2\/product"}],"about":[{"href":"https:\/\/zapateneo.net\/wordpress\/index.php\/wp-json\/wp\/v2\/types\/product"}],"wp:featuredmedia":[{"embeddable":true,"href":"https:\/\/zapateneo.net\/wordpress\/index.php\/wp-json\/wp\/v2\/media\/15730"}],"wp:attachment":[{"href":"https:\/\/zapateneo.net\/wordpress\/index.php\/wp-json\/wp\/v2\/media?parent=15700"}],"wp:term":[{"taxonomy":"product_brand","embeddable":true,"href":"https:\/\/zapateneo.net\/wordpress\/index.php\/wp-json\/wp\/v2\/product_brand?post=15700"},{"taxonomy":"product_cat","embeddable":true,"href":"https:\/\/zapateneo.net\/wordpress\/index.php\/wp-json\/wp\/v2\/product_cat?post=15700"},{"taxonomy":"product_tag","embeddable":true,"href":"https:\/\/zapateneo.net\/wordpress\/index.php\/wp-json\/wp\/v2\/product_tag?post=15700"}],"curies":[{"name":"wp","href":"https:\/\/api.w.org\/{rel}","templated":true}]}}