{"id":15684,"date":"2025-01-02T16:24:53","date_gmt":"2025-01-02T15:24:53","guid":{"rendered":"https:\/\/zapateneo.net\/wordpress\/?post_type=product&#038;p=15684"},"modified":"2025-01-02T16:24:58","modified_gmt":"2025-01-02T15:24:58","slug":"anarquismo-entre-rejas-rupturas-mutaciones-y-lineas-de-fuga","status":"publish","type":"product","link":"https:\/\/zapateneo.net\/wordpress\/index.php\/producto\/anarquismo-entre-rejas-rupturas-mutaciones-y-lineas-de-fuga\/","title":{"rendered":"Anarquismo entre rejas Rupturas, mutaciones y l\u00edneas de fuga"},"content":{"rendered":"<p>Este es un esfuerzo por adentrarse, desde otra mirada, en el tema carcelario y penitenciario del control y del dominio. Configura un trabajo sistem\u00e1tico por evidenciar posibilidades y resistencias no solo al sometimiento producto de los barrotes, sino tambi\u00e9n al tiempo muerto en prisi\u00f3n, a la normalizaci\u00f3n y al pan\u00f3ptico social. Se plantea adem\u00e1s un estudio sobre el metabolismo de las organizaciones de presos pol\u00edticos, sus l\u00edneas de fuga, sus mapas, muchos de ellos como nuevas conexiones de alteridad, como grupos micropol\u00edticos con capacidad incluso de transformaciones macro y desbordantes de los escenarios de sujeci\u00f3n.<\/p>\n<p>El an\u00e1lisis parte de tres momentos espec\u00edficos: el primero, un acercamiento hist\u00f3rico a la Coordinadora de Presos en Lucha (COPEL) en Espa\u00f1a (1975) y el Kamina Libre en Chile (1994), organizaciones cuyos contornos libertarios y mutaciones ideol\u00f3gicas y rupturistas, las convierten en referentes. El segundo momento analiza varios procesos de organizaci\u00f3n pol\u00edtica al interior de las prisiones colombianas desde los \u201890 hasta el 2006. El tercer momento analiza y se reflexiona sobre las diferentes mutaciones, rupturas y l\u00edneas de fuga a los procesos pol\u00edticos y agenciamientos de presos, como posibilidades y evidencias del surgimiento de nuevas miradas, pr\u00e1cticas y m\u00e9todos de resistencia. De la misma manera, se establecen y se visibilizan acontecimientos, l\u00edneas de evasi\u00f3n a las maneras de operar jer\u00e1rquica y estructuralmente (metamorfosis del marxismo-leninismo al anarquismo), proponi\u00e9ndose nuevos deseos revolucionarios que reconfiguran la individualidad, la colectividad, la autogesti\u00f3n, y la resistencia m\u00f3vil, din\u00e1mica y n\u00f3mada en prisi\u00f3n.<\/p>\n","protected":false},"excerpt":{"rendered":"<p><strong>William Andr\u00e9s Mesa C\u00e1rdenas<\/strong><br \/>\n9789871523337 &#8211; Terramar &#8211; 2024 &#8211; 140 p\u00e1ginas \/orri.<\/p>\n","protected":false},"featured_media":15693,"template":"","meta":[],"product_brand":[],"product_cat":[181,16],"product_tag":[5906,7042],"class_list":{"0":"post-15684","1":"product","2":"type-product","3":"status-publish","4":"has-post-thumbnail","6":"product_cat-bazterketa-soziala-eta-errepresioa-exclusion-social-y-represion","7":"product_cat-libros","8":"product_tag-terramar","9":"product_tag-william-andres-mesa-cardenas","11":"first","12":"instock","13":"sold-individually","14":"shipping-taxable","15":"purchasable","16":"product-type-simple"},"yoast_head":"<!-- This site is optimized with the Yoast SEO plugin v27.3 - https:\/\/yoast.com\/product\/yoast-seo-wordpress\/ -->\n<title>Anarquismo entre rejas Rupturas, mutaciones y l\u00edneas de fuga &#8212; Zapateneo<\/title>\n<meta name=\"robots\" content=\"index, follow, max-snippet:-1, max-image-preview:large, max-video-preview:-1\" \/>\n<link rel=\"canonical\" href=\"https:\/\/zapateneo.net\/wordpress\/index.php\/producto\/anarquismo-entre-rejas-rupturas-mutaciones-y-lineas-de-fuga\/\" \/>\n<meta property=\"og:locale\" content=\"es_ES\" \/>\n<meta property=\"og:type\" content=\"article\" \/>\n<meta property=\"og:title\" content=\"Anarquismo entre rejas Rupturas, mutaciones y l\u00edneas de fuga &#8212; Zapateneo\" \/>\n<meta property=\"og:description\" content=\"William Andr\u00e9s Mesa C\u00e1rdenas 9789871523337 - Terramar - 2024 - 140 p\u00e1ginas \/orri.\" \/>\n<meta property=\"og:url\" content=\"https:\/\/zapateneo.net\/wordpress\/index.php\/producto\/anarquismo-entre-rejas-rupturas-mutaciones-y-lineas-de-fuga\/\" \/>\n<meta property=\"og:site_name\" content=\"Zapateneo\" \/>\n<meta property=\"article:modified_time\" content=\"2025-01-02T15:24:58+00:00\" \/>\n<meta name=\"twitter:card\" content=\"summary_large_image\" \/>\n<meta name=\"twitter:site\" content=\"@zapateneo\" \/>\n<meta name=\"twitter:label1\" content=\"Tiempo de lectura\" \/>\n\t<meta name=\"twitter:data1\" content=\"1 minuto\" \/>\n<script type=\"application\/ld+json\" class=\"yoast-schema-graph\">{\"@context\":\"https:\\\/\\\/schema.org\",\"@graph\":[{\"@type\":\"WebPage\",\"@id\":\"https:\\\/\\\/zapateneo.net\\\/wordpress\\\/index.php\\\/producto\\\/anarquismo-entre-rejas-rupturas-mutaciones-y-lineas-de-fuga\\\/\",\"url\":\"https:\\\/\\\/zapateneo.net\\\/wordpress\\\/index.php\\\/producto\\\/anarquismo-entre-rejas-rupturas-mutaciones-y-lineas-de-fuga\\\/\",\"name\":\"Anarquismo entre rejas Rupturas, mutaciones y l\u00edneas de fuga &#8212; Zapateneo\",\"isPartOf\":{\"@id\":\"https:\\\/\\\/zapateneo.net\\\/wordpress\\\/#website\"},\"primaryImageOfPage\":{\"@id\":\"https:\\\/\\\/zapateneo.net\\\/wordpress\\\/index.php\\\/producto\\\/anarquismo-entre-rejas-rupturas-mutaciones-y-lineas-de-fuga\\\/#primaryimage\"},\"image\":{\"@id\":\"https:\\\/\\\/zapateneo.net\\\/wordpress\\\/index.php\\\/producto\\\/anarquismo-entre-rejas-rupturas-mutaciones-y-lineas-de-fuga\\\/#primaryimage\"},\"thumbnailUrl\":\"https:\\\/\\\/zapateneo.net\\\/wordpress\\\/wp-content\\\/uploads\\\/2025\\\/01\\\/9789871523337.jpg\",\"datePublished\":\"2025-01-02T15:24:53+00:00\",\"dateModified\":\"2025-01-02T15:24:58+00:00\",\"breadcrumb\":{\"@id\":\"https:\\\/\\\/zapateneo.net\\\/wordpress\\\/index.php\\\/producto\\\/anarquismo-entre-rejas-rupturas-mutaciones-y-lineas-de-fuga\\\/#breadcrumb\"},\"inLanguage\":\"es\",\"potentialAction\":[{\"@type\":\"ReadAction\",\"target\":[\"https:\\\/\\\/zapateneo.net\\\/wordpress\\\/index.php\\\/producto\\\/anarquismo-entre-rejas-rupturas-mutaciones-y-lineas-de-fuga\\\/\"]}]},{\"@type\":\"ImageObject\",\"inLanguage\":\"es\",\"@id\":\"https:\\\/\\\/zapateneo.net\\\/wordpress\\\/index.php\\\/producto\\\/anarquismo-entre-rejas-rupturas-mutaciones-y-lineas-de-fuga\\\/#primaryimage\",\"url\":\"https:\\\/\\\/zapateneo.net\\\/wordpress\\\/wp-content\\\/uploads\\\/2025\\\/01\\\/9789871523337.jpg\",\"contentUrl\":\"https:\\\/\\\/zapateneo.net\\\/wordpress\\\/wp-content\\\/uploads\\\/2025\\\/01\\\/9789871523337.jpg\",\"width\":200,\"height\":200},{\"@type\":\"BreadcrumbList\",\"@id\":\"https:\\\/\\\/zapateneo.net\\\/wordpress\\\/index.php\\\/producto\\\/anarquismo-entre-rejas-rupturas-mutaciones-y-lineas-de-fuga\\\/#breadcrumb\",\"itemListElement\":[{\"@type\":\"ListItem\",\"position\":1,\"name\":\"Portada\",\"item\":\"https:\\\/\\\/zapateneo.net\\\/wordpress\\\/\"},{\"@type\":\"ListItem\",\"position\":2,\"name\":\"Tienda\",\"item\":\"https:\\\/\\\/zapateneo.net\\\/wordpress\\\/\"},{\"@type\":\"ListItem\",\"position\":3,\"name\":\"Anarquismo entre rejas Rupturas, mutaciones y l\u00edneas de fuga\"}]},{\"@type\":\"WebSite\",\"@id\":\"https:\\\/\\\/zapateneo.net\\\/wordpress\\\/#website\",\"url\":\"https:\\\/\\\/zapateneo.net\\\/wordpress\\\/\",\"name\":\"Zapateneo\",\"description\":\"Zapateneoaren webgunea\",\"publisher\":{\"@id\":\"https:\\\/\\\/zapateneo.net\\\/wordpress\\\/#organization\"},\"potentialAction\":[{\"@type\":\"SearchAction\",\"target\":{\"@type\":\"EntryPoint\",\"urlTemplate\":\"https:\\\/\\\/zapateneo.net\\\/wordpress\\\/?s={search_term_string}\"},\"query-input\":{\"@type\":\"PropertyValueSpecification\",\"valueRequired\":true,\"valueName\":\"search_term_string\"}}],\"inLanguage\":\"es\"},{\"@type\":\"Organization\",\"@id\":\"https:\\\/\\\/zapateneo.net\\\/wordpress\\\/#organization\",\"name\":\"Zapateneo Kultur Elkartea\",\"url\":\"https:\\\/\\\/zapateneo.net\\\/wordpress\\\/\",\"logo\":{\"@type\":\"ImageObject\",\"inLanguage\":\"es\",\"@id\":\"https:\\\/\\\/zapateneo.net\\\/wordpress\\\/#\\\/schema\\\/logo\\\/image\\\/\",\"url\":\"https:\\\/\\\/zapateneo.net\\\/wordpress\\\/wp-content\\\/uploads\\\/2021\\\/04\\\/zap-libu-kolec.jpg\",\"contentUrl\":\"https:\\\/\\\/zapateneo.net\\\/wordpress\\\/wp-content\\\/uploads\\\/2021\\\/04\\\/zap-libu-kolec.jpg\",\"width\":2234,\"height\":398,\"caption\":\"Zapateneo Kultur Elkartea\"},\"image\":{\"@id\":\"https:\\\/\\\/zapateneo.net\\\/wordpress\\\/#\\\/schema\\\/logo\\\/image\\\/\"},\"sameAs\":[\"https:\\\/\\\/x.com\\\/zapateneo\"]}]}<\/script>\n<!-- \/ Yoast SEO plugin. -->","yoast_head_json":{"title":"Anarquismo entre rejas Rupturas, mutaciones y l\u00edneas de fuga &#8212; Zapateneo","robots":{"index":"index","follow":"follow","max-snippet":"max-snippet:-1","max-image-preview":"max-image-preview:large","max-video-preview":"max-video-preview:-1"},"canonical":"https:\/\/zapateneo.net\/wordpress\/index.php\/producto\/anarquismo-entre-rejas-rupturas-mutaciones-y-lineas-de-fuga\/","og_locale":"es_ES","og_type":"article","og_title":"Anarquismo entre rejas Rupturas, mutaciones y l\u00edneas de fuga &#8212; Zapateneo","og_description":"William Andr\u00e9s Mesa C\u00e1rdenas 9789871523337 - Terramar - 2024 - 140 p\u00e1ginas \/orri.","og_url":"https:\/\/zapateneo.net\/wordpress\/index.php\/producto\/anarquismo-entre-rejas-rupturas-mutaciones-y-lineas-de-fuga\/","og_site_name":"Zapateneo","article_modified_time":"2025-01-02T15:24:58+00:00","twitter_card":"summary_large_image","twitter_site":"@zapateneo","twitter_misc":{"Tiempo de lectura":"1 minuto"},"schema":{"@context":"https:\/\/schema.org","@graph":[{"@type":"WebPage","@id":"https:\/\/zapateneo.net\/wordpress\/index.php\/producto\/anarquismo-entre-rejas-rupturas-mutaciones-y-lineas-de-fuga\/","url":"https:\/\/zapateneo.net\/wordpress\/index.php\/producto\/anarquismo-entre-rejas-rupturas-mutaciones-y-lineas-de-fuga\/","name":"Anarquismo entre rejas Rupturas, mutaciones y l\u00edneas de fuga &#8212; Zapateneo","isPartOf":{"@id":"https:\/\/zapateneo.net\/wordpress\/#website"},"primaryImageOfPage":{"@id":"https:\/\/zapateneo.net\/wordpress\/index.php\/producto\/anarquismo-entre-rejas-rupturas-mutaciones-y-lineas-de-fuga\/#primaryimage"},"image":{"@id":"https:\/\/zapateneo.net\/wordpress\/index.php\/producto\/anarquismo-entre-rejas-rupturas-mutaciones-y-lineas-de-fuga\/#primaryimage"},"thumbnailUrl":"https:\/\/zapateneo.net\/wordpress\/wp-content\/uploads\/2025\/01\/9789871523337.jpg","datePublished":"2025-01-02T15:24:53+00:00","dateModified":"2025-01-02T15:24:58+00:00","breadcrumb":{"@id":"https:\/\/zapateneo.net\/wordpress\/index.php\/producto\/anarquismo-entre-rejas-rupturas-mutaciones-y-lineas-de-fuga\/#breadcrumb"},"inLanguage":"es","potentialAction":[{"@type":"ReadAction","target":["https:\/\/zapateneo.net\/wordpress\/index.php\/producto\/anarquismo-entre-rejas-rupturas-mutaciones-y-lineas-de-fuga\/"]}]},{"@type":"ImageObject","inLanguage":"es","@id":"https:\/\/zapateneo.net\/wordpress\/index.php\/producto\/anarquismo-entre-rejas-rupturas-mutaciones-y-lineas-de-fuga\/#primaryimage","url":"https:\/\/zapateneo.net\/wordpress\/wp-content\/uploads\/2025\/01\/9789871523337.jpg","contentUrl":"https:\/\/zapateneo.net\/wordpress\/wp-content\/uploads\/2025\/01\/9789871523337.jpg","width":200,"height":200},{"@type":"BreadcrumbList","@id":"https:\/\/zapateneo.net\/wordpress\/index.php\/producto\/anarquismo-entre-rejas-rupturas-mutaciones-y-lineas-de-fuga\/#breadcrumb","itemListElement":[{"@type":"ListItem","position":1,"name":"Portada","item":"https:\/\/zapateneo.net\/wordpress\/"},{"@type":"ListItem","position":2,"name":"Tienda","item":"https:\/\/zapateneo.net\/wordpress\/"},{"@type":"ListItem","position":3,"name":"Anarquismo entre rejas Rupturas, mutaciones y l\u00edneas de fuga"}]},{"@type":"WebSite","@id":"https:\/\/zapateneo.net\/wordpress\/#website","url":"https:\/\/zapateneo.net\/wordpress\/","name":"Zapateneo","description":"Zapateneoaren webgunea","publisher":{"@id":"https:\/\/zapateneo.net\/wordpress\/#organization"},"potentialAction":[{"@type":"SearchAction","target":{"@type":"EntryPoint","urlTemplate":"https:\/\/zapateneo.net\/wordpress\/?s={search_term_string}"},"query-input":{"@type":"PropertyValueSpecification","valueRequired":true,"valueName":"search_term_string"}}],"inLanguage":"es"},{"@type":"Organization","@id":"https:\/\/zapateneo.net\/wordpress\/#organization","name":"Zapateneo Kultur Elkartea","url":"https:\/\/zapateneo.net\/wordpress\/","logo":{"@type":"ImageObject","inLanguage":"es","@id":"https:\/\/zapateneo.net\/wordpress\/#\/schema\/logo\/image\/","url":"https:\/\/zapateneo.net\/wordpress\/wp-content\/uploads\/2021\/04\/zap-libu-kolec.jpg","contentUrl":"https:\/\/zapateneo.net\/wordpress\/wp-content\/uploads\/2021\/04\/zap-libu-kolec.jpg","width":2234,"height":398,"caption":"Zapateneo Kultur Elkartea"},"image":{"@id":"https:\/\/zapateneo.net\/wordpress\/#\/schema\/logo\/image\/"},"sameAs":["https:\/\/x.com\/zapateneo"]}]}},"_links":{"self":[{"href":"https:\/\/zapateneo.net\/wordpress\/index.php\/wp-json\/wp\/v2\/product\/15684","targetHints":{"allow":["GET"]}}],"collection":[{"href":"https:\/\/zapateneo.net\/wordpress\/index.php\/wp-json\/wp\/v2\/product"}],"about":[{"href":"https:\/\/zapateneo.net\/wordpress\/index.php\/wp-json\/wp\/v2\/types\/product"}],"wp:featuredmedia":[{"embeddable":true,"href":"https:\/\/zapateneo.net\/wordpress\/index.php\/wp-json\/wp\/v2\/media\/15693"}],"wp:attachment":[{"href":"https:\/\/zapateneo.net\/wordpress\/index.php\/wp-json\/wp\/v2\/media?parent=15684"}],"wp:term":[{"taxonomy":"product_brand","embeddable":true,"href":"https:\/\/zapateneo.net\/wordpress\/index.php\/wp-json\/wp\/v2\/product_brand?post=15684"},{"taxonomy":"product_cat","embeddable":true,"href":"https:\/\/zapateneo.net\/wordpress\/index.php\/wp-json\/wp\/v2\/product_cat?post=15684"},{"taxonomy":"product_tag","embeddable":true,"href":"https:\/\/zapateneo.net\/wordpress\/index.php\/wp-json\/wp\/v2\/product_tag?post=15684"}],"curies":[{"name":"wp","href":"https:\/\/api.w.org\/{rel}","templated":true}]}}