{"id":15681,"date":"2025-01-02T16:24:53","date_gmt":"2025-01-02T15:24:53","guid":{"rendered":"https:\/\/zapateneo.net\/wordpress\/?post_type=product&#038;p=15681"},"modified":"2025-01-02T16:24:57","modified_gmt":"2025-01-02T15:24:57","slug":"colonialismo-comunidad-y-capital-pensar-el-despojo-pensar-america-latina","status":"publish","type":"product","link":"https:\/\/zapateneo.net\/wordpress\/index.php\/producto\/colonialismo-comunidad-y-capital-pensar-el-despojo-pensar-america-latina\/","title":{"rendered":"COLONIALISMO, COMUNIDAD Y CAPITAL Pensar el despojo, pensar Am\u00e9rica Latina"},"content":{"rendered":"<p>Los textos aqu\u00ed reunidos analizan las intersecciones entre las herencias coloniales, las formas del despojo capitalista y las respuestas que han dado distintas experiencias comunitario-populares en Am\u00e9rica Latina. A partir del an\u00e1lisis de conflictos y realidades, de casos situados en escenarios diversos (M\u00e9xico, Guatemala, Brasil, Bolivia, Argentina y Chile), se busca apuntalar una mirada continental sobre lo territorial, lo comunitario y los comunes.<br \/>\nLa profundizaci\u00f3n del modelo neoliberal en el continente est\u00e1 signada por la persistencia hist\u00f3rica de modalidades de colonialismo que siguen operando bajo la l\u00f3gica del capital. Ante ello parte de los sujetos afectados han reaccionado a partir de sus propias tradiciones de organizaci\u00f3n, reelabor\u00e1ndolas y trastocando el sentido convencional de la participaci\u00f3n pol\u00edtica. La funci\u00f3n del Estado no ha perdido centralidad en este contexto, pero s\u00ed las formas de entenderlo y transformarlo.<br \/>\nLos textos que conforman este libro buscan contribuir al desarrollo de los movimientos comunitarios y populares con claves anal\u00edticas con y desde el rigor de la academia, para la comprensi\u00f3n de estos fen\u00f3menos.<\/p>\n","protected":false},"excerpt":{"rendered":"<p><strong>vvaa<\/strong><br \/>\n9789569364389 &#8211; Bajo Tierra &#8211; 2024 &#8211; 364 p\u00e1ginas \/orri.<\/p>\n","protected":false},"featured_media":15690,"template":"","meta":[],"product_brand":[],"product_cat":[179,16],"product_tag":[4497,6967],"class_list":{"0":"post-15681","1":"product","2":"type-product","3":"status-publish","4":"has-post-thumbnail","6":"product_cat-internazionalismoa-internacionalismo","7":"product_cat-libros","8":"product_tag-bajo-tierra","9":"product_tag-vvaa","11":"first","12":"instock","13":"sold-individually","14":"shipping-taxable","15":"purchasable","16":"product-type-simple"},"yoast_head":"<!-- This site is optimized with the Yoast SEO plugin v27.3 - https:\/\/yoast.com\/product\/yoast-seo-wordpress\/ -->\n<title>COLONIALISMO, COMUNIDAD Y CAPITAL Pensar el despojo, pensar Am\u00e9rica Latina &#8212; Zapateneo<\/title>\n<meta name=\"robots\" content=\"index, follow, max-snippet:-1, max-image-preview:large, max-video-preview:-1\" \/>\n<link rel=\"canonical\" href=\"https:\/\/zapateneo.net\/wordpress\/index.php\/producto\/colonialismo-comunidad-y-capital-pensar-el-despojo-pensar-america-latina\/\" \/>\n<meta property=\"og:locale\" content=\"es_ES\" \/>\n<meta property=\"og:type\" content=\"article\" \/>\n<meta property=\"og:title\" content=\"COLONIALISMO, COMUNIDAD Y CAPITAL Pensar el despojo, pensar Am\u00e9rica Latina &#8212; Zapateneo\" \/>\n<meta property=\"og:description\" content=\"vvaa 9789569364389 - Bajo Tierra - 2024 - 364 p\u00e1ginas \/orri.\" \/>\n<meta property=\"og:url\" content=\"https:\/\/zapateneo.net\/wordpress\/index.php\/producto\/colonialismo-comunidad-y-capital-pensar-el-despojo-pensar-america-latina\/\" \/>\n<meta property=\"og:site_name\" content=\"Zapateneo\" \/>\n<meta property=\"article:modified_time\" content=\"2025-01-02T15:24:57+00:00\" \/>\n<meta name=\"twitter:card\" content=\"summary_large_image\" \/>\n<meta name=\"twitter:site\" content=\"@zapateneo\" \/>\n<meta name=\"twitter:label1\" content=\"Tiempo de lectura\" \/>\n\t<meta name=\"twitter:data1\" content=\"1 minuto\" \/>\n<script type=\"application\/ld+json\" class=\"yoast-schema-graph\">{\"@context\":\"https:\\\/\\\/schema.org\",\"@graph\":[{\"@type\":\"WebPage\",\"@id\":\"https:\\\/\\\/zapateneo.net\\\/wordpress\\\/index.php\\\/producto\\\/colonialismo-comunidad-y-capital-pensar-el-despojo-pensar-america-latina\\\/\",\"url\":\"https:\\\/\\\/zapateneo.net\\\/wordpress\\\/index.php\\\/producto\\\/colonialismo-comunidad-y-capital-pensar-el-despojo-pensar-america-latina\\\/\",\"name\":\"COLONIALISMO, COMUNIDAD Y CAPITAL Pensar el despojo, pensar Am\u00e9rica Latina &#8212; Zapateneo\",\"isPartOf\":{\"@id\":\"https:\\\/\\\/zapateneo.net\\\/wordpress\\\/#website\"},\"primaryImageOfPage\":{\"@id\":\"https:\\\/\\\/zapateneo.net\\\/wordpress\\\/index.php\\\/producto\\\/colonialismo-comunidad-y-capital-pensar-el-despojo-pensar-america-latina\\\/#primaryimage\"},\"image\":{\"@id\":\"https:\\\/\\\/zapateneo.net\\\/wordpress\\\/index.php\\\/producto\\\/colonialismo-comunidad-y-capital-pensar-el-despojo-pensar-america-latina\\\/#primaryimage\"},\"thumbnailUrl\":\"https:\\\/\\\/zapateneo.net\\\/wordpress\\\/wp-content\\\/uploads\\\/2025\\\/01\\\/978956936438.jpeg\",\"datePublished\":\"2025-01-02T15:24:53+00:00\",\"dateModified\":\"2025-01-02T15:24:57+00:00\",\"breadcrumb\":{\"@id\":\"https:\\\/\\\/zapateneo.net\\\/wordpress\\\/index.php\\\/producto\\\/colonialismo-comunidad-y-capital-pensar-el-despojo-pensar-america-latina\\\/#breadcrumb\"},\"inLanguage\":\"es\",\"potentialAction\":[{\"@type\":\"ReadAction\",\"target\":[\"https:\\\/\\\/zapateneo.net\\\/wordpress\\\/index.php\\\/producto\\\/colonialismo-comunidad-y-capital-pensar-el-despojo-pensar-america-latina\\\/\"]}]},{\"@type\":\"ImageObject\",\"inLanguage\":\"es\",\"@id\":\"https:\\\/\\\/zapateneo.net\\\/wordpress\\\/index.php\\\/producto\\\/colonialismo-comunidad-y-capital-pensar-el-despojo-pensar-america-latina\\\/#primaryimage\",\"url\":\"https:\\\/\\\/zapateneo.net\\\/wordpress\\\/wp-content\\\/uploads\\\/2025\\\/01\\\/978956936438.jpeg\",\"contentUrl\":\"https:\\\/\\\/zapateneo.net\\\/wordpress\\\/wp-content\\\/uploads\\\/2025\\\/01\\\/978956936438.jpeg\",\"width\":240,\"height\":358},{\"@type\":\"BreadcrumbList\",\"@id\":\"https:\\\/\\\/zapateneo.net\\\/wordpress\\\/index.php\\\/producto\\\/colonialismo-comunidad-y-capital-pensar-el-despojo-pensar-america-latina\\\/#breadcrumb\",\"itemListElement\":[{\"@type\":\"ListItem\",\"position\":1,\"name\":\"Portada\",\"item\":\"https:\\\/\\\/zapateneo.net\\\/wordpress\\\/\"},{\"@type\":\"ListItem\",\"position\":2,\"name\":\"Tienda\",\"item\":\"https:\\\/\\\/zapateneo.net\\\/wordpress\\\/\"},{\"@type\":\"ListItem\",\"position\":3,\"name\":\"COLONIALISMO, COMUNIDAD Y CAPITAL Pensar el despojo, pensar Am\u00e9rica Latina\"}]},{\"@type\":\"WebSite\",\"@id\":\"https:\\\/\\\/zapateneo.net\\\/wordpress\\\/#website\",\"url\":\"https:\\\/\\\/zapateneo.net\\\/wordpress\\\/\",\"name\":\"Zapateneo\",\"description\":\"Zapateneoaren webgunea\",\"publisher\":{\"@id\":\"https:\\\/\\\/zapateneo.net\\\/wordpress\\\/#organization\"},\"potentialAction\":[{\"@type\":\"SearchAction\",\"target\":{\"@type\":\"EntryPoint\",\"urlTemplate\":\"https:\\\/\\\/zapateneo.net\\\/wordpress\\\/?s={search_term_string}\"},\"query-input\":{\"@type\":\"PropertyValueSpecification\",\"valueRequired\":true,\"valueName\":\"search_term_string\"}}],\"inLanguage\":\"es\"},{\"@type\":\"Organization\",\"@id\":\"https:\\\/\\\/zapateneo.net\\\/wordpress\\\/#organization\",\"name\":\"Zapateneo Kultur Elkartea\",\"url\":\"https:\\\/\\\/zapateneo.net\\\/wordpress\\\/\",\"logo\":{\"@type\":\"ImageObject\",\"inLanguage\":\"es\",\"@id\":\"https:\\\/\\\/zapateneo.net\\\/wordpress\\\/#\\\/schema\\\/logo\\\/image\\\/\",\"url\":\"https:\\\/\\\/zapateneo.net\\\/wordpress\\\/wp-content\\\/uploads\\\/2021\\\/04\\\/zap-libu-kolec.jpg\",\"contentUrl\":\"https:\\\/\\\/zapateneo.net\\\/wordpress\\\/wp-content\\\/uploads\\\/2021\\\/04\\\/zap-libu-kolec.jpg\",\"width\":2234,\"height\":398,\"caption\":\"Zapateneo Kultur Elkartea\"},\"image\":{\"@id\":\"https:\\\/\\\/zapateneo.net\\\/wordpress\\\/#\\\/schema\\\/logo\\\/image\\\/\"},\"sameAs\":[\"https:\\\/\\\/x.com\\\/zapateneo\"]}]}<\/script>\n<!-- \/ Yoast SEO plugin. -->","yoast_head_json":{"title":"COLONIALISMO, COMUNIDAD Y CAPITAL Pensar el despojo, pensar Am\u00e9rica Latina &#8212; Zapateneo","robots":{"index":"index","follow":"follow","max-snippet":"max-snippet:-1","max-image-preview":"max-image-preview:large","max-video-preview":"max-video-preview:-1"},"canonical":"https:\/\/zapateneo.net\/wordpress\/index.php\/producto\/colonialismo-comunidad-y-capital-pensar-el-despojo-pensar-america-latina\/","og_locale":"es_ES","og_type":"article","og_title":"COLONIALISMO, COMUNIDAD Y CAPITAL Pensar el despojo, pensar Am\u00e9rica Latina &#8212; Zapateneo","og_description":"vvaa 9789569364389 - Bajo Tierra - 2024 - 364 p\u00e1ginas \/orri.","og_url":"https:\/\/zapateneo.net\/wordpress\/index.php\/producto\/colonialismo-comunidad-y-capital-pensar-el-despojo-pensar-america-latina\/","og_site_name":"Zapateneo","article_modified_time":"2025-01-02T15:24:57+00:00","twitter_card":"summary_large_image","twitter_site":"@zapateneo","twitter_misc":{"Tiempo de lectura":"1 minuto"},"schema":{"@context":"https:\/\/schema.org","@graph":[{"@type":"WebPage","@id":"https:\/\/zapateneo.net\/wordpress\/index.php\/producto\/colonialismo-comunidad-y-capital-pensar-el-despojo-pensar-america-latina\/","url":"https:\/\/zapateneo.net\/wordpress\/index.php\/producto\/colonialismo-comunidad-y-capital-pensar-el-despojo-pensar-america-latina\/","name":"COLONIALISMO, COMUNIDAD Y CAPITAL Pensar el despojo, pensar Am\u00e9rica Latina &#8212; Zapateneo","isPartOf":{"@id":"https:\/\/zapateneo.net\/wordpress\/#website"},"primaryImageOfPage":{"@id":"https:\/\/zapateneo.net\/wordpress\/index.php\/producto\/colonialismo-comunidad-y-capital-pensar-el-despojo-pensar-america-latina\/#primaryimage"},"image":{"@id":"https:\/\/zapateneo.net\/wordpress\/index.php\/producto\/colonialismo-comunidad-y-capital-pensar-el-despojo-pensar-america-latina\/#primaryimage"},"thumbnailUrl":"https:\/\/zapateneo.net\/wordpress\/wp-content\/uploads\/2025\/01\/978956936438.jpeg","datePublished":"2025-01-02T15:24:53+00:00","dateModified":"2025-01-02T15:24:57+00:00","breadcrumb":{"@id":"https:\/\/zapateneo.net\/wordpress\/index.php\/producto\/colonialismo-comunidad-y-capital-pensar-el-despojo-pensar-america-latina\/#breadcrumb"},"inLanguage":"es","potentialAction":[{"@type":"ReadAction","target":["https:\/\/zapateneo.net\/wordpress\/index.php\/producto\/colonialismo-comunidad-y-capital-pensar-el-despojo-pensar-america-latina\/"]}]},{"@type":"ImageObject","inLanguage":"es","@id":"https:\/\/zapateneo.net\/wordpress\/index.php\/producto\/colonialismo-comunidad-y-capital-pensar-el-despojo-pensar-america-latina\/#primaryimage","url":"https:\/\/zapateneo.net\/wordpress\/wp-content\/uploads\/2025\/01\/978956936438.jpeg","contentUrl":"https:\/\/zapateneo.net\/wordpress\/wp-content\/uploads\/2025\/01\/978956936438.jpeg","width":240,"height":358},{"@type":"BreadcrumbList","@id":"https:\/\/zapateneo.net\/wordpress\/index.php\/producto\/colonialismo-comunidad-y-capital-pensar-el-despojo-pensar-america-latina\/#breadcrumb","itemListElement":[{"@type":"ListItem","position":1,"name":"Portada","item":"https:\/\/zapateneo.net\/wordpress\/"},{"@type":"ListItem","position":2,"name":"Tienda","item":"https:\/\/zapateneo.net\/wordpress\/"},{"@type":"ListItem","position":3,"name":"COLONIALISMO, COMUNIDAD Y CAPITAL Pensar el despojo, pensar Am\u00e9rica Latina"}]},{"@type":"WebSite","@id":"https:\/\/zapateneo.net\/wordpress\/#website","url":"https:\/\/zapateneo.net\/wordpress\/","name":"Zapateneo","description":"Zapateneoaren webgunea","publisher":{"@id":"https:\/\/zapateneo.net\/wordpress\/#organization"},"potentialAction":[{"@type":"SearchAction","target":{"@type":"EntryPoint","urlTemplate":"https:\/\/zapateneo.net\/wordpress\/?s={search_term_string}"},"query-input":{"@type":"PropertyValueSpecification","valueRequired":true,"valueName":"search_term_string"}}],"inLanguage":"es"},{"@type":"Organization","@id":"https:\/\/zapateneo.net\/wordpress\/#organization","name":"Zapateneo Kultur Elkartea","url":"https:\/\/zapateneo.net\/wordpress\/","logo":{"@type":"ImageObject","inLanguage":"es","@id":"https:\/\/zapateneo.net\/wordpress\/#\/schema\/logo\/image\/","url":"https:\/\/zapateneo.net\/wordpress\/wp-content\/uploads\/2021\/04\/zap-libu-kolec.jpg","contentUrl":"https:\/\/zapateneo.net\/wordpress\/wp-content\/uploads\/2021\/04\/zap-libu-kolec.jpg","width":2234,"height":398,"caption":"Zapateneo Kultur Elkartea"},"image":{"@id":"https:\/\/zapateneo.net\/wordpress\/#\/schema\/logo\/image\/"},"sameAs":["https:\/\/x.com\/zapateneo"]}]}},"_links":{"self":[{"href":"https:\/\/zapateneo.net\/wordpress\/index.php\/wp-json\/wp\/v2\/product\/15681","targetHints":{"allow":["GET"]}}],"collection":[{"href":"https:\/\/zapateneo.net\/wordpress\/index.php\/wp-json\/wp\/v2\/product"}],"about":[{"href":"https:\/\/zapateneo.net\/wordpress\/index.php\/wp-json\/wp\/v2\/types\/product"}],"wp:featuredmedia":[{"embeddable":true,"href":"https:\/\/zapateneo.net\/wordpress\/index.php\/wp-json\/wp\/v2\/media\/15690"}],"wp:attachment":[{"href":"https:\/\/zapateneo.net\/wordpress\/index.php\/wp-json\/wp\/v2\/media?parent=15681"}],"wp:term":[{"taxonomy":"product_brand","embeddable":true,"href":"https:\/\/zapateneo.net\/wordpress\/index.php\/wp-json\/wp\/v2\/product_brand?post=15681"},{"taxonomy":"product_cat","embeddable":true,"href":"https:\/\/zapateneo.net\/wordpress\/index.php\/wp-json\/wp\/v2\/product_cat?post=15681"},{"taxonomy":"product_tag","embeddable":true,"href":"https:\/\/zapateneo.net\/wordpress\/index.php\/wp-json\/wp\/v2\/product_tag?post=15681"}],"curies":[{"name":"wp","href":"https:\/\/api.w.org\/{rel}","templated":true}]}}