{"id":15679,"date":"2025-01-02T16:24:53","date_gmt":"2025-01-02T15:24:53","guid":{"rendered":"https:\/\/zapateneo.net\/wordpress\/?post_type=product&#038;p=15679"},"modified":"2025-01-02T16:24:56","modified_gmt":"2025-01-02T15:24:56","slug":"navegar-el-colapso-una-guia-para-enfrentar-la-crisis-civilizatoria-y-las-falsas-soluciones-al-cambio","status":"publish","type":"product","link":"https:\/\/zapateneo.net\/wordpress\/index.php\/producto\/navegar-el-colapso-una-guia-para-enfrentar-la-crisis-civilizatoria-y-las-falsas-soluciones-al-cambio\/","title":{"rendered":"Navegar el colapso Una gu\u00eda para enfrentar la crisis civilizatoria y las falsas soluciones al cambio"},"content":{"rendered":"<p>Las sesiones de la Convenci\u00f3n Marco de las Naciones Unidas para el Cambio Clim\u00e1tico, como las de Reino Unido en 2021 o la de Egipto en 2022, concluyen en resultados ambiguos, sin compromisos espec\u00edficos. Estas reuniones operan a trav\u00e9s de lo que se denominan falsas soluciones: la aglomeraci\u00f3n de discursos, tecnolog\u00edas, dispositivos financieros, medidas regulatorias y pol\u00edticas p\u00fablicas que de forma superficial ofrecen \u201csoluci\u00f3n\u201d a uno o varios de los problemas interconectados y asociados con la crisis clim\u00e1tica, pero sin modificar los principios ni las desigualdades del sistema econ\u00f3mico.<br \/>\nCon la participaci\u00f3n de m\u00e1s de 30 personas, el libro es una \u2018gu\u00eda\u2019 que permite tanto a quienes est\u00e1n familiarizados con los temas, como a quienes comienzan a informarse, reconocer las falsas soluciones promovidas por el sistema internacional de gobernanza clim\u00e1tica. Es una herramienta de consulta y una gu\u00eda de algunas de las cientos de alternativas que se desarrollan como las bases de una alternativa civilizatoria para combatir el sistema de colapso creado por la modernidad. Alternativas que constituyen un sistema basado en la esperanza, la confluencia de humanos y no humanos en solidaridad, para imaginar, concretar y habitar otros mundos.<\/p>\n","protected":false},"excerpt":{"rendered":"<p><strong>vvaa<\/strong><br \/>\n9786079984991 &#8211; Bajo Tierra &#8211; 2024 &#8211; 354 p\u00e1ginas \/orri.<\/p>\n","protected":false},"featured_media":15688,"template":"","meta":[],"product_brand":[],"product_cat":[180,16],"product_tag":[4497,6967],"class_list":{"0":"post-15679","1":"product","2":"type-product","3":"status-publish","4":"has-post-thumbnail","6":"product_cat-ekologia-ecologia","7":"product_cat-libros","8":"product_tag-bajo-tierra","9":"product_tag-vvaa","11":"first","12":"instock","13":"sold-individually","14":"shipping-taxable","15":"purchasable","16":"product-type-simple"},"yoast_head":"<!-- This site is optimized with the Yoast SEO plugin v27.3 - https:\/\/yoast.com\/product\/yoast-seo-wordpress\/ -->\n<title>Navegar el colapso Una gu\u00eda para enfrentar la crisis civilizatoria y las falsas soluciones al cambio &#8212; Zapateneo<\/title>\n<meta name=\"robots\" content=\"index, follow, max-snippet:-1, max-image-preview:large, max-video-preview:-1\" \/>\n<link rel=\"canonical\" href=\"https:\/\/zapateneo.net\/wordpress\/index.php\/producto\/navegar-el-colapso-una-guia-para-enfrentar-la-crisis-civilizatoria-y-las-falsas-soluciones-al-cambio\/\" \/>\n<meta property=\"og:locale\" content=\"es_ES\" \/>\n<meta property=\"og:type\" content=\"article\" \/>\n<meta property=\"og:title\" content=\"Navegar el colapso Una gu\u00eda para enfrentar la crisis civilizatoria y las falsas soluciones al cambio &#8212; Zapateneo\" \/>\n<meta property=\"og:description\" content=\"vvaa 9786079984991 - Bajo Tierra - 2024 - 354 p\u00e1ginas \/orri.\" \/>\n<meta property=\"og:url\" content=\"https:\/\/zapateneo.net\/wordpress\/index.php\/producto\/navegar-el-colapso-una-guia-para-enfrentar-la-crisis-civilizatoria-y-las-falsas-soluciones-al-cambio\/\" \/>\n<meta property=\"og:site_name\" content=\"Zapateneo\" \/>\n<meta property=\"article:modified_time\" content=\"2025-01-02T15:24:56+00:00\" \/>\n<meta name=\"twitter:card\" content=\"summary_large_image\" \/>\n<meta name=\"twitter:site\" content=\"@zapateneo\" \/>\n<meta name=\"twitter:label1\" content=\"Tiempo de lectura\" \/>\n\t<meta name=\"twitter:data1\" content=\"1 minuto\" \/>\n<script type=\"application\/ld+json\" class=\"yoast-schema-graph\">{\"@context\":\"https:\\\/\\\/schema.org\",\"@graph\":[{\"@type\":\"WebPage\",\"@id\":\"https:\\\/\\\/zapateneo.net\\\/wordpress\\\/index.php\\\/producto\\\/navegar-el-colapso-una-guia-para-enfrentar-la-crisis-civilizatoria-y-las-falsas-soluciones-al-cambio\\\/\",\"url\":\"https:\\\/\\\/zapateneo.net\\\/wordpress\\\/index.php\\\/producto\\\/navegar-el-colapso-una-guia-para-enfrentar-la-crisis-civilizatoria-y-las-falsas-soluciones-al-cambio\\\/\",\"name\":\"Navegar el colapso Una gu\u00eda para enfrentar la crisis civilizatoria y las falsas soluciones al cambio &#8212; Zapateneo\",\"isPartOf\":{\"@id\":\"https:\\\/\\\/zapateneo.net\\\/wordpress\\\/#website\"},\"primaryImageOfPage\":{\"@id\":\"https:\\\/\\\/zapateneo.net\\\/wordpress\\\/index.php\\\/producto\\\/navegar-el-colapso-una-guia-para-enfrentar-la-crisis-civilizatoria-y-las-falsas-soluciones-al-cambio\\\/#primaryimage\"},\"image\":{\"@id\":\"https:\\\/\\\/zapateneo.net\\\/wordpress\\\/index.php\\\/producto\\\/navegar-el-colapso-una-guia-para-enfrentar-la-crisis-civilizatoria-y-las-falsas-soluciones-al-cambio\\\/#primaryimage\"},\"thumbnailUrl\":\"https:\\\/\\\/zapateneo.net\\\/wordpress\\\/wp-content\\\/uploads\\\/2025\\\/01\\\/978607998499.jpeg\",\"datePublished\":\"2025-01-02T15:24:53+00:00\",\"dateModified\":\"2025-01-02T15:24:56+00:00\",\"breadcrumb\":{\"@id\":\"https:\\\/\\\/zapateneo.net\\\/wordpress\\\/index.php\\\/producto\\\/navegar-el-colapso-una-guia-para-enfrentar-la-crisis-civilizatoria-y-las-falsas-soluciones-al-cambio\\\/#breadcrumb\"},\"inLanguage\":\"es\",\"potentialAction\":[{\"@type\":\"ReadAction\",\"target\":[\"https:\\\/\\\/zapateneo.net\\\/wordpress\\\/index.php\\\/producto\\\/navegar-el-colapso-una-guia-para-enfrentar-la-crisis-civilizatoria-y-las-falsas-soluciones-al-cambio\\\/\"]}]},{\"@type\":\"ImageObject\",\"inLanguage\":\"es\",\"@id\":\"https:\\\/\\\/zapateneo.net\\\/wordpress\\\/index.php\\\/producto\\\/navegar-el-colapso-una-guia-para-enfrentar-la-crisis-civilizatoria-y-las-falsas-soluciones-al-cambio\\\/#primaryimage\",\"url\":\"https:\\\/\\\/zapateneo.net\\\/wordpress\\\/wp-content\\\/uploads\\\/2025\\\/01\\\/978607998499.jpeg\",\"contentUrl\":\"https:\\\/\\\/zapateneo.net\\\/wordpress\\\/wp-content\\\/uploads\\\/2025\\\/01\\\/978607998499.jpeg\",\"width\":220,\"height\":350},{\"@type\":\"BreadcrumbList\",\"@id\":\"https:\\\/\\\/zapateneo.net\\\/wordpress\\\/index.php\\\/producto\\\/navegar-el-colapso-una-guia-para-enfrentar-la-crisis-civilizatoria-y-las-falsas-soluciones-al-cambio\\\/#breadcrumb\",\"itemListElement\":[{\"@type\":\"ListItem\",\"position\":1,\"name\":\"Portada\",\"item\":\"https:\\\/\\\/zapateneo.net\\\/wordpress\\\/\"},{\"@type\":\"ListItem\",\"position\":2,\"name\":\"Tienda\",\"item\":\"https:\\\/\\\/zapateneo.net\\\/wordpress\\\/\"},{\"@type\":\"ListItem\",\"position\":3,\"name\":\"Navegar el colapso Una gu\u00eda para enfrentar la crisis civilizatoria y las falsas soluciones al cambio\"}]},{\"@type\":\"WebSite\",\"@id\":\"https:\\\/\\\/zapateneo.net\\\/wordpress\\\/#website\",\"url\":\"https:\\\/\\\/zapateneo.net\\\/wordpress\\\/\",\"name\":\"Zapateneo\",\"description\":\"Zapateneoaren webgunea\",\"publisher\":{\"@id\":\"https:\\\/\\\/zapateneo.net\\\/wordpress\\\/#organization\"},\"potentialAction\":[{\"@type\":\"SearchAction\",\"target\":{\"@type\":\"EntryPoint\",\"urlTemplate\":\"https:\\\/\\\/zapateneo.net\\\/wordpress\\\/?s={search_term_string}\"},\"query-input\":{\"@type\":\"PropertyValueSpecification\",\"valueRequired\":true,\"valueName\":\"search_term_string\"}}],\"inLanguage\":\"es\"},{\"@type\":\"Organization\",\"@id\":\"https:\\\/\\\/zapateneo.net\\\/wordpress\\\/#organization\",\"name\":\"Zapateneo Kultur Elkartea\",\"url\":\"https:\\\/\\\/zapateneo.net\\\/wordpress\\\/\",\"logo\":{\"@type\":\"ImageObject\",\"inLanguage\":\"es\",\"@id\":\"https:\\\/\\\/zapateneo.net\\\/wordpress\\\/#\\\/schema\\\/logo\\\/image\\\/\",\"url\":\"https:\\\/\\\/zapateneo.net\\\/wordpress\\\/wp-content\\\/uploads\\\/2021\\\/04\\\/zap-libu-kolec.jpg\",\"contentUrl\":\"https:\\\/\\\/zapateneo.net\\\/wordpress\\\/wp-content\\\/uploads\\\/2021\\\/04\\\/zap-libu-kolec.jpg\",\"width\":2234,\"height\":398,\"caption\":\"Zapateneo Kultur Elkartea\"},\"image\":{\"@id\":\"https:\\\/\\\/zapateneo.net\\\/wordpress\\\/#\\\/schema\\\/logo\\\/image\\\/\"},\"sameAs\":[\"https:\\\/\\\/x.com\\\/zapateneo\"]}]}<\/script>\n<!-- \/ Yoast SEO plugin. -->","yoast_head_json":{"title":"Navegar el colapso Una gu\u00eda para enfrentar la crisis civilizatoria y las falsas soluciones al cambio &#8212; Zapateneo","robots":{"index":"index","follow":"follow","max-snippet":"max-snippet:-1","max-image-preview":"max-image-preview:large","max-video-preview":"max-video-preview:-1"},"canonical":"https:\/\/zapateneo.net\/wordpress\/index.php\/producto\/navegar-el-colapso-una-guia-para-enfrentar-la-crisis-civilizatoria-y-las-falsas-soluciones-al-cambio\/","og_locale":"es_ES","og_type":"article","og_title":"Navegar el colapso Una gu\u00eda para enfrentar la crisis civilizatoria y las falsas soluciones al cambio &#8212; Zapateneo","og_description":"vvaa 9786079984991 - Bajo Tierra - 2024 - 354 p\u00e1ginas \/orri.","og_url":"https:\/\/zapateneo.net\/wordpress\/index.php\/producto\/navegar-el-colapso-una-guia-para-enfrentar-la-crisis-civilizatoria-y-las-falsas-soluciones-al-cambio\/","og_site_name":"Zapateneo","article_modified_time":"2025-01-02T15:24:56+00:00","twitter_card":"summary_large_image","twitter_site":"@zapateneo","twitter_misc":{"Tiempo de lectura":"1 minuto"},"schema":{"@context":"https:\/\/schema.org","@graph":[{"@type":"WebPage","@id":"https:\/\/zapateneo.net\/wordpress\/index.php\/producto\/navegar-el-colapso-una-guia-para-enfrentar-la-crisis-civilizatoria-y-las-falsas-soluciones-al-cambio\/","url":"https:\/\/zapateneo.net\/wordpress\/index.php\/producto\/navegar-el-colapso-una-guia-para-enfrentar-la-crisis-civilizatoria-y-las-falsas-soluciones-al-cambio\/","name":"Navegar el colapso Una gu\u00eda para enfrentar la crisis civilizatoria y las falsas soluciones al cambio &#8212; Zapateneo","isPartOf":{"@id":"https:\/\/zapateneo.net\/wordpress\/#website"},"primaryImageOfPage":{"@id":"https:\/\/zapateneo.net\/wordpress\/index.php\/producto\/navegar-el-colapso-una-guia-para-enfrentar-la-crisis-civilizatoria-y-las-falsas-soluciones-al-cambio\/#primaryimage"},"image":{"@id":"https:\/\/zapateneo.net\/wordpress\/index.php\/producto\/navegar-el-colapso-una-guia-para-enfrentar-la-crisis-civilizatoria-y-las-falsas-soluciones-al-cambio\/#primaryimage"},"thumbnailUrl":"https:\/\/zapateneo.net\/wordpress\/wp-content\/uploads\/2025\/01\/978607998499.jpeg","datePublished":"2025-01-02T15:24:53+00:00","dateModified":"2025-01-02T15:24:56+00:00","breadcrumb":{"@id":"https:\/\/zapateneo.net\/wordpress\/index.php\/producto\/navegar-el-colapso-una-guia-para-enfrentar-la-crisis-civilizatoria-y-las-falsas-soluciones-al-cambio\/#breadcrumb"},"inLanguage":"es","potentialAction":[{"@type":"ReadAction","target":["https:\/\/zapateneo.net\/wordpress\/index.php\/producto\/navegar-el-colapso-una-guia-para-enfrentar-la-crisis-civilizatoria-y-las-falsas-soluciones-al-cambio\/"]}]},{"@type":"ImageObject","inLanguage":"es","@id":"https:\/\/zapateneo.net\/wordpress\/index.php\/producto\/navegar-el-colapso-una-guia-para-enfrentar-la-crisis-civilizatoria-y-las-falsas-soluciones-al-cambio\/#primaryimage","url":"https:\/\/zapateneo.net\/wordpress\/wp-content\/uploads\/2025\/01\/978607998499.jpeg","contentUrl":"https:\/\/zapateneo.net\/wordpress\/wp-content\/uploads\/2025\/01\/978607998499.jpeg","width":220,"height":350},{"@type":"BreadcrumbList","@id":"https:\/\/zapateneo.net\/wordpress\/index.php\/producto\/navegar-el-colapso-una-guia-para-enfrentar-la-crisis-civilizatoria-y-las-falsas-soluciones-al-cambio\/#breadcrumb","itemListElement":[{"@type":"ListItem","position":1,"name":"Portada","item":"https:\/\/zapateneo.net\/wordpress\/"},{"@type":"ListItem","position":2,"name":"Tienda","item":"https:\/\/zapateneo.net\/wordpress\/"},{"@type":"ListItem","position":3,"name":"Navegar el colapso Una gu\u00eda para enfrentar la crisis civilizatoria y las falsas soluciones al cambio"}]},{"@type":"WebSite","@id":"https:\/\/zapateneo.net\/wordpress\/#website","url":"https:\/\/zapateneo.net\/wordpress\/","name":"Zapateneo","description":"Zapateneoaren webgunea","publisher":{"@id":"https:\/\/zapateneo.net\/wordpress\/#organization"},"potentialAction":[{"@type":"SearchAction","target":{"@type":"EntryPoint","urlTemplate":"https:\/\/zapateneo.net\/wordpress\/?s={search_term_string}"},"query-input":{"@type":"PropertyValueSpecification","valueRequired":true,"valueName":"search_term_string"}}],"inLanguage":"es"},{"@type":"Organization","@id":"https:\/\/zapateneo.net\/wordpress\/#organization","name":"Zapateneo Kultur Elkartea","url":"https:\/\/zapateneo.net\/wordpress\/","logo":{"@type":"ImageObject","inLanguage":"es","@id":"https:\/\/zapateneo.net\/wordpress\/#\/schema\/logo\/image\/","url":"https:\/\/zapateneo.net\/wordpress\/wp-content\/uploads\/2021\/04\/zap-libu-kolec.jpg","contentUrl":"https:\/\/zapateneo.net\/wordpress\/wp-content\/uploads\/2021\/04\/zap-libu-kolec.jpg","width":2234,"height":398,"caption":"Zapateneo Kultur Elkartea"},"image":{"@id":"https:\/\/zapateneo.net\/wordpress\/#\/schema\/logo\/image\/"},"sameAs":["https:\/\/x.com\/zapateneo"]}]}},"_links":{"self":[{"href":"https:\/\/zapateneo.net\/wordpress\/index.php\/wp-json\/wp\/v2\/product\/15679","targetHints":{"allow":["GET"]}}],"collection":[{"href":"https:\/\/zapateneo.net\/wordpress\/index.php\/wp-json\/wp\/v2\/product"}],"about":[{"href":"https:\/\/zapateneo.net\/wordpress\/index.php\/wp-json\/wp\/v2\/types\/product"}],"wp:featuredmedia":[{"embeddable":true,"href":"https:\/\/zapateneo.net\/wordpress\/index.php\/wp-json\/wp\/v2\/media\/15688"}],"wp:attachment":[{"href":"https:\/\/zapateneo.net\/wordpress\/index.php\/wp-json\/wp\/v2\/media?parent=15679"}],"wp:term":[{"taxonomy":"product_brand","embeddable":true,"href":"https:\/\/zapateneo.net\/wordpress\/index.php\/wp-json\/wp\/v2\/product_brand?post=15679"},{"taxonomy":"product_cat","embeddable":true,"href":"https:\/\/zapateneo.net\/wordpress\/index.php\/wp-json\/wp\/v2\/product_cat?post=15679"},{"taxonomy":"product_tag","embeddable":true,"href":"https:\/\/zapateneo.net\/wordpress\/index.php\/wp-json\/wp\/v2\/product_tag?post=15679"}],"curies":[{"name":"wp","href":"https:\/\/api.w.org\/{rel}","templated":true}]}}