{"id":15678,"date":"2025-01-02T16:24:53","date_gmt":"2025-01-02T15:24:53","guid":{"rendered":"https:\/\/zapateneo.net\/wordpress\/?post_type=product&#038;p=15678"},"modified":"2025-01-02T16:24:56","modified_gmt":"2025-01-02T15:24:56","slug":"torcer-la-palabra-escrituras-obrera-feministas","status":"publish","type":"product","link":"https:\/\/zapateneo.net\/wordpress\/index.php\/producto\/torcer-la-palabra-escrituras-obrera-feministas\/","title":{"rendered":"TORCER LA PALABRA Escrituras obrera-feministas"},"content":{"rendered":"<p>Esta compilaci\u00f3n de textos de principios de sXX es un excelente ejemplo de historiograf\u00eda feminista y obrera. Los art\u00edculos de destacadas militantes de las incipientes asociaciones de trabajadores, publicados en La Alborada (1905-1907) y La Palanca (1908), permiten seguir el desarrollo de la conciencia obrera (la necesidad de organizarse) pero tambi\u00e9n el despertar de la conciencia feminista (de su espec\u00edfica situaci\u00f3n laboral, del dominio de los hombres que las relegan a papeles subordinados en el seno de las organizaciones, de la necesidad de defenderse como mujeres y no solo como obreras). De los iniciales escritos sobre eventos del asociacionismo obrero chileno, las autoras van pasando a plantear la urgencia de tener prensa feminista obrera y una red de espacios para la defensa y mejora de la condici\u00f3n de la trabajadora.<br \/>\nLeer y consultar estos textos resitua en el tiempo hist\u00f3rico y actualiza el malestar feminista de nuestro presente, evidenciando continuidades, deudas y retrocesos de una matriz y raz\u00f3n patriarcal que sigue ordenando la vida y el trabajo. Los textos no s\u00f3lo se detienen a pensar y describir la situaci\u00f3n feminista en un contexto de lucha de clases en Chile, si no que nos devuelven, como reflujo, un cuestionamiento del presente: \u00bfc\u00f3mo torce la hegemon\u00eda?, \u00bfc\u00f3mo escribir colectivamente?, \u00bfc\u00f3mo pensar producci\u00f3n y reproducci\u00f3n desde el mundo del trabajo?<br \/>\nLos art\u00edculos corresponden a la producci\u00f3n para dichos peri\u00f3dicos de Carmela Jeria, fundadora de La Alborada y colaboradora de La Palanca; de Esther Vald\u00e9s, colaboradora de La Alborada y fundadora de La Palanca y de Elo\u00edsa Zurita corresponsal en Antofagasta de La Alborada. Se incluyen adem\u00e1s, textos de Selva, Sara C\u00e1diz, Baudina Pessini y Silvana G., colaboradoras de estas publicaciones. Estos textos permiten entender \u00abla trama de colaboraci\u00f3n entre mujeres, as\u00ed como [sirven] para dimensionar su incidencia en la prensa obrera de la \u00e9poca y, por supuesto, presentan una serie de reflexiones pol\u00edticas feministas sobre el trabajo, la educaci\u00f3n, la econom\u00eda y la solidaridad\u00bb.<br \/>\nAl igual que los compiladores de estos art\u00edculos, esperamos que este trabajo contribuya a poner en circulaci\u00f3n textos desconocidos \u2013o m\u00e1s bien omitidos y ocultados\u2013, que puedan ser conocidos por todas y todos, y que las feministas de hoy puedan encontrar inspiraci\u00f3n en el esfuerzo inconmensurable de estas mujeres precursoras de las luchas actuales y en tantos otros momentos de intensa disputa de las hegemon\u00edas en el curso de nuestra historia.<\/p>\n","protected":false},"excerpt":{"rendered":"<p><strong>Colectivo Catrileo+Carri\u00f3n<\/strong><br \/>\n9789569364235 &#8211; Tiempo robado &#8211; 2024 &#8211; 206 p\u00e1ginas \/orri.<\/p>\n","protected":false},"featured_media":15687,"template":"","meta":[],"product_brand":[],"product_cat":[174,16],"product_tag":[7039,6715],"class_list":{"0":"post-15678","1":"product","2":"type-product","3":"status-publish","4":"has-post-thumbnail","6":"product_cat-generoak-generos","7":"product_cat-libros","8":"product_tag-colectivo-catrileocarrion","9":"product_tag-tiempo-robado","11":"first","12":"instock","13":"sold-individually","14":"shipping-taxable","15":"purchasable","16":"product-type-simple"},"yoast_head":"<!-- This site is optimized with the Yoast SEO plugin v27.3 - https:\/\/yoast.com\/product\/yoast-seo-wordpress\/ -->\n<title>TORCER LA PALABRA Escrituras obrera-feministas &#8212; Zapateneo<\/title>\n<meta name=\"robots\" content=\"index, follow, max-snippet:-1, max-image-preview:large, max-video-preview:-1\" \/>\n<link rel=\"canonical\" href=\"https:\/\/zapateneo.net\/wordpress\/index.php\/producto\/torcer-la-palabra-escrituras-obrera-feministas\/\" \/>\n<meta property=\"og:locale\" content=\"es_ES\" \/>\n<meta property=\"og:type\" content=\"article\" \/>\n<meta property=\"og:title\" content=\"TORCER LA PALABRA Escrituras obrera-feministas &#8212; Zapateneo\" \/>\n<meta property=\"og:description\" content=\"Colectivo Catrileo+Carri\u00f3n 9789569364235 - Tiempo robado - 2024 - 206 p\u00e1ginas \/orri.\" \/>\n<meta property=\"og:url\" content=\"https:\/\/zapateneo.net\/wordpress\/index.php\/producto\/torcer-la-palabra-escrituras-obrera-feministas\/\" \/>\n<meta property=\"og:site_name\" content=\"Zapateneo\" \/>\n<meta property=\"article:modified_time\" content=\"2025-01-02T15:24:56+00:00\" \/>\n<meta name=\"twitter:card\" content=\"summary_large_image\" \/>\n<meta name=\"twitter:site\" content=\"@zapateneo\" \/>\n<meta name=\"twitter:label1\" content=\"Tiempo de lectura\" \/>\n\t<meta name=\"twitter:data1\" content=\"2 minutos\" \/>\n<script type=\"application\/ld+json\" class=\"yoast-schema-graph\">{\"@context\":\"https:\\\/\\\/schema.org\",\"@graph\":[{\"@type\":\"WebPage\",\"@id\":\"https:\\\/\\\/zapateneo.net\\\/wordpress\\\/index.php\\\/producto\\\/torcer-la-palabra-escrituras-obrera-feministas\\\/\",\"url\":\"https:\\\/\\\/zapateneo.net\\\/wordpress\\\/index.php\\\/producto\\\/torcer-la-palabra-escrituras-obrera-feministas\\\/\",\"name\":\"TORCER LA PALABRA Escrituras obrera-feministas &#8212; Zapateneo\",\"isPartOf\":{\"@id\":\"https:\\\/\\\/zapateneo.net\\\/wordpress\\\/#website\"},\"primaryImageOfPage\":{\"@id\":\"https:\\\/\\\/zapateneo.net\\\/wordpress\\\/index.php\\\/producto\\\/torcer-la-palabra-escrituras-obrera-feministas\\\/#primaryimage\"},\"image\":{\"@id\":\"https:\\\/\\\/zapateneo.net\\\/wordpress\\\/index.php\\\/producto\\\/torcer-la-palabra-escrituras-obrera-feministas\\\/#primaryimage\"},\"thumbnailUrl\":\"https:\\\/\\\/zapateneo.net\\\/wordpress\\\/wp-content\\\/uploads\\\/2025\\\/01\\\/9789569364235.jpeg\",\"datePublished\":\"2025-01-02T15:24:53+00:00\",\"dateModified\":\"2025-01-02T15:24:56+00:00\",\"breadcrumb\":{\"@id\":\"https:\\\/\\\/zapateneo.net\\\/wordpress\\\/index.php\\\/producto\\\/torcer-la-palabra-escrituras-obrera-feministas\\\/#breadcrumb\"},\"inLanguage\":\"es\",\"potentialAction\":[{\"@type\":\"ReadAction\",\"target\":[\"https:\\\/\\\/zapateneo.net\\\/wordpress\\\/index.php\\\/producto\\\/torcer-la-palabra-escrituras-obrera-feministas\\\/\"]}]},{\"@type\":\"ImageObject\",\"inLanguage\":\"es\",\"@id\":\"https:\\\/\\\/zapateneo.net\\\/wordpress\\\/index.php\\\/producto\\\/torcer-la-palabra-escrituras-obrera-feministas\\\/#primaryimage\",\"url\":\"https:\\\/\\\/zapateneo.net\\\/wordpress\\\/wp-content\\\/uploads\\\/2025\\\/01\\\/9789569364235.jpeg\",\"contentUrl\":\"https:\\\/\\\/zapateneo.net\\\/wordpress\\\/wp-content\\\/uploads\\\/2025\\\/01\\\/9789569364235.jpeg\",\"width\":200,\"height\":301},{\"@type\":\"BreadcrumbList\",\"@id\":\"https:\\\/\\\/zapateneo.net\\\/wordpress\\\/index.php\\\/producto\\\/torcer-la-palabra-escrituras-obrera-feministas\\\/#breadcrumb\",\"itemListElement\":[{\"@type\":\"ListItem\",\"position\":1,\"name\":\"Portada\",\"item\":\"https:\\\/\\\/zapateneo.net\\\/wordpress\\\/\"},{\"@type\":\"ListItem\",\"position\":2,\"name\":\"Tienda\",\"item\":\"https:\\\/\\\/zapateneo.net\\\/wordpress\\\/\"},{\"@type\":\"ListItem\",\"position\":3,\"name\":\"TORCER LA PALABRA Escrituras obrera-feministas\"}]},{\"@type\":\"WebSite\",\"@id\":\"https:\\\/\\\/zapateneo.net\\\/wordpress\\\/#website\",\"url\":\"https:\\\/\\\/zapateneo.net\\\/wordpress\\\/\",\"name\":\"Zapateneo\",\"description\":\"Zapateneoaren webgunea\",\"publisher\":{\"@id\":\"https:\\\/\\\/zapateneo.net\\\/wordpress\\\/#organization\"},\"potentialAction\":[{\"@type\":\"SearchAction\",\"target\":{\"@type\":\"EntryPoint\",\"urlTemplate\":\"https:\\\/\\\/zapateneo.net\\\/wordpress\\\/?s={search_term_string}\"},\"query-input\":{\"@type\":\"PropertyValueSpecification\",\"valueRequired\":true,\"valueName\":\"search_term_string\"}}],\"inLanguage\":\"es\"},{\"@type\":\"Organization\",\"@id\":\"https:\\\/\\\/zapateneo.net\\\/wordpress\\\/#organization\",\"name\":\"Zapateneo Kultur Elkartea\",\"url\":\"https:\\\/\\\/zapateneo.net\\\/wordpress\\\/\",\"logo\":{\"@type\":\"ImageObject\",\"inLanguage\":\"es\",\"@id\":\"https:\\\/\\\/zapateneo.net\\\/wordpress\\\/#\\\/schema\\\/logo\\\/image\\\/\",\"url\":\"https:\\\/\\\/zapateneo.net\\\/wordpress\\\/wp-content\\\/uploads\\\/2021\\\/04\\\/zap-libu-kolec.jpg\",\"contentUrl\":\"https:\\\/\\\/zapateneo.net\\\/wordpress\\\/wp-content\\\/uploads\\\/2021\\\/04\\\/zap-libu-kolec.jpg\",\"width\":2234,\"height\":398,\"caption\":\"Zapateneo Kultur Elkartea\"},\"image\":{\"@id\":\"https:\\\/\\\/zapateneo.net\\\/wordpress\\\/#\\\/schema\\\/logo\\\/image\\\/\"},\"sameAs\":[\"https:\\\/\\\/x.com\\\/zapateneo\"]}]}<\/script>\n<!-- \/ Yoast SEO plugin. -->","yoast_head_json":{"title":"TORCER LA PALABRA Escrituras obrera-feministas &#8212; Zapateneo","robots":{"index":"index","follow":"follow","max-snippet":"max-snippet:-1","max-image-preview":"max-image-preview:large","max-video-preview":"max-video-preview:-1"},"canonical":"https:\/\/zapateneo.net\/wordpress\/index.php\/producto\/torcer-la-palabra-escrituras-obrera-feministas\/","og_locale":"es_ES","og_type":"article","og_title":"TORCER LA PALABRA Escrituras obrera-feministas &#8212; Zapateneo","og_description":"Colectivo Catrileo+Carri\u00f3n 9789569364235 - Tiempo robado - 2024 - 206 p\u00e1ginas \/orri.","og_url":"https:\/\/zapateneo.net\/wordpress\/index.php\/producto\/torcer-la-palabra-escrituras-obrera-feministas\/","og_site_name":"Zapateneo","article_modified_time":"2025-01-02T15:24:56+00:00","twitter_card":"summary_large_image","twitter_site":"@zapateneo","twitter_misc":{"Tiempo de lectura":"2 minutos"},"schema":{"@context":"https:\/\/schema.org","@graph":[{"@type":"WebPage","@id":"https:\/\/zapateneo.net\/wordpress\/index.php\/producto\/torcer-la-palabra-escrituras-obrera-feministas\/","url":"https:\/\/zapateneo.net\/wordpress\/index.php\/producto\/torcer-la-palabra-escrituras-obrera-feministas\/","name":"TORCER LA PALABRA Escrituras obrera-feministas &#8212; Zapateneo","isPartOf":{"@id":"https:\/\/zapateneo.net\/wordpress\/#website"},"primaryImageOfPage":{"@id":"https:\/\/zapateneo.net\/wordpress\/index.php\/producto\/torcer-la-palabra-escrituras-obrera-feministas\/#primaryimage"},"image":{"@id":"https:\/\/zapateneo.net\/wordpress\/index.php\/producto\/torcer-la-palabra-escrituras-obrera-feministas\/#primaryimage"},"thumbnailUrl":"https:\/\/zapateneo.net\/wordpress\/wp-content\/uploads\/2025\/01\/9789569364235.jpeg","datePublished":"2025-01-02T15:24:53+00:00","dateModified":"2025-01-02T15:24:56+00:00","breadcrumb":{"@id":"https:\/\/zapateneo.net\/wordpress\/index.php\/producto\/torcer-la-palabra-escrituras-obrera-feministas\/#breadcrumb"},"inLanguage":"es","potentialAction":[{"@type":"ReadAction","target":["https:\/\/zapateneo.net\/wordpress\/index.php\/producto\/torcer-la-palabra-escrituras-obrera-feministas\/"]}]},{"@type":"ImageObject","inLanguage":"es","@id":"https:\/\/zapateneo.net\/wordpress\/index.php\/producto\/torcer-la-palabra-escrituras-obrera-feministas\/#primaryimage","url":"https:\/\/zapateneo.net\/wordpress\/wp-content\/uploads\/2025\/01\/9789569364235.jpeg","contentUrl":"https:\/\/zapateneo.net\/wordpress\/wp-content\/uploads\/2025\/01\/9789569364235.jpeg","width":200,"height":301},{"@type":"BreadcrumbList","@id":"https:\/\/zapateneo.net\/wordpress\/index.php\/producto\/torcer-la-palabra-escrituras-obrera-feministas\/#breadcrumb","itemListElement":[{"@type":"ListItem","position":1,"name":"Portada","item":"https:\/\/zapateneo.net\/wordpress\/"},{"@type":"ListItem","position":2,"name":"Tienda","item":"https:\/\/zapateneo.net\/wordpress\/"},{"@type":"ListItem","position":3,"name":"TORCER LA PALABRA Escrituras obrera-feministas"}]},{"@type":"WebSite","@id":"https:\/\/zapateneo.net\/wordpress\/#website","url":"https:\/\/zapateneo.net\/wordpress\/","name":"Zapateneo","description":"Zapateneoaren webgunea","publisher":{"@id":"https:\/\/zapateneo.net\/wordpress\/#organization"},"potentialAction":[{"@type":"SearchAction","target":{"@type":"EntryPoint","urlTemplate":"https:\/\/zapateneo.net\/wordpress\/?s={search_term_string}"},"query-input":{"@type":"PropertyValueSpecification","valueRequired":true,"valueName":"search_term_string"}}],"inLanguage":"es"},{"@type":"Organization","@id":"https:\/\/zapateneo.net\/wordpress\/#organization","name":"Zapateneo Kultur Elkartea","url":"https:\/\/zapateneo.net\/wordpress\/","logo":{"@type":"ImageObject","inLanguage":"es","@id":"https:\/\/zapateneo.net\/wordpress\/#\/schema\/logo\/image\/","url":"https:\/\/zapateneo.net\/wordpress\/wp-content\/uploads\/2021\/04\/zap-libu-kolec.jpg","contentUrl":"https:\/\/zapateneo.net\/wordpress\/wp-content\/uploads\/2021\/04\/zap-libu-kolec.jpg","width":2234,"height":398,"caption":"Zapateneo Kultur Elkartea"},"image":{"@id":"https:\/\/zapateneo.net\/wordpress\/#\/schema\/logo\/image\/"},"sameAs":["https:\/\/x.com\/zapateneo"]}]}},"_links":{"self":[{"href":"https:\/\/zapateneo.net\/wordpress\/index.php\/wp-json\/wp\/v2\/product\/15678","targetHints":{"allow":["GET"]}}],"collection":[{"href":"https:\/\/zapateneo.net\/wordpress\/index.php\/wp-json\/wp\/v2\/product"}],"about":[{"href":"https:\/\/zapateneo.net\/wordpress\/index.php\/wp-json\/wp\/v2\/types\/product"}],"wp:featuredmedia":[{"embeddable":true,"href":"https:\/\/zapateneo.net\/wordpress\/index.php\/wp-json\/wp\/v2\/media\/15687"}],"wp:attachment":[{"href":"https:\/\/zapateneo.net\/wordpress\/index.php\/wp-json\/wp\/v2\/media?parent=15678"}],"wp:term":[{"taxonomy":"product_brand","embeddable":true,"href":"https:\/\/zapateneo.net\/wordpress\/index.php\/wp-json\/wp\/v2\/product_brand?post=15678"},{"taxonomy":"product_cat","embeddable":true,"href":"https:\/\/zapateneo.net\/wordpress\/index.php\/wp-json\/wp\/v2\/product_cat?post=15678"},{"taxonomy":"product_tag","embeddable":true,"href":"https:\/\/zapateneo.net\/wordpress\/index.php\/wp-json\/wp\/v2\/product_tag?post=15678"}],"curies":[{"name":"wp","href":"https:\/\/api.w.org\/{rel}","templated":true}]}}