{"id":15658,"date":"2025-01-02T13:08:03","date_gmt":"2025-01-02T12:08:03","guid":{"rendered":"https:\/\/zapateneo.net\/wordpress\/?post_type=product&#038;p=15658"},"modified":"2025-01-02T13:08:09","modified_gmt":"2025-01-02T12:08:09","slug":"masculinidades-gays-y-maricas-en-la-cultura-espanola-contemporanea","status":"publish","type":"product","link":"https:\/\/zapateneo.net\/wordpress\/index.php\/producto\/masculinidades-gays-y-maricas-en-la-cultura-espanola-contemporanea\/","title":{"rendered":"Masculinidades gays y maricas En la cultura espa\u00f1ola contempor\u00e1nea"},"content":{"rendered":"<p>Este libro analiza la diversidad de masculinidades de los hombres gays y maricas en la cultura espa\u00f1ola desde 1975 hasta la actualidad. Se exploran las m\u00faltiples formas en que los hombres gays y maricas encarnan y entienden la virilidad, desde posiciones c\u00f3mplices con la masculinidad hegem\u00f3nica hasta las masculinidades alternativas alejadas del comportamiento normativo. Los once cap\u00edtulos de este libro cubren diversos g\u00e9neros literarios y audiovisuales como la narrativa, la poes\u00eda, el teatro, la televisi\u00f3n y el cine. Se abordan distintos tipos de masculinidades gays como la disidente, la hedonista, la intelectual, la homonormativa, la seropositiva, la basada en los afectos y la de los hombres con diversidad funcional. Se estudian diversos escritores y directores, algunos distinguidos en el canon gay espa\u00f1ol (Rafael Chirbes, Vicente Molina Foix, Dionisio Ca\u00f1as) y otros reconocidos m\u00e1s recientemente (Roberto P\u00e9rez Toledo, H\u00e9ctor Lozano, Juanjo Olasagarre, \u00c1ngelo N\u00e9store). Los cap\u00edtulos indagan en las masculinidades desde una perspectiva interseccional, considerando m\u00faltiples aspectos identitarios como la clase social, la edad, la raza, la diversidad funcional y la identidad nacional.<\/p>\n<p>\u00ab\u00a1A Dios pongo por testigo! \u00a1A Dios pongo por testigo que ni yo ni ninguna otra mariquita volveremos a sufrir humillaciones!\u00bb.<\/p>\n","protected":false},"excerpt":{"rendered":"<p><strong>Iker Gonz\u00e1lez Allende<\/strong><br \/>\n9788419728654 &#8211; Egales &#8211; 2024 &#8211; 382 p\u00e1ginas \/orri.<\/p>\n","protected":false},"featured_media":15673,"template":"","meta":[],"product_brand":[],"product_cat":[174,16],"product_tag":[1199,7036],"class_list":{"0":"post-15658","1":"product","2":"type-product","3":"status-publish","4":"has-post-thumbnail","6":"product_cat-generoak-generos","7":"product_cat-libros","8":"product_tag-egales","9":"product_tag-iker-gonzalez-allende","11":"first","12":"instock","13":"sold-individually","14":"shipping-taxable","15":"purchasable","16":"product-type-simple"},"yoast_head":"<!-- This site is optimized with the Yoast SEO plugin v27.3 - https:\/\/yoast.com\/product\/yoast-seo-wordpress\/ -->\n<title>Masculinidades gays y maricas En la cultura espa\u00f1ola contempor\u00e1nea &#8212; Zapateneo<\/title>\n<meta name=\"robots\" content=\"index, follow, max-snippet:-1, max-image-preview:large, max-video-preview:-1\" \/>\n<link rel=\"canonical\" href=\"https:\/\/zapateneo.net\/wordpress\/index.php\/producto\/masculinidades-gays-y-maricas-en-la-cultura-espanola-contemporanea\/\" \/>\n<meta property=\"og:locale\" content=\"es_ES\" \/>\n<meta property=\"og:type\" content=\"article\" \/>\n<meta property=\"og:title\" content=\"Masculinidades gays y maricas En la cultura espa\u00f1ola contempor\u00e1nea &#8212; Zapateneo\" \/>\n<meta property=\"og:description\" content=\"Iker Gonz\u00e1lez Allende 9788419728654 - Egales - 2024 - 382 p\u00e1ginas \/orri.\" \/>\n<meta property=\"og:url\" content=\"https:\/\/zapateneo.net\/wordpress\/index.php\/producto\/masculinidades-gays-y-maricas-en-la-cultura-espanola-contemporanea\/\" \/>\n<meta property=\"og:site_name\" content=\"Zapateneo\" \/>\n<meta property=\"article:modified_time\" content=\"2025-01-02T12:08:09+00:00\" \/>\n<meta name=\"twitter:card\" content=\"summary_large_image\" \/>\n<meta name=\"twitter:site\" content=\"@zapateneo\" \/>\n<meta name=\"twitter:label1\" content=\"Tiempo de lectura\" \/>\n\t<meta name=\"twitter:data1\" content=\"1 minuto\" \/>\n<script type=\"application\/ld+json\" class=\"yoast-schema-graph\">{\"@context\":\"https:\\\/\\\/schema.org\",\"@graph\":[{\"@type\":\"WebPage\",\"@id\":\"https:\\\/\\\/zapateneo.net\\\/wordpress\\\/index.php\\\/producto\\\/masculinidades-gays-y-maricas-en-la-cultura-espanola-contemporanea\\\/\",\"url\":\"https:\\\/\\\/zapateneo.net\\\/wordpress\\\/index.php\\\/producto\\\/masculinidades-gays-y-maricas-en-la-cultura-espanola-contemporanea\\\/\",\"name\":\"Masculinidades gays y maricas En la cultura espa\u00f1ola contempor\u00e1nea &#8212; Zapateneo\",\"isPartOf\":{\"@id\":\"https:\\\/\\\/zapateneo.net\\\/wordpress\\\/#website\"},\"primaryImageOfPage\":{\"@id\":\"https:\\\/\\\/zapateneo.net\\\/wordpress\\\/index.php\\\/producto\\\/masculinidades-gays-y-maricas-en-la-cultura-espanola-contemporanea\\\/#primaryimage\"},\"image\":{\"@id\":\"https:\\\/\\\/zapateneo.net\\\/wordpress\\\/index.php\\\/producto\\\/masculinidades-gays-y-maricas-en-la-cultura-espanola-contemporanea\\\/#primaryimage\"},\"thumbnailUrl\":\"https:\\\/\\\/zapateneo.net\\\/wordpress\\\/wp-content\\\/uploads\\\/2025\\\/01\\\/9788419728654.jpg\",\"datePublished\":\"2025-01-02T12:08:03+00:00\",\"dateModified\":\"2025-01-02T12:08:09+00:00\",\"breadcrumb\":{\"@id\":\"https:\\\/\\\/zapateneo.net\\\/wordpress\\\/index.php\\\/producto\\\/masculinidades-gays-y-maricas-en-la-cultura-espanola-contemporanea\\\/#breadcrumb\"},\"inLanguage\":\"es\",\"potentialAction\":[{\"@type\":\"ReadAction\",\"target\":[\"https:\\\/\\\/zapateneo.net\\\/wordpress\\\/index.php\\\/producto\\\/masculinidades-gays-y-maricas-en-la-cultura-espanola-contemporanea\\\/\"]}]},{\"@type\":\"ImageObject\",\"inLanguage\":\"es\",\"@id\":\"https:\\\/\\\/zapateneo.net\\\/wordpress\\\/index.php\\\/producto\\\/masculinidades-gays-y-maricas-en-la-cultura-espanola-contemporanea\\\/#primaryimage\",\"url\":\"https:\\\/\\\/zapateneo.net\\\/wordpress\\\/wp-content\\\/uploads\\\/2025\\\/01\\\/9788419728654.jpg\",\"contentUrl\":\"https:\\\/\\\/zapateneo.net\\\/wordpress\\\/wp-content\\\/uploads\\\/2025\\\/01\\\/9788419728654.jpg\",\"width\":200,\"height\":200},{\"@type\":\"BreadcrumbList\",\"@id\":\"https:\\\/\\\/zapateneo.net\\\/wordpress\\\/index.php\\\/producto\\\/masculinidades-gays-y-maricas-en-la-cultura-espanola-contemporanea\\\/#breadcrumb\",\"itemListElement\":[{\"@type\":\"ListItem\",\"position\":1,\"name\":\"Portada\",\"item\":\"https:\\\/\\\/zapateneo.net\\\/wordpress\\\/\"},{\"@type\":\"ListItem\",\"position\":2,\"name\":\"Tienda\",\"item\":\"https:\\\/\\\/zapateneo.net\\\/wordpress\\\/\"},{\"@type\":\"ListItem\",\"position\":3,\"name\":\"Masculinidades gays y maricas En la cultura espa\u00f1ola contempor\u00e1nea\"}]},{\"@type\":\"WebSite\",\"@id\":\"https:\\\/\\\/zapateneo.net\\\/wordpress\\\/#website\",\"url\":\"https:\\\/\\\/zapateneo.net\\\/wordpress\\\/\",\"name\":\"Zapateneo\",\"description\":\"Zapateneoaren webgunea\",\"publisher\":{\"@id\":\"https:\\\/\\\/zapateneo.net\\\/wordpress\\\/#organization\"},\"potentialAction\":[{\"@type\":\"SearchAction\",\"target\":{\"@type\":\"EntryPoint\",\"urlTemplate\":\"https:\\\/\\\/zapateneo.net\\\/wordpress\\\/?s={search_term_string}\"},\"query-input\":{\"@type\":\"PropertyValueSpecification\",\"valueRequired\":true,\"valueName\":\"search_term_string\"}}],\"inLanguage\":\"es\"},{\"@type\":\"Organization\",\"@id\":\"https:\\\/\\\/zapateneo.net\\\/wordpress\\\/#organization\",\"name\":\"Zapateneo Kultur Elkartea\",\"url\":\"https:\\\/\\\/zapateneo.net\\\/wordpress\\\/\",\"logo\":{\"@type\":\"ImageObject\",\"inLanguage\":\"es\",\"@id\":\"https:\\\/\\\/zapateneo.net\\\/wordpress\\\/#\\\/schema\\\/logo\\\/image\\\/\",\"url\":\"https:\\\/\\\/zapateneo.net\\\/wordpress\\\/wp-content\\\/uploads\\\/2021\\\/04\\\/zap-libu-kolec.jpg\",\"contentUrl\":\"https:\\\/\\\/zapateneo.net\\\/wordpress\\\/wp-content\\\/uploads\\\/2021\\\/04\\\/zap-libu-kolec.jpg\",\"width\":2234,\"height\":398,\"caption\":\"Zapateneo Kultur Elkartea\"},\"image\":{\"@id\":\"https:\\\/\\\/zapateneo.net\\\/wordpress\\\/#\\\/schema\\\/logo\\\/image\\\/\"},\"sameAs\":[\"https:\\\/\\\/x.com\\\/zapateneo\"]}]}<\/script>\n<!-- \/ Yoast SEO plugin. -->","yoast_head_json":{"title":"Masculinidades gays y maricas En la cultura espa\u00f1ola contempor\u00e1nea &#8212; Zapateneo","robots":{"index":"index","follow":"follow","max-snippet":"max-snippet:-1","max-image-preview":"max-image-preview:large","max-video-preview":"max-video-preview:-1"},"canonical":"https:\/\/zapateneo.net\/wordpress\/index.php\/producto\/masculinidades-gays-y-maricas-en-la-cultura-espanola-contemporanea\/","og_locale":"es_ES","og_type":"article","og_title":"Masculinidades gays y maricas En la cultura espa\u00f1ola contempor\u00e1nea &#8212; Zapateneo","og_description":"Iker Gonz\u00e1lez Allende 9788419728654 - Egales - 2024 - 382 p\u00e1ginas \/orri.","og_url":"https:\/\/zapateneo.net\/wordpress\/index.php\/producto\/masculinidades-gays-y-maricas-en-la-cultura-espanola-contemporanea\/","og_site_name":"Zapateneo","article_modified_time":"2025-01-02T12:08:09+00:00","twitter_card":"summary_large_image","twitter_site":"@zapateneo","twitter_misc":{"Tiempo de lectura":"1 minuto"},"schema":{"@context":"https:\/\/schema.org","@graph":[{"@type":"WebPage","@id":"https:\/\/zapateneo.net\/wordpress\/index.php\/producto\/masculinidades-gays-y-maricas-en-la-cultura-espanola-contemporanea\/","url":"https:\/\/zapateneo.net\/wordpress\/index.php\/producto\/masculinidades-gays-y-maricas-en-la-cultura-espanola-contemporanea\/","name":"Masculinidades gays y maricas En la cultura espa\u00f1ola contempor\u00e1nea &#8212; Zapateneo","isPartOf":{"@id":"https:\/\/zapateneo.net\/wordpress\/#website"},"primaryImageOfPage":{"@id":"https:\/\/zapateneo.net\/wordpress\/index.php\/producto\/masculinidades-gays-y-maricas-en-la-cultura-espanola-contemporanea\/#primaryimage"},"image":{"@id":"https:\/\/zapateneo.net\/wordpress\/index.php\/producto\/masculinidades-gays-y-maricas-en-la-cultura-espanola-contemporanea\/#primaryimage"},"thumbnailUrl":"https:\/\/zapateneo.net\/wordpress\/wp-content\/uploads\/2025\/01\/9788419728654.jpg","datePublished":"2025-01-02T12:08:03+00:00","dateModified":"2025-01-02T12:08:09+00:00","breadcrumb":{"@id":"https:\/\/zapateneo.net\/wordpress\/index.php\/producto\/masculinidades-gays-y-maricas-en-la-cultura-espanola-contemporanea\/#breadcrumb"},"inLanguage":"es","potentialAction":[{"@type":"ReadAction","target":["https:\/\/zapateneo.net\/wordpress\/index.php\/producto\/masculinidades-gays-y-maricas-en-la-cultura-espanola-contemporanea\/"]}]},{"@type":"ImageObject","inLanguage":"es","@id":"https:\/\/zapateneo.net\/wordpress\/index.php\/producto\/masculinidades-gays-y-maricas-en-la-cultura-espanola-contemporanea\/#primaryimage","url":"https:\/\/zapateneo.net\/wordpress\/wp-content\/uploads\/2025\/01\/9788419728654.jpg","contentUrl":"https:\/\/zapateneo.net\/wordpress\/wp-content\/uploads\/2025\/01\/9788419728654.jpg","width":200,"height":200},{"@type":"BreadcrumbList","@id":"https:\/\/zapateneo.net\/wordpress\/index.php\/producto\/masculinidades-gays-y-maricas-en-la-cultura-espanola-contemporanea\/#breadcrumb","itemListElement":[{"@type":"ListItem","position":1,"name":"Portada","item":"https:\/\/zapateneo.net\/wordpress\/"},{"@type":"ListItem","position":2,"name":"Tienda","item":"https:\/\/zapateneo.net\/wordpress\/"},{"@type":"ListItem","position":3,"name":"Masculinidades gays y maricas En la cultura espa\u00f1ola contempor\u00e1nea"}]},{"@type":"WebSite","@id":"https:\/\/zapateneo.net\/wordpress\/#website","url":"https:\/\/zapateneo.net\/wordpress\/","name":"Zapateneo","description":"Zapateneoaren webgunea","publisher":{"@id":"https:\/\/zapateneo.net\/wordpress\/#organization"},"potentialAction":[{"@type":"SearchAction","target":{"@type":"EntryPoint","urlTemplate":"https:\/\/zapateneo.net\/wordpress\/?s={search_term_string}"},"query-input":{"@type":"PropertyValueSpecification","valueRequired":true,"valueName":"search_term_string"}}],"inLanguage":"es"},{"@type":"Organization","@id":"https:\/\/zapateneo.net\/wordpress\/#organization","name":"Zapateneo Kultur Elkartea","url":"https:\/\/zapateneo.net\/wordpress\/","logo":{"@type":"ImageObject","inLanguage":"es","@id":"https:\/\/zapateneo.net\/wordpress\/#\/schema\/logo\/image\/","url":"https:\/\/zapateneo.net\/wordpress\/wp-content\/uploads\/2021\/04\/zap-libu-kolec.jpg","contentUrl":"https:\/\/zapateneo.net\/wordpress\/wp-content\/uploads\/2021\/04\/zap-libu-kolec.jpg","width":2234,"height":398,"caption":"Zapateneo Kultur Elkartea"},"image":{"@id":"https:\/\/zapateneo.net\/wordpress\/#\/schema\/logo\/image\/"},"sameAs":["https:\/\/x.com\/zapateneo"]}]}},"_links":{"self":[{"href":"https:\/\/zapateneo.net\/wordpress\/index.php\/wp-json\/wp\/v2\/product\/15658","targetHints":{"allow":["GET"]}}],"collection":[{"href":"https:\/\/zapateneo.net\/wordpress\/index.php\/wp-json\/wp\/v2\/product"}],"about":[{"href":"https:\/\/zapateneo.net\/wordpress\/index.php\/wp-json\/wp\/v2\/types\/product"}],"wp:featuredmedia":[{"embeddable":true,"href":"https:\/\/zapateneo.net\/wordpress\/index.php\/wp-json\/wp\/v2\/media\/15673"}],"wp:attachment":[{"href":"https:\/\/zapateneo.net\/wordpress\/index.php\/wp-json\/wp\/v2\/media?parent=15658"}],"wp:term":[{"taxonomy":"product_brand","embeddable":true,"href":"https:\/\/zapateneo.net\/wordpress\/index.php\/wp-json\/wp\/v2\/product_brand?post=15658"},{"taxonomy":"product_cat","embeddable":true,"href":"https:\/\/zapateneo.net\/wordpress\/index.php\/wp-json\/wp\/v2\/product_cat?post=15658"},{"taxonomy":"product_tag","embeddable":true,"href":"https:\/\/zapateneo.net\/wordpress\/index.php\/wp-json\/wp\/v2\/product_tag?post=15658"}],"curies":[{"name":"wp","href":"https:\/\/api.w.org\/{rel}","templated":true}]}}