{"id":15657,"date":"2025-01-02T13:08:03","date_gmt":"2025-01-02T12:08:03","guid":{"rendered":"https:\/\/zapateneo.net\/wordpress\/?post_type=product&#038;p=15657"},"modified":"2025-01-02T13:08:09","modified_gmt":"2025-01-02T12:08:09","slug":"la-policia-de-las-familias-familia-sociedad-y-poder","status":"publish","type":"product","link":"https:\/\/zapateneo.net\/wordpress\/index.php\/producto\/la-policia-de-las-familias-familia-sociedad-y-poder\/","title":{"rendered":"La polic\u00eda de las familias Familia, sociedad y poder"},"content":{"rendered":"<p>\u00bfEs la familia un agente natural de reproducci\u00f3n del orden establecido? As\u00ed era el caso bajo el Antiguo R\u00e9gimen, cuando el padre de familia recib\u00eda del soberano la garant\u00eda efectiva de su poder, y a cambio le aseguraba a \u00e9ste la obediencia de sus s\u00fabditos. Sin embargo, a partir de mediados del siglo XVIII, este equilibrio empez\u00f3 a romperse.<br \/>\nCuando la riqueza, y por tanto el poder, pas\u00f3 a ser una cuesti\u00f3n de producci\u00f3n y ya no de gasto o saqueo, fue necesario economizar los cuerpos y gestionar las poblaciones, y por tanto intervenir en la familia. Tal es el papel de la polic\u00eda, entendida entonces en un sentido mucho m\u00e1s amplio que su versi\u00f3n represiva actual: una ciencia de la felicidad al servicio del poder nacional. Un siglo despu\u00e9s, este poder adopt\u00f3 las m\u00faltiples caras de la filantrop\u00eda: paternalismo en las empresas, moralizaci\u00f3n a trav\u00e9s del ahorro, higienizaci\u00f3n a trav\u00e9s de la medicina. Todas estas pr\u00e1cticas convergieron a principios del siglo XX en la creaci\u00f3n del llamado sector social. Y, de este sector, la familia es el epicentro. Por un lado, la familia fue objeto de empresas higienistas que desestabilizaron la autoridad patriarcal para infundirle normas que garantizaran la conservaci\u00f3n, la calidad y la disponibilidad social y productiva de los individuos. Por otra parte, la familia es un punto de apoyo para una moralizaci\u00f3n de las relaciones sociales a trav\u00e9s del ahorro y de una determinada educaci\u00f3n y sexualizaci\u00f3n.<br \/>\nEn cuanto a la infancia, La polic\u00eda de las familias aborda dos casos. Primero, la Libertad protegida: la familia burguesa utiliza los aportes de la psicopedagog\u00eda para el desarrollo del ni\u00f1o y le controla a trav\u00e9s de una discreta vigilancia. En segundo lugar, el modelo pedag\u00f3gico se apunta como Libertad vigilada, para dicho modelo el problema es el \u00abexceso de libertad\u00bb, por lo que tratar\u00e1 de hacer al ni\u00f1o apegarse a los espacio de mayor vigilancia: la escuela y el hogar, alej\u00e1ndolo del otro lugar de socializaci\u00f3n por excelencia: la calle.<br \/>\nEn la educaci\u00f3n p\u00fablica se plantea por ejemplo qu\u00e9 hacer con aquellos individuos considerados \u00abindeseables\u00bb. El \u00e9xito del psicoan\u00e1lisis puede entenderse por su utilidad en este nuevo orden de la relaci\u00f3n familia-sociedad. Su pertinencia reside en un discurso que introduce una circularidad entre la ambici\u00f3n familiar y las normas de los aparatos sociales y, por tanto, un m\u00e9todo que permite sacar al individuo de la familia y devolverlo a ella a placer cuando lo necesita.<\/p>\n","protected":false},"excerpt":{"rendered":"<p><strong>Jacques Donzelot<\/strong><br \/>\n9788485209569 &#8211; Irrecuperables &#8211; 2024 &#8211; 318 p\u00e1ginas \/orri.<\/p>\n","protected":false},"featured_media":15672,"template":"","meta":[],"product_brand":[],"product_cat":[16,173],"product_tag":[2960,7035],"class_list":{"0":"post-15657","1":"product","2":"type-product","3":"status-publish","4":"has-post-thumbnail","6":"product_cat-libros","7":"product_cat-saiakera-ensayo","8":"product_tag-irrecuperables","9":"product_tag-jacques-donzelot","11":"first","12":"instock","13":"sold-individually","14":"shipping-taxable","15":"purchasable","16":"product-type-simple"},"yoast_head":"<!-- This site is optimized with the Yoast SEO plugin v27.3 - https:\/\/yoast.com\/product\/yoast-seo-wordpress\/ -->\n<title>La polic\u00eda de las familias Familia, sociedad y poder &#8212; Zapateneo<\/title>\n<meta name=\"robots\" content=\"index, follow, max-snippet:-1, max-image-preview:large, max-video-preview:-1\" \/>\n<link rel=\"canonical\" href=\"https:\/\/zapateneo.net\/wordpress\/index.php\/producto\/la-policia-de-las-familias-familia-sociedad-y-poder\/\" \/>\n<meta property=\"og:locale\" content=\"es_ES\" \/>\n<meta property=\"og:type\" content=\"article\" \/>\n<meta property=\"og:title\" content=\"La polic\u00eda de las familias Familia, sociedad y poder &#8212; Zapateneo\" \/>\n<meta property=\"og:description\" content=\"Jacques Donzelot 9788485209569 - Irrecuperables - 2024 - 318 p\u00e1ginas \/orri.\" \/>\n<meta property=\"og:url\" content=\"https:\/\/zapateneo.net\/wordpress\/index.php\/producto\/la-policia-de-las-familias-familia-sociedad-y-poder\/\" \/>\n<meta property=\"og:site_name\" content=\"Zapateneo\" \/>\n<meta property=\"article:modified_time\" content=\"2025-01-02T12:08:09+00:00\" \/>\n<meta name=\"twitter:card\" content=\"summary_large_image\" \/>\n<meta name=\"twitter:site\" content=\"@zapateneo\" \/>\n<meta name=\"twitter:label1\" content=\"Tiempo de lectura\" \/>\n\t<meta name=\"twitter:data1\" content=\"2 minutos\" \/>\n<script type=\"application\/ld+json\" class=\"yoast-schema-graph\">{\"@context\":\"https:\\\/\\\/schema.org\",\"@graph\":[{\"@type\":\"WebPage\",\"@id\":\"https:\\\/\\\/zapateneo.net\\\/wordpress\\\/index.php\\\/producto\\\/la-policia-de-las-familias-familia-sociedad-y-poder\\\/\",\"url\":\"https:\\\/\\\/zapateneo.net\\\/wordpress\\\/index.php\\\/producto\\\/la-policia-de-las-familias-familia-sociedad-y-poder\\\/\",\"name\":\"La polic\u00eda de las familias Familia, sociedad y poder &#8212; Zapateneo\",\"isPartOf\":{\"@id\":\"https:\\\/\\\/zapateneo.net\\\/wordpress\\\/#website\"},\"primaryImageOfPage\":{\"@id\":\"https:\\\/\\\/zapateneo.net\\\/wordpress\\\/index.php\\\/producto\\\/la-policia-de-las-familias-familia-sociedad-y-poder\\\/#primaryimage\"},\"image\":{\"@id\":\"https:\\\/\\\/zapateneo.net\\\/wordpress\\\/index.php\\\/producto\\\/la-policia-de-las-familias-familia-sociedad-y-poder\\\/#primaryimage\"},\"thumbnailUrl\":\"https:\\\/\\\/zapateneo.net\\\/wordpress\\\/wp-content\\\/uploads\\\/2025\\\/01\\\/9788485209569.jpeg\",\"datePublished\":\"2025-01-02T12:08:03+00:00\",\"dateModified\":\"2025-01-02T12:08:09+00:00\",\"breadcrumb\":{\"@id\":\"https:\\\/\\\/zapateneo.net\\\/wordpress\\\/index.php\\\/producto\\\/la-policia-de-las-familias-familia-sociedad-y-poder\\\/#breadcrumb\"},\"inLanguage\":\"es\",\"potentialAction\":[{\"@type\":\"ReadAction\",\"target\":[\"https:\\\/\\\/zapateneo.net\\\/wordpress\\\/index.php\\\/producto\\\/la-policia-de-las-familias-familia-sociedad-y-poder\\\/\"]}]},{\"@type\":\"ImageObject\",\"inLanguage\":\"es\",\"@id\":\"https:\\\/\\\/zapateneo.net\\\/wordpress\\\/index.php\\\/producto\\\/la-policia-de-las-familias-familia-sociedad-y-poder\\\/#primaryimage\",\"url\":\"https:\\\/\\\/zapateneo.net\\\/wordpress\\\/wp-content\\\/uploads\\\/2025\\\/01\\\/9788485209569.jpeg\",\"contentUrl\":\"https:\\\/\\\/zapateneo.net\\\/wordpress\\\/wp-content\\\/uploads\\\/2025\\\/01\\\/9788485209569.jpeg\",\"width\":261,\"height\":400},{\"@type\":\"BreadcrumbList\",\"@id\":\"https:\\\/\\\/zapateneo.net\\\/wordpress\\\/index.php\\\/producto\\\/la-policia-de-las-familias-familia-sociedad-y-poder\\\/#breadcrumb\",\"itemListElement\":[{\"@type\":\"ListItem\",\"position\":1,\"name\":\"Portada\",\"item\":\"https:\\\/\\\/zapateneo.net\\\/wordpress\\\/\"},{\"@type\":\"ListItem\",\"position\":2,\"name\":\"Tienda\",\"item\":\"https:\\\/\\\/zapateneo.net\\\/wordpress\\\/\"},{\"@type\":\"ListItem\",\"position\":3,\"name\":\"La polic\u00eda de las familias Familia, sociedad y poder\"}]},{\"@type\":\"WebSite\",\"@id\":\"https:\\\/\\\/zapateneo.net\\\/wordpress\\\/#website\",\"url\":\"https:\\\/\\\/zapateneo.net\\\/wordpress\\\/\",\"name\":\"Zapateneo\",\"description\":\"Zapateneoaren webgunea\",\"publisher\":{\"@id\":\"https:\\\/\\\/zapateneo.net\\\/wordpress\\\/#organization\"},\"potentialAction\":[{\"@type\":\"SearchAction\",\"target\":{\"@type\":\"EntryPoint\",\"urlTemplate\":\"https:\\\/\\\/zapateneo.net\\\/wordpress\\\/?s={search_term_string}\"},\"query-input\":{\"@type\":\"PropertyValueSpecification\",\"valueRequired\":true,\"valueName\":\"search_term_string\"}}],\"inLanguage\":\"es\"},{\"@type\":\"Organization\",\"@id\":\"https:\\\/\\\/zapateneo.net\\\/wordpress\\\/#organization\",\"name\":\"Zapateneo Kultur Elkartea\",\"url\":\"https:\\\/\\\/zapateneo.net\\\/wordpress\\\/\",\"logo\":{\"@type\":\"ImageObject\",\"inLanguage\":\"es\",\"@id\":\"https:\\\/\\\/zapateneo.net\\\/wordpress\\\/#\\\/schema\\\/logo\\\/image\\\/\",\"url\":\"https:\\\/\\\/zapateneo.net\\\/wordpress\\\/wp-content\\\/uploads\\\/2021\\\/04\\\/zap-libu-kolec.jpg\",\"contentUrl\":\"https:\\\/\\\/zapateneo.net\\\/wordpress\\\/wp-content\\\/uploads\\\/2021\\\/04\\\/zap-libu-kolec.jpg\",\"width\":2234,\"height\":398,\"caption\":\"Zapateneo Kultur Elkartea\"},\"image\":{\"@id\":\"https:\\\/\\\/zapateneo.net\\\/wordpress\\\/#\\\/schema\\\/logo\\\/image\\\/\"},\"sameAs\":[\"https:\\\/\\\/x.com\\\/zapateneo\"]}]}<\/script>\n<!-- \/ Yoast SEO plugin. -->","yoast_head_json":{"title":"La polic\u00eda de las familias Familia, sociedad y poder &#8212; Zapateneo","robots":{"index":"index","follow":"follow","max-snippet":"max-snippet:-1","max-image-preview":"max-image-preview:large","max-video-preview":"max-video-preview:-1"},"canonical":"https:\/\/zapateneo.net\/wordpress\/index.php\/producto\/la-policia-de-las-familias-familia-sociedad-y-poder\/","og_locale":"es_ES","og_type":"article","og_title":"La polic\u00eda de las familias Familia, sociedad y poder &#8212; Zapateneo","og_description":"Jacques Donzelot 9788485209569 - Irrecuperables - 2024 - 318 p\u00e1ginas \/orri.","og_url":"https:\/\/zapateneo.net\/wordpress\/index.php\/producto\/la-policia-de-las-familias-familia-sociedad-y-poder\/","og_site_name":"Zapateneo","article_modified_time":"2025-01-02T12:08:09+00:00","twitter_card":"summary_large_image","twitter_site":"@zapateneo","twitter_misc":{"Tiempo de lectura":"2 minutos"},"schema":{"@context":"https:\/\/schema.org","@graph":[{"@type":"WebPage","@id":"https:\/\/zapateneo.net\/wordpress\/index.php\/producto\/la-policia-de-las-familias-familia-sociedad-y-poder\/","url":"https:\/\/zapateneo.net\/wordpress\/index.php\/producto\/la-policia-de-las-familias-familia-sociedad-y-poder\/","name":"La polic\u00eda de las familias Familia, sociedad y poder &#8212; Zapateneo","isPartOf":{"@id":"https:\/\/zapateneo.net\/wordpress\/#website"},"primaryImageOfPage":{"@id":"https:\/\/zapateneo.net\/wordpress\/index.php\/producto\/la-policia-de-las-familias-familia-sociedad-y-poder\/#primaryimage"},"image":{"@id":"https:\/\/zapateneo.net\/wordpress\/index.php\/producto\/la-policia-de-las-familias-familia-sociedad-y-poder\/#primaryimage"},"thumbnailUrl":"https:\/\/zapateneo.net\/wordpress\/wp-content\/uploads\/2025\/01\/9788485209569.jpeg","datePublished":"2025-01-02T12:08:03+00:00","dateModified":"2025-01-02T12:08:09+00:00","breadcrumb":{"@id":"https:\/\/zapateneo.net\/wordpress\/index.php\/producto\/la-policia-de-las-familias-familia-sociedad-y-poder\/#breadcrumb"},"inLanguage":"es","potentialAction":[{"@type":"ReadAction","target":["https:\/\/zapateneo.net\/wordpress\/index.php\/producto\/la-policia-de-las-familias-familia-sociedad-y-poder\/"]}]},{"@type":"ImageObject","inLanguage":"es","@id":"https:\/\/zapateneo.net\/wordpress\/index.php\/producto\/la-policia-de-las-familias-familia-sociedad-y-poder\/#primaryimage","url":"https:\/\/zapateneo.net\/wordpress\/wp-content\/uploads\/2025\/01\/9788485209569.jpeg","contentUrl":"https:\/\/zapateneo.net\/wordpress\/wp-content\/uploads\/2025\/01\/9788485209569.jpeg","width":261,"height":400},{"@type":"BreadcrumbList","@id":"https:\/\/zapateneo.net\/wordpress\/index.php\/producto\/la-policia-de-las-familias-familia-sociedad-y-poder\/#breadcrumb","itemListElement":[{"@type":"ListItem","position":1,"name":"Portada","item":"https:\/\/zapateneo.net\/wordpress\/"},{"@type":"ListItem","position":2,"name":"Tienda","item":"https:\/\/zapateneo.net\/wordpress\/"},{"@type":"ListItem","position":3,"name":"La polic\u00eda de las familias Familia, sociedad y poder"}]},{"@type":"WebSite","@id":"https:\/\/zapateneo.net\/wordpress\/#website","url":"https:\/\/zapateneo.net\/wordpress\/","name":"Zapateneo","description":"Zapateneoaren webgunea","publisher":{"@id":"https:\/\/zapateneo.net\/wordpress\/#organization"},"potentialAction":[{"@type":"SearchAction","target":{"@type":"EntryPoint","urlTemplate":"https:\/\/zapateneo.net\/wordpress\/?s={search_term_string}"},"query-input":{"@type":"PropertyValueSpecification","valueRequired":true,"valueName":"search_term_string"}}],"inLanguage":"es"},{"@type":"Organization","@id":"https:\/\/zapateneo.net\/wordpress\/#organization","name":"Zapateneo Kultur Elkartea","url":"https:\/\/zapateneo.net\/wordpress\/","logo":{"@type":"ImageObject","inLanguage":"es","@id":"https:\/\/zapateneo.net\/wordpress\/#\/schema\/logo\/image\/","url":"https:\/\/zapateneo.net\/wordpress\/wp-content\/uploads\/2021\/04\/zap-libu-kolec.jpg","contentUrl":"https:\/\/zapateneo.net\/wordpress\/wp-content\/uploads\/2021\/04\/zap-libu-kolec.jpg","width":2234,"height":398,"caption":"Zapateneo Kultur Elkartea"},"image":{"@id":"https:\/\/zapateneo.net\/wordpress\/#\/schema\/logo\/image\/"},"sameAs":["https:\/\/x.com\/zapateneo"]}]}},"_links":{"self":[{"href":"https:\/\/zapateneo.net\/wordpress\/index.php\/wp-json\/wp\/v2\/product\/15657","targetHints":{"allow":["GET"]}}],"collection":[{"href":"https:\/\/zapateneo.net\/wordpress\/index.php\/wp-json\/wp\/v2\/product"}],"about":[{"href":"https:\/\/zapateneo.net\/wordpress\/index.php\/wp-json\/wp\/v2\/types\/product"}],"wp:featuredmedia":[{"embeddable":true,"href":"https:\/\/zapateneo.net\/wordpress\/index.php\/wp-json\/wp\/v2\/media\/15672"}],"wp:attachment":[{"href":"https:\/\/zapateneo.net\/wordpress\/index.php\/wp-json\/wp\/v2\/media?parent=15657"}],"wp:term":[{"taxonomy":"product_brand","embeddable":true,"href":"https:\/\/zapateneo.net\/wordpress\/index.php\/wp-json\/wp\/v2\/product_brand?post=15657"},{"taxonomy":"product_cat","embeddable":true,"href":"https:\/\/zapateneo.net\/wordpress\/index.php\/wp-json\/wp\/v2\/product_cat?post=15657"},{"taxonomy":"product_tag","embeddable":true,"href":"https:\/\/zapateneo.net\/wordpress\/index.php\/wp-json\/wp\/v2\/product_tag?post=15657"}],"curies":[{"name":"wp","href":"https:\/\/api.w.org\/{rel}","templated":true}]}}