{"id":15656,"date":"2025-01-02T13:08:03","date_gmt":"2025-01-02T12:08:03","guid":{"rendered":"https:\/\/zapateneo.net\/wordpress\/?post_type=product&#038;p=15656"},"modified":"2025-01-02T13:08:08","modified_gmt":"2025-01-02T12:08:08","slug":"las-carceles-de-la-miseria-gueto-marginalidad-y-estado-penal","status":"publish","type":"product","link":"https:\/\/zapateneo.net\/wordpress\/index.php\/producto\/las-carceles-de-la-miseria-gueto-marginalidad-y-estado-penal\/","title":{"rendered":"Las c\u00e1rceles de la miseria Gueto, marginalidad y estado penal"},"content":{"rendered":"<p>Existe un v\u00ednculo estrecho entre el neoliberalismo y el despliegue de las pol\u00edticas de seguridad ultrarrepresiva que se puede resumir as\u00ed: Difuminaci\u00f3n del Estado econ\u00f3mico, debilitamiento del Estado social, fortalecimiento y glorificaci\u00f3n del Estado penal. No se pueden entender las pol\u00edticas policiales y penitenciarias sin verlas en el contexto de los cambios en el empleo y en la relaci\u00f3n de fuerzas entre clases sociales de las \u00faltimas d\u00e9cadas. La \u00abmano invisible\u00bb del mercado de trabajo precario encuentra su complemento en el \u201cpu\u00f1o de hierro\u201d del Estado para atajar los delitos o disturbios provocados por el desempleo, el salario precario y los recortes de la protecci\u00f3n social.<br \/>\nVivimos con la propagaci\u00f3n medi\u00e1tica de una ideolog\u00eda que eleva la competitividad a un car\u00e1cter de fetiche y celebra la responsabilidad individual (cara oculta de la falta de responsabilidad colectiva). Se responsabiliza de la delincuencia \u00fanicamente al individuo y se ignora el contexto social en el que \u00e9ste se encuentra. En Las c\u00e1rceles de la miseria se explica c\u00f3mo esto se traduce en una actuaci\u00f3n policial y judicial que reprime a los j\u00f3venes, los inmigrantes y la delincuencia menor, e incluso hostiga a los sintecho. Es decir, se criminaliza la pobreza, a la vez que se consigue un chivo expiatorio. Esto tambi\u00e9n sirve para disciplinar a los sectores de la clase obrera reacios al nuevo modelo de trabajo precario. Los conceptos de seguridad ciudadana o de \u2018tolerancia cero\u2019 resultan enga\u00f1osos. En la pr\u00e1ctica significan la imposici\u00f3n de las leyes solo contra ciertos grupos, pues \u00bfd\u00f3nde est\u00e1 la \u2018tolerancia cero\u2019 contra los delitos administrativos, el fraude comercial, la contaminaci\u00f3n ilegal y las infracciones contra la salud y la seguridad? Esta pol\u00edtica adem\u00e1s ampara legalmente el abuso policial, las multas y detenciones arbitrarias y la vigilancia. As\u00ed, el objetivo del sistema penitenciario no es prevenir el crimen ni reinsertar, sino aislar y anular a la creciente poblaci\u00f3n reclusa.<br \/>\nWacquant denuncia tambi\u00e9n la privatizaci\u00f3n de las c\u00e1rceles, afirma que \u00e9stas sustituyen al gueto y permiten usar la mano de obra esclava de los detenidos. Fueron el gran empresariado y las facciones \u201cmodernizadoras\u201d del Estado y la burgues\u00eda las que emprendieron esta estrategia de Estado penal. El autor explica c\u00f3mo este nuevo \u00absentido com\u00fan\u00bb punitivo \u2014elaborado en Estados Unidos por una red de think tanks neoconservadores\u2014 se extendi\u00f3 entre las altas esferas para luego llegar a Europa y Latinoam\u00e9rica, y traducirse en cambios legislativos. Esta nueva edici\u00f3n incluye escritos posteriores del autor y diversas entrevistas que contextualizan su obra y nos acercan a su evoluci\u00f3n.<\/p>\n","protected":false},"excerpt":{"rendered":"<p><strong>Lo\u00efc Wacquant<\/strong><br \/>\n9788485209583 &#8211; Irrecuperables &#8211; 2024 &#8211; 338 p\u00e1ginas \/orri.<\/p>\n","protected":false},"featured_media":15671,"template":"","meta":[],"product_brand":[],"product_cat":[181,16],"product_tag":[2960,7034],"class_list":{"0":"post-15656","1":"product","2":"type-product","3":"status-publish","4":"has-post-thumbnail","6":"product_cat-bazterketa-soziala-eta-errepresioa-exclusion-social-y-represion","7":"product_cat-libros","8":"product_tag-irrecuperables","9":"product_tag-loic-wacquant","11":"first","12":"instock","13":"sold-individually","14":"shipping-taxable","15":"purchasable","16":"product-type-simple"},"yoast_head":"<!-- This site is optimized with the Yoast SEO plugin v27.3 - https:\/\/yoast.com\/product\/yoast-seo-wordpress\/ -->\n<title>Las c\u00e1rceles de la miseria Gueto, marginalidad y estado penal &#8212; Zapateneo<\/title>\n<meta name=\"robots\" content=\"index, follow, max-snippet:-1, max-image-preview:large, max-video-preview:-1\" \/>\n<link rel=\"canonical\" href=\"https:\/\/zapateneo.net\/wordpress\/index.php\/producto\/las-carceles-de-la-miseria-gueto-marginalidad-y-estado-penal\/\" \/>\n<meta property=\"og:locale\" content=\"es_ES\" \/>\n<meta property=\"og:type\" content=\"article\" \/>\n<meta property=\"og:title\" content=\"Las c\u00e1rceles de la miseria Gueto, marginalidad y estado penal &#8212; Zapateneo\" \/>\n<meta property=\"og:description\" content=\"Lo\u00efc Wacquant 9788485209583 - Irrecuperables - 2024 - 338 p\u00e1ginas \/orri.\" \/>\n<meta property=\"og:url\" content=\"https:\/\/zapateneo.net\/wordpress\/index.php\/producto\/las-carceles-de-la-miseria-gueto-marginalidad-y-estado-penal\/\" \/>\n<meta property=\"og:site_name\" content=\"Zapateneo\" \/>\n<meta property=\"article:modified_time\" content=\"2025-01-02T12:08:08+00:00\" \/>\n<meta name=\"twitter:card\" content=\"summary_large_image\" \/>\n<meta name=\"twitter:site\" content=\"@zapateneo\" \/>\n<meta name=\"twitter:label1\" content=\"Tiempo de lectura\" \/>\n\t<meta name=\"twitter:data1\" content=\"2 minutos\" \/>\n<script type=\"application\/ld+json\" class=\"yoast-schema-graph\">{\"@context\":\"https:\\\/\\\/schema.org\",\"@graph\":[{\"@type\":\"WebPage\",\"@id\":\"https:\\\/\\\/zapateneo.net\\\/wordpress\\\/index.php\\\/producto\\\/las-carceles-de-la-miseria-gueto-marginalidad-y-estado-penal\\\/\",\"url\":\"https:\\\/\\\/zapateneo.net\\\/wordpress\\\/index.php\\\/producto\\\/las-carceles-de-la-miseria-gueto-marginalidad-y-estado-penal\\\/\",\"name\":\"Las c\u00e1rceles de la miseria Gueto, marginalidad y estado penal &#8212; Zapateneo\",\"isPartOf\":{\"@id\":\"https:\\\/\\\/zapateneo.net\\\/wordpress\\\/#website\"},\"primaryImageOfPage\":{\"@id\":\"https:\\\/\\\/zapateneo.net\\\/wordpress\\\/index.php\\\/producto\\\/las-carceles-de-la-miseria-gueto-marginalidad-y-estado-penal\\\/#primaryimage\"},\"image\":{\"@id\":\"https:\\\/\\\/zapateneo.net\\\/wordpress\\\/index.php\\\/producto\\\/las-carceles-de-la-miseria-gueto-marginalidad-y-estado-penal\\\/#primaryimage\"},\"thumbnailUrl\":\"https:\\\/\\\/zapateneo.net\\\/wordpress\\\/wp-content\\\/uploads\\\/2025\\\/01\\\/9788485209583.jpeg\",\"datePublished\":\"2025-01-02T12:08:03+00:00\",\"dateModified\":\"2025-01-02T12:08:08+00:00\",\"breadcrumb\":{\"@id\":\"https:\\\/\\\/zapateneo.net\\\/wordpress\\\/index.php\\\/producto\\\/las-carceles-de-la-miseria-gueto-marginalidad-y-estado-penal\\\/#breadcrumb\"},\"inLanguage\":\"es\",\"potentialAction\":[{\"@type\":\"ReadAction\",\"target\":[\"https:\\\/\\\/zapateneo.net\\\/wordpress\\\/index.php\\\/producto\\\/las-carceles-de-la-miseria-gueto-marginalidad-y-estado-penal\\\/\"]}]},{\"@type\":\"ImageObject\",\"inLanguage\":\"es\",\"@id\":\"https:\\\/\\\/zapateneo.net\\\/wordpress\\\/index.php\\\/producto\\\/las-carceles-de-la-miseria-gueto-marginalidad-y-estado-penal\\\/#primaryimage\",\"url\":\"https:\\\/\\\/zapateneo.net\\\/wordpress\\\/wp-content\\\/uploads\\\/2025\\\/01\\\/9788485209583.jpeg\",\"contentUrl\":\"https:\\\/\\\/zapateneo.net\\\/wordpress\\\/wp-content\\\/uploads\\\/2025\\\/01\\\/9788485209583.jpeg\",\"width\":261,\"height\":400},{\"@type\":\"BreadcrumbList\",\"@id\":\"https:\\\/\\\/zapateneo.net\\\/wordpress\\\/index.php\\\/producto\\\/las-carceles-de-la-miseria-gueto-marginalidad-y-estado-penal\\\/#breadcrumb\",\"itemListElement\":[{\"@type\":\"ListItem\",\"position\":1,\"name\":\"Portada\",\"item\":\"https:\\\/\\\/zapateneo.net\\\/wordpress\\\/\"},{\"@type\":\"ListItem\",\"position\":2,\"name\":\"Tienda\",\"item\":\"https:\\\/\\\/zapateneo.net\\\/wordpress\\\/\"},{\"@type\":\"ListItem\",\"position\":3,\"name\":\"Las c\u00e1rceles de la miseria Gueto, marginalidad y estado penal\"}]},{\"@type\":\"WebSite\",\"@id\":\"https:\\\/\\\/zapateneo.net\\\/wordpress\\\/#website\",\"url\":\"https:\\\/\\\/zapateneo.net\\\/wordpress\\\/\",\"name\":\"Zapateneo\",\"description\":\"Zapateneoaren webgunea\",\"publisher\":{\"@id\":\"https:\\\/\\\/zapateneo.net\\\/wordpress\\\/#organization\"},\"potentialAction\":[{\"@type\":\"SearchAction\",\"target\":{\"@type\":\"EntryPoint\",\"urlTemplate\":\"https:\\\/\\\/zapateneo.net\\\/wordpress\\\/?s={search_term_string}\"},\"query-input\":{\"@type\":\"PropertyValueSpecification\",\"valueRequired\":true,\"valueName\":\"search_term_string\"}}],\"inLanguage\":\"es\"},{\"@type\":\"Organization\",\"@id\":\"https:\\\/\\\/zapateneo.net\\\/wordpress\\\/#organization\",\"name\":\"Zapateneo Kultur Elkartea\",\"url\":\"https:\\\/\\\/zapateneo.net\\\/wordpress\\\/\",\"logo\":{\"@type\":\"ImageObject\",\"inLanguage\":\"es\",\"@id\":\"https:\\\/\\\/zapateneo.net\\\/wordpress\\\/#\\\/schema\\\/logo\\\/image\\\/\",\"url\":\"https:\\\/\\\/zapateneo.net\\\/wordpress\\\/wp-content\\\/uploads\\\/2021\\\/04\\\/zap-libu-kolec.jpg\",\"contentUrl\":\"https:\\\/\\\/zapateneo.net\\\/wordpress\\\/wp-content\\\/uploads\\\/2021\\\/04\\\/zap-libu-kolec.jpg\",\"width\":2234,\"height\":398,\"caption\":\"Zapateneo Kultur Elkartea\"},\"image\":{\"@id\":\"https:\\\/\\\/zapateneo.net\\\/wordpress\\\/#\\\/schema\\\/logo\\\/image\\\/\"},\"sameAs\":[\"https:\\\/\\\/x.com\\\/zapateneo\"]}]}<\/script>\n<!-- \/ Yoast SEO plugin. -->","yoast_head_json":{"title":"Las c\u00e1rceles de la miseria Gueto, marginalidad y estado penal &#8212; Zapateneo","robots":{"index":"index","follow":"follow","max-snippet":"max-snippet:-1","max-image-preview":"max-image-preview:large","max-video-preview":"max-video-preview:-1"},"canonical":"https:\/\/zapateneo.net\/wordpress\/index.php\/producto\/las-carceles-de-la-miseria-gueto-marginalidad-y-estado-penal\/","og_locale":"es_ES","og_type":"article","og_title":"Las c\u00e1rceles de la miseria Gueto, marginalidad y estado penal &#8212; Zapateneo","og_description":"Lo\u00efc Wacquant 9788485209583 - Irrecuperables - 2024 - 338 p\u00e1ginas \/orri.","og_url":"https:\/\/zapateneo.net\/wordpress\/index.php\/producto\/las-carceles-de-la-miseria-gueto-marginalidad-y-estado-penal\/","og_site_name":"Zapateneo","article_modified_time":"2025-01-02T12:08:08+00:00","twitter_card":"summary_large_image","twitter_site":"@zapateneo","twitter_misc":{"Tiempo de lectura":"2 minutos"},"schema":{"@context":"https:\/\/schema.org","@graph":[{"@type":"WebPage","@id":"https:\/\/zapateneo.net\/wordpress\/index.php\/producto\/las-carceles-de-la-miseria-gueto-marginalidad-y-estado-penal\/","url":"https:\/\/zapateneo.net\/wordpress\/index.php\/producto\/las-carceles-de-la-miseria-gueto-marginalidad-y-estado-penal\/","name":"Las c\u00e1rceles de la miseria Gueto, marginalidad y estado penal &#8212; Zapateneo","isPartOf":{"@id":"https:\/\/zapateneo.net\/wordpress\/#website"},"primaryImageOfPage":{"@id":"https:\/\/zapateneo.net\/wordpress\/index.php\/producto\/las-carceles-de-la-miseria-gueto-marginalidad-y-estado-penal\/#primaryimage"},"image":{"@id":"https:\/\/zapateneo.net\/wordpress\/index.php\/producto\/las-carceles-de-la-miseria-gueto-marginalidad-y-estado-penal\/#primaryimage"},"thumbnailUrl":"https:\/\/zapateneo.net\/wordpress\/wp-content\/uploads\/2025\/01\/9788485209583.jpeg","datePublished":"2025-01-02T12:08:03+00:00","dateModified":"2025-01-02T12:08:08+00:00","breadcrumb":{"@id":"https:\/\/zapateneo.net\/wordpress\/index.php\/producto\/las-carceles-de-la-miseria-gueto-marginalidad-y-estado-penal\/#breadcrumb"},"inLanguage":"es","potentialAction":[{"@type":"ReadAction","target":["https:\/\/zapateneo.net\/wordpress\/index.php\/producto\/las-carceles-de-la-miseria-gueto-marginalidad-y-estado-penal\/"]}]},{"@type":"ImageObject","inLanguage":"es","@id":"https:\/\/zapateneo.net\/wordpress\/index.php\/producto\/las-carceles-de-la-miseria-gueto-marginalidad-y-estado-penal\/#primaryimage","url":"https:\/\/zapateneo.net\/wordpress\/wp-content\/uploads\/2025\/01\/9788485209583.jpeg","contentUrl":"https:\/\/zapateneo.net\/wordpress\/wp-content\/uploads\/2025\/01\/9788485209583.jpeg","width":261,"height":400},{"@type":"BreadcrumbList","@id":"https:\/\/zapateneo.net\/wordpress\/index.php\/producto\/las-carceles-de-la-miseria-gueto-marginalidad-y-estado-penal\/#breadcrumb","itemListElement":[{"@type":"ListItem","position":1,"name":"Portada","item":"https:\/\/zapateneo.net\/wordpress\/"},{"@type":"ListItem","position":2,"name":"Tienda","item":"https:\/\/zapateneo.net\/wordpress\/"},{"@type":"ListItem","position":3,"name":"Las c\u00e1rceles de la miseria Gueto, marginalidad y estado penal"}]},{"@type":"WebSite","@id":"https:\/\/zapateneo.net\/wordpress\/#website","url":"https:\/\/zapateneo.net\/wordpress\/","name":"Zapateneo","description":"Zapateneoaren webgunea","publisher":{"@id":"https:\/\/zapateneo.net\/wordpress\/#organization"},"potentialAction":[{"@type":"SearchAction","target":{"@type":"EntryPoint","urlTemplate":"https:\/\/zapateneo.net\/wordpress\/?s={search_term_string}"},"query-input":{"@type":"PropertyValueSpecification","valueRequired":true,"valueName":"search_term_string"}}],"inLanguage":"es"},{"@type":"Organization","@id":"https:\/\/zapateneo.net\/wordpress\/#organization","name":"Zapateneo Kultur Elkartea","url":"https:\/\/zapateneo.net\/wordpress\/","logo":{"@type":"ImageObject","inLanguage":"es","@id":"https:\/\/zapateneo.net\/wordpress\/#\/schema\/logo\/image\/","url":"https:\/\/zapateneo.net\/wordpress\/wp-content\/uploads\/2021\/04\/zap-libu-kolec.jpg","contentUrl":"https:\/\/zapateneo.net\/wordpress\/wp-content\/uploads\/2021\/04\/zap-libu-kolec.jpg","width":2234,"height":398,"caption":"Zapateneo Kultur Elkartea"},"image":{"@id":"https:\/\/zapateneo.net\/wordpress\/#\/schema\/logo\/image\/"},"sameAs":["https:\/\/x.com\/zapateneo"]}]}},"_links":{"self":[{"href":"https:\/\/zapateneo.net\/wordpress\/index.php\/wp-json\/wp\/v2\/product\/15656","targetHints":{"allow":["GET"]}}],"collection":[{"href":"https:\/\/zapateneo.net\/wordpress\/index.php\/wp-json\/wp\/v2\/product"}],"about":[{"href":"https:\/\/zapateneo.net\/wordpress\/index.php\/wp-json\/wp\/v2\/types\/product"}],"wp:featuredmedia":[{"embeddable":true,"href":"https:\/\/zapateneo.net\/wordpress\/index.php\/wp-json\/wp\/v2\/media\/15671"}],"wp:attachment":[{"href":"https:\/\/zapateneo.net\/wordpress\/index.php\/wp-json\/wp\/v2\/media?parent=15656"}],"wp:term":[{"taxonomy":"product_brand","embeddable":true,"href":"https:\/\/zapateneo.net\/wordpress\/index.php\/wp-json\/wp\/v2\/product_brand?post=15656"},{"taxonomy":"product_cat","embeddable":true,"href":"https:\/\/zapateneo.net\/wordpress\/index.php\/wp-json\/wp\/v2\/product_cat?post=15656"},{"taxonomy":"product_tag","embeddable":true,"href":"https:\/\/zapateneo.net\/wordpress\/index.php\/wp-json\/wp\/v2\/product_tag?post=15656"}],"curies":[{"name":"wp","href":"https:\/\/api.w.org\/{rel}","templated":true}]}}