{"id":15655,"date":"2025-01-02T13:08:03","date_gmt":"2025-01-02T12:08:03","guid":{"rendered":"https:\/\/zapateneo.net\/wordpress\/?post_type=product&#038;p=15655"},"modified":"2025-01-02T13:08:08","modified_gmt":"2025-01-02T12:08:08","slug":"bienvenidos-al-colapsoceno-distopia-horror-y-tecno-magia","status":"publish","type":"product","link":"https:\/\/zapateneo.net\/wordpress\/index.php\/producto\/bienvenidos-al-colapsoceno-distopia-horror-y-tecno-magia\/","title":{"rendered":"Bienvenidos al Colapsoceno Distop\u00eda, horror y tecno-magia"},"content":{"rendered":"<p>Bienvenidos al colapsoceno es una cartograf\u00eda on\u00edrica que nos invita a adentrarnos en el colapso del sistema actual de vida. Si el progreso y la tecnolog\u00eda hab\u00edan consolidado la religi\u00f3n de la modernidad, hoy todo nos habla de su agon\u00eda, por lo que al mito de la mejora constante le sucede un nuevo imaginario que es su imagen invertida, el imaginario de la cat\u00e1strofe.<br \/>\nNo obstante, contamos tambi\u00e9n con su contrapartida: frente a todo sue\u00f1o ut\u00f3pico, queda la reivindicaci\u00f3n de la creaci\u00f3n desde el aqu\u00ed y el ahora. \u201cUna vez ha surgido en uno mismo el esp\u00edritu revolucionario, ya no hay vuelta atr\u00e1s. Porque el verdadero esp\u00edritu revolucionario es, esencialmente, una experiencia de responsabilidad. Uno siente que debe responder ante una situaci\u00f3n (de la sociedad, del mundo\u2026) que as\u00ed lo exige. Los autores de este libro tienen este esp\u00edritu. Pero los a\u00f1os y lo vivido no les han ahorrado decepciones ni fracasos. De ah\u00ed que este sea un libro parad\u00f3jico. En parte, sostiene con mucha agudeza que ya no hay nada que hacer para evitar el colapso y, en parte, no cesa de apelar a lo seminal, a lo marginal, a los viveros, a la imaginaci\u00f3n, a la resistencia.<br \/>\n\u00abEs, tambi\u00e9n, y eso no es poco en los tiempos que corren, un libro honesto. Escritura directa, nada ret\u00f3rica, nada esteticista, que desde la primera l\u00ednea habla de t\u00fa a t\u00fa. Y, finalmente, es un libro de amistad. Hecho desde la amistad y para la amistad. S\u00ed, el t\u00edtulo expl\u00edcito es el del colapso. El impl\u00edcito, el de la amistad. Buenos t\u00edtulos para un libro que, sin duda alguna, vale la pena leer\u00bb. Josep Maria Esquirol.<\/p>\n","protected":false},"excerpt":{"rendered":"<p><strong>Andoni Alonso, I\u00f1aki Arzoz<\/strong><br \/>\n9788485209620 &#8211; Irrecuperables &#8211; 2024 &#8211; 288 p\u00e1ginas \/orri.<\/p>\n","protected":false},"featured_media":15670,"template":"","meta":[],"product_brand":[],"product_cat":[180,16],"product_tag":[7032,7033,2960],"class_list":{"0":"post-15655","1":"product","2":"type-product","3":"status-publish","4":"has-post-thumbnail","6":"product_cat-ekologia-ecologia","7":"product_cat-libros","8":"product_tag-andoni-alonso","9":"product_tag-inaki-arzoz","10":"product_tag-irrecuperables","12":"first","13":"instock","14":"sold-individually","15":"shipping-taxable","16":"purchasable","17":"product-type-simple"},"yoast_head":"<!-- This site is optimized with the Yoast SEO plugin v27.3 - https:\/\/yoast.com\/product\/yoast-seo-wordpress\/ -->\n<title>Bienvenidos al Colapsoceno Distop\u00eda, horror y tecno-magia &#8212; Zapateneo<\/title>\n<meta name=\"robots\" content=\"index, follow, max-snippet:-1, max-image-preview:large, max-video-preview:-1\" \/>\n<link rel=\"canonical\" href=\"https:\/\/zapateneo.net\/wordpress\/index.php\/producto\/bienvenidos-al-colapsoceno-distopia-horror-y-tecno-magia\/\" \/>\n<meta property=\"og:locale\" content=\"es_ES\" \/>\n<meta property=\"og:type\" content=\"article\" \/>\n<meta property=\"og:title\" content=\"Bienvenidos al Colapsoceno Distop\u00eda, horror y tecno-magia &#8212; Zapateneo\" \/>\n<meta property=\"og:description\" content=\"Andoni Alonso, I\u00f1aki Arzoz 9788485209620 - Irrecuperables - 2024 - 288 p\u00e1ginas \/orri.\" \/>\n<meta property=\"og:url\" content=\"https:\/\/zapateneo.net\/wordpress\/index.php\/producto\/bienvenidos-al-colapsoceno-distopia-horror-y-tecno-magia\/\" \/>\n<meta property=\"og:site_name\" content=\"Zapateneo\" \/>\n<meta property=\"article:modified_time\" content=\"2025-01-02T12:08:08+00:00\" \/>\n<meta name=\"twitter:card\" content=\"summary_large_image\" \/>\n<meta name=\"twitter:site\" content=\"@zapateneo\" \/>\n<meta name=\"twitter:label1\" content=\"Tiempo de lectura\" \/>\n\t<meta name=\"twitter:data1\" content=\"2 minutos\" \/>\n<script type=\"application\/ld+json\" class=\"yoast-schema-graph\">{\"@context\":\"https:\\\/\\\/schema.org\",\"@graph\":[{\"@type\":\"WebPage\",\"@id\":\"https:\\\/\\\/zapateneo.net\\\/wordpress\\\/index.php\\\/producto\\\/bienvenidos-al-colapsoceno-distopia-horror-y-tecno-magia\\\/\",\"url\":\"https:\\\/\\\/zapateneo.net\\\/wordpress\\\/index.php\\\/producto\\\/bienvenidos-al-colapsoceno-distopia-horror-y-tecno-magia\\\/\",\"name\":\"Bienvenidos al Colapsoceno Distop\u00eda, horror y tecno-magia &#8212; Zapateneo\",\"isPartOf\":{\"@id\":\"https:\\\/\\\/zapateneo.net\\\/wordpress\\\/#website\"},\"primaryImageOfPage\":{\"@id\":\"https:\\\/\\\/zapateneo.net\\\/wordpress\\\/index.php\\\/producto\\\/bienvenidos-al-colapsoceno-distopia-horror-y-tecno-magia\\\/#primaryimage\"},\"image\":{\"@id\":\"https:\\\/\\\/zapateneo.net\\\/wordpress\\\/index.php\\\/producto\\\/bienvenidos-al-colapsoceno-distopia-horror-y-tecno-magia\\\/#primaryimage\"},\"thumbnailUrl\":\"https:\\\/\\\/zapateneo.net\\\/wordpress\\\/wp-content\\\/uploads\\\/2025\\\/01\\\/9788485209620.jpg\",\"datePublished\":\"2025-01-02T12:08:03+00:00\",\"dateModified\":\"2025-01-02T12:08:08+00:00\",\"breadcrumb\":{\"@id\":\"https:\\\/\\\/zapateneo.net\\\/wordpress\\\/index.php\\\/producto\\\/bienvenidos-al-colapsoceno-distopia-horror-y-tecno-magia\\\/#breadcrumb\"},\"inLanguage\":\"es\",\"potentialAction\":[{\"@type\":\"ReadAction\",\"target\":[\"https:\\\/\\\/zapateneo.net\\\/wordpress\\\/index.php\\\/producto\\\/bienvenidos-al-colapsoceno-distopia-horror-y-tecno-magia\\\/\"]}]},{\"@type\":\"ImageObject\",\"inLanguage\":\"es\",\"@id\":\"https:\\\/\\\/zapateneo.net\\\/wordpress\\\/index.php\\\/producto\\\/bienvenidos-al-colapsoceno-distopia-horror-y-tecno-magia\\\/#primaryimage\",\"url\":\"https:\\\/\\\/zapateneo.net\\\/wordpress\\\/wp-content\\\/uploads\\\/2025\\\/01\\\/9788485209620.jpg\",\"contentUrl\":\"https:\\\/\\\/zapateneo.net\\\/wordpress\\\/wp-content\\\/uploads\\\/2025\\\/01\\\/9788485209620.jpg\",\"width\":200,\"height\":200},{\"@type\":\"BreadcrumbList\",\"@id\":\"https:\\\/\\\/zapateneo.net\\\/wordpress\\\/index.php\\\/producto\\\/bienvenidos-al-colapsoceno-distopia-horror-y-tecno-magia\\\/#breadcrumb\",\"itemListElement\":[{\"@type\":\"ListItem\",\"position\":1,\"name\":\"Portada\",\"item\":\"https:\\\/\\\/zapateneo.net\\\/wordpress\\\/\"},{\"@type\":\"ListItem\",\"position\":2,\"name\":\"Tienda\",\"item\":\"https:\\\/\\\/zapateneo.net\\\/wordpress\\\/\"},{\"@type\":\"ListItem\",\"position\":3,\"name\":\"Bienvenidos al Colapsoceno Distop\u00eda, horror y tecno-magia\"}]},{\"@type\":\"WebSite\",\"@id\":\"https:\\\/\\\/zapateneo.net\\\/wordpress\\\/#website\",\"url\":\"https:\\\/\\\/zapateneo.net\\\/wordpress\\\/\",\"name\":\"Zapateneo\",\"description\":\"Zapateneoaren webgunea\",\"publisher\":{\"@id\":\"https:\\\/\\\/zapateneo.net\\\/wordpress\\\/#organization\"},\"potentialAction\":[{\"@type\":\"SearchAction\",\"target\":{\"@type\":\"EntryPoint\",\"urlTemplate\":\"https:\\\/\\\/zapateneo.net\\\/wordpress\\\/?s={search_term_string}\"},\"query-input\":{\"@type\":\"PropertyValueSpecification\",\"valueRequired\":true,\"valueName\":\"search_term_string\"}}],\"inLanguage\":\"es\"},{\"@type\":\"Organization\",\"@id\":\"https:\\\/\\\/zapateneo.net\\\/wordpress\\\/#organization\",\"name\":\"Zapateneo Kultur Elkartea\",\"url\":\"https:\\\/\\\/zapateneo.net\\\/wordpress\\\/\",\"logo\":{\"@type\":\"ImageObject\",\"inLanguage\":\"es\",\"@id\":\"https:\\\/\\\/zapateneo.net\\\/wordpress\\\/#\\\/schema\\\/logo\\\/image\\\/\",\"url\":\"https:\\\/\\\/zapateneo.net\\\/wordpress\\\/wp-content\\\/uploads\\\/2021\\\/04\\\/zap-libu-kolec.jpg\",\"contentUrl\":\"https:\\\/\\\/zapateneo.net\\\/wordpress\\\/wp-content\\\/uploads\\\/2021\\\/04\\\/zap-libu-kolec.jpg\",\"width\":2234,\"height\":398,\"caption\":\"Zapateneo Kultur Elkartea\"},\"image\":{\"@id\":\"https:\\\/\\\/zapateneo.net\\\/wordpress\\\/#\\\/schema\\\/logo\\\/image\\\/\"},\"sameAs\":[\"https:\\\/\\\/x.com\\\/zapateneo\"]}]}<\/script>\n<!-- \/ Yoast SEO plugin. -->","yoast_head_json":{"title":"Bienvenidos al Colapsoceno Distop\u00eda, horror y tecno-magia &#8212; Zapateneo","robots":{"index":"index","follow":"follow","max-snippet":"max-snippet:-1","max-image-preview":"max-image-preview:large","max-video-preview":"max-video-preview:-1"},"canonical":"https:\/\/zapateneo.net\/wordpress\/index.php\/producto\/bienvenidos-al-colapsoceno-distopia-horror-y-tecno-magia\/","og_locale":"es_ES","og_type":"article","og_title":"Bienvenidos al Colapsoceno Distop\u00eda, horror y tecno-magia &#8212; Zapateneo","og_description":"Andoni Alonso, I\u00f1aki Arzoz 9788485209620 - Irrecuperables - 2024 - 288 p\u00e1ginas \/orri.","og_url":"https:\/\/zapateneo.net\/wordpress\/index.php\/producto\/bienvenidos-al-colapsoceno-distopia-horror-y-tecno-magia\/","og_site_name":"Zapateneo","article_modified_time":"2025-01-02T12:08:08+00:00","twitter_card":"summary_large_image","twitter_site":"@zapateneo","twitter_misc":{"Tiempo de lectura":"2 minutos"},"schema":{"@context":"https:\/\/schema.org","@graph":[{"@type":"WebPage","@id":"https:\/\/zapateneo.net\/wordpress\/index.php\/producto\/bienvenidos-al-colapsoceno-distopia-horror-y-tecno-magia\/","url":"https:\/\/zapateneo.net\/wordpress\/index.php\/producto\/bienvenidos-al-colapsoceno-distopia-horror-y-tecno-magia\/","name":"Bienvenidos al Colapsoceno Distop\u00eda, horror y tecno-magia &#8212; Zapateneo","isPartOf":{"@id":"https:\/\/zapateneo.net\/wordpress\/#website"},"primaryImageOfPage":{"@id":"https:\/\/zapateneo.net\/wordpress\/index.php\/producto\/bienvenidos-al-colapsoceno-distopia-horror-y-tecno-magia\/#primaryimage"},"image":{"@id":"https:\/\/zapateneo.net\/wordpress\/index.php\/producto\/bienvenidos-al-colapsoceno-distopia-horror-y-tecno-magia\/#primaryimage"},"thumbnailUrl":"https:\/\/zapateneo.net\/wordpress\/wp-content\/uploads\/2025\/01\/9788485209620.jpg","datePublished":"2025-01-02T12:08:03+00:00","dateModified":"2025-01-02T12:08:08+00:00","breadcrumb":{"@id":"https:\/\/zapateneo.net\/wordpress\/index.php\/producto\/bienvenidos-al-colapsoceno-distopia-horror-y-tecno-magia\/#breadcrumb"},"inLanguage":"es","potentialAction":[{"@type":"ReadAction","target":["https:\/\/zapateneo.net\/wordpress\/index.php\/producto\/bienvenidos-al-colapsoceno-distopia-horror-y-tecno-magia\/"]}]},{"@type":"ImageObject","inLanguage":"es","@id":"https:\/\/zapateneo.net\/wordpress\/index.php\/producto\/bienvenidos-al-colapsoceno-distopia-horror-y-tecno-magia\/#primaryimage","url":"https:\/\/zapateneo.net\/wordpress\/wp-content\/uploads\/2025\/01\/9788485209620.jpg","contentUrl":"https:\/\/zapateneo.net\/wordpress\/wp-content\/uploads\/2025\/01\/9788485209620.jpg","width":200,"height":200},{"@type":"BreadcrumbList","@id":"https:\/\/zapateneo.net\/wordpress\/index.php\/producto\/bienvenidos-al-colapsoceno-distopia-horror-y-tecno-magia\/#breadcrumb","itemListElement":[{"@type":"ListItem","position":1,"name":"Portada","item":"https:\/\/zapateneo.net\/wordpress\/"},{"@type":"ListItem","position":2,"name":"Tienda","item":"https:\/\/zapateneo.net\/wordpress\/"},{"@type":"ListItem","position":3,"name":"Bienvenidos al Colapsoceno Distop\u00eda, horror y tecno-magia"}]},{"@type":"WebSite","@id":"https:\/\/zapateneo.net\/wordpress\/#website","url":"https:\/\/zapateneo.net\/wordpress\/","name":"Zapateneo","description":"Zapateneoaren webgunea","publisher":{"@id":"https:\/\/zapateneo.net\/wordpress\/#organization"},"potentialAction":[{"@type":"SearchAction","target":{"@type":"EntryPoint","urlTemplate":"https:\/\/zapateneo.net\/wordpress\/?s={search_term_string}"},"query-input":{"@type":"PropertyValueSpecification","valueRequired":true,"valueName":"search_term_string"}}],"inLanguage":"es"},{"@type":"Organization","@id":"https:\/\/zapateneo.net\/wordpress\/#organization","name":"Zapateneo Kultur Elkartea","url":"https:\/\/zapateneo.net\/wordpress\/","logo":{"@type":"ImageObject","inLanguage":"es","@id":"https:\/\/zapateneo.net\/wordpress\/#\/schema\/logo\/image\/","url":"https:\/\/zapateneo.net\/wordpress\/wp-content\/uploads\/2021\/04\/zap-libu-kolec.jpg","contentUrl":"https:\/\/zapateneo.net\/wordpress\/wp-content\/uploads\/2021\/04\/zap-libu-kolec.jpg","width":2234,"height":398,"caption":"Zapateneo Kultur Elkartea"},"image":{"@id":"https:\/\/zapateneo.net\/wordpress\/#\/schema\/logo\/image\/"},"sameAs":["https:\/\/x.com\/zapateneo"]}]}},"_links":{"self":[{"href":"https:\/\/zapateneo.net\/wordpress\/index.php\/wp-json\/wp\/v2\/product\/15655","targetHints":{"allow":["GET"]}}],"collection":[{"href":"https:\/\/zapateneo.net\/wordpress\/index.php\/wp-json\/wp\/v2\/product"}],"about":[{"href":"https:\/\/zapateneo.net\/wordpress\/index.php\/wp-json\/wp\/v2\/types\/product"}],"wp:featuredmedia":[{"embeddable":true,"href":"https:\/\/zapateneo.net\/wordpress\/index.php\/wp-json\/wp\/v2\/media\/15670"}],"wp:attachment":[{"href":"https:\/\/zapateneo.net\/wordpress\/index.php\/wp-json\/wp\/v2\/media?parent=15655"}],"wp:term":[{"taxonomy":"product_brand","embeddable":true,"href":"https:\/\/zapateneo.net\/wordpress\/index.php\/wp-json\/wp\/v2\/product_brand?post=15655"},{"taxonomy":"product_cat","embeddable":true,"href":"https:\/\/zapateneo.net\/wordpress\/index.php\/wp-json\/wp\/v2\/product_cat?post=15655"},{"taxonomy":"product_tag","embeddable":true,"href":"https:\/\/zapateneo.net\/wordpress\/index.php\/wp-json\/wp\/v2\/product_tag?post=15655"}],"curies":[{"name":"wp","href":"https:\/\/api.w.org\/{rel}","templated":true}]}}