{"id":15653,"date":"2025-01-02T13:08:02","date_gmt":"2025-01-02T12:08:02","guid":{"rendered":"https:\/\/zapateneo.net\/wordpress\/?post_type=product&#038;p=15653"},"modified":"2025-01-02T13:08:07","modified_gmt":"2025-01-02T12:08:07","slug":"marxismo-abierto-volumen-1-dialectica-e-historia","status":"publish","type":"product","link":"https:\/\/zapateneo.net\/wordpress\/index.php\/producto\/marxismo-abierto-volumen-1-dialectica-e-historia\/","title":{"rendered":"Marxismo Abierto (volumen 1) Dial\u00e9ctica e historia"},"content":{"rendered":"<p>El marxismo abierto es un conjunto de pensadores marxistas cr\u00edticos y heterodoxos que cuestionan el socialismo de Estado y la pol\u00edtica de partidos, haciendo hincapi\u00e9 en la necesidad de apertura a la praxis y a la historia mediante un m\u00e9todo antipositivista basado en la \u00abreflexividad pr\u00e1ctica\u00bb de los conceptos de Karl Marx. La \u00abapertura\u00bb en el marxismo abierto tambi\u00e9n se refiere a una visi\u00f3n no determinista de la historia en la que se pone en primer plano la imprevisibilidad de la lucha de clases. Su car\u00e1cter es pues muy antiestructuralista, tanto en su forma marxista-leninista como en la althusseriana, y se solapa significativamente con algunas es- cuelas del posmarxismo. A menudo (aunque no siempre) se alinea con el marxismo humanista y el comunismo libertario o de izquierdas.<\/p>\n<p>Las fuentes del marxismo cr\u00edtico y abierto (a veces llamado \u00abcorriente c\u00e1lida del marxismo\u00bb) son muchas, desde el retorno de Gy\u00f6rgy Luk\u00e1cs a las ra\u00edces filos\u00f3ficas del pensamiento de Marx, hasta el comunismo consejista, la Nueva Izquierda, elementos del autonomismo y el situacionismo y tambi\u00e9n la Neue Marx-Lekt\u00fcre [Nueva lectura de Marx] de la Alemania de los setenta. Hegel suele ser el hilo conductor de estas tendencias.<\/p>\n<p>Las afinidades intelectuales con el marxismo autonomista fueron especialmente fuertes y llevaron a la creaci\u00f3n de la revista The Commoner (2001-2012) siguiendo la estela de las anteriores revistas del marxismo abierto como Arguments (1958-1962) y Common Sense (1987-1999). En las d\u00e9cadas de 1970 y 1980, los debates sobre la separaci\u00f3n de lo econ\u00f3mico y lo pol\u00edtico en el capitalismo se desarrollaron en el grupo de trabajo Kapitalistate y en la revista Capital &#038; Class de la Conferencia de Economistas Socialistas, involucrando a muchos de los te\u00f3ricos del marxismo abierto e influyendo significativamente en su desarrollo te\u00f3rico. La revista Endnotes se refiere a s\u00ed misma como influenciada por el Marxismo Abierto.<\/p>\n","protected":false},"excerpt":{"rendered":"<p><strong>Kosmas Psychopedis, Richard Gunn, Werner Bonefeld<\/strong><br \/>\n9788485209484 &#8211; Irrecuperables &#8211; 2024 &#8211; 252 p\u00e1ginas \/orri.<\/p>\n","protected":false},"featured_media":15668,"template":"","meta":[],"product_brand":[],"product_cat":[16,176],"product_tag":[2960,7029,7030,7031],"class_list":{"0":"post-15653","1":"product","2":"type-product","3":"status-publish","4":"has-post-thumbnail","6":"product_cat-libros","7":"product_cat-marxismoa-marxismo","8":"product_tag-irrecuperables","9":"product_tag-kosmas-psychopedis","10":"product_tag-richard-gunn","11":"product_tag-werner-bonefeld","13":"first","14":"instock","15":"sold-individually","16":"shipping-taxable","17":"purchasable","18":"product-type-simple"},"yoast_head":"<!-- This site is optimized with the Yoast SEO plugin v27.3 - https:\/\/yoast.com\/product\/yoast-seo-wordpress\/ -->\n<title>Marxismo Abierto (volumen 1) Dial\u00e9ctica e historia &#8212; Zapateneo<\/title>\n<meta name=\"robots\" content=\"index, follow, max-snippet:-1, max-image-preview:large, max-video-preview:-1\" \/>\n<link rel=\"canonical\" href=\"https:\/\/zapateneo.net\/wordpress\/index.php\/producto\/marxismo-abierto-volumen-1-dialectica-e-historia\/\" \/>\n<meta property=\"og:locale\" content=\"es_ES\" \/>\n<meta property=\"og:type\" content=\"article\" \/>\n<meta property=\"og:title\" content=\"Marxismo Abierto (volumen 1) Dial\u00e9ctica e historia &#8212; Zapateneo\" \/>\n<meta property=\"og:description\" content=\"Kosmas Psychopedis, Richard Gunn, Werner Bonefeld 9788485209484 - Irrecuperables - 2024 - 252 p\u00e1ginas \/orri.\" \/>\n<meta property=\"og:url\" content=\"https:\/\/zapateneo.net\/wordpress\/index.php\/producto\/marxismo-abierto-volumen-1-dialectica-e-historia\/\" \/>\n<meta property=\"og:site_name\" content=\"Zapateneo\" \/>\n<meta property=\"article:modified_time\" content=\"2025-01-02T12:08:07+00:00\" \/>\n<meta name=\"twitter:card\" content=\"summary_large_image\" \/>\n<meta name=\"twitter:site\" content=\"@zapateneo\" \/>\n<meta name=\"twitter:label1\" content=\"Tiempo de lectura\" \/>\n\t<meta name=\"twitter:data1\" content=\"2 minutos\" \/>\n<script type=\"application\/ld+json\" class=\"yoast-schema-graph\">{\"@context\":\"https:\\\/\\\/schema.org\",\"@graph\":[{\"@type\":\"WebPage\",\"@id\":\"https:\\\/\\\/zapateneo.net\\\/wordpress\\\/index.php\\\/producto\\\/marxismo-abierto-volumen-1-dialectica-e-historia\\\/\",\"url\":\"https:\\\/\\\/zapateneo.net\\\/wordpress\\\/index.php\\\/producto\\\/marxismo-abierto-volumen-1-dialectica-e-historia\\\/\",\"name\":\"Marxismo Abierto (volumen 1) Dial\u00e9ctica e historia &#8212; Zapateneo\",\"isPartOf\":{\"@id\":\"https:\\\/\\\/zapateneo.net\\\/wordpress\\\/#website\"},\"primaryImageOfPage\":{\"@id\":\"https:\\\/\\\/zapateneo.net\\\/wordpress\\\/index.php\\\/producto\\\/marxismo-abierto-volumen-1-dialectica-e-historia\\\/#primaryimage\"},\"image\":{\"@id\":\"https:\\\/\\\/zapateneo.net\\\/wordpress\\\/index.php\\\/producto\\\/marxismo-abierto-volumen-1-dialectica-e-historia\\\/#primaryimage\"},\"thumbnailUrl\":\"https:\\\/\\\/zapateneo.net\\\/wordpress\\\/wp-content\\\/uploads\\\/2025\\\/01\\\/9788485209484.jpg\",\"datePublished\":\"2025-01-02T12:08:02+00:00\",\"dateModified\":\"2025-01-02T12:08:07+00:00\",\"breadcrumb\":{\"@id\":\"https:\\\/\\\/zapateneo.net\\\/wordpress\\\/index.php\\\/producto\\\/marxismo-abierto-volumen-1-dialectica-e-historia\\\/#breadcrumb\"},\"inLanguage\":\"es\",\"potentialAction\":[{\"@type\":\"ReadAction\",\"target\":[\"https:\\\/\\\/zapateneo.net\\\/wordpress\\\/index.php\\\/producto\\\/marxismo-abierto-volumen-1-dialectica-e-historia\\\/\"]}]},{\"@type\":\"ImageObject\",\"inLanguage\":\"es\",\"@id\":\"https:\\\/\\\/zapateneo.net\\\/wordpress\\\/index.php\\\/producto\\\/marxismo-abierto-volumen-1-dialectica-e-historia\\\/#primaryimage\",\"url\":\"https:\\\/\\\/zapateneo.net\\\/wordpress\\\/wp-content\\\/uploads\\\/2025\\\/01\\\/9788485209484.jpg\",\"contentUrl\":\"https:\\\/\\\/zapateneo.net\\\/wordpress\\\/wp-content\\\/uploads\\\/2025\\\/01\\\/9788485209484.jpg\",\"width\":276,\"height\":400},{\"@type\":\"BreadcrumbList\",\"@id\":\"https:\\\/\\\/zapateneo.net\\\/wordpress\\\/index.php\\\/producto\\\/marxismo-abierto-volumen-1-dialectica-e-historia\\\/#breadcrumb\",\"itemListElement\":[{\"@type\":\"ListItem\",\"position\":1,\"name\":\"Portada\",\"item\":\"https:\\\/\\\/zapateneo.net\\\/wordpress\\\/\"},{\"@type\":\"ListItem\",\"position\":2,\"name\":\"Tienda\",\"item\":\"https:\\\/\\\/zapateneo.net\\\/wordpress\\\/\"},{\"@type\":\"ListItem\",\"position\":3,\"name\":\"Marxismo Abierto (volumen 1) Dial\u00e9ctica e historia\"}]},{\"@type\":\"WebSite\",\"@id\":\"https:\\\/\\\/zapateneo.net\\\/wordpress\\\/#website\",\"url\":\"https:\\\/\\\/zapateneo.net\\\/wordpress\\\/\",\"name\":\"Zapateneo\",\"description\":\"Zapateneoaren webgunea\",\"publisher\":{\"@id\":\"https:\\\/\\\/zapateneo.net\\\/wordpress\\\/#organization\"},\"potentialAction\":[{\"@type\":\"SearchAction\",\"target\":{\"@type\":\"EntryPoint\",\"urlTemplate\":\"https:\\\/\\\/zapateneo.net\\\/wordpress\\\/?s={search_term_string}\"},\"query-input\":{\"@type\":\"PropertyValueSpecification\",\"valueRequired\":true,\"valueName\":\"search_term_string\"}}],\"inLanguage\":\"es\"},{\"@type\":\"Organization\",\"@id\":\"https:\\\/\\\/zapateneo.net\\\/wordpress\\\/#organization\",\"name\":\"Zapateneo Kultur Elkartea\",\"url\":\"https:\\\/\\\/zapateneo.net\\\/wordpress\\\/\",\"logo\":{\"@type\":\"ImageObject\",\"inLanguage\":\"es\",\"@id\":\"https:\\\/\\\/zapateneo.net\\\/wordpress\\\/#\\\/schema\\\/logo\\\/image\\\/\",\"url\":\"https:\\\/\\\/zapateneo.net\\\/wordpress\\\/wp-content\\\/uploads\\\/2021\\\/04\\\/zap-libu-kolec.jpg\",\"contentUrl\":\"https:\\\/\\\/zapateneo.net\\\/wordpress\\\/wp-content\\\/uploads\\\/2021\\\/04\\\/zap-libu-kolec.jpg\",\"width\":2234,\"height\":398,\"caption\":\"Zapateneo Kultur Elkartea\"},\"image\":{\"@id\":\"https:\\\/\\\/zapateneo.net\\\/wordpress\\\/#\\\/schema\\\/logo\\\/image\\\/\"},\"sameAs\":[\"https:\\\/\\\/x.com\\\/zapateneo\"]}]}<\/script>\n<!-- \/ Yoast SEO plugin. -->","yoast_head_json":{"title":"Marxismo Abierto (volumen 1) Dial\u00e9ctica e historia &#8212; Zapateneo","robots":{"index":"index","follow":"follow","max-snippet":"max-snippet:-1","max-image-preview":"max-image-preview:large","max-video-preview":"max-video-preview:-1"},"canonical":"https:\/\/zapateneo.net\/wordpress\/index.php\/producto\/marxismo-abierto-volumen-1-dialectica-e-historia\/","og_locale":"es_ES","og_type":"article","og_title":"Marxismo Abierto (volumen 1) Dial\u00e9ctica e historia &#8212; Zapateneo","og_description":"Kosmas Psychopedis, Richard Gunn, Werner Bonefeld 9788485209484 - Irrecuperables - 2024 - 252 p\u00e1ginas \/orri.","og_url":"https:\/\/zapateneo.net\/wordpress\/index.php\/producto\/marxismo-abierto-volumen-1-dialectica-e-historia\/","og_site_name":"Zapateneo","article_modified_time":"2025-01-02T12:08:07+00:00","twitter_card":"summary_large_image","twitter_site":"@zapateneo","twitter_misc":{"Tiempo de lectura":"2 minutos"},"schema":{"@context":"https:\/\/schema.org","@graph":[{"@type":"WebPage","@id":"https:\/\/zapateneo.net\/wordpress\/index.php\/producto\/marxismo-abierto-volumen-1-dialectica-e-historia\/","url":"https:\/\/zapateneo.net\/wordpress\/index.php\/producto\/marxismo-abierto-volumen-1-dialectica-e-historia\/","name":"Marxismo Abierto (volumen 1) Dial\u00e9ctica e historia &#8212; Zapateneo","isPartOf":{"@id":"https:\/\/zapateneo.net\/wordpress\/#website"},"primaryImageOfPage":{"@id":"https:\/\/zapateneo.net\/wordpress\/index.php\/producto\/marxismo-abierto-volumen-1-dialectica-e-historia\/#primaryimage"},"image":{"@id":"https:\/\/zapateneo.net\/wordpress\/index.php\/producto\/marxismo-abierto-volumen-1-dialectica-e-historia\/#primaryimage"},"thumbnailUrl":"https:\/\/zapateneo.net\/wordpress\/wp-content\/uploads\/2025\/01\/9788485209484.jpg","datePublished":"2025-01-02T12:08:02+00:00","dateModified":"2025-01-02T12:08:07+00:00","breadcrumb":{"@id":"https:\/\/zapateneo.net\/wordpress\/index.php\/producto\/marxismo-abierto-volumen-1-dialectica-e-historia\/#breadcrumb"},"inLanguage":"es","potentialAction":[{"@type":"ReadAction","target":["https:\/\/zapateneo.net\/wordpress\/index.php\/producto\/marxismo-abierto-volumen-1-dialectica-e-historia\/"]}]},{"@type":"ImageObject","inLanguage":"es","@id":"https:\/\/zapateneo.net\/wordpress\/index.php\/producto\/marxismo-abierto-volumen-1-dialectica-e-historia\/#primaryimage","url":"https:\/\/zapateneo.net\/wordpress\/wp-content\/uploads\/2025\/01\/9788485209484.jpg","contentUrl":"https:\/\/zapateneo.net\/wordpress\/wp-content\/uploads\/2025\/01\/9788485209484.jpg","width":276,"height":400},{"@type":"BreadcrumbList","@id":"https:\/\/zapateneo.net\/wordpress\/index.php\/producto\/marxismo-abierto-volumen-1-dialectica-e-historia\/#breadcrumb","itemListElement":[{"@type":"ListItem","position":1,"name":"Portada","item":"https:\/\/zapateneo.net\/wordpress\/"},{"@type":"ListItem","position":2,"name":"Tienda","item":"https:\/\/zapateneo.net\/wordpress\/"},{"@type":"ListItem","position":3,"name":"Marxismo Abierto (volumen 1) Dial\u00e9ctica e historia"}]},{"@type":"WebSite","@id":"https:\/\/zapateneo.net\/wordpress\/#website","url":"https:\/\/zapateneo.net\/wordpress\/","name":"Zapateneo","description":"Zapateneoaren webgunea","publisher":{"@id":"https:\/\/zapateneo.net\/wordpress\/#organization"},"potentialAction":[{"@type":"SearchAction","target":{"@type":"EntryPoint","urlTemplate":"https:\/\/zapateneo.net\/wordpress\/?s={search_term_string}"},"query-input":{"@type":"PropertyValueSpecification","valueRequired":true,"valueName":"search_term_string"}}],"inLanguage":"es"},{"@type":"Organization","@id":"https:\/\/zapateneo.net\/wordpress\/#organization","name":"Zapateneo Kultur Elkartea","url":"https:\/\/zapateneo.net\/wordpress\/","logo":{"@type":"ImageObject","inLanguage":"es","@id":"https:\/\/zapateneo.net\/wordpress\/#\/schema\/logo\/image\/","url":"https:\/\/zapateneo.net\/wordpress\/wp-content\/uploads\/2021\/04\/zap-libu-kolec.jpg","contentUrl":"https:\/\/zapateneo.net\/wordpress\/wp-content\/uploads\/2021\/04\/zap-libu-kolec.jpg","width":2234,"height":398,"caption":"Zapateneo Kultur Elkartea"},"image":{"@id":"https:\/\/zapateneo.net\/wordpress\/#\/schema\/logo\/image\/"},"sameAs":["https:\/\/x.com\/zapateneo"]}]}},"_links":{"self":[{"href":"https:\/\/zapateneo.net\/wordpress\/index.php\/wp-json\/wp\/v2\/product\/15653","targetHints":{"allow":["GET"]}}],"collection":[{"href":"https:\/\/zapateneo.net\/wordpress\/index.php\/wp-json\/wp\/v2\/product"}],"about":[{"href":"https:\/\/zapateneo.net\/wordpress\/index.php\/wp-json\/wp\/v2\/types\/product"}],"wp:featuredmedia":[{"embeddable":true,"href":"https:\/\/zapateneo.net\/wordpress\/index.php\/wp-json\/wp\/v2\/media\/15668"}],"wp:attachment":[{"href":"https:\/\/zapateneo.net\/wordpress\/index.php\/wp-json\/wp\/v2\/media?parent=15653"}],"wp:term":[{"taxonomy":"product_brand","embeddable":true,"href":"https:\/\/zapateneo.net\/wordpress\/index.php\/wp-json\/wp\/v2\/product_brand?post=15653"},{"taxonomy":"product_cat","embeddable":true,"href":"https:\/\/zapateneo.net\/wordpress\/index.php\/wp-json\/wp\/v2\/product_cat?post=15653"},{"taxonomy":"product_tag","embeddable":true,"href":"https:\/\/zapateneo.net\/wordpress\/index.php\/wp-json\/wp\/v2\/product_tag?post=15653"}],"curies":[{"name":"wp","href":"https:\/\/api.w.org\/{rel}","templated":true}]}}