{"id":15651,"date":"2025-01-02T13:08:02","date_gmt":"2025-01-02T12:08:02","guid":{"rendered":"https:\/\/zapateneo.net\/wordpress\/?post_type=product&#038;p=15651"},"modified":"2025-01-02T13:08:06","modified_gmt":"2025-01-02T12:08:06","slug":"el-espiritu-del-suelo-por-una-comunidad-mas-que-humana","status":"publish","type":"product","link":"https:\/\/zapateneo.net\/wordpress\/index.php\/producto\/el-espiritu-del-suelo-por-una-comunidad-mas-que-humana\/","title":{"rendered":"El esp\u00edritu del suelo Por una comunidad m\u00e1s que humana"},"content":{"rendered":"<p>\u00bfC\u00f3mo podemos replantearnos la relaci\u00f3n entre los seres humanos y el suelo, en formas abiertas a futuros ecol\u00f3gicos insurgentes, esperanzadores y decoloniales? \u00bfC\u00f3mo pueden contribuir las relaciones entre los seres humanos y el suelo a detener la herencia de explotaci\u00f3n de la Tierra?<br \/>\nEn este volumen, que re\u00fane intervenciones y textos desarrollados durante m\u00e1s de diez a\u00f1os, Mar\u00eda Puig de la Bellacasa nos anima a explorar la relaci\u00f3n entre los humanos y los suelos que nos sustentan. Al mismo tiempo, nos invita a contarnos otras historias sobre nuestro devenir en la Tierra m\u00e1s all\u00e1 del capitalismo, y a explorar las formas en que la actual transformaci\u00f3n de las relaciones entre lo humano y el suelo podr\u00edan reinventar el sentido de pertenencia a una Tierra siempre en conflicto. Aprender de la descomposici\u00f3n elemental de los suelos tambi\u00e9n nos obliga a desdibujar el relato cosmol\u00f3gico, a convertir los or\u00edgenes en ciclos, las l\u00edneas en espirales, pero tambi\u00e9n a impulsar nuevas afinidades elementales para participar en la recirculaci\u00f3n de vidas compartidas m\u00e1s-que-humanas.<br \/>\nNos urge una ecopo\u00e9tica que abrace la descomposici\u00f3n, donde los imaginarios cient\u00edficos, art\u00edsticos y activistas se opongan a la visi\u00f3n productivista, explotadora y alienante de los suelos como \u00abrecursos\u00bb, promoviendo en su lugar concepciones que cultiven un resurgimiento transformador y ecocultural de las relaciones materiales y afectivas con el suelo, esa \u00abesencia\u00bb animada que, como dir\u00eda Donna Haraway, evidencia un mundo de \u00abcompa\u00f1eras y compa\u00f1eros\u00bb que comparten el mismo problema.<br \/>\n\u00abMar\u00eda Puig de la Bellacasa indaga en una biopol\u00edtica transformadora a trav\u00e9s del cuidado de los suelos, de la tierra y sus muchas especies (incluyendo las personas).\u00bb \u2014Donna Haraway<br \/>\n\u00abLos mundos actuales centrados en el suelo contribuyen a la narraci\u00f3n colectiva de m\u00faltiples historias de cocreaci\u00f3n ecol\u00f3gica, descomposici\u00f3n y sanaci\u00f3n, representadas por una diversidad de comunidades m\u00e1s-que-humanas, que ojal\u00e1 permitan mundosm\u00e1s justos y habitables en esta Tierra. Mundos que quiz\u00e1 a\u00fan no tengan una palabra para ser nombrados.\u00bb \u2014Mar\u00eda Puig de la Bellacasa<\/p>\n","protected":false},"excerpt":{"rendered":"<p><strong>Mar\u00eda Puig De La Bellacasa<\/strong><br \/>\n9788412683325 &#8211; Tercero incluido &#8211; 2024 &#8211; 172 p\u00e1ginas \/orri.<\/p>\n","protected":false},"featured_media":15666,"template":"","meta":[],"product_brand":[],"product_cat":[180,16],"product_tag":[7026,74],"class_list":{"0":"post-15651","1":"product","2":"type-product","3":"status-publish","4":"has-post-thumbnail","6":"product_cat-ekologia-ecologia","7":"product_cat-libros","8":"product_tag-maria-puig-de-la-bellacasa","9":"product_tag-tercero-incluido","11":"first","12":"instock","13":"sold-individually","14":"shipping-taxable","15":"purchasable","16":"product-type-simple"},"yoast_head":"<!-- This site is optimized with the Yoast SEO plugin v27.3 - https:\/\/yoast.com\/product\/yoast-seo-wordpress\/ -->\n<title>El esp\u00edritu del suelo Por una comunidad m\u00e1s que humana &#8212; Zapateneo<\/title>\n<meta name=\"robots\" content=\"index, follow, max-snippet:-1, max-image-preview:large, max-video-preview:-1\" \/>\n<link rel=\"canonical\" href=\"https:\/\/zapateneo.net\/wordpress\/index.php\/producto\/el-espiritu-del-suelo-por-una-comunidad-mas-que-humana\/\" \/>\n<meta property=\"og:locale\" content=\"es_ES\" \/>\n<meta property=\"og:type\" content=\"article\" \/>\n<meta property=\"og:title\" content=\"El esp\u00edritu del suelo Por una comunidad m\u00e1s que humana &#8212; Zapateneo\" \/>\n<meta property=\"og:description\" content=\"Mar\u00eda Puig De La Bellacasa 9788412683325 - Tercero incluido - 2024 - 172 p\u00e1ginas \/orri.\" \/>\n<meta property=\"og:url\" content=\"https:\/\/zapateneo.net\/wordpress\/index.php\/producto\/el-espiritu-del-suelo-por-una-comunidad-mas-que-humana\/\" \/>\n<meta property=\"og:site_name\" content=\"Zapateneo\" \/>\n<meta property=\"article:modified_time\" content=\"2025-01-02T12:08:06+00:00\" \/>\n<meta name=\"twitter:card\" content=\"summary_large_image\" \/>\n<meta name=\"twitter:site\" content=\"@zapateneo\" \/>\n<meta name=\"twitter:label1\" content=\"Tiempo de lectura\" \/>\n\t<meta name=\"twitter:data1\" content=\"2 minutos\" \/>\n<script type=\"application\/ld+json\" class=\"yoast-schema-graph\">{\"@context\":\"https:\\\/\\\/schema.org\",\"@graph\":[{\"@type\":\"WebPage\",\"@id\":\"https:\\\/\\\/zapateneo.net\\\/wordpress\\\/index.php\\\/producto\\\/el-espiritu-del-suelo-por-una-comunidad-mas-que-humana\\\/\",\"url\":\"https:\\\/\\\/zapateneo.net\\\/wordpress\\\/index.php\\\/producto\\\/el-espiritu-del-suelo-por-una-comunidad-mas-que-humana\\\/\",\"name\":\"El esp\u00edritu del suelo Por una comunidad m\u00e1s que humana &#8212; Zapateneo\",\"isPartOf\":{\"@id\":\"https:\\\/\\\/zapateneo.net\\\/wordpress\\\/#website\"},\"primaryImageOfPage\":{\"@id\":\"https:\\\/\\\/zapateneo.net\\\/wordpress\\\/index.php\\\/producto\\\/el-espiritu-del-suelo-por-una-comunidad-mas-que-humana\\\/#primaryimage\"},\"image\":{\"@id\":\"https:\\\/\\\/zapateneo.net\\\/wordpress\\\/index.php\\\/producto\\\/el-espiritu-del-suelo-por-una-comunidad-mas-que-humana\\\/#primaryimage\"},\"thumbnailUrl\":\"https:\\\/\\\/zapateneo.net\\\/wordpress\\\/wp-content\\\/uploads\\\/2025\\\/01\\\/9788412683325.jpg\",\"datePublished\":\"2025-01-02T12:08:02+00:00\",\"dateModified\":\"2025-01-02T12:08:06+00:00\",\"breadcrumb\":{\"@id\":\"https:\\\/\\\/zapateneo.net\\\/wordpress\\\/index.php\\\/producto\\\/el-espiritu-del-suelo-por-una-comunidad-mas-que-humana\\\/#breadcrumb\"},\"inLanguage\":\"es\",\"potentialAction\":[{\"@type\":\"ReadAction\",\"target\":[\"https:\\\/\\\/zapateneo.net\\\/wordpress\\\/index.php\\\/producto\\\/el-espiritu-del-suelo-por-una-comunidad-mas-que-humana\\\/\"]}]},{\"@type\":\"ImageObject\",\"inLanguage\":\"es\",\"@id\":\"https:\\\/\\\/zapateneo.net\\\/wordpress\\\/index.php\\\/producto\\\/el-espiritu-del-suelo-por-una-comunidad-mas-que-humana\\\/#primaryimage\",\"url\":\"https:\\\/\\\/zapateneo.net\\\/wordpress\\\/wp-content\\\/uploads\\\/2025\\\/01\\\/9788412683325.jpg\",\"contentUrl\":\"https:\\\/\\\/zapateneo.net\\\/wordpress\\\/wp-content\\\/uploads\\\/2025\\\/01\\\/9788412683325.jpg\",\"width\":233,\"height\":350},{\"@type\":\"BreadcrumbList\",\"@id\":\"https:\\\/\\\/zapateneo.net\\\/wordpress\\\/index.php\\\/producto\\\/el-espiritu-del-suelo-por-una-comunidad-mas-que-humana\\\/#breadcrumb\",\"itemListElement\":[{\"@type\":\"ListItem\",\"position\":1,\"name\":\"Portada\",\"item\":\"https:\\\/\\\/zapateneo.net\\\/wordpress\\\/\"},{\"@type\":\"ListItem\",\"position\":2,\"name\":\"Tienda\",\"item\":\"https:\\\/\\\/zapateneo.net\\\/wordpress\\\/\"},{\"@type\":\"ListItem\",\"position\":3,\"name\":\"El esp\u00edritu del suelo Por una comunidad m\u00e1s que humana\"}]},{\"@type\":\"WebSite\",\"@id\":\"https:\\\/\\\/zapateneo.net\\\/wordpress\\\/#website\",\"url\":\"https:\\\/\\\/zapateneo.net\\\/wordpress\\\/\",\"name\":\"Zapateneo\",\"description\":\"Zapateneoaren webgunea\",\"publisher\":{\"@id\":\"https:\\\/\\\/zapateneo.net\\\/wordpress\\\/#organization\"},\"potentialAction\":[{\"@type\":\"SearchAction\",\"target\":{\"@type\":\"EntryPoint\",\"urlTemplate\":\"https:\\\/\\\/zapateneo.net\\\/wordpress\\\/?s={search_term_string}\"},\"query-input\":{\"@type\":\"PropertyValueSpecification\",\"valueRequired\":true,\"valueName\":\"search_term_string\"}}],\"inLanguage\":\"es\"},{\"@type\":\"Organization\",\"@id\":\"https:\\\/\\\/zapateneo.net\\\/wordpress\\\/#organization\",\"name\":\"Zapateneo Kultur Elkartea\",\"url\":\"https:\\\/\\\/zapateneo.net\\\/wordpress\\\/\",\"logo\":{\"@type\":\"ImageObject\",\"inLanguage\":\"es\",\"@id\":\"https:\\\/\\\/zapateneo.net\\\/wordpress\\\/#\\\/schema\\\/logo\\\/image\\\/\",\"url\":\"https:\\\/\\\/zapateneo.net\\\/wordpress\\\/wp-content\\\/uploads\\\/2021\\\/04\\\/zap-libu-kolec.jpg\",\"contentUrl\":\"https:\\\/\\\/zapateneo.net\\\/wordpress\\\/wp-content\\\/uploads\\\/2021\\\/04\\\/zap-libu-kolec.jpg\",\"width\":2234,\"height\":398,\"caption\":\"Zapateneo Kultur Elkartea\"},\"image\":{\"@id\":\"https:\\\/\\\/zapateneo.net\\\/wordpress\\\/#\\\/schema\\\/logo\\\/image\\\/\"},\"sameAs\":[\"https:\\\/\\\/x.com\\\/zapateneo\"]}]}<\/script>\n<!-- \/ Yoast SEO plugin. -->","yoast_head_json":{"title":"El esp\u00edritu del suelo Por una comunidad m\u00e1s que humana &#8212; Zapateneo","robots":{"index":"index","follow":"follow","max-snippet":"max-snippet:-1","max-image-preview":"max-image-preview:large","max-video-preview":"max-video-preview:-1"},"canonical":"https:\/\/zapateneo.net\/wordpress\/index.php\/producto\/el-espiritu-del-suelo-por-una-comunidad-mas-que-humana\/","og_locale":"es_ES","og_type":"article","og_title":"El esp\u00edritu del suelo Por una comunidad m\u00e1s que humana &#8212; Zapateneo","og_description":"Mar\u00eda Puig De La Bellacasa 9788412683325 - Tercero incluido - 2024 - 172 p\u00e1ginas \/orri.","og_url":"https:\/\/zapateneo.net\/wordpress\/index.php\/producto\/el-espiritu-del-suelo-por-una-comunidad-mas-que-humana\/","og_site_name":"Zapateneo","article_modified_time":"2025-01-02T12:08:06+00:00","twitter_card":"summary_large_image","twitter_site":"@zapateneo","twitter_misc":{"Tiempo de lectura":"2 minutos"},"schema":{"@context":"https:\/\/schema.org","@graph":[{"@type":"WebPage","@id":"https:\/\/zapateneo.net\/wordpress\/index.php\/producto\/el-espiritu-del-suelo-por-una-comunidad-mas-que-humana\/","url":"https:\/\/zapateneo.net\/wordpress\/index.php\/producto\/el-espiritu-del-suelo-por-una-comunidad-mas-que-humana\/","name":"El esp\u00edritu del suelo Por una comunidad m\u00e1s que humana &#8212; Zapateneo","isPartOf":{"@id":"https:\/\/zapateneo.net\/wordpress\/#website"},"primaryImageOfPage":{"@id":"https:\/\/zapateneo.net\/wordpress\/index.php\/producto\/el-espiritu-del-suelo-por-una-comunidad-mas-que-humana\/#primaryimage"},"image":{"@id":"https:\/\/zapateneo.net\/wordpress\/index.php\/producto\/el-espiritu-del-suelo-por-una-comunidad-mas-que-humana\/#primaryimage"},"thumbnailUrl":"https:\/\/zapateneo.net\/wordpress\/wp-content\/uploads\/2025\/01\/9788412683325.jpg","datePublished":"2025-01-02T12:08:02+00:00","dateModified":"2025-01-02T12:08:06+00:00","breadcrumb":{"@id":"https:\/\/zapateneo.net\/wordpress\/index.php\/producto\/el-espiritu-del-suelo-por-una-comunidad-mas-que-humana\/#breadcrumb"},"inLanguage":"es","potentialAction":[{"@type":"ReadAction","target":["https:\/\/zapateneo.net\/wordpress\/index.php\/producto\/el-espiritu-del-suelo-por-una-comunidad-mas-que-humana\/"]}]},{"@type":"ImageObject","inLanguage":"es","@id":"https:\/\/zapateneo.net\/wordpress\/index.php\/producto\/el-espiritu-del-suelo-por-una-comunidad-mas-que-humana\/#primaryimage","url":"https:\/\/zapateneo.net\/wordpress\/wp-content\/uploads\/2025\/01\/9788412683325.jpg","contentUrl":"https:\/\/zapateneo.net\/wordpress\/wp-content\/uploads\/2025\/01\/9788412683325.jpg","width":233,"height":350},{"@type":"BreadcrumbList","@id":"https:\/\/zapateneo.net\/wordpress\/index.php\/producto\/el-espiritu-del-suelo-por-una-comunidad-mas-que-humana\/#breadcrumb","itemListElement":[{"@type":"ListItem","position":1,"name":"Portada","item":"https:\/\/zapateneo.net\/wordpress\/"},{"@type":"ListItem","position":2,"name":"Tienda","item":"https:\/\/zapateneo.net\/wordpress\/"},{"@type":"ListItem","position":3,"name":"El esp\u00edritu del suelo Por una comunidad m\u00e1s que humana"}]},{"@type":"WebSite","@id":"https:\/\/zapateneo.net\/wordpress\/#website","url":"https:\/\/zapateneo.net\/wordpress\/","name":"Zapateneo","description":"Zapateneoaren webgunea","publisher":{"@id":"https:\/\/zapateneo.net\/wordpress\/#organization"},"potentialAction":[{"@type":"SearchAction","target":{"@type":"EntryPoint","urlTemplate":"https:\/\/zapateneo.net\/wordpress\/?s={search_term_string}"},"query-input":{"@type":"PropertyValueSpecification","valueRequired":true,"valueName":"search_term_string"}}],"inLanguage":"es"},{"@type":"Organization","@id":"https:\/\/zapateneo.net\/wordpress\/#organization","name":"Zapateneo Kultur Elkartea","url":"https:\/\/zapateneo.net\/wordpress\/","logo":{"@type":"ImageObject","inLanguage":"es","@id":"https:\/\/zapateneo.net\/wordpress\/#\/schema\/logo\/image\/","url":"https:\/\/zapateneo.net\/wordpress\/wp-content\/uploads\/2021\/04\/zap-libu-kolec.jpg","contentUrl":"https:\/\/zapateneo.net\/wordpress\/wp-content\/uploads\/2021\/04\/zap-libu-kolec.jpg","width":2234,"height":398,"caption":"Zapateneo Kultur Elkartea"},"image":{"@id":"https:\/\/zapateneo.net\/wordpress\/#\/schema\/logo\/image\/"},"sameAs":["https:\/\/x.com\/zapateneo"]}]}},"_links":{"self":[{"href":"https:\/\/zapateneo.net\/wordpress\/index.php\/wp-json\/wp\/v2\/product\/15651","targetHints":{"allow":["GET"]}}],"collection":[{"href":"https:\/\/zapateneo.net\/wordpress\/index.php\/wp-json\/wp\/v2\/product"}],"about":[{"href":"https:\/\/zapateneo.net\/wordpress\/index.php\/wp-json\/wp\/v2\/types\/product"}],"wp:featuredmedia":[{"embeddable":true,"href":"https:\/\/zapateneo.net\/wordpress\/index.php\/wp-json\/wp\/v2\/media\/15666"}],"wp:attachment":[{"href":"https:\/\/zapateneo.net\/wordpress\/index.php\/wp-json\/wp\/v2\/media?parent=15651"}],"wp:term":[{"taxonomy":"product_brand","embeddable":true,"href":"https:\/\/zapateneo.net\/wordpress\/index.php\/wp-json\/wp\/v2\/product_brand?post=15651"},{"taxonomy":"product_cat","embeddable":true,"href":"https:\/\/zapateneo.net\/wordpress\/index.php\/wp-json\/wp\/v2\/product_cat?post=15651"},{"taxonomy":"product_tag","embeddable":true,"href":"https:\/\/zapateneo.net\/wordpress\/index.php\/wp-json\/wp\/v2\/product_tag?post=15651"}],"curies":[{"name":"wp","href":"https:\/\/api.w.org\/{rel}","templated":true}]}}