{"id":15649,"date":"2025-01-02T13:08:02","date_gmt":"2025-01-02T12:08:02","guid":{"rendered":"https:\/\/zapateneo.net\/wordpress\/?post_type=product&#038;p=15649"},"modified":"2025-01-02T13:08:06","modified_gmt":"2025-01-02T12:08:06","slug":"la-gran-desercion-el-nuevo-rechazo-del-trabajo-y-el-tiempo-de-recuperar-nuestra-vida","status":"publish","type":"product","link":"https:\/\/zapateneo.net\/wordpress\/index.php\/producto\/la-gran-desercion-el-nuevo-rechazo-del-trabajo-y-el-tiempo-de-recuperar-nuestra-vida\/","title":{"rendered":"La gran Deserci\u00f3n El nuevo rechazo del trabajo y el tiempo de recuperar nuestra vida"},"content":{"rendered":"<p>La Gran Deserci\u00f3n fue el fen\u00f3meno que hizo que millones de personas renunciaran a sus empleos al final de la pandemia. Especialmente en Estados Unidos, donde m\u00e1s de cuarenta millones de personas abandonaron voluntariamente su puesto de trabajo en 2021, pero tambi\u00e9n en China y Europa.<\/p>\n<p>Francesca Coin analiza este fen\u00f3meno, haciendo hincapi\u00e9 en el caso italiano, como si se tratase de una huelga general no declarada o la versi\u00f3n contempor\u00e1nea del rechazo del trabajo y la fuga del r\u00e9gimen fabril que protagoniz\u00f3 la figura del obrero-masa a finales de los setenta.<\/p>\n<p>Para Coin, el nuevo rechazo del trabajo es el s\u00edntoma del fin de la era en la que reinaba la esperanza de que el trabajo nos permitir\u00eda realizar nuestros sue\u00f1os de emancipaci\u00f3n, movilidad social y reconocimiento. No obstante, la \u00e9tica del trabajo sigue siendo un dispositivo de valorizaci\u00f3n social.<\/p>\n<p>El problema actual en torno al trabajo, como se\u00f1ala Francesca Coin, es que tampoco los que trabajan todo el d\u00eda consiguen siempre reunir el dinero para sobrevivir. Es en estos casos, cada vez m\u00e1s habituales, donde adquiere sentido la pregunta: \u00ab\u00bfPara qu\u00e9 trabajar?\u00bb. Quiz\u00e1 la m\u00e1s pol\u00edtica de todas las preguntas.<\/p>\n<p>\u00abEl sistema en el que vivimos est\u00e1 roto y, en este contexto, quien renuncia al trabajo a menudo no lo hace porque pueda permit\u00edrselo. Lo hace para sobrevivir. Lo hace porque ya no puede m\u00e1s, para cuidar de sus seres queridos o porque sabe muy bien que el verdadero problema hoy en d\u00eda no son los que pueden permitirse no trabajar, sino los que trabajan todo el tiempo y aun as\u00ed no consiguen reunir el dinero para pagar el alquiler y la comida.\u00bb<\/p>\n","protected":false},"excerpt":{"rendered":"<p><strong>Francesca Coin<\/strong><br \/>\n9788412683356 &#8211; Tercero incluido &#8211; 2024 &#8211; 296 p\u00e1ginas \/orri.<\/p>\n","protected":false},"featured_media":15664,"template":"","meta":[],"product_brand":[],"product_cat":[178,16],"product_tag":[7025,74],"class_list":{"0":"post-15649","1":"product","2":"type-product","3":"status-publish","4":"has-post-thumbnail","6":"product_cat-ekonomia-economia","7":"product_cat-libros","8":"product_tag-francesca-coin","9":"product_tag-tercero-incluido","11":"first","12":"instock","13":"sold-individually","14":"shipping-taxable","15":"purchasable","16":"product-type-simple"},"yoast_head":"<!-- This site is optimized with the Yoast SEO plugin v27.3 - https:\/\/yoast.com\/product\/yoast-seo-wordpress\/ -->\n<title>La gran Deserci\u00f3n El nuevo rechazo del trabajo y el tiempo de recuperar nuestra vida &#8212; Zapateneo<\/title>\n<meta name=\"robots\" content=\"index, follow, max-snippet:-1, max-image-preview:large, max-video-preview:-1\" \/>\n<link rel=\"canonical\" href=\"https:\/\/zapateneo.net\/wordpress\/index.php\/producto\/la-gran-desercion-el-nuevo-rechazo-del-trabajo-y-el-tiempo-de-recuperar-nuestra-vida\/\" \/>\n<meta property=\"og:locale\" content=\"es_ES\" \/>\n<meta property=\"og:type\" content=\"article\" \/>\n<meta property=\"og:title\" content=\"La gran Deserci\u00f3n El nuevo rechazo del trabajo y el tiempo de recuperar nuestra vida &#8212; Zapateneo\" \/>\n<meta property=\"og:description\" content=\"Francesca Coin 9788412683356 - Tercero incluido - 2024 - 296 p\u00e1ginas \/orri.\" \/>\n<meta property=\"og:url\" content=\"https:\/\/zapateneo.net\/wordpress\/index.php\/producto\/la-gran-desercion-el-nuevo-rechazo-del-trabajo-y-el-tiempo-de-recuperar-nuestra-vida\/\" \/>\n<meta property=\"og:site_name\" content=\"Zapateneo\" \/>\n<meta property=\"article:modified_time\" content=\"2025-01-02T12:08:06+00:00\" \/>\n<meta name=\"twitter:card\" content=\"summary_large_image\" \/>\n<meta name=\"twitter:site\" content=\"@zapateneo\" \/>\n<meta name=\"twitter:label1\" content=\"Tiempo de lectura\" \/>\n\t<meta name=\"twitter:data1\" content=\"1 minuto\" \/>\n<script type=\"application\/ld+json\" class=\"yoast-schema-graph\">{\"@context\":\"https:\\\/\\\/schema.org\",\"@graph\":[{\"@type\":\"WebPage\",\"@id\":\"https:\\\/\\\/zapateneo.net\\\/wordpress\\\/index.php\\\/producto\\\/la-gran-desercion-el-nuevo-rechazo-del-trabajo-y-el-tiempo-de-recuperar-nuestra-vida\\\/\",\"url\":\"https:\\\/\\\/zapateneo.net\\\/wordpress\\\/index.php\\\/producto\\\/la-gran-desercion-el-nuevo-rechazo-del-trabajo-y-el-tiempo-de-recuperar-nuestra-vida\\\/\",\"name\":\"La gran Deserci\u00f3n El nuevo rechazo del trabajo y el tiempo de recuperar nuestra vida &#8212; Zapateneo\",\"isPartOf\":{\"@id\":\"https:\\\/\\\/zapateneo.net\\\/wordpress\\\/#website\"},\"primaryImageOfPage\":{\"@id\":\"https:\\\/\\\/zapateneo.net\\\/wordpress\\\/index.php\\\/producto\\\/la-gran-desercion-el-nuevo-rechazo-del-trabajo-y-el-tiempo-de-recuperar-nuestra-vida\\\/#primaryimage\"},\"image\":{\"@id\":\"https:\\\/\\\/zapateneo.net\\\/wordpress\\\/index.php\\\/producto\\\/la-gran-desercion-el-nuevo-rechazo-del-trabajo-y-el-tiempo-de-recuperar-nuestra-vida\\\/#primaryimage\"},\"thumbnailUrl\":\"https:\\\/\\\/zapateneo.net\\\/wordpress\\\/wp-content\\\/uploads\\\/2025\\\/01\\\/9788412683356.jpg\",\"datePublished\":\"2025-01-02T12:08:02+00:00\",\"dateModified\":\"2025-01-02T12:08:06+00:00\",\"breadcrumb\":{\"@id\":\"https:\\\/\\\/zapateneo.net\\\/wordpress\\\/index.php\\\/producto\\\/la-gran-desercion-el-nuevo-rechazo-del-trabajo-y-el-tiempo-de-recuperar-nuestra-vida\\\/#breadcrumb\"},\"inLanguage\":\"es\",\"potentialAction\":[{\"@type\":\"ReadAction\",\"target\":[\"https:\\\/\\\/zapateneo.net\\\/wordpress\\\/index.php\\\/producto\\\/la-gran-desercion-el-nuevo-rechazo-del-trabajo-y-el-tiempo-de-recuperar-nuestra-vida\\\/\"]}]},{\"@type\":\"ImageObject\",\"inLanguage\":\"es\",\"@id\":\"https:\\\/\\\/zapateneo.net\\\/wordpress\\\/index.php\\\/producto\\\/la-gran-desercion-el-nuevo-rechazo-del-trabajo-y-el-tiempo-de-recuperar-nuestra-vida\\\/#primaryimage\",\"url\":\"https:\\\/\\\/zapateneo.net\\\/wordpress\\\/wp-content\\\/uploads\\\/2025\\\/01\\\/9788412683356.jpg\",\"contentUrl\":\"https:\\\/\\\/zapateneo.net\\\/wordpress\\\/wp-content\\\/uploads\\\/2025\\\/01\\\/9788412683356.jpg\",\"width\":265,\"height\":400},{\"@type\":\"BreadcrumbList\",\"@id\":\"https:\\\/\\\/zapateneo.net\\\/wordpress\\\/index.php\\\/producto\\\/la-gran-desercion-el-nuevo-rechazo-del-trabajo-y-el-tiempo-de-recuperar-nuestra-vida\\\/#breadcrumb\",\"itemListElement\":[{\"@type\":\"ListItem\",\"position\":1,\"name\":\"Portada\",\"item\":\"https:\\\/\\\/zapateneo.net\\\/wordpress\\\/\"},{\"@type\":\"ListItem\",\"position\":2,\"name\":\"Tienda\",\"item\":\"https:\\\/\\\/zapateneo.net\\\/wordpress\\\/\"},{\"@type\":\"ListItem\",\"position\":3,\"name\":\"La gran Deserci\u00f3n El nuevo rechazo del trabajo y el tiempo de recuperar nuestra vida\"}]},{\"@type\":\"WebSite\",\"@id\":\"https:\\\/\\\/zapateneo.net\\\/wordpress\\\/#website\",\"url\":\"https:\\\/\\\/zapateneo.net\\\/wordpress\\\/\",\"name\":\"Zapateneo\",\"description\":\"Zapateneoaren webgunea\",\"publisher\":{\"@id\":\"https:\\\/\\\/zapateneo.net\\\/wordpress\\\/#organization\"},\"potentialAction\":[{\"@type\":\"SearchAction\",\"target\":{\"@type\":\"EntryPoint\",\"urlTemplate\":\"https:\\\/\\\/zapateneo.net\\\/wordpress\\\/?s={search_term_string}\"},\"query-input\":{\"@type\":\"PropertyValueSpecification\",\"valueRequired\":true,\"valueName\":\"search_term_string\"}}],\"inLanguage\":\"es\"},{\"@type\":\"Organization\",\"@id\":\"https:\\\/\\\/zapateneo.net\\\/wordpress\\\/#organization\",\"name\":\"Zapateneo Kultur Elkartea\",\"url\":\"https:\\\/\\\/zapateneo.net\\\/wordpress\\\/\",\"logo\":{\"@type\":\"ImageObject\",\"inLanguage\":\"es\",\"@id\":\"https:\\\/\\\/zapateneo.net\\\/wordpress\\\/#\\\/schema\\\/logo\\\/image\\\/\",\"url\":\"https:\\\/\\\/zapateneo.net\\\/wordpress\\\/wp-content\\\/uploads\\\/2021\\\/04\\\/zap-libu-kolec.jpg\",\"contentUrl\":\"https:\\\/\\\/zapateneo.net\\\/wordpress\\\/wp-content\\\/uploads\\\/2021\\\/04\\\/zap-libu-kolec.jpg\",\"width\":2234,\"height\":398,\"caption\":\"Zapateneo Kultur Elkartea\"},\"image\":{\"@id\":\"https:\\\/\\\/zapateneo.net\\\/wordpress\\\/#\\\/schema\\\/logo\\\/image\\\/\"},\"sameAs\":[\"https:\\\/\\\/x.com\\\/zapateneo\"]}]}<\/script>\n<!-- \/ Yoast SEO plugin. -->","yoast_head_json":{"title":"La gran Deserci\u00f3n El nuevo rechazo del trabajo y el tiempo de recuperar nuestra vida &#8212; Zapateneo","robots":{"index":"index","follow":"follow","max-snippet":"max-snippet:-1","max-image-preview":"max-image-preview:large","max-video-preview":"max-video-preview:-1"},"canonical":"https:\/\/zapateneo.net\/wordpress\/index.php\/producto\/la-gran-desercion-el-nuevo-rechazo-del-trabajo-y-el-tiempo-de-recuperar-nuestra-vida\/","og_locale":"es_ES","og_type":"article","og_title":"La gran Deserci\u00f3n El nuevo rechazo del trabajo y el tiempo de recuperar nuestra vida &#8212; Zapateneo","og_description":"Francesca Coin 9788412683356 - Tercero incluido - 2024 - 296 p\u00e1ginas \/orri.","og_url":"https:\/\/zapateneo.net\/wordpress\/index.php\/producto\/la-gran-desercion-el-nuevo-rechazo-del-trabajo-y-el-tiempo-de-recuperar-nuestra-vida\/","og_site_name":"Zapateneo","article_modified_time":"2025-01-02T12:08:06+00:00","twitter_card":"summary_large_image","twitter_site":"@zapateneo","twitter_misc":{"Tiempo de lectura":"1 minuto"},"schema":{"@context":"https:\/\/schema.org","@graph":[{"@type":"WebPage","@id":"https:\/\/zapateneo.net\/wordpress\/index.php\/producto\/la-gran-desercion-el-nuevo-rechazo-del-trabajo-y-el-tiempo-de-recuperar-nuestra-vida\/","url":"https:\/\/zapateneo.net\/wordpress\/index.php\/producto\/la-gran-desercion-el-nuevo-rechazo-del-trabajo-y-el-tiempo-de-recuperar-nuestra-vida\/","name":"La gran Deserci\u00f3n El nuevo rechazo del trabajo y el tiempo de recuperar nuestra vida &#8212; Zapateneo","isPartOf":{"@id":"https:\/\/zapateneo.net\/wordpress\/#website"},"primaryImageOfPage":{"@id":"https:\/\/zapateneo.net\/wordpress\/index.php\/producto\/la-gran-desercion-el-nuevo-rechazo-del-trabajo-y-el-tiempo-de-recuperar-nuestra-vida\/#primaryimage"},"image":{"@id":"https:\/\/zapateneo.net\/wordpress\/index.php\/producto\/la-gran-desercion-el-nuevo-rechazo-del-trabajo-y-el-tiempo-de-recuperar-nuestra-vida\/#primaryimage"},"thumbnailUrl":"https:\/\/zapateneo.net\/wordpress\/wp-content\/uploads\/2025\/01\/9788412683356.jpg","datePublished":"2025-01-02T12:08:02+00:00","dateModified":"2025-01-02T12:08:06+00:00","breadcrumb":{"@id":"https:\/\/zapateneo.net\/wordpress\/index.php\/producto\/la-gran-desercion-el-nuevo-rechazo-del-trabajo-y-el-tiempo-de-recuperar-nuestra-vida\/#breadcrumb"},"inLanguage":"es","potentialAction":[{"@type":"ReadAction","target":["https:\/\/zapateneo.net\/wordpress\/index.php\/producto\/la-gran-desercion-el-nuevo-rechazo-del-trabajo-y-el-tiempo-de-recuperar-nuestra-vida\/"]}]},{"@type":"ImageObject","inLanguage":"es","@id":"https:\/\/zapateneo.net\/wordpress\/index.php\/producto\/la-gran-desercion-el-nuevo-rechazo-del-trabajo-y-el-tiempo-de-recuperar-nuestra-vida\/#primaryimage","url":"https:\/\/zapateneo.net\/wordpress\/wp-content\/uploads\/2025\/01\/9788412683356.jpg","contentUrl":"https:\/\/zapateneo.net\/wordpress\/wp-content\/uploads\/2025\/01\/9788412683356.jpg","width":265,"height":400},{"@type":"BreadcrumbList","@id":"https:\/\/zapateneo.net\/wordpress\/index.php\/producto\/la-gran-desercion-el-nuevo-rechazo-del-trabajo-y-el-tiempo-de-recuperar-nuestra-vida\/#breadcrumb","itemListElement":[{"@type":"ListItem","position":1,"name":"Portada","item":"https:\/\/zapateneo.net\/wordpress\/"},{"@type":"ListItem","position":2,"name":"Tienda","item":"https:\/\/zapateneo.net\/wordpress\/"},{"@type":"ListItem","position":3,"name":"La gran Deserci\u00f3n El nuevo rechazo del trabajo y el tiempo de recuperar nuestra vida"}]},{"@type":"WebSite","@id":"https:\/\/zapateneo.net\/wordpress\/#website","url":"https:\/\/zapateneo.net\/wordpress\/","name":"Zapateneo","description":"Zapateneoaren webgunea","publisher":{"@id":"https:\/\/zapateneo.net\/wordpress\/#organization"},"potentialAction":[{"@type":"SearchAction","target":{"@type":"EntryPoint","urlTemplate":"https:\/\/zapateneo.net\/wordpress\/?s={search_term_string}"},"query-input":{"@type":"PropertyValueSpecification","valueRequired":true,"valueName":"search_term_string"}}],"inLanguage":"es"},{"@type":"Organization","@id":"https:\/\/zapateneo.net\/wordpress\/#organization","name":"Zapateneo Kultur Elkartea","url":"https:\/\/zapateneo.net\/wordpress\/","logo":{"@type":"ImageObject","inLanguage":"es","@id":"https:\/\/zapateneo.net\/wordpress\/#\/schema\/logo\/image\/","url":"https:\/\/zapateneo.net\/wordpress\/wp-content\/uploads\/2021\/04\/zap-libu-kolec.jpg","contentUrl":"https:\/\/zapateneo.net\/wordpress\/wp-content\/uploads\/2021\/04\/zap-libu-kolec.jpg","width":2234,"height":398,"caption":"Zapateneo Kultur Elkartea"},"image":{"@id":"https:\/\/zapateneo.net\/wordpress\/#\/schema\/logo\/image\/"},"sameAs":["https:\/\/x.com\/zapateneo"]}]}},"_links":{"self":[{"href":"https:\/\/zapateneo.net\/wordpress\/index.php\/wp-json\/wp\/v2\/product\/15649","targetHints":{"allow":["GET"]}}],"collection":[{"href":"https:\/\/zapateneo.net\/wordpress\/index.php\/wp-json\/wp\/v2\/product"}],"about":[{"href":"https:\/\/zapateneo.net\/wordpress\/index.php\/wp-json\/wp\/v2\/types\/product"}],"wp:featuredmedia":[{"embeddable":true,"href":"https:\/\/zapateneo.net\/wordpress\/index.php\/wp-json\/wp\/v2\/media\/15664"}],"wp:attachment":[{"href":"https:\/\/zapateneo.net\/wordpress\/index.php\/wp-json\/wp\/v2\/media?parent=15649"}],"wp:term":[{"taxonomy":"product_brand","embeddable":true,"href":"https:\/\/zapateneo.net\/wordpress\/index.php\/wp-json\/wp\/v2\/product_brand?post=15649"},{"taxonomy":"product_cat","embeddable":true,"href":"https:\/\/zapateneo.net\/wordpress\/index.php\/wp-json\/wp\/v2\/product_cat?post=15649"},{"taxonomy":"product_tag","embeddable":true,"href":"https:\/\/zapateneo.net\/wordpress\/index.php\/wp-json\/wp\/v2\/product_tag?post=15649"}],"curies":[{"name":"wp","href":"https:\/\/api.w.org\/{rel}","templated":true}]}}