{"id":15627,"date":"2024-12-31T18:27:07","date_gmt":"2024-12-31T17:27:07","guid":{"rendered":"https:\/\/zapateneo.net\/wordpress\/?post_type=product&#038;p=15627"},"modified":"2024-12-31T18:27:13","modified_gmt":"2024-12-31T17:27:13","slug":"el-tiempo-del-fuego-historia-de-un-incendio-en-un-mundo-mas-calido","status":"publish","type":"product","link":"https:\/\/zapateneo.net\/wordpress\/index.php\/producto\/el-tiempo-del-fuego-historia-de-un-incendio-en-un-mundo-mas-calido\/","title":{"rendered":"El tiempo del fuego Historia de un incendio en un mundo m\u00e1s c\u00e1lido"},"content":{"rendered":"<p>En mayo de 2016, Fort McMurray, el centro neur\u00e1lgico de la industria petrolera canadiense y el mayor proveedor extranjero de Estados Unidos, fue arrasado por un colosal incendio forestal. La cat\u00e1strofe, valorada en miles de millones de d\u00f3lares, derriti\u00f3 veh\u00edculos, convirti\u00f3 barrios enteros en bombas incendiarias y expuls\u00f3 a 88.000 personas de sus hogares en una sola tarde. A trav\u00e9s de esta conflagraci\u00f3n apocal\u00edptica \u2014equivalente al hurac\u00e1n Katrina\u2014, Vaillant advierte que no se trat\u00f3 de un acontecimiento \u00fanico, sino de un aviso de que debemos prepararnos para un mundo cada vez m\u00e1s caliente e inflamable.<\/p>\n<p>El fuego ha participado en nuestra evoluci\u00f3n durante cientos de milenios, moldeando la cultura y la civilizaci\u00f3n. Nos ha permitido cocinar los alimentos, defender y calentar nuestros hogares y alimentar las m\u00e1quinas que mueven nuestra tit\u00e1nica econom\u00eda. Sin embargo, esta vol\u00e1til fuente de energ\u00eda siempre ha amenazado con eludir nuestro control, y en esta era de intensificaci\u00f3n del cambio clim\u00e1tico, estamos viendo c\u00f3mo se desata su poder destructivo de formas antes inimaginables.<\/p>\n<p>El tiempo del fuego es un fascinante viaje a trav\u00e9s de las historias entrelazadas de la industria petrolera norteamericana y el nacimiento de la ciencia clim\u00e1tica, hasta la devastaci\u00f3n sin precedentes provocada por los incendios forestales modernos.<\/p>\n","protected":false},"excerpt":{"rendered":"<p><strong>John Vaillant<\/strong><br \/>\n9788412878752 &#8211; Capit\u00e1n Swing &#8211; 2024 &#8211; 472 p\u00e1ginas \/orri.<\/p>\n","protected":false},"featured_media":15643,"template":"","meta":[],"product_brand":[],"product_cat":[180,16],"product_tag":[102,7021],"class_list":{"0":"post-15627","1":"product","2":"type-product","3":"status-publish","4":"has-post-thumbnail","6":"product_cat-ekologia-ecologia","7":"product_cat-libros","8":"product_tag-capitan-swing","9":"product_tag-john-vaillant","11":"first","12":"instock","13":"sold-individually","14":"shipping-taxable","15":"purchasable","16":"product-type-simple"},"yoast_head":"<!-- This site is optimized with the Yoast SEO plugin v27.3 - https:\/\/yoast.com\/product\/yoast-seo-wordpress\/ -->\n<title>El tiempo del fuego Historia de un incendio en un mundo m\u00e1s c\u00e1lido &#8212; Zapateneo<\/title>\n<meta name=\"robots\" content=\"index, follow, max-snippet:-1, max-image-preview:large, max-video-preview:-1\" \/>\n<link rel=\"canonical\" href=\"https:\/\/zapateneo.net\/wordpress\/index.php\/producto\/el-tiempo-del-fuego-historia-de-un-incendio-en-un-mundo-mas-calido\/\" \/>\n<meta property=\"og:locale\" content=\"es_ES\" \/>\n<meta property=\"og:type\" content=\"article\" \/>\n<meta property=\"og:title\" content=\"El tiempo del fuego Historia de un incendio en un mundo m\u00e1s c\u00e1lido &#8212; Zapateneo\" \/>\n<meta property=\"og:description\" content=\"John Vaillant 9788412878752 - Capit\u00e1n Swing - 2024 - 472 p\u00e1ginas \/orri.\" \/>\n<meta property=\"og:url\" content=\"https:\/\/zapateneo.net\/wordpress\/index.php\/producto\/el-tiempo-del-fuego-historia-de-un-incendio-en-un-mundo-mas-calido\/\" \/>\n<meta property=\"og:site_name\" content=\"Zapateneo\" \/>\n<meta property=\"article:modified_time\" content=\"2024-12-31T17:27:13+00:00\" \/>\n<meta name=\"twitter:card\" content=\"summary_large_image\" \/>\n<meta name=\"twitter:site\" content=\"@zapateneo\" \/>\n<meta name=\"twitter:label1\" content=\"Tiempo de lectura\" \/>\n\t<meta name=\"twitter:data1\" content=\"1 minuto\" \/>\n<script type=\"application\/ld+json\" class=\"yoast-schema-graph\">{\"@context\":\"https:\\\/\\\/schema.org\",\"@graph\":[{\"@type\":\"WebPage\",\"@id\":\"https:\\\/\\\/zapateneo.net\\\/wordpress\\\/index.php\\\/producto\\\/el-tiempo-del-fuego-historia-de-un-incendio-en-un-mundo-mas-calido\\\/\",\"url\":\"https:\\\/\\\/zapateneo.net\\\/wordpress\\\/index.php\\\/producto\\\/el-tiempo-del-fuego-historia-de-un-incendio-en-un-mundo-mas-calido\\\/\",\"name\":\"El tiempo del fuego Historia de un incendio en un mundo m\u00e1s c\u00e1lido &#8212; Zapateneo\",\"isPartOf\":{\"@id\":\"https:\\\/\\\/zapateneo.net\\\/wordpress\\\/#website\"},\"primaryImageOfPage\":{\"@id\":\"https:\\\/\\\/zapateneo.net\\\/wordpress\\\/index.php\\\/producto\\\/el-tiempo-del-fuego-historia-de-un-incendio-en-un-mundo-mas-calido\\\/#primaryimage\"},\"image\":{\"@id\":\"https:\\\/\\\/zapateneo.net\\\/wordpress\\\/index.php\\\/producto\\\/el-tiempo-del-fuego-historia-de-un-incendio-en-un-mundo-mas-calido\\\/#primaryimage\"},\"thumbnailUrl\":\"https:\\\/\\\/zapateneo.net\\\/wordpress\\\/wp-content\\\/uploads\\\/2024\\\/12\\\/9788412878752.jpg\",\"datePublished\":\"2024-12-31T17:27:07+00:00\",\"dateModified\":\"2024-12-31T17:27:13+00:00\",\"breadcrumb\":{\"@id\":\"https:\\\/\\\/zapateneo.net\\\/wordpress\\\/index.php\\\/producto\\\/el-tiempo-del-fuego-historia-de-un-incendio-en-un-mundo-mas-calido\\\/#breadcrumb\"},\"inLanguage\":\"es\",\"potentialAction\":[{\"@type\":\"ReadAction\",\"target\":[\"https:\\\/\\\/zapateneo.net\\\/wordpress\\\/index.php\\\/producto\\\/el-tiempo-del-fuego-historia-de-un-incendio-en-un-mundo-mas-calido\\\/\"]}]},{\"@type\":\"ImageObject\",\"inLanguage\":\"es\",\"@id\":\"https:\\\/\\\/zapateneo.net\\\/wordpress\\\/index.php\\\/producto\\\/el-tiempo-del-fuego-historia-de-un-incendio-en-un-mundo-mas-calido\\\/#primaryimage\",\"url\":\"https:\\\/\\\/zapateneo.net\\\/wordpress\\\/wp-content\\\/uploads\\\/2024\\\/12\\\/9788412878752.jpg\",\"contentUrl\":\"https:\\\/\\\/zapateneo.net\\\/wordpress\\\/wp-content\\\/uploads\\\/2024\\\/12\\\/9788412878752.jpg\",\"width\":200,\"height\":200},{\"@type\":\"BreadcrumbList\",\"@id\":\"https:\\\/\\\/zapateneo.net\\\/wordpress\\\/index.php\\\/producto\\\/el-tiempo-del-fuego-historia-de-un-incendio-en-un-mundo-mas-calido\\\/#breadcrumb\",\"itemListElement\":[{\"@type\":\"ListItem\",\"position\":1,\"name\":\"Portada\",\"item\":\"https:\\\/\\\/zapateneo.net\\\/wordpress\\\/\"},{\"@type\":\"ListItem\",\"position\":2,\"name\":\"Tienda\",\"item\":\"https:\\\/\\\/zapateneo.net\\\/wordpress\\\/\"},{\"@type\":\"ListItem\",\"position\":3,\"name\":\"El tiempo del fuego Historia de un incendio en un mundo m\u00e1s c\u00e1lido\"}]},{\"@type\":\"WebSite\",\"@id\":\"https:\\\/\\\/zapateneo.net\\\/wordpress\\\/#website\",\"url\":\"https:\\\/\\\/zapateneo.net\\\/wordpress\\\/\",\"name\":\"Zapateneo\",\"description\":\"Zapateneoaren webgunea\",\"publisher\":{\"@id\":\"https:\\\/\\\/zapateneo.net\\\/wordpress\\\/#organization\"},\"potentialAction\":[{\"@type\":\"SearchAction\",\"target\":{\"@type\":\"EntryPoint\",\"urlTemplate\":\"https:\\\/\\\/zapateneo.net\\\/wordpress\\\/?s={search_term_string}\"},\"query-input\":{\"@type\":\"PropertyValueSpecification\",\"valueRequired\":true,\"valueName\":\"search_term_string\"}}],\"inLanguage\":\"es\"},{\"@type\":\"Organization\",\"@id\":\"https:\\\/\\\/zapateneo.net\\\/wordpress\\\/#organization\",\"name\":\"Zapateneo Kultur Elkartea\",\"url\":\"https:\\\/\\\/zapateneo.net\\\/wordpress\\\/\",\"logo\":{\"@type\":\"ImageObject\",\"inLanguage\":\"es\",\"@id\":\"https:\\\/\\\/zapateneo.net\\\/wordpress\\\/#\\\/schema\\\/logo\\\/image\\\/\",\"url\":\"https:\\\/\\\/zapateneo.net\\\/wordpress\\\/wp-content\\\/uploads\\\/2021\\\/04\\\/zap-libu-kolec.jpg\",\"contentUrl\":\"https:\\\/\\\/zapateneo.net\\\/wordpress\\\/wp-content\\\/uploads\\\/2021\\\/04\\\/zap-libu-kolec.jpg\",\"width\":2234,\"height\":398,\"caption\":\"Zapateneo Kultur Elkartea\"},\"image\":{\"@id\":\"https:\\\/\\\/zapateneo.net\\\/wordpress\\\/#\\\/schema\\\/logo\\\/image\\\/\"},\"sameAs\":[\"https:\\\/\\\/x.com\\\/zapateneo\"]}]}<\/script>\n<!-- \/ Yoast SEO plugin. -->","yoast_head_json":{"title":"El tiempo del fuego Historia de un incendio en un mundo m\u00e1s c\u00e1lido &#8212; Zapateneo","robots":{"index":"index","follow":"follow","max-snippet":"max-snippet:-1","max-image-preview":"max-image-preview:large","max-video-preview":"max-video-preview:-1"},"canonical":"https:\/\/zapateneo.net\/wordpress\/index.php\/producto\/el-tiempo-del-fuego-historia-de-un-incendio-en-un-mundo-mas-calido\/","og_locale":"es_ES","og_type":"article","og_title":"El tiempo del fuego Historia de un incendio en un mundo m\u00e1s c\u00e1lido &#8212; Zapateneo","og_description":"John Vaillant 9788412878752 - Capit\u00e1n Swing - 2024 - 472 p\u00e1ginas \/orri.","og_url":"https:\/\/zapateneo.net\/wordpress\/index.php\/producto\/el-tiempo-del-fuego-historia-de-un-incendio-en-un-mundo-mas-calido\/","og_site_name":"Zapateneo","article_modified_time":"2024-12-31T17:27:13+00:00","twitter_card":"summary_large_image","twitter_site":"@zapateneo","twitter_misc":{"Tiempo de lectura":"1 minuto"},"schema":{"@context":"https:\/\/schema.org","@graph":[{"@type":"WebPage","@id":"https:\/\/zapateneo.net\/wordpress\/index.php\/producto\/el-tiempo-del-fuego-historia-de-un-incendio-en-un-mundo-mas-calido\/","url":"https:\/\/zapateneo.net\/wordpress\/index.php\/producto\/el-tiempo-del-fuego-historia-de-un-incendio-en-un-mundo-mas-calido\/","name":"El tiempo del fuego Historia de un incendio en un mundo m\u00e1s c\u00e1lido &#8212; Zapateneo","isPartOf":{"@id":"https:\/\/zapateneo.net\/wordpress\/#website"},"primaryImageOfPage":{"@id":"https:\/\/zapateneo.net\/wordpress\/index.php\/producto\/el-tiempo-del-fuego-historia-de-un-incendio-en-un-mundo-mas-calido\/#primaryimage"},"image":{"@id":"https:\/\/zapateneo.net\/wordpress\/index.php\/producto\/el-tiempo-del-fuego-historia-de-un-incendio-en-un-mundo-mas-calido\/#primaryimage"},"thumbnailUrl":"https:\/\/zapateneo.net\/wordpress\/wp-content\/uploads\/2024\/12\/9788412878752.jpg","datePublished":"2024-12-31T17:27:07+00:00","dateModified":"2024-12-31T17:27:13+00:00","breadcrumb":{"@id":"https:\/\/zapateneo.net\/wordpress\/index.php\/producto\/el-tiempo-del-fuego-historia-de-un-incendio-en-un-mundo-mas-calido\/#breadcrumb"},"inLanguage":"es","potentialAction":[{"@type":"ReadAction","target":["https:\/\/zapateneo.net\/wordpress\/index.php\/producto\/el-tiempo-del-fuego-historia-de-un-incendio-en-un-mundo-mas-calido\/"]}]},{"@type":"ImageObject","inLanguage":"es","@id":"https:\/\/zapateneo.net\/wordpress\/index.php\/producto\/el-tiempo-del-fuego-historia-de-un-incendio-en-un-mundo-mas-calido\/#primaryimage","url":"https:\/\/zapateneo.net\/wordpress\/wp-content\/uploads\/2024\/12\/9788412878752.jpg","contentUrl":"https:\/\/zapateneo.net\/wordpress\/wp-content\/uploads\/2024\/12\/9788412878752.jpg","width":200,"height":200},{"@type":"BreadcrumbList","@id":"https:\/\/zapateneo.net\/wordpress\/index.php\/producto\/el-tiempo-del-fuego-historia-de-un-incendio-en-un-mundo-mas-calido\/#breadcrumb","itemListElement":[{"@type":"ListItem","position":1,"name":"Portada","item":"https:\/\/zapateneo.net\/wordpress\/"},{"@type":"ListItem","position":2,"name":"Tienda","item":"https:\/\/zapateneo.net\/wordpress\/"},{"@type":"ListItem","position":3,"name":"El tiempo del fuego Historia de un incendio en un mundo m\u00e1s c\u00e1lido"}]},{"@type":"WebSite","@id":"https:\/\/zapateneo.net\/wordpress\/#website","url":"https:\/\/zapateneo.net\/wordpress\/","name":"Zapateneo","description":"Zapateneoaren webgunea","publisher":{"@id":"https:\/\/zapateneo.net\/wordpress\/#organization"},"potentialAction":[{"@type":"SearchAction","target":{"@type":"EntryPoint","urlTemplate":"https:\/\/zapateneo.net\/wordpress\/?s={search_term_string}"},"query-input":{"@type":"PropertyValueSpecification","valueRequired":true,"valueName":"search_term_string"}}],"inLanguage":"es"},{"@type":"Organization","@id":"https:\/\/zapateneo.net\/wordpress\/#organization","name":"Zapateneo Kultur Elkartea","url":"https:\/\/zapateneo.net\/wordpress\/","logo":{"@type":"ImageObject","inLanguage":"es","@id":"https:\/\/zapateneo.net\/wordpress\/#\/schema\/logo\/image\/","url":"https:\/\/zapateneo.net\/wordpress\/wp-content\/uploads\/2021\/04\/zap-libu-kolec.jpg","contentUrl":"https:\/\/zapateneo.net\/wordpress\/wp-content\/uploads\/2021\/04\/zap-libu-kolec.jpg","width":2234,"height":398,"caption":"Zapateneo Kultur Elkartea"},"image":{"@id":"https:\/\/zapateneo.net\/wordpress\/#\/schema\/logo\/image\/"},"sameAs":["https:\/\/x.com\/zapateneo"]}]}},"_links":{"self":[{"href":"https:\/\/zapateneo.net\/wordpress\/index.php\/wp-json\/wp\/v2\/product\/15627","targetHints":{"allow":["GET"]}}],"collection":[{"href":"https:\/\/zapateneo.net\/wordpress\/index.php\/wp-json\/wp\/v2\/product"}],"about":[{"href":"https:\/\/zapateneo.net\/wordpress\/index.php\/wp-json\/wp\/v2\/types\/product"}],"wp:featuredmedia":[{"embeddable":true,"href":"https:\/\/zapateneo.net\/wordpress\/index.php\/wp-json\/wp\/v2\/media\/15643"}],"wp:attachment":[{"href":"https:\/\/zapateneo.net\/wordpress\/index.php\/wp-json\/wp\/v2\/media?parent=15627"}],"wp:term":[{"taxonomy":"product_brand","embeddable":true,"href":"https:\/\/zapateneo.net\/wordpress\/index.php\/wp-json\/wp\/v2\/product_brand?post=15627"},{"taxonomy":"product_cat","embeddable":true,"href":"https:\/\/zapateneo.net\/wordpress\/index.php\/wp-json\/wp\/v2\/product_cat?post=15627"},{"taxonomy":"product_tag","embeddable":true,"href":"https:\/\/zapateneo.net\/wordpress\/index.php\/wp-json\/wp\/v2\/product_tag?post=15627"}],"curies":[{"name":"wp","href":"https:\/\/api.w.org\/{rel}","templated":true}]}}