{"id":15624,"date":"2024-12-31T18:27:06","date_gmt":"2024-12-31T17:27:06","guid":{"rendered":"https:\/\/zapateneo.net\/wordpress\/?post_type=product&#038;p=15624"},"modified":"2024-12-31T18:27:12","modified_gmt":"2024-12-31T17:27:12","slug":"el-reconstructor-de-caras-el-cirujano-que-recompuso-el-rostro-de-soldados-desfigurados-en-la-primera","status":"publish","type":"product","link":"https:\/\/zapateneo.net\/wordpress\/index.php\/producto\/el-reconstructor-de-caras-el-cirujano-que-recompuso-el-rostro-de-soldados-desfigurados-en-la-primera\/","title":{"rendered":"El reconstructor de caras El cirujano que recompuso el rostro de soldados desfigurados en la Primera"},"content":{"rendered":"<p>Desde el momento en que son\u00f3 la primera ametralladora en el frente occidental una cosa estaba clara: la tecnolog\u00eda militar de la humanidad hab\u00eda superado con creces sus capacidades m\u00e9dicas. El nuevo armamento de la guerra, desde tanques hasta metralla, permiti\u00f3 matanzas a escala industrial y, dada la naturaleza de la guerra de trincheras, miles de soldados sufrieron heridas en la cara. Fitzharris cuenta la conmovedora historia del cirujano pl\u00e1stico pionero Harold Gillies, que se dedic\u00f3 a restaurar los rostros \u2014y las identidades\u2014 de los soldados heridos en la Primera Guerra Mundial y, de paso, inaugur\u00f3 la era moderna de la cirug\u00eda pl\u00e1stica. Neozeland\u00e9s educado en Cambridge, Gillies se interes\u00f3 por el incipiente campo de la cirug\u00eda pl\u00e1stica tras conocer los horrores del frente. De regreso a Gran Breta\u00f1a, fund\u00f3 en el sureste de Inglaterra uno de los primeros hospitales del mundo dedicados por entero a la reconstrucci\u00f3n facial. All\u00ed, reuni\u00f3 a un grupo \u00fanico de m\u00e9dicos, enfermeras y artistas cuya tarea consist\u00eda en recrear lo que hab\u00eda quedado destrozado. En una \u00e9poca en la que perder un miembro convert\u00eda a un soldado en un h\u00e9roe, pero perder la cara lo convert\u00eda en un monstruo, Gillies restaur\u00f3 no solo los rostros de los heridos, sino tambi\u00e9n su \u00e1nimo.<\/p>\n","protected":false},"excerpt":{"rendered":"<p><strong>Lindsey Fitzharris<\/strong><br \/>\n9788412878738 &#8211; Capit\u00e1n Swing &#8211; 2024 &#8211; 280 p\u00e1ginas \/orri.<\/p>\n","protected":false},"featured_media":15640,"template":"","meta":[],"product_brand":[],"product_cat":[185,16],"product_tag":[102,7018],"class_list":{"0":"post-15624","1":"product","2":"type-product","3":"status-publish","4":"has-post-thumbnail","6":"product_cat-historia","7":"product_cat-libros","8":"product_tag-capitan-swing","9":"product_tag-lindsey-fitzharris","11":"first","12":"instock","13":"sold-individually","14":"shipping-taxable","15":"purchasable","16":"product-type-simple"},"yoast_head":"<!-- This site is optimized with the Yoast SEO plugin v27.3 - https:\/\/yoast.com\/product\/yoast-seo-wordpress\/ -->\n<title>El reconstructor de caras El cirujano que recompuso el rostro de soldados desfigurados en la Primera &#8212; Zapateneo<\/title>\n<meta name=\"robots\" content=\"index, follow, max-snippet:-1, max-image-preview:large, max-video-preview:-1\" \/>\n<link rel=\"canonical\" href=\"https:\/\/zapateneo.net\/wordpress\/index.php\/producto\/el-reconstructor-de-caras-el-cirujano-que-recompuso-el-rostro-de-soldados-desfigurados-en-la-primera\/\" \/>\n<meta property=\"og:locale\" content=\"es_ES\" \/>\n<meta property=\"og:type\" content=\"article\" \/>\n<meta property=\"og:title\" content=\"El reconstructor de caras El cirujano que recompuso el rostro de soldados desfigurados en la Primera &#8212; Zapateneo\" \/>\n<meta property=\"og:description\" content=\"Lindsey Fitzharris 9788412878738 - Capit\u00e1n Swing - 2024 - 280 p\u00e1ginas \/orri.\" \/>\n<meta property=\"og:url\" content=\"https:\/\/zapateneo.net\/wordpress\/index.php\/producto\/el-reconstructor-de-caras-el-cirujano-que-recompuso-el-rostro-de-soldados-desfigurados-en-la-primera\/\" \/>\n<meta property=\"og:site_name\" content=\"Zapateneo\" \/>\n<meta property=\"article:modified_time\" content=\"2024-12-31T17:27:12+00:00\" \/>\n<meta name=\"twitter:card\" content=\"summary_large_image\" \/>\n<meta name=\"twitter:site\" content=\"@zapateneo\" \/>\n<meta name=\"twitter:label1\" content=\"Tiempo de lectura\" \/>\n\t<meta name=\"twitter:data1\" content=\"1 minuto\" \/>\n<script type=\"application\/ld+json\" class=\"yoast-schema-graph\">{\"@context\":\"https:\\\/\\\/schema.org\",\"@graph\":[{\"@type\":\"WebPage\",\"@id\":\"https:\\\/\\\/zapateneo.net\\\/wordpress\\\/index.php\\\/producto\\\/el-reconstructor-de-caras-el-cirujano-que-recompuso-el-rostro-de-soldados-desfigurados-en-la-primera\\\/\",\"url\":\"https:\\\/\\\/zapateneo.net\\\/wordpress\\\/index.php\\\/producto\\\/el-reconstructor-de-caras-el-cirujano-que-recompuso-el-rostro-de-soldados-desfigurados-en-la-primera\\\/\",\"name\":\"El reconstructor de caras El cirujano que recompuso el rostro de soldados desfigurados en la Primera &#8212; Zapateneo\",\"isPartOf\":{\"@id\":\"https:\\\/\\\/zapateneo.net\\\/wordpress\\\/#website\"},\"primaryImageOfPage\":{\"@id\":\"https:\\\/\\\/zapateneo.net\\\/wordpress\\\/index.php\\\/producto\\\/el-reconstructor-de-caras-el-cirujano-que-recompuso-el-rostro-de-soldados-desfigurados-en-la-primera\\\/#primaryimage\"},\"image\":{\"@id\":\"https:\\\/\\\/zapateneo.net\\\/wordpress\\\/index.php\\\/producto\\\/el-reconstructor-de-caras-el-cirujano-que-recompuso-el-rostro-de-soldados-desfigurados-en-la-primera\\\/#primaryimage\"},\"thumbnailUrl\":\"https:\\\/\\\/zapateneo.net\\\/wordpress\\\/wp-content\\\/uploads\\\/2024\\\/12\\\/9788412878738.jpg\",\"datePublished\":\"2024-12-31T17:27:06+00:00\",\"dateModified\":\"2024-12-31T17:27:12+00:00\",\"breadcrumb\":{\"@id\":\"https:\\\/\\\/zapateneo.net\\\/wordpress\\\/index.php\\\/producto\\\/el-reconstructor-de-caras-el-cirujano-que-recompuso-el-rostro-de-soldados-desfigurados-en-la-primera\\\/#breadcrumb\"},\"inLanguage\":\"es\",\"potentialAction\":[{\"@type\":\"ReadAction\",\"target\":[\"https:\\\/\\\/zapateneo.net\\\/wordpress\\\/index.php\\\/producto\\\/el-reconstructor-de-caras-el-cirujano-que-recompuso-el-rostro-de-soldados-desfigurados-en-la-primera\\\/\"]}]},{\"@type\":\"ImageObject\",\"inLanguage\":\"es\",\"@id\":\"https:\\\/\\\/zapateneo.net\\\/wordpress\\\/index.php\\\/producto\\\/el-reconstructor-de-caras-el-cirujano-que-recompuso-el-rostro-de-soldados-desfigurados-en-la-primera\\\/#primaryimage\",\"url\":\"https:\\\/\\\/zapateneo.net\\\/wordpress\\\/wp-content\\\/uploads\\\/2024\\\/12\\\/9788412878738.jpg\",\"contentUrl\":\"https:\\\/\\\/zapateneo.net\\\/wordpress\\\/wp-content\\\/uploads\\\/2024\\\/12\\\/9788412878738.jpg\",\"width\":200,\"height\":200},{\"@type\":\"BreadcrumbList\",\"@id\":\"https:\\\/\\\/zapateneo.net\\\/wordpress\\\/index.php\\\/producto\\\/el-reconstructor-de-caras-el-cirujano-que-recompuso-el-rostro-de-soldados-desfigurados-en-la-primera\\\/#breadcrumb\",\"itemListElement\":[{\"@type\":\"ListItem\",\"position\":1,\"name\":\"Portada\",\"item\":\"https:\\\/\\\/zapateneo.net\\\/wordpress\\\/\"},{\"@type\":\"ListItem\",\"position\":2,\"name\":\"Tienda\",\"item\":\"https:\\\/\\\/zapateneo.net\\\/wordpress\\\/\"},{\"@type\":\"ListItem\",\"position\":3,\"name\":\"El reconstructor de caras El cirujano que recompuso el rostro de soldados desfigurados en la Primera\"}]},{\"@type\":\"WebSite\",\"@id\":\"https:\\\/\\\/zapateneo.net\\\/wordpress\\\/#website\",\"url\":\"https:\\\/\\\/zapateneo.net\\\/wordpress\\\/\",\"name\":\"Zapateneo\",\"description\":\"Zapateneoaren webgunea\",\"publisher\":{\"@id\":\"https:\\\/\\\/zapateneo.net\\\/wordpress\\\/#organization\"},\"potentialAction\":[{\"@type\":\"SearchAction\",\"target\":{\"@type\":\"EntryPoint\",\"urlTemplate\":\"https:\\\/\\\/zapateneo.net\\\/wordpress\\\/?s={search_term_string}\"},\"query-input\":{\"@type\":\"PropertyValueSpecification\",\"valueRequired\":true,\"valueName\":\"search_term_string\"}}],\"inLanguage\":\"es\"},{\"@type\":\"Organization\",\"@id\":\"https:\\\/\\\/zapateneo.net\\\/wordpress\\\/#organization\",\"name\":\"Zapateneo Kultur Elkartea\",\"url\":\"https:\\\/\\\/zapateneo.net\\\/wordpress\\\/\",\"logo\":{\"@type\":\"ImageObject\",\"inLanguage\":\"es\",\"@id\":\"https:\\\/\\\/zapateneo.net\\\/wordpress\\\/#\\\/schema\\\/logo\\\/image\\\/\",\"url\":\"https:\\\/\\\/zapateneo.net\\\/wordpress\\\/wp-content\\\/uploads\\\/2021\\\/04\\\/zap-libu-kolec.jpg\",\"contentUrl\":\"https:\\\/\\\/zapateneo.net\\\/wordpress\\\/wp-content\\\/uploads\\\/2021\\\/04\\\/zap-libu-kolec.jpg\",\"width\":2234,\"height\":398,\"caption\":\"Zapateneo Kultur Elkartea\"},\"image\":{\"@id\":\"https:\\\/\\\/zapateneo.net\\\/wordpress\\\/#\\\/schema\\\/logo\\\/image\\\/\"},\"sameAs\":[\"https:\\\/\\\/x.com\\\/zapateneo\"]}]}<\/script>\n<!-- \/ Yoast SEO plugin. -->","yoast_head_json":{"title":"El reconstructor de caras El cirujano que recompuso el rostro de soldados desfigurados en la Primera &#8212; Zapateneo","robots":{"index":"index","follow":"follow","max-snippet":"max-snippet:-1","max-image-preview":"max-image-preview:large","max-video-preview":"max-video-preview:-1"},"canonical":"https:\/\/zapateneo.net\/wordpress\/index.php\/producto\/el-reconstructor-de-caras-el-cirujano-que-recompuso-el-rostro-de-soldados-desfigurados-en-la-primera\/","og_locale":"es_ES","og_type":"article","og_title":"El reconstructor de caras El cirujano que recompuso el rostro de soldados desfigurados en la Primera &#8212; Zapateneo","og_description":"Lindsey Fitzharris 9788412878738 - Capit\u00e1n Swing - 2024 - 280 p\u00e1ginas \/orri.","og_url":"https:\/\/zapateneo.net\/wordpress\/index.php\/producto\/el-reconstructor-de-caras-el-cirujano-que-recompuso-el-rostro-de-soldados-desfigurados-en-la-primera\/","og_site_name":"Zapateneo","article_modified_time":"2024-12-31T17:27:12+00:00","twitter_card":"summary_large_image","twitter_site":"@zapateneo","twitter_misc":{"Tiempo de lectura":"1 minuto"},"schema":{"@context":"https:\/\/schema.org","@graph":[{"@type":"WebPage","@id":"https:\/\/zapateneo.net\/wordpress\/index.php\/producto\/el-reconstructor-de-caras-el-cirujano-que-recompuso-el-rostro-de-soldados-desfigurados-en-la-primera\/","url":"https:\/\/zapateneo.net\/wordpress\/index.php\/producto\/el-reconstructor-de-caras-el-cirujano-que-recompuso-el-rostro-de-soldados-desfigurados-en-la-primera\/","name":"El reconstructor de caras El cirujano que recompuso el rostro de soldados desfigurados en la Primera &#8212; Zapateneo","isPartOf":{"@id":"https:\/\/zapateneo.net\/wordpress\/#website"},"primaryImageOfPage":{"@id":"https:\/\/zapateneo.net\/wordpress\/index.php\/producto\/el-reconstructor-de-caras-el-cirujano-que-recompuso-el-rostro-de-soldados-desfigurados-en-la-primera\/#primaryimage"},"image":{"@id":"https:\/\/zapateneo.net\/wordpress\/index.php\/producto\/el-reconstructor-de-caras-el-cirujano-que-recompuso-el-rostro-de-soldados-desfigurados-en-la-primera\/#primaryimage"},"thumbnailUrl":"https:\/\/zapateneo.net\/wordpress\/wp-content\/uploads\/2024\/12\/9788412878738.jpg","datePublished":"2024-12-31T17:27:06+00:00","dateModified":"2024-12-31T17:27:12+00:00","breadcrumb":{"@id":"https:\/\/zapateneo.net\/wordpress\/index.php\/producto\/el-reconstructor-de-caras-el-cirujano-que-recompuso-el-rostro-de-soldados-desfigurados-en-la-primera\/#breadcrumb"},"inLanguage":"es","potentialAction":[{"@type":"ReadAction","target":["https:\/\/zapateneo.net\/wordpress\/index.php\/producto\/el-reconstructor-de-caras-el-cirujano-que-recompuso-el-rostro-de-soldados-desfigurados-en-la-primera\/"]}]},{"@type":"ImageObject","inLanguage":"es","@id":"https:\/\/zapateneo.net\/wordpress\/index.php\/producto\/el-reconstructor-de-caras-el-cirujano-que-recompuso-el-rostro-de-soldados-desfigurados-en-la-primera\/#primaryimage","url":"https:\/\/zapateneo.net\/wordpress\/wp-content\/uploads\/2024\/12\/9788412878738.jpg","contentUrl":"https:\/\/zapateneo.net\/wordpress\/wp-content\/uploads\/2024\/12\/9788412878738.jpg","width":200,"height":200},{"@type":"BreadcrumbList","@id":"https:\/\/zapateneo.net\/wordpress\/index.php\/producto\/el-reconstructor-de-caras-el-cirujano-que-recompuso-el-rostro-de-soldados-desfigurados-en-la-primera\/#breadcrumb","itemListElement":[{"@type":"ListItem","position":1,"name":"Portada","item":"https:\/\/zapateneo.net\/wordpress\/"},{"@type":"ListItem","position":2,"name":"Tienda","item":"https:\/\/zapateneo.net\/wordpress\/"},{"@type":"ListItem","position":3,"name":"El reconstructor de caras El cirujano que recompuso el rostro de soldados desfigurados en la Primera"}]},{"@type":"WebSite","@id":"https:\/\/zapateneo.net\/wordpress\/#website","url":"https:\/\/zapateneo.net\/wordpress\/","name":"Zapateneo","description":"Zapateneoaren webgunea","publisher":{"@id":"https:\/\/zapateneo.net\/wordpress\/#organization"},"potentialAction":[{"@type":"SearchAction","target":{"@type":"EntryPoint","urlTemplate":"https:\/\/zapateneo.net\/wordpress\/?s={search_term_string}"},"query-input":{"@type":"PropertyValueSpecification","valueRequired":true,"valueName":"search_term_string"}}],"inLanguage":"es"},{"@type":"Organization","@id":"https:\/\/zapateneo.net\/wordpress\/#organization","name":"Zapateneo Kultur Elkartea","url":"https:\/\/zapateneo.net\/wordpress\/","logo":{"@type":"ImageObject","inLanguage":"es","@id":"https:\/\/zapateneo.net\/wordpress\/#\/schema\/logo\/image\/","url":"https:\/\/zapateneo.net\/wordpress\/wp-content\/uploads\/2021\/04\/zap-libu-kolec.jpg","contentUrl":"https:\/\/zapateneo.net\/wordpress\/wp-content\/uploads\/2021\/04\/zap-libu-kolec.jpg","width":2234,"height":398,"caption":"Zapateneo Kultur Elkartea"},"image":{"@id":"https:\/\/zapateneo.net\/wordpress\/#\/schema\/logo\/image\/"},"sameAs":["https:\/\/x.com\/zapateneo"]}]}},"_links":{"self":[{"href":"https:\/\/zapateneo.net\/wordpress\/index.php\/wp-json\/wp\/v2\/product\/15624","targetHints":{"allow":["GET"]}}],"collection":[{"href":"https:\/\/zapateneo.net\/wordpress\/index.php\/wp-json\/wp\/v2\/product"}],"about":[{"href":"https:\/\/zapateneo.net\/wordpress\/index.php\/wp-json\/wp\/v2\/types\/product"}],"wp:featuredmedia":[{"embeddable":true,"href":"https:\/\/zapateneo.net\/wordpress\/index.php\/wp-json\/wp\/v2\/media\/15640"}],"wp:attachment":[{"href":"https:\/\/zapateneo.net\/wordpress\/index.php\/wp-json\/wp\/v2\/media?parent=15624"}],"wp:term":[{"taxonomy":"product_brand","embeddable":true,"href":"https:\/\/zapateneo.net\/wordpress\/index.php\/wp-json\/wp\/v2\/product_brand?post=15624"},{"taxonomy":"product_cat","embeddable":true,"href":"https:\/\/zapateneo.net\/wordpress\/index.php\/wp-json\/wp\/v2\/product_cat?post=15624"},{"taxonomy":"product_tag","embeddable":true,"href":"https:\/\/zapateneo.net\/wordpress\/index.php\/wp-json\/wp\/v2\/product_tag?post=15624"}],"curies":[{"name":"wp","href":"https:\/\/api.w.org\/{rel}","templated":true}]}}