{"id":15620,"date":"2024-12-31T18:27:06","date_gmt":"2024-12-31T17:27:06","guid":{"rendered":"https:\/\/zapateneo.net\/wordpress\/?post_type=product&#038;p=15620"},"modified":"2024-12-31T18:27:10","modified_gmt":"2024-12-31T17:27:10","slug":"mente-y-politica-dialectica-y-realismo-desde-la-perspectiva-de-la-liberacion","status":"publish","type":"product","link":"https:\/\/zapateneo.net\/wordpress\/index.php\/producto\/mente-y-politica-dialectica-y-realismo-desde-la-perspectiva-de-la-liberacion\/","title":{"rendered":"Mente y pol\u00edtica Dial\u00e9ctica y realismo desde la perspectiva de la liberaci\u00f3n"},"content":{"rendered":"<p>El libro, Mente y pol\u00edtica. Dial\u00e9ctica y realismo desde la perspectiva de la liberaci\u00f3n, anuncia un an\u00e1lisis de las homolog\u00edas estructurales entre las teor\u00edas del conocimiento y de la acci\u00f3n, y la filosof\u00eda social y pol\u00edtica, sobre la base de una interpretaci\u00f3n de la relaci\u00f3n entre teor\u00eda y pr\u00e1ctica informada por un compromiso \u00e9tico-pol\u00edtico expl\u00edcito. Tres son los problemas explorados a lo largo de la investigaci\u00f3n: la dial\u00e9ctica como m\u00e9todo de razonamiento y argumentaci\u00f3n, la necesidad de recuperar el realismo, y finalmente, la liberaci\u00f3n como proceso \u00e9tico-pol\u00edtico de emancipaci\u00f3n respecto a la dominaci\u00f3n, la explotaci\u00f3n o la desposesi\u00f3n. Este proceso exige la transformaci\u00f3n de las estructuras injustas y la promoci\u00f3n de la dignidad de las v\u00edctimas. En concreto, contra la filosof\u00eda pol\u00edtica liberal y contra la ciencia social determinista, argumentamos que es imperativo asumir la perspectiva de las v\u00edctimas.<\/p>\n<p>El libro est\u00e1 dividido en dos partes. La primera parte se titula \u00abDial\u00e9ctica del l\u00edmite\u00bb. En ella, los primeros tres cap\u00edtulos tratan diversos aspectos relativos a la dial\u00e9ctica, mientras el \u00faltimo cap\u00edtulo, titulado \u00abfiguras del l\u00edmite\u00bb, ilustra las ambig\u00fcedades ontol\u00f3gicas a las que conduce el m\u00e9todo dial\u00e9ctico a trav\u00e9s de tres figuras: la membrana celular, la m\u00e1scara y los muros.<\/p>\n<p>La segunda parte se titula \u00abRealismo y liberaci\u00f3n\u00bb. Los tres primeros cap\u00edtulos abordan el problema de lo real. Mientras el \u00faltimo cap\u00edtulo, titulado \u00abFiguras de la liberaci\u00f3n\u00bb, introduce la noci\u00f3n de la exterioridad a trav\u00e9s de la elaboraci\u00f3n de tres temas: la cr\u00edtica de la totalidad a partir de la consideraci\u00f3n de la perspectiva de las v\u00edctimas; la figura del \u00abtrabajo vivo\u00bb y su relevancia \u00e9tica en la filosof\u00eda de Marx; y la cr\u00edtica del eurocentrismo.<\/p>\n","protected":false},"excerpt":{"rendered":"<p><strong>Juan Manuel Cincunegui<\/strong><br \/>\n9788412851700 &#8211; Dado &#8211; 2024 &#8211; 390 p\u00e1ginas \/orri.<\/p>\n","protected":false},"featured_media":15636,"template":"","meta":[],"product_brand":[],"product_cat":[16,173],"product_tag":[6746,7014],"class_list":{"0":"post-15620","1":"product","2":"type-product","3":"status-publish","4":"has-post-thumbnail","6":"product_cat-libros","7":"product_cat-saiakera-ensayo","8":"product_tag-dado","9":"product_tag-juan-manuel-cincunegui","11":"first","12":"instock","13":"sold-individually","14":"shipping-taxable","15":"purchasable","16":"product-type-simple"},"yoast_head":"<!-- This site is optimized with the Yoast SEO plugin v27.3 - https:\/\/yoast.com\/product\/yoast-seo-wordpress\/ -->\n<title>Mente y pol\u00edtica Dial\u00e9ctica y realismo desde la perspectiva de la liberaci\u00f3n &#8212; Zapateneo<\/title>\n<meta name=\"robots\" content=\"index, follow, max-snippet:-1, max-image-preview:large, max-video-preview:-1\" \/>\n<link rel=\"canonical\" href=\"https:\/\/zapateneo.net\/wordpress\/index.php\/producto\/mente-y-politica-dialectica-y-realismo-desde-la-perspectiva-de-la-liberacion\/\" \/>\n<meta property=\"og:locale\" content=\"es_ES\" \/>\n<meta property=\"og:type\" content=\"article\" \/>\n<meta property=\"og:title\" content=\"Mente y pol\u00edtica Dial\u00e9ctica y realismo desde la perspectiva de la liberaci\u00f3n &#8212; Zapateneo\" \/>\n<meta property=\"og:description\" content=\"Juan Manuel Cincunegui 9788412851700 - Dado - 2024 - 390 p\u00e1ginas \/orri.\" \/>\n<meta property=\"og:url\" content=\"https:\/\/zapateneo.net\/wordpress\/index.php\/producto\/mente-y-politica-dialectica-y-realismo-desde-la-perspectiva-de-la-liberacion\/\" \/>\n<meta property=\"og:site_name\" content=\"Zapateneo\" \/>\n<meta property=\"article:modified_time\" content=\"2024-12-31T17:27:10+00:00\" \/>\n<meta name=\"twitter:card\" content=\"summary_large_image\" \/>\n<meta name=\"twitter:site\" content=\"@zapateneo\" \/>\n<meta name=\"twitter:label1\" content=\"Tiempo de lectura\" \/>\n\t<meta name=\"twitter:data1\" content=\"2 minutos\" \/>\n<script type=\"application\/ld+json\" class=\"yoast-schema-graph\">{\"@context\":\"https:\\\/\\\/schema.org\",\"@graph\":[{\"@type\":\"WebPage\",\"@id\":\"https:\\\/\\\/zapateneo.net\\\/wordpress\\\/index.php\\\/producto\\\/mente-y-politica-dialectica-y-realismo-desde-la-perspectiva-de-la-liberacion\\\/\",\"url\":\"https:\\\/\\\/zapateneo.net\\\/wordpress\\\/index.php\\\/producto\\\/mente-y-politica-dialectica-y-realismo-desde-la-perspectiva-de-la-liberacion\\\/\",\"name\":\"Mente y pol\u00edtica Dial\u00e9ctica y realismo desde la perspectiva de la liberaci\u00f3n &#8212; Zapateneo\",\"isPartOf\":{\"@id\":\"https:\\\/\\\/zapateneo.net\\\/wordpress\\\/#website\"},\"primaryImageOfPage\":{\"@id\":\"https:\\\/\\\/zapateneo.net\\\/wordpress\\\/index.php\\\/producto\\\/mente-y-politica-dialectica-y-realismo-desde-la-perspectiva-de-la-liberacion\\\/#primaryimage\"},\"image\":{\"@id\":\"https:\\\/\\\/zapateneo.net\\\/wordpress\\\/index.php\\\/producto\\\/mente-y-politica-dialectica-y-realismo-desde-la-perspectiva-de-la-liberacion\\\/#primaryimage\"},\"thumbnailUrl\":\"https:\\\/\\\/zapateneo.net\\\/wordpress\\\/wp-content\\\/uploads\\\/2024\\\/12\\\/9788412851700.jpeg\",\"datePublished\":\"2024-12-31T17:27:06+00:00\",\"dateModified\":\"2024-12-31T17:27:10+00:00\",\"breadcrumb\":{\"@id\":\"https:\\\/\\\/zapateneo.net\\\/wordpress\\\/index.php\\\/producto\\\/mente-y-politica-dialectica-y-realismo-desde-la-perspectiva-de-la-liberacion\\\/#breadcrumb\"},\"inLanguage\":\"es\",\"potentialAction\":[{\"@type\":\"ReadAction\",\"target\":[\"https:\\\/\\\/zapateneo.net\\\/wordpress\\\/index.php\\\/producto\\\/mente-y-politica-dialectica-y-realismo-desde-la-perspectiva-de-la-liberacion\\\/\"]}]},{\"@type\":\"ImageObject\",\"inLanguage\":\"es\",\"@id\":\"https:\\\/\\\/zapateneo.net\\\/wordpress\\\/index.php\\\/producto\\\/mente-y-politica-dialectica-y-realismo-desde-la-perspectiva-de-la-liberacion\\\/#primaryimage\",\"url\":\"https:\\\/\\\/zapateneo.net\\\/wordpress\\\/wp-content\\\/uploads\\\/2024\\\/12\\\/9788412851700.jpeg\",\"contentUrl\":\"https:\\\/\\\/zapateneo.net\\\/wordpress\\\/wp-content\\\/uploads\\\/2024\\\/12\\\/9788412851700.jpeg\",\"width\":261,\"height\":400},{\"@type\":\"BreadcrumbList\",\"@id\":\"https:\\\/\\\/zapateneo.net\\\/wordpress\\\/index.php\\\/producto\\\/mente-y-politica-dialectica-y-realismo-desde-la-perspectiva-de-la-liberacion\\\/#breadcrumb\",\"itemListElement\":[{\"@type\":\"ListItem\",\"position\":1,\"name\":\"Portada\",\"item\":\"https:\\\/\\\/zapateneo.net\\\/wordpress\\\/\"},{\"@type\":\"ListItem\",\"position\":2,\"name\":\"Tienda\",\"item\":\"https:\\\/\\\/zapateneo.net\\\/wordpress\\\/\"},{\"@type\":\"ListItem\",\"position\":3,\"name\":\"Mente y pol\u00edtica Dial\u00e9ctica y realismo desde la perspectiva de la liberaci\u00f3n\"}]},{\"@type\":\"WebSite\",\"@id\":\"https:\\\/\\\/zapateneo.net\\\/wordpress\\\/#website\",\"url\":\"https:\\\/\\\/zapateneo.net\\\/wordpress\\\/\",\"name\":\"Zapateneo\",\"description\":\"Zapateneoaren webgunea\",\"publisher\":{\"@id\":\"https:\\\/\\\/zapateneo.net\\\/wordpress\\\/#organization\"},\"potentialAction\":[{\"@type\":\"SearchAction\",\"target\":{\"@type\":\"EntryPoint\",\"urlTemplate\":\"https:\\\/\\\/zapateneo.net\\\/wordpress\\\/?s={search_term_string}\"},\"query-input\":{\"@type\":\"PropertyValueSpecification\",\"valueRequired\":true,\"valueName\":\"search_term_string\"}}],\"inLanguage\":\"es\"},{\"@type\":\"Organization\",\"@id\":\"https:\\\/\\\/zapateneo.net\\\/wordpress\\\/#organization\",\"name\":\"Zapateneo Kultur Elkartea\",\"url\":\"https:\\\/\\\/zapateneo.net\\\/wordpress\\\/\",\"logo\":{\"@type\":\"ImageObject\",\"inLanguage\":\"es\",\"@id\":\"https:\\\/\\\/zapateneo.net\\\/wordpress\\\/#\\\/schema\\\/logo\\\/image\\\/\",\"url\":\"https:\\\/\\\/zapateneo.net\\\/wordpress\\\/wp-content\\\/uploads\\\/2021\\\/04\\\/zap-libu-kolec.jpg\",\"contentUrl\":\"https:\\\/\\\/zapateneo.net\\\/wordpress\\\/wp-content\\\/uploads\\\/2021\\\/04\\\/zap-libu-kolec.jpg\",\"width\":2234,\"height\":398,\"caption\":\"Zapateneo Kultur Elkartea\"},\"image\":{\"@id\":\"https:\\\/\\\/zapateneo.net\\\/wordpress\\\/#\\\/schema\\\/logo\\\/image\\\/\"},\"sameAs\":[\"https:\\\/\\\/x.com\\\/zapateneo\"]}]}<\/script>\n<!-- \/ Yoast SEO plugin. -->","yoast_head_json":{"title":"Mente y pol\u00edtica Dial\u00e9ctica y realismo desde la perspectiva de la liberaci\u00f3n &#8212; Zapateneo","robots":{"index":"index","follow":"follow","max-snippet":"max-snippet:-1","max-image-preview":"max-image-preview:large","max-video-preview":"max-video-preview:-1"},"canonical":"https:\/\/zapateneo.net\/wordpress\/index.php\/producto\/mente-y-politica-dialectica-y-realismo-desde-la-perspectiva-de-la-liberacion\/","og_locale":"es_ES","og_type":"article","og_title":"Mente y pol\u00edtica Dial\u00e9ctica y realismo desde la perspectiva de la liberaci\u00f3n &#8212; Zapateneo","og_description":"Juan Manuel Cincunegui 9788412851700 - Dado - 2024 - 390 p\u00e1ginas \/orri.","og_url":"https:\/\/zapateneo.net\/wordpress\/index.php\/producto\/mente-y-politica-dialectica-y-realismo-desde-la-perspectiva-de-la-liberacion\/","og_site_name":"Zapateneo","article_modified_time":"2024-12-31T17:27:10+00:00","twitter_card":"summary_large_image","twitter_site":"@zapateneo","twitter_misc":{"Tiempo de lectura":"2 minutos"},"schema":{"@context":"https:\/\/schema.org","@graph":[{"@type":"WebPage","@id":"https:\/\/zapateneo.net\/wordpress\/index.php\/producto\/mente-y-politica-dialectica-y-realismo-desde-la-perspectiva-de-la-liberacion\/","url":"https:\/\/zapateneo.net\/wordpress\/index.php\/producto\/mente-y-politica-dialectica-y-realismo-desde-la-perspectiva-de-la-liberacion\/","name":"Mente y pol\u00edtica Dial\u00e9ctica y realismo desde la perspectiva de la liberaci\u00f3n &#8212; Zapateneo","isPartOf":{"@id":"https:\/\/zapateneo.net\/wordpress\/#website"},"primaryImageOfPage":{"@id":"https:\/\/zapateneo.net\/wordpress\/index.php\/producto\/mente-y-politica-dialectica-y-realismo-desde-la-perspectiva-de-la-liberacion\/#primaryimage"},"image":{"@id":"https:\/\/zapateneo.net\/wordpress\/index.php\/producto\/mente-y-politica-dialectica-y-realismo-desde-la-perspectiva-de-la-liberacion\/#primaryimage"},"thumbnailUrl":"https:\/\/zapateneo.net\/wordpress\/wp-content\/uploads\/2024\/12\/9788412851700.jpeg","datePublished":"2024-12-31T17:27:06+00:00","dateModified":"2024-12-31T17:27:10+00:00","breadcrumb":{"@id":"https:\/\/zapateneo.net\/wordpress\/index.php\/producto\/mente-y-politica-dialectica-y-realismo-desde-la-perspectiva-de-la-liberacion\/#breadcrumb"},"inLanguage":"es","potentialAction":[{"@type":"ReadAction","target":["https:\/\/zapateneo.net\/wordpress\/index.php\/producto\/mente-y-politica-dialectica-y-realismo-desde-la-perspectiva-de-la-liberacion\/"]}]},{"@type":"ImageObject","inLanguage":"es","@id":"https:\/\/zapateneo.net\/wordpress\/index.php\/producto\/mente-y-politica-dialectica-y-realismo-desde-la-perspectiva-de-la-liberacion\/#primaryimage","url":"https:\/\/zapateneo.net\/wordpress\/wp-content\/uploads\/2024\/12\/9788412851700.jpeg","contentUrl":"https:\/\/zapateneo.net\/wordpress\/wp-content\/uploads\/2024\/12\/9788412851700.jpeg","width":261,"height":400},{"@type":"BreadcrumbList","@id":"https:\/\/zapateneo.net\/wordpress\/index.php\/producto\/mente-y-politica-dialectica-y-realismo-desde-la-perspectiva-de-la-liberacion\/#breadcrumb","itemListElement":[{"@type":"ListItem","position":1,"name":"Portada","item":"https:\/\/zapateneo.net\/wordpress\/"},{"@type":"ListItem","position":2,"name":"Tienda","item":"https:\/\/zapateneo.net\/wordpress\/"},{"@type":"ListItem","position":3,"name":"Mente y pol\u00edtica Dial\u00e9ctica y realismo desde la perspectiva de la liberaci\u00f3n"}]},{"@type":"WebSite","@id":"https:\/\/zapateneo.net\/wordpress\/#website","url":"https:\/\/zapateneo.net\/wordpress\/","name":"Zapateneo","description":"Zapateneoaren webgunea","publisher":{"@id":"https:\/\/zapateneo.net\/wordpress\/#organization"},"potentialAction":[{"@type":"SearchAction","target":{"@type":"EntryPoint","urlTemplate":"https:\/\/zapateneo.net\/wordpress\/?s={search_term_string}"},"query-input":{"@type":"PropertyValueSpecification","valueRequired":true,"valueName":"search_term_string"}}],"inLanguage":"es"},{"@type":"Organization","@id":"https:\/\/zapateneo.net\/wordpress\/#organization","name":"Zapateneo Kultur Elkartea","url":"https:\/\/zapateneo.net\/wordpress\/","logo":{"@type":"ImageObject","inLanguage":"es","@id":"https:\/\/zapateneo.net\/wordpress\/#\/schema\/logo\/image\/","url":"https:\/\/zapateneo.net\/wordpress\/wp-content\/uploads\/2021\/04\/zap-libu-kolec.jpg","contentUrl":"https:\/\/zapateneo.net\/wordpress\/wp-content\/uploads\/2021\/04\/zap-libu-kolec.jpg","width":2234,"height":398,"caption":"Zapateneo Kultur Elkartea"},"image":{"@id":"https:\/\/zapateneo.net\/wordpress\/#\/schema\/logo\/image\/"},"sameAs":["https:\/\/x.com\/zapateneo"]}]}},"_links":{"self":[{"href":"https:\/\/zapateneo.net\/wordpress\/index.php\/wp-json\/wp\/v2\/product\/15620","targetHints":{"allow":["GET"]}}],"collection":[{"href":"https:\/\/zapateneo.net\/wordpress\/index.php\/wp-json\/wp\/v2\/product"}],"about":[{"href":"https:\/\/zapateneo.net\/wordpress\/index.php\/wp-json\/wp\/v2\/types\/product"}],"wp:featuredmedia":[{"embeddable":true,"href":"https:\/\/zapateneo.net\/wordpress\/index.php\/wp-json\/wp\/v2\/media\/15636"}],"wp:attachment":[{"href":"https:\/\/zapateneo.net\/wordpress\/index.php\/wp-json\/wp\/v2\/media?parent=15620"}],"wp:term":[{"taxonomy":"product_brand","embeddable":true,"href":"https:\/\/zapateneo.net\/wordpress\/index.php\/wp-json\/wp\/v2\/product_brand?post=15620"},{"taxonomy":"product_cat","embeddable":true,"href":"https:\/\/zapateneo.net\/wordpress\/index.php\/wp-json\/wp\/v2\/product_cat?post=15620"},{"taxonomy":"product_tag","embeddable":true,"href":"https:\/\/zapateneo.net\/wordpress\/index.php\/wp-json\/wp\/v2\/product_tag?post=15620"}],"curies":[{"name":"wp","href":"https:\/\/api.w.org\/{rel}","templated":true}]}}