{"id":1562,"date":"2021-04-07T09:05:52","date_gmt":"2021-04-07T08:05:52","guid":{"rendered":"https:\/\/zapateneo.net\/wordpress\/?post_type=product&#038;p=1562"},"modified":"2021-04-07T09:06:01","modified_gmt":"2021-04-07T08:06:01","slug":"las-aventuras-de-esteisi-y-pimiento-6","status":"publish","type":"product","link":"https:\/\/zapateneo.net\/wordpress\/index.php\/producto\/las-aventuras-de-esteisi-y-pimiento-6\/","title":{"rendered":"Las aventuras de Esteisi y Pimiento 6"},"content":{"rendered":"<p>Esteisi y los regalos de Navidad<\/p>\n<p>Se acerca la Navidad y toca elegir regalos. Pap\u00e1 Noel va a venir de visita a la clase, pero Shanon afirma que lo conoce y que no va a haber regalos para el resto de ni\u00f1as porque son supertontas. Esteisi no puede contener las l\u00e1grimas&#8230; hasta que se le ocurre una idea genial. <\/p>\n<p>Fiesta de pijamas en casa de Esteisi<\/p>\n<p>Las amigas de Esteisi vienen a dormir a casa. Hay fiesta de pijamas. A la hora de ir a la cama a\u00fan no tienen sue\u00f1o, as\u00ed que deciden jugar a un juego: la \u00faltima en dormirse gana.<\/p>\n","protected":false},"excerpt":{"rendered":"<p><strong>AAVV<\/strong><br \/>\n9788417383848 &#8211; Takatuka &#8211; 2020 &#8211; 48 p\u00e1ginas \/orri.<\/p>\n","protected":false},"featured_media":1534,"template":"","meta":[],"product_brand":[],"product_cat":[167,16],"product_tag":[194],"class_list":{"0":"post-1562","1":"product","2":"type-product","3":"status-publish","4":"has-post-thumbnail","6":"product_cat-comics-komikiak","7":"product_cat-libros","8":"product_tag-takatuka","10":"first","11":"instock","12":"sold-individually","13":"shipping-taxable","14":"purchasable","15":"product-type-simple"},"yoast_head":"<!-- This site is optimized with the Yoast SEO plugin v27.3 - https:\/\/yoast.com\/product\/yoast-seo-wordpress\/ -->\n<title>Las aventuras de Esteisi y Pimiento 6 &#8212; Zapateneo<\/title>\n<meta name=\"robots\" content=\"index, follow, max-snippet:-1, max-image-preview:large, max-video-preview:-1\" \/>\n<link rel=\"canonical\" href=\"https:\/\/zapateneo.net\/wordpress\/index.php\/producto\/las-aventuras-de-esteisi-y-pimiento-6\/\" \/>\n<meta property=\"og:locale\" content=\"es_ES\" \/>\n<meta property=\"og:type\" content=\"article\" \/>\n<meta property=\"og:title\" content=\"Las aventuras de Esteisi y Pimiento 6 &#8212; Zapateneo\" \/>\n<meta property=\"og:description\" content=\"AAVV 9788417383848 - Takatuka - 2020 - 48 p\u00e1ginas \/orri.\" \/>\n<meta property=\"og:url\" content=\"https:\/\/zapateneo.net\/wordpress\/index.php\/producto\/las-aventuras-de-esteisi-y-pimiento-6\/\" \/>\n<meta property=\"og:site_name\" content=\"Zapateneo\" \/>\n<meta property=\"article:modified_time\" content=\"2021-04-07T08:06:01+00:00\" \/>\n<meta property=\"og:image\" content=\"https:\/\/zapateneo.net\/wordpress\/wp-content\/uploads\/2021\/04\/9788417383848.jpeg\" \/>\n\t<meta property=\"og:image:width\" content=\"120\" \/>\n\t<meta property=\"og:image:height\" content=\"59\" \/>\n\t<meta property=\"og:image:type\" content=\"image\/jpeg\" \/>\n<meta name=\"twitter:card\" content=\"summary_large_image\" \/>\n<meta name=\"twitter:site\" content=\"@zapateneo\" \/>\n<meta name=\"twitter:label1\" content=\"Tiempo de lectura\" \/>\n\t<meta name=\"twitter:data1\" content=\"1 minuto\" \/>\n<script type=\"application\/ld+json\" class=\"yoast-schema-graph\">{\"@context\":\"https:\\\/\\\/schema.org\",\"@graph\":[{\"@type\":\"WebPage\",\"@id\":\"https:\\\/\\\/zapateneo.net\\\/wordpress\\\/index.php\\\/producto\\\/las-aventuras-de-esteisi-y-pimiento-6\\\/\",\"url\":\"https:\\\/\\\/zapateneo.net\\\/wordpress\\\/index.php\\\/producto\\\/las-aventuras-de-esteisi-y-pimiento-6\\\/\",\"name\":\"Las aventuras de Esteisi y Pimiento 6 &#8212; Zapateneo\",\"isPartOf\":{\"@id\":\"https:\\\/\\\/zapateneo.net\\\/wordpress\\\/#website\"},\"primaryImageOfPage\":{\"@id\":\"https:\\\/\\\/zapateneo.net\\\/wordpress\\\/index.php\\\/producto\\\/las-aventuras-de-esteisi-y-pimiento-6\\\/#primaryimage\"},\"image\":{\"@id\":\"https:\\\/\\\/zapateneo.net\\\/wordpress\\\/index.php\\\/producto\\\/las-aventuras-de-esteisi-y-pimiento-6\\\/#primaryimage\"},\"thumbnailUrl\":\"https:\\\/\\\/zapateneo.net\\\/wordpress\\\/wp-content\\\/uploads\\\/2021\\\/04\\\/9788417383848.jpeg\",\"datePublished\":\"2021-04-07T08:05:52+00:00\",\"dateModified\":\"2021-04-07T08:06:01+00:00\",\"breadcrumb\":{\"@id\":\"https:\\\/\\\/zapateneo.net\\\/wordpress\\\/index.php\\\/producto\\\/las-aventuras-de-esteisi-y-pimiento-6\\\/#breadcrumb\"},\"inLanguage\":\"es\",\"potentialAction\":[{\"@type\":\"ReadAction\",\"target\":[\"https:\\\/\\\/zapateneo.net\\\/wordpress\\\/index.php\\\/producto\\\/las-aventuras-de-esteisi-y-pimiento-6\\\/\"]}]},{\"@type\":\"ImageObject\",\"inLanguage\":\"es\",\"@id\":\"https:\\\/\\\/zapateneo.net\\\/wordpress\\\/index.php\\\/producto\\\/las-aventuras-de-esteisi-y-pimiento-6\\\/#primaryimage\",\"url\":\"https:\\\/\\\/zapateneo.net\\\/wordpress\\\/wp-content\\\/uploads\\\/2021\\\/04\\\/9788417383848.jpeg\",\"contentUrl\":\"https:\\\/\\\/zapateneo.net\\\/wordpress\\\/wp-content\\\/uploads\\\/2021\\\/04\\\/9788417383848.jpeg\",\"width\":120,\"height\":59},{\"@type\":\"BreadcrumbList\",\"@id\":\"https:\\\/\\\/zapateneo.net\\\/wordpress\\\/index.php\\\/producto\\\/las-aventuras-de-esteisi-y-pimiento-6\\\/#breadcrumb\",\"itemListElement\":[{\"@type\":\"ListItem\",\"position\":1,\"name\":\"Portada\",\"item\":\"https:\\\/\\\/zapateneo.net\\\/wordpress\\\/\"},{\"@type\":\"ListItem\",\"position\":2,\"name\":\"Tienda\",\"item\":\"https:\\\/\\\/zapateneo.net\\\/wordpress\\\/\"},{\"@type\":\"ListItem\",\"position\":3,\"name\":\"Las aventuras de Esteisi y Pimiento 6\"}]},{\"@type\":\"WebSite\",\"@id\":\"https:\\\/\\\/zapateneo.net\\\/wordpress\\\/#website\",\"url\":\"https:\\\/\\\/zapateneo.net\\\/wordpress\\\/\",\"name\":\"Zapateneo\",\"description\":\"Zapateneoaren webgunea\",\"publisher\":{\"@id\":\"https:\\\/\\\/zapateneo.net\\\/wordpress\\\/#organization\"},\"potentialAction\":[{\"@type\":\"SearchAction\",\"target\":{\"@type\":\"EntryPoint\",\"urlTemplate\":\"https:\\\/\\\/zapateneo.net\\\/wordpress\\\/?s={search_term_string}\"},\"query-input\":{\"@type\":\"PropertyValueSpecification\",\"valueRequired\":true,\"valueName\":\"search_term_string\"}}],\"inLanguage\":\"es\"},{\"@type\":\"Organization\",\"@id\":\"https:\\\/\\\/zapateneo.net\\\/wordpress\\\/#organization\",\"name\":\"Zapateneo Kultur Elkartea\",\"url\":\"https:\\\/\\\/zapateneo.net\\\/wordpress\\\/\",\"logo\":{\"@type\":\"ImageObject\",\"inLanguage\":\"es\",\"@id\":\"https:\\\/\\\/zapateneo.net\\\/wordpress\\\/#\\\/schema\\\/logo\\\/image\\\/\",\"url\":\"https:\\\/\\\/zapateneo.net\\\/wordpress\\\/wp-content\\\/uploads\\\/2021\\\/04\\\/zap-libu-kolec.jpg\",\"contentUrl\":\"https:\\\/\\\/zapateneo.net\\\/wordpress\\\/wp-content\\\/uploads\\\/2021\\\/04\\\/zap-libu-kolec.jpg\",\"width\":2234,\"height\":398,\"caption\":\"Zapateneo Kultur Elkartea\"},\"image\":{\"@id\":\"https:\\\/\\\/zapateneo.net\\\/wordpress\\\/#\\\/schema\\\/logo\\\/image\\\/\"},\"sameAs\":[\"https:\\\/\\\/x.com\\\/zapateneo\"]}]}<\/script>\n<!-- \/ Yoast SEO plugin. -->","yoast_head_json":{"title":"Las aventuras de Esteisi y Pimiento 6 &#8212; Zapateneo","robots":{"index":"index","follow":"follow","max-snippet":"max-snippet:-1","max-image-preview":"max-image-preview:large","max-video-preview":"max-video-preview:-1"},"canonical":"https:\/\/zapateneo.net\/wordpress\/index.php\/producto\/las-aventuras-de-esteisi-y-pimiento-6\/","og_locale":"es_ES","og_type":"article","og_title":"Las aventuras de Esteisi y Pimiento 6 &#8212; Zapateneo","og_description":"AAVV 9788417383848 - Takatuka - 2020 - 48 p\u00e1ginas \/orri.","og_url":"https:\/\/zapateneo.net\/wordpress\/index.php\/producto\/las-aventuras-de-esteisi-y-pimiento-6\/","og_site_name":"Zapateneo","article_modified_time":"2021-04-07T08:06:01+00:00","og_image":[{"width":120,"height":59,"url":"https:\/\/zapateneo.net\/wordpress\/wp-content\/uploads\/2021\/04\/9788417383848.jpeg","type":"image\/jpeg"}],"twitter_card":"summary_large_image","twitter_site":"@zapateneo","twitter_misc":{"Tiempo de lectura":"1 minuto"},"schema":{"@context":"https:\/\/schema.org","@graph":[{"@type":"WebPage","@id":"https:\/\/zapateneo.net\/wordpress\/index.php\/producto\/las-aventuras-de-esteisi-y-pimiento-6\/","url":"https:\/\/zapateneo.net\/wordpress\/index.php\/producto\/las-aventuras-de-esteisi-y-pimiento-6\/","name":"Las aventuras de Esteisi y Pimiento 6 &#8212; Zapateneo","isPartOf":{"@id":"https:\/\/zapateneo.net\/wordpress\/#website"},"primaryImageOfPage":{"@id":"https:\/\/zapateneo.net\/wordpress\/index.php\/producto\/las-aventuras-de-esteisi-y-pimiento-6\/#primaryimage"},"image":{"@id":"https:\/\/zapateneo.net\/wordpress\/index.php\/producto\/las-aventuras-de-esteisi-y-pimiento-6\/#primaryimage"},"thumbnailUrl":"https:\/\/zapateneo.net\/wordpress\/wp-content\/uploads\/2021\/04\/9788417383848.jpeg","datePublished":"2021-04-07T08:05:52+00:00","dateModified":"2021-04-07T08:06:01+00:00","breadcrumb":{"@id":"https:\/\/zapateneo.net\/wordpress\/index.php\/producto\/las-aventuras-de-esteisi-y-pimiento-6\/#breadcrumb"},"inLanguage":"es","potentialAction":[{"@type":"ReadAction","target":["https:\/\/zapateneo.net\/wordpress\/index.php\/producto\/las-aventuras-de-esteisi-y-pimiento-6\/"]}]},{"@type":"ImageObject","inLanguage":"es","@id":"https:\/\/zapateneo.net\/wordpress\/index.php\/producto\/las-aventuras-de-esteisi-y-pimiento-6\/#primaryimage","url":"https:\/\/zapateneo.net\/wordpress\/wp-content\/uploads\/2021\/04\/9788417383848.jpeg","contentUrl":"https:\/\/zapateneo.net\/wordpress\/wp-content\/uploads\/2021\/04\/9788417383848.jpeg","width":120,"height":59},{"@type":"BreadcrumbList","@id":"https:\/\/zapateneo.net\/wordpress\/index.php\/producto\/las-aventuras-de-esteisi-y-pimiento-6\/#breadcrumb","itemListElement":[{"@type":"ListItem","position":1,"name":"Portada","item":"https:\/\/zapateneo.net\/wordpress\/"},{"@type":"ListItem","position":2,"name":"Tienda","item":"https:\/\/zapateneo.net\/wordpress\/"},{"@type":"ListItem","position":3,"name":"Las aventuras de Esteisi y Pimiento 6"}]},{"@type":"WebSite","@id":"https:\/\/zapateneo.net\/wordpress\/#website","url":"https:\/\/zapateneo.net\/wordpress\/","name":"Zapateneo","description":"Zapateneoaren webgunea","publisher":{"@id":"https:\/\/zapateneo.net\/wordpress\/#organization"},"potentialAction":[{"@type":"SearchAction","target":{"@type":"EntryPoint","urlTemplate":"https:\/\/zapateneo.net\/wordpress\/?s={search_term_string}"},"query-input":{"@type":"PropertyValueSpecification","valueRequired":true,"valueName":"search_term_string"}}],"inLanguage":"es"},{"@type":"Organization","@id":"https:\/\/zapateneo.net\/wordpress\/#organization","name":"Zapateneo Kultur Elkartea","url":"https:\/\/zapateneo.net\/wordpress\/","logo":{"@type":"ImageObject","inLanguage":"es","@id":"https:\/\/zapateneo.net\/wordpress\/#\/schema\/logo\/image\/","url":"https:\/\/zapateneo.net\/wordpress\/wp-content\/uploads\/2021\/04\/zap-libu-kolec.jpg","contentUrl":"https:\/\/zapateneo.net\/wordpress\/wp-content\/uploads\/2021\/04\/zap-libu-kolec.jpg","width":2234,"height":398,"caption":"Zapateneo Kultur Elkartea"},"image":{"@id":"https:\/\/zapateneo.net\/wordpress\/#\/schema\/logo\/image\/"},"sameAs":["https:\/\/x.com\/zapateneo"]}]}},"_links":{"self":[{"href":"https:\/\/zapateneo.net\/wordpress\/index.php\/wp-json\/wp\/v2\/product\/1562","targetHints":{"allow":["GET"]}}],"collection":[{"href":"https:\/\/zapateneo.net\/wordpress\/index.php\/wp-json\/wp\/v2\/product"}],"about":[{"href":"https:\/\/zapateneo.net\/wordpress\/index.php\/wp-json\/wp\/v2\/types\/product"}],"wp:featuredmedia":[{"embeddable":true,"href":"https:\/\/zapateneo.net\/wordpress\/index.php\/wp-json\/wp\/v2\/media\/1534"}],"wp:attachment":[{"href":"https:\/\/zapateneo.net\/wordpress\/index.php\/wp-json\/wp\/v2\/media?parent=1562"}],"wp:term":[{"taxonomy":"product_brand","embeddable":true,"href":"https:\/\/zapateneo.net\/wordpress\/index.php\/wp-json\/wp\/v2\/product_brand?post=1562"},{"taxonomy":"product_cat","embeddable":true,"href":"https:\/\/zapateneo.net\/wordpress\/index.php\/wp-json\/wp\/v2\/product_cat?post=1562"},{"taxonomy":"product_tag","embeddable":true,"href":"https:\/\/zapateneo.net\/wordpress\/index.php\/wp-json\/wp\/v2\/product_tag?post=1562"}],"curies":[{"name":"wp","href":"https:\/\/api.w.org\/{rel}","templated":true}]}}