{"id":15619,"date":"2024-12-31T18:27:05","date_gmt":"2024-12-31T17:27:05","guid":{"rendered":"https:\/\/zapateneo.net\/wordpress\/?post_type=product&#038;p=15619"},"modified":"2024-12-31T18:27:10","modified_gmt":"2024-12-31T17:27:10","slug":"el-paraiso-que-merece-ser-recobrado","status":"publish","type":"product","link":"https:\/\/zapateneo.net\/wordpress\/index.php\/producto\/el-paraiso-que-merece-ser-recobrado\/","title":{"rendered":"EL PARA\u00cdSO \u2014QUE MERECE SER\u2014 RECOBRADO"},"content":{"rendered":"<p>En 1843 H. D. Thoreau escribi\u00f3 una rese\u00f1a de El Para\u00edso al alcance de todos los Hombres, sin Trabajo, mediante la Energ\u00eda de la Naturaleza y la M\u00e1quina, de J. A. Etzler. La rese\u00f1a criticaba las utop\u00edas tecnol\u00f3gicas que pretenden transformar el mundo con la excusa de conseguir un para\u00edso de abundancia y felicidad para el ser humano, mediante la aplicaci\u00f3n y el desarrollo de las t\u00e9cnicas y la maquinaria industrial.<br \/>\nLas obras de Thoreau no parecen suscitar hoy la rebeld\u00eda y la desobediencia que debiera inspirar una lectura consecuente de su obra, donde la experiencia de la naturaleza se convirti\u00f3 en la defensa de una conciencia que corr\u00eda el peligro de extraviarse con los avances de la modernizaci\u00f3n. No se trata en Thoreau, por tanto, de una defensa de la naturaleza como si de un protoecologista se tratase. M\u00e1s bien nos encontramos ante la resistencia de la conciencia individual a las transformaciones que la econom\u00eda industrial empezaba a propiciar en el siglo XIX.<br \/>\nHoy vivimos la culminaci\u00f3n de esa \u00e9poca y sus desastrosas consecuencias. Las desaforadas utop\u00edas tecnol\u00f3gicas ya no s\u00f3lo pretenden transformar el mundo para ofrecernos un inmenso y artificial Jard\u00edn del Ed\u00e9n, sino que, ante la constataci\u00f3n del fracaso de sus intentos, la \u00fanica respuesta es una nueva vuelta de tuerca en el acondicionamiento tecnol\u00f3gico, que se extiende a cada vez m\u00e1s \u00e1mbitos de la existencia. El cultivo de nuestra conciencia no s\u00f3lo ha perdido su relaci\u00f3n con la naturaleza, sino que puede llegar a ser prescindible en un mundo donde todo lo producido tendr\u00e1 la marca de \u00abinteligente\u00bb para evitarnos el trabajo de serlo nosotros.<br \/>\nQuiz\u00e1 sea demasiado pedir que los libros tengan hoy la capacidad de inspirar, siquiera de conmover, a quien los lee. Si con El para\u00edso \u2014que merece ser\u2014 recobrado contribuimos, al menos, a ofrecer una oportunidad para el cultivo de cierta rebeld\u00eda contra este estado de cosas, nos daremos por satisfechos.<\/p>\n","protected":false},"excerpt":{"rendered":"<p><strong>Henry David Thoreau<\/strong><br \/>\n9788412538663 &#8211; El martillo de Enoch &#8211; 2024 &#8211; 76 p\u00e1ginas \/orri.<\/p>\n","protected":false},"featured_media":15635,"template":"","meta":[],"product_brand":[],"product_cat":[180,16],"product_tag":[5247,869],"class_list":{"0":"post-15619","1":"product","2":"type-product","3":"status-publish","4":"has-post-thumbnail","6":"product_cat-ekologia-ecologia","7":"product_cat-libros","8":"product_tag-el-martillo-de-enoch","9":"product_tag-henry-david-thoreau","11":"first","12":"instock","13":"sold-individually","14":"shipping-taxable","15":"purchasable","16":"product-type-simple"},"yoast_head":"<!-- This site is optimized with the Yoast SEO plugin v27.3 - https:\/\/yoast.com\/product\/yoast-seo-wordpress\/ -->\n<title>EL PARA\u00cdSO \u2014QUE MERECE SER\u2014 RECOBRADO &#8212; Zapateneo<\/title>\n<meta name=\"robots\" content=\"index, follow, max-snippet:-1, max-image-preview:large, max-video-preview:-1\" \/>\n<link rel=\"canonical\" href=\"https:\/\/zapateneo.net\/wordpress\/index.php\/producto\/el-paraiso-que-merece-ser-recobrado\/\" \/>\n<meta property=\"og:locale\" content=\"es_ES\" \/>\n<meta property=\"og:type\" content=\"article\" \/>\n<meta property=\"og:title\" content=\"EL PARA\u00cdSO \u2014QUE MERECE SER\u2014 RECOBRADO &#8212; Zapateneo\" \/>\n<meta property=\"og:description\" content=\"Henry David Thoreau 9788412538663 - El martillo de Enoch - 2024 - 76 p\u00e1ginas \/orri.\" \/>\n<meta property=\"og:url\" content=\"https:\/\/zapateneo.net\/wordpress\/index.php\/producto\/el-paraiso-que-merece-ser-recobrado\/\" \/>\n<meta property=\"og:site_name\" content=\"Zapateneo\" \/>\n<meta property=\"article:modified_time\" content=\"2024-12-31T17:27:10+00:00\" \/>\n<meta name=\"twitter:card\" content=\"summary_large_image\" \/>\n<meta name=\"twitter:site\" content=\"@zapateneo\" \/>\n<meta name=\"twitter:label1\" content=\"Tiempo de lectura\" \/>\n\t<meta name=\"twitter:data1\" content=\"2 minutos\" \/>\n<script type=\"application\/ld+json\" class=\"yoast-schema-graph\">{\"@context\":\"https:\\\/\\\/schema.org\",\"@graph\":[{\"@type\":\"WebPage\",\"@id\":\"https:\\\/\\\/zapateneo.net\\\/wordpress\\\/index.php\\\/producto\\\/el-paraiso-que-merece-ser-recobrado\\\/\",\"url\":\"https:\\\/\\\/zapateneo.net\\\/wordpress\\\/index.php\\\/producto\\\/el-paraiso-que-merece-ser-recobrado\\\/\",\"name\":\"EL PARA\u00cdSO \u2014QUE MERECE SER\u2014 RECOBRADO &#8212; Zapateneo\",\"isPartOf\":{\"@id\":\"https:\\\/\\\/zapateneo.net\\\/wordpress\\\/#website\"},\"primaryImageOfPage\":{\"@id\":\"https:\\\/\\\/zapateneo.net\\\/wordpress\\\/index.php\\\/producto\\\/el-paraiso-que-merece-ser-recobrado\\\/#primaryimage\"},\"image\":{\"@id\":\"https:\\\/\\\/zapateneo.net\\\/wordpress\\\/index.php\\\/producto\\\/el-paraiso-que-merece-ser-recobrado\\\/#primaryimage\"},\"thumbnailUrl\":\"https:\\\/\\\/zapateneo.net\\\/wordpress\\\/wp-content\\\/uploads\\\/2024\\\/12\\\/9788412538663.jpg\",\"datePublished\":\"2024-12-31T17:27:05+00:00\",\"dateModified\":\"2024-12-31T17:27:10+00:00\",\"breadcrumb\":{\"@id\":\"https:\\\/\\\/zapateneo.net\\\/wordpress\\\/index.php\\\/producto\\\/el-paraiso-que-merece-ser-recobrado\\\/#breadcrumb\"},\"inLanguage\":\"es\",\"potentialAction\":[{\"@type\":\"ReadAction\",\"target\":[\"https:\\\/\\\/zapateneo.net\\\/wordpress\\\/index.php\\\/producto\\\/el-paraiso-que-merece-ser-recobrado\\\/\"]}]},{\"@type\":\"ImageObject\",\"inLanguage\":\"es\",\"@id\":\"https:\\\/\\\/zapateneo.net\\\/wordpress\\\/index.php\\\/producto\\\/el-paraiso-que-merece-ser-recobrado\\\/#primaryimage\",\"url\":\"https:\\\/\\\/zapateneo.net\\\/wordpress\\\/wp-content\\\/uploads\\\/2024\\\/12\\\/9788412538663.jpg\",\"contentUrl\":\"https:\\\/\\\/zapateneo.net\\\/wordpress\\\/wp-content\\\/uploads\\\/2024\\\/12\\\/9788412538663.jpg\",\"width\":200,\"height\":200},{\"@type\":\"BreadcrumbList\",\"@id\":\"https:\\\/\\\/zapateneo.net\\\/wordpress\\\/index.php\\\/producto\\\/el-paraiso-que-merece-ser-recobrado\\\/#breadcrumb\",\"itemListElement\":[{\"@type\":\"ListItem\",\"position\":1,\"name\":\"Portada\",\"item\":\"https:\\\/\\\/zapateneo.net\\\/wordpress\\\/\"},{\"@type\":\"ListItem\",\"position\":2,\"name\":\"Tienda\",\"item\":\"https:\\\/\\\/zapateneo.net\\\/wordpress\\\/\"},{\"@type\":\"ListItem\",\"position\":3,\"name\":\"EL PARA\u00cdSO \u2014QUE MERECE SER\u2014 RECOBRADO\"}]},{\"@type\":\"WebSite\",\"@id\":\"https:\\\/\\\/zapateneo.net\\\/wordpress\\\/#website\",\"url\":\"https:\\\/\\\/zapateneo.net\\\/wordpress\\\/\",\"name\":\"Zapateneo\",\"description\":\"Zapateneoaren webgunea\",\"publisher\":{\"@id\":\"https:\\\/\\\/zapateneo.net\\\/wordpress\\\/#organization\"},\"potentialAction\":[{\"@type\":\"SearchAction\",\"target\":{\"@type\":\"EntryPoint\",\"urlTemplate\":\"https:\\\/\\\/zapateneo.net\\\/wordpress\\\/?s={search_term_string}\"},\"query-input\":{\"@type\":\"PropertyValueSpecification\",\"valueRequired\":true,\"valueName\":\"search_term_string\"}}],\"inLanguage\":\"es\"},{\"@type\":\"Organization\",\"@id\":\"https:\\\/\\\/zapateneo.net\\\/wordpress\\\/#organization\",\"name\":\"Zapateneo Kultur Elkartea\",\"url\":\"https:\\\/\\\/zapateneo.net\\\/wordpress\\\/\",\"logo\":{\"@type\":\"ImageObject\",\"inLanguage\":\"es\",\"@id\":\"https:\\\/\\\/zapateneo.net\\\/wordpress\\\/#\\\/schema\\\/logo\\\/image\\\/\",\"url\":\"https:\\\/\\\/zapateneo.net\\\/wordpress\\\/wp-content\\\/uploads\\\/2021\\\/04\\\/zap-libu-kolec.jpg\",\"contentUrl\":\"https:\\\/\\\/zapateneo.net\\\/wordpress\\\/wp-content\\\/uploads\\\/2021\\\/04\\\/zap-libu-kolec.jpg\",\"width\":2234,\"height\":398,\"caption\":\"Zapateneo Kultur Elkartea\"},\"image\":{\"@id\":\"https:\\\/\\\/zapateneo.net\\\/wordpress\\\/#\\\/schema\\\/logo\\\/image\\\/\"},\"sameAs\":[\"https:\\\/\\\/x.com\\\/zapateneo\"]}]}<\/script>\n<!-- \/ Yoast SEO plugin. -->","yoast_head_json":{"title":"EL PARA\u00cdSO \u2014QUE MERECE SER\u2014 RECOBRADO &#8212; Zapateneo","robots":{"index":"index","follow":"follow","max-snippet":"max-snippet:-1","max-image-preview":"max-image-preview:large","max-video-preview":"max-video-preview:-1"},"canonical":"https:\/\/zapateneo.net\/wordpress\/index.php\/producto\/el-paraiso-que-merece-ser-recobrado\/","og_locale":"es_ES","og_type":"article","og_title":"EL PARA\u00cdSO \u2014QUE MERECE SER\u2014 RECOBRADO &#8212; Zapateneo","og_description":"Henry David Thoreau 9788412538663 - El martillo de Enoch - 2024 - 76 p\u00e1ginas \/orri.","og_url":"https:\/\/zapateneo.net\/wordpress\/index.php\/producto\/el-paraiso-que-merece-ser-recobrado\/","og_site_name":"Zapateneo","article_modified_time":"2024-12-31T17:27:10+00:00","twitter_card":"summary_large_image","twitter_site":"@zapateneo","twitter_misc":{"Tiempo de lectura":"2 minutos"},"schema":{"@context":"https:\/\/schema.org","@graph":[{"@type":"WebPage","@id":"https:\/\/zapateneo.net\/wordpress\/index.php\/producto\/el-paraiso-que-merece-ser-recobrado\/","url":"https:\/\/zapateneo.net\/wordpress\/index.php\/producto\/el-paraiso-que-merece-ser-recobrado\/","name":"EL PARA\u00cdSO \u2014QUE MERECE SER\u2014 RECOBRADO &#8212; Zapateneo","isPartOf":{"@id":"https:\/\/zapateneo.net\/wordpress\/#website"},"primaryImageOfPage":{"@id":"https:\/\/zapateneo.net\/wordpress\/index.php\/producto\/el-paraiso-que-merece-ser-recobrado\/#primaryimage"},"image":{"@id":"https:\/\/zapateneo.net\/wordpress\/index.php\/producto\/el-paraiso-que-merece-ser-recobrado\/#primaryimage"},"thumbnailUrl":"https:\/\/zapateneo.net\/wordpress\/wp-content\/uploads\/2024\/12\/9788412538663.jpg","datePublished":"2024-12-31T17:27:05+00:00","dateModified":"2024-12-31T17:27:10+00:00","breadcrumb":{"@id":"https:\/\/zapateneo.net\/wordpress\/index.php\/producto\/el-paraiso-que-merece-ser-recobrado\/#breadcrumb"},"inLanguage":"es","potentialAction":[{"@type":"ReadAction","target":["https:\/\/zapateneo.net\/wordpress\/index.php\/producto\/el-paraiso-que-merece-ser-recobrado\/"]}]},{"@type":"ImageObject","inLanguage":"es","@id":"https:\/\/zapateneo.net\/wordpress\/index.php\/producto\/el-paraiso-que-merece-ser-recobrado\/#primaryimage","url":"https:\/\/zapateneo.net\/wordpress\/wp-content\/uploads\/2024\/12\/9788412538663.jpg","contentUrl":"https:\/\/zapateneo.net\/wordpress\/wp-content\/uploads\/2024\/12\/9788412538663.jpg","width":200,"height":200},{"@type":"BreadcrumbList","@id":"https:\/\/zapateneo.net\/wordpress\/index.php\/producto\/el-paraiso-que-merece-ser-recobrado\/#breadcrumb","itemListElement":[{"@type":"ListItem","position":1,"name":"Portada","item":"https:\/\/zapateneo.net\/wordpress\/"},{"@type":"ListItem","position":2,"name":"Tienda","item":"https:\/\/zapateneo.net\/wordpress\/"},{"@type":"ListItem","position":3,"name":"EL PARA\u00cdSO \u2014QUE MERECE SER\u2014 RECOBRADO"}]},{"@type":"WebSite","@id":"https:\/\/zapateneo.net\/wordpress\/#website","url":"https:\/\/zapateneo.net\/wordpress\/","name":"Zapateneo","description":"Zapateneoaren webgunea","publisher":{"@id":"https:\/\/zapateneo.net\/wordpress\/#organization"},"potentialAction":[{"@type":"SearchAction","target":{"@type":"EntryPoint","urlTemplate":"https:\/\/zapateneo.net\/wordpress\/?s={search_term_string}"},"query-input":{"@type":"PropertyValueSpecification","valueRequired":true,"valueName":"search_term_string"}}],"inLanguage":"es"},{"@type":"Organization","@id":"https:\/\/zapateneo.net\/wordpress\/#organization","name":"Zapateneo Kultur Elkartea","url":"https:\/\/zapateneo.net\/wordpress\/","logo":{"@type":"ImageObject","inLanguage":"es","@id":"https:\/\/zapateneo.net\/wordpress\/#\/schema\/logo\/image\/","url":"https:\/\/zapateneo.net\/wordpress\/wp-content\/uploads\/2021\/04\/zap-libu-kolec.jpg","contentUrl":"https:\/\/zapateneo.net\/wordpress\/wp-content\/uploads\/2021\/04\/zap-libu-kolec.jpg","width":2234,"height":398,"caption":"Zapateneo Kultur Elkartea"},"image":{"@id":"https:\/\/zapateneo.net\/wordpress\/#\/schema\/logo\/image\/"},"sameAs":["https:\/\/x.com\/zapateneo"]}]}},"_links":{"self":[{"href":"https:\/\/zapateneo.net\/wordpress\/index.php\/wp-json\/wp\/v2\/product\/15619","targetHints":{"allow":["GET"]}}],"collection":[{"href":"https:\/\/zapateneo.net\/wordpress\/index.php\/wp-json\/wp\/v2\/product"}],"about":[{"href":"https:\/\/zapateneo.net\/wordpress\/index.php\/wp-json\/wp\/v2\/types\/product"}],"wp:featuredmedia":[{"embeddable":true,"href":"https:\/\/zapateneo.net\/wordpress\/index.php\/wp-json\/wp\/v2\/media\/15635"}],"wp:attachment":[{"href":"https:\/\/zapateneo.net\/wordpress\/index.php\/wp-json\/wp\/v2\/media?parent=15619"}],"wp:term":[{"taxonomy":"product_brand","embeddable":true,"href":"https:\/\/zapateneo.net\/wordpress\/index.php\/wp-json\/wp\/v2\/product_brand?post=15619"},{"taxonomy":"product_cat","embeddable":true,"href":"https:\/\/zapateneo.net\/wordpress\/index.php\/wp-json\/wp\/v2\/product_cat?post=15619"},{"taxonomy":"product_tag","embeddable":true,"href":"https:\/\/zapateneo.net\/wordpress\/index.php\/wp-json\/wp\/v2\/product_tag?post=15619"}],"curies":[{"name":"wp","href":"https:\/\/api.w.org\/{rel}","templated":true}]}}