{"id":15617,"date":"2024-12-31T18:27:05","date_gmt":"2024-12-31T17:27:05","guid":{"rendered":"https:\/\/zapateneo.net\/wordpress\/?post_type=product&#038;p=15617"},"modified":"2024-12-31T18:27:09","modified_gmt":"2024-12-31T17:27:09","slug":"por-un-ateismo-tecnologico-la-cultura-frente-a-la-civilizacion-informatica","status":"publish","type":"product","link":"https:\/\/zapateneo.net\/wordpress\/index.php\/producto\/por-un-ateismo-tecnologico-la-cultura-frente-a-la-civilizacion-informatica\/","title":{"rendered":"Por un ate\u00edsmo tecnol\u00f3gico La cultura frente a la civilizaci\u00f3n inform\u00e1tica"},"content":{"rendered":"<p>En la gran tradici\u00f3n intelectual de disidencia ante la civilizaci\u00f3n industrial presente en Estados Unidos con autores como H.D. Thoreau, Lewis Mumford, Rachel Carson, Carolyn Merchant, Theodore Roszak o Nicholas Carr, Neil Postman sobresale como uno de los mayores cr\u00edticos de la tecnolog\u00eda del siglo veinte. Nacido en 1931 en Nueva York, Postman se hizo c\u00e9lebre con Divertirse hasta morir (1986), cr\u00edtica de c\u00f3mo la televisi\u00f3n reduc\u00eda la pol\u00edtica, la historia y el periodismo a mero entretenimiento, trivializando el discurso p\u00fablico; y con Tecn\u00f3polis. La rendici\u00f3n de la cultura a la tecnolog\u00eda (1992, que ya publicamos en 2018), denuncia del monopolio tecnol\u00f3gico sobre nuestras vidas.<br \/>\nPor un ate\u00edsmo tecnol\u00f3gico. La cultura frente a la civilizaci\u00f3n inform\u00e1tica re\u00fane siete ensayos y conferencias, de 1987 a 2000, donde expone sus cr\u00edticas hacia la televisi\u00f3n y las nuevas tecnolog\u00edas. Frente al entusiasmo ante los progresos de la comunicaci\u00f3n y la inform\u00e1tica, su voz se alz\u00f3, casi solitaria, para advertirnos de las graves consecuencias de aceptar sin precauci\u00f3n toda innovaci\u00f3n t\u00e9cnica. En una civilizaci\u00f3n que vuelve sagrados los ordenadores y la televisi\u00f3n, y convierte en fetiche toda innovaci\u00f3n, Postman abogaba por armarse de un \u00abate\u00edsmo tecnol\u00f3gico\u00bb con el que defender todo lo que mereciera la pena preservar de una cultura.<br \/>\nPostman falleci\u00f3 en 2003, y no pudo comprobar hasta qu\u00e9 punto se har\u00edan realidad sus predicciones sobre el peligro de un mundo entregado a la tecnolog\u00eda y al imperio de la superficialidad. Pero sus ense\u00f1anzas y advertencias resuenan hoy con fuerza, as\u00ed como su llamamiento a que nuestra cultura trate de alzar defensas frente a una civilizaci\u00f3n entregada al reino inform\u00e1tico.<\/p>\n","protected":false},"excerpt":{"rendered":"<p><strong>Neil Postman<\/strong><br \/>\n9788412762822 &#8211; Ediciones El Salm\u00f3n &#8211; 2024 &#8211; 128 p\u00e1ginas \/orri.<\/p>\n","protected":false},"featured_media":15633,"template":"","meta":[],"product_brand":[],"product_cat":[16,173],"product_tag":[443,7013],"class_list":{"0":"post-15617","1":"product","2":"type-product","3":"status-publish","4":"has-post-thumbnail","6":"product_cat-libros","7":"product_cat-saiakera-ensayo","8":"product_tag-ediciones-el-salmon","9":"product_tag-neil-postman","11":"first","12":"instock","13":"sold-individually","14":"shipping-taxable","15":"purchasable","16":"product-type-simple"},"yoast_head":"<!-- This site is optimized with the Yoast SEO plugin v27.3 - https:\/\/yoast.com\/product\/yoast-seo-wordpress\/ -->\n<title>Por un ate\u00edsmo tecnol\u00f3gico La cultura frente a la civilizaci\u00f3n inform\u00e1tica &#8212; Zapateneo<\/title>\n<meta name=\"robots\" content=\"index, follow, max-snippet:-1, max-image-preview:large, max-video-preview:-1\" \/>\n<link rel=\"canonical\" href=\"https:\/\/zapateneo.net\/wordpress\/index.php\/producto\/por-un-ateismo-tecnologico-la-cultura-frente-a-la-civilizacion-informatica\/\" \/>\n<meta property=\"og:locale\" content=\"es_ES\" \/>\n<meta property=\"og:type\" content=\"article\" \/>\n<meta property=\"og:title\" content=\"Por un ate\u00edsmo tecnol\u00f3gico La cultura frente a la civilizaci\u00f3n inform\u00e1tica &#8212; Zapateneo\" \/>\n<meta property=\"og:description\" content=\"Neil Postman 9788412762822 - Ediciones El Salm\u00f3n - 2024 - 128 p\u00e1ginas \/orri.\" \/>\n<meta property=\"og:url\" content=\"https:\/\/zapateneo.net\/wordpress\/index.php\/producto\/por-un-ateismo-tecnologico-la-cultura-frente-a-la-civilizacion-informatica\/\" \/>\n<meta property=\"og:site_name\" content=\"Zapateneo\" \/>\n<meta property=\"article:modified_time\" content=\"2024-12-31T17:27:09+00:00\" \/>\n<meta name=\"twitter:card\" content=\"summary_large_image\" \/>\n<meta name=\"twitter:site\" content=\"@zapateneo\" \/>\n<meta name=\"twitter:label1\" content=\"Tiempo de lectura\" \/>\n\t<meta name=\"twitter:data1\" content=\"1 minuto\" \/>\n<script type=\"application\/ld+json\" class=\"yoast-schema-graph\">{\"@context\":\"https:\\\/\\\/schema.org\",\"@graph\":[{\"@type\":\"WebPage\",\"@id\":\"https:\\\/\\\/zapateneo.net\\\/wordpress\\\/index.php\\\/producto\\\/por-un-ateismo-tecnologico-la-cultura-frente-a-la-civilizacion-informatica\\\/\",\"url\":\"https:\\\/\\\/zapateneo.net\\\/wordpress\\\/index.php\\\/producto\\\/por-un-ateismo-tecnologico-la-cultura-frente-a-la-civilizacion-informatica\\\/\",\"name\":\"Por un ate\u00edsmo tecnol\u00f3gico La cultura frente a la civilizaci\u00f3n inform\u00e1tica &#8212; Zapateneo\",\"isPartOf\":{\"@id\":\"https:\\\/\\\/zapateneo.net\\\/wordpress\\\/#website\"},\"primaryImageOfPage\":{\"@id\":\"https:\\\/\\\/zapateneo.net\\\/wordpress\\\/index.php\\\/producto\\\/por-un-ateismo-tecnologico-la-cultura-frente-a-la-civilizacion-informatica\\\/#primaryimage\"},\"image\":{\"@id\":\"https:\\\/\\\/zapateneo.net\\\/wordpress\\\/index.php\\\/producto\\\/por-un-ateismo-tecnologico-la-cultura-frente-a-la-civilizacion-informatica\\\/#primaryimage\"},\"thumbnailUrl\":\"https:\\\/\\\/zapateneo.net\\\/wordpress\\\/wp-content\\\/uploads\\\/2024\\\/12\\\/9788412762822.jpg\",\"datePublished\":\"2024-12-31T17:27:05+00:00\",\"dateModified\":\"2024-12-31T17:27:09+00:00\",\"breadcrumb\":{\"@id\":\"https:\\\/\\\/zapateneo.net\\\/wordpress\\\/index.php\\\/producto\\\/por-un-ateismo-tecnologico-la-cultura-frente-a-la-civilizacion-informatica\\\/#breadcrumb\"},\"inLanguage\":\"es\",\"potentialAction\":[{\"@type\":\"ReadAction\",\"target\":[\"https:\\\/\\\/zapateneo.net\\\/wordpress\\\/index.php\\\/producto\\\/por-un-ateismo-tecnologico-la-cultura-frente-a-la-civilizacion-informatica\\\/\"]}]},{\"@type\":\"ImageObject\",\"inLanguage\":\"es\",\"@id\":\"https:\\\/\\\/zapateneo.net\\\/wordpress\\\/index.php\\\/producto\\\/por-un-ateismo-tecnologico-la-cultura-frente-a-la-civilizacion-informatica\\\/#primaryimage\",\"url\":\"https:\\\/\\\/zapateneo.net\\\/wordpress\\\/wp-content\\\/uploads\\\/2024\\\/12\\\/9788412762822.jpg\",\"contentUrl\":\"https:\\\/\\\/zapateneo.net\\\/wordpress\\\/wp-content\\\/uploads\\\/2024\\\/12\\\/9788412762822.jpg\",\"width\":200,\"height\":200},{\"@type\":\"BreadcrumbList\",\"@id\":\"https:\\\/\\\/zapateneo.net\\\/wordpress\\\/index.php\\\/producto\\\/por-un-ateismo-tecnologico-la-cultura-frente-a-la-civilizacion-informatica\\\/#breadcrumb\",\"itemListElement\":[{\"@type\":\"ListItem\",\"position\":1,\"name\":\"Portada\",\"item\":\"https:\\\/\\\/zapateneo.net\\\/wordpress\\\/\"},{\"@type\":\"ListItem\",\"position\":2,\"name\":\"Tienda\",\"item\":\"https:\\\/\\\/zapateneo.net\\\/wordpress\\\/\"},{\"@type\":\"ListItem\",\"position\":3,\"name\":\"Por un ate\u00edsmo tecnol\u00f3gico La cultura frente a la civilizaci\u00f3n inform\u00e1tica\"}]},{\"@type\":\"WebSite\",\"@id\":\"https:\\\/\\\/zapateneo.net\\\/wordpress\\\/#website\",\"url\":\"https:\\\/\\\/zapateneo.net\\\/wordpress\\\/\",\"name\":\"Zapateneo\",\"description\":\"Zapateneoaren webgunea\",\"publisher\":{\"@id\":\"https:\\\/\\\/zapateneo.net\\\/wordpress\\\/#organization\"},\"potentialAction\":[{\"@type\":\"SearchAction\",\"target\":{\"@type\":\"EntryPoint\",\"urlTemplate\":\"https:\\\/\\\/zapateneo.net\\\/wordpress\\\/?s={search_term_string}\"},\"query-input\":{\"@type\":\"PropertyValueSpecification\",\"valueRequired\":true,\"valueName\":\"search_term_string\"}}],\"inLanguage\":\"es\"},{\"@type\":\"Organization\",\"@id\":\"https:\\\/\\\/zapateneo.net\\\/wordpress\\\/#organization\",\"name\":\"Zapateneo Kultur Elkartea\",\"url\":\"https:\\\/\\\/zapateneo.net\\\/wordpress\\\/\",\"logo\":{\"@type\":\"ImageObject\",\"inLanguage\":\"es\",\"@id\":\"https:\\\/\\\/zapateneo.net\\\/wordpress\\\/#\\\/schema\\\/logo\\\/image\\\/\",\"url\":\"https:\\\/\\\/zapateneo.net\\\/wordpress\\\/wp-content\\\/uploads\\\/2021\\\/04\\\/zap-libu-kolec.jpg\",\"contentUrl\":\"https:\\\/\\\/zapateneo.net\\\/wordpress\\\/wp-content\\\/uploads\\\/2021\\\/04\\\/zap-libu-kolec.jpg\",\"width\":2234,\"height\":398,\"caption\":\"Zapateneo Kultur Elkartea\"},\"image\":{\"@id\":\"https:\\\/\\\/zapateneo.net\\\/wordpress\\\/#\\\/schema\\\/logo\\\/image\\\/\"},\"sameAs\":[\"https:\\\/\\\/x.com\\\/zapateneo\"]}]}<\/script>\n<!-- \/ Yoast SEO plugin. -->","yoast_head_json":{"title":"Por un ate\u00edsmo tecnol\u00f3gico La cultura frente a la civilizaci\u00f3n inform\u00e1tica &#8212; Zapateneo","robots":{"index":"index","follow":"follow","max-snippet":"max-snippet:-1","max-image-preview":"max-image-preview:large","max-video-preview":"max-video-preview:-1"},"canonical":"https:\/\/zapateneo.net\/wordpress\/index.php\/producto\/por-un-ateismo-tecnologico-la-cultura-frente-a-la-civilizacion-informatica\/","og_locale":"es_ES","og_type":"article","og_title":"Por un ate\u00edsmo tecnol\u00f3gico La cultura frente a la civilizaci\u00f3n inform\u00e1tica &#8212; Zapateneo","og_description":"Neil Postman 9788412762822 - Ediciones El Salm\u00f3n - 2024 - 128 p\u00e1ginas \/orri.","og_url":"https:\/\/zapateneo.net\/wordpress\/index.php\/producto\/por-un-ateismo-tecnologico-la-cultura-frente-a-la-civilizacion-informatica\/","og_site_name":"Zapateneo","article_modified_time":"2024-12-31T17:27:09+00:00","twitter_card":"summary_large_image","twitter_site":"@zapateneo","twitter_misc":{"Tiempo de lectura":"1 minuto"},"schema":{"@context":"https:\/\/schema.org","@graph":[{"@type":"WebPage","@id":"https:\/\/zapateneo.net\/wordpress\/index.php\/producto\/por-un-ateismo-tecnologico-la-cultura-frente-a-la-civilizacion-informatica\/","url":"https:\/\/zapateneo.net\/wordpress\/index.php\/producto\/por-un-ateismo-tecnologico-la-cultura-frente-a-la-civilizacion-informatica\/","name":"Por un ate\u00edsmo tecnol\u00f3gico La cultura frente a la civilizaci\u00f3n inform\u00e1tica &#8212; Zapateneo","isPartOf":{"@id":"https:\/\/zapateneo.net\/wordpress\/#website"},"primaryImageOfPage":{"@id":"https:\/\/zapateneo.net\/wordpress\/index.php\/producto\/por-un-ateismo-tecnologico-la-cultura-frente-a-la-civilizacion-informatica\/#primaryimage"},"image":{"@id":"https:\/\/zapateneo.net\/wordpress\/index.php\/producto\/por-un-ateismo-tecnologico-la-cultura-frente-a-la-civilizacion-informatica\/#primaryimage"},"thumbnailUrl":"https:\/\/zapateneo.net\/wordpress\/wp-content\/uploads\/2024\/12\/9788412762822.jpg","datePublished":"2024-12-31T17:27:05+00:00","dateModified":"2024-12-31T17:27:09+00:00","breadcrumb":{"@id":"https:\/\/zapateneo.net\/wordpress\/index.php\/producto\/por-un-ateismo-tecnologico-la-cultura-frente-a-la-civilizacion-informatica\/#breadcrumb"},"inLanguage":"es","potentialAction":[{"@type":"ReadAction","target":["https:\/\/zapateneo.net\/wordpress\/index.php\/producto\/por-un-ateismo-tecnologico-la-cultura-frente-a-la-civilizacion-informatica\/"]}]},{"@type":"ImageObject","inLanguage":"es","@id":"https:\/\/zapateneo.net\/wordpress\/index.php\/producto\/por-un-ateismo-tecnologico-la-cultura-frente-a-la-civilizacion-informatica\/#primaryimage","url":"https:\/\/zapateneo.net\/wordpress\/wp-content\/uploads\/2024\/12\/9788412762822.jpg","contentUrl":"https:\/\/zapateneo.net\/wordpress\/wp-content\/uploads\/2024\/12\/9788412762822.jpg","width":200,"height":200},{"@type":"BreadcrumbList","@id":"https:\/\/zapateneo.net\/wordpress\/index.php\/producto\/por-un-ateismo-tecnologico-la-cultura-frente-a-la-civilizacion-informatica\/#breadcrumb","itemListElement":[{"@type":"ListItem","position":1,"name":"Portada","item":"https:\/\/zapateneo.net\/wordpress\/"},{"@type":"ListItem","position":2,"name":"Tienda","item":"https:\/\/zapateneo.net\/wordpress\/"},{"@type":"ListItem","position":3,"name":"Por un ate\u00edsmo tecnol\u00f3gico La cultura frente a la civilizaci\u00f3n inform\u00e1tica"}]},{"@type":"WebSite","@id":"https:\/\/zapateneo.net\/wordpress\/#website","url":"https:\/\/zapateneo.net\/wordpress\/","name":"Zapateneo","description":"Zapateneoaren webgunea","publisher":{"@id":"https:\/\/zapateneo.net\/wordpress\/#organization"},"potentialAction":[{"@type":"SearchAction","target":{"@type":"EntryPoint","urlTemplate":"https:\/\/zapateneo.net\/wordpress\/?s={search_term_string}"},"query-input":{"@type":"PropertyValueSpecification","valueRequired":true,"valueName":"search_term_string"}}],"inLanguage":"es"},{"@type":"Organization","@id":"https:\/\/zapateneo.net\/wordpress\/#organization","name":"Zapateneo Kultur Elkartea","url":"https:\/\/zapateneo.net\/wordpress\/","logo":{"@type":"ImageObject","inLanguage":"es","@id":"https:\/\/zapateneo.net\/wordpress\/#\/schema\/logo\/image\/","url":"https:\/\/zapateneo.net\/wordpress\/wp-content\/uploads\/2021\/04\/zap-libu-kolec.jpg","contentUrl":"https:\/\/zapateneo.net\/wordpress\/wp-content\/uploads\/2021\/04\/zap-libu-kolec.jpg","width":2234,"height":398,"caption":"Zapateneo Kultur Elkartea"},"image":{"@id":"https:\/\/zapateneo.net\/wordpress\/#\/schema\/logo\/image\/"},"sameAs":["https:\/\/x.com\/zapateneo"]}]}},"_links":{"self":[{"href":"https:\/\/zapateneo.net\/wordpress\/index.php\/wp-json\/wp\/v2\/product\/15617","targetHints":{"allow":["GET"]}}],"collection":[{"href":"https:\/\/zapateneo.net\/wordpress\/index.php\/wp-json\/wp\/v2\/product"}],"about":[{"href":"https:\/\/zapateneo.net\/wordpress\/index.php\/wp-json\/wp\/v2\/types\/product"}],"wp:featuredmedia":[{"embeddable":true,"href":"https:\/\/zapateneo.net\/wordpress\/index.php\/wp-json\/wp\/v2\/media\/15633"}],"wp:attachment":[{"href":"https:\/\/zapateneo.net\/wordpress\/index.php\/wp-json\/wp\/v2\/media?parent=15617"}],"wp:term":[{"taxonomy":"product_brand","embeddable":true,"href":"https:\/\/zapateneo.net\/wordpress\/index.php\/wp-json\/wp\/v2\/product_brand?post=15617"},{"taxonomy":"product_cat","embeddable":true,"href":"https:\/\/zapateneo.net\/wordpress\/index.php\/wp-json\/wp\/v2\/product_cat?post=15617"},{"taxonomy":"product_tag","embeddable":true,"href":"https:\/\/zapateneo.net\/wordpress\/index.php\/wp-json\/wp\/v2\/product_tag?post=15617"}],"curies":[{"name":"wp","href":"https:\/\/api.w.org\/{rel}","templated":true}]}}