{"id":15584,"date":"2024-12-30T16:59:04","date_gmt":"2024-12-30T15:59:04","guid":{"rendered":"https:\/\/zapateneo.net\/wordpress\/?post_type=product&#038;p=15584"},"modified":"2024-12-30T17:23:57","modified_gmt":"2024-12-30T16:23:57","slug":"anarquismo-y-carceles-pixeles-para-entender-la-critica-antiautoritaria-y-abolicionista-a-las-prision","status":"publish","type":"product","link":"https:\/\/zapateneo.net\/wordpress\/index.php\/producto\/anarquismo-y-carceles-pixeles-para-entender-la-critica-antiautoritaria-y-abolicionista-a-las-prision\/","title":{"rendered":"Anarquismo y c\u00e1rceles P\u00edxeles para entender la cr\u00edtica antiautoritaria y abolicionista a las prision"},"content":{"rendered":"<p>Anarquismo y c\u00e1rceles es de por s\u00ed un binomio mutuamente excluyente. Es frecuente que cuando le preguntan a una persona que se considera anarquista,c\u00f3mo van a hacer para sustituir las c\u00e1rceles, o qu\u00e9 hacer con las personas que cometan actos de vandalismo en una posible sociedad anarquista, respondan que cuando llegue el d\u00eda de la revoluci\u00f3n, la sociedad de forma libre decidir\u00e1 como gestionar tambi\u00e9n este aspecto. Desde el punto de vista de Rodolfo Montes de Oca, esta es una opini\u00f3n muy ligera y ambigua, para un tema de vital importancia sobretodo para aquella persona que se enfrenta al poder establecido. Este libro pues pretende analizar la complejidad del sistema judicial y de las c\u00e1rceles, para generar reflexi\u00f3n, debate y propuestas maduradas en torno al sistema carcelario.<br \/>\nEste es un libro solidario; el beneficio econ\u00f3mico que genere lo destinaremos a financiar la lucha contra las c\u00e1rceles y al apoyo a personas presas.<\/p>\n","protected":false},"excerpt":{"rendered":"<p><strong>Rodolfo Montes de Oca<\/strong><br \/>\n9788409441891 &#8211; Grillo libertario &#8211; 2024 &#8211; 170 p\u00e1ginas \/orri.<\/p>\n","protected":false},"featured_media":15609,"template":"","meta":[],"product_brand":[],"product_cat":[1868,16],"product_tag":[2104,6140],"class_list":{"0":"post-15584","1":"product","2":"type-product","3":"status-publish","4":"has-post-thumbnail","6":"product_cat-anarkismoa-anarquismo","7":"product_cat-libros","8":"product_tag-el-grillo-libertario","9":"product_tag-rodolfo-montes-de-oca","11":"first","12":"instock","13":"sold-individually","14":"shipping-taxable","15":"purchasable","16":"product-type-simple"},"yoast_head":"<!-- This site is optimized with the Yoast SEO plugin v27.3 - https:\/\/yoast.com\/product\/yoast-seo-wordpress\/ -->\n<title>Anarquismo y c\u00e1rceles P\u00edxeles para entender la cr\u00edtica antiautoritaria y abolicionista a las prision &#8212; Zapateneo<\/title>\n<meta name=\"robots\" content=\"index, follow, max-snippet:-1, max-image-preview:large, max-video-preview:-1\" \/>\n<link rel=\"canonical\" href=\"https:\/\/zapateneo.net\/wordpress\/index.php\/producto\/anarquismo-y-carceles-pixeles-para-entender-la-critica-antiautoritaria-y-abolicionista-a-las-prision\/\" \/>\n<meta property=\"og:locale\" content=\"es_ES\" \/>\n<meta property=\"og:type\" content=\"article\" \/>\n<meta property=\"og:title\" content=\"Anarquismo y c\u00e1rceles P\u00edxeles para entender la cr\u00edtica antiautoritaria y abolicionista a las prision &#8212; Zapateneo\" \/>\n<meta property=\"og:description\" content=\"Rodolfo Montes de Oca 9788409441891 - Grillo libertario - 2024 - 170 p\u00e1ginas \/orri.\" \/>\n<meta property=\"og:url\" content=\"https:\/\/zapateneo.net\/wordpress\/index.php\/producto\/anarquismo-y-carceles-pixeles-para-entender-la-critica-antiautoritaria-y-abolicionista-a-las-prision\/\" \/>\n<meta property=\"og:site_name\" content=\"Zapateneo\" \/>\n<meta property=\"article:modified_time\" content=\"2024-12-30T16:23:57+00:00\" \/>\n<meta property=\"og:image\" content=\"https:\/\/zapateneo.net\/wordpress\/wp-content\/uploads\/2024\/12\/9788409441891.jpg\" \/>\n\t<meta property=\"og:image:width\" content=\"226\" \/>\n\t<meta property=\"og:image:height\" content=\"350\" \/>\n\t<meta property=\"og:image:type\" content=\"image\/jpeg\" \/>\n<meta name=\"twitter:card\" content=\"summary_large_image\" \/>\n<meta name=\"twitter:site\" content=\"@zapateneo\" \/>\n<meta name=\"twitter:label1\" content=\"Tiempo de lectura\" \/>\n\t<meta name=\"twitter:data1\" content=\"1 minuto\" \/>\n<script type=\"application\/ld+json\" class=\"yoast-schema-graph\">{\"@context\":\"https:\\\/\\\/schema.org\",\"@graph\":[{\"@type\":\"WebPage\",\"@id\":\"https:\\\/\\\/zapateneo.net\\\/wordpress\\\/index.php\\\/producto\\\/anarquismo-y-carceles-pixeles-para-entender-la-critica-antiautoritaria-y-abolicionista-a-las-prision\\\/\",\"url\":\"https:\\\/\\\/zapateneo.net\\\/wordpress\\\/index.php\\\/producto\\\/anarquismo-y-carceles-pixeles-para-entender-la-critica-antiautoritaria-y-abolicionista-a-las-prision\\\/\",\"name\":\"Anarquismo y c\u00e1rceles P\u00edxeles para entender la cr\u00edtica antiautoritaria y abolicionista a las prision &#8212; Zapateneo\",\"isPartOf\":{\"@id\":\"https:\\\/\\\/zapateneo.net\\\/wordpress\\\/#website\"},\"primaryImageOfPage\":{\"@id\":\"https:\\\/\\\/zapateneo.net\\\/wordpress\\\/index.php\\\/producto\\\/anarquismo-y-carceles-pixeles-para-entender-la-critica-antiautoritaria-y-abolicionista-a-las-prision\\\/#primaryimage\"},\"image\":{\"@id\":\"https:\\\/\\\/zapateneo.net\\\/wordpress\\\/index.php\\\/producto\\\/anarquismo-y-carceles-pixeles-para-entender-la-critica-antiautoritaria-y-abolicionista-a-las-prision\\\/#primaryimage\"},\"thumbnailUrl\":\"https:\\\/\\\/zapateneo.net\\\/wordpress\\\/wp-content\\\/uploads\\\/2024\\\/12\\\/9788409441891.jpg\",\"datePublished\":\"2024-12-30T15:59:04+00:00\",\"dateModified\":\"2024-12-30T16:23:57+00:00\",\"breadcrumb\":{\"@id\":\"https:\\\/\\\/zapateneo.net\\\/wordpress\\\/index.php\\\/producto\\\/anarquismo-y-carceles-pixeles-para-entender-la-critica-antiautoritaria-y-abolicionista-a-las-prision\\\/#breadcrumb\"},\"inLanguage\":\"es\",\"potentialAction\":[{\"@type\":\"ReadAction\",\"target\":[\"https:\\\/\\\/zapateneo.net\\\/wordpress\\\/index.php\\\/producto\\\/anarquismo-y-carceles-pixeles-para-entender-la-critica-antiautoritaria-y-abolicionista-a-las-prision\\\/\"]}]},{\"@type\":\"ImageObject\",\"inLanguage\":\"es\",\"@id\":\"https:\\\/\\\/zapateneo.net\\\/wordpress\\\/index.php\\\/producto\\\/anarquismo-y-carceles-pixeles-para-entender-la-critica-antiautoritaria-y-abolicionista-a-las-prision\\\/#primaryimage\",\"url\":\"https:\\\/\\\/zapateneo.net\\\/wordpress\\\/wp-content\\\/uploads\\\/2024\\\/12\\\/9788409441891.jpg\",\"contentUrl\":\"https:\\\/\\\/zapateneo.net\\\/wordpress\\\/wp-content\\\/uploads\\\/2024\\\/12\\\/9788409441891.jpg\",\"width\":226,\"height\":350},{\"@type\":\"BreadcrumbList\",\"@id\":\"https:\\\/\\\/zapateneo.net\\\/wordpress\\\/index.php\\\/producto\\\/anarquismo-y-carceles-pixeles-para-entender-la-critica-antiautoritaria-y-abolicionista-a-las-prision\\\/#breadcrumb\",\"itemListElement\":[{\"@type\":\"ListItem\",\"position\":1,\"name\":\"Portada\",\"item\":\"https:\\\/\\\/zapateneo.net\\\/wordpress\\\/\"},{\"@type\":\"ListItem\",\"position\":2,\"name\":\"Tienda\",\"item\":\"https:\\\/\\\/zapateneo.net\\\/wordpress\\\/\"},{\"@type\":\"ListItem\",\"position\":3,\"name\":\"Anarquismo y c\u00e1rceles P\u00edxeles para entender la cr\u00edtica antiautoritaria y abolicionista a las prision\"}]},{\"@type\":\"WebSite\",\"@id\":\"https:\\\/\\\/zapateneo.net\\\/wordpress\\\/#website\",\"url\":\"https:\\\/\\\/zapateneo.net\\\/wordpress\\\/\",\"name\":\"Zapateneo\",\"description\":\"Zapateneoaren webgunea\",\"publisher\":{\"@id\":\"https:\\\/\\\/zapateneo.net\\\/wordpress\\\/#organization\"},\"potentialAction\":[{\"@type\":\"SearchAction\",\"target\":{\"@type\":\"EntryPoint\",\"urlTemplate\":\"https:\\\/\\\/zapateneo.net\\\/wordpress\\\/?s={search_term_string}\"},\"query-input\":{\"@type\":\"PropertyValueSpecification\",\"valueRequired\":true,\"valueName\":\"search_term_string\"}}],\"inLanguage\":\"es\"},{\"@type\":\"Organization\",\"@id\":\"https:\\\/\\\/zapateneo.net\\\/wordpress\\\/#organization\",\"name\":\"Zapateneo Kultur Elkartea\",\"url\":\"https:\\\/\\\/zapateneo.net\\\/wordpress\\\/\",\"logo\":{\"@type\":\"ImageObject\",\"inLanguage\":\"es\",\"@id\":\"https:\\\/\\\/zapateneo.net\\\/wordpress\\\/#\\\/schema\\\/logo\\\/image\\\/\",\"url\":\"https:\\\/\\\/zapateneo.net\\\/wordpress\\\/wp-content\\\/uploads\\\/2021\\\/04\\\/zap-libu-kolec.jpg\",\"contentUrl\":\"https:\\\/\\\/zapateneo.net\\\/wordpress\\\/wp-content\\\/uploads\\\/2021\\\/04\\\/zap-libu-kolec.jpg\",\"width\":2234,\"height\":398,\"caption\":\"Zapateneo Kultur Elkartea\"},\"image\":{\"@id\":\"https:\\\/\\\/zapateneo.net\\\/wordpress\\\/#\\\/schema\\\/logo\\\/image\\\/\"},\"sameAs\":[\"https:\\\/\\\/x.com\\\/zapateneo\"]}]}<\/script>\n<!-- \/ Yoast SEO plugin. -->","yoast_head_json":{"title":"Anarquismo y c\u00e1rceles P\u00edxeles para entender la cr\u00edtica antiautoritaria y abolicionista a las prision &#8212; Zapateneo","robots":{"index":"index","follow":"follow","max-snippet":"max-snippet:-1","max-image-preview":"max-image-preview:large","max-video-preview":"max-video-preview:-1"},"canonical":"https:\/\/zapateneo.net\/wordpress\/index.php\/producto\/anarquismo-y-carceles-pixeles-para-entender-la-critica-antiautoritaria-y-abolicionista-a-las-prision\/","og_locale":"es_ES","og_type":"article","og_title":"Anarquismo y c\u00e1rceles P\u00edxeles para entender la cr\u00edtica antiautoritaria y abolicionista a las prision &#8212; Zapateneo","og_description":"Rodolfo Montes de Oca 9788409441891 - Grillo libertario - 2024 - 170 p\u00e1ginas \/orri.","og_url":"https:\/\/zapateneo.net\/wordpress\/index.php\/producto\/anarquismo-y-carceles-pixeles-para-entender-la-critica-antiautoritaria-y-abolicionista-a-las-prision\/","og_site_name":"Zapateneo","article_modified_time":"2024-12-30T16:23:57+00:00","og_image":[{"width":226,"height":350,"url":"https:\/\/zapateneo.net\/wordpress\/wp-content\/uploads\/2024\/12\/9788409441891.jpg","type":"image\/jpeg"}],"twitter_card":"summary_large_image","twitter_site":"@zapateneo","twitter_misc":{"Tiempo de lectura":"1 minuto"},"schema":{"@context":"https:\/\/schema.org","@graph":[{"@type":"WebPage","@id":"https:\/\/zapateneo.net\/wordpress\/index.php\/producto\/anarquismo-y-carceles-pixeles-para-entender-la-critica-antiautoritaria-y-abolicionista-a-las-prision\/","url":"https:\/\/zapateneo.net\/wordpress\/index.php\/producto\/anarquismo-y-carceles-pixeles-para-entender-la-critica-antiautoritaria-y-abolicionista-a-las-prision\/","name":"Anarquismo y c\u00e1rceles P\u00edxeles para entender la cr\u00edtica antiautoritaria y abolicionista a las prision &#8212; Zapateneo","isPartOf":{"@id":"https:\/\/zapateneo.net\/wordpress\/#website"},"primaryImageOfPage":{"@id":"https:\/\/zapateneo.net\/wordpress\/index.php\/producto\/anarquismo-y-carceles-pixeles-para-entender-la-critica-antiautoritaria-y-abolicionista-a-las-prision\/#primaryimage"},"image":{"@id":"https:\/\/zapateneo.net\/wordpress\/index.php\/producto\/anarquismo-y-carceles-pixeles-para-entender-la-critica-antiautoritaria-y-abolicionista-a-las-prision\/#primaryimage"},"thumbnailUrl":"https:\/\/zapateneo.net\/wordpress\/wp-content\/uploads\/2024\/12\/9788409441891.jpg","datePublished":"2024-12-30T15:59:04+00:00","dateModified":"2024-12-30T16:23:57+00:00","breadcrumb":{"@id":"https:\/\/zapateneo.net\/wordpress\/index.php\/producto\/anarquismo-y-carceles-pixeles-para-entender-la-critica-antiautoritaria-y-abolicionista-a-las-prision\/#breadcrumb"},"inLanguage":"es","potentialAction":[{"@type":"ReadAction","target":["https:\/\/zapateneo.net\/wordpress\/index.php\/producto\/anarquismo-y-carceles-pixeles-para-entender-la-critica-antiautoritaria-y-abolicionista-a-las-prision\/"]}]},{"@type":"ImageObject","inLanguage":"es","@id":"https:\/\/zapateneo.net\/wordpress\/index.php\/producto\/anarquismo-y-carceles-pixeles-para-entender-la-critica-antiautoritaria-y-abolicionista-a-las-prision\/#primaryimage","url":"https:\/\/zapateneo.net\/wordpress\/wp-content\/uploads\/2024\/12\/9788409441891.jpg","contentUrl":"https:\/\/zapateneo.net\/wordpress\/wp-content\/uploads\/2024\/12\/9788409441891.jpg","width":226,"height":350},{"@type":"BreadcrumbList","@id":"https:\/\/zapateneo.net\/wordpress\/index.php\/producto\/anarquismo-y-carceles-pixeles-para-entender-la-critica-antiautoritaria-y-abolicionista-a-las-prision\/#breadcrumb","itemListElement":[{"@type":"ListItem","position":1,"name":"Portada","item":"https:\/\/zapateneo.net\/wordpress\/"},{"@type":"ListItem","position":2,"name":"Tienda","item":"https:\/\/zapateneo.net\/wordpress\/"},{"@type":"ListItem","position":3,"name":"Anarquismo y c\u00e1rceles P\u00edxeles para entender la cr\u00edtica antiautoritaria y abolicionista a las prision"}]},{"@type":"WebSite","@id":"https:\/\/zapateneo.net\/wordpress\/#website","url":"https:\/\/zapateneo.net\/wordpress\/","name":"Zapateneo","description":"Zapateneoaren webgunea","publisher":{"@id":"https:\/\/zapateneo.net\/wordpress\/#organization"},"potentialAction":[{"@type":"SearchAction","target":{"@type":"EntryPoint","urlTemplate":"https:\/\/zapateneo.net\/wordpress\/?s={search_term_string}"},"query-input":{"@type":"PropertyValueSpecification","valueRequired":true,"valueName":"search_term_string"}}],"inLanguage":"es"},{"@type":"Organization","@id":"https:\/\/zapateneo.net\/wordpress\/#organization","name":"Zapateneo Kultur Elkartea","url":"https:\/\/zapateneo.net\/wordpress\/","logo":{"@type":"ImageObject","inLanguage":"es","@id":"https:\/\/zapateneo.net\/wordpress\/#\/schema\/logo\/image\/","url":"https:\/\/zapateneo.net\/wordpress\/wp-content\/uploads\/2021\/04\/zap-libu-kolec.jpg","contentUrl":"https:\/\/zapateneo.net\/wordpress\/wp-content\/uploads\/2021\/04\/zap-libu-kolec.jpg","width":2234,"height":398,"caption":"Zapateneo Kultur Elkartea"},"image":{"@id":"https:\/\/zapateneo.net\/wordpress\/#\/schema\/logo\/image\/"},"sameAs":["https:\/\/x.com\/zapateneo"]}]}},"_links":{"self":[{"href":"https:\/\/zapateneo.net\/wordpress\/index.php\/wp-json\/wp\/v2\/product\/15584","targetHints":{"allow":["GET"]}}],"collection":[{"href":"https:\/\/zapateneo.net\/wordpress\/index.php\/wp-json\/wp\/v2\/product"}],"about":[{"href":"https:\/\/zapateneo.net\/wordpress\/index.php\/wp-json\/wp\/v2\/types\/product"}],"wp:featuredmedia":[{"embeddable":true,"href":"https:\/\/zapateneo.net\/wordpress\/index.php\/wp-json\/wp\/v2\/media\/15609"}],"wp:attachment":[{"href":"https:\/\/zapateneo.net\/wordpress\/index.php\/wp-json\/wp\/v2\/media?parent=15584"}],"wp:term":[{"taxonomy":"product_brand","embeddable":true,"href":"https:\/\/zapateneo.net\/wordpress\/index.php\/wp-json\/wp\/v2\/product_brand?post=15584"},{"taxonomy":"product_cat","embeddable":true,"href":"https:\/\/zapateneo.net\/wordpress\/index.php\/wp-json\/wp\/v2\/product_cat?post=15584"},{"taxonomy":"product_tag","embeddable":true,"href":"https:\/\/zapateneo.net\/wordpress\/index.php\/wp-json\/wp\/v2\/product_tag?post=15584"}],"curies":[{"name":"wp","href":"https:\/\/api.w.org\/{rel}","templated":true}]}}