{"id":15580,"date":"2024-12-30T16:59:03","date_gmt":"2024-12-30T15:59:03","guid":{"rendered":"https:\/\/zapateneo.net\/wordpress\/?post_type=product&#038;p=15580"},"modified":"2024-12-30T16:59:12","modified_gmt":"2024-12-30T15:59:12","slug":"obras-completas-tomo-iii-federalismo-socialismo-y-antiteologismo-1867-1868-textos-para-rusia","status":"publish","type":"product","link":"https:\/\/zapateneo.net\/wordpress\/index.php\/producto\/obras-completas-tomo-iii-federalismo-socialismo-y-antiteologismo-1867-1868-textos-para-rusia\/","title":{"rendered":"Obras completas (Tomo III) Federalismo, socialismo y antiteologismo (1867-1868) | Textos para Rusia"},"content":{"rendered":"<p>\u00abPor mucho que les pese a todos los peque\u00f1os fil\u00f3sofos, a todos los sedicentes pensadores religiosos: la existencia de dios, implica la abdicaci\u00f3n de la raz\u00f3n y de la justicia del ser humano, es la negaci\u00f3n de la libertad humana y desemboca necesariamente en una esclavitud no solo te\u00f3rica, sino pr\u00e1ctica. A no ser por lo tanto que se desee la esclavitud no podemos ni debemos hacer la menor concesi\u00f3n a la teolog\u00eda, porque en ese alfabeto m\u00edstico y rigurosamente consecuente, quien comience por A ha de llegar fatalmente a Z, y quien quiera adorar a dios debe renunciar a su libertad y a su dignidad de hombre: Dios existe, por tanto el ser humano es esclavo. El ser humano es inteligente, justo, libre, por tanto dios no existe. Desafiamos a cualquiera a salir de este c\u00edrculo, y ahora que cada uno elija su sitio.\u00bb<br \/>\n\u00abRechazamos resueltamente a aquellos que, al ir al pueblo, incluso animados por las intenciones m\u00e1s generosas, le consideran con altivez y, llevados de su est\u00fapida soberbia, se dicen \u00aben m\u00ed est\u00e1 toda la sabidur\u00eda y en el pueblo toda la necedad\u00bb. Solo pueden ser nuestros hermanos los que por el pensamiento, la voluntad, el coraz\u00f3n, el respeto sincero para el pueblo son sus verdaderos amigos y hermanos. Por esta raz\u00f3n y tambi\u00e9n porque somos los enemigos abnegados del Estado y del sistema estatal, rechazamos a todos los servidores de las leyes, todos los escribidores pol\u00edticos, viejos y j\u00f3venes, estos p\u00e1lidos imitadores y aduladores de la civilizaci\u00f3n estatal occidental burguesa, aquellos que razonan gravemente sobres los intereses del pueblo, que se burlan de \u00e9l en realidad, que no lo conocen ni lo quieren conocer, pero que quieren servirse de \u00e9l como material pasivo de sus experiencias intelectuales. Al lado de su verborrea insoportable, pedante, en que falta el alma, otros motivos m\u00e1s importantes nos obligan a considerarles con repulsi\u00f3n: representan las ideas y orientaciones que, de triunfar y anclarse en Rusia, la matar\u00edan sin la menor duda. Un olor a cad\u00e1ver se desprende de ellos.\u00bb<\/p>\n","protected":false},"excerpt":{"rendered":"<p><strong>Mija\u00edl Bakunin<\/strong><br \/>\n9788412776805 &#8211; Imperdible &#8211; 2024 &#8211; 320 p\u00e1ginas \/orri.<\/p>\n","protected":false},"featured_media":15605,"template":"","meta":[],"product_brand":[],"product_cat":[1868,16],"product_tag":[2035,2081],"class_list":{"0":"post-15580","1":"product","2":"type-product","3":"status-publish","4":"has-post-thumbnail","6":"product_cat-anarkismoa-anarquismo","7":"product_cat-libros","8":"product_tag-imperdible","9":"product_tag-mijail-bakunin","11":"first","12":"instock","13":"sold-individually","14":"shipping-taxable","15":"purchasable","16":"product-type-simple"},"yoast_head":"<!-- This site is optimized with the Yoast SEO plugin v27.3 - https:\/\/yoast.com\/product\/yoast-seo-wordpress\/ -->\n<title>Obras completas (Tomo III) Federalismo, socialismo y antiteologismo (1867-1868) | Textos para Rusia &#8212; Zapateneo<\/title>\n<meta name=\"robots\" content=\"index, follow, max-snippet:-1, max-image-preview:large, max-video-preview:-1\" \/>\n<link rel=\"canonical\" href=\"https:\/\/zapateneo.net\/wordpress\/index.php\/producto\/obras-completas-tomo-iii-federalismo-socialismo-y-antiteologismo-1867-1868-textos-para-rusia\/\" \/>\n<meta property=\"og:locale\" content=\"es_ES\" \/>\n<meta property=\"og:type\" content=\"article\" \/>\n<meta property=\"og:title\" content=\"Obras completas (Tomo III) Federalismo, socialismo y antiteologismo (1867-1868) | Textos para Rusia &#8212; Zapateneo\" \/>\n<meta property=\"og:description\" content=\"Mija\u00edl Bakunin 9788412776805 - Imperdible - 2024 - 320 p\u00e1ginas \/orri.\" \/>\n<meta property=\"og:url\" content=\"https:\/\/zapateneo.net\/wordpress\/index.php\/producto\/obras-completas-tomo-iii-federalismo-socialismo-y-antiteologismo-1867-1868-textos-para-rusia\/\" \/>\n<meta property=\"og:site_name\" content=\"Zapateneo\" \/>\n<meta property=\"article:modified_time\" content=\"2024-12-30T15:59:12+00:00\" \/>\n<meta name=\"twitter:card\" content=\"summary_large_image\" \/>\n<meta name=\"twitter:site\" content=\"@zapateneo\" \/>\n<meta name=\"twitter:label1\" content=\"Tiempo de lectura\" \/>\n\t<meta name=\"twitter:data1\" content=\"2 minutos\" \/>\n<script type=\"application\/ld+json\" class=\"yoast-schema-graph\">{\"@context\":\"https:\\\/\\\/schema.org\",\"@graph\":[{\"@type\":\"WebPage\",\"@id\":\"https:\\\/\\\/zapateneo.net\\\/wordpress\\\/index.php\\\/producto\\\/obras-completas-tomo-iii-federalismo-socialismo-y-antiteologismo-1867-1868-textos-para-rusia\\\/\",\"url\":\"https:\\\/\\\/zapateneo.net\\\/wordpress\\\/index.php\\\/producto\\\/obras-completas-tomo-iii-federalismo-socialismo-y-antiteologismo-1867-1868-textos-para-rusia\\\/\",\"name\":\"Obras completas (Tomo III) Federalismo, socialismo y antiteologismo (1867-1868) | Textos para Rusia &#8212; Zapateneo\",\"isPartOf\":{\"@id\":\"https:\\\/\\\/zapateneo.net\\\/wordpress\\\/#website\"},\"primaryImageOfPage\":{\"@id\":\"https:\\\/\\\/zapateneo.net\\\/wordpress\\\/index.php\\\/producto\\\/obras-completas-tomo-iii-federalismo-socialismo-y-antiteologismo-1867-1868-textos-para-rusia\\\/#primaryimage\"},\"image\":{\"@id\":\"https:\\\/\\\/zapateneo.net\\\/wordpress\\\/index.php\\\/producto\\\/obras-completas-tomo-iii-federalismo-socialismo-y-antiteologismo-1867-1868-textos-para-rusia\\\/#primaryimage\"},\"thumbnailUrl\":\"https:\\\/\\\/zapateneo.net\\\/wordpress\\\/wp-content\\\/uploads\\\/2024\\\/12\\\/9788412776805.jpg\",\"datePublished\":\"2024-12-30T15:59:03+00:00\",\"dateModified\":\"2024-12-30T15:59:12+00:00\",\"breadcrumb\":{\"@id\":\"https:\\\/\\\/zapateneo.net\\\/wordpress\\\/index.php\\\/producto\\\/obras-completas-tomo-iii-federalismo-socialismo-y-antiteologismo-1867-1868-textos-para-rusia\\\/#breadcrumb\"},\"inLanguage\":\"es\",\"potentialAction\":[{\"@type\":\"ReadAction\",\"target\":[\"https:\\\/\\\/zapateneo.net\\\/wordpress\\\/index.php\\\/producto\\\/obras-completas-tomo-iii-federalismo-socialismo-y-antiteologismo-1867-1868-textos-para-rusia\\\/\"]}]},{\"@type\":\"ImageObject\",\"inLanguage\":\"es\",\"@id\":\"https:\\\/\\\/zapateneo.net\\\/wordpress\\\/index.php\\\/producto\\\/obras-completas-tomo-iii-federalismo-socialismo-y-antiteologismo-1867-1868-textos-para-rusia\\\/#primaryimage\",\"url\":\"https:\\\/\\\/zapateneo.net\\\/wordpress\\\/wp-content\\\/uploads\\\/2024\\\/12\\\/9788412776805.jpg\",\"contentUrl\":\"https:\\\/\\\/zapateneo.net\\\/wordpress\\\/wp-content\\\/uploads\\\/2024\\\/12\\\/9788412776805.jpg\",\"width\":191,\"height\":265},{\"@type\":\"BreadcrumbList\",\"@id\":\"https:\\\/\\\/zapateneo.net\\\/wordpress\\\/index.php\\\/producto\\\/obras-completas-tomo-iii-federalismo-socialismo-y-antiteologismo-1867-1868-textos-para-rusia\\\/#breadcrumb\",\"itemListElement\":[{\"@type\":\"ListItem\",\"position\":1,\"name\":\"Portada\",\"item\":\"https:\\\/\\\/zapateneo.net\\\/wordpress\\\/\"},{\"@type\":\"ListItem\",\"position\":2,\"name\":\"Tienda\",\"item\":\"https:\\\/\\\/zapateneo.net\\\/wordpress\\\/\"},{\"@type\":\"ListItem\",\"position\":3,\"name\":\"Obras completas (Tomo III) Federalismo, socialismo y antiteologismo (1867-1868) | Textos para Rusia\"}]},{\"@type\":\"WebSite\",\"@id\":\"https:\\\/\\\/zapateneo.net\\\/wordpress\\\/#website\",\"url\":\"https:\\\/\\\/zapateneo.net\\\/wordpress\\\/\",\"name\":\"Zapateneo\",\"description\":\"Zapateneoaren webgunea\",\"publisher\":{\"@id\":\"https:\\\/\\\/zapateneo.net\\\/wordpress\\\/#organization\"},\"potentialAction\":[{\"@type\":\"SearchAction\",\"target\":{\"@type\":\"EntryPoint\",\"urlTemplate\":\"https:\\\/\\\/zapateneo.net\\\/wordpress\\\/?s={search_term_string}\"},\"query-input\":{\"@type\":\"PropertyValueSpecification\",\"valueRequired\":true,\"valueName\":\"search_term_string\"}}],\"inLanguage\":\"es\"},{\"@type\":\"Organization\",\"@id\":\"https:\\\/\\\/zapateneo.net\\\/wordpress\\\/#organization\",\"name\":\"Zapateneo Kultur Elkartea\",\"url\":\"https:\\\/\\\/zapateneo.net\\\/wordpress\\\/\",\"logo\":{\"@type\":\"ImageObject\",\"inLanguage\":\"es\",\"@id\":\"https:\\\/\\\/zapateneo.net\\\/wordpress\\\/#\\\/schema\\\/logo\\\/image\\\/\",\"url\":\"https:\\\/\\\/zapateneo.net\\\/wordpress\\\/wp-content\\\/uploads\\\/2021\\\/04\\\/zap-libu-kolec.jpg\",\"contentUrl\":\"https:\\\/\\\/zapateneo.net\\\/wordpress\\\/wp-content\\\/uploads\\\/2021\\\/04\\\/zap-libu-kolec.jpg\",\"width\":2234,\"height\":398,\"caption\":\"Zapateneo Kultur Elkartea\"},\"image\":{\"@id\":\"https:\\\/\\\/zapateneo.net\\\/wordpress\\\/#\\\/schema\\\/logo\\\/image\\\/\"},\"sameAs\":[\"https:\\\/\\\/x.com\\\/zapateneo\"]}]}<\/script>\n<!-- \/ Yoast SEO plugin. -->","yoast_head_json":{"title":"Obras completas (Tomo III) Federalismo, socialismo y antiteologismo (1867-1868) | Textos para Rusia &#8212; Zapateneo","robots":{"index":"index","follow":"follow","max-snippet":"max-snippet:-1","max-image-preview":"max-image-preview:large","max-video-preview":"max-video-preview:-1"},"canonical":"https:\/\/zapateneo.net\/wordpress\/index.php\/producto\/obras-completas-tomo-iii-federalismo-socialismo-y-antiteologismo-1867-1868-textos-para-rusia\/","og_locale":"es_ES","og_type":"article","og_title":"Obras completas (Tomo III) Federalismo, socialismo y antiteologismo (1867-1868) | Textos para Rusia &#8212; Zapateneo","og_description":"Mija\u00edl Bakunin 9788412776805 - Imperdible - 2024 - 320 p\u00e1ginas \/orri.","og_url":"https:\/\/zapateneo.net\/wordpress\/index.php\/producto\/obras-completas-tomo-iii-federalismo-socialismo-y-antiteologismo-1867-1868-textos-para-rusia\/","og_site_name":"Zapateneo","article_modified_time":"2024-12-30T15:59:12+00:00","twitter_card":"summary_large_image","twitter_site":"@zapateneo","twitter_misc":{"Tiempo de lectura":"2 minutos"},"schema":{"@context":"https:\/\/schema.org","@graph":[{"@type":"WebPage","@id":"https:\/\/zapateneo.net\/wordpress\/index.php\/producto\/obras-completas-tomo-iii-federalismo-socialismo-y-antiteologismo-1867-1868-textos-para-rusia\/","url":"https:\/\/zapateneo.net\/wordpress\/index.php\/producto\/obras-completas-tomo-iii-federalismo-socialismo-y-antiteologismo-1867-1868-textos-para-rusia\/","name":"Obras completas (Tomo III) Federalismo, socialismo y antiteologismo (1867-1868) | Textos para Rusia &#8212; Zapateneo","isPartOf":{"@id":"https:\/\/zapateneo.net\/wordpress\/#website"},"primaryImageOfPage":{"@id":"https:\/\/zapateneo.net\/wordpress\/index.php\/producto\/obras-completas-tomo-iii-federalismo-socialismo-y-antiteologismo-1867-1868-textos-para-rusia\/#primaryimage"},"image":{"@id":"https:\/\/zapateneo.net\/wordpress\/index.php\/producto\/obras-completas-tomo-iii-federalismo-socialismo-y-antiteologismo-1867-1868-textos-para-rusia\/#primaryimage"},"thumbnailUrl":"https:\/\/zapateneo.net\/wordpress\/wp-content\/uploads\/2024\/12\/9788412776805.jpg","datePublished":"2024-12-30T15:59:03+00:00","dateModified":"2024-12-30T15:59:12+00:00","breadcrumb":{"@id":"https:\/\/zapateneo.net\/wordpress\/index.php\/producto\/obras-completas-tomo-iii-federalismo-socialismo-y-antiteologismo-1867-1868-textos-para-rusia\/#breadcrumb"},"inLanguage":"es","potentialAction":[{"@type":"ReadAction","target":["https:\/\/zapateneo.net\/wordpress\/index.php\/producto\/obras-completas-tomo-iii-federalismo-socialismo-y-antiteologismo-1867-1868-textos-para-rusia\/"]}]},{"@type":"ImageObject","inLanguage":"es","@id":"https:\/\/zapateneo.net\/wordpress\/index.php\/producto\/obras-completas-tomo-iii-federalismo-socialismo-y-antiteologismo-1867-1868-textos-para-rusia\/#primaryimage","url":"https:\/\/zapateneo.net\/wordpress\/wp-content\/uploads\/2024\/12\/9788412776805.jpg","contentUrl":"https:\/\/zapateneo.net\/wordpress\/wp-content\/uploads\/2024\/12\/9788412776805.jpg","width":191,"height":265},{"@type":"BreadcrumbList","@id":"https:\/\/zapateneo.net\/wordpress\/index.php\/producto\/obras-completas-tomo-iii-federalismo-socialismo-y-antiteologismo-1867-1868-textos-para-rusia\/#breadcrumb","itemListElement":[{"@type":"ListItem","position":1,"name":"Portada","item":"https:\/\/zapateneo.net\/wordpress\/"},{"@type":"ListItem","position":2,"name":"Tienda","item":"https:\/\/zapateneo.net\/wordpress\/"},{"@type":"ListItem","position":3,"name":"Obras completas (Tomo III) Federalismo, socialismo y antiteologismo (1867-1868) | Textos para Rusia"}]},{"@type":"WebSite","@id":"https:\/\/zapateneo.net\/wordpress\/#website","url":"https:\/\/zapateneo.net\/wordpress\/","name":"Zapateneo","description":"Zapateneoaren webgunea","publisher":{"@id":"https:\/\/zapateneo.net\/wordpress\/#organization"},"potentialAction":[{"@type":"SearchAction","target":{"@type":"EntryPoint","urlTemplate":"https:\/\/zapateneo.net\/wordpress\/?s={search_term_string}"},"query-input":{"@type":"PropertyValueSpecification","valueRequired":true,"valueName":"search_term_string"}}],"inLanguage":"es"},{"@type":"Organization","@id":"https:\/\/zapateneo.net\/wordpress\/#organization","name":"Zapateneo Kultur Elkartea","url":"https:\/\/zapateneo.net\/wordpress\/","logo":{"@type":"ImageObject","inLanguage":"es","@id":"https:\/\/zapateneo.net\/wordpress\/#\/schema\/logo\/image\/","url":"https:\/\/zapateneo.net\/wordpress\/wp-content\/uploads\/2021\/04\/zap-libu-kolec.jpg","contentUrl":"https:\/\/zapateneo.net\/wordpress\/wp-content\/uploads\/2021\/04\/zap-libu-kolec.jpg","width":2234,"height":398,"caption":"Zapateneo Kultur Elkartea"},"image":{"@id":"https:\/\/zapateneo.net\/wordpress\/#\/schema\/logo\/image\/"},"sameAs":["https:\/\/x.com\/zapateneo"]}]}},"_links":{"self":[{"href":"https:\/\/zapateneo.net\/wordpress\/index.php\/wp-json\/wp\/v2\/product\/15580","targetHints":{"allow":["GET"]}}],"collection":[{"href":"https:\/\/zapateneo.net\/wordpress\/index.php\/wp-json\/wp\/v2\/product"}],"about":[{"href":"https:\/\/zapateneo.net\/wordpress\/index.php\/wp-json\/wp\/v2\/types\/product"}],"wp:featuredmedia":[{"embeddable":true,"href":"https:\/\/zapateneo.net\/wordpress\/index.php\/wp-json\/wp\/v2\/media\/15605"}],"wp:attachment":[{"href":"https:\/\/zapateneo.net\/wordpress\/index.php\/wp-json\/wp\/v2\/media?parent=15580"}],"wp:term":[{"taxonomy":"product_brand","embeddable":true,"href":"https:\/\/zapateneo.net\/wordpress\/index.php\/wp-json\/wp\/v2\/product_brand?post=15580"},{"taxonomy":"product_cat","embeddable":true,"href":"https:\/\/zapateneo.net\/wordpress\/index.php\/wp-json\/wp\/v2\/product_cat?post=15580"},{"taxonomy":"product_tag","embeddable":true,"href":"https:\/\/zapateneo.net\/wordpress\/index.php\/wp-json\/wp\/v2\/product_tag?post=15580"}],"curies":[{"name":"wp","href":"https:\/\/api.w.org\/{rel}","templated":true}]}}