{"id":15578,"date":"2024-12-30T16:59:03","date_gmt":"2024-12-30T15:59:03","guid":{"rendered":"https:\/\/zapateneo.net\/wordpress\/?post_type=product&#038;p=15578"},"modified":"2024-12-30T16:59:11","modified_gmt":"2024-12-30T15:59:11","slug":"contra-las-carceles-contra-el-estado","status":"publish","type":"product","link":"https:\/\/zapateneo.net\/wordpress\/index.php\/producto\/contra-las-carceles-contra-el-estado\/","title":{"rendered":"Contra las c\u00e1rceles. Contra el Estado"},"content":{"rendered":"<p>La idea de la prisi\u00f3n surge en la historia como medio por el cual aislar y encerrar a aquellas personas que las autoridades consideraban molestas o subversivas a las leyes en vigencia, anormales a las pautas sociales establecidas. A lo largo de la historia, las c\u00e1rceles y sus mazmorras han sido aplicadas de formas diferentes; pero siempre, absolutamente siempre, han constituido, bien en la era medieval, bien en la era moderna o contempor\u00e1nea, una herramienta del poder impuesto, e1 medio coercitivo de reyes, de militares y de pol\u00edticos.<\/p>\n<p>El estado es un aparato de poder que basa su existencia en el crimen y en el robo, y que envilece, con sus f\u00f3rmulas autoritarias e injustas de organizaci\u00f3n social, la convivencia de la sociedad, corrompi\u00e9ndola y enfrent\u00e1ndola entre s\u00ed. No podemos querer ni pretender eliminar el delito ni la prisi\u00f3n, dejando intacto al mayor criminal de la historia: el estado. Debemos abolirlo y con el a todos esos representantes corruptos que viven a costa de los dem\u00e1s.<\/p>\n<p>Es imprescindible acabar con el estado y con todas sus formas represivas, para desde sus ruinas edificar una nueva estructura social organizada seg\u00fan las necesidades populares.<\/p>\n<p>* * *<\/p>\n<p>Despu\u00e9s de editar el libro de los textos y dem\u00e1s aportaciones de Xos\u00e9 Tarr\u00edo \u201cQue la lucha no muera. Contra la adversidad: rebeld\u00eda y amistad\u201d, y tras finalizar uno de los juicios en los que estaba involucrada, acusada por denunciar una de las tantas muertes que suceden en los diferentes lugares de encierro (comisar\u00edas, calabozos, c\u00e1rceles, psiqui\u00e1tricos, c\u00e1rceles de menores, CIES\u2026), Pastora, la mam\u00e1 de Xos\u00e9, nos pas\u00f3 estos dos textos in\u00e9ditos mecanografiados. El primero \u201cContra las c\u00e1rceles y el estado\u201d, fue publicado resumido y con algunas erratas en la revista La Campana, pero no lo incluimos en el libro Que la lucha no muera pues sab\u00edamos que estaba incompleto. El segundo texto, \u201cTeixeiro: una prisi\u00f3n modelo\u201d lo escribi\u00f3 Xos\u00e9 al a\u00f1o de su inauguraci\u00f3n.<\/p>\n<p>Tambi\u00e9n hemos incluido su emotiva \u00faltima carta, as\u00ed como 3 cartitas escritas con todo el amor y la ternura a su madre desde varios presidios. Pastora aporta la introducci\u00f3n y el ep\u00edlogo \u201cCarta de una madre\u201d, donde apela a que no se deje de denunciar para que lo que pas\u00f3 su hijo Xos\u00e9 no se repita con ninguna madre m\u00e1s.<\/p>\n","protected":false},"excerpt":{"rendered":"<p><strong>Xos\u00e9 Tarr\u00edo Gonz\u00e1lez<\/strong><br \/>\n9788412776843 &#8211; Imperdible &#8211; 2024 &#8211; 64 p\u00e1ginas \/orri.<\/p>\n","protected":false},"featured_media":15603,"template":"","meta":[],"product_brand":[],"product_cat":[181,16],"product_tag":[2035,7001],"class_list":{"0":"post-15578","1":"product","2":"type-product","3":"status-publish","4":"has-post-thumbnail","6":"product_cat-bazterketa-soziala-eta-errepresioa-exclusion-social-y-represion","7":"product_cat-libros","8":"product_tag-imperdible","9":"product_tag-xose-tarrio-gonzalez","11":"first","12":"instock","13":"sold-individually","14":"shipping-taxable","15":"purchasable","16":"product-type-simple"},"yoast_head":"<!-- This site is optimized with the Yoast SEO plugin v27.3 - https:\/\/yoast.com\/product\/yoast-seo-wordpress\/ -->\n<title>Contra las c\u00e1rceles. Contra el Estado &#8212; Zapateneo<\/title>\n<meta name=\"robots\" content=\"index, follow, max-snippet:-1, max-image-preview:large, max-video-preview:-1\" \/>\n<link rel=\"canonical\" href=\"https:\/\/zapateneo.net\/wordpress\/index.php\/producto\/contra-las-carceles-contra-el-estado\/\" \/>\n<meta property=\"og:locale\" content=\"es_ES\" \/>\n<meta property=\"og:type\" content=\"article\" \/>\n<meta property=\"og:title\" content=\"Contra las c\u00e1rceles. Contra el Estado &#8212; Zapateneo\" \/>\n<meta property=\"og:description\" content=\"Xos\u00e9 Tarr\u00edo Gonz\u00e1lez 9788412776843 - Imperdible - 2024 - 64 p\u00e1ginas \/orri.\" \/>\n<meta property=\"og:url\" content=\"https:\/\/zapateneo.net\/wordpress\/index.php\/producto\/contra-las-carceles-contra-el-estado\/\" \/>\n<meta property=\"og:site_name\" content=\"Zapateneo\" \/>\n<meta property=\"article:modified_time\" content=\"2024-12-30T15:59:11+00:00\" \/>\n<meta name=\"twitter:card\" content=\"summary_large_image\" \/>\n<meta name=\"twitter:site\" content=\"@zapateneo\" \/>\n<meta name=\"twitter:label1\" content=\"Tiempo de lectura\" \/>\n\t<meta name=\"twitter:data1\" content=\"2 minutos\" \/>\n<script type=\"application\/ld+json\" class=\"yoast-schema-graph\">{\"@context\":\"https:\\\/\\\/schema.org\",\"@graph\":[{\"@type\":\"WebPage\",\"@id\":\"https:\\\/\\\/zapateneo.net\\\/wordpress\\\/index.php\\\/producto\\\/contra-las-carceles-contra-el-estado\\\/\",\"url\":\"https:\\\/\\\/zapateneo.net\\\/wordpress\\\/index.php\\\/producto\\\/contra-las-carceles-contra-el-estado\\\/\",\"name\":\"Contra las c\u00e1rceles. Contra el Estado &#8212; Zapateneo\",\"isPartOf\":{\"@id\":\"https:\\\/\\\/zapateneo.net\\\/wordpress\\\/#website\"},\"primaryImageOfPage\":{\"@id\":\"https:\\\/\\\/zapateneo.net\\\/wordpress\\\/index.php\\\/producto\\\/contra-las-carceles-contra-el-estado\\\/#primaryimage\"},\"image\":{\"@id\":\"https:\\\/\\\/zapateneo.net\\\/wordpress\\\/index.php\\\/producto\\\/contra-las-carceles-contra-el-estado\\\/#primaryimage\"},\"thumbnailUrl\":\"https:\\\/\\\/zapateneo.net\\\/wordpress\\\/wp-content\\\/uploads\\\/2024\\\/12\\\/9788412776843.jpeg\",\"datePublished\":\"2024-12-30T15:59:03+00:00\",\"dateModified\":\"2024-12-30T15:59:11+00:00\",\"breadcrumb\":{\"@id\":\"https:\\\/\\\/zapateneo.net\\\/wordpress\\\/index.php\\\/producto\\\/contra-las-carceles-contra-el-estado\\\/#breadcrumb\"},\"inLanguage\":\"es\",\"potentialAction\":[{\"@type\":\"ReadAction\",\"target\":[\"https:\\\/\\\/zapateneo.net\\\/wordpress\\\/index.php\\\/producto\\\/contra-las-carceles-contra-el-estado\\\/\"]}]},{\"@type\":\"ImageObject\",\"inLanguage\":\"es\",\"@id\":\"https:\\\/\\\/zapateneo.net\\\/wordpress\\\/index.php\\\/producto\\\/contra-las-carceles-contra-el-estado\\\/#primaryimage\",\"url\":\"https:\\\/\\\/zapateneo.net\\\/wordpress\\\/wp-content\\\/uploads\\\/2024\\\/12\\\/9788412776843.jpeg\",\"contentUrl\":\"https:\\\/\\\/zapateneo.net\\\/wordpress\\\/wp-content\\\/uploads\\\/2024\\\/12\\\/9788412776843.jpeg\",\"width\":187,\"height\":269},{\"@type\":\"BreadcrumbList\",\"@id\":\"https:\\\/\\\/zapateneo.net\\\/wordpress\\\/index.php\\\/producto\\\/contra-las-carceles-contra-el-estado\\\/#breadcrumb\",\"itemListElement\":[{\"@type\":\"ListItem\",\"position\":1,\"name\":\"Portada\",\"item\":\"https:\\\/\\\/zapateneo.net\\\/wordpress\\\/\"},{\"@type\":\"ListItem\",\"position\":2,\"name\":\"Tienda\",\"item\":\"https:\\\/\\\/zapateneo.net\\\/wordpress\\\/\"},{\"@type\":\"ListItem\",\"position\":3,\"name\":\"Contra las c\u00e1rceles. Contra el Estado\"}]},{\"@type\":\"WebSite\",\"@id\":\"https:\\\/\\\/zapateneo.net\\\/wordpress\\\/#website\",\"url\":\"https:\\\/\\\/zapateneo.net\\\/wordpress\\\/\",\"name\":\"Zapateneo\",\"description\":\"Zapateneoaren webgunea\",\"publisher\":{\"@id\":\"https:\\\/\\\/zapateneo.net\\\/wordpress\\\/#organization\"},\"potentialAction\":[{\"@type\":\"SearchAction\",\"target\":{\"@type\":\"EntryPoint\",\"urlTemplate\":\"https:\\\/\\\/zapateneo.net\\\/wordpress\\\/?s={search_term_string}\"},\"query-input\":{\"@type\":\"PropertyValueSpecification\",\"valueRequired\":true,\"valueName\":\"search_term_string\"}}],\"inLanguage\":\"es\"},{\"@type\":\"Organization\",\"@id\":\"https:\\\/\\\/zapateneo.net\\\/wordpress\\\/#organization\",\"name\":\"Zapateneo Kultur Elkartea\",\"url\":\"https:\\\/\\\/zapateneo.net\\\/wordpress\\\/\",\"logo\":{\"@type\":\"ImageObject\",\"inLanguage\":\"es\",\"@id\":\"https:\\\/\\\/zapateneo.net\\\/wordpress\\\/#\\\/schema\\\/logo\\\/image\\\/\",\"url\":\"https:\\\/\\\/zapateneo.net\\\/wordpress\\\/wp-content\\\/uploads\\\/2021\\\/04\\\/zap-libu-kolec.jpg\",\"contentUrl\":\"https:\\\/\\\/zapateneo.net\\\/wordpress\\\/wp-content\\\/uploads\\\/2021\\\/04\\\/zap-libu-kolec.jpg\",\"width\":2234,\"height\":398,\"caption\":\"Zapateneo Kultur Elkartea\"},\"image\":{\"@id\":\"https:\\\/\\\/zapateneo.net\\\/wordpress\\\/#\\\/schema\\\/logo\\\/image\\\/\"},\"sameAs\":[\"https:\\\/\\\/x.com\\\/zapateneo\"]}]}<\/script>\n<!-- \/ Yoast SEO plugin. -->","yoast_head_json":{"title":"Contra las c\u00e1rceles. Contra el Estado &#8212; Zapateneo","robots":{"index":"index","follow":"follow","max-snippet":"max-snippet:-1","max-image-preview":"max-image-preview:large","max-video-preview":"max-video-preview:-1"},"canonical":"https:\/\/zapateneo.net\/wordpress\/index.php\/producto\/contra-las-carceles-contra-el-estado\/","og_locale":"es_ES","og_type":"article","og_title":"Contra las c\u00e1rceles. Contra el Estado &#8212; Zapateneo","og_description":"Xos\u00e9 Tarr\u00edo Gonz\u00e1lez 9788412776843 - Imperdible - 2024 - 64 p\u00e1ginas \/orri.","og_url":"https:\/\/zapateneo.net\/wordpress\/index.php\/producto\/contra-las-carceles-contra-el-estado\/","og_site_name":"Zapateneo","article_modified_time":"2024-12-30T15:59:11+00:00","twitter_card":"summary_large_image","twitter_site":"@zapateneo","twitter_misc":{"Tiempo de lectura":"2 minutos"},"schema":{"@context":"https:\/\/schema.org","@graph":[{"@type":"WebPage","@id":"https:\/\/zapateneo.net\/wordpress\/index.php\/producto\/contra-las-carceles-contra-el-estado\/","url":"https:\/\/zapateneo.net\/wordpress\/index.php\/producto\/contra-las-carceles-contra-el-estado\/","name":"Contra las c\u00e1rceles. Contra el Estado &#8212; Zapateneo","isPartOf":{"@id":"https:\/\/zapateneo.net\/wordpress\/#website"},"primaryImageOfPage":{"@id":"https:\/\/zapateneo.net\/wordpress\/index.php\/producto\/contra-las-carceles-contra-el-estado\/#primaryimage"},"image":{"@id":"https:\/\/zapateneo.net\/wordpress\/index.php\/producto\/contra-las-carceles-contra-el-estado\/#primaryimage"},"thumbnailUrl":"https:\/\/zapateneo.net\/wordpress\/wp-content\/uploads\/2024\/12\/9788412776843.jpeg","datePublished":"2024-12-30T15:59:03+00:00","dateModified":"2024-12-30T15:59:11+00:00","breadcrumb":{"@id":"https:\/\/zapateneo.net\/wordpress\/index.php\/producto\/contra-las-carceles-contra-el-estado\/#breadcrumb"},"inLanguage":"es","potentialAction":[{"@type":"ReadAction","target":["https:\/\/zapateneo.net\/wordpress\/index.php\/producto\/contra-las-carceles-contra-el-estado\/"]}]},{"@type":"ImageObject","inLanguage":"es","@id":"https:\/\/zapateneo.net\/wordpress\/index.php\/producto\/contra-las-carceles-contra-el-estado\/#primaryimage","url":"https:\/\/zapateneo.net\/wordpress\/wp-content\/uploads\/2024\/12\/9788412776843.jpeg","contentUrl":"https:\/\/zapateneo.net\/wordpress\/wp-content\/uploads\/2024\/12\/9788412776843.jpeg","width":187,"height":269},{"@type":"BreadcrumbList","@id":"https:\/\/zapateneo.net\/wordpress\/index.php\/producto\/contra-las-carceles-contra-el-estado\/#breadcrumb","itemListElement":[{"@type":"ListItem","position":1,"name":"Portada","item":"https:\/\/zapateneo.net\/wordpress\/"},{"@type":"ListItem","position":2,"name":"Tienda","item":"https:\/\/zapateneo.net\/wordpress\/"},{"@type":"ListItem","position":3,"name":"Contra las c\u00e1rceles. Contra el Estado"}]},{"@type":"WebSite","@id":"https:\/\/zapateneo.net\/wordpress\/#website","url":"https:\/\/zapateneo.net\/wordpress\/","name":"Zapateneo","description":"Zapateneoaren webgunea","publisher":{"@id":"https:\/\/zapateneo.net\/wordpress\/#organization"},"potentialAction":[{"@type":"SearchAction","target":{"@type":"EntryPoint","urlTemplate":"https:\/\/zapateneo.net\/wordpress\/?s={search_term_string}"},"query-input":{"@type":"PropertyValueSpecification","valueRequired":true,"valueName":"search_term_string"}}],"inLanguage":"es"},{"@type":"Organization","@id":"https:\/\/zapateneo.net\/wordpress\/#organization","name":"Zapateneo Kultur Elkartea","url":"https:\/\/zapateneo.net\/wordpress\/","logo":{"@type":"ImageObject","inLanguage":"es","@id":"https:\/\/zapateneo.net\/wordpress\/#\/schema\/logo\/image\/","url":"https:\/\/zapateneo.net\/wordpress\/wp-content\/uploads\/2021\/04\/zap-libu-kolec.jpg","contentUrl":"https:\/\/zapateneo.net\/wordpress\/wp-content\/uploads\/2021\/04\/zap-libu-kolec.jpg","width":2234,"height":398,"caption":"Zapateneo Kultur Elkartea"},"image":{"@id":"https:\/\/zapateneo.net\/wordpress\/#\/schema\/logo\/image\/"},"sameAs":["https:\/\/x.com\/zapateneo"]}]}},"_links":{"self":[{"href":"https:\/\/zapateneo.net\/wordpress\/index.php\/wp-json\/wp\/v2\/product\/15578","targetHints":{"allow":["GET"]}}],"collection":[{"href":"https:\/\/zapateneo.net\/wordpress\/index.php\/wp-json\/wp\/v2\/product"}],"about":[{"href":"https:\/\/zapateneo.net\/wordpress\/index.php\/wp-json\/wp\/v2\/types\/product"}],"wp:featuredmedia":[{"embeddable":true,"href":"https:\/\/zapateneo.net\/wordpress\/index.php\/wp-json\/wp\/v2\/media\/15603"}],"wp:attachment":[{"href":"https:\/\/zapateneo.net\/wordpress\/index.php\/wp-json\/wp\/v2\/media?parent=15578"}],"wp:term":[{"taxonomy":"product_brand","embeddable":true,"href":"https:\/\/zapateneo.net\/wordpress\/index.php\/wp-json\/wp\/v2\/product_brand?post=15578"},{"taxonomy":"product_cat","embeddable":true,"href":"https:\/\/zapateneo.net\/wordpress\/index.php\/wp-json\/wp\/v2\/product_cat?post=15578"},{"taxonomy":"product_tag","embeddable":true,"href":"https:\/\/zapateneo.net\/wordpress\/index.php\/wp-json\/wp\/v2\/product_tag?post=15578"}],"curies":[{"name":"wp","href":"https:\/\/api.w.org\/{rel}","templated":true}]}}