{"id":15571,"date":"2024-12-30T16:59:02","date_gmt":"2024-12-30T15:59:02","guid":{"rendered":"https:\/\/zapateneo.net\/wordpress\/?post_type=product&#038;p=15571"},"modified":"2024-12-30T16:59:09","modified_gmt":"2024-12-30T15:59:09","slug":"esto-es-propaganda-vegana-y-otras-mentiras-de-la-industria-carnica","status":"publish","type":"product","link":"https:\/\/zapateneo.net\/wordpress\/index.php\/producto\/esto-es-propaganda-vegana-y-otras-mentiras-de-la-industria-carnica\/","title":{"rendered":"ESTO ES PROPAGANDA VEGANA (y otras mentiras de la industria c\u00e1rnica)"},"content":{"rendered":"<p>Cada vez que comemos tenemos el poder de transformar radicalmente el mundo en que vivimos. Nuestras elecciones pueden ayudar a aliviar los problemas m\u00e1s acuciantes a los que nos enfrentamos hoy en d\u00eda: la crisis clim\u00e1tica, las enfermedades infecciosas y cr\u00f3nicas, la explotaci\u00f3n humana y, por supuesto, la explotaci\u00f3n no humana.<br \/>\nEs innegable que puede resultar inc\u00f3modo informarse sobre estos temas, pero no se pueden exagerar los beneficios de hacerlo. Se trata, literalmente, de una cuesti\u00f3n de vida o muerte. Mediante la exploraci\u00f3n de las principales formas en que nuestro actual sistema de cr\u00eda de animales afecta al mundo que nos rodea, as\u00ed como de los factores culturales y psicol\u00f3gicos que impulsan nuestros comportamientos, \u2018Esto es propaganda vegana\u2019 responde a la apremiante pregunta de si existe una forma mejor de hacerlo. Tanto si ya eres vegano como si tienes curiosidad por saber m\u00e1s, este libro te mostrar\u00e1 la otra cara de la historia que ha permanecido oculta durante demasiado tiempo.<br \/>\nBas\u00e1ndose en a\u00f1os de investigaci\u00f3n y conversaciones con trabajadores de mataderos y granjeros, fil\u00f3sofos defensores de los derechos de los animales, ecologistas y consumidores cotidianos, Ed Winters, educador y conferenciante vegano, le proporcionar\u00e1 los conocimientos necesarios para comprender la verdadera escala y enormidad de las cuestiones que est\u00e1n en juego. \u2018Esto es propaganda vegana\u2019 es el libro empoderante e innovador sobre el veganismo que todos, veganos y esc\u00e9pticos por igual, necesitan leer.<br \/>\n\u00ab\u2018Esto es propaganda vegana\u2019 presenta argumentos indiscutibles a favor del veganismo y nos demuestra que hay una forma mucho mejor de alimentar al planeta. Un libro revelador de nuestro tiempo\u00bb. \u2014Moby<br \/>\n\u00abEd ha tomado ideas complejas y las ha entretejido en un libro claro y comprensible que cala hondo y con fuerza. Este tipo de libro ha sido necesario durante mucho tiempo; tiende un puente entre los te\u00f3ricos y el p\u00fablico, dej\u00e1ndonos at\u00f3nitos por la verdad y esperanzados por el futuro.\u00bb \u2014Dr. Sparsha Saha (Departamento de Gobierno, Universidad de Harvard)<br \/>\n\u00abEd expone las aborrecibles pr\u00e1cticas de la ganader\u00eda industrial y lo que puede y debe hacerse al respecto. Si te importa este planeta y el destino de sus habitantes (incluidos nosotros), lee este libro\u00bb. -Jonathan Balcombe<\/p>\n","protected":false},"excerpt":{"rendered":"<p><strong>Ed Winters<\/strong><br \/>\n9788412708523 &#8211; Capit\u00e1n Swing &#8211; 2024 &#8211; 312 p\u00e1ginas \/orri.<\/p>\n","protected":false},"featured_media":15596,"template":"","meta":[],"product_brand":[],"product_cat":[180,16],"product_tag":[102,6996],"class_list":{"0":"post-15571","1":"product","2":"type-product","3":"status-publish","4":"has-post-thumbnail","6":"product_cat-ekologia-ecologia","7":"product_cat-libros","8":"product_tag-capitan-swing","9":"product_tag-ed-winters","11":"first","12":"instock","13":"sold-individually","14":"shipping-taxable","15":"purchasable","16":"product-type-simple"},"yoast_head":"<!-- This site is optimized with the Yoast SEO plugin v27.3 - https:\/\/yoast.com\/product\/yoast-seo-wordpress\/ -->\n<title>ESTO ES PROPAGANDA VEGANA (y otras mentiras de la industria c\u00e1rnica) &#8212; Zapateneo<\/title>\n<meta name=\"robots\" content=\"index, follow, max-snippet:-1, max-image-preview:large, max-video-preview:-1\" \/>\n<link rel=\"canonical\" href=\"https:\/\/zapateneo.net\/wordpress\/index.php\/producto\/esto-es-propaganda-vegana-y-otras-mentiras-de-la-industria-carnica\/\" \/>\n<meta property=\"og:locale\" content=\"es_ES\" \/>\n<meta property=\"og:type\" content=\"article\" \/>\n<meta property=\"og:title\" content=\"ESTO ES PROPAGANDA VEGANA (y otras mentiras de la industria c\u00e1rnica) &#8212; Zapateneo\" \/>\n<meta property=\"og:description\" content=\"Ed Winters 9788412708523 - Capit\u00e1n Swing - 2024 - 312 p\u00e1ginas \/orri.\" \/>\n<meta property=\"og:url\" content=\"https:\/\/zapateneo.net\/wordpress\/index.php\/producto\/esto-es-propaganda-vegana-y-otras-mentiras-de-la-industria-carnica\/\" \/>\n<meta property=\"og:site_name\" content=\"Zapateneo\" \/>\n<meta property=\"article:modified_time\" content=\"2024-12-30T15:59:09+00:00\" \/>\n<meta name=\"twitter:card\" content=\"summary_large_image\" \/>\n<meta name=\"twitter:site\" content=\"@zapateneo\" \/>\n<meta name=\"twitter:label1\" content=\"Tiempo de lectura\" \/>\n\t<meta name=\"twitter:data1\" content=\"2 minutos\" \/>\n<script type=\"application\/ld+json\" class=\"yoast-schema-graph\">{\"@context\":\"https:\\\/\\\/schema.org\",\"@graph\":[{\"@type\":\"WebPage\",\"@id\":\"https:\\\/\\\/zapateneo.net\\\/wordpress\\\/index.php\\\/producto\\\/esto-es-propaganda-vegana-y-otras-mentiras-de-la-industria-carnica\\\/\",\"url\":\"https:\\\/\\\/zapateneo.net\\\/wordpress\\\/index.php\\\/producto\\\/esto-es-propaganda-vegana-y-otras-mentiras-de-la-industria-carnica\\\/\",\"name\":\"ESTO ES PROPAGANDA VEGANA (y otras mentiras de la industria c\u00e1rnica) &#8212; Zapateneo\",\"isPartOf\":{\"@id\":\"https:\\\/\\\/zapateneo.net\\\/wordpress\\\/#website\"},\"primaryImageOfPage\":{\"@id\":\"https:\\\/\\\/zapateneo.net\\\/wordpress\\\/index.php\\\/producto\\\/esto-es-propaganda-vegana-y-otras-mentiras-de-la-industria-carnica\\\/#primaryimage\"},\"image\":{\"@id\":\"https:\\\/\\\/zapateneo.net\\\/wordpress\\\/index.php\\\/producto\\\/esto-es-propaganda-vegana-y-otras-mentiras-de-la-industria-carnica\\\/#primaryimage\"},\"thumbnailUrl\":\"https:\\\/\\\/zapateneo.net\\\/wordpress\\\/wp-content\\\/uploads\\\/2024\\\/12\\\/esto-es-propaganda-vegana-9788412708523.jpg\",\"datePublished\":\"2024-12-30T15:59:02+00:00\",\"dateModified\":\"2024-12-30T15:59:09+00:00\",\"breadcrumb\":{\"@id\":\"https:\\\/\\\/zapateneo.net\\\/wordpress\\\/index.php\\\/producto\\\/esto-es-propaganda-vegana-y-otras-mentiras-de-la-industria-carnica\\\/#breadcrumb\"},\"inLanguage\":\"es\",\"potentialAction\":[{\"@type\":\"ReadAction\",\"target\":[\"https:\\\/\\\/zapateneo.net\\\/wordpress\\\/index.php\\\/producto\\\/esto-es-propaganda-vegana-y-otras-mentiras-de-la-industria-carnica\\\/\"]}]},{\"@type\":\"ImageObject\",\"inLanguage\":\"es\",\"@id\":\"https:\\\/\\\/zapateneo.net\\\/wordpress\\\/index.php\\\/producto\\\/esto-es-propaganda-vegana-y-otras-mentiras-de-la-industria-carnica\\\/#primaryimage\",\"url\":\"https:\\\/\\\/zapateneo.net\\\/wordpress\\\/wp-content\\\/uploads\\\/2024\\\/12\\\/esto-es-propaganda-vegana-9788412708523.jpg\",\"contentUrl\":\"https:\\\/\\\/zapateneo.net\\\/wordpress\\\/wp-content\\\/uploads\\\/2024\\\/12\\\/esto-es-propaganda-vegana-9788412708523.jpg\",\"width\":175,\"height\":273},{\"@type\":\"BreadcrumbList\",\"@id\":\"https:\\\/\\\/zapateneo.net\\\/wordpress\\\/index.php\\\/producto\\\/esto-es-propaganda-vegana-y-otras-mentiras-de-la-industria-carnica\\\/#breadcrumb\",\"itemListElement\":[{\"@type\":\"ListItem\",\"position\":1,\"name\":\"Portada\",\"item\":\"https:\\\/\\\/zapateneo.net\\\/wordpress\\\/\"},{\"@type\":\"ListItem\",\"position\":2,\"name\":\"Tienda\",\"item\":\"https:\\\/\\\/zapateneo.net\\\/wordpress\\\/\"},{\"@type\":\"ListItem\",\"position\":3,\"name\":\"ESTO ES PROPAGANDA VEGANA (y otras mentiras de la industria c\u00e1rnica)\"}]},{\"@type\":\"WebSite\",\"@id\":\"https:\\\/\\\/zapateneo.net\\\/wordpress\\\/#website\",\"url\":\"https:\\\/\\\/zapateneo.net\\\/wordpress\\\/\",\"name\":\"Zapateneo\",\"description\":\"Zapateneoaren webgunea\",\"publisher\":{\"@id\":\"https:\\\/\\\/zapateneo.net\\\/wordpress\\\/#organization\"},\"potentialAction\":[{\"@type\":\"SearchAction\",\"target\":{\"@type\":\"EntryPoint\",\"urlTemplate\":\"https:\\\/\\\/zapateneo.net\\\/wordpress\\\/?s={search_term_string}\"},\"query-input\":{\"@type\":\"PropertyValueSpecification\",\"valueRequired\":true,\"valueName\":\"search_term_string\"}}],\"inLanguage\":\"es\"},{\"@type\":\"Organization\",\"@id\":\"https:\\\/\\\/zapateneo.net\\\/wordpress\\\/#organization\",\"name\":\"Zapateneo Kultur Elkartea\",\"url\":\"https:\\\/\\\/zapateneo.net\\\/wordpress\\\/\",\"logo\":{\"@type\":\"ImageObject\",\"inLanguage\":\"es\",\"@id\":\"https:\\\/\\\/zapateneo.net\\\/wordpress\\\/#\\\/schema\\\/logo\\\/image\\\/\",\"url\":\"https:\\\/\\\/zapateneo.net\\\/wordpress\\\/wp-content\\\/uploads\\\/2021\\\/04\\\/zap-libu-kolec.jpg\",\"contentUrl\":\"https:\\\/\\\/zapateneo.net\\\/wordpress\\\/wp-content\\\/uploads\\\/2021\\\/04\\\/zap-libu-kolec.jpg\",\"width\":2234,\"height\":398,\"caption\":\"Zapateneo Kultur Elkartea\"},\"image\":{\"@id\":\"https:\\\/\\\/zapateneo.net\\\/wordpress\\\/#\\\/schema\\\/logo\\\/image\\\/\"},\"sameAs\":[\"https:\\\/\\\/x.com\\\/zapateneo\"]}]}<\/script>\n<!-- \/ Yoast SEO plugin. -->","yoast_head_json":{"title":"ESTO ES PROPAGANDA VEGANA (y otras mentiras de la industria c\u00e1rnica) &#8212; Zapateneo","robots":{"index":"index","follow":"follow","max-snippet":"max-snippet:-1","max-image-preview":"max-image-preview:large","max-video-preview":"max-video-preview:-1"},"canonical":"https:\/\/zapateneo.net\/wordpress\/index.php\/producto\/esto-es-propaganda-vegana-y-otras-mentiras-de-la-industria-carnica\/","og_locale":"es_ES","og_type":"article","og_title":"ESTO ES PROPAGANDA VEGANA (y otras mentiras de la industria c\u00e1rnica) &#8212; Zapateneo","og_description":"Ed Winters 9788412708523 - Capit\u00e1n Swing - 2024 - 312 p\u00e1ginas \/orri.","og_url":"https:\/\/zapateneo.net\/wordpress\/index.php\/producto\/esto-es-propaganda-vegana-y-otras-mentiras-de-la-industria-carnica\/","og_site_name":"Zapateneo","article_modified_time":"2024-12-30T15:59:09+00:00","twitter_card":"summary_large_image","twitter_site":"@zapateneo","twitter_misc":{"Tiempo de lectura":"2 minutos"},"schema":{"@context":"https:\/\/schema.org","@graph":[{"@type":"WebPage","@id":"https:\/\/zapateneo.net\/wordpress\/index.php\/producto\/esto-es-propaganda-vegana-y-otras-mentiras-de-la-industria-carnica\/","url":"https:\/\/zapateneo.net\/wordpress\/index.php\/producto\/esto-es-propaganda-vegana-y-otras-mentiras-de-la-industria-carnica\/","name":"ESTO ES PROPAGANDA VEGANA (y otras mentiras de la industria c\u00e1rnica) &#8212; Zapateneo","isPartOf":{"@id":"https:\/\/zapateneo.net\/wordpress\/#website"},"primaryImageOfPage":{"@id":"https:\/\/zapateneo.net\/wordpress\/index.php\/producto\/esto-es-propaganda-vegana-y-otras-mentiras-de-la-industria-carnica\/#primaryimage"},"image":{"@id":"https:\/\/zapateneo.net\/wordpress\/index.php\/producto\/esto-es-propaganda-vegana-y-otras-mentiras-de-la-industria-carnica\/#primaryimage"},"thumbnailUrl":"https:\/\/zapateneo.net\/wordpress\/wp-content\/uploads\/2024\/12\/esto-es-propaganda-vegana-9788412708523.jpg","datePublished":"2024-12-30T15:59:02+00:00","dateModified":"2024-12-30T15:59:09+00:00","breadcrumb":{"@id":"https:\/\/zapateneo.net\/wordpress\/index.php\/producto\/esto-es-propaganda-vegana-y-otras-mentiras-de-la-industria-carnica\/#breadcrumb"},"inLanguage":"es","potentialAction":[{"@type":"ReadAction","target":["https:\/\/zapateneo.net\/wordpress\/index.php\/producto\/esto-es-propaganda-vegana-y-otras-mentiras-de-la-industria-carnica\/"]}]},{"@type":"ImageObject","inLanguage":"es","@id":"https:\/\/zapateneo.net\/wordpress\/index.php\/producto\/esto-es-propaganda-vegana-y-otras-mentiras-de-la-industria-carnica\/#primaryimage","url":"https:\/\/zapateneo.net\/wordpress\/wp-content\/uploads\/2024\/12\/esto-es-propaganda-vegana-9788412708523.jpg","contentUrl":"https:\/\/zapateneo.net\/wordpress\/wp-content\/uploads\/2024\/12\/esto-es-propaganda-vegana-9788412708523.jpg","width":175,"height":273},{"@type":"BreadcrumbList","@id":"https:\/\/zapateneo.net\/wordpress\/index.php\/producto\/esto-es-propaganda-vegana-y-otras-mentiras-de-la-industria-carnica\/#breadcrumb","itemListElement":[{"@type":"ListItem","position":1,"name":"Portada","item":"https:\/\/zapateneo.net\/wordpress\/"},{"@type":"ListItem","position":2,"name":"Tienda","item":"https:\/\/zapateneo.net\/wordpress\/"},{"@type":"ListItem","position":3,"name":"ESTO ES PROPAGANDA VEGANA (y otras mentiras de la industria c\u00e1rnica)"}]},{"@type":"WebSite","@id":"https:\/\/zapateneo.net\/wordpress\/#website","url":"https:\/\/zapateneo.net\/wordpress\/","name":"Zapateneo","description":"Zapateneoaren webgunea","publisher":{"@id":"https:\/\/zapateneo.net\/wordpress\/#organization"},"potentialAction":[{"@type":"SearchAction","target":{"@type":"EntryPoint","urlTemplate":"https:\/\/zapateneo.net\/wordpress\/?s={search_term_string}"},"query-input":{"@type":"PropertyValueSpecification","valueRequired":true,"valueName":"search_term_string"}}],"inLanguage":"es"},{"@type":"Organization","@id":"https:\/\/zapateneo.net\/wordpress\/#organization","name":"Zapateneo Kultur Elkartea","url":"https:\/\/zapateneo.net\/wordpress\/","logo":{"@type":"ImageObject","inLanguage":"es","@id":"https:\/\/zapateneo.net\/wordpress\/#\/schema\/logo\/image\/","url":"https:\/\/zapateneo.net\/wordpress\/wp-content\/uploads\/2021\/04\/zap-libu-kolec.jpg","contentUrl":"https:\/\/zapateneo.net\/wordpress\/wp-content\/uploads\/2021\/04\/zap-libu-kolec.jpg","width":2234,"height":398,"caption":"Zapateneo Kultur Elkartea"},"image":{"@id":"https:\/\/zapateneo.net\/wordpress\/#\/schema\/logo\/image\/"},"sameAs":["https:\/\/x.com\/zapateneo"]}]}},"_links":{"self":[{"href":"https:\/\/zapateneo.net\/wordpress\/index.php\/wp-json\/wp\/v2\/product\/15571","targetHints":{"allow":["GET"]}}],"collection":[{"href":"https:\/\/zapateneo.net\/wordpress\/index.php\/wp-json\/wp\/v2\/product"}],"about":[{"href":"https:\/\/zapateneo.net\/wordpress\/index.php\/wp-json\/wp\/v2\/types\/product"}],"wp:featuredmedia":[{"embeddable":true,"href":"https:\/\/zapateneo.net\/wordpress\/index.php\/wp-json\/wp\/v2\/media\/15596"}],"wp:attachment":[{"href":"https:\/\/zapateneo.net\/wordpress\/index.php\/wp-json\/wp\/v2\/media?parent=15571"}],"wp:term":[{"taxonomy":"product_brand","embeddable":true,"href":"https:\/\/zapateneo.net\/wordpress\/index.php\/wp-json\/wp\/v2\/product_brand?post=15571"},{"taxonomy":"product_cat","embeddable":true,"href":"https:\/\/zapateneo.net\/wordpress\/index.php\/wp-json\/wp\/v2\/product_cat?post=15571"},{"taxonomy":"product_tag","embeddable":true,"href":"https:\/\/zapateneo.net\/wordpress\/index.php\/wp-json\/wp\/v2\/product_tag?post=15571"}],"curies":[{"name":"wp","href":"https:\/\/api.w.org\/{rel}","templated":true}]}}