{"id":15568,"date":"2024-12-30T16:59:02","date_gmt":"2024-12-30T15:59:02","guid":{"rendered":"https:\/\/zapateneo.net\/wordpress\/?post_type=product&#038;p=15568"},"modified":"2024-12-30T16:59:08","modified_gmt":"2024-12-30T15:59:08","slug":"callate-el-poder-de-mantener-la-boca-cerrada-en-un-mundo-de-ruido-incesante","status":"publish","type":"product","link":"https:\/\/zapateneo.net\/wordpress\/index.php\/producto\/callate-el-poder-de-mantener-la-boca-cerrada-en-un-mundo-de-ruido-incesante\/","title":{"rendered":"C\u00e1llate El Poder De Mantener La Boca Cerrada En Un Mundo De Ruido Incesante"},"content":{"rendered":"<p>Una llamada de atenci\u00f3n muy necesaria para un mundo en el que el ruido constante nos est\u00e1 volviendo locos a todos, y en el que la mejor manera de sobrellevarlo es aprender a callarse de una puta vez.&nbsp;Aprender a hablar menos, escuchar m\u00e1s y hablar con intenci\u00f3n puede hacerte m\u00e1s feliz, m\u00e1s sano, m\u00e1s exitoso y mejor padre\/madre y pareja. En STFU, Dan describe su propio viaje para superar su forma compulsiva de hablar, que implic\u00f3 escarbar en monta\u00f1as de investigaci\u00f3n y entrevistar a innumerables expertos, incluidos cient\u00edficos, historiadores, un ex oficial de casos de la CIA y un investigador que ha estado descubriendo conexiones asombrosas que muestran c\u00f3mo el habla est\u00e1 conectada con nuestro bienestar f\u00edsico y emocional. Bas\u00e1ndose en esa investigaci\u00f3n, Dan desarroll\u00f3 una serie de pr\u00e1cticas que cambiaron su vida y pueden cambiar la tuya tambi\u00e9n.&nbsp;Nuestro ruidoso mundo nos ha ense\u00f1ado a pensar que los que dicen la \u00faltima palabra son los que ganan, cuando en realidad son los que saben guardar silencio los que realmente tienen el poder. STFU es un libro que desbloquea este poder, liber\u00e1ndote para centrarte en lo que importa. Lyons combina la ciencia del comportamiento m\u00e1s avanzada con consejos pr\u00e1cticos sobre c\u00f3mo comunicarse con intenci\u00f3n, pensar de forma cr\u00edtica y abrir la mente y los o\u00eddos al mundo que le rodea.&nbsp;Habla menos, consigue m\u00e1s. De eso trata STFU. Prescriptivo, informativo y de lectura adictiva, STFU te da las herramientas para convertirte en tu mejor yo, ya sea en la oficina, en casa, en Internet o en tus relaciones m\u00e1s preciadas. Porque, al fin y al cabo, lo que dices es lo que eres.&nbsp;As\u00ed que respira hondo, pasa la p\u00e1gina y cambia tu vida en silencio.&nbsp;\u00abEntretenido, esclarecedor e inspirador. M\u00e1s que un libro, es un anuncio de servicio p\u00fablico que todos har\u00edamos bien en escuchar\u00ab.&nbsp;-Sarah Knight, autora de Calm the F*ck Down, bestseller del New York Times.\u00abLyons se abre paso entre el ruido incluso cuando lo critica. Oportuno, inteligente e importante. \u00bfHace falta decir m\u00e1s? (Probablemente no)\u00ab.- David Litt, ex redactor de discursos del presidente Barack Obama y autor del bestseller del New York Times Gracias, Obama.<\/p>\n","protected":false},"excerpt":{"rendered":"<p><strong>Dan Lyons<\/strong><br \/>\n9788412708493 &#8211; Capit\u00e1n Swing &#8211; 2024 &#8211; 216 p\u00e1ginas \/orri.<\/p>\n","protected":false},"featured_media":15593,"template":"","meta":[],"product_brand":[],"product_cat":[184,16],"product_tag":[102,5140],"class_list":{"0":"post-15568","1":"product","2":"type-product","3":"status-publish","4":"has-post-thumbnail","6":"product_cat-komunikazioa-comunicacion","7":"product_cat-libros","8":"product_tag-capitan-swing","9":"product_tag-dan-lyons","11":"first","12":"instock","13":"sold-individually","14":"shipping-taxable","15":"purchasable","16":"product-type-simple"},"yoast_head":"<!-- This site is optimized with the Yoast SEO plugin v27.3 - https:\/\/yoast.com\/product\/yoast-seo-wordpress\/ -->\n<title>C\u00e1llate El Poder De Mantener La Boca Cerrada En Un Mundo De Ruido Incesante &#8212; Zapateneo<\/title>\n<meta name=\"robots\" content=\"index, follow, max-snippet:-1, max-image-preview:large, max-video-preview:-1\" \/>\n<link rel=\"canonical\" href=\"https:\/\/zapateneo.net\/wordpress\/index.php\/producto\/callate-el-poder-de-mantener-la-boca-cerrada-en-un-mundo-de-ruido-incesante\/\" \/>\n<meta property=\"og:locale\" content=\"es_ES\" \/>\n<meta property=\"og:type\" content=\"article\" \/>\n<meta property=\"og:title\" content=\"C\u00e1llate El Poder De Mantener La Boca Cerrada En Un Mundo De Ruido Incesante &#8212; Zapateneo\" \/>\n<meta property=\"og:description\" content=\"Dan Lyons 9788412708493 - Capit\u00e1n Swing - 2024 - 216 p\u00e1ginas \/orri.\" \/>\n<meta property=\"og:url\" content=\"https:\/\/zapateneo.net\/wordpress\/index.php\/producto\/callate-el-poder-de-mantener-la-boca-cerrada-en-un-mundo-de-ruido-incesante\/\" \/>\n<meta property=\"og:site_name\" content=\"Zapateneo\" \/>\n<meta property=\"article:modified_time\" content=\"2024-12-30T15:59:08+00:00\" \/>\n<meta name=\"twitter:card\" content=\"summary_large_image\" \/>\n<meta name=\"twitter:site\" content=\"@zapateneo\" \/>\n<meta name=\"twitter:label1\" content=\"Tiempo de lectura\" \/>\n\t<meta name=\"twitter:data1\" content=\"2 minutos\" \/>\n<script type=\"application\/ld+json\" class=\"yoast-schema-graph\">{\"@context\":\"https:\\\/\\\/schema.org\",\"@graph\":[{\"@type\":\"WebPage\",\"@id\":\"https:\\\/\\\/zapateneo.net\\\/wordpress\\\/index.php\\\/producto\\\/callate-el-poder-de-mantener-la-boca-cerrada-en-un-mundo-de-ruido-incesante\\\/\",\"url\":\"https:\\\/\\\/zapateneo.net\\\/wordpress\\\/index.php\\\/producto\\\/callate-el-poder-de-mantener-la-boca-cerrada-en-un-mundo-de-ruido-incesante\\\/\",\"name\":\"C\u00e1llate El Poder De Mantener La Boca Cerrada En Un Mundo De Ruido Incesante &#8212; Zapateneo\",\"isPartOf\":{\"@id\":\"https:\\\/\\\/zapateneo.net\\\/wordpress\\\/#website\"},\"primaryImageOfPage\":{\"@id\":\"https:\\\/\\\/zapateneo.net\\\/wordpress\\\/index.php\\\/producto\\\/callate-el-poder-de-mantener-la-boca-cerrada-en-un-mundo-de-ruido-incesante\\\/#primaryimage\"},\"image\":{\"@id\":\"https:\\\/\\\/zapateneo.net\\\/wordpress\\\/index.php\\\/producto\\\/callate-el-poder-de-mantener-la-boca-cerrada-en-un-mundo-de-ruido-incesante\\\/#primaryimage\"},\"thumbnailUrl\":\"https:\\\/\\\/zapateneo.net\\\/wordpress\\\/wp-content\\\/uploads\\\/2024\\\/12\\\/9788412708493.jpg\",\"datePublished\":\"2024-12-30T15:59:02+00:00\",\"dateModified\":\"2024-12-30T15:59:08+00:00\",\"breadcrumb\":{\"@id\":\"https:\\\/\\\/zapateneo.net\\\/wordpress\\\/index.php\\\/producto\\\/callate-el-poder-de-mantener-la-boca-cerrada-en-un-mundo-de-ruido-incesante\\\/#breadcrumb\"},\"inLanguage\":\"es\",\"potentialAction\":[{\"@type\":\"ReadAction\",\"target\":[\"https:\\\/\\\/zapateneo.net\\\/wordpress\\\/index.php\\\/producto\\\/callate-el-poder-de-mantener-la-boca-cerrada-en-un-mundo-de-ruido-incesante\\\/\"]}]},{\"@type\":\"ImageObject\",\"inLanguage\":\"es\",\"@id\":\"https:\\\/\\\/zapateneo.net\\\/wordpress\\\/index.php\\\/producto\\\/callate-el-poder-de-mantener-la-boca-cerrada-en-un-mundo-de-ruido-incesante\\\/#primaryimage\",\"url\":\"https:\\\/\\\/zapateneo.net\\\/wordpress\\\/wp-content\\\/uploads\\\/2024\\\/12\\\/9788412708493.jpg\",\"contentUrl\":\"https:\\\/\\\/zapateneo.net\\\/wordpress\\\/wp-content\\\/uploads\\\/2024\\\/12\\\/9788412708493.jpg\",\"width\":200,\"height\":200},{\"@type\":\"BreadcrumbList\",\"@id\":\"https:\\\/\\\/zapateneo.net\\\/wordpress\\\/index.php\\\/producto\\\/callate-el-poder-de-mantener-la-boca-cerrada-en-un-mundo-de-ruido-incesante\\\/#breadcrumb\",\"itemListElement\":[{\"@type\":\"ListItem\",\"position\":1,\"name\":\"Portada\",\"item\":\"https:\\\/\\\/zapateneo.net\\\/wordpress\\\/\"},{\"@type\":\"ListItem\",\"position\":2,\"name\":\"Tienda\",\"item\":\"https:\\\/\\\/zapateneo.net\\\/wordpress\\\/\"},{\"@type\":\"ListItem\",\"position\":3,\"name\":\"C\u00e1llate El Poder De Mantener La Boca Cerrada En Un Mundo De Ruido Incesante\"}]},{\"@type\":\"WebSite\",\"@id\":\"https:\\\/\\\/zapateneo.net\\\/wordpress\\\/#website\",\"url\":\"https:\\\/\\\/zapateneo.net\\\/wordpress\\\/\",\"name\":\"Zapateneo\",\"description\":\"Zapateneoaren webgunea\",\"publisher\":{\"@id\":\"https:\\\/\\\/zapateneo.net\\\/wordpress\\\/#organization\"},\"potentialAction\":[{\"@type\":\"SearchAction\",\"target\":{\"@type\":\"EntryPoint\",\"urlTemplate\":\"https:\\\/\\\/zapateneo.net\\\/wordpress\\\/?s={search_term_string}\"},\"query-input\":{\"@type\":\"PropertyValueSpecification\",\"valueRequired\":true,\"valueName\":\"search_term_string\"}}],\"inLanguage\":\"es\"},{\"@type\":\"Organization\",\"@id\":\"https:\\\/\\\/zapateneo.net\\\/wordpress\\\/#organization\",\"name\":\"Zapateneo Kultur Elkartea\",\"url\":\"https:\\\/\\\/zapateneo.net\\\/wordpress\\\/\",\"logo\":{\"@type\":\"ImageObject\",\"inLanguage\":\"es\",\"@id\":\"https:\\\/\\\/zapateneo.net\\\/wordpress\\\/#\\\/schema\\\/logo\\\/image\\\/\",\"url\":\"https:\\\/\\\/zapateneo.net\\\/wordpress\\\/wp-content\\\/uploads\\\/2021\\\/04\\\/zap-libu-kolec.jpg\",\"contentUrl\":\"https:\\\/\\\/zapateneo.net\\\/wordpress\\\/wp-content\\\/uploads\\\/2021\\\/04\\\/zap-libu-kolec.jpg\",\"width\":2234,\"height\":398,\"caption\":\"Zapateneo Kultur Elkartea\"},\"image\":{\"@id\":\"https:\\\/\\\/zapateneo.net\\\/wordpress\\\/#\\\/schema\\\/logo\\\/image\\\/\"},\"sameAs\":[\"https:\\\/\\\/x.com\\\/zapateneo\"]}]}<\/script>\n<!-- \/ Yoast SEO plugin. -->","yoast_head_json":{"title":"C\u00e1llate El Poder De Mantener La Boca Cerrada En Un Mundo De Ruido Incesante &#8212; Zapateneo","robots":{"index":"index","follow":"follow","max-snippet":"max-snippet:-1","max-image-preview":"max-image-preview:large","max-video-preview":"max-video-preview:-1"},"canonical":"https:\/\/zapateneo.net\/wordpress\/index.php\/producto\/callate-el-poder-de-mantener-la-boca-cerrada-en-un-mundo-de-ruido-incesante\/","og_locale":"es_ES","og_type":"article","og_title":"C\u00e1llate El Poder De Mantener La Boca Cerrada En Un Mundo De Ruido Incesante &#8212; Zapateneo","og_description":"Dan Lyons 9788412708493 - Capit\u00e1n Swing - 2024 - 216 p\u00e1ginas \/orri.","og_url":"https:\/\/zapateneo.net\/wordpress\/index.php\/producto\/callate-el-poder-de-mantener-la-boca-cerrada-en-un-mundo-de-ruido-incesante\/","og_site_name":"Zapateneo","article_modified_time":"2024-12-30T15:59:08+00:00","twitter_card":"summary_large_image","twitter_site":"@zapateneo","twitter_misc":{"Tiempo de lectura":"2 minutos"},"schema":{"@context":"https:\/\/schema.org","@graph":[{"@type":"WebPage","@id":"https:\/\/zapateneo.net\/wordpress\/index.php\/producto\/callate-el-poder-de-mantener-la-boca-cerrada-en-un-mundo-de-ruido-incesante\/","url":"https:\/\/zapateneo.net\/wordpress\/index.php\/producto\/callate-el-poder-de-mantener-la-boca-cerrada-en-un-mundo-de-ruido-incesante\/","name":"C\u00e1llate El Poder De Mantener La Boca Cerrada En Un Mundo De Ruido Incesante &#8212; Zapateneo","isPartOf":{"@id":"https:\/\/zapateneo.net\/wordpress\/#website"},"primaryImageOfPage":{"@id":"https:\/\/zapateneo.net\/wordpress\/index.php\/producto\/callate-el-poder-de-mantener-la-boca-cerrada-en-un-mundo-de-ruido-incesante\/#primaryimage"},"image":{"@id":"https:\/\/zapateneo.net\/wordpress\/index.php\/producto\/callate-el-poder-de-mantener-la-boca-cerrada-en-un-mundo-de-ruido-incesante\/#primaryimage"},"thumbnailUrl":"https:\/\/zapateneo.net\/wordpress\/wp-content\/uploads\/2024\/12\/9788412708493.jpg","datePublished":"2024-12-30T15:59:02+00:00","dateModified":"2024-12-30T15:59:08+00:00","breadcrumb":{"@id":"https:\/\/zapateneo.net\/wordpress\/index.php\/producto\/callate-el-poder-de-mantener-la-boca-cerrada-en-un-mundo-de-ruido-incesante\/#breadcrumb"},"inLanguage":"es","potentialAction":[{"@type":"ReadAction","target":["https:\/\/zapateneo.net\/wordpress\/index.php\/producto\/callate-el-poder-de-mantener-la-boca-cerrada-en-un-mundo-de-ruido-incesante\/"]}]},{"@type":"ImageObject","inLanguage":"es","@id":"https:\/\/zapateneo.net\/wordpress\/index.php\/producto\/callate-el-poder-de-mantener-la-boca-cerrada-en-un-mundo-de-ruido-incesante\/#primaryimage","url":"https:\/\/zapateneo.net\/wordpress\/wp-content\/uploads\/2024\/12\/9788412708493.jpg","contentUrl":"https:\/\/zapateneo.net\/wordpress\/wp-content\/uploads\/2024\/12\/9788412708493.jpg","width":200,"height":200},{"@type":"BreadcrumbList","@id":"https:\/\/zapateneo.net\/wordpress\/index.php\/producto\/callate-el-poder-de-mantener-la-boca-cerrada-en-un-mundo-de-ruido-incesante\/#breadcrumb","itemListElement":[{"@type":"ListItem","position":1,"name":"Portada","item":"https:\/\/zapateneo.net\/wordpress\/"},{"@type":"ListItem","position":2,"name":"Tienda","item":"https:\/\/zapateneo.net\/wordpress\/"},{"@type":"ListItem","position":3,"name":"C\u00e1llate El Poder De Mantener La Boca Cerrada En Un Mundo De Ruido Incesante"}]},{"@type":"WebSite","@id":"https:\/\/zapateneo.net\/wordpress\/#website","url":"https:\/\/zapateneo.net\/wordpress\/","name":"Zapateneo","description":"Zapateneoaren webgunea","publisher":{"@id":"https:\/\/zapateneo.net\/wordpress\/#organization"},"potentialAction":[{"@type":"SearchAction","target":{"@type":"EntryPoint","urlTemplate":"https:\/\/zapateneo.net\/wordpress\/?s={search_term_string}"},"query-input":{"@type":"PropertyValueSpecification","valueRequired":true,"valueName":"search_term_string"}}],"inLanguage":"es"},{"@type":"Organization","@id":"https:\/\/zapateneo.net\/wordpress\/#organization","name":"Zapateneo Kultur Elkartea","url":"https:\/\/zapateneo.net\/wordpress\/","logo":{"@type":"ImageObject","inLanguage":"es","@id":"https:\/\/zapateneo.net\/wordpress\/#\/schema\/logo\/image\/","url":"https:\/\/zapateneo.net\/wordpress\/wp-content\/uploads\/2021\/04\/zap-libu-kolec.jpg","contentUrl":"https:\/\/zapateneo.net\/wordpress\/wp-content\/uploads\/2021\/04\/zap-libu-kolec.jpg","width":2234,"height":398,"caption":"Zapateneo Kultur Elkartea"},"image":{"@id":"https:\/\/zapateneo.net\/wordpress\/#\/schema\/logo\/image\/"},"sameAs":["https:\/\/x.com\/zapateneo"]}]}},"_links":{"self":[{"href":"https:\/\/zapateneo.net\/wordpress\/index.php\/wp-json\/wp\/v2\/product\/15568","targetHints":{"allow":["GET"]}}],"collection":[{"href":"https:\/\/zapateneo.net\/wordpress\/index.php\/wp-json\/wp\/v2\/product"}],"about":[{"href":"https:\/\/zapateneo.net\/wordpress\/index.php\/wp-json\/wp\/v2\/types\/product"}],"wp:featuredmedia":[{"embeddable":true,"href":"https:\/\/zapateneo.net\/wordpress\/index.php\/wp-json\/wp\/v2\/media\/15593"}],"wp:attachment":[{"href":"https:\/\/zapateneo.net\/wordpress\/index.php\/wp-json\/wp\/v2\/media?parent=15568"}],"wp:term":[{"taxonomy":"product_brand","embeddable":true,"href":"https:\/\/zapateneo.net\/wordpress\/index.php\/wp-json\/wp\/v2\/product_brand?post=15568"},{"taxonomy":"product_cat","embeddable":true,"href":"https:\/\/zapateneo.net\/wordpress\/index.php\/wp-json\/wp\/v2\/product_cat?post=15568"},{"taxonomy":"product_tag","embeddable":true,"href":"https:\/\/zapateneo.net\/wordpress\/index.php\/wp-json\/wp\/v2\/product_tag?post=15568"}],"curies":[{"name":"wp","href":"https:\/\/api.w.org\/{rel}","templated":true}]}}