{"id":15567,"date":"2024-12-30T16:59:02","date_gmt":"2024-12-30T15:59:02","guid":{"rendered":"https:\/\/zapateneo.net\/wordpress\/?post_type=product&#038;p=15567"},"modified":"2024-12-30T16:59:07","modified_gmt":"2024-12-30T15:59:07","slug":"trabajo-sucio-los-trabajos-esenciales-y-los-estragos-de-la-desigualdad","status":"publish","type":"product","link":"https:\/\/zapateneo.net\/wordpress\/index.php\/producto\/trabajo-sucio-los-trabajos-esenciales-y-los-estragos-de-la-desigualdad\/","title":{"rendered":"Trabajo sucio Los trabajos esenciales y los estragos de la desigualdad"},"content":{"rendered":"<p>Pilotos de drones que llevan a cabo asesinatos selectivos. Inmigrantes indocumentados que trabajan en los mataderos industriales. Guardias que patrullan los pabellones de las prisiones m\u00e1s violentas y abusivas de Estados Unidos. En \u2018Trabajo sucio\u2019, Eyal Press ofrece una visi\u00f3n que cambia el paradigma del panorama moral de la Am\u00e9rica contempor\u00e1nea a trav\u00e9s de las historias de las personas que realizan los trabajos \u00e9ticamente m\u00e1s problem\u00e1ticos de la sociedad.<br \/>\nComo muestra Press, cada vez estamos m\u00e1s protegidos y distanciados de una serie de actividades moralmente cuestionables que otras personas menos privilegiadas realizan en nuestro nombre. La pandemia de COVID-19 ha atra\u00eddo una atenci\u00f3n sin precedentes sobre los trabajadores esenciales y sobre los riesgos para la salud y la seguridad a los que est\u00e1n expuestos los trabajadores de prisiones y mataderos. Pero \u2018Trabajo Sucio\u2019 examina un conjunto menos familiar de riesgos laborales: las dificultades psicol\u00f3gicas y emocionales como el estigma, la verg\u00fcenza, el TEPT y el da\u00f1o moral. Estas cargas recaen desproporcionadamente sobre los trabajadores con bajos ingresos, los inmigrantes indocumentados, las mujeres y las personas racializadas.<br \/>\nA trav\u00e9s de las conmovedoras y a veces desgarradoras historias de las personas que realizan el trabajo sucio de la sociedad, y examinando incisivamente las estructuras de poder y complicidad que conforman sus vidas, Press revela verdades fundamentales sobre las dimensiones morales del trabajo y los costes ocultos de la desigualdad en Estados Unidos.<br \/>\n\u00abEn \u00faltima instancia, \u2018Trabajo sucio\u2019 es un libro sobre el sacrificio humano y las fuerzas que lo disfrazan\u00bb. -Rebecca Solnit<br \/>\n\u00abEl convincente libro de Press es inteligente y sofisticado. En lo que respecta a la denuncia, este libro va m\u00e1s all\u00e1 del periodismo est\u00e1ndar. . . No son las gafas de color de rosa las que impiden una visi\u00f3n clara de lo que realmente ocurre; son las gafas de montura dorada y las lentes hechas de arrogancia meritocr\u00e1tica las que impiden a las clases privilegiadas ver los lodazales que hay entre nosotros.\u00bb -Nancy Isenberg<br \/>\n\u00abPress quiere que los lectores vean la relaci\u00f3n entre la desigualdad econ\u00f3mica y otras &#8216;desventajas estructurales que determinan qui\u00e9n acaba haciendo este trabajo&#8217;. Y lo que es m\u00e1s importante, quiere cerrar la brecha que permite a los privilegiados separarse moralmente de las personas que perpetran nuestro trabajo sucio.\u00bb -Vikas Turakhia, Star Tribune<\/p>\n","protected":false},"excerpt":{"rendered":"<p><strong>Eyal Press<\/strong><br \/>\n9788412708592 &#8211; Capit\u00e1n Swing &#8211; 2024 &#8211; 352 p\u00e1ginas \/orri.<\/p>\n","protected":false},"featured_media":15592,"template":"","meta":[],"product_brand":[],"product_cat":[178,16],"product_tag":[102,6993],"class_list":{"0":"post-15567","1":"product","2":"type-product","3":"status-publish","4":"has-post-thumbnail","6":"product_cat-ekonomia-economia","7":"product_cat-libros","8":"product_tag-capitan-swing","9":"product_tag-eyal-press","11":"first","12":"instock","13":"sold-individually","14":"shipping-taxable","15":"purchasable","16":"product-type-simple"},"yoast_head":"<!-- This site is optimized with the Yoast SEO plugin v27.3 - https:\/\/yoast.com\/product\/yoast-seo-wordpress\/ -->\n<title>Trabajo sucio Los trabajos esenciales y los estragos de la desigualdad &#8212; Zapateneo<\/title>\n<meta name=\"robots\" content=\"index, follow, max-snippet:-1, max-image-preview:large, max-video-preview:-1\" \/>\n<link rel=\"canonical\" href=\"https:\/\/zapateneo.net\/wordpress\/index.php\/producto\/trabajo-sucio-los-trabajos-esenciales-y-los-estragos-de-la-desigualdad\/\" \/>\n<meta property=\"og:locale\" content=\"es_ES\" \/>\n<meta property=\"og:type\" content=\"article\" \/>\n<meta property=\"og:title\" content=\"Trabajo sucio Los trabajos esenciales y los estragos de la desigualdad &#8212; Zapateneo\" \/>\n<meta property=\"og:description\" content=\"Eyal Press 9788412708592 - Capit\u00e1n Swing - 2024 - 352 p\u00e1ginas \/orri.\" \/>\n<meta property=\"og:url\" content=\"https:\/\/zapateneo.net\/wordpress\/index.php\/producto\/trabajo-sucio-los-trabajos-esenciales-y-los-estragos-de-la-desigualdad\/\" \/>\n<meta property=\"og:site_name\" content=\"Zapateneo\" \/>\n<meta property=\"article:modified_time\" content=\"2024-12-30T15:59:07+00:00\" \/>\n<meta name=\"twitter:card\" content=\"summary_large_image\" \/>\n<meta name=\"twitter:site\" content=\"@zapateneo\" \/>\n<meta name=\"twitter:label1\" content=\"Tiempo de lectura\" \/>\n\t<meta name=\"twitter:data1\" content=\"2 minutos\" \/>\n<script type=\"application\/ld+json\" class=\"yoast-schema-graph\">{\"@context\":\"https:\\\/\\\/schema.org\",\"@graph\":[{\"@type\":\"WebPage\",\"@id\":\"https:\\\/\\\/zapateneo.net\\\/wordpress\\\/index.php\\\/producto\\\/trabajo-sucio-los-trabajos-esenciales-y-los-estragos-de-la-desigualdad\\\/\",\"url\":\"https:\\\/\\\/zapateneo.net\\\/wordpress\\\/index.php\\\/producto\\\/trabajo-sucio-los-trabajos-esenciales-y-los-estragos-de-la-desigualdad\\\/\",\"name\":\"Trabajo sucio Los trabajos esenciales y los estragos de la desigualdad &#8212; Zapateneo\",\"isPartOf\":{\"@id\":\"https:\\\/\\\/zapateneo.net\\\/wordpress\\\/#website\"},\"primaryImageOfPage\":{\"@id\":\"https:\\\/\\\/zapateneo.net\\\/wordpress\\\/index.php\\\/producto\\\/trabajo-sucio-los-trabajos-esenciales-y-los-estragos-de-la-desigualdad\\\/#primaryimage\"},\"image\":{\"@id\":\"https:\\\/\\\/zapateneo.net\\\/wordpress\\\/index.php\\\/producto\\\/trabajo-sucio-los-trabajos-esenciales-y-los-estragos-de-la-desigualdad\\\/#primaryimage\"},\"thumbnailUrl\":\"https:\\\/\\\/zapateneo.net\\\/wordpress\\\/wp-content\\\/uploads\\\/2024\\\/12\\\/9788412708592.jpg\",\"datePublished\":\"2024-12-30T15:59:02+00:00\",\"dateModified\":\"2024-12-30T15:59:07+00:00\",\"breadcrumb\":{\"@id\":\"https:\\\/\\\/zapateneo.net\\\/wordpress\\\/index.php\\\/producto\\\/trabajo-sucio-los-trabajos-esenciales-y-los-estragos-de-la-desigualdad\\\/#breadcrumb\"},\"inLanguage\":\"es\",\"potentialAction\":[{\"@type\":\"ReadAction\",\"target\":[\"https:\\\/\\\/zapateneo.net\\\/wordpress\\\/index.php\\\/producto\\\/trabajo-sucio-los-trabajos-esenciales-y-los-estragos-de-la-desigualdad\\\/\"]}]},{\"@type\":\"ImageObject\",\"inLanguage\":\"es\",\"@id\":\"https:\\\/\\\/zapateneo.net\\\/wordpress\\\/index.php\\\/producto\\\/trabajo-sucio-los-trabajos-esenciales-y-los-estragos-de-la-desigualdad\\\/#primaryimage\",\"url\":\"https:\\\/\\\/zapateneo.net\\\/wordpress\\\/wp-content\\\/uploads\\\/2024\\\/12\\\/9788412708592.jpg\",\"contentUrl\":\"https:\\\/\\\/zapateneo.net\\\/wordpress\\\/wp-content\\\/uploads\\\/2024\\\/12\\\/9788412708592.jpg\",\"width\":340,\"height\":340},{\"@type\":\"BreadcrumbList\",\"@id\":\"https:\\\/\\\/zapateneo.net\\\/wordpress\\\/index.php\\\/producto\\\/trabajo-sucio-los-trabajos-esenciales-y-los-estragos-de-la-desigualdad\\\/#breadcrumb\",\"itemListElement\":[{\"@type\":\"ListItem\",\"position\":1,\"name\":\"Portada\",\"item\":\"https:\\\/\\\/zapateneo.net\\\/wordpress\\\/\"},{\"@type\":\"ListItem\",\"position\":2,\"name\":\"Tienda\",\"item\":\"https:\\\/\\\/zapateneo.net\\\/wordpress\\\/\"},{\"@type\":\"ListItem\",\"position\":3,\"name\":\"Trabajo sucio Los trabajos esenciales y los estragos de la desigualdad\"}]},{\"@type\":\"WebSite\",\"@id\":\"https:\\\/\\\/zapateneo.net\\\/wordpress\\\/#website\",\"url\":\"https:\\\/\\\/zapateneo.net\\\/wordpress\\\/\",\"name\":\"Zapateneo\",\"description\":\"Zapateneoaren webgunea\",\"publisher\":{\"@id\":\"https:\\\/\\\/zapateneo.net\\\/wordpress\\\/#organization\"},\"potentialAction\":[{\"@type\":\"SearchAction\",\"target\":{\"@type\":\"EntryPoint\",\"urlTemplate\":\"https:\\\/\\\/zapateneo.net\\\/wordpress\\\/?s={search_term_string}\"},\"query-input\":{\"@type\":\"PropertyValueSpecification\",\"valueRequired\":true,\"valueName\":\"search_term_string\"}}],\"inLanguage\":\"es\"},{\"@type\":\"Organization\",\"@id\":\"https:\\\/\\\/zapateneo.net\\\/wordpress\\\/#organization\",\"name\":\"Zapateneo Kultur Elkartea\",\"url\":\"https:\\\/\\\/zapateneo.net\\\/wordpress\\\/\",\"logo\":{\"@type\":\"ImageObject\",\"inLanguage\":\"es\",\"@id\":\"https:\\\/\\\/zapateneo.net\\\/wordpress\\\/#\\\/schema\\\/logo\\\/image\\\/\",\"url\":\"https:\\\/\\\/zapateneo.net\\\/wordpress\\\/wp-content\\\/uploads\\\/2021\\\/04\\\/zap-libu-kolec.jpg\",\"contentUrl\":\"https:\\\/\\\/zapateneo.net\\\/wordpress\\\/wp-content\\\/uploads\\\/2021\\\/04\\\/zap-libu-kolec.jpg\",\"width\":2234,\"height\":398,\"caption\":\"Zapateneo Kultur Elkartea\"},\"image\":{\"@id\":\"https:\\\/\\\/zapateneo.net\\\/wordpress\\\/#\\\/schema\\\/logo\\\/image\\\/\"},\"sameAs\":[\"https:\\\/\\\/x.com\\\/zapateneo\"]}]}<\/script>\n<!-- \/ Yoast SEO plugin. -->","yoast_head_json":{"title":"Trabajo sucio Los trabajos esenciales y los estragos de la desigualdad &#8212; Zapateneo","robots":{"index":"index","follow":"follow","max-snippet":"max-snippet:-1","max-image-preview":"max-image-preview:large","max-video-preview":"max-video-preview:-1"},"canonical":"https:\/\/zapateneo.net\/wordpress\/index.php\/producto\/trabajo-sucio-los-trabajos-esenciales-y-los-estragos-de-la-desigualdad\/","og_locale":"es_ES","og_type":"article","og_title":"Trabajo sucio Los trabajos esenciales y los estragos de la desigualdad &#8212; Zapateneo","og_description":"Eyal Press 9788412708592 - Capit\u00e1n Swing - 2024 - 352 p\u00e1ginas \/orri.","og_url":"https:\/\/zapateneo.net\/wordpress\/index.php\/producto\/trabajo-sucio-los-trabajos-esenciales-y-los-estragos-de-la-desigualdad\/","og_site_name":"Zapateneo","article_modified_time":"2024-12-30T15:59:07+00:00","twitter_card":"summary_large_image","twitter_site":"@zapateneo","twitter_misc":{"Tiempo de lectura":"2 minutos"},"schema":{"@context":"https:\/\/schema.org","@graph":[{"@type":"WebPage","@id":"https:\/\/zapateneo.net\/wordpress\/index.php\/producto\/trabajo-sucio-los-trabajos-esenciales-y-los-estragos-de-la-desigualdad\/","url":"https:\/\/zapateneo.net\/wordpress\/index.php\/producto\/trabajo-sucio-los-trabajos-esenciales-y-los-estragos-de-la-desigualdad\/","name":"Trabajo sucio Los trabajos esenciales y los estragos de la desigualdad &#8212; Zapateneo","isPartOf":{"@id":"https:\/\/zapateneo.net\/wordpress\/#website"},"primaryImageOfPage":{"@id":"https:\/\/zapateneo.net\/wordpress\/index.php\/producto\/trabajo-sucio-los-trabajos-esenciales-y-los-estragos-de-la-desigualdad\/#primaryimage"},"image":{"@id":"https:\/\/zapateneo.net\/wordpress\/index.php\/producto\/trabajo-sucio-los-trabajos-esenciales-y-los-estragos-de-la-desigualdad\/#primaryimage"},"thumbnailUrl":"https:\/\/zapateneo.net\/wordpress\/wp-content\/uploads\/2024\/12\/9788412708592.jpg","datePublished":"2024-12-30T15:59:02+00:00","dateModified":"2024-12-30T15:59:07+00:00","breadcrumb":{"@id":"https:\/\/zapateneo.net\/wordpress\/index.php\/producto\/trabajo-sucio-los-trabajos-esenciales-y-los-estragos-de-la-desigualdad\/#breadcrumb"},"inLanguage":"es","potentialAction":[{"@type":"ReadAction","target":["https:\/\/zapateneo.net\/wordpress\/index.php\/producto\/trabajo-sucio-los-trabajos-esenciales-y-los-estragos-de-la-desigualdad\/"]}]},{"@type":"ImageObject","inLanguage":"es","@id":"https:\/\/zapateneo.net\/wordpress\/index.php\/producto\/trabajo-sucio-los-trabajos-esenciales-y-los-estragos-de-la-desigualdad\/#primaryimage","url":"https:\/\/zapateneo.net\/wordpress\/wp-content\/uploads\/2024\/12\/9788412708592.jpg","contentUrl":"https:\/\/zapateneo.net\/wordpress\/wp-content\/uploads\/2024\/12\/9788412708592.jpg","width":340,"height":340},{"@type":"BreadcrumbList","@id":"https:\/\/zapateneo.net\/wordpress\/index.php\/producto\/trabajo-sucio-los-trabajos-esenciales-y-los-estragos-de-la-desigualdad\/#breadcrumb","itemListElement":[{"@type":"ListItem","position":1,"name":"Portada","item":"https:\/\/zapateneo.net\/wordpress\/"},{"@type":"ListItem","position":2,"name":"Tienda","item":"https:\/\/zapateneo.net\/wordpress\/"},{"@type":"ListItem","position":3,"name":"Trabajo sucio Los trabajos esenciales y los estragos de la desigualdad"}]},{"@type":"WebSite","@id":"https:\/\/zapateneo.net\/wordpress\/#website","url":"https:\/\/zapateneo.net\/wordpress\/","name":"Zapateneo","description":"Zapateneoaren webgunea","publisher":{"@id":"https:\/\/zapateneo.net\/wordpress\/#organization"},"potentialAction":[{"@type":"SearchAction","target":{"@type":"EntryPoint","urlTemplate":"https:\/\/zapateneo.net\/wordpress\/?s={search_term_string}"},"query-input":{"@type":"PropertyValueSpecification","valueRequired":true,"valueName":"search_term_string"}}],"inLanguage":"es"},{"@type":"Organization","@id":"https:\/\/zapateneo.net\/wordpress\/#organization","name":"Zapateneo Kultur Elkartea","url":"https:\/\/zapateneo.net\/wordpress\/","logo":{"@type":"ImageObject","inLanguage":"es","@id":"https:\/\/zapateneo.net\/wordpress\/#\/schema\/logo\/image\/","url":"https:\/\/zapateneo.net\/wordpress\/wp-content\/uploads\/2021\/04\/zap-libu-kolec.jpg","contentUrl":"https:\/\/zapateneo.net\/wordpress\/wp-content\/uploads\/2021\/04\/zap-libu-kolec.jpg","width":2234,"height":398,"caption":"Zapateneo Kultur Elkartea"},"image":{"@id":"https:\/\/zapateneo.net\/wordpress\/#\/schema\/logo\/image\/"},"sameAs":["https:\/\/x.com\/zapateneo"]}]}},"_links":{"self":[{"href":"https:\/\/zapateneo.net\/wordpress\/index.php\/wp-json\/wp\/v2\/product\/15567","targetHints":{"allow":["GET"]}}],"collection":[{"href":"https:\/\/zapateneo.net\/wordpress\/index.php\/wp-json\/wp\/v2\/product"}],"about":[{"href":"https:\/\/zapateneo.net\/wordpress\/index.php\/wp-json\/wp\/v2\/types\/product"}],"wp:featuredmedia":[{"embeddable":true,"href":"https:\/\/zapateneo.net\/wordpress\/index.php\/wp-json\/wp\/v2\/media\/15592"}],"wp:attachment":[{"href":"https:\/\/zapateneo.net\/wordpress\/index.php\/wp-json\/wp\/v2\/media?parent=15567"}],"wp:term":[{"taxonomy":"product_brand","embeddable":true,"href":"https:\/\/zapateneo.net\/wordpress\/index.php\/wp-json\/wp\/v2\/product_brand?post=15567"},{"taxonomy":"product_cat","embeddable":true,"href":"https:\/\/zapateneo.net\/wordpress\/index.php\/wp-json\/wp\/v2\/product_cat?post=15567"},{"taxonomy":"product_tag","embeddable":true,"href":"https:\/\/zapateneo.net\/wordpress\/index.php\/wp-json\/wp\/v2\/product_tag?post=15567"}],"curies":[{"name":"wp","href":"https:\/\/api.w.org\/{rel}","templated":true}]}}