{"id":15564,"date":"2024-12-30T16:59:01","date_gmt":"2024-12-30T15:59:01","guid":{"rendered":"https:\/\/zapateneo.net\/wordpress\/?post_type=product&#038;p=15564"},"modified":"2024-12-30T16:59:06","modified_gmt":"2024-12-30T15:59:06","slug":"el-laboratorio-palestino-como-israel-exporta-al-mundo-la-tecnologia-de-la-ocupacion","status":"publish","type":"product","link":"https:\/\/zapateneo.net\/wordpress\/index.php\/producto\/el-laboratorio-palestino-como-israel-exporta-al-mundo-la-tecnologia-de-la-ocupacion\/","title":{"rendered":"El laboratorio palestino C\u00f3mo Israel exporta al mundo la tecnolog\u00eda de la ocupaci\u00f3n"},"content":{"rendered":"<p>El sector de defensa de Israel utiliza los territorios palestinos ocupados como campo de pruebas de armamento y tecnolog\u00eda de vigilancia que luego exporta por todo el mundo. Durante m\u00e1s de cincuenta a\u00f1os, la ocupaci\u00f3n de Cisjordania y Gaza ha proporcionado al Estado israel\u00ed una experiencia inestimable en el control de una poblaci\u00f3n no deseada, que le ha permitido perfeccionar cada vez m\u00e1s la arquitectura del control y exportar sus conocimientos \u00abprobados en combate\u00bb.<br \/>\nEl periodista Antony Loewenstein expone este asunto, en gran medida oculto, en una investigaci\u00f3n global a partir de documentos secretos, entrevistas y reportajes sobre el terreno. En su libro revela c\u00f3mo Palestina se ha convertido en el laboratorio perfecto para la industria militar y tecnol\u00f3gica israel\u00ed: vigilancia, encarcelamiento indefinido y brutalidad; as\u00ed como las herramientas de alta tecnolog\u00eda que impulsan la \u00abnaci\u00f3n startup\u00bb, desde el software Pegasus que hacke\u00f3 los tel\u00e9fonos de Jeff Bezos y Jamal Khashoggi, las armas vendidas al ej\u00e9rcito de Birmania que ha asesinado a miles de rohiny\u00e1s y los drones utilizados por la Uni\u00f3n Europea para vigilar a los refugiados en el Mediterr\u00e1neo.<br \/>\nIsrael se ha convertido en l\u00edder mundial en tecnolog\u00eda de espionaje y material de defensa que alimenta los conflictos m\u00e1s brutales del planeta.<\/p>\n","protected":false},"excerpt":{"rendered":"<p><strong>Antony Loewenstein<\/strong><br \/>\n9788412779868 &#8211; Capit\u00e1n Swing &#8211; 2024 &#8211; 228 p\u00e1ginas \/orri.<\/p>\n","protected":false},"featured_media":15589,"template":"","meta":[],"product_brand":[],"product_cat":[179,16],"product_tag":[6990,102],"class_list":{"0":"post-15564","1":"product","2":"type-product","3":"status-publish","4":"has-post-thumbnail","6":"product_cat-internazionalismoa-internacionalismo","7":"product_cat-libros","8":"product_tag-antony-loewenstein","9":"product_tag-capitan-swing","11":"first","12":"instock","13":"sold-individually","14":"shipping-taxable","15":"purchasable","16":"product-type-simple"},"yoast_head":"<!-- This site is optimized with the Yoast SEO plugin v27.3 - https:\/\/yoast.com\/product\/yoast-seo-wordpress\/ -->\n<title>El laboratorio palestino C\u00f3mo Israel exporta al mundo la tecnolog\u00eda de la ocupaci\u00f3n &#8212; Zapateneo<\/title>\n<meta name=\"robots\" content=\"index, follow, max-snippet:-1, max-image-preview:large, max-video-preview:-1\" \/>\n<link rel=\"canonical\" href=\"https:\/\/zapateneo.net\/wordpress\/index.php\/producto\/el-laboratorio-palestino-como-israel-exporta-al-mundo-la-tecnologia-de-la-ocupacion\/\" \/>\n<meta property=\"og:locale\" content=\"es_ES\" \/>\n<meta property=\"og:type\" content=\"article\" \/>\n<meta property=\"og:title\" content=\"El laboratorio palestino C\u00f3mo Israel exporta al mundo la tecnolog\u00eda de la ocupaci\u00f3n &#8212; Zapateneo\" \/>\n<meta property=\"og:description\" content=\"Antony Loewenstein 9788412779868 - Capit\u00e1n Swing - 2024 - 228 p\u00e1ginas \/orri.\" \/>\n<meta property=\"og:url\" content=\"https:\/\/zapateneo.net\/wordpress\/index.php\/producto\/el-laboratorio-palestino-como-israel-exporta-al-mundo-la-tecnologia-de-la-ocupacion\/\" \/>\n<meta property=\"og:site_name\" content=\"Zapateneo\" \/>\n<meta property=\"article:modified_time\" content=\"2024-12-30T15:59:06+00:00\" \/>\n<meta name=\"twitter:card\" content=\"summary_large_image\" \/>\n<meta name=\"twitter:site\" content=\"@zapateneo\" \/>\n<meta name=\"twitter:label1\" content=\"Tiempo de lectura\" \/>\n\t<meta name=\"twitter:data1\" content=\"1 minuto\" \/>\n<script type=\"application\/ld+json\" class=\"yoast-schema-graph\">{\"@context\":\"https:\\\/\\\/schema.org\",\"@graph\":[{\"@type\":\"WebPage\",\"@id\":\"https:\\\/\\\/zapateneo.net\\\/wordpress\\\/index.php\\\/producto\\\/el-laboratorio-palestino-como-israel-exporta-al-mundo-la-tecnologia-de-la-ocupacion\\\/\",\"url\":\"https:\\\/\\\/zapateneo.net\\\/wordpress\\\/index.php\\\/producto\\\/el-laboratorio-palestino-como-israel-exporta-al-mundo-la-tecnologia-de-la-ocupacion\\\/\",\"name\":\"El laboratorio palestino C\u00f3mo Israel exporta al mundo la tecnolog\u00eda de la ocupaci\u00f3n &#8212; Zapateneo\",\"isPartOf\":{\"@id\":\"https:\\\/\\\/zapateneo.net\\\/wordpress\\\/#website\"},\"primaryImageOfPage\":{\"@id\":\"https:\\\/\\\/zapateneo.net\\\/wordpress\\\/index.php\\\/producto\\\/el-laboratorio-palestino-como-israel-exporta-al-mundo-la-tecnologia-de-la-ocupacion\\\/#primaryimage\"},\"image\":{\"@id\":\"https:\\\/\\\/zapateneo.net\\\/wordpress\\\/index.php\\\/producto\\\/el-laboratorio-palestino-como-israel-exporta-al-mundo-la-tecnologia-de-la-ocupacion\\\/#primaryimage\"},\"thumbnailUrl\":\"https:\\\/\\\/zapateneo.net\\\/wordpress\\\/wp-content\\\/uploads\\\/2024\\\/12\\\/9788412779868.jpg\",\"datePublished\":\"2024-12-30T15:59:01+00:00\",\"dateModified\":\"2024-12-30T15:59:06+00:00\",\"breadcrumb\":{\"@id\":\"https:\\\/\\\/zapateneo.net\\\/wordpress\\\/index.php\\\/producto\\\/el-laboratorio-palestino-como-israel-exporta-al-mundo-la-tecnologia-de-la-ocupacion\\\/#breadcrumb\"},\"inLanguage\":\"es\",\"potentialAction\":[{\"@type\":\"ReadAction\",\"target\":[\"https:\\\/\\\/zapateneo.net\\\/wordpress\\\/index.php\\\/producto\\\/el-laboratorio-palestino-como-israel-exporta-al-mundo-la-tecnologia-de-la-ocupacion\\\/\"]}]},{\"@type\":\"ImageObject\",\"inLanguage\":\"es\",\"@id\":\"https:\\\/\\\/zapateneo.net\\\/wordpress\\\/index.php\\\/producto\\\/el-laboratorio-palestino-como-israel-exporta-al-mundo-la-tecnologia-de-la-ocupacion\\\/#primaryimage\",\"url\":\"https:\\\/\\\/zapateneo.net\\\/wordpress\\\/wp-content\\\/uploads\\\/2024\\\/12\\\/9788412779868.jpg\",\"contentUrl\":\"https:\\\/\\\/zapateneo.net\\\/wordpress\\\/wp-content\\\/uploads\\\/2024\\\/12\\\/9788412779868.jpg\",\"width\":200,\"height\":200},{\"@type\":\"BreadcrumbList\",\"@id\":\"https:\\\/\\\/zapateneo.net\\\/wordpress\\\/index.php\\\/producto\\\/el-laboratorio-palestino-como-israel-exporta-al-mundo-la-tecnologia-de-la-ocupacion\\\/#breadcrumb\",\"itemListElement\":[{\"@type\":\"ListItem\",\"position\":1,\"name\":\"Portada\",\"item\":\"https:\\\/\\\/zapateneo.net\\\/wordpress\\\/\"},{\"@type\":\"ListItem\",\"position\":2,\"name\":\"Tienda\",\"item\":\"https:\\\/\\\/zapateneo.net\\\/wordpress\\\/\"},{\"@type\":\"ListItem\",\"position\":3,\"name\":\"El laboratorio palestino C\u00f3mo Israel exporta al mundo la tecnolog\u00eda de la ocupaci\u00f3n\"}]},{\"@type\":\"WebSite\",\"@id\":\"https:\\\/\\\/zapateneo.net\\\/wordpress\\\/#website\",\"url\":\"https:\\\/\\\/zapateneo.net\\\/wordpress\\\/\",\"name\":\"Zapateneo\",\"description\":\"Zapateneoaren webgunea\",\"publisher\":{\"@id\":\"https:\\\/\\\/zapateneo.net\\\/wordpress\\\/#organization\"},\"potentialAction\":[{\"@type\":\"SearchAction\",\"target\":{\"@type\":\"EntryPoint\",\"urlTemplate\":\"https:\\\/\\\/zapateneo.net\\\/wordpress\\\/?s={search_term_string}\"},\"query-input\":{\"@type\":\"PropertyValueSpecification\",\"valueRequired\":true,\"valueName\":\"search_term_string\"}}],\"inLanguage\":\"es\"},{\"@type\":\"Organization\",\"@id\":\"https:\\\/\\\/zapateneo.net\\\/wordpress\\\/#organization\",\"name\":\"Zapateneo Kultur Elkartea\",\"url\":\"https:\\\/\\\/zapateneo.net\\\/wordpress\\\/\",\"logo\":{\"@type\":\"ImageObject\",\"inLanguage\":\"es\",\"@id\":\"https:\\\/\\\/zapateneo.net\\\/wordpress\\\/#\\\/schema\\\/logo\\\/image\\\/\",\"url\":\"https:\\\/\\\/zapateneo.net\\\/wordpress\\\/wp-content\\\/uploads\\\/2021\\\/04\\\/zap-libu-kolec.jpg\",\"contentUrl\":\"https:\\\/\\\/zapateneo.net\\\/wordpress\\\/wp-content\\\/uploads\\\/2021\\\/04\\\/zap-libu-kolec.jpg\",\"width\":2234,\"height\":398,\"caption\":\"Zapateneo Kultur Elkartea\"},\"image\":{\"@id\":\"https:\\\/\\\/zapateneo.net\\\/wordpress\\\/#\\\/schema\\\/logo\\\/image\\\/\"},\"sameAs\":[\"https:\\\/\\\/x.com\\\/zapateneo\"]}]}<\/script>\n<!-- \/ Yoast SEO plugin. -->","yoast_head_json":{"title":"El laboratorio palestino C\u00f3mo Israel exporta al mundo la tecnolog\u00eda de la ocupaci\u00f3n &#8212; Zapateneo","robots":{"index":"index","follow":"follow","max-snippet":"max-snippet:-1","max-image-preview":"max-image-preview:large","max-video-preview":"max-video-preview:-1"},"canonical":"https:\/\/zapateneo.net\/wordpress\/index.php\/producto\/el-laboratorio-palestino-como-israel-exporta-al-mundo-la-tecnologia-de-la-ocupacion\/","og_locale":"es_ES","og_type":"article","og_title":"El laboratorio palestino C\u00f3mo Israel exporta al mundo la tecnolog\u00eda de la ocupaci\u00f3n &#8212; Zapateneo","og_description":"Antony Loewenstein 9788412779868 - Capit\u00e1n Swing - 2024 - 228 p\u00e1ginas \/orri.","og_url":"https:\/\/zapateneo.net\/wordpress\/index.php\/producto\/el-laboratorio-palestino-como-israel-exporta-al-mundo-la-tecnologia-de-la-ocupacion\/","og_site_name":"Zapateneo","article_modified_time":"2024-12-30T15:59:06+00:00","twitter_card":"summary_large_image","twitter_site":"@zapateneo","twitter_misc":{"Tiempo de lectura":"1 minuto"},"schema":{"@context":"https:\/\/schema.org","@graph":[{"@type":"WebPage","@id":"https:\/\/zapateneo.net\/wordpress\/index.php\/producto\/el-laboratorio-palestino-como-israel-exporta-al-mundo-la-tecnologia-de-la-ocupacion\/","url":"https:\/\/zapateneo.net\/wordpress\/index.php\/producto\/el-laboratorio-palestino-como-israel-exporta-al-mundo-la-tecnologia-de-la-ocupacion\/","name":"El laboratorio palestino C\u00f3mo Israel exporta al mundo la tecnolog\u00eda de la ocupaci\u00f3n &#8212; Zapateneo","isPartOf":{"@id":"https:\/\/zapateneo.net\/wordpress\/#website"},"primaryImageOfPage":{"@id":"https:\/\/zapateneo.net\/wordpress\/index.php\/producto\/el-laboratorio-palestino-como-israel-exporta-al-mundo-la-tecnologia-de-la-ocupacion\/#primaryimage"},"image":{"@id":"https:\/\/zapateneo.net\/wordpress\/index.php\/producto\/el-laboratorio-palestino-como-israel-exporta-al-mundo-la-tecnologia-de-la-ocupacion\/#primaryimage"},"thumbnailUrl":"https:\/\/zapateneo.net\/wordpress\/wp-content\/uploads\/2024\/12\/9788412779868.jpg","datePublished":"2024-12-30T15:59:01+00:00","dateModified":"2024-12-30T15:59:06+00:00","breadcrumb":{"@id":"https:\/\/zapateneo.net\/wordpress\/index.php\/producto\/el-laboratorio-palestino-como-israel-exporta-al-mundo-la-tecnologia-de-la-ocupacion\/#breadcrumb"},"inLanguage":"es","potentialAction":[{"@type":"ReadAction","target":["https:\/\/zapateneo.net\/wordpress\/index.php\/producto\/el-laboratorio-palestino-como-israel-exporta-al-mundo-la-tecnologia-de-la-ocupacion\/"]}]},{"@type":"ImageObject","inLanguage":"es","@id":"https:\/\/zapateneo.net\/wordpress\/index.php\/producto\/el-laboratorio-palestino-como-israel-exporta-al-mundo-la-tecnologia-de-la-ocupacion\/#primaryimage","url":"https:\/\/zapateneo.net\/wordpress\/wp-content\/uploads\/2024\/12\/9788412779868.jpg","contentUrl":"https:\/\/zapateneo.net\/wordpress\/wp-content\/uploads\/2024\/12\/9788412779868.jpg","width":200,"height":200},{"@type":"BreadcrumbList","@id":"https:\/\/zapateneo.net\/wordpress\/index.php\/producto\/el-laboratorio-palestino-como-israel-exporta-al-mundo-la-tecnologia-de-la-ocupacion\/#breadcrumb","itemListElement":[{"@type":"ListItem","position":1,"name":"Portada","item":"https:\/\/zapateneo.net\/wordpress\/"},{"@type":"ListItem","position":2,"name":"Tienda","item":"https:\/\/zapateneo.net\/wordpress\/"},{"@type":"ListItem","position":3,"name":"El laboratorio palestino C\u00f3mo Israel exporta al mundo la tecnolog\u00eda de la ocupaci\u00f3n"}]},{"@type":"WebSite","@id":"https:\/\/zapateneo.net\/wordpress\/#website","url":"https:\/\/zapateneo.net\/wordpress\/","name":"Zapateneo","description":"Zapateneoaren webgunea","publisher":{"@id":"https:\/\/zapateneo.net\/wordpress\/#organization"},"potentialAction":[{"@type":"SearchAction","target":{"@type":"EntryPoint","urlTemplate":"https:\/\/zapateneo.net\/wordpress\/?s={search_term_string}"},"query-input":{"@type":"PropertyValueSpecification","valueRequired":true,"valueName":"search_term_string"}}],"inLanguage":"es"},{"@type":"Organization","@id":"https:\/\/zapateneo.net\/wordpress\/#organization","name":"Zapateneo Kultur Elkartea","url":"https:\/\/zapateneo.net\/wordpress\/","logo":{"@type":"ImageObject","inLanguage":"es","@id":"https:\/\/zapateneo.net\/wordpress\/#\/schema\/logo\/image\/","url":"https:\/\/zapateneo.net\/wordpress\/wp-content\/uploads\/2021\/04\/zap-libu-kolec.jpg","contentUrl":"https:\/\/zapateneo.net\/wordpress\/wp-content\/uploads\/2021\/04\/zap-libu-kolec.jpg","width":2234,"height":398,"caption":"Zapateneo Kultur Elkartea"},"image":{"@id":"https:\/\/zapateneo.net\/wordpress\/#\/schema\/logo\/image\/"},"sameAs":["https:\/\/x.com\/zapateneo"]}]}},"_links":{"self":[{"href":"https:\/\/zapateneo.net\/wordpress\/index.php\/wp-json\/wp\/v2\/product\/15564","targetHints":{"allow":["GET"]}}],"collection":[{"href":"https:\/\/zapateneo.net\/wordpress\/index.php\/wp-json\/wp\/v2\/product"}],"about":[{"href":"https:\/\/zapateneo.net\/wordpress\/index.php\/wp-json\/wp\/v2\/types\/product"}],"wp:featuredmedia":[{"embeddable":true,"href":"https:\/\/zapateneo.net\/wordpress\/index.php\/wp-json\/wp\/v2\/media\/15589"}],"wp:attachment":[{"href":"https:\/\/zapateneo.net\/wordpress\/index.php\/wp-json\/wp\/v2\/media?parent=15564"}],"wp:term":[{"taxonomy":"product_brand","embeddable":true,"href":"https:\/\/zapateneo.net\/wordpress\/index.php\/wp-json\/wp\/v2\/product_brand?post=15564"},{"taxonomy":"product_cat","embeddable":true,"href":"https:\/\/zapateneo.net\/wordpress\/index.php\/wp-json\/wp\/v2\/product_cat?post=15564"},{"taxonomy":"product_tag","embeddable":true,"href":"https:\/\/zapateneo.net\/wordpress\/index.php\/wp-json\/wp\/v2\/product_tag?post=15564"}],"curies":[{"name":"wp","href":"https:\/\/api.w.org\/{rel}","templated":true}]}}