{"id":15563,"date":"2024-12-30T16:59:01","date_gmt":"2024-12-30T15:59:01","guid":{"rendered":"https:\/\/zapateneo.net\/wordpress\/?post_type=product&#038;p=15563"},"modified":"2024-12-30T16:59:06","modified_gmt":"2024-12-30T15:59:06","slug":"inteligencia-artificial-progreso-o-amenaza-guia-para-seres-pensantes","status":"publish","type":"product","link":"https:\/\/zapateneo.net\/wordpress\/index.php\/producto\/inteligencia-artificial-progreso-o-amenaza-guia-para-seres-pensantes\/","title":{"rendered":"Inteligencia Artificial Progreso o amenaza. Gu\u00eda para seres pensantes"},"content":{"rendered":"<p>Melanie Mitchell separa la ciencia real de la ciencia ficci\u00f3n en este amplio examen del estado actual de la IA y de c\u00f3mo est\u00e1 rehaciendo nuestro mundo. Ninguna empresa cient\u00edfica reciente ha resultado tan seductora, aterradora y llena de extravagantes promesas y frustrantes reveses como la inteligencia artificial. La galardonada autora Melanie Mitchell, una destacada cient\u00edfica inform\u00e1tica, revela ahora la turbulenta historia de la IA y la reciente oleada de aparentes \u00e9xitos, grandes esperanzas y temores emergentes que la rodean.<br \/>\nEn \u2018Inteligencia Artificial\u2019, Mitchell aborda las cuestiones m\u00e1s urgentes de la IA en la actualidad: \u00bfHasta qu\u00e9 punto son realmente inteligentes los mejores programas de IA? \u00bfC\u00f3mo funcionan? \u00bfQu\u00e9 pueden hacer realmente y cu\u00e1ndo fallan? \u00bfHasta qu\u00e9 punto esperamos que se asemejen a los humanos y cu\u00e1ndo debemos preocuparnos de que nos superen? Por el camino, presenta los modelos dominantes de la IA y el aprendizaje autom\u00e1tico modernos, describiendo los programas de IA m\u00e1s avanzados, sus inventores humanos y las l\u00edneas de pensamiento hist\u00f3ricas que sustentan los logros recientes. Se re\u00fane con otros expertos como Douglas Hofstadter, cient\u00edfico cognitivo y autor del cl\u00e1sico moderno G\u00f6del, Escher, Bach, ganador del Premio Pulitzer, quien explica por qu\u00e9 est\u00e1 \u00abaterrorizado\u00bb ante el futuro de la IA. Explora la profunda desconexi\u00f3n entre el bombo publicitario y los logros reales de la IA, proporcionando una idea clara de lo que el campo ha logrado y cu\u00e1nto le queda por recorrer.<br \/>\nEntrelazando historias sobre la ciencia de la IA y la gente que hay detr\u00e1s, \u2018Inteligencia Artificial\u2019 rebosa de relatos claros, cautivadores y accesibles de los trabajos modernos m\u00e1s interesantes y provocativos en este campo, aderezados con el humor y las observaciones personales de Mitchell. Este libro franco y animado es una gu\u00eda indispensable para entender la IA actual, su b\u00fasqueda de una inteligencia \u00abde nivel humano\u00bb y su impacto en el futuro de todos nosotros. un bienvenido correctivo a los temores y esperanzas exagerados sobre la IA, y el manual prefecto para empezar a entender c\u00f3mo funcionan realmente los sistemas.<\/p>\n","protected":false},"excerpt":{"rendered":"<p><strong>Melanie Mitchell<\/strong><br \/>\n9788412779875 &#8211; Capit\u00e1n Swing &#8211; 2024 &#8211; 368 p\u00e1ginas \/orri.<\/p>\n","protected":false},"featured_media":15588,"template":"","meta":[],"product_brand":[],"product_cat":[16,173],"product_tag":[102,6989],"class_list":{"0":"post-15563","1":"product","2":"type-product","3":"status-publish","4":"has-post-thumbnail","6":"product_cat-libros","7":"product_cat-saiakera-ensayo","8":"product_tag-capitan-swing","9":"product_tag-melanie-mitchell","11":"first","12":"instock","13":"sold-individually","14":"shipping-taxable","15":"purchasable","16":"product-type-simple"},"yoast_head":"<!-- This site is optimized with the Yoast SEO plugin v27.3 - https:\/\/yoast.com\/product\/yoast-seo-wordpress\/ -->\n<title>Inteligencia Artificial Progreso o amenaza. Gu\u00eda para seres pensantes &#8212; Zapateneo<\/title>\n<meta name=\"robots\" content=\"index, follow, max-snippet:-1, max-image-preview:large, max-video-preview:-1\" \/>\n<link rel=\"canonical\" href=\"https:\/\/zapateneo.net\/wordpress\/index.php\/producto\/inteligencia-artificial-progreso-o-amenaza-guia-para-seres-pensantes\/\" \/>\n<meta property=\"og:locale\" content=\"es_ES\" \/>\n<meta property=\"og:type\" content=\"article\" \/>\n<meta property=\"og:title\" content=\"Inteligencia Artificial Progreso o amenaza. Gu\u00eda para seres pensantes &#8212; Zapateneo\" \/>\n<meta property=\"og:description\" content=\"Melanie Mitchell 9788412779875 - Capit\u00e1n Swing - 2024 - 368 p\u00e1ginas \/orri.\" \/>\n<meta property=\"og:url\" content=\"https:\/\/zapateneo.net\/wordpress\/index.php\/producto\/inteligencia-artificial-progreso-o-amenaza-guia-para-seres-pensantes\/\" \/>\n<meta property=\"og:site_name\" content=\"Zapateneo\" \/>\n<meta property=\"article:modified_time\" content=\"2024-12-30T15:59:06+00:00\" \/>\n<meta name=\"twitter:card\" content=\"summary_large_image\" \/>\n<meta name=\"twitter:site\" content=\"@zapateneo\" \/>\n<meta name=\"twitter:label1\" content=\"Tiempo de lectura\" \/>\n\t<meta name=\"twitter:data1\" content=\"2 minutos\" \/>\n<script type=\"application\/ld+json\" class=\"yoast-schema-graph\">{\"@context\":\"https:\\\/\\\/schema.org\",\"@graph\":[{\"@type\":\"WebPage\",\"@id\":\"https:\\\/\\\/zapateneo.net\\\/wordpress\\\/index.php\\\/producto\\\/inteligencia-artificial-progreso-o-amenaza-guia-para-seres-pensantes\\\/\",\"url\":\"https:\\\/\\\/zapateneo.net\\\/wordpress\\\/index.php\\\/producto\\\/inteligencia-artificial-progreso-o-amenaza-guia-para-seres-pensantes\\\/\",\"name\":\"Inteligencia Artificial Progreso o amenaza. Gu\u00eda para seres pensantes &#8212; Zapateneo\",\"isPartOf\":{\"@id\":\"https:\\\/\\\/zapateneo.net\\\/wordpress\\\/#website\"},\"primaryImageOfPage\":{\"@id\":\"https:\\\/\\\/zapateneo.net\\\/wordpress\\\/index.php\\\/producto\\\/inteligencia-artificial-progreso-o-amenaza-guia-para-seres-pensantes\\\/#primaryimage\"},\"image\":{\"@id\":\"https:\\\/\\\/zapateneo.net\\\/wordpress\\\/index.php\\\/producto\\\/inteligencia-artificial-progreso-o-amenaza-guia-para-seres-pensantes\\\/#primaryimage\"},\"thumbnailUrl\":\"https:\\\/\\\/zapateneo.net\\\/wordpress\\\/wp-content\\\/uploads\\\/2024\\\/12\\\/9788412779875.jpg\",\"datePublished\":\"2024-12-30T15:59:01+00:00\",\"dateModified\":\"2024-12-30T15:59:06+00:00\",\"breadcrumb\":{\"@id\":\"https:\\\/\\\/zapateneo.net\\\/wordpress\\\/index.php\\\/producto\\\/inteligencia-artificial-progreso-o-amenaza-guia-para-seres-pensantes\\\/#breadcrumb\"},\"inLanguage\":\"es\",\"potentialAction\":[{\"@type\":\"ReadAction\",\"target\":[\"https:\\\/\\\/zapateneo.net\\\/wordpress\\\/index.php\\\/producto\\\/inteligencia-artificial-progreso-o-amenaza-guia-para-seres-pensantes\\\/\"]}]},{\"@type\":\"ImageObject\",\"inLanguage\":\"es\",\"@id\":\"https:\\\/\\\/zapateneo.net\\\/wordpress\\\/index.php\\\/producto\\\/inteligencia-artificial-progreso-o-amenaza-guia-para-seres-pensantes\\\/#primaryimage\",\"url\":\"https:\\\/\\\/zapateneo.net\\\/wordpress\\\/wp-content\\\/uploads\\\/2024\\\/12\\\/9788412779875.jpg\",\"contentUrl\":\"https:\\\/\\\/zapateneo.net\\\/wordpress\\\/wp-content\\\/uploads\\\/2024\\\/12\\\/9788412779875.jpg\",\"width\":200,\"height\":200},{\"@type\":\"BreadcrumbList\",\"@id\":\"https:\\\/\\\/zapateneo.net\\\/wordpress\\\/index.php\\\/producto\\\/inteligencia-artificial-progreso-o-amenaza-guia-para-seres-pensantes\\\/#breadcrumb\",\"itemListElement\":[{\"@type\":\"ListItem\",\"position\":1,\"name\":\"Portada\",\"item\":\"https:\\\/\\\/zapateneo.net\\\/wordpress\\\/\"},{\"@type\":\"ListItem\",\"position\":2,\"name\":\"Tienda\",\"item\":\"https:\\\/\\\/zapateneo.net\\\/wordpress\\\/\"},{\"@type\":\"ListItem\",\"position\":3,\"name\":\"Inteligencia Artificial Progreso o amenaza. Gu\u00eda para seres pensantes\"}]},{\"@type\":\"WebSite\",\"@id\":\"https:\\\/\\\/zapateneo.net\\\/wordpress\\\/#website\",\"url\":\"https:\\\/\\\/zapateneo.net\\\/wordpress\\\/\",\"name\":\"Zapateneo\",\"description\":\"Zapateneoaren webgunea\",\"publisher\":{\"@id\":\"https:\\\/\\\/zapateneo.net\\\/wordpress\\\/#organization\"},\"potentialAction\":[{\"@type\":\"SearchAction\",\"target\":{\"@type\":\"EntryPoint\",\"urlTemplate\":\"https:\\\/\\\/zapateneo.net\\\/wordpress\\\/?s={search_term_string}\"},\"query-input\":{\"@type\":\"PropertyValueSpecification\",\"valueRequired\":true,\"valueName\":\"search_term_string\"}}],\"inLanguage\":\"es\"},{\"@type\":\"Organization\",\"@id\":\"https:\\\/\\\/zapateneo.net\\\/wordpress\\\/#organization\",\"name\":\"Zapateneo Kultur Elkartea\",\"url\":\"https:\\\/\\\/zapateneo.net\\\/wordpress\\\/\",\"logo\":{\"@type\":\"ImageObject\",\"inLanguage\":\"es\",\"@id\":\"https:\\\/\\\/zapateneo.net\\\/wordpress\\\/#\\\/schema\\\/logo\\\/image\\\/\",\"url\":\"https:\\\/\\\/zapateneo.net\\\/wordpress\\\/wp-content\\\/uploads\\\/2021\\\/04\\\/zap-libu-kolec.jpg\",\"contentUrl\":\"https:\\\/\\\/zapateneo.net\\\/wordpress\\\/wp-content\\\/uploads\\\/2021\\\/04\\\/zap-libu-kolec.jpg\",\"width\":2234,\"height\":398,\"caption\":\"Zapateneo Kultur Elkartea\"},\"image\":{\"@id\":\"https:\\\/\\\/zapateneo.net\\\/wordpress\\\/#\\\/schema\\\/logo\\\/image\\\/\"},\"sameAs\":[\"https:\\\/\\\/x.com\\\/zapateneo\"]}]}<\/script>\n<!-- \/ Yoast SEO plugin. -->","yoast_head_json":{"title":"Inteligencia Artificial Progreso o amenaza. Gu\u00eda para seres pensantes &#8212; Zapateneo","robots":{"index":"index","follow":"follow","max-snippet":"max-snippet:-1","max-image-preview":"max-image-preview:large","max-video-preview":"max-video-preview:-1"},"canonical":"https:\/\/zapateneo.net\/wordpress\/index.php\/producto\/inteligencia-artificial-progreso-o-amenaza-guia-para-seres-pensantes\/","og_locale":"es_ES","og_type":"article","og_title":"Inteligencia Artificial Progreso o amenaza. Gu\u00eda para seres pensantes &#8212; Zapateneo","og_description":"Melanie Mitchell 9788412779875 - Capit\u00e1n Swing - 2024 - 368 p\u00e1ginas \/orri.","og_url":"https:\/\/zapateneo.net\/wordpress\/index.php\/producto\/inteligencia-artificial-progreso-o-amenaza-guia-para-seres-pensantes\/","og_site_name":"Zapateneo","article_modified_time":"2024-12-30T15:59:06+00:00","twitter_card":"summary_large_image","twitter_site":"@zapateneo","twitter_misc":{"Tiempo de lectura":"2 minutos"},"schema":{"@context":"https:\/\/schema.org","@graph":[{"@type":"WebPage","@id":"https:\/\/zapateneo.net\/wordpress\/index.php\/producto\/inteligencia-artificial-progreso-o-amenaza-guia-para-seres-pensantes\/","url":"https:\/\/zapateneo.net\/wordpress\/index.php\/producto\/inteligencia-artificial-progreso-o-amenaza-guia-para-seres-pensantes\/","name":"Inteligencia Artificial Progreso o amenaza. Gu\u00eda para seres pensantes &#8212; Zapateneo","isPartOf":{"@id":"https:\/\/zapateneo.net\/wordpress\/#website"},"primaryImageOfPage":{"@id":"https:\/\/zapateneo.net\/wordpress\/index.php\/producto\/inteligencia-artificial-progreso-o-amenaza-guia-para-seres-pensantes\/#primaryimage"},"image":{"@id":"https:\/\/zapateneo.net\/wordpress\/index.php\/producto\/inteligencia-artificial-progreso-o-amenaza-guia-para-seres-pensantes\/#primaryimage"},"thumbnailUrl":"https:\/\/zapateneo.net\/wordpress\/wp-content\/uploads\/2024\/12\/9788412779875.jpg","datePublished":"2024-12-30T15:59:01+00:00","dateModified":"2024-12-30T15:59:06+00:00","breadcrumb":{"@id":"https:\/\/zapateneo.net\/wordpress\/index.php\/producto\/inteligencia-artificial-progreso-o-amenaza-guia-para-seres-pensantes\/#breadcrumb"},"inLanguage":"es","potentialAction":[{"@type":"ReadAction","target":["https:\/\/zapateneo.net\/wordpress\/index.php\/producto\/inteligencia-artificial-progreso-o-amenaza-guia-para-seres-pensantes\/"]}]},{"@type":"ImageObject","inLanguage":"es","@id":"https:\/\/zapateneo.net\/wordpress\/index.php\/producto\/inteligencia-artificial-progreso-o-amenaza-guia-para-seres-pensantes\/#primaryimage","url":"https:\/\/zapateneo.net\/wordpress\/wp-content\/uploads\/2024\/12\/9788412779875.jpg","contentUrl":"https:\/\/zapateneo.net\/wordpress\/wp-content\/uploads\/2024\/12\/9788412779875.jpg","width":200,"height":200},{"@type":"BreadcrumbList","@id":"https:\/\/zapateneo.net\/wordpress\/index.php\/producto\/inteligencia-artificial-progreso-o-amenaza-guia-para-seres-pensantes\/#breadcrumb","itemListElement":[{"@type":"ListItem","position":1,"name":"Portada","item":"https:\/\/zapateneo.net\/wordpress\/"},{"@type":"ListItem","position":2,"name":"Tienda","item":"https:\/\/zapateneo.net\/wordpress\/"},{"@type":"ListItem","position":3,"name":"Inteligencia Artificial Progreso o amenaza. Gu\u00eda para seres pensantes"}]},{"@type":"WebSite","@id":"https:\/\/zapateneo.net\/wordpress\/#website","url":"https:\/\/zapateneo.net\/wordpress\/","name":"Zapateneo","description":"Zapateneoaren webgunea","publisher":{"@id":"https:\/\/zapateneo.net\/wordpress\/#organization"},"potentialAction":[{"@type":"SearchAction","target":{"@type":"EntryPoint","urlTemplate":"https:\/\/zapateneo.net\/wordpress\/?s={search_term_string}"},"query-input":{"@type":"PropertyValueSpecification","valueRequired":true,"valueName":"search_term_string"}}],"inLanguage":"es"},{"@type":"Organization","@id":"https:\/\/zapateneo.net\/wordpress\/#organization","name":"Zapateneo Kultur Elkartea","url":"https:\/\/zapateneo.net\/wordpress\/","logo":{"@type":"ImageObject","inLanguage":"es","@id":"https:\/\/zapateneo.net\/wordpress\/#\/schema\/logo\/image\/","url":"https:\/\/zapateneo.net\/wordpress\/wp-content\/uploads\/2021\/04\/zap-libu-kolec.jpg","contentUrl":"https:\/\/zapateneo.net\/wordpress\/wp-content\/uploads\/2021\/04\/zap-libu-kolec.jpg","width":2234,"height":398,"caption":"Zapateneo Kultur Elkartea"},"image":{"@id":"https:\/\/zapateneo.net\/wordpress\/#\/schema\/logo\/image\/"},"sameAs":["https:\/\/x.com\/zapateneo"]}]}},"_links":{"self":[{"href":"https:\/\/zapateneo.net\/wordpress\/index.php\/wp-json\/wp\/v2\/product\/15563","targetHints":{"allow":["GET"]}}],"collection":[{"href":"https:\/\/zapateneo.net\/wordpress\/index.php\/wp-json\/wp\/v2\/product"}],"about":[{"href":"https:\/\/zapateneo.net\/wordpress\/index.php\/wp-json\/wp\/v2\/types\/product"}],"wp:featuredmedia":[{"embeddable":true,"href":"https:\/\/zapateneo.net\/wordpress\/index.php\/wp-json\/wp\/v2\/media\/15588"}],"wp:attachment":[{"href":"https:\/\/zapateneo.net\/wordpress\/index.php\/wp-json\/wp\/v2\/media?parent=15563"}],"wp:term":[{"taxonomy":"product_brand","embeddable":true,"href":"https:\/\/zapateneo.net\/wordpress\/index.php\/wp-json\/wp\/v2\/product_brand?post=15563"},{"taxonomy":"product_cat","embeddable":true,"href":"https:\/\/zapateneo.net\/wordpress\/index.php\/wp-json\/wp\/v2\/product_cat?post=15563"},{"taxonomy":"product_tag","embeddable":true,"href":"https:\/\/zapateneo.net\/wordpress\/index.php\/wp-json\/wp\/v2\/product_tag?post=15563"}],"curies":[{"name":"wp","href":"https:\/\/api.w.org\/{rel}","templated":true}]}}