{"id":15562,"date":"2024-12-30T16:59:00","date_gmt":"2024-12-30T15:59:00","guid":{"rendered":"https:\/\/zapateneo.net\/wordpress\/?post_type=product&#038;p=15562"},"modified":"2024-12-30T16:59:05","modified_gmt":"2024-12-30T15:59:05","slug":"luchar-por-la-calle-manual-para-una-revolucion-urbana","status":"publish","type":"product","link":"https:\/\/zapateneo.net\/wordpress\/index.php\/producto\/luchar-por-la-calle-manual-para-una-revolucion-urbana\/","title":{"rendered":"Luchar por la calle Manual para una revoluci\u00f3n urbana"},"content":{"rendered":"<p>Como una Jane Jacobs moderna, la comisaria de transportes de Nueva York Janette Sadik-Khan transform\u00f3 las calles de la ciudad para hacer sitio a peatones, ciclistas, autobuses y espacios verdes. Describiendo las batallas que libr\u00f3 para lograr el cambio, en su libro aporta consejos pr\u00e1cticos que otras ciudades pueden seguir para hacer que sus propias calles sean m\u00e1s seguras y din\u00e1micas. Sadik-Khan consigui\u00f3 lo que parec\u00eda imposible y transform\u00f3 las calles de una de las ciudades m\u00e1s grandes y duras del mundo en espacios din\u00e1micos y seguros para peatones y ciclistas, a trav\u00e9s de un planteamiento dr\u00e1stico y eficaz. El simple hecho de pintar una parte de la calle para convertirla en una plaza o un carril bus no solo hizo que la calle fuera m\u00e1s segura, sino que tambi\u00e9n disminuy\u00f3 la congesti\u00f3n y aument\u00f3 el tr\u00e1fico peatonal, lo que mejor\u00f3 los resultados de los negocios. La experiencia confirm\u00f3 que si se sabe leer la calle, se puede hacer que funcione mejor, sin reconstruirla totalmente, simplemente reasignando el espacio que ya existe. Luchar por la calle demuestra, con im\u00e1genes paso a paso, c\u00f3mo reescribir el \u00abc\u00f3digo fuente\u00bb subyacente de una calle. Incluye ejemplos de c\u00f3mo esta nueva forma de interpretar las calles ya se ha abierto camino en todo el mundo, desde parques de bolsillo en Ciudad de M\u00e9xico y Los \u00c1ngeles hasta calles m\u00e1s respetuosas con los peatones en Auckland y Buenos Aires, pasando por innovadores dise\u00f1os de carriles bici y plazas en Austin, Indian\u00e1polis y San Francisco. Luchar por la calle deconstruye, reensambla y reinventa la calle, invitando a mirarla de formas que nunca hab\u00edamos imaginado.<\/p>\n","protected":false},"excerpt":{"rendered":"<p><strong>Janette Sadik-Khan, Seth Solomonow<\/strong><br \/>\n9788412779769 &#8211; Capit\u00e1n Swing &#8211; 2024 &#8211; 376 p\u00e1ginas \/orri.<\/p>\n","protected":false},"featured_media":15587,"template":"","meta":[],"product_brand":[],"product_cat":[180,16],"product_tag":[102,6987,6988],"class_list":{"0":"post-15562","1":"product","2":"type-product","3":"status-publish","4":"has-post-thumbnail","6":"product_cat-ekologia-ecologia","7":"product_cat-libros","8":"product_tag-capitan-swing","9":"product_tag-janette-sadik-khan","10":"product_tag-seth-solomonow","12":"first","13":"instock","14":"sold-individually","15":"shipping-taxable","16":"purchasable","17":"product-type-simple"},"yoast_head":"<!-- This site is optimized with the Yoast SEO plugin v27.3 - https:\/\/yoast.com\/product\/yoast-seo-wordpress\/ -->\n<title>Luchar por la calle Manual para una revoluci\u00f3n urbana &#8212; Zapateneo<\/title>\n<meta name=\"robots\" content=\"index, follow, max-snippet:-1, max-image-preview:large, max-video-preview:-1\" \/>\n<link rel=\"canonical\" href=\"https:\/\/zapateneo.net\/wordpress\/index.php\/producto\/luchar-por-la-calle-manual-para-una-revolucion-urbana\/\" \/>\n<meta property=\"og:locale\" content=\"es_ES\" \/>\n<meta property=\"og:type\" content=\"article\" \/>\n<meta property=\"og:title\" content=\"Luchar por la calle Manual para una revoluci\u00f3n urbana &#8212; Zapateneo\" \/>\n<meta property=\"og:description\" content=\"Janette Sadik-Khan, Seth Solomonow 9788412779769 - Capit\u00e1n Swing - 2024 - 376 p\u00e1ginas \/orri.\" \/>\n<meta property=\"og:url\" content=\"https:\/\/zapateneo.net\/wordpress\/index.php\/producto\/luchar-por-la-calle-manual-para-una-revolucion-urbana\/\" \/>\n<meta property=\"og:site_name\" content=\"Zapateneo\" \/>\n<meta property=\"article:modified_time\" content=\"2024-12-30T15:59:05+00:00\" \/>\n<meta name=\"twitter:card\" content=\"summary_large_image\" \/>\n<meta name=\"twitter:site\" content=\"@zapateneo\" \/>\n<meta name=\"twitter:label1\" content=\"Tiempo de lectura\" \/>\n\t<meta name=\"twitter:data1\" content=\"1 minuto\" \/>\n<script type=\"application\/ld+json\" class=\"yoast-schema-graph\">{\"@context\":\"https:\\\/\\\/schema.org\",\"@graph\":[{\"@type\":\"WebPage\",\"@id\":\"https:\\\/\\\/zapateneo.net\\\/wordpress\\\/index.php\\\/producto\\\/luchar-por-la-calle-manual-para-una-revolucion-urbana\\\/\",\"url\":\"https:\\\/\\\/zapateneo.net\\\/wordpress\\\/index.php\\\/producto\\\/luchar-por-la-calle-manual-para-una-revolucion-urbana\\\/\",\"name\":\"Luchar por la calle Manual para una revoluci\u00f3n urbana &#8212; Zapateneo\",\"isPartOf\":{\"@id\":\"https:\\\/\\\/zapateneo.net\\\/wordpress\\\/#website\"},\"primaryImageOfPage\":{\"@id\":\"https:\\\/\\\/zapateneo.net\\\/wordpress\\\/index.php\\\/producto\\\/luchar-por-la-calle-manual-para-una-revolucion-urbana\\\/#primaryimage\"},\"image\":{\"@id\":\"https:\\\/\\\/zapateneo.net\\\/wordpress\\\/index.php\\\/producto\\\/luchar-por-la-calle-manual-para-una-revolucion-urbana\\\/#primaryimage\"},\"thumbnailUrl\":\"https:\\\/\\\/zapateneo.net\\\/wordpress\\\/wp-content\\\/uploads\\\/2024\\\/12\\\/9788412779769.jpg\",\"datePublished\":\"2024-12-30T15:59:00+00:00\",\"dateModified\":\"2024-12-30T15:59:05+00:00\",\"breadcrumb\":{\"@id\":\"https:\\\/\\\/zapateneo.net\\\/wordpress\\\/index.php\\\/producto\\\/luchar-por-la-calle-manual-para-una-revolucion-urbana\\\/#breadcrumb\"},\"inLanguage\":\"es\",\"potentialAction\":[{\"@type\":\"ReadAction\",\"target\":[\"https:\\\/\\\/zapateneo.net\\\/wordpress\\\/index.php\\\/producto\\\/luchar-por-la-calle-manual-para-una-revolucion-urbana\\\/\"]}]},{\"@type\":\"ImageObject\",\"inLanguage\":\"es\",\"@id\":\"https:\\\/\\\/zapateneo.net\\\/wordpress\\\/index.php\\\/producto\\\/luchar-por-la-calle-manual-para-una-revolucion-urbana\\\/#primaryimage\",\"url\":\"https:\\\/\\\/zapateneo.net\\\/wordpress\\\/wp-content\\\/uploads\\\/2024\\\/12\\\/9788412779769.jpg\",\"contentUrl\":\"https:\\\/\\\/zapateneo.net\\\/wordpress\\\/wp-content\\\/uploads\\\/2024\\\/12\\\/9788412779769.jpg\",\"width\":200,\"height\":200},{\"@type\":\"BreadcrumbList\",\"@id\":\"https:\\\/\\\/zapateneo.net\\\/wordpress\\\/index.php\\\/producto\\\/luchar-por-la-calle-manual-para-una-revolucion-urbana\\\/#breadcrumb\",\"itemListElement\":[{\"@type\":\"ListItem\",\"position\":1,\"name\":\"Portada\",\"item\":\"https:\\\/\\\/zapateneo.net\\\/wordpress\\\/\"},{\"@type\":\"ListItem\",\"position\":2,\"name\":\"Tienda\",\"item\":\"https:\\\/\\\/zapateneo.net\\\/wordpress\\\/\"},{\"@type\":\"ListItem\",\"position\":3,\"name\":\"Luchar por la calle Manual para una revoluci\u00f3n urbana\"}]},{\"@type\":\"WebSite\",\"@id\":\"https:\\\/\\\/zapateneo.net\\\/wordpress\\\/#website\",\"url\":\"https:\\\/\\\/zapateneo.net\\\/wordpress\\\/\",\"name\":\"Zapateneo\",\"description\":\"Zapateneoaren webgunea\",\"publisher\":{\"@id\":\"https:\\\/\\\/zapateneo.net\\\/wordpress\\\/#organization\"},\"potentialAction\":[{\"@type\":\"SearchAction\",\"target\":{\"@type\":\"EntryPoint\",\"urlTemplate\":\"https:\\\/\\\/zapateneo.net\\\/wordpress\\\/?s={search_term_string}\"},\"query-input\":{\"@type\":\"PropertyValueSpecification\",\"valueRequired\":true,\"valueName\":\"search_term_string\"}}],\"inLanguage\":\"es\"},{\"@type\":\"Organization\",\"@id\":\"https:\\\/\\\/zapateneo.net\\\/wordpress\\\/#organization\",\"name\":\"Zapateneo Kultur Elkartea\",\"url\":\"https:\\\/\\\/zapateneo.net\\\/wordpress\\\/\",\"logo\":{\"@type\":\"ImageObject\",\"inLanguage\":\"es\",\"@id\":\"https:\\\/\\\/zapateneo.net\\\/wordpress\\\/#\\\/schema\\\/logo\\\/image\\\/\",\"url\":\"https:\\\/\\\/zapateneo.net\\\/wordpress\\\/wp-content\\\/uploads\\\/2021\\\/04\\\/zap-libu-kolec.jpg\",\"contentUrl\":\"https:\\\/\\\/zapateneo.net\\\/wordpress\\\/wp-content\\\/uploads\\\/2021\\\/04\\\/zap-libu-kolec.jpg\",\"width\":2234,\"height\":398,\"caption\":\"Zapateneo Kultur Elkartea\"},\"image\":{\"@id\":\"https:\\\/\\\/zapateneo.net\\\/wordpress\\\/#\\\/schema\\\/logo\\\/image\\\/\"},\"sameAs\":[\"https:\\\/\\\/x.com\\\/zapateneo\"]}]}<\/script>\n<!-- \/ Yoast SEO plugin. -->","yoast_head_json":{"title":"Luchar por la calle Manual para una revoluci\u00f3n urbana &#8212; Zapateneo","robots":{"index":"index","follow":"follow","max-snippet":"max-snippet:-1","max-image-preview":"max-image-preview:large","max-video-preview":"max-video-preview:-1"},"canonical":"https:\/\/zapateneo.net\/wordpress\/index.php\/producto\/luchar-por-la-calle-manual-para-una-revolucion-urbana\/","og_locale":"es_ES","og_type":"article","og_title":"Luchar por la calle Manual para una revoluci\u00f3n urbana &#8212; Zapateneo","og_description":"Janette Sadik-Khan, Seth Solomonow 9788412779769 - Capit\u00e1n Swing - 2024 - 376 p\u00e1ginas \/orri.","og_url":"https:\/\/zapateneo.net\/wordpress\/index.php\/producto\/luchar-por-la-calle-manual-para-una-revolucion-urbana\/","og_site_name":"Zapateneo","article_modified_time":"2024-12-30T15:59:05+00:00","twitter_card":"summary_large_image","twitter_site":"@zapateneo","twitter_misc":{"Tiempo de lectura":"1 minuto"},"schema":{"@context":"https:\/\/schema.org","@graph":[{"@type":"WebPage","@id":"https:\/\/zapateneo.net\/wordpress\/index.php\/producto\/luchar-por-la-calle-manual-para-una-revolucion-urbana\/","url":"https:\/\/zapateneo.net\/wordpress\/index.php\/producto\/luchar-por-la-calle-manual-para-una-revolucion-urbana\/","name":"Luchar por la calle Manual para una revoluci\u00f3n urbana &#8212; Zapateneo","isPartOf":{"@id":"https:\/\/zapateneo.net\/wordpress\/#website"},"primaryImageOfPage":{"@id":"https:\/\/zapateneo.net\/wordpress\/index.php\/producto\/luchar-por-la-calle-manual-para-una-revolucion-urbana\/#primaryimage"},"image":{"@id":"https:\/\/zapateneo.net\/wordpress\/index.php\/producto\/luchar-por-la-calle-manual-para-una-revolucion-urbana\/#primaryimage"},"thumbnailUrl":"https:\/\/zapateneo.net\/wordpress\/wp-content\/uploads\/2024\/12\/9788412779769.jpg","datePublished":"2024-12-30T15:59:00+00:00","dateModified":"2024-12-30T15:59:05+00:00","breadcrumb":{"@id":"https:\/\/zapateneo.net\/wordpress\/index.php\/producto\/luchar-por-la-calle-manual-para-una-revolucion-urbana\/#breadcrumb"},"inLanguage":"es","potentialAction":[{"@type":"ReadAction","target":["https:\/\/zapateneo.net\/wordpress\/index.php\/producto\/luchar-por-la-calle-manual-para-una-revolucion-urbana\/"]}]},{"@type":"ImageObject","inLanguage":"es","@id":"https:\/\/zapateneo.net\/wordpress\/index.php\/producto\/luchar-por-la-calle-manual-para-una-revolucion-urbana\/#primaryimage","url":"https:\/\/zapateneo.net\/wordpress\/wp-content\/uploads\/2024\/12\/9788412779769.jpg","contentUrl":"https:\/\/zapateneo.net\/wordpress\/wp-content\/uploads\/2024\/12\/9788412779769.jpg","width":200,"height":200},{"@type":"BreadcrumbList","@id":"https:\/\/zapateneo.net\/wordpress\/index.php\/producto\/luchar-por-la-calle-manual-para-una-revolucion-urbana\/#breadcrumb","itemListElement":[{"@type":"ListItem","position":1,"name":"Portada","item":"https:\/\/zapateneo.net\/wordpress\/"},{"@type":"ListItem","position":2,"name":"Tienda","item":"https:\/\/zapateneo.net\/wordpress\/"},{"@type":"ListItem","position":3,"name":"Luchar por la calle Manual para una revoluci\u00f3n urbana"}]},{"@type":"WebSite","@id":"https:\/\/zapateneo.net\/wordpress\/#website","url":"https:\/\/zapateneo.net\/wordpress\/","name":"Zapateneo","description":"Zapateneoaren webgunea","publisher":{"@id":"https:\/\/zapateneo.net\/wordpress\/#organization"},"potentialAction":[{"@type":"SearchAction","target":{"@type":"EntryPoint","urlTemplate":"https:\/\/zapateneo.net\/wordpress\/?s={search_term_string}"},"query-input":{"@type":"PropertyValueSpecification","valueRequired":true,"valueName":"search_term_string"}}],"inLanguage":"es"},{"@type":"Organization","@id":"https:\/\/zapateneo.net\/wordpress\/#organization","name":"Zapateneo Kultur Elkartea","url":"https:\/\/zapateneo.net\/wordpress\/","logo":{"@type":"ImageObject","inLanguage":"es","@id":"https:\/\/zapateneo.net\/wordpress\/#\/schema\/logo\/image\/","url":"https:\/\/zapateneo.net\/wordpress\/wp-content\/uploads\/2021\/04\/zap-libu-kolec.jpg","contentUrl":"https:\/\/zapateneo.net\/wordpress\/wp-content\/uploads\/2021\/04\/zap-libu-kolec.jpg","width":2234,"height":398,"caption":"Zapateneo Kultur Elkartea"},"image":{"@id":"https:\/\/zapateneo.net\/wordpress\/#\/schema\/logo\/image\/"},"sameAs":["https:\/\/x.com\/zapateneo"]}]}},"_links":{"self":[{"href":"https:\/\/zapateneo.net\/wordpress\/index.php\/wp-json\/wp\/v2\/product\/15562","targetHints":{"allow":["GET"]}}],"collection":[{"href":"https:\/\/zapateneo.net\/wordpress\/index.php\/wp-json\/wp\/v2\/product"}],"about":[{"href":"https:\/\/zapateneo.net\/wordpress\/index.php\/wp-json\/wp\/v2\/types\/product"}],"wp:featuredmedia":[{"embeddable":true,"href":"https:\/\/zapateneo.net\/wordpress\/index.php\/wp-json\/wp\/v2\/media\/15587"}],"wp:attachment":[{"href":"https:\/\/zapateneo.net\/wordpress\/index.php\/wp-json\/wp\/v2\/media?parent=15562"}],"wp:term":[{"taxonomy":"product_brand","embeddable":true,"href":"https:\/\/zapateneo.net\/wordpress\/index.php\/wp-json\/wp\/v2\/product_brand?post=15562"},{"taxonomy":"product_cat","embeddable":true,"href":"https:\/\/zapateneo.net\/wordpress\/index.php\/wp-json\/wp\/v2\/product_cat?post=15562"},{"taxonomy":"product_tag","embeddable":true,"href":"https:\/\/zapateneo.net\/wordpress\/index.php\/wp-json\/wp\/v2\/product_tag?post=15562"}],"curies":[{"name":"wp","href":"https:\/\/api.w.org\/{rel}","templated":true}]}}