{"id":15531,"date":"2024-12-29T18:37:59","date_gmt":"2024-12-29T17:37:59","guid":{"rendered":"https:\/\/zapateneo.net\/wordpress\/?post_type=product&#038;p=15531"},"modified":"2024-12-29T18:38:11","modified_gmt":"2024-12-29T17:38:11","slug":"la-invencion-de-los-sexos-como-la-ciencia-puso-el-binarismo-en-nuestros-cerebros-y-como-los-feminism","status":"publish","type":"product","link":"https:\/\/zapateneo.net\/wordpress\/index.php\/producto\/la-invencion-de-los-sexos-como-la-ciencia-puso-el-binarismo-en-nuestros-cerebros-y-como-los-feminism\/","title":{"rendered":"LA INVENCI\u00d3N DE LOS SEXOS C\u00f3mo la ciencia puso el binarismo en nuestros cerebros y c\u00f3mo los feminism"},"content":{"rendered":"<p>\u00bfEst\u00e1 el sexo en la naturaleza? \u00bfQui\u00e9n dijo que hay dos g\u00e9neros, o dos orientaciones sexuales? \u00bfSomos resultado de nuestras hormonas? \u00bfCu\u00e1nta biolog\u00eda hay en nuestro comportamiento, nuestros deseos, nuestra subjetividad? \u00bfHay cerebros rosas y celestes? \u00bfLos genes determinan nuestras caracter\u00edsticas, nuestro modo de ser, nuestras pasiones? La invenci\u00f3n de los sexos responde a estas preguntas revisando evidencia y discutiendo interpretaciones. Al hacerlo, muchas de las nociones que aceptamos como verdades cient\u00edficas se revelan endebles y sesgadas, cuando no escandalosamente falsas.<br \/>\nLu Ciccia recorre la historia de la ciencia y desmenuza los argumentos con los que el discurso cient\u00edfico sobre la diferencia sexual construy\u00f3 legitimidad para el sistema de valores androc\u00e9ntrico y la supremac\u00eda del cis var\u00f3n. En paralelo, revisa los modos en que, a lo largo de esa historia, los feminismos interpelaron y cuestionaron, con distintos \u00e9nfasis, la naturalizaci\u00f3n de las jerarqu\u00edas. Para responder a estos desaf\u00edos, en el periplo de la modernidad, el binarismo se asent\u00f3 sucesivamente en la genitalidad, en las hormonas, en la gen\u00e9tica y, por fin, en el cerebro. Lejos de lecturas complacientes, Lu anota tambi\u00e9n las limitaciones de las distintas vertientes del movimiento feminista para producir una lectura verdaderamente revolucionaria de los cuerpos y de la diversidad.<br \/>\nCon rigor y claridad, Lu Ciccia explora desde la cognici\u00f3n y la conducta hasta el \u00e1mbito biom\u00e9dico, y pone \u00e9nfasis en las consecuencias que la mirada androc\u00e9ntrica ha tenido y tiene sobre la descripci\u00f3n de qu\u00e9 son las enfermedades, c\u00f3mo y a qui\u00e9nes afectan, y c\u00f3mo se tratan. Sin dejar de lado el materialismo, cuestiona la distinci\u00f3n tajante entre naturaleza y cultura. De all\u00ed en m\u00e1s, ninguna relaci\u00f3n de causalidad queda en pie. Porque la mente es m\u00e1s que el cerebro, y porque el destino no est\u00e1 escrito en la biolog\u00eda.<\/p>\n","protected":false},"excerpt":{"rendered":"<p><strong>Lu Ciccia<\/strong><br \/>\n9788432320644 &#8211; Siglo XXI &#8211; 2024 &#8211; 268 p\u00e1ginas \/orri.<\/p>\n","protected":false},"featured_media":15557,"template":"","meta":[],"product_brand":[],"product_cat":[174,16],"product_tag":[6982,423],"class_list":{"0":"post-15531","1":"product","2":"type-product","3":"status-publish","4":"has-post-thumbnail","6":"product_cat-generoak-generos","7":"product_cat-libros","8":"product_tag-lu-ciccia","9":"product_tag-siglo-xxi","11":"first","12":"instock","13":"sold-individually","14":"shipping-taxable","15":"purchasable","16":"product-type-simple"},"yoast_head":"<!-- This site is optimized with the Yoast SEO plugin v27.3 - https:\/\/yoast.com\/product\/yoast-seo-wordpress\/ -->\n<title>LA INVENCI\u00d3N DE LOS SEXOS C\u00f3mo la ciencia puso el binarismo en nuestros cerebros y c\u00f3mo los feminism &#8212; Zapateneo<\/title>\n<meta name=\"robots\" content=\"index, follow, max-snippet:-1, max-image-preview:large, max-video-preview:-1\" \/>\n<link rel=\"canonical\" href=\"https:\/\/zapateneo.net\/wordpress\/index.php\/producto\/la-invencion-de-los-sexos-como-la-ciencia-puso-el-binarismo-en-nuestros-cerebros-y-como-los-feminism\/\" \/>\n<meta property=\"og:locale\" content=\"es_ES\" \/>\n<meta property=\"og:type\" content=\"article\" \/>\n<meta property=\"og:title\" content=\"LA INVENCI\u00d3N DE LOS SEXOS C\u00f3mo la ciencia puso el binarismo en nuestros cerebros y c\u00f3mo los feminism &#8212; Zapateneo\" \/>\n<meta property=\"og:description\" content=\"Lu Ciccia 9788432320644 - Siglo XXI - 2024 - 268 p\u00e1ginas \/orri.\" \/>\n<meta property=\"og:url\" content=\"https:\/\/zapateneo.net\/wordpress\/index.php\/producto\/la-invencion-de-los-sexos-como-la-ciencia-puso-el-binarismo-en-nuestros-cerebros-y-como-los-feminism\/\" \/>\n<meta property=\"og:site_name\" content=\"Zapateneo\" \/>\n<meta property=\"article:modified_time\" content=\"2024-12-29T17:38:11+00:00\" \/>\n<meta name=\"twitter:card\" content=\"summary_large_image\" \/>\n<meta name=\"twitter:site\" content=\"@zapateneo\" \/>\n<meta name=\"twitter:label1\" content=\"Tiempo de lectura\" \/>\n\t<meta name=\"twitter:data1\" content=\"2 minutos\" \/>\n<script type=\"application\/ld+json\" class=\"yoast-schema-graph\">{\"@context\":\"https:\\\/\\\/schema.org\",\"@graph\":[{\"@type\":\"WebPage\",\"@id\":\"https:\\\/\\\/zapateneo.net\\\/wordpress\\\/index.php\\\/producto\\\/la-invencion-de-los-sexos-como-la-ciencia-puso-el-binarismo-en-nuestros-cerebros-y-como-los-feminism\\\/\",\"url\":\"https:\\\/\\\/zapateneo.net\\\/wordpress\\\/index.php\\\/producto\\\/la-invencion-de-los-sexos-como-la-ciencia-puso-el-binarismo-en-nuestros-cerebros-y-como-los-feminism\\\/\",\"name\":\"LA INVENCI\u00d3N DE LOS SEXOS C\u00f3mo la ciencia puso el binarismo en nuestros cerebros y c\u00f3mo los feminism &#8212; Zapateneo\",\"isPartOf\":{\"@id\":\"https:\\\/\\\/zapateneo.net\\\/wordpress\\\/#website\"},\"primaryImageOfPage\":{\"@id\":\"https:\\\/\\\/zapateneo.net\\\/wordpress\\\/index.php\\\/producto\\\/la-invencion-de-los-sexos-como-la-ciencia-puso-el-binarismo-en-nuestros-cerebros-y-como-los-feminism\\\/#primaryimage\"},\"image\":{\"@id\":\"https:\\\/\\\/zapateneo.net\\\/wordpress\\\/index.php\\\/producto\\\/la-invencion-de-los-sexos-como-la-ciencia-puso-el-binarismo-en-nuestros-cerebros-y-como-los-feminism\\\/#primaryimage\"},\"thumbnailUrl\":\"https:\\\/\\\/zapateneo.net\\\/wordpress\\\/wp-content\\\/uploads\\\/2024\\\/12\\\/9788432320644.jpg\",\"datePublished\":\"2024-12-29T17:37:59+00:00\",\"dateModified\":\"2024-12-29T17:38:11+00:00\",\"breadcrumb\":{\"@id\":\"https:\\\/\\\/zapateneo.net\\\/wordpress\\\/index.php\\\/producto\\\/la-invencion-de-los-sexos-como-la-ciencia-puso-el-binarismo-en-nuestros-cerebros-y-como-los-feminism\\\/#breadcrumb\"},\"inLanguage\":\"es\",\"potentialAction\":[{\"@type\":\"ReadAction\",\"target\":[\"https:\\\/\\\/zapateneo.net\\\/wordpress\\\/index.php\\\/producto\\\/la-invencion-de-los-sexos-como-la-ciencia-puso-el-binarismo-en-nuestros-cerebros-y-como-los-feminism\\\/\"]}]},{\"@type\":\"ImageObject\",\"inLanguage\":\"es\",\"@id\":\"https:\\\/\\\/zapateneo.net\\\/wordpress\\\/index.php\\\/producto\\\/la-invencion-de-los-sexos-como-la-ciencia-puso-el-binarismo-en-nuestros-cerebros-y-como-los-feminism\\\/#primaryimage\",\"url\":\"https:\\\/\\\/zapateneo.net\\\/wordpress\\\/wp-content\\\/uploads\\\/2024\\\/12\\\/9788432320644.jpg\",\"contentUrl\":\"https:\\\/\\\/zapateneo.net\\\/wordpress\\\/wp-content\\\/uploads\\\/2024\\\/12\\\/9788432320644.jpg\",\"width\":267,\"height\":400},{\"@type\":\"BreadcrumbList\",\"@id\":\"https:\\\/\\\/zapateneo.net\\\/wordpress\\\/index.php\\\/producto\\\/la-invencion-de-los-sexos-como-la-ciencia-puso-el-binarismo-en-nuestros-cerebros-y-como-los-feminism\\\/#breadcrumb\",\"itemListElement\":[{\"@type\":\"ListItem\",\"position\":1,\"name\":\"Portada\",\"item\":\"https:\\\/\\\/zapateneo.net\\\/wordpress\\\/\"},{\"@type\":\"ListItem\",\"position\":2,\"name\":\"Tienda\",\"item\":\"https:\\\/\\\/zapateneo.net\\\/wordpress\\\/\"},{\"@type\":\"ListItem\",\"position\":3,\"name\":\"LA INVENCI\u00d3N DE LOS SEXOS C\u00f3mo la ciencia puso el binarismo en nuestros cerebros y c\u00f3mo los feminism\"}]},{\"@type\":\"WebSite\",\"@id\":\"https:\\\/\\\/zapateneo.net\\\/wordpress\\\/#website\",\"url\":\"https:\\\/\\\/zapateneo.net\\\/wordpress\\\/\",\"name\":\"Zapateneo\",\"description\":\"Zapateneoaren webgunea\",\"publisher\":{\"@id\":\"https:\\\/\\\/zapateneo.net\\\/wordpress\\\/#organization\"},\"potentialAction\":[{\"@type\":\"SearchAction\",\"target\":{\"@type\":\"EntryPoint\",\"urlTemplate\":\"https:\\\/\\\/zapateneo.net\\\/wordpress\\\/?s={search_term_string}\"},\"query-input\":{\"@type\":\"PropertyValueSpecification\",\"valueRequired\":true,\"valueName\":\"search_term_string\"}}],\"inLanguage\":\"es\"},{\"@type\":\"Organization\",\"@id\":\"https:\\\/\\\/zapateneo.net\\\/wordpress\\\/#organization\",\"name\":\"Zapateneo Kultur Elkartea\",\"url\":\"https:\\\/\\\/zapateneo.net\\\/wordpress\\\/\",\"logo\":{\"@type\":\"ImageObject\",\"inLanguage\":\"es\",\"@id\":\"https:\\\/\\\/zapateneo.net\\\/wordpress\\\/#\\\/schema\\\/logo\\\/image\\\/\",\"url\":\"https:\\\/\\\/zapateneo.net\\\/wordpress\\\/wp-content\\\/uploads\\\/2021\\\/04\\\/zap-libu-kolec.jpg\",\"contentUrl\":\"https:\\\/\\\/zapateneo.net\\\/wordpress\\\/wp-content\\\/uploads\\\/2021\\\/04\\\/zap-libu-kolec.jpg\",\"width\":2234,\"height\":398,\"caption\":\"Zapateneo Kultur Elkartea\"},\"image\":{\"@id\":\"https:\\\/\\\/zapateneo.net\\\/wordpress\\\/#\\\/schema\\\/logo\\\/image\\\/\"},\"sameAs\":[\"https:\\\/\\\/x.com\\\/zapateneo\"]}]}<\/script>\n<!-- \/ Yoast SEO plugin. -->","yoast_head_json":{"title":"LA INVENCI\u00d3N DE LOS SEXOS C\u00f3mo la ciencia puso el binarismo en nuestros cerebros y c\u00f3mo los feminism &#8212; Zapateneo","robots":{"index":"index","follow":"follow","max-snippet":"max-snippet:-1","max-image-preview":"max-image-preview:large","max-video-preview":"max-video-preview:-1"},"canonical":"https:\/\/zapateneo.net\/wordpress\/index.php\/producto\/la-invencion-de-los-sexos-como-la-ciencia-puso-el-binarismo-en-nuestros-cerebros-y-como-los-feminism\/","og_locale":"es_ES","og_type":"article","og_title":"LA INVENCI\u00d3N DE LOS SEXOS C\u00f3mo la ciencia puso el binarismo en nuestros cerebros y c\u00f3mo los feminism &#8212; Zapateneo","og_description":"Lu Ciccia 9788432320644 - Siglo XXI - 2024 - 268 p\u00e1ginas \/orri.","og_url":"https:\/\/zapateneo.net\/wordpress\/index.php\/producto\/la-invencion-de-los-sexos-como-la-ciencia-puso-el-binarismo-en-nuestros-cerebros-y-como-los-feminism\/","og_site_name":"Zapateneo","article_modified_time":"2024-12-29T17:38:11+00:00","twitter_card":"summary_large_image","twitter_site":"@zapateneo","twitter_misc":{"Tiempo de lectura":"2 minutos"},"schema":{"@context":"https:\/\/schema.org","@graph":[{"@type":"WebPage","@id":"https:\/\/zapateneo.net\/wordpress\/index.php\/producto\/la-invencion-de-los-sexos-como-la-ciencia-puso-el-binarismo-en-nuestros-cerebros-y-como-los-feminism\/","url":"https:\/\/zapateneo.net\/wordpress\/index.php\/producto\/la-invencion-de-los-sexos-como-la-ciencia-puso-el-binarismo-en-nuestros-cerebros-y-como-los-feminism\/","name":"LA INVENCI\u00d3N DE LOS SEXOS C\u00f3mo la ciencia puso el binarismo en nuestros cerebros y c\u00f3mo los feminism &#8212; Zapateneo","isPartOf":{"@id":"https:\/\/zapateneo.net\/wordpress\/#website"},"primaryImageOfPage":{"@id":"https:\/\/zapateneo.net\/wordpress\/index.php\/producto\/la-invencion-de-los-sexos-como-la-ciencia-puso-el-binarismo-en-nuestros-cerebros-y-como-los-feminism\/#primaryimage"},"image":{"@id":"https:\/\/zapateneo.net\/wordpress\/index.php\/producto\/la-invencion-de-los-sexos-como-la-ciencia-puso-el-binarismo-en-nuestros-cerebros-y-como-los-feminism\/#primaryimage"},"thumbnailUrl":"https:\/\/zapateneo.net\/wordpress\/wp-content\/uploads\/2024\/12\/9788432320644.jpg","datePublished":"2024-12-29T17:37:59+00:00","dateModified":"2024-12-29T17:38:11+00:00","breadcrumb":{"@id":"https:\/\/zapateneo.net\/wordpress\/index.php\/producto\/la-invencion-de-los-sexos-como-la-ciencia-puso-el-binarismo-en-nuestros-cerebros-y-como-los-feminism\/#breadcrumb"},"inLanguage":"es","potentialAction":[{"@type":"ReadAction","target":["https:\/\/zapateneo.net\/wordpress\/index.php\/producto\/la-invencion-de-los-sexos-como-la-ciencia-puso-el-binarismo-en-nuestros-cerebros-y-como-los-feminism\/"]}]},{"@type":"ImageObject","inLanguage":"es","@id":"https:\/\/zapateneo.net\/wordpress\/index.php\/producto\/la-invencion-de-los-sexos-como-la-ciencia-puso-el-binarismo-en-nuestros-cerebros-y-como-los-feminism\/#primaryimage","url":"https:\/\/zapateneo.net\/wordpress\/wp-content\/uploads\/2024\/12\/9788432320644.jpg","contentUrl":"https:\/\/zapateneo.net\/wordpress\/wp-content\/uploads\/2024\/12\/9788432320644.jpg","width":267,"height":400},{"@type":"BreadcrumbList","@id":"https:\/\/zapateneo.net\/wordpress\/index.php\/producto\/la-invencion-de-los-sexos-como-la-ciencia-puso-el-binarismo-en-nuestros-cerebros-y-como-los-feminism\/#breadcrumb","itemListElement":[{"@type":"ListItem","position":1,"name":"Portada","item":"https:\/\/zapateneo.net\/wordpress\/"},{"@type":"ListItem","position":2,"name":"Tienda","item":"https:\/\/zapateneo.net\/wordpress\/"},{"@type":"ListItem","position":3,"name":"LA INVENCI\u00d3N DE LOS SEXOS C\u00f3mo la ciencia puso el binarismo en nuestros cerebros y c\u00f3mo los feminism"}]},{"@type":"WebSite","@id":"https:\/\/zapateneo.net\/wordpress\/#website","url":"https:\/\/zapateneo.net\/wordpress\/","name":"Zapateneo","description":"Zapateneoaren webgunea","publisher":{"@id":"https:\/\/zapateneo.net\/wordpress\/#organization"},"potentialAction":[{"@type":"SearchAction","target":{"@type":"EntryPoint","urlTemplate":"https:\/\/zapateneo.net\/wordpress\/?s={search_term_string}"},"query-input":{"@type":"PropertyValueSpecification","valueRequired":true,"valueName":"search_term_string"}}],"inLanguage":"es"},{"@type":"Organization","@id":"https:\/\/zapateneo.net\/wordpress\/#organization","name":"Zapateneo Kultur Elkartea","url":"https:\/\/zapateneo.net\/wordpress\/","logo":{"@type":"ImageObject","inLanguage":"es","@id":"https:\/\/zapateneo.net\/wordpress\/#\/schema\/logo\/image\/","url":"https:\/\/zapateneo.net\/wordpress\/wp-content\/uploads\/2021\/04\/zap-libu-kolec.jpg","contentUrl":"https:\/\/zapateneo.net\/wordpress\/wp-content\/uploads\/2021\/04\/zap-libu-kolec.jpg","width":2234,"height":398,"caption":"Zapateneo Kultur Elkartea"},"image":{"@id":"https:\/\/zapateneo.net\/wordpress\/#\/schema\/logo\/image\/"},"sameAs":["https:\/\/x.com\/zapateneo"]}]}},"_links":{"self":[{"href":"https:\/\/zapateneo.net\/wordpress\/index.php\/wp-json\/wp\/v2\/product\/15531","targetHints":{"allow":["GET"]}}],"collection":[{"href":"https:\/\/zapateneo.net\/wordpress\/index.php\/wp-json\/wp\/v2\/product"}],"about":[{"href":"https:\/\/zapateneo.net\/wordpress\/index.php\/wp-json\/wp\/v2\/types\/product"}],"wp:featuredmedia":[{"embeddable":true,"href":"https:\/\/zapateneo.net\/wordpress\/index.php\/wp-json\/wp\/v2\/media\/15557"}],"wp:attachment":[{"href":"https:\/\/zapateneo.net\/wordpress\/index.php\/wp-json\/wp\/v2\/media?parent=15531"}],"wp:term":[{"taxonomy":"product_brand","embeddable":true,"href":"https:\/\/zapateneo.net\/wordpress\/index.php\/wp-json\/wp\/v2\/product_brand?post=15531"},{"taxonomy":"product_cat","embeddable":true,"href":"https:\/\/zapateneo.net\/wordpress\/index.php\/wp-json\/wp\/v2\/product_cat?post=15531"},{"taxonomy":"product_tag","embeddable":true,"href":"https:\/\/zapateneo.net\/wordpress\/index.php\/wp-json\/wp\/v2\/product_tag?post=15531"}],"curies":[{"name":"wp","href":"https:\/\/api.w.org\/{rel}","templated":true}]}}