{"id":15530,"date":"2024-12-29T18:37:59","date_gmt":"2024-12-29T17:37:59","guid":{"rendered":"https:\/\/zapateneo.net\/wordpress\/?post_type=product&#038;p=15530"},"modified":"2024-12-29T18:38:10","modified_gmt":"2024-12-29T17:38:10","slug":"como-aprendemos-los-cuatro-pilares-con-los-que-la-educacion-puede-potenciar-los-talentos-de-nuestr","status":"publish","type":"product","link":"https:\/\/zapateneo.net\/wordpress\/index.php\/producto\/como-aprendemos-los-cuatro-pilares-con-los-que-la-educacion-puede-potenciar-los-talentos-de-nuestr\/","title":{"rendered":"\u00bfC\u00d3MO APRENDEMOS? Los cuatro pilares con los que la educaci\u00f3n puede potenciar los talentos de nuestr"},"content":{"rendered":"<p>El cerebro humano es una m\u00e1quina extraordinaria, capaz de transformarse a s\u00ed misma a partir de la experiencia y de albergar talentos que nos vuelven \u00fanicos como especie: lenguaje, lectura, matem\u00e1ticas, creaci\u00f3n art\u00edstica. La m\u00e1s asombrosa de sus facultades es sin dudas la del aprendizaje, aquella que nos permite no solo adaptarnos a las circunstancias, sino tambi\u00e9n lanzarnos con entusiasmo en busca de lo desconocido. Un beb\u00e9 aprende m\u00e1s r\u00e1pido y m\u00e1s profundo que cualquier dispositivo de inteligencia artificial. Y por si esto fuera poco, los seres humanos han inventado un medio de inconmensurable eficacia para expandir su fabulosa capacidad. \u00bfRobots inteligentes? \u00bfSupercomputadoras? No: la escuela, esa poderosa instituci\u00f3n de alcance masivo que acelera el desarrollo de nuestras habilidades y la transmisi\u00f3n del conocimiento acumulado por generaciones.<br \/>\nReuniendo aportes de las neurociencias, la psicolog\u00eda cognitiva, la inform\u00e1tica y la pedagog\u00eda, \u00bfC\u00f3mo aprendemos? explora en detalle las investigaciones acerca del aprendizaje y sus fundamentos biol\u00f3gicos: \u00bfcu\u00e1les son los procesos neuronales implicados?, \u00bfpor qu\u00e9 la infancia y la juventud son tan sensibles?, \u00bfpodemos seguir aprendiendo toda la vida?, \u00bfcu\u00e1nto hay de innato y cu\u00e1nto de adquirido en los dominios m\u00e1s relevantes de nuestro conocimiento? \u00bfTodos somos iguales a la hora de aprender? \u00bfCu\u00e1l es el rol de la memoria, de la atenci\u00f3n? \u00bfQu\u00e9 papel cumplen la nutrici\u00f3n, el sue\u00f1o o la actividad f\u00edsica en el desarrollo? \u00bfQu\u00e9 funci\u00f3n tiene el error?<br \/>\nPero Stanislas Dehaene, c\u00e9lebre neurocient\u00edfico y presidente del Consejo Cient\u00edfico de Educaci\u00f3n Nacional de Francia, no se queda en el laboratorio: para que todos podamos aprender a aprender, plantea con claridad las consecuencias pr\u00e1cticas de estos descubrimientos. Entre ellas, destaca el valor intr\u00ednseco del juego, el placer y la socializaci\u00f3n, pero tambi\u00e9n de la concentraci\u00f3n, la pr\u00e1ctica continuada y la evaluaci\u00f3n. De la mano de los cuatro pilares del aprendizaje \u2013la atenci\u00f3n, el compromiso activo, el buen feedback y la consolidaci\u00f3n\u2013, lleva recomendaciones precisas para implementar en la familia y en la escuela de manera cotidiana<\/p>\n","protected":false},"excerpt":{"rendered":"<p><strong>Stanislas Dehane<\/strong><br \/>\n9788432320651 &#8211; Siglo XXI &#8211; 2024 &#8211; 352 p\u00e1ginas \/orri.<\/p>\n","protected":false},"featured_media":15556,"template":"","meta":[],"product_brand":[],"product_cat":[186,16],"product_tag":[423,6981],"class_list":{"0":"post-15530","1":"product","2":"type-product","3":"status-publish","4":"has-post-thumbnail","6":"product_cat-hezkuntza-educacion","7":"product_cat-libros","8":"product_tag-siglo-xxi","9":"product_tag-stanislas-dehane","11":"first","12":"instock","13":"sold-individually","14":"shipping-taxable","15":"purchasable","16":"product-type-simple"},"yoast_head":"<!-- This site is optimized with the Yoast SEO plugin v27.3 - https:\/\/yoast.com\/product\/yoast-seo-wordpress\/ -->\n<title>\u00bfC\u00d3MO APRENDEMOS? Los cuatro pilares con los que la educaci\u00f3n puede potenciar los talentos de nuestr &#8212; Zapateneo<\/title>\n<meta name=\"robots\" content=\"index, follow, max-snippet:-1, max-image-preview:large, max-video-preview:-1\" \/>\n<link rel=\"canonical\" href=\"https:\/\/zapateneo.net\/wordpress\/index.php\/producto\/como-aprendemos-los-cuatro-pilares-con-los-que-la-educacion-puede-potenciar-los-talentos-de-nuestr\/\" \/>\n<meta property=\"og:locale\" content=\"es_ES\" \/>\n<meta property=\"og:type\" content=\"article\" \/>\n<meta property=\"og:title\" content=\"\u00bfC\u00d3MO APRENDEMOS? Los cuatro pilares con los que la educaci\u00f3n puede potenciar los talentos de nuestr &#8212; Zapateneo\" \/>\n<meta property=\"og:description\" content=\"Stanislas Dehane 9788432320651 - Siglo XXI - 2024 - 352 p\u00e1ginas \/orri.\" \/>\n<meta property=\"og:url\" content=\"https:\/\/zapateneo.net\/wordpress\/index.php\/producto\/como-aprendemos-los-cuatro-pilares-con-los-que-la-educacion-puede-potenciar-los-talentos-de-nuestr\/\" \/>\n<meta property=\"og:site_name\" content=\"Zapateneo\" \/>\n<meta property=\"article:modified_time\" content=\"2024-12-29T17:38:10+00:00\" \/>\n<meta name=\"twitter:card\" content=\"summary_large_image\" \/>\n<meta name=\"twitter:site\" content=\"@zapateneo\" \/>\n<meta name=\"twitter:label1\" content=\"Tiempo de lectura\" \/>\n\t<meta name=\"twitter:data1\" content=\"2 minutos\" \/>\n<script type=\"application\/ld+json\" class=\"yoast-schema-graph\">{\"@context\":\"https:\\\/\\\/schema.org\",\"@graph\":[{\"@type\":\"WebPage\",\"@id\":\"https:\\\/\\\/zapateneo.net\\\/wordpress\\\/index.php\\\/producto\\\/como-aprendemos-los-cuatro-pilares-con-los-que-la-educacion-puede-potenciar-los-talentos-de-nuestr\\\/\",\"url\":\"https:\\\/\\\/zapateneo.net\\\/wordpress\\\/index.php\\\/producto\\\/como-aprendemos-los-cuatro-pilares-con-los-que-la-educacion-puede-potenciar-los-talentos-de-nuestr\\\/\",\"name\":\"\u00bfC\u00d3MO APRENDEMOS? Los cuatro pilares con los que la educaci\u00f3n puede potenciar los talentos de nuestr &#8212; Zapateneo\",\"isPartOf\":{\"@id\":\"https:\\\/\\\/zapateneo.net\\\/wordpress\\\/#website\"},\"primaryImageOfPage\":{\"@id\":\"https:\\\/\\\/zapateneo.net\\\/wordpress\\\/index.php\\\/producto\\\/como-aprendemos-los-cuatro-pilares-con-los-que-la-educacion-puede-potenciar-los-talentos-de-nuestr\\\/#primaryimage\"},\"image\":{\"@id\":\"https:\\\/\\\/zapateneo.net\\\/wordpress\\\/index.php\\\/producto\\\/como-aprendemos-los-cuatro-pilares-con-los-que-la-educacion-puede-potenciar-los-talentos-de-nuestr\\\/#primaryimage\"},\"thumbnailUrl\":\"https:\\\/\\\/zapateneo.net\\\/wordpress\\\/wp-content\\\/uploads\\\/2024\\\/12\\\/9788432320651.jpg\",\"datePublished\":\"2024-12-29T17:37:59+00:00\",\"dateModified\":\"2024-12-29T17:38:10+00:00\",\"breadcrumb\":{\"@id\":\"https:\\\/\\\/zapateneo.net\\\/wordpress\\\/index.php\\\/producto\\\/como-aprendemos-los-cuatro-pilares-con-los-que-la-educacion-puede-potenciar-los-talentos-de-nuestr\\\/#breadcrumb\"},\"inLanguage\":\"es\",\"potentialAction\":[{\"@type\":\"ReadAction\",\"target\":[\"https:\\\/\\\/zapateneo.net\\\/wordpress\\\/index.php\\\/producto\\\/como-aprendemos-los-cuatro-pilares-con-los-que-la-educacion-puede-potenciar-los-talentos-de-nuestr\\\/\"]}]},{\"@type\":\"ImageObject\",\"inLanguage\":\"es\",\"@id\":\"https:\\\/\\\/zapateneo.net\\\/wordpress\\\/index.php\\\/producto\\\/como-aprendemos-los-cuatro-pilares-con-los-que-la-educacion-puede-potenciar-los-talentos-de-nuestr\\\/#primaryimage\",\"url\":\"https:\\\/\\\/zapateneo.net\\\/wordpress\\\/wp-content\\\/uploads\\\/2024\\\/12\\\/9788432320651.jpg\",\"contentUrl\":\"https:\\\/\\\/zapateneo.net\\\/wordpress\\\/wp-content\\\/uploads\\\/2024\\\/12\\\/9788432320651.jpg\",\"width\":267,\"height\":400},{\"@type\":\"BreadcrumbList\",\"@id\":\"https:\\\/\\\/zapateneo.net\\\/wordpress\\\/index.php\\\/producto\\\/como-aprendemos-los-cuatro-pilares-con-los-que-la-educacion-puede-potenciar-los-talentos-de-nuestr\\\/#breadcrumb\",\"itemListElement\":[{\"@type\":\"ListItem\",\"position\":1,\"name\":\"Portada\",\"item\":\"https:\\\/\\\/zapateneo.net\\\/wordpress\\\/\"},{\"@type\":\"ListItem\",\"position\":2,\"name\":\"Tienda\",\"item\":\"https:\\\/\\\/zapateneo.net\\\/wordpress\\\/\"},{\"@type\":\"ListItem\",\"position\":3,\"name\":\"\u00bfC\u00d3MO APRENDEMOS? Los cuatro pilares con los que la educaci\u00f3n puede potenciar los talentos de nuestr\"}]},{\"@type\":\"WebSite\",\"@id\":\"https:\\\/\\\/zapateneo.net\\\/wordpress\\\/#website\",\"url\":\"https:\\\/\\\/zapateneo.net\\\/wordpress\\\/\",\"name\":\"Zapateneo\",\"description\":\"Zapateneoaren webgunea\",\"publisher\":{\"@id\":\"https:\\\/\\\/zapateneo.net\\\/wordpress\\\/#organization\"},\"potentialAction\":[{\"@type\":\"SearchAction\",\"target\":{\"@type\":\"EntryPoint\",\"urlTemplate\":\"https:\\\/\\\/zapateneo.net\\\/wordpress\\\/?s={search_term_string}\"},\"query-input\":{\"@type\":\"PropertyValueSpecification\",\"valueRequired\":true,\"valueName\":\"search_term_string\"}}],\"inLanguage\":\"es\"},{\"@type\":\"Organization\",\"@id\":\"https:\\\/\\\/zapateneo.net\\\/wordpress\\\/#organization\",\"name\":\"Zapateneo Kultur Elkartea\",\"url\":\"https:\\\/\\\/zapateneo.net\\\/wordpress\\\/\",\"logo\":{\"@type\":\"ImageObject\",\"inLanguage\":\"es\",\"@id\":\"https:\\\/\\\/zapateneo.net\\\/wordpress\\\/#\\\/schema\\\/logo\\\/image\\\/\",\"url\":\"https:\\\/\\\/zapateneo.net\\\/wordpress\\\/wp-content\\\/uploads\\\/2021\\\/04\\\/zap-libu-kolec.jpg\",\"contentUrl\":\"https:\\\/\\\/zapateneo.net\\\/wordpress\\\/wp-content\\\/uploads\\\/2021\\\/04\\\/zap-libu-kolec.jpg\",\"width\":2234,\"height\":398,\"caption\":\"Zapateneo Kultur Elkartea\"},\"image\":{\"@id\":\"https:\\\/\\\/zapateneo.net\\\/wordpress\\\/#\\\/schema\\\/logo\\\/image\\\/\"},\"sameAs\":[\"https:\\\/\\\/x.com\\\/zapateneo\"]}]}<\/script>\n<!-- \/ Yoast SEO plugin. -->","yoast_head_json":{"title":"\u00bfC\u00d3MO APRENDEMOS? Los cuatro pilares con los que la educaci\u00f3n puede potenciar los talentos de nuestr &#8212; Zapateneo","robots":{"index":"index","follow":"follow","max-snippet":"max-snippet:-1","max-image-preview":"max-image-preview:large","max-video-preview":"max-video-preview:-1"},"canonical":"https:\/\/zapateneo.net\/wordpress\/index.php\/producto\/como-aprendemos-los-cuatro-pilares-con-los-que-la-educacion-puede-potenciar-los-talentos-de-nuestr\/","og_locale":"es_ES","og_type":"article","og_title":"\u00bfC\u00d3MO APRENDEMOS? Los cuatro pilares con los que la educaci\u00f3n puede potenciar los talentos de nuestr &#8212; Zapateneo","og_description":"Stanislas Dehane 9788432320651 - Siglo XXI - 2024 - 352 p\u00e1ginas \/orri.","og_url":"https:\/\/zapateneo.net\/wordpress\/index.php\/producto\/como-aprendemos-los-cuatro-pilares-con-los-que-la-educacion-puede-potenciar-los-talentos-de-nuestr\/","og_site_name":"Zapateneo","article_modified_time":"2024-12-29T17:38:10+00:00","twitter_card":"summary_large_image","twitter_site":"@zapateneo","twitter_misc":{"Tiempo de lectura":"2 minutos"},"schema":{"@context":"https:\/\/schema.org","@graph":[{"@type":"WebPage","@id":"https:\/\/zapateneo.net\/wordpress\/index.php\/producto\/como-aprendemos-los-cuatro-pilares-con-los-que-la-educacion-puede-potenciar-los-talentos-de-nuestr\/","url":"https:\/\/zapateneo.net\/wordpress\/index.php\/producto\/como-aprendemos-los-cuatro-pilares-con-los-que-la-educacion-puede-potenciar-los-talentos-de-nuestr\/","name":"\u00bfC\u00d3MO APRENDEMOS? Los cuatro pilares con los que la educaci\u00f3n puede potenciar los talentos de nuestr &#8212; Zapateneo","isPartOf":{"@id":"https:\/\/zapateneo.net\/wordpress\/#website"},"primaryImageOfPage":{"@id":"https:\/\/zapateneo.net\/wordpress\/index.php\/producto\/como-aprendemos-los-cuatro-pilares-con-los-que-la-educacion-puede-potenciar-los-talentos-de-nuestr\/#primaryimage"},"image":{"@id":"https:\/\/zapateneo.net\/wordpress\/index.php\/producto\/como-aprendemos-los-cuatro-pilares-con-los-que-la-educacion-puede-potenciar-los-talentos-de-nuestr\/#primaryimage"},"thumbnailUrl":"https:\/\/zapateneo.net\/wordpress\/wp-content\/uploads\/2024\/12\/9788432320651.jpg","datePublished":"2024-12-29T17:37:59+00:00","dateModified":"2024-12-29T17:38:10+00:00","breadcrumb":{"@id":"https:\/\/zapateneo.net\/wordpress\/index.php\/producto\/como-aprendemos-los-cuatro-pilares-con-los-que-la-educacion-puede-potenciar-los-talentos-de-nuestr\/#breadcrumb"},"inLanguage":"es","potentialAction":[{"@type":"ReadAction","target":["https:\/\/zapateneo.net\/wordpress\/index.php\/producto\/como-aprendemos-los-cuatro-pilares-con-los-que-la-educacion-puede-potenciar-los-talentos-de-nuestr\/"]}]},{"@type":"ImageObject","inLanguage":"es","@id":"https:\/\/zapateneo.net\/wordpress\/index.php\/producto\/como-aprendemos-los-cuatro-pilares-con-los-que-la-educacion-puede-potenciar-los-talentos-de-nuestr\/#primaryimage","url":"https:\/\/zapateneo.net\/wordpress\/wp-content\/uploads\/2024\/12\/9788432320651.jpg","contentUrl":"https:\/\/zapateneo.net\/wordpress\/wp-content\/uploads\/2024\/12\/9788432320651.jpg","width":267,"height":400},{"@type":"BreadcrumbList","@id":"https:\/\/zapateneo.net\/wordpress\/index.php\/producto\/como-aprendemos-los-cuatro-pilares-con-los-que-la-educacion-puede-potenciar-los-talentos-de-nuestr\/#breadcrumb","itemListElement":[{"@type":"ListItem","position":1,"name":"Portada","item":"https:\/\/zapateneo.net\/wordpress\/"},{"@type":"ListItem","position":2,"name":"Tienda","item":"https:\/\/zapateneo.net\/wordpress\/"},{"@type":"ListItem","position":3,"name":"\u00bfC\u00d3MO APRENDEMOS? Los cuatro pilares con los que la educaci\u00f3n puede potenciar los talentos de nuestr"}]},{"@type":"WebSite","@id":"https:\/\/zapateneo.net\/wordpress\/#website","url":"https:\/\/zapateneo.net\/wordpress\/","name":"Zapateneo","description":"Zapateneoaren webgunea","publisher":{"@id":"https:\/\/zapateneo.net\/wordpress\/#organization"},"potentialAction":[{"@type":"SearchAction","target":{"@type":"EntryPoint","urlTemplate":"https:\/\/zapateneo.net\/wordpress\/?s={search_term_string}"},"query-input":{"@type":"PropertyValueSpecification","valueRequired":true,"valueName":"search_term_string"}}],"inLanguage":"es"},{"@type":"Organization","@id":"https:\/\/zapateneo.net\/wordpress\/#organization","name":"Zapateneo Kultur Elkartea","url":"https:\/\/zapateneo.net\/wordpress\/","logo":{"@type":"ImageObject","inLanguage":"es","@id":"https:\/\/zapateneo.net\/wordpress\/#\/schema\/logo\/image\/","url":"https:\/\/zapateneo.net\/wordpress\/wp-content\/uploads\/2021\/04\/zap-libu-kolec.jpg","contentUrl":"https:\/\/zapateneo.net\/wordpress\/wp-content\/uploads\/2021\/04\/zap-libu-kolec.jpg","width":2234,"height":398,"caption":"Zapateneo Kultur Elkartea"},"image":{"@id":"https:\/\/zapateneo.net\/wordpress\/#\/schema\/logo\/image\/"},"sameAs":["https:\/\/x.com\/zapateneo"]}]}},"_links":{"self":[{"href":"https:\/\/zapateneo.net\/wordpress\/index.php\/wp-json\/wp\/v2\/product\/15530","targetHints":{"allow":["GET"]}}],"collection":[{"href":"https:\/\/zapateneo.net\/wordpress\/index.php\/wp-json\/wp\/v2\/product"}],"about":[{"href":"https:\/\/zapateneo.net\/wordpress\/index.php\/wp-json\/wp\/v2\/types\/product"}],"wp:featuredmedia":[{"embeddable":true,"href":"https:\/\/zapateneo.net\/wordpress\/index.php\/wp-json\/wp\/v2\/media\/15556"}],"wp:attachment":[{"href":"https:\/\/zapateneo.net\/wordpress\/index.php\/wp-json\/wp\/v2\/media?parent=15530"}],"wp:term":[{"taxonomy":"product_brand","embeddable":true,"href":"https:\/\/zapateneo.net\/wordpress\/index.php\/wp-json\/wp\/v2\/product_brand?post=15530"},{"taxonomy":"product_cat","embeddable":true,"href":"https:\/\/zapateneo.net\/wordpress\/index.php\/wp-json\/wp\/v2\/product_cat?post=15530"},{"taxonomy":"product_tag","embeddable":true,"href":"https:\/\/zapateneo.net\/wordpress\/index.php\/wp-json\/wp\/v2\/product_tag?post=15530"}],"curies":[{"name":"wp","href":"https:\/\/api.w.org\/{rel}","templated":true}]}}