{"id":15529,"date":"2024-12-29T18:37:59","date_gmt":"2024-12-29T17:37:59","guid":{"rendered":"https:\/\/zapateneo.net\/wordpress\/?post_type=product&#038;p=15529"},"modified":"2024-12-29T18:38:10","modified_gmt":"2024-12-29T17:38:10","slug":"capitalismo-canibal-que-hacer-con-este-sistema-que-devora-la-democracia-y-el-planeta-y-hasta-pone-e","status":"publish","type":"product","link":"https:\/\/zapateneo.net\/wordpress\/index.php\/producto\/capitalismo-canibal-que-hacer-con-este-sistema-que-devora-la-democracia-y-el-planeta-y-hasta-pone-e\/","title":{"rendered":"CAPITALISMO CAN\u00cdBAL Qu\u00e9 hacer con este sistema que devora la democracia y el planeta, y hasta pone e"},"content":{"rendered":"<p>\u00bfQu\u00e9 clase de animal es el capitalismo y cu\u00e1l es su dieta para mantenerse con vida? Si respondemos esta pregunta, dice Nancy Fraser, entenderemos de verdad la crisis de nuestro tiempo y descubriremos el modo de matar de hambre a la bestia. Para eso, no nos alcanzan los modelos te\u00f3ricos heredados del marxismo, que tienden a concebir el capitalismo como un sistema econ\u00f3mico basado en la explotaci\u00f3n de la fuerza de trabajo y en la producci\u00f3n con fines de lucro, bajo las leyes del mercado y de la propiedad privada. Esa visi\u00f3n oficial hoy resulta estrecha y, sobre todo, enga\u00f1osa.<br \/>\nEn este an\u00e1lisis deslumbrante, Nancy Fraser desarrolla una teor\u00eda del capitalismo \u201cmodelo siglo XXI\u201d. As\u00ed, paso a paso, presenta una noci\u00f3n ampliada del capital como forma de sociedad y revela los ingredientes extraecon\u00f3micos que, lejos de ser marginales, son su condici\u00f3n de posibilidad. Para expandirse, el sistema canibaliza zonas enteras que no est\u00e1n mercantilizadas y que por eso quedan fuera del cuadro. Hay que traer a un primer plano esas \u201cmoradas ocultas\u201d de las que el capitalismo se alimenta y examinarlas a fondo: riqueza expropiada a la naturaleza (aire respirable, tierras cultivables, agua potable) y a los pueblos sometidos y racializados de las periferias; m\u00faltiples formas de cuidado, subvaluadas (cuando no negadas por completo) y en general a cargo de mujeres; bienes y poderes p\u00fablicos, que proveen infraestructura material y jur\u00eddica que el capital necesita para funcionar y a la vez socava todo lo posible; la energ\u00eda y la creatividad de los trabajadores. Si bien no se consignan en los balances de las empresas, estas formas de riqueza constituyen precondiciones esenciales para las utilidades y las ganancias. Estos soportes vitales de la acumulaci\u00f3n son constitutivos del orden capitalista y el foco de conflictos hasta ahora aislados.<br \/>\nSi queremos terminar con el capitalismo can\u00edbal, que devora las bases sociales, naturales y pol\u00edticas de las que depende, tenemos que superar el reduccionismo economicista y construir, en cambio, una visi\u00f3n ampliada del socialismo, sin repetir las experiencias fracasadas del siglo XX. Puede parecer una tarea dif\u00edcil, pero es nuestra \u00fanica esperanza. Esa agenda, y su hoja de ruta, es el alma de este libro imprescindible.<\/p>\n","protected":false},"excerpt":{"rendered":"<p><strong>Nancy Fraser<\/strong><br \/>\n9788432320712 &#8211; Siglo XXI &#8211; 2024 &#8211; 240 p\u00e1ginas \/orri.<\/p>\n","protected":false},"featured_media":15555,"template":"","meta":[],"product_brand":[],"product_cat":[178,16],"product_tag":[6980,423],"class_list":{"0":"post-15529","1":"product","2":"type-product","3":"status-publish","4":"has-post-thumbnail","6":"product_cat-ekonomia-economia","7":"product_cat-libros","8":"product_tag-nancy-fraser","9":"product_tag-siglo-xxi","11":"first","12":"instock","13":"sold-individually","14":"shipping-taxable","15":"purchasable","16":"product-type-simple"},"yoast_head":"<!-- This site is optimized with the Yoast SEO plugin v27.3 - https:\/\/yoast.com\/product\/yoast-seo-wordpress\/ -->\n<title>CAPITALISMO CAN\u00cdBAL Qu\u00e9 hacer con este sistema que devora la democracia y el planeta, y hasta pone e &#8212; Zapateneo<\/title>\n<meta name=\"robots\" content=\"index, follow, max-snippet:-1, max-image-preview:large, max-video-preview:-1\" \/>\n<link rel=\"canonical\" href=\"https:\/\/zapateneo.net\/wordpress\/index.php\/producto\/capitalismo-canibal-que-hacer-con-este-sistema-que-devora-la-democracia-y-el-planeta-y-hasta-pone-e\/\" \/>\n<meta property=\"og:locale\" content=\"es_ES\" \/>\n<meta property=\"og:type\" content=\"article\" \/>\n<meta property=\"og:title\" content=\"CAPITALISMO CAN\u00cdBAL Qu\u00e9 hacer con este sistema que devora la democracia y el planeta, y hasta pone e &#8212; Zapateneo\" \/>\n<meta property=\"og:description\" content=\"Nancy Fraser 9788432320712 - Siglo XXI - 2024 - 240 p\u00e1ginas \/orri.\" \/>\n<meta property=\"og:url\" content=\"https:\/\/zapateneo.net\/wordpress\/index.php\/producto\/capitalismo-canibal-que-hacer-con-este-sistema-que-devora-la-democracia-y-el-planeta-y-hasta-pone-e\/\" \/>\n<meta property=\"og:site_name\" content=\"Zapateneo\" \/>\n<meta property=\"article:modified_time\" content=\"2024-12-29T17:38:10+00:00\" \/>\n<meta name=\"twitter:card\" content=\"summary_large_image\" \/>\n<meta name=\"twitter:site\" content=\"@zapateneo\" \/>\n<meta name=\"twitter:label1\" content=\"Tiempo de lectura\" \/>\n\t<meta name=\"twitter:data1\" content=\"2 minutos\" \/>\n<script type=\"application\/ld+json\" class=\"yoast-schema-graph\">{\"@context\":\"https:\\\/\\\/schema.org\",\"@graph\":[{\"@type\":\"WebPage\",\"@id\":\"https:\\\/\\\/zapateneo.net\\\/wordpress\\\/index.php\\\/producto\\\/capitalismo-canibal-que-hacer-con-este-sistema-que-devora-la-democracia-y-el-planeta-y-hasta-pone-e\\\/\",\"url\":\"https:\\\/\\\/zapateneo.net\\\/wordpress\\\/index.php\\\/producto\\\/capitalismo-canibal-que-hacer-con-este-sistema-que-devora-la-democracia-y-el-planeta-y-hasta-pone-e\\\/\",\"name\":\"CAPITALISMO CAN\u00cdBAL Qu\u00e9 hacer con este sistema que devora la democracia y el planeta, y hasta pone e &#8212; Zapateneo\",\"isPartOf\":{\"@id\":\"https:\\\/\\\/zapateneo.net\\\/wordpress\\\/#website\"},\"primaryImageOfPage\":{\"@id\":\"https:\\\/\\\/zapateneo.net\\\/wordpress\\\/index.php\\\/producto\\\/capitalismo-canibal-que-hacer-con-este-sistema-que-devora-la-democracia-y-el-planeta-y-hasta-pone-e\\\/#primaryimage\"},\"image\":{\"@id\":\"https:\\\/\\\/zapateneo.net\\\/wordpress\\\/index.php\\\/producto\\\/capitalismo-canibal-que-hacer-con-este-sistema-que-devora-la-democracia-y-el-planeta-y-hasta-pone-e\\\/#primaryimage\"},\"thumbnailUrl\":\"https:\\\/\\\/zapateneo.net\\\/wordpress\\\/wp-content\\\/uploads\\\/2024\\\/12\\\/9788432320712.gif\",\"datePublished\":\"2024-12-29T17:37:59+00:00\",\"dateModified\":\"2024-12-29T17:38:10+00:00\",\"breadcrumb\":{\"@id\":\"https:\\\/\\\/zapateneo.net\\\/wordpress\\\/index.php\\\/producto\\\/capitalismo-canibal-que-hacer-con-este-sistema-que-devora-la-democracia-y-el-planeta-y-hasta-pone-e\\\/#breadcrumb\"},\"inLanguage\":\"es\",\"potentialAction\":[{\"@type\":\"ReadAction\",\"target\":[\"https:\\\/\\\/zapateneo.net\\\/wordpress\\\/index.php\\\/producto\\\/capitalismo-canibal-que-hacer-con-este-sistema-que-devora-la-democracia-y-el-planeta-y-hasta-pone-e\\\/\"]}]},{\"@type\":\"ImageObject\",\"inLanguage\":\"es\",\"@id\":\"https:\\\/\\\/zapateneo.net\\\/wordpress\\\/index.php\\\/producto\\\/capitalismo-canibal-que-hacer-con-este-sistema-que-devora-la-democracia-y-el-planeta-y-hasta-pone-e\\\/#primaryimage\",\"url\":\"https:\\\/\\\/zapateneo.net\\\/wordpress\\\/wp-content\\\/uploads\\\/2024\\\/12\\\/9788432320712.gif\",\"contentUrl\":\"https:\\\/\\\/zapateneo.net\\\/wordpress\\\/wp-content\\\/uploads\\\/2024\\\/12\\\/9788432320712.gif\",\"width\":200,\"height\":300},{\"@type\":\"BreadcrumbList\",\"@id\":\"https:\\\/\\\/zapateneo.net\\\/wordpress\\\/index.php\\\/producto\\\/capitalismo-canibal-que-hacer-con-este-sistema-que-devora-la-democracia-y-el-planeta-y-hasta-pone-e\\\/#breadcrumb\",\"itemListElement\":[{\"@type\":\"ListItem\",\"position\":1,\"name\":\"Portada\",\"item\":\"https:\\\/\\\/zapateneo.net\\\/wordpress\\\/\"},{\"@type\":\"ListItem\",\"position\":2,\"name\":\"Tienda\",\"item\":\"https:\\\/\\\/zapateneo.net\\\/wordpress\\\/\"},{\"@type\":\"ListItem\",\"position\":3,\"name\":\"CAPITALISMO CAN\u00cdBAL Qu\u00e9 hacer con este sistema que devora la democracia y el planeta, y hasta pone e\"}]},{\"@type\":\"WebSite\",\"@id\":\"https:\\\/\\\/zapateneo.net\\\/wordpress\\\/#website\",\"url\":\"https:\\\/\\\/zapateneo.net\\\/wordpress\\\/\",\"name\":\"Zapateneo\",\"description\":\"Zapateneoaren webgunea\",\"publisher\":{\"@id\":\"https:\\\/\\\/zapateneo.net\\\/wordpress\\\/#organization\"},\"potentialAction\":[{\"@type\":\"SearchAction\",\"target\":{\"@type\":\"EntryPoint\",\"urlTemplate\":\"https:\\\/\\\/zapateneo.net\\\/wordpress\\\/?s={search_term_string}\"},\"query-input\":{\"@type\":\"PropertyValueSpecification\",\"valueRequired\":true,\"valueName\":\"search_term_string\"}}],\"inLanguage\":\"es\"},{\"@type\":\"Organization\",\"@id\":\"https:\\\/\\\/zapateneo.net\\\/wordpress\\\/#organization\",\"name\":\"Zapateneo Kultur Elkartea\",\"url\":\"https:\\\/\\\/zapateneo.net\\\/wordpress\\\/\",\"logo\":{\"@type\":\"ImageObject\",\"inLanguage\":\"es\",\"@id\":\"https:\\\/\\\/zapateneo.net\\\/wordpress\\\/#\\\/schema\\\/logo\\\/image\\\/\",\"url\":\"https:\\\/\\\/zapateneo.net\\\/wordpress\\\/wp-content\\\/uploads\\\/2021\\\/04\\\/zap-libu-kolec.jpg\",\"contentUrl\":\"https:\\\/\\\/zapateneo.net\\\/wordpress\\\/wp-content\\\/uploads\\\/2021\\\/04\\\/zap-libu-kolec.jpg\",\"width\":2234,\"height\":398,\"caption\":\"Zapateneo Kultur Elkartea\"},\"image\":{\"@id\":\"https:\\\/\\\/zapateneo.net\\\/wordpress\\\/#\\\/schema\\\/logo\\\/image\\\/\"},\"sameAs\":[\"https:\\\/\\\/x.com\\\/zapateneo\"]}]}<\/script>\n<!-- \/ Yoast SEO plugin. -->","yoast_head_json":{"title":"CAPITALISMO CAN\u00cdBAL Qu\u00e9 hacer con este sistema que devora la democracia y el planeta, y hasta pone e &#8212; Zapateneo","robots":{"index":"index","follow":"follow","max-snippet":"max-snippet:-1","max-image-preview":"max-image-preview:large","max-video-preview":"max-video-preview:-1"},"canonical":"https:\/\/zapateneo.net\/wordpress\/index.php\/producto\/capitalismo-canibal-que-hacer-con-este-sistema-que-devora-la-democracia-y-el-planeta-y-hasta-pone-e\/","og_locale":"es_ES","og_type":"article","og_title":"CAPITALISMO CAN\u00cdBAL Qu\u00e9 hacer con este sistema que devora la democracia y el planeta, y hasta pone e &#8212; Zapateneo","og_description":"Nancy Fraser 9788432320712 - Siglo XXI - 2024 - 240 p\u00e1ginas \/orri.","og_url":"https:\/\/zapateneo.net\/wordpress\/index.php\/producto\/capitalismo-canibal-que-hacer-con-este-sistema-que-devora-la-democracia-y-el-planeta-y-hasta-pone-e\/","og_site_name":"Zapateneo","article_modified_time":"2024-12-29T17:38:10+00:00","twitter_card":"summary_large_image","twitter_site":"@zapateneo","twitter_misc":{"Tiempo de lectura":"2 minutos"},"schema":{"@context":"https:\/\/schema.org","@graph":[{"@type":"WebPage","@id":"https:\/\/zapateneo.net\/wordpress\/index.php\/producto\/capitalismo-canibal-que-hacer-con-este-sistema-que-devora-la-democracia-y-el-planeta-y-hasta-pone-e\/","url":"https:\/\/zapateneo.net\/wordpress\/index.php\/producto\/capitalismo-canibal-que-hacer-con-este-sistema-que-devora-la-democracia-y-el-planeta-y-hasta-pone-e\/","name":"CAPITALISMO CAN\u00cdBAL Qu\u00e9 hacer con este sistema que devora la democracia y el planeta, y hasta pone e &#8212; Zapateneo","isPartOf":{"@id":"https:\/\/zapateneo.net\/wordpress\/#website"},"primaryImageOfPage":{"@id":"https:\/\/zapateneo.net\/wordpress\/index.php\/producto\/capitalismo-canibal-que-hacer-con-este-sistema-que-devora-la-democracia-y-el-planeta-y-hasta-pone-e\/#primaryimage"},"image":{"@id":"https:\/\/zapateneo.net\/wordpress\/index.php\/producto\/capitalismo-canibal-que-hacer-con-este-sistema-que-devora-la-democracia-y-el-planeta-y-hasta-pone-e\/#primaryimage"},"thumbnailUrl":"https:\/\/zapateneo.net\/wordpress\/wp-content\/uploads\/2024\/12\/9788432320712.gif","datePublished":"2024-12-29T17:37:59+00:00","dateModified":"2024-12-29T17:38:10+00:00","breadcrumb":{"@id":"https:\/\/zapateneo.net\/wordpress\/index.php\/producto\/capitalismo-canibal-que-hacer-con-este-sistema-que-devora-la-democracia-y-el-planeta-y-hasta-pone-e\/#breadcrumb"},"inLanguage":"es","potentialAction":[{"@type":"ReadAction","target":["https:\/\/zapateneo.net\/wordpress\/index.php\/producto\/capitalismo-canibal-que-hacer-con-este-sistema-que-devora-la-democracia-y-el-planeta-y-hasta-pone-e\/"]}]},{"@type":"ImageObject","inLanguage":"es","@id":"https:\/\/zapateneo.net\/wordpress\/index.php\/producto\/capitalismo-canibal-que-hacer-con-este-sistema-que-devora-la-democracia-y-el-planeta-y-hasta-pone-e\/#primaryimage","url":"https:\/\/zapateneo.net\/wordpress\/wp-content\/uploads\/2024\/12\/9788432320712.gif","contentUrl":"https:\/\/zapateneo.net\/wordpress\/wp-content\/uploads\/2024\/12\/9788432320712.gif","width":200,"height":300},{"@type":"BreadcrumbList","@id":"https:\/\/zapateneo.net\/wordpress\/index.php\/producto\/capitalismo-canibal-que-hacer-con-este-sistema-que-devora-la-democracia-y-el-planeta-y-hasta-pone-e\/#breadcrumb","itemListElement":[{"@type":"ListItem","position":1,"name":"Portada","item":"https:\/\/zapateneo.net\/wordpress\/"},{"@type":"ListItem","position":2,"name":"Tienda","item":"https:\/\/zapateneo.net\/wordpress\/"},{"@type":"ListItem","position":3,"name":"CAPITALISMO CAN\u00cdBAL Qu\u00e9 hacer con este sistema que devora la democracia y el planeta, y hasta pone e"}]},{"@type":"WebSite","@id":"https:\/\/zapateneo.net\/wordpress\/#website","url":"https:\/\/zapateneo.net\/wordpress\/","name":"Zapateneo","description":"Zapateneoaren webgunea","publisher":{"@id":"https:\/\/zapateneo.net\/wordpress\/#organization"},"potentialAction":[{"@type":"SearchAction","target":{"@type":"EntryPoint","urlTemplate":"https:\/\/zapateneo.net\/wordpress\/?s={search_term_string}"},"query-input":{"@type":"PropertyValueSpecification","valueRequired":true,"valueName":"search_term_string"}}],"inLanguage":"es"},{"@type":"Organization","@id":"https:\/\/zapateneo.net\/wordpress\/#organization","name":"Zapateneo Kultur Elkartea","url":"https:\/\/zapateneo.net\/wordpress\/","logo":{"@type":"ImageObject","inLanguage":"es","@id":"https:\/\/zapateneo.net\/wordpress\/#\/schema\/logo\/image\/","url":"https:\/\/zapateneo.net\/wordpress\/wp-content\/uploads\/2021\/04\/zap-libu-kolec.jpg","contentUrl":"https:\/\/zapateneo.net\/wordpress\/wp-content\/uploads\/2021\/04\/zap-libu-kolec.jpg","width":2234,"height":398,"caption":"Zapateneo Kultur Elkartea"},"image":{"@id":"https:\/\/zapateneo.net\/wordpress\/#\/schema\/logo\/image\/"},"sameAs":["https:\/\/x.com\/zapateneo"]}]}},"_links":{"self":[{"href":"https:\/\/zapateneo.net\/wordpress\/index.php\/wp-json\/wp\/v2\/product\/15529","targetHints":{"allow":["GET"]}}],"collection":[{"href":"https:\/\/zapateneo.net\/wordpress\/index.php\/wp-json\/wp\/v2\/product"}],"about":[{"href":"https:\/\/zapateneo.net\/wordpress\/index.php\/wp-json\/wp\/v2\/types\/product"}],"wp:featuredmedia":[{"embeddable":true,"href":"https:\/\/zapateneo.net\/wordpress\/index.php\/wp-json\/wp\/v2\/media\/15555"}],"wp:attachment":[{"href":"https:\/\/zapateneo.net\/wordpress\/index.php\/wp-json\/wp\/v2\/media?parent=15529"}],"wp:term":[{"taxonomy":"product_brand","embeddable":true,"href":"https:\/\/zapateneo.net\/wordpress\/index.php\/wp-json\/wp\/v2\/product_brand?post=15529"},{"taxonomy":"product_cat","embeddable":true,"href":"https:\/\/zapateneo.net\/wordpress\/index.php\/wp-json\/wp\/v2\/product_cat?post=15529"},{"taxonomy":"product_tag","embeddable":true,"href":"https:\/\/zapateneo.net\/wordpress\/index.php\/wp-json\/wp\/v2\/product_tag?post=15529"}],"curies":[{"name":"wp","href":"https:\/\/api.w.org\/{rel}","templated":true}]}}