{"id":15526,"date":"2024-12-29T18:37:59","date_gmt":"2024-12-29T17:37:59","guid":{"rendered":"https:\/\/zapateneo.net\/wordpress\/?post_type=product&#038;p=15526"},"modified":"2024-12-29T18:38:08","modified_gmt":"2024-12-29T17:38:08","slug":"el-cerebro-lector-ultimas-noticias-de-las-neurociencias-sobre-la-lectura-la-ensenanza-el-aprendiza","status":"publish","type":"product","link":"https:\/\/zapateneo.net\/wordpress\/index.php\/producto\/el-cerebro-lector-ultimas-noticias-de-las-neurociencias-sobre-la-lectura-la-ensenanza-el-aprendiza\/","title":{"rendered":"El cerebro lector Ultimas noticias de las neurociencias sobre la lectura, la ense\u00f1anza, el aprendiza"},"content":{"rendered":"<p>Ustedes est\u00e1n leyendo este texto como si fuera lo m\u00e1s natural del mundo. Todos damos por hecho que un conjunto de marcas, l\u00edneas y espacios sobre el papel significan algo\u2026 y tendemos a olvidar que el acto de leer es una aut\u00e9ntica haza\u00f1a. M\u00e1s asombroso resulta si consideramos que leemos usando un cerebro que evolucion\u00f3 mucho tiempo antes de que se inventara la escritura, y lo hizo para fines completamente diferentes.<br \/>\nStanislas Dehaene, uno de los l\u00edderes mundiales en neurociencia cognitiva, desentra\u00f1a esta inquietante paradoja y nos ense\u00f1a c\u00f3mo nuestro cerebro de primates logra traducir esos signos llamados letras en lenguaje. Recorriendo los \u00faltimos descubrimientos de la psicolog\u00eda de la lectura y los m\u00e1s sorprendentes hallazgos de las neurociencias, Dehaene responde con absoluta maestr\u00eda a las preguntas centrales sobre esta deslumbrante habilidad humana: \u00bfC\u00f3mo es posible que un invento cultural reciente se haya instalado con tanta naturalidad en nuestro cerebro? \u00bfQu\u00e9 operaciones realizamos para convertir un conjunto de trazos aprehendidos por nuestro sistema visual en conceptos y sonidos? \u00bfSon estas operaciones universales o dependen de la lengua, el alfabeto o la cultura? \u00bfC\u00f3mo hacen los ni\u00f1os, o m\u00e1s bien sus cerebros, para aprender a leer? \u00bfDa igual qu\u00e9 sistema de ense\u00f1anza se utilice? \u00bfQu\u00e9 es la dislexia y cu\u00e1les son sus causas? \u00bfEs posible superarla?<br \/>\nEl cerebro lector es un relato a la vez fascinante y riguroso en el que tanto simples curiosos como especialistas en el tema encontrar\u00e1n todo lo que hoy se sabe sobre lo que ustedes est\u00e1n haciendo en este preciso momento: leer.<\/p>\n","protected":false},"excerpt":{"rendered":"<p><strong>Stanislas Dehaene<\/strong><br \/>\n9788432320743 &#8211; Siglo XXI &#8211; 2024 &#8211; 448 p\u00e1ginas \/orri.<\/p>\n","protected":false},"featured_media":15552,"template":"","meta":[],"product_brand":[],"product_cat":[186,16],"product_tag":[423,6979],"class_list":{"0":"post-15526","1":"product","2":"type-product","3":"status-publish","4":"has-post-thumbnail","6":"product_cat-hezkuntza-educacion","7":"product_cat-libros","8":"product_tag-siglo-xxi","9":"product_tag-stanislas-dehaene","11":"first","12":"instock","13":"sold-individually","14":"shipping-taxable","15":"purchasable","16":"product-type-simple"},"yoast_head":"<!-- This site is optimized with the Yoast SEO plugin v27.3 - https:\/\/yoast.com\/product\/yoast-seo-wordpress\/ -->\n<title>El cerebro lector Ultimas noticias de las neurociencias sobre la lectura, la ense\u00f1anza, el aprendiza &#8212; Zapateneo<\/title>\n<meta name=\"robots\" content=\"index, follow, max-snippet:-1, max-image-preview:large, max-video-preview:-1\" \/>\n<link rel=\"canonical\" href=\"https:\/\/zapateneo.net\/wordpress\/index.php\/producto\/el-cerebro-lector-ultimas-noticias-de-las-neurociencias-sobre-la-lectura-la-ensenanza-el-aprendiza\/\" \/>\n<meta property=\"og:locale\" content=\"es_ES\" \/>\n<meta property=\"og:type\" content=\"article\" \/>\n<meta property=\"og:title\" content=\"El cerebro lector Ultimas noticias de las neurociencias sobre la lectura, la ense\u00f1anza, el aprendiza &#8212; Zapateneo\" \/>\n<meta property=\"og:description\" content=\"Stanislas Dehaene 9788432320743 - Siglo XXI - 2024 - 448 p\u00e1ginas \/orri.\" \/>\n<meta property=\"og:url\" content=\"https:\/\/zapateneo.net\/wordpress\/index.php\/producto\/el-cerebro-lector-ultimas-noticias-de-las-neurociencias-sobre-la-lectura-la-ensenanza-el-aprendiza\/\" \/>\n<meta property=\"og:site_name\" content=\"Zapateneo\" \/>\n<meta property=\"article:modified_time\" content=\"2024-12-29T17:38:08+00:00\" \/>\n<meta name=\"twitter:card\" content=\"summary_large_image\" \/>\n<meta name=\"twitter:site\" content=\"@zapateneo\" \/>\n<meta name=\"twitter:label1\" content=\"Tiempo de lectura\" \/>\n\t<meta name=\"twitter:data1\" content=\"1 minuto\" \/>\n<script type=\"application\/ld+json\" class=\"yoast-schema-graph\">{\"@context\":\"https:\\\/\\\/schema.org\",\"@graph\":[{\"@type\":\"WebPage\",\"@id\":\"https:\\\/\\\/zapateneo.net\\\/wordpress\\\/index.php\\\/producto\\\/el-cerebro-lector-ultimas-noticias-de-las-neurociencias-sobre-la-lectura-la-ensenanza-el-aprendiza\\\/\",\"url\":\"https:\\\/\\\/zapateneo.net\\\/wordpress\\\/index.php\\\/producto\\\/el-cerebro-lector-ultimas-noticias-de-las-neurociencias-sobre-la-lectura-la-ensenanza-el-aprendiza\\\/\",\"name\":\"El cerebro lector Ultimas noticias de las neurociencias sobre la lectura, la ense\u00f1anza, el aprendiza &#8212; Zapateneo\",\"isPartOf\":{\"@id\":\"https:\\\/\\\/zapateneo.net\\\/wordpress\\\/#website\"},\"primaryImageOfPage\":{\"@id\":\"https:\\\/\\\/zapateneo.net\\\/wordpress\\\/index.php\\\/producto\\\/el-cerebro-lector-ultimas-noticias-de-las-neurociencias-sobre-la-lectura-la-ensenanza-el-aprendiza\\\/#primaryimage\"},\"image\":{\"@id\":\"https:\\\/\\\/zapateneo.net\\\/wordpress\\\/index.php\\\/producto\\\/el-cerebro-lector-ultimas-noticias-de-las-neurociencias-sobre-la-lectura-la-ensenanza-el-aprendiza\\\/#primaryimage\"},\"thumbnailUrl\":\"https:\\\/\\\/zapateneo.net\\\/wordpress\\\/wp-content\\\/uploads\\\/2024\\\/12\\\/9788432320743-1.jpg\",\"datePublished\":\"2024-12-29T17:37:59+00:00\",\"dateModified\":\"2024-12-29T17:38:08+00:00\",\"breadcrumb\":{\"@id\":\"https:\\\/\\\/zapateneo.net\\\/wordpress\\\/index.php\\\/producto\\\/el-cerebro-lector-ultimas-noticias-de-las-neurociencias-sobre-la-lectura-la-ensenanza-el-aprendiza\\\/#breadcrumb\"},\"inLanguage\":\"es\",\"potentialAction\":[{\"@type\":\"ReadAction\",\"target\":[\"https:\\\/\\\/zapateneo.net\\\/wordpress\\\/index.php\\\/producto\\\/el-cerebro-lector-ultimas-noticias-de-las-neurociencias-sobre-la-lectura-la-ensenanza-el-aprendiza\\\/\"]}]},{\"@type\":\"ImageObject\",\"inLanguage\":\"es\",\"@id\":\"https:\\\/\\\/zapateneo.net\\\/wordpress\\\/index.php\\\/producto\\\/el-cerebro-lector-ultimas-noticias-de-las-neurociencias-sobre-la-lectura-la-ensenanza-el-aprendiza\\\/#primaryimage\",\"url\":\"https:\\\/\\\/zapateneo.net\\\/wordpress\\\/wp-content\\\/uploads\\\/2024\\\/12\\\/9788432320743-1.jpg\",\"contentUrl\":\"https:\\\/\\\/zapateneo.net\\\/wordpress\\\/wp-content\\\/uploads\\\/2024\\\/12\\\/9788432320743-1.jpg\",\"width\":236,\"height\":353},{\"@type\":\"BreadcrumbList\",\"@id\":\"https:\\\/\\\/zapateneo.net\\\/wordpress\\\/index.php\\\/producto\\\/el-cerebro-lector-ultimas-noticias-de-las-neurociencias-sobre-la-lectura-la-ensenanza-el-aprendiza\\\/#breadcrumb\",\"itemListElement\":[{\"@type\":\"ListItem\",\"position\":1,\"name\":\"Portada\",\"item\":\"https:\\\/\\\/zapateneo.net\\\/wordpress\\\/\"},{\"@type\":\"ListItem\",\"position\":2,\"name\":\"Tienda\",\"item\":\"https:\\\/\\\/zapateneo.net\\\/wordpress\\\/\"},{\"@type\":\"ListItem\",\"position\":3,\"name\":\"El cerebro lector Ultimas noticias de las neurociencias sobre la lectura, la ense\u00f1anza, el aprendiza\"}]},{\"@type\":\"WebSite\",\"@id\":\"https:\\\/\\\/zapateneo.net\\\/wordpress\\\/#website\",\"url\":\"https:\\\/\\\/zapateneo.net\\\/wordpress\\\/\",\"name\":\"Zapateneo\",\"description\":\"Zapateneoaren webgunea\",\"publisher\":{\"@id\":\"https:\\\/\\\/zapateneo.net\\\/wordpress\\\/#organization\"},\"potentialAction\":[{\"@type\":\"SearchAction\",\"target\":{\"@type\":\"EntryPoint\",\"urlTemplate\":\"https:\\\/\\\/zapateneo.net\\\/wordpress\\\/?s={search_term_string}\"},\"query-input\":{\"@type\":\"PropertyValueSpecification\",\"valueRequired\":true,\"valueName\":\"search_term_string\"}}],\"inLanguage\":\"es\"},{\"@type\":\"Organization\",\"@id\":\"https:\\\/\\\/zapateneo.net\\\/wordpress\\\/#organization\",\"name\":\"Zapateneo Kultur Elkartea\",\"url\":\"https:\\\/\\\/zapateneo.net\\\/wordpress\\\/\",\"logo\":{\"@type\":\"ImageObject\",\"inLanguage\":\"es\",\"@id\":\"https:\\\/\\\/zapateneo.net\\\/wordpress\\\/#\\\/schema\\\/logo\\\/image\\\/\",\"url\":\"https:\\\/\\\/zapateneo.net\\\/wordpress\\\/wp-content\\\/uploads\\\/2021\\\/04\\\/zap-libu-kolec.jpg\",\"contentUrl\":\"https:\\\/\\\/zapateneo.net\\\/wordpress\\\/wp-content\\\/uploads\\\/2021\\\/04\\\/zap-libu-kolec.jpg\",\"width\":2234,\"height\":398,\"caption\":\"Zapateneo Kultur Elkartea\"},\"image\":{\"@id\":\"https:\\\/\\\/zapateneo.net\\\/wordpress\\\/#\\\/schema\\\/logo\\\/image\\\/\"},\"sameAs\":[\"https:\\\/\\\/x.com\\\/zapateneo\"]}]}<\/script>\n<!-- \/ Yoast SEO plugin. -->","yoast_head_json":{"title":"El cerebro lector Ultimas noticias de las neurociencias sobre la lectura, la ense\u00f1anza, el aprendiza &#8212; Zapateneo","robots":{"index":"index","follow":"follow","max-snippet":"max-snippet:-1","max-image-preview":"max-image-preview:large","max-video-preview":"max-video-preview:-1"},"canonical":"https:\/\/zapateneo.net\/wordpress\/index.php\/producto\/el-cerebro-lector-ultimas-noticias-de-las-neurociencias-sobre-la-lectura-la-ensenanza-el-aprendiza\/","og_locale":"es_ES","og_type":"article","og_title":"El cerebro lector Ultimas noticias de las neurociencias sobre la lectura, la ense\u00f1anza, el aprendiza &#8212; Zapateneo","og_description":"Stanislas Dehaene 9788432320743 - Siglo XXI - 2024 - 448 p\u00e1ginas \/orri.","og_url":"https:\/\/zapateneo.net\/wordpress\/index.php\/producto\/el-cerebro-lector-ultimas-noticias-de-las-neurociencias-sobre-la-lectura-la-ensenanza-el-aprendiza\/","og_site_name":"Zapateneo","article_modified_time":"2024-12-29T17:38:08+00:00","twitter_card":"summary_large_image","twitter_site":"@zapateneo","twitter_misc":{"Tiempo de lectura":"1 minuto"},"schema":{"@context":"https:\/\/schema.org","@graph":[{"@type":"WebPage","@id":"https:\/\/zapateneo.net\/wordpress\/index.php\/producto\/el-cerebro-lector-ultimas-noticias-de-las-neurociencias-sobre-la-lectura-la-ensenanza-el-aprendiza\/","url":"https:\/\/zapateneo.net\/wordpress\/index.php\/producto\/el-cerebro-lector-ultimas-noticias-de-las-neurociencias-sobre-la-lectura-la-ensenanza-el-aprendiza\/","name":"El cerebro lector Ultimas noticias de las neurociencias sobre la lectura, la ense\u00f1anza, el aprendiza &#8212; Zapateneo","isPartOf":{"@id":"https:\/\/zapateneo.net\/wordpress\/#website"},"primaryImageOfPage":{"@id":"https:\/\/zapateneo.net\/wordpress\/index.php\/producto\/el-cerebro-lector-ultimas-noticias-de-las-neurociencias-sobre-la-lectura-la-ensenanza-el-aprendiza\/#primaryimage"},"image":{"@id":"https:\/\/zapateneo.net\/wordpress\/index.php\/producto\/el-cerebro-lector-ultimas-noticias-de-las-neurociencias-sobre-la-lectura-la-ensenanza-el-aprendiza\/#primaryimage"},"thumbnailUrl":"https:\/\/zapateneo.net\/wordpress\/wp-content\/uploads\/2024\/12\/9788432320743-1.jpg","datePublished":"2024-12-29T17:37:59+00:00","dateModified":"2024-12-29T17:38:08+00:00","breadcrumb":{"@id":"https:\/\/zapateneo.net\/wordpress\/index.php\/producto\/el-cerebro-lector-ultimas-noticias-de-las-neurociencias-sobre-la-lectura-la-ensenanza-el-aprendiza\/#breadcrumb"},"inLanguage":"es","potentialAction":[{"@type":"ReadAction","target":["https:\/\/zapateneo.net\/wordpress\/index.php\/producto\/el-cerebro-lector-ultimas-noticias-de-las-neurociencias-sobre-la-lectura-la-ensenanza-el-aprendiza\/"]}]},{"@type":"ImageObject","inLanguage":"es","@id":"https:\/\/zapateneo.net\/wordpress\/index.php\/producto\/el-cerebro-lector-ultimas-noticias-de-las-neurociencias-sobre-la-lectura-la-ensenanza-el-aprendiza\/#primaryimage","url":"https:\/\/zapateneo.net\/wordpress\/wp-content\/uploads\/2024\/12\/9788432320743-1.jpg","contentUrl":"https:\/\/zapateneo.net\/wordpress\/wp-content\/uploads\/2024\/12\/9788432320743-1.jpg","width":236,"height":353},{"@type":"BreadcrumbList","@id":"https:\/\/zapateneo.net\/wordpress\/index.php\/producto\/el-cerebro-lector-ultimas-noticias-de-las-neurociencias-sobre-la-lectura-la-ensenanza-el-aprendiza\/#breadcrumb","itemListElement":[{"@type":"ListItem","position":1,"name":"Portada","item":"https:\/\/zapateneo.net\/wordpress\/"},{"@type":"ListItem","position":2,"name":"Tienda","item":"https:\/\/zapateneo.net\/wordpress\/"},{"@type":"ListItem","position":3,"name":"El cerebro lector Ultimas noticias de las neurociencias sobre la lectura, la ense\u00f1anza, el aprendiza"}]},{"@type":"WebSite","@id":"https:\/\/zapateneo.net\/wordpress\/#website","url":"https:\/\/zapateneo.net\/wordpress\/","name":"Zapateneo","description":"Zapateneoaren webgunea","publisher":{"@id":"https:\/\/zapateneo.net\/wordpress\/#organization"},"potentialAction":[{"@type":"SearchAction","target":{"@type":"EntryPoint","urlTemplate":"https:\/\/zapateneo.net\/wordpress\/?s={search_term_string}"},"query-input":{"@type":"PropertyValueSpecification","valueRequired":true,"valueName":"search_term_string"}}],"inLanguage":"es"},{"@type":"Organization","@id":"https:\/\/zapateneo.net\/wordpress\/#organization","name":"Zapateneo Kultur Elkartea","url":"https:\/\/zapateneo.net\/wordpress\/","logo":{"@type":"ImageObject","inLanguage":"es","@id":"https:\/\/zapateneo.net\/wordpress\/#\/schema\/logo\/image\/","url":"https:\/\/zapateneo.net\/wordpress\/wp-content\/uploads\/2021\/04\/zap-libu-kolec.jpg","contentUrl":"https:\/\/zapateneo.net\/wordpress\/wp-content\/uploads\/2021\/04\/zap-libu-kolec.jpg","width":2234,"height":398,"caption":"Zapateneo Kultur Elkartea"},"image":{"@id":"https:\/\/zapateneo.net\/wordpress\/#\/schema\/logo\/image\/"},"sameAs":["https:\/\/x.com\/zapateneo"]}]}},"_links":{"self":[{"href":"https:\/\/zapateneo.net\/wordpress\/index.php\/wp-json\/wp\/v2\/product\/15526","targetHints":{"allow":["GET"]}}],"collection":[{"href":"https:\/\/zapateneo.net\/wordpress\/index.php\/wp-json\/wp\/v2\/product"}],"about":[{"href":"https:\/\/zapateneo.net\/wordpress\/index.php\/wp-json\/wp\/v2\/types\/product"}],"wp:featuredmedia":[{"embeddable":true,"href":"https:\/\/zapateneo.net\/wordpress\/index.php\/wp-json\/wp\/v2\/media\/15552"}],"wp:attachment":[{"href":"https:\/\/zapateneo.net\/wordpress\/index.php\/wp-json\/wp\/v2\/media?parent=15526"}],"wp:term":[{"taxonomy":"product_brand","embeddable":true,"href":"https:\/\/zapateneo.net\/wordpress\/index.php\/wp-json\/wp\/v2\/product_brand?post=15526"},{"taxonomy":"product_cat","embeddable":true,"href":"https:\/\/zapateneo.net\/wordpress\/index.php\/wp-json\/wp\/v2\/product_cat?post=15526"},{"taxonomy":"product_tag","embeddable":true,"href":"https:\/\/zapateneo.net\/wordpress\/index.php\/wp-json\/wp\/v2\/product_tag?post=15526"}],"curies":[{"name":"wp","href":"https:\/\/api.w.org\/{rel}","templated":true}]}}