{"id":15525,"date":"2024-12-29T18:37:59","date_gmt":"2024-12-29T17:37:59","guid":{"rendered":"https:\/\/zapateneo.net\/wordpress\/?post_type=product&#038;p=15525"},"modified":"2024-12-29T18:38:07","modified_gmt":"2024-12-29T17:38:07","slug":"como-era-ser-pequeno-explicado-a-los-grandes","status":"publish","type":"product","link":"https:\/\/zapateneo.net\/wordpress\/index.php\/producto\/como-era-ser-pequeno-explicado-a-los-grandes\/","title":{"rendered":"C\u00f3mo era ser peque\u00f1o Explicado a los grandes"},"content":{"rendered":"<p>Por incre\u00edble que parezca, los adultos solemos olvidarnos de c\u00f3mo fue ser ni\u00f1os. Una experiencia de al menos doce o trece a\u00f1os deber\u00eda ser imborrable, pero muchos terminamos hablando de ellos como exiliados de nuestra propia infancia.<br \/>\nEste libro entra\u00f1able viene a corregir un equ\u00edvoco extendido que se origina en ese olvido: la idea de que los ni\u00f1os deben ser tratados como personas en diminutivo, como seres irracionales cuyos \u201ccaprichos\u201d hay que reconducir a la supuesta sensatez adulta. Nace de innumerables preguntas que Luis Pescetti ha escuchado en su larga trayectoria alrededor de los ni\u00f1os como exitos\u00edsimo m\u00fasico y autor: \u201c\u00bfc\u00f3mo hac\u00e9s para que los chicos se r\u00edan?\u201d, \u201c\u00bfc\u00f3mo logr\u00e1s que te presten atenci\u00f3n?\u201d. Pues, dicen estas p\u00e1ginas, hay que ponerse en el lugar de ellos, tratar de mirar la vida con sus ojos reci\u00e9n llegados, imaginar qu\u00e9 pasa por la cabeza de alguien que no se siente peque\u00f1o ni incapaz, y que se esfuerza cada d\u00eda por conquistar un pedacito m\u00e1s de mundo. \u00bfY si pensamos a los chicos como inmigrantes en el tiempo, llegados a un presente en el que los adultos somos ciudadanos plenos? \u00bfCambiar\u00eda el modo en que reaccionamos frente a sus desaf\u00edos, sus desilusiones y sus preguntas, o la manera en que tratamos de ense\u00f1arles algo?<br \/>\nEn este libro, que ofrecemos para padres y madres, docentes y profesionales que trabajan con ni\u00f1os, Pescetti vuelve a escenas de su propia infancia y de sus a\u00f1os de vida y trabajo en Am\u00e9rica Latina, y propone recuperar la idea de \u201cser peque\u00f1o\u201d como una experiencia que se repite una y otra vez en la vida adulta, cuando estamos frente a un cambio de escala que nos obliga a recalcular nuestras posibilidades.<br \/>\n\u00abNi un ni\u00f1o es un compacto de recursos infantiles, ni un adulto ha eliminado todo vestigio de sus deseos y respuestas de la infancia\u00bb, se\u00f1ala el autor, que ha escrito un libro que intenta devolver humanidad a la tarea m\u00e1s desafiante que un adulto puede enfrentar: acompa\u00f1ar a un ni\u00f1o en esos a\u00f1os en que la mirada de los otros nos define para siempre.<\/p>\n","protected":false},"excerpt":{"rendered":"<p><strong>Luis Pescetti<\/strong><br \/>\n9788432320774 &#8211; Siglo XXI &#8211; 2024 &#8211; 196 p\u00e1ginas \/orri.<\/p>\n","protected":false},"featured_media":15551,"template":"","meta":[],"product_brand":[],"product_cat":[186,16],"product_tag":[5689,423],"class_list":{"0":"post-15525","1":"product","2":"type-product","3":"status-publish","4":"has-post-thumbnail","6":"product_cat-hezkuntza-educacion","7":"product_cat-libros","8":"product_tag-luis-pescetti","9":"product_tag-siglo-xxi","11":"first","12":"instock","13":"sold-individually","14":"shipping-taxable","15":"purchasable","16":"product-type-simple"},"yoast_head":"<!-- This site is optimized with the Yoast SEO plugin v27.3 - https:\/\/yoast.com\/product\/yoast-seo-wordpress\/ -->\n<title>C\u00f3mo era ser peque\u00f1o Explicado a los grandes &#8212; Zapateneo<\/title>\n<meta name=\"robots\" content=\"index, follow, max-snippet:-1, max-image-preview:large, max-video-preview:-1\" \/>\n<link rel=\"canonical\" href=\"https:\/\/zapateneo.net\/wordpress\/index.php\/producto\/como-era-ser-pequeno-explicado-a-los-grandes\/\" \/>\n<meta property=\"og:locale\" content=\"es_ES\" \/>\n<meta property=\"og:type\" content=\"article\" \/>\n<meta property=\"og:title\" content=\"C\u00f3mo era ser peque\u00f1o Explicado a los grandes &#8212; Zapateneo\" \/>\n<meta property=\"og:description\" content=\"Luis Pescetti 9788432320774 - Siglo XXI - 2024 - 196 p\u00e1ginas \/orri.\" \/>\n<meta property=\"og:url\" content=\"https:\/\/zapateneo.net\/wordpress\/index.php\/producto\/como-era-ser-pequeno-explicado-a-los-grandes\/\" \/>\n<meta property=\"og:site_name\" content=\"Zapateneo\" \/>\n<meta property=\"article:modified_time\" content=\"2024-12-29T17:38:07+00:00\" \/>\n<meta name=\"twitter:card\" content=\"summary_large_image\" \/>\n<meta name=\"twitter:site\" content=\"@zapateneo\" \/>\n<meta name=\"twitter:label1\" content=\"Tiempo de lectura\" \/>\n\t<meta name=\"twitter:data1\" content=\"2 minutos\" \/>\n<script type=\"application\/ld+json\" class=\"yoast-schema-graph\">{\"@context\":\"https:\\\/\\\/schema.org\",\"@graph\":[{\"@type\":\"WebPage\",\"@id\":\"https:\\\/\\\/zapateneo.net\\\/wordpress\\\/index.php\\\/producto\\\/como-era-ser-pequeno-explicado-a-los-grandes\\\/\",\"url\":\"https:\\\/\\\/zapateneo.net\\\/wordpress\\\/index.php\\\/producto\\\/como-era-ser-pequeno-explicado-a-los-grandes\\\/\",\"name\":\"C\u00f3mo era ser peque\u00f1o Explicado a los grandes &#8212; Zapateneo\",\"isPartOf\":{\"@id\":\"https:\\\/\\\/zapateneo.net\\\/wordpress\\\/#website\"},\"primaryImageOfPage\":{\"@id\":\"https:\\\/\\\/zapateneo.net\\\/wordpress\\\/index.php\\\/producto\\\/como-era-ser-pequeno-explicado-a-los-grandes\\\/#primaryimage\"},\"image\":{\"@id\":\"https:\\\/\\\/zapateneo.net\\\/wordpress\\\/index.php\\\/producto\\\/como-era-ser-pequeno-explicado-a-los-grandes\\\/#primaryimage\"},\"thumbnailUrl\":\"https:\\\/\\\/zapateneo.net\\\/wordpress\\\/wp-content\\\/uploads\\\/2024\\\/12\\\/como-era-ser-pequeno-explicado-a-los-grandes-9788432320774.jpg\",\"datePublished\":\"2024-12-29T17:37:59+00:00\",\"dateModified\":\"2024-12-29T17:38:07+00:00\",\"breadcrumb\":{\"@id\":\"https:\\\/\\\/zapateneo.net\\\/wordpress\\\/index.php\\\/producto\\\/como-era-ser-pequeno-explicado-a-los-grandes\\\/#breadcrumb\"},\"inLanguage\":\"es\",\"potentialAction\":[{\"@type\":\"ReadAction\",\"target\":[\"https:\\\/\\\/zapateneo.net\\\/wordpress\\\/index.php\\\/producto\\\/como-era-ser-pequeno-explicado-a-los-grandes\\\/\"]}]},{\"@type\":\"ImageObject\",\"inLanguage\":\"es\",\"@id\":\"https:\\\/\\\/zapateneo.net\\\/wordpress\\\/index.php\\\/producto\\\/como-era-ser-pequeno-explicado-a-los-grandes\\\/#primaryimage\",\"url\":\"https:\\\/\\\/zapateneo.net\\\/wordpress\\\/wp-content\\\/uploads\\\/2024\\\/12\\\/como-era-ser-pequeno-explicado-a-los-grandes-9788432320774.jpg\",\"contentUrl\":\"https:\\\/\\\/zapateneo.net\\\/wordpress\\\/wp-content\\\/uploads\\\/2024\\\/12\\\/como-era-ser-pequeno-explicado-a-los-grandes-9788432320774.jpg\",\"width\":175,\"height\":262},{\"@type\":\"BreadcrumbList\",\"@id\":\"https:\\\/\\\/zapateneo.net\\\/wordpress\\\/index.php\\\/producto\\\/como-era-ser-pequeno-explicado-a-los-grandes\\\/#breadcrumb\",\"itemListElement\":[{\"@type\":\"ListItem\",\"position\":1,\"name\":\"Portada\",\"item\":\"https:\\\/\\\/zapateneo.net\\\/wordpress\\\/\"},{\"@type\":\"ListItem\",\"position\":2,\"name\":\"Tienda\",\"item\":\"https:\\\/\\\/zapateneo.net\\\/wordpress\\\/\"},{\"@type\":\"ListItem\",\"position\":3,\"name\":\"C\u00f3mo era ser peque\u00f1o Explicado a los grandes\"}]},{\"@type\":\"WebSite\",\"@id\":\"https:\\\/\\\/zapateneo.net\\\/wordpress\\\/#website\",\"url\":\"https:\\\/\\\/zapateneo.net\\\/wordpress\\\/\",\"name\":\"Zapateneo\",\"description\":\"Zapateneoaren webgunea\",\"publisher\":{\"@id\":\"https:\\\/\\\/zapateneo.net\\\/wordpress\\\/#organization\"},\"potentialAction\":[{\"@type\":\"SearchAction\",\"target\":{\"@type\":\"EntryPoint\",\"urlTemplate\":\"https:\\\/\\\/zapateneo.net\\\/wordpress\\\/?s={search_term_string}\"},\"query-input\":{\"@type\":\"PropertyValueSpecification\",\"valueRequired\":true,\"valueName\":\"search_term_string\"}}],\"inLanguage\":\"es\"},{\"@type\":\"Organization\",\"@id\":\"https:\\\/\\\/zapateneo.net\\\/wordpress\\\/#organization\",\"name\":\"Zapateneo Kultur Elkartea\",\"url\":\"https:\\\/\\\/zapateneo.net\\\/wordpress\\\/\",\"logo\":{\"@type\":\"ImageObject\",\"inLanguage\":\"es\",\"@id\":\"https:\\\/\\\/zapateneo.net\\\/wordpress\\\/#\\\/schema\\\/logo\\\/image\\\/\",\"url\":\"https:\\\/\\\/zapateneo.net\\\/wordpress\\\/wp-content\\\/uploads\\\/2021\\\/04\\\/zap-libu-kolec.jpg\",\"contentUrl\":\"https:\\\/\\\/zapateneo.net\\\/wordpress\\\/wp-content\\\/uploads\\\/2021\\\/04\\\/zap-libu-kolec.jpg\",\"width\":2234,\"height\":398,\"caption\":\"Zapateneo Kultur Elkartea\"},\"image\":{\"@id\":\"https:\\\/\\\/zapateneo.net\\\/wordpress\\\/#\\\/schema\\\/logo\\\/image\\\/\"},\"sameAs\":[\"https:\\\/\\\/x.com\\\/zapateneo\"]}]}<\/script>\n<!-- \/ Yoast SEO plugin. -->","yoast_head_json":{"title":"C\u00f3mo era ser peque\u00f1o Explicado a los grandes &#8212; Zapateneo","robots":{"index":"index","follow":"follow","max-snippet":"max-snippet:-1","max-image-preview":"max-image-preview:large","max-video-preview":"max-video-preview:-1"},"canonical":"https:\/\/zapateneo.net\/wordpress\/index.php\/producto\/como-era-ser-pequeno-explicado-a-los-grandes\/","og_locale":"es_ES","og_type":"article","og_title":"C\u00f3mo era ser peque\u00f1o Explicado a los grandes &#8212; Zapateneo","og_description":"Luis Pescetti 9788432320774 - Siglo XXI - 2024 - 196 p\u00e1ginas \/orri.","og_url":"https:\/\/zapateneo.net\/wordpress\/index.php\/producto\/como-era-ser-pequeno-explicado-a-los-grandes\/","og_site_name":"Zapateneo","article_modified_time":"2024-12-29T17:38:07+00:00","twitter_card":"summary_large_image","twitter_site":"@zapateneo","twitter_misc":{"Tiempo de lectura":"2 minutos"},"schema":{"@context":"https:\/\/schema.org","@graph":[{"@type":"WebPage","@id":"https:\/\/zapateneo.net\/wordpress\/index.php\/producto\/como-era-ser-pequeno-explicado-a-los-grandes\/","url":"https:\/\/zapateneo.net\/wordpress\/index.php\/producto\/como-era-ser-pequeno-explicado-a-los-grandes\/","name":"C\u00f3mo era ser peque\u00f1o Explicado a los grandes &#8212; Zapateneo","isPartOf":{"@id":"https:\/\/zapateneo.net\/wordpress\/#website"},"primaryImageOfPage":{"@id":"https:\/\/zapateneo.net\/wordpress\/index.php\/producto\/como-era-ser-pequeno-explicado-a-los-grandes\/#primaryimage"},"image":{"@id":"https:\/\/zapateneo.net\/wordpress\/index.php\/producto\/como-era-ser-pequeno-explicado-a-los-grandes\/#primaryimage"},"thumbnailUrl":"https:\/\/zapateneo.net\/wordpress\/wp-content\/uploads\/2024\/12\/como-era-ser-pequeno-explicado-a-los-grandes-9788432320774.jpg","datePublished":"2024-12-29T17:37:59+00:00","dateModified":"2024-12-29T17:38:07+00:00","breadcrumb":{"@id":"https:\/\/zapateneo.net\/wordpress\/index.php\/producto\/como-era-ser-pequeno-explicado-a-los-grandes\/#breadcrumb"},"inLanguage":"es","potentialAction":[{"@type":"ReadAction","target":["https:\/\/zapateneo.net\/wordpress\/index.php\/producto\/como-era-ser-pequeno-explicado-a-los-grandes\/"]}]},{"@type":"ImageObject","inLanguage":"es","@id":"https:\/\/zapateneo.net\/wordpress\/index.php\/producto\/como-era-ser-pequeno-explicado-a-los-grandes\/#primaryimage","url":"https:\/\/zapateneo.net\/wordpress\/wp-content\/uploads\/2024\/12\/como-era-ser-pequeno-explicado-a-los-grandes-9788432320774.jpg","contentUrl":"https:\/\/zapateneo.net\/wordpress\/wp-content\/uploads\/2024\/12\/como-era-ser-pequeno-explicado-a-los-grandes-9788432320774.jpg","width":175,"height":262},{"@type":"BreadcrumbList","@id":"https:\/\/zapateneo.net\/wordpress\/index.php\/producto\/como-era-ser-pequeno-explicado-a-los-grandes\/#breadcrumb","itemListElement":[{"@type":"ListItem","position":1,"name":"Portada","item":"https:\/\/zapateneo.net\/wordpress\/"},{"@type":"ListItem","position":2,"name":"Tienda","item":"https:\/\/zapateneo.net\/wordpress\/"},{"@type":"ListItem","position":3,"name":"C\u00f3mo era ser peque\u00f1o Explicado a los grandes"}]},{"@type":"WebSite","@id":"https:\/\/zapateneo.net\/wordpress\/#website","url":"https:\/\/zapateneo.net\/wordpress\/","name":"Zapateneo","description":"Zapateneoaren webgunea","publisher":{"@id":"https:\/\/zapateneo.net\/wordpress\/#organization"},"potentialAction":[{"@type":"SearchAction","target":{"@type":"EntryPoint","urlTemplate":"https:\/\/zapateneo.net\/wordpress\/?s={search_term_string}"},"query-input":{"@type":"PropertyValueSpecification","valueRequired":true,"valueName":"search_term_string"}}],"inLanguage":"es"},{"@type":"Organization","@id":"https:\/\/zapateneo.net\/wordpress\/#organization","name":"Zapateneo Kultur Elkartea","url":"https:\/\/zapateneo.net\/wordpress\/","logo":{"@type":"ImageObject","inLanguage":"es","@id":"https:\/\/zapateneo.net\/wordpress\/#\/schema\/logo\/image\/","url":"https:\/\/zapateneo.net\/wordpress\/wp-content\/uploads\/2021\/04\/zap-libu-kolec.jpg","contentUrl":"https:\/\/zapateneo.net\/wordpress\/wp-content\/uploads\/2021\/04\/zap-libu-kolec.jpg","width":2234,"height":398,"caption":"Zapateneo Kultur Elkartea"},"image":{"@id":"https:\/\/zapateneo.net\/wordpress\/#\/schema\/logo\/image\/"},"sameAs":["https:\/\/x.com\/zapateneo"]}]}},"_links":{"self":[{"href":"https:\/\/zapateneo.net\/wordpress\/index.php\/wp-json\/wp\/v2\/product\/15525","targetHints":{"allow":["GET"]}}],"collection":[{"href":"https:\/\/zapateneo.net\/wordpress\/index.php\/wp-json\/wp\/v2\/product"}],"about":[{"href":"https:\/\/zapateneo.net\/wordpress\/index.php\/wp-json\/wp\/v2\/types\/product"}],"wp:featuredmedia":[{"embeddable":true,"href":"https:\/\/zapateneo.net\/wordpress\/index.php\/wp-json\/wp\/v2\/media\/15551"}],"wp:attachment":[{"href":"https:\/\/zapateneo.net\/wordpress\/index.php\/wp-json\/wp\/v2\/media?parent=15525"}],"wp:term":[{"taxonomy":"product_brand","embeddable":true,"href":"https:\/\/zapateneo.net\/wordpress\/index.php\/wp-json\/wp\/v2\/product_brand?post=15525"},{"taxonomy":"product_cat","embeddable":true,"href":"https:\/\/zapateneo.net\/wordpress\/index.php\/wp-json\/wp\/v2\/product_cat?post=15525"},{"taxonomy":"product_tag","embeddable":true,"href":"https:\/\/zapateneo.net\/wordpress\/index.php\/wp-json\/wp\/v2\/product_tag?post=15525"}],"curies":[{"name":"wp","href":"https:\/\/api.w.org\/{rel}","templated":true}]}}