{"id":15523,"date":"2024-12-29T18:37:58","date_gmt":"2024-12-29T17:37:58","guid":{"rendered":"https:\/\/zapateneo.net\/wordpress\/?post_type=product&#038;p=15523"},"modified":"2024-12-29T18:38:06","modified_gmt":"2024-12-29T17:38:06","slug":"ensenar-distinto-guia-para-innovar-sin-perderse-en-el-camino","status":"publish","type":"product","link":"https:\/\/zapateneo.net\/wordpress\/index.php\/producto\/ensenar-distinto-guia-para-innovar-sin-perderse-en-el-camino\/","title":{"rendered":"Ense\u00f1ar distinto Gu\u00eda para innovar sin perderse en el camino"},"content":{"rendered":"<p>\u00bfCu\u00e1nto tiempo hemos dedicado a estudiar y hasta a ense\u00f1ar temas que no terminamos de entender? \u00bfA repetir \u201ccomo loros\u201d? \u00bfCu\u00e1nto del trabajo escolar est\u00e1 dedicado a producir conocimiento inerte, ese que queda en el arc\u00f3n de la memoria pero luego no logramos usar? \u00bfY qu\u00e9 podemos hacer para evitarlo? \u00bfC\u00f3mo aprovechar los muchos a\u00f1os en que tenemos a chicas, chicos, adolescentes y j\u00f3venes en la educaci\u00f3n formal? \u00bfC\u00f3mo darles herramientas y despertarles el deseo y la voluntad para seguir aprendiendo durante toda la vida? En definitiva: \u00bfc\u00f3mo ense\u00f1ar distinto? Con la meta en el aprendizaje profundo, Ense\u00f1ar distinto propone un recorrido sustancioso que abarca tanto los grandes desaf\u00edos como las situaciones del d\u00eda a d\u00eda de los educadores de todos los niveles; un recorrido lleno de estrategias y ejemplos que traducen un s\u00f3lido conocimiento del campo te\u00f3rico en consejos de ense\u00f1anza. Paso a paso, enfoca qu\u00e9 ense\u00f1ar, c\u00f3mo priorizar contenidos, c\u00f3mo motivar a los estudiantes y planificar secuencias que les den protagonismo. Hacer buenas preguntas y crear rutinas de pensamiento son premisas fundamentales en este camino, as\u00ed como promover la metacognici\u00f3n y ofrecer un feedback valioso. Para llegar a puerto, por fin, no es posible eludir la evaluaci\u00f3n tan temida; la buena noticia es que, bien pensada, es una excelente aliada para el aprendizaje. Con una mirada creativa y sensata, rigurosa y fresca, la reconocida experta en formaci\u00f3n docente Melina Furman abre el pu\u00f1o y nos regala un enorme tesoro de herramientas concretas para potenciarnos como docentes transformadores. Buscando ense\u00f1ar distinto a como ense\u00f1\u00e1bamos ayer, en un camino de mejora continua. Desde donde estamos, con lo que sabemos y con lo que tenemos. Para que, desde ah\u00ed, podamos ir mucho m\u00e1s lejos.<\/p>\n","protected":false},"excerpt":{"rendered":"<p><strong>Melina Furman<\/strong><br \/>\n9788432321061 &#8211; Siglo XXI &#8211; 2024 &#8211; 350 p\u00e1ginas \/orri.<\/p>\n","protected":false},"featured_media":15549,"template":"","meta":[],"product_brand":[],"product_cat":[186,16],"product_tag":[6977,423],"class_list":{"0":"post-15523","1":"product","2":"type-product","3":"status-publish","4":"has-post-thumbnail","6":"product_cat-hezkuntza-educacion","7":"product_cat-libros","8":"product_tag-melina-furman","9":"product_tag-siglo-xxi","11":"first","12":"instock","13":"sold-individually","14":"shipping-taxable","15":"purchasable","16":"product-type-simple"},"yoast_head":"<!-- This site is optimized with the Yoast SEO plugin v27.3 - https:\/\/yoast.com\/product\/yoast-seo-wordpress\/ -->\n<title>Ense\u00f1ar distinto Gu\u00eda para innovar sin perderse en el camino &#8212; Zapateneo<\/title>\n<meta name=\"robots\" content=\"index, follow, max-snippet:-1, max-image-preview:large, max-video-preview:-1\" \/>\n<link rel=\"canonical\" href=\"https:\/\/zapateneo.net\/wordpress\/index.php\/producto\/ensenar-distinto-guia-para-innovar-sin-perderse-en-el-camino\/\" \/>\n<meta property=\"og:locale\" content=\"es_ES\" \/>\n<meta property=\"og:type\" content=\"article\" \/>\n<meta property=\"og:title\" content=\"Ense\u00f1ar distinto Gu\u00eda para innovar sin perderse en el camino &#8212; Zapateneo\" \/>\n<meta property=\"og:description\" content=\"Melina Furman 9788432321061 - Siglo XXI - 2024 - 350 p\u00e1ginas \/orri.\" \/>\n<meta property=\"og:url\" content=\"https:\/\/zapateneo.net\/wordpress\/index.php\/producto\/ensenar-distinto-guia-para-innovar-sin-perderse-en-el-camino\/\" \/>\n<meta property=\"og:site_name\" content=\"Zapateneo\" \/>\n<meta property=\"article:modified_time\" content=\"2024-12-29T17:38:06+00:00\" \/>\n<meta name=\"twitter:card\" content=\"summary_large_image\" \/>\n<meta name=\"twitter:site\" content=\"@zapateneo\" \/>\n<meta name=\"twitter:label1\" content=\"Tiempo de lectura\" \/>\n\t<meta name=\"twitter:data1\" content=\"2 minutos\" \/>\n<script type=\"application\/ld+json\" class=\"yoast-schema-graph\">{\"@context\":\"https:\\\/\\\/schema.org\",\"@graph\":[{\"@type\":\"WebPage\",\"@id\":\"https:\\\/\\\/zapateneo.net\\\/wordpress\\\/index.php\\\/producto\\\/ensenar-distinto-guia-para-innovar-sin-perderse-en-el-camino\\\/\",\"url\":\"https:\\\/\\\/zapateneo.net\\\/wordpress\\\/index.php\\\/producto\\\/ensenar-distinto-guia-para-innovar-sin-perderse-en-el-camino\\\/\",\"name\":\"Ense\u00f1ar distinto Gu\u00eda para innovar sin perderse en el camino &#8212; Zapateneo\",\"isPartOf\":{\"@id\":\"https:\\\/\\\/zapateneo.net\\\/wordpress\\\/#website\"},\"primaryImageOfPage\":{\"@id\":\"https:\\\/\\\/zapateneo.net\\\/wordpress\\\/index.php\\\/producto\\\/ensenar-distinto-guia-para-innovar-sin-perderse-en-el-camino\\\/#primaryimage\"},\"image\":{\"@id\":\"https:\\\/\\\/zapateneo.net\\\/wordpress\\\/index.php\\\/producto\\\/ensenar-distinto-guia-para-innovar-sin-perderse-en-el-camino\\\/#primaryimage\"},\"thumbnailUrl\":\"https:\\\/\\\/zapateneo.net\\\/wordpress\\\/wp-content\\\/uploads\\\/2024\\\/12\\\/9788432321061.jpg\",\"datePublished\":\"2024-12-29T17:37:58+00:00\",\"dateModified\":\"2024-12-29T17:38:06+00:00\",\"breadcrumb\":{\"@id\":\"https:\\\/\\\/zapateneo.net\\\/wordpress\\\/index.php\\\/producto\\\/ensenar-distinto-guia-para-innovar-sin-perderse-en-el-camino\\\/#breadcrumb\"},\"inLanguage\":\"es\",\"potentialAction\":[{\"@type\":\"ReadAction\",\"target\":[\"https:\\\/\\\/zapateneo.net\\\/wordpress\\\/index.php\\\/producto\\\/ensenar-distinto-guia-para-innovar-sin-perderse-en-el-camino\\\/\"]}]},{\"@type\":\"ImageObject\",\"inLanguage\":\"es\",\"@id\":\"https:\\\/\\\/zapateneo.net\\\/wordpress\\\/index.php\\\/producto\\\/ensenar-distinto-guia-para-innovar-sin-perderse-en-el-camino\\\/#primaryimage\",\"url\":\"https:\\\/\\\/zapateneo.net\\\/wordpress\\\/wp-content\\\/uploads\\\/2024\\\/12\\\/9788432321061.jpg\",\"contentUrl\":\"https:\\\/\\\/zapateneo.net\\\/wordpress\\\/wp-content\\\/uploads\\\/2024\\\/12\\\/9788432321061.jpg\",\"width\":236,\"height\":352},{\"@type\":\"BreadcrumbList\",\"@id\":\"https:\\\/\\\/zapateneo.net\\\/wordpress\\\/index.php\\\/producto\\\/ensenar-distinto-guia-para-innovar-sin-perderse-en-el-camino\\\/#breadcrumb\",\"itemListElement\":[{\"@type\":\"ListItem\",\"position\":1,\"name\":\"Portada\",\"item\":\"https:\\\/\\\/zapateneo.net\\\/wordpress\\\/\"},{\"@type\":\"ListItem\",\"position\":2,\"name\":\"Tienda\",\"item\":\"https:\\\/\\\/zapateneo.net\\\/wordpress\\\/\"},{\"@type\":\"ListItem\",\"position\":3,\"name\":\"Ense\u00f1ar distinto Gu\u00eda para innovar sin perderse en el camino\"}]},{\"@type\":\"WebSite\",\"@id\":\"https:\\\/\\\/zapateneo.net\\\/wordpress\\\/#website\",\"url\":\"https:\\\/\\\/zapateneo.net\\\/wordpress\\\/\",\"name\":\"Zapateneo\",\"description\":\"Zapateneoaren webgunea\",\"publisher\":{\"@id\":\"https:\\\/\\\/zapateneo.net\\\/wordpress\\\/#organization\"},\"potentialAction\":[{\"@type\":\"SearchAction\",\"target\":{\"@type\":\"EntryPoint\",\"urlTemplate\":\"https:\\\/\\\/zapateneo.net\\\/wordpress\\\/?s={search_term_string}\"},\"query-input\":{\"@type\":\"PropertyValueSpecification\",\"valueRequired\":true,\"valueName\":\"search_term_string\"}}],\"inLanguage\":\"es\"},{\"@type\":\"Organization\",\"@id\":\"https:\\\/\\\/zapateneo.net\\\/wordpress\\\/#organization\",\"name\":\"Zapateneo Kultur Elkartea\",\"url\":\"https:\\\/\\\/zapateneo.net\\\/wordpress\\\/\",\"logo\":{\"@type\":\"ImageObject\",\"inLanguage\":\"es\",\"@id\":\"https:\\\/\\\/zapateneo.net\\\/wordpress\\\/#\\\/schema\\\/logo\\\/image\\\/\",\"url\":\"https:\\\/\\\/zapateneo.net\\\/wordpress\\\/wp-content\\\/uploads\\\/2021\\\/04\\\/zap-libu-kolec.jpg\",\"contentUrl\":\"https:\\\/\\\/zapateneo.net\\\/wordpress\\\/wp-content\\\/uploads\\\/2021\\\/04\\\/zap-libu-kolec.jpg\",\"width\":2234,\"height\":398,\"caption\":\"Zapateneo Kultur Elkartea\"},\"image\":{\"@id\":\"https:\\\/\\\/zapateneo.net\\\/wordpress\\\/#\\\/schema\\\/logo\\\/image\\\/\"},\"sameAs\":[\"https:\\\/\\\/x.com\\\/zapateneo\"]}]}<\/script>\n<!-- \/ Yoast SEO plugin. -->","yoast_head_json":{"title":"Ense\u00f1ar distinto Gu\u00eda para innovar sin perderse en el camino &#8212; Zapateneo","robots":{"index":"index","follow":"follow","max-snippet":"max-snippet:-1","max-image-preview":"max-image-preview:large","max-video-preview":"max-video-preview:-1"},"canonical":"https:\/\/zapateneo.net\/wordpress\/index.php\/producto\/ensenar-distinto-guia-para-innovar-sin-perderse-en-el-camino\/","og_locale":"es_ES","og_type":"article","og_title":"Ense\u00f1ar distinto Gu\u00eda para innovar sin perderse en el camino &#8212; Zapateneo","og_description":"Melina Furman 9788432321061 - Siglo XXI - 2024 - 350 p\u00e1ginas \/orri.","og_url":"https:\/\/zapateneo.net\/wordpress\/index.php\/producto\/ensenar-distinto-guia-para-innovar-sin-perderse-en-el-camino\/","og_site_name":"Zapateneo","article_modified_time":"2024-12-29T17:38:06+00:00","twitter_card":"summary_large_image","twitter_site":"@zapateneo","twitter_misc":{"Tiempo de lectura":"2 minutos"},"schema":{"@context":"https:\/\/schema.org","@graph":[{"@type":"WebPage","@id":"https:\/\/zapateneo.net\/wordpress\/index.php\/producto\/ensenar-distinto-guia-para-innovar-sin-perderse-en-el-camino\/","url":"https:\/\/zapateneo.net\/wordpress\/index.php\/producto\/ensenar-distinto-guia-para-innovar-sin-perderse-en-el-camino\/","name":"Ense\u00f1ar distinto Gu\u00eda para innovar sin perderse en el camino &#8212; Zapateneo","isPartOf":{"@id":"https:\/\/zapateneo.net\/wordpress\/#website"},"primaryImageOfPage":{"@id":"https:\/\/zapateneo.net\/wordpress\/index.php\/producto\/ensenar-distinto-guia-para-innovar-sin-perderse-en-el-camino\/#primaryimage"},"image":{"@id":"https:\/\/zapateneo.net\/wordpress\/index.php\/producto\/ensenar-distinto-guia-para-innovar-sin-perderse-en-el-camino\/#primaryimage"},"thumbnailUrl":"https:\/\/zapateneo.net\/wordpress\/wp-content\/uploads\/2024\/12\/9788432321061.jpg","datePublished":"2024-12-29T17:37:58+00:00","dateModified":"2024-12-29T17:38:06+00:00","breadcrumb":{"@id":"https:\/\/zapateneo.net\/wordpress\/index.php\/producto\/ensenar-distinto-guia-para-innovar-sin-perderse-en-el-camino\/#breadcrumb"},"inLanguage":"es","potentialAction":[{"@type":"ReadAction","target":["https:\/\/zapateneo.net\/wordpress\/index.php\/producto\/ensenar-distinto-guia-para-innovar-sin-perderse-en-el-camino\/"]}]},{"@type":"ImageObject","inLanguage":"es","@id":"https:\/\/zapateneo.net\/wordpress\/index.php\/producto\/ensenar-distinto-guia-para-innovar-sin-perderse-en-el-camino\/#primaryimage","url":"https:\/\/zapateneo.net\/wordpress\/wp-content\/uploads\/2024\/12\/9788432321061.jpg","contentUrl":"https:\/\/zapateneo.net\/wordpress\/wp-content\/uploads\/2024\/12\/9788432321061.jpg","width":236,"height":352},{"@type":"BreadcrumbList","@id":"https:\/\/zapateneo.net\/wordpress\/index.php\/producto\/ensenar-distinto-guia-para-innovar-sin-perderse-en-el-camino\/#breadcrumb","itemListElement":[{"@type":"ListItem","position":1,"name":"Portada","item":"https:\/\/zapateneo.net\/wordpress\/"},{"@type":"ListItem","position":2,"name":"Tienda","item":"https:\/\/zapateneo.net\/wordpress\/"},{"@type":"ListItem","position":3,"name":"Ense\u00f1ar distinto Gu\u00eda para innovar sin perderse en el camino"}]},{"@type":"WebSite","@id":"https:\/\/zapateneo.net\/wordpress\/#website","url":"https:\/\/zapateneo.net\/wordpress\/","name":"Zapateneo","description":"Zapateneoaren webgunea","publisher":{"@id":"https:\/\/zapateneo.net\/wordpress\/#organization"},"potentialAction":[{"@type":"SearchAction","target":{"@type":"EntryPoint","urlTemplate":"https:\/\/zapateneo.net\/wordpress\/?s={search_term_string}"},"query-input":{"@type":"PropertyValueSpecification","valueRequired":true,"valueName":"search_term_string"}}],"inLanguage":"es"},{"@type":"Organization","@id":"https:\/\/zapateneo.net\/wordpress\/#organization","name":"Zapateneo Kultur Elkartea","url":"https:\/\/zapateneo.net\/wordpress\/","logo":{"@type":"ImageObject","inLanguage":"es","@id":"https:\/\/zapateneo.net\/wordpress\/#\/schema\/logo\/image\/","url":"https:\/\/zapateneo.net\/wordpress\/wp-content\/uploads\/2021\/04\/zap-libu-kolec.jpg","contentUrl":"https:\/\/zapateneo.net\/wordpress\/wp-content\/uploads\/2021\/04\/zap-libu-kolec.jpg","width":2234,"height":398,"caption":"Zapateneo Kultur Elkartea"},"image":{"@id":"https:\/\/zapateneo.net\/wordpress\/#\/schema\/logo\/image\/"},"sameAs":["https:\/\/x.com\/zapateneo"]}]}},"_links":{"self":[{"href":"https:\/\/zapateneo.net\/wordpress\/index.php\/wp-json\/wp\/v2\/product\/15523","targetHints":{"allow":["GET"]}}],"collection":[{"href":"https:\/\/zapateneo.net\/wordpress\/index.php\/wp-json\/wp\/v2\/product"}],"about":[{"href":"https:\/\/zapateneo.net\/wordpress\/index.php\/wp-json\/wp\/v2\/types\/product"}],"wp:featuredmedia":[{"embeddable":true,"href":"https:\/\/zapateneo.net\/wordpress\/index.php\/wp-json\/wp\/v2\/media\/15549"}],"wp:attachment":[{"href":"https:\/\/zapateneo.net\/wordpress\/index.php\/wp-json\/wp\/v2\/media?parent=15523"}],"wp:term":[{"taxonomy":"product_brand","embeddable":true,"href":"https:\/\/zapateneo.net\/wordpress\/index.php\/wp-json\/wp\/v2\/product_brand?post=15523"},{"taxonomy":"product_cat","embeddable":true,"href":"https:\/\/zapateneo.net\/wordpress\/index.php\/wp-json\/wp\/v2\/product_cat?post=15523"},{"taxonomy":"product_tag","embeddable":true,"href":"https:\/\/zapateneo.net\/wordpress\/index.php\/wp-json\/wp\/v2\/product_tag?post=15523"}],"curies":[{"name":"wp","href":"https:\/\/api.w.org\/{rel}","templated":true}]}}