{"id":15521,"date":"2024-12-29T18:37:58","date_gmt":"2024-12-29T17:37:58","guid":{"rendered":"https:\/\/zapateneo.net\/wordpress\/?post_type=product&#038;p=15521"},"modified":"2024-12-29T18:38:06","modified_gmt":"2024-12-29T17:38:06","slug":"introduccion-a-foucault-guia-para-orientarse-y-entender-una-obra-en-movimiento","status":"publish","type":"product","link":"https:\/\/zapateneo.net\/wordpress\/index.php\/producto\/introduccion-a-foucault-guia-para-orientarse-y-entender-una-obra-en-movimiento\/","title":{"rendered":"Introducci\u00f3n a Foucault Gu\u00eda para orientarse y entender una obra en movimiento"},"content":{"rendered":"<p>Michel Foucault es el autor de libros emblem\u00e1ticos del siglo XX, que trascendieron los l\u00edmites de las lenguas y las disciplinas y lo convirtieron en uno de los pensadores m\u00e1s citados en el campo de las humanidades. A casi cuatro d\u00e9cadas de su muerte, su obra sigue redefini\u00e9ndose con la publicaci\u00f3n p\u00f3stuma de cursos y escritos que muestran que la pregunta \u00bfqu\u00e9 dijo Michel Foucault? sigue abierta y sugiere otras: \u00bfc\u00f3mo se relacionan los textos que public\u00f3 en vida con los editados en los \u00faltimos a\u00f1os? \u00bfCu\u00e1l es el mapa y qu\u00e9 balance actualizado podemos hacer de su pensamiento? Y sobre todo, \u00bfqu\u00e9 pueden decirnos sus libros hoy?<\/p>\n<p>Estas son las preguntas que Edgardo Castro, reconocido entre los mayores estudiosos de Foucault, se propone responder en esta nueva edici\u00f3n de la Introducci\u00f3n a Foucault, aumentada y enteramente revisada. As\u00ed, nos presenta al joven Foucault, el de los a\u00f1os de aprendizaje en los cincuenta, que lee a los grandes cl\u00e1sicos de la filosof\u00eda alemana, se interesa por la psicolog\u00eda y el psicoan\u00e1lisis a la vez que pone en marcha su laboratorio conceptual y delinea los problemas que nunca dejar\u00e1 de replantear. Este recorrido, que articula con claridad los grandes temas la relaci\u00f3n entre raz\u00f3n y locura, entre sexualidad y subjetividad, entre libertad y seguridad, las formas modernas de la normalizaci\u00f3n, el gobierno de las poblaciones, el despliegue de la gubernamentalidad neoliberal, llega hasta los \u00faltimos cursos en el Coll\u00e8ge de France, centrados en la \u00e9tica y los v\u00ednculos entre discurso y verdad.<\/p>\n<p>El resultado es un estupendo panorama del pensamiento foucaultiano, que incorpora las interpretaciones m\u00e1s recientes e incluye una breve cronolog\u00eda de la vida de Foucault, la bibliograf\u00eda de sus obras, en franc\u00e9s y espa\u00f1ol, m\u00e1s algunas sugerencias de lectura para profundizar los principales ejes.<\/p>\n<p>Formidable trabajo de s\u00edntesis, escrito con precisi\u00f3n y soltura, esta Introducci\u00f3n vuelve accesible para el lector no especializado un autor que todav\u00eda le habla a nuestro presente.<\/p>\n","protected":false},"excerpt":{"rendered":"<p><strong>Edgardo Castro<\/strong><br \/>\n9789878012520 &#8211; Siglo XXI &#8211; 2024 &#8211; 240 p\u00e1ginas \/orri.<\/p>\n","protected":false},"featured_media":15547,"template":"","meta":[],"product_brand":[],"product_cat":[16,173],"product_tag":[6976,423],"class_list":{"0":"post-15521","1":"product","2":"type-product","3":"status-publish","4":"has-post-thumbnail","6":"product_cat-libros","7":"product_cat-saiakera-ensayo","8":"product_tag-edgardo-castro","9":"product_tag-siglo-xxi","11":"first","12":"instock","13":"sold-individually","14":"shipping-taxable","15":"purchasable","16":"product-type-simple"},"yoast_head":"<!-- This site is optimized with the Yoast SEO plugin v27.3 - https:\/\/yoast.com\/product\/yoast-seo-wordpress\/ -->\n<title>Introducci\u00f3n a Foucault Gu\u00eda para orientarse y entender una obra en movimiento &#8212; Zapateneo<\/title>\n<meta name=\"robots\" content=\"index, follow, max-snippet:-1, max-image-preview:large, max-video-preview:-1\" \/>\n<link rel=\"canonical\" href=\"https:\/\/zapateneo.net\/wordpress\/index.php\/producto\/introduccion-a-foucault-guia-para-orientarse-y-entender-una-obra-en-movimiento\/\" \/>\n<meta property=\"og:locale\" content=\"es_ES\" \/>\n<meta property=\"og:type\" content=\"article\" \/>\n<meta property=\"og:title\" content=\"Introducci\u00f3n a Foucault Gu\u00eda para orientarse y entender una obra en movimiento &#8212; Zapateneo\" \/>\n<meta property=\"og:description\" content=\"Edgardo Castro 9789878012520 - Siglo XXI - 2024 - 240 p\u00e1ginas \/orri.\" \/>\n<meta property=\"og:url\" content=\"https:\/\/zapateneo.net\/wordpress\/index.php\/producto\/introduccion-a-foucault-guia-para-orientarse-y-entender-una-obra-en-movimiento\/\" \/>\n<meta property=\"og:site_name\" content=\"Zapateneo\" \/>\n<meta property=\"article:modified_time\" content=\"2024-12-29T17:38:06+00:00\" \/>\n<meta name=\"twitter:card\" content=\"summary_large_image\" \/>\n<meta name=\"twitter:site\" content=\"@zapateneo\" \/>\n<meta name=\"twitter:label1\" content=\"Tiempo de lectura\" \/>\n\t<meta name=\"twitter:data1\" content=\"2 minutos\" \/>\n<script type=\"application\/ld+json\" class=\"yoast-schema-graph\">{\"@context\":\"https:\\\/\\\/schema.org\",\"@graph\":[{\"@type\":\"WebPage\",\"@id\":\"https:\\\/\\\/zapateneo.net\\\/wordpress\\\/index.php\\\/producto\\\/introduccion-a-foucault-guia-para-orientarse-y-entender-una-obra-en-movimiento\\\/\",\"url\":\"https:\\\/\\\/zapateneo.net\\\/wordpress\\\/index.php\\\/producto\\\/introduccion-a-foucault-guia-para-orientarse-y-entender-una-obra-en-movimiento\\\/\",\"name\":\"Introducci\u00f3n a Foucault Gu\u00eda para orientarse y entender una obra en movimiento &#8212; Zapateneo\",\"isPartOf\":{\"@id\":\"https:\\\/\\\/zapateneo.net\\\/wordpress\\\/#website\"},\"primaryImageOfPage\":{\"@id\":\"https:\\\/\\\/zapateneo.net\\\/wordpress\\\/index.php\\\/producto\\\/introduccion-a-foucault-guia-para-orientarse-y-entender-una-obra-en-movimiento\\\/#primaryimage\"},\"image\":{\"@id\":\"https:\\\/\\\/zapateneo.net\\\/wordpress\\\/index.php\\\/producto\\\/introduccion-a-foucault-guia-para-orientarse-y-entender-una-obra-en-movimiento\\\/#primaryimage\"},\"thumbnailUrl\":\"https:\\\/\\\/zapateneo.net\\\/wordpress\\\/wp-content\\\/uploads\\\/2024\\\/12\\\/9789878012520.jpg\",\"datePublished\":\"2024-12-29T17:37:58+00:00\",\"dateModified\":\"2024-12-29T17:38:06+00:00\",\"breadcrumb\":{\"@id\":\"https:\\\/\\\/zapateneo.net\\\/wordpress\\\/index.php\\\/producto\\\/introduccion-a-foucault-guia-para-orientarse-y-entender-una-obra-en-movimiento\\\/#breadcrumb\"},\"inLanguage\":\"es\",\"potentialAction\":[{\"@type\":\"ReadAction\",\"target\":[\"https:\\\/\\\/zapateneo.net\\\/wordpress\\\/index.php\\\/producto\\\/introduccion-a-foucault-guia-para-orientarse-y-entender-una-obra-en-movimiento\\\/\"]}]},{\"@type\":\"ImageObject\",\"inLanguage\":\"es\",\"@id\":\"https:\\\/\\\/zapateneo.net\\\/wordpress\\\/index.php\\\/producto\\\/introduccion-a-foucault-guia-para-orientarse-y-entender-una-obra-en-movimiento\\\/#primaryimage\",\"url\":\"https:\\\/\\\/zapateneo.net\\\/wordpress\\\/wp-content\\\/uploads\\\/2024\\\/12\\\/9789878012520.jpg\",\"contentUrl\":\"https:\\\/\\\/zapateneo.net\\\/wordpress\\\/wp-content\\\/uploads\\\/2024\\\/12\\\/9789878012520.jpg\",\"width\":183,\"height\":275},{\"@type\":\"BreadcrumbList\",\"@id\":\"https:\\\/\\\/zapateneo.net\\\/wordpress\\\/index.php\\\/producto\\\/introduccion-a-foucault-guia-para-orientarse-y-entender-una-obra-en-movimiento\\\/#breadcrumb\",\"itemListElement\":[{\"@type\":\"ListItem\",\"position\":1,\"name\":\"Portada\",\"item\":\"https:\\\/\\\/zapateneo.net\\\/wordpress\\\/\"},{\"@type\":\"ListItem\",\"position\":2,\"name\":\"Tienda\",\"item\":\"https:\\\/\\\/zapateneo.net\\\/wordpress\\\/\"},{\"@type\":\"ListItem\",\"position\":3,\"name\":\"Introducci\u00f3n a Foucault Gu\u00eda para orientarse y entender una obra en movimiento\"}]},{\"@type\":\"WebSite\",\"@id\":\"https:\\\/\\\/zapateneo.net\\\/wordpress\\\/#website\",\"url\":\"https:\\\/\\\/zapateneo.net\\\/wordpress\\\/\",\"name\":\"Zapateneo\",\"description\":\"Zapateneoaren webgunea\",\"publisher\":{\"@id\":\"https:\\\/\\\/zapateneo.net\\\/wordpress\\\/#organization\"},\"potentialAction\":[{\"@type\":\"SearchAction\",\"target\":{\"@type\":\"EntryPoint\",\"urlTemplate\":\"https:\\\/\\\/zapateneo.net\\\/wordpress\\\/?s={search_term_string}\"},\"query-input\":{\"@type\":\"PropertyValueSpecification\",\"valueRequired\":true,\"valueName\":\"search_term_string\"}}],\"inLanguage\":\"es\"},{\"@type\":\"Organization\",\"@id\":\"https:\\\/\\\/zapateneo.net\\\/wordpress\\\/#organization\",\"name\":\"Zapateneo Kultur Elkartea\",\"url\":\"https:\\\/\\\/zapateneo.net\\\/wordpress\\\/\",\"logo\":{\"@type\":\"ImageObject\",\"inLanguage\":\"es\",\"@id\":\"https:\\\/\\\/zapateneo.net\\\/wordpress\\\/#\\\/schema\\\/logo\\\/image\\\/\",\"url\":\"https:\\\/\\\/zapateneo.net\\\/wordpress\\\/wp-content\\\/uploads\\\/2021\\\/04\\\/zap-libu-kolec.jpg\",\"contentUrl\":\"https:\\\/\\\/zapateneo.net\\\/wordpress\\\/wp-content\\\/uploads\\\/2021\\\/04\\\/zap-libu-kolec.jpg\",\"width\":2234,\"height\":398,\"caption\":\"Zapateneo Kultur Elkartea\"},\"image\":{\"@id\":\"https:\\\/\\\/zapateneo.net\\\/wordpress\\\/#\\\/schema\\\/logo\\\/image\\\/\"},\"sameAs\":[\"https:\\\/\\\/x.com\\\/zapateneo\"]}]}<\/script>\n<!-- \/ Yoast SEO plugin. -->","yoast_head_json":{"title":"Introducci\u00f3n a Foucault Gu\u00eda para orientarse y entender una obra en movimiento &#8212; Zapateneo","robots":{"index":"index","follow":"follow","max-snippet":"max-snippet:-1","max-image-preview":"max-image-preview:large","max-video-preview":"max-video-preview:-1"},"canonical":"https:\/\/zapateneo.net\/wordpress\/index.php\/producto\/introduccion-a-foucault-guia-para-orientarse-y-entender-una-obra-en-movimiento\/","og_locale":"es_ES","og_type":"article","og_title":"Introducci\u00f3n a Foucault Gu\u00eda para orientarse y entender una obra en movimiento &#8212; Zapateneo","og_description":"Edgardo Castro 9789878012520 - Siglo XXI - 2024 - 240 p\u00e1ginas \/orri.","og_url":"https:\/\/zapateneo.net\/wordpress\/index.php\/producto\/introduccion-a-foucault-guia-para-orientarse-y-entender-una-obra-en-movimiento\/","og_site_name":"Zapateneo","article_modified_time":"2024-12-29T17:38:06+00:00","twitter_card":"summary_large_image","twitter_site":"@zapateneo","twitter_misc":{"Tiempo de lectura":"2 minutos"},"schema":{"@context":"https:\/\/schema.org","@graph":[{"@type":"WebPage","@id":"https:\/\/zapateneo.net\/wordpress\/index.php\/producto\/introduccion-a-foucault-guia-para-orientarse-y-entender-una-obra-en-movimiento\/","url":"https:\/\/zapateneo.net\/wordpress\/index.php\/producto\/introduccion-a-foucault-guia-para-orientarse-y-entender-una-obra-en-movimiento\/","name":"Introducci\u00f3n a Foucault Gu\u00eda para orientarse y entender una obra en movimiento &#8212; Zapateneo","isPartOf":{"@id":"https:\/\/zapateneo.net\/wordpress\/#website"},"primaryImageOfPage":{"@id":"https:\/\/zapateneo.net\/wordpress\/index.php\/producto\/introduccion-a-foucault-guia-para-orientarse-y-entender-una-obra-en-movimiento\/#primaryimage"},"image":{"@id":"https:\/\/zapateneo.net\/wordpress\/index.php\/producto\/introduccion-a-foucault-guia-para-orientarse-y-entender-una-obra-en-movimiento\/#primaryimage"},"thumbnailUrl":"https:\/\/zapateneo.net\/wordpress\/wp-content\/uploads\/2024\/12\/9789878012520.jpg","datePublished":"2024-12-29T17:37:58+00:00","dateModified":"2024-12-29T17:38:06+00:00","breadcrumb":{"@id":"https:\/\/zapateneo.net\/wordpress\/index.php\/producto\/introduccion-a-foucault-guia-para-orientarse-y-entender-una-obra-en-movimiento\/#breadcrumb"},"inLanguage":"es","potentialAction":[{"@type":"ReadAction","target":["https:\/\/zapateneo.net\/wordpress\/index.php\/producto\/introduccion-a-foucault-guia-para-orientarse-y-entender-una-obra-en-movimiento\/"]}]},{"@type":"ImageObject","inLanguage":"es","@id":"https:\/\/zapateneo.net\/wordpress\/index.php\/producto\/introduccion-a-foucault-guia-para-orientarse-y-entender-una-obra-en-movimiento\/#primaryimage","url":"https:\/\/zapateneo.net\/wordpress\/wp-content\/uploads\/2024\/12\/9789878012520.jpg","contentUrl":"https:\/\/zapateneo.net\/wordpress\/wp-content\/uploads\/2024\/12\/9789878012520.jpg","width":183,"height":275},{"@type":"BreadcrumbList","@id":"https:\/\/zapateneo.net\/wordpress\/index.php\/producto\/introduccion-a-foucault-guia-para-orientarse-y-entender-una-obra-en-movimiento\/#breadcrumb","itemListElement":[{"@type":"ListItem","position":1,"name":"Portada","item":"https:\/\/zapateneo.net\/wordpress\/"},{"@type":"ListItem","position":2,"name":"Tienda","item":"https:\/\/zapateneo.net\/wordpress\/"},{"@type":"ListItem","position":3,"name":"Introducci\u00f3n a Foucault Gu\u00eda para orientarse y entender una obra en movimiento"}]},{"@type":"WebSite","@id":"https:\/\/zapateneo.net\/wordpress\/#website","url":"https:\/\/zapateneo.net\/wordpress\/","name":"Zapateneo","description":"Zapateneoaren webgunea","publisher":{"@id":"https:\/\/zapateneo.net\/wordpress\/#organization"},"potentialAction":[{"@type":"SearchAction","target":{"@type":"EntryPoint","urlTemplate":"https:\/\/zapateneo.net\/wordpress\/?s={search_term_string}"},"query-input":{"@type":"PropertyValueSpecification","valueRequired":true,"valueName":"search_term_string"}}],"inLanguage":"es"},{"@type":"Organization","@id":"https:\/\/zapateneo.net\/wordpress\/#organization","name":"Zapateneo Kultur Elkartea","url":"https:\/\/zapateneo.net\/wordpress\/","logo":{"@type":"ImageObject","inLanguage":"es","@id":"https:\/\/zapateneo.net\/wordpress\/#\/schema\/logo\/image\/","url":"https:\/\/zapateneo.net\/wordpress\/wp-content\/uploads\/2021\/04\/zap-libu-kolec.jpg","contentUrl":"https:\/\/zapateneo.net\/wordpress\/wp-content\/uploads\/2021\/04\/zap-libu-kolec.jpg","width":2234,"height":398,"caption":"Zapateneo Kultur Elkartea"},"image":{"@id":"https:\/\/zapateneo.net\/wordpress\/#\/schema\/logo\/image\/"},"sameAs":["https:\/\/x.com\/zapateneo"]}]}},"_links":{"self":[{"href":"https:\/\/zapateneo.net\/wordpress\/index.php\/wp-json\/wp\/v2\/product\/15521","targetHints":{"allow":["GET"]}}],"collection":[{"href":"https:\/\/zapateneo.net\/wordpress\/index.php\/wp-json\/wp\/v2\/product"}],"about":[{"href":"https:\/\/zapateneo.net\/wordpress\/index.php\/wp-json\/wp\/v2\/types\/product"}],"wp:featuredmedia":[{"embeddable":true,"href":"https:\/\/zapateneo.net\/wordpress\/index.php\/wp-json\/wp\/v2\/media\/15547"}],"wp:attachment":[{"href":"https:\/\/zapateneo.net\/wordpress\/index.php\/wp-json\/wp\/v2\/media?parent=15521"}],"wp:term":[{"taxonomy":"product_brand","embeddable":true,"href":"https:\/\/zapateneo.net\/wordpress\/index.php\/wp-json\/wp\/v2\/product_brand?post=15521"},{"taxonomy":"product_cat","embeddable":true,"href":"https:\/\/zapateneo.net\/wordpress\/index.php\/wp-json\/wp\/v2\/product_cat?post=15521"},{"taxonomy":"product_tag","embeddable":true,"href":"https:\/\/zapateneo.net\/wordpress\/index.php\/wp-json\/wp\/v2\/product_tag?post=15521"}],"curies":[{"name":"wp","href":"https:\/\/api.w.org\/{rel}","templated":true}]}}