{"id":15518,"date":"2024-12-29T18:37:57","date_gmt":"2024-12-29T17:37:57","guid":{"rendered":"https:\/\/zapateneo.net\/wordpress\/?post_type=product&#038;p=15518"},"modified":"2024-12-29T18:38:04","modified_gmt":"2024-12-29T17:38:04","slug":"guerra-magica-el-batallon-magico-que-combatio-a-hitler","status":"publish","type":"product","link":"https:\/\/zapateneo.net\/wordpress\/index.php\/producto\/guerra-magica-el-batallon-magico-que-combatio-a-hitler\/","title":{"rendered":"GUERRA M\u00c1GICA El batall\u00f3n m\u00e1gico que combati\u00f3 a Hitler"},"content":{"rendered":"<p>Durante la Segunda Guerra Mundial, mientras una parte de Londres estaba en llamas por los bombardeos alemanes, la c\u00e9lebre ocultista brit\u00e1nica y pionera de la brujer\u00eda moderna Dion Fortune, al frente de su sociedad secreta Fraternidad de la Luz Interior, declar\u00f3 la guerra m\u00e1gica a Hitler y los nazis. A trav\u00e9s de meditaciones guiadas cre\u00f3 una Sexta Columna con el objetivo de combatir a los \u00abmagos negros\u00bb del Reich, expertos en propaganda de masas.<br \/>\n\u00abVisualicemos Alemania como una vasta ci\u00e9naga de impotencia e ignorancia humanas cubierta por una densa nube negra de mal antiguo\u00bb, escribi\u00f3 Fortune, fascinada por los mitos art\u00faricos y la leyenda de Merl\u00edn. Porque, adem\u00e1s del campo de batalla terrestre, existi\u00f3 otra guerra m\u00e1s ins\u00f3lita y desconocida. Los protagonistas de la \u00abbatalla m\u00e1gica de Inglaterra\u00bb, como se la conoci\u00f3, fueron magos y magas que se enfrentaron al totalitarismo, visualizando rayos mort\u00edferos mediante \u00abtelepat\u00eda antinazi\u00bb o patrullando las costas inglesas y las aguas del B\u00e1ltico como \u00abpresencias angelicales\u00bb ataviadas con t\u00fanicas rojas y armadas con espadas de fuego, \u00abuna enorme forma oscura por las costas y de norte a sur y de este a oeste, y viceversa, vigilando para que nada extra\u00f1o pueda moverse sin ser detectado\u00bb.<\/p>\n","protected":false},"excerpt":{"rendered":"<p><strong>Dion Fortune<\/strong><br \/>\n9788412693645 &#8211; La Felguera &#8211; 2024 &#8211; 232 p\u00e1ginas \/orri.<\/p>\n","protected":false},"featured_media":15544,"template":"","meta":[],"product_brand":[],"product_cat":[185,16],"product_tag":[6969,582],"class_list":{"0":"post-15518","1":"product","2":"type-product","3":"status-publish","4":"has-post-thumbnail","6":"product_cat-historia","7":"product_cat-libros","8":"product_tag-dion-fortune","9":"product_tag-la-felguera","11":"first","12":"instock","13":"sold-individually","14":"shipping-taxable","15":"purchasable","16":"product-type-simple"},"yoast_head":"<!-- This site is optimized with the Yoast SEO plugin v27.3 - https:\/\/yoast.com\/product\/yoast-seo-wordpress\/ -->\n<title>GUERRA M\u00c1GICA El batall\u00f3n m\u00e1gico que combati\u00f3 a Hitler &#8212; Zapateneo<\/title>\n<meta name=\"robots\" content=\"index, follow, max-snippet:-1, max-image-preview:large, max-video-preview:-1\" \/>\n<link rel=\"canonical\" href=\"https:\/\/zapateneo.net\/wordpress\/index.php\/producto\/guerra-magica-el-batallon-magico-que-combatio-a-hitler\/\" \/>\n<meta property=\"og:locale\" content=\"es_ES\" \/>\n<meta property=\"og:type\" content=\"article\" \/>\n<meta property=\"og:title\" content=\"GUERRA M\u00c1GICA El batall\u00f3n m\u00e1gico que combati\u00f3 a Hitler &#8212; Zapateneo\" \/>\n<meta property=\"og:description\" content=\"Dion Fortune 9788412693645 - La Felguera - 2024 - 232 p\u00e1ginas \/orri.\" \/>\n<meta property=\"og:url\" content=\"https:\/\/zapateneo.net\/wordpress\/index.php\/producto\/guerra-magica-el-batallon-magico-que-combatio-a-hitler\/\" \/>\n<meta property=\"og:site_name\" content=\"Zapateneo\" \/>\n<meta property=\"article:modified_time\" content=\"2024-12-29T17:38:04+00:00\" \/>\n<meta name=\"twitter:card\" content=\"summary_large_image\" \/>\n<meta name=\"twitter:site\" content=\"@zapateneo\" \/>\n<meta name=\"twitter:label1\" content=\"Tiempo de lectura\" \/>\n\t<meta name=\"twitter:data1\" content=\"1 minuto\" \/>\n<script type=\"application\/ld+json\" class=\"yoast-schema-graph\">{\"@context\":\"https:\\\/\\\/schema.org\",\"@graph\":[{\"@type\":\"WebPage\",\"@id\":\"https:\\\/\\\/zapateneo.net\\\/wordpress\\\/index.php\\\/producto\\\/guerra-magica-el-batallon-magico-que-combatio-a-hitler\\\/\",\"url\":\"https:\\\/\\\/zapateneo.net\\\/wordpress\\\/index.php\\\/producto\\\/guerra-magica-el-batallon-magico-que-combatio-a-hitler\\\/\",\"name\":\"GUERRA M\u00c1GICA El batall\u00f3n m\u00e1gico que combati\u00f3 a Hitler &#8212; Zapateneo\",\"isPartOf\":{\"@id\":\"https:\\\/\\\/zapateneo.net\\\/wordpress\\\/#website\"},\"primaryImageOfPage\":{\"@id\":\"https:\\\/\\\/zapateneo.net\\\/wordpress\\\/index.php\\\/producto\\\/guerra-magica-el-batallon-magico-que-combatio-a-hitler\\\/#primaryimage\"},\"image\":{\"@id\":\"https:\\\/\\\/zapateneo.net\\\/wordpress\\\/index.php\\\/producto\\\/guerra-magica-el-batallon-magico-que-combatio-a-hitler\\\/#primaryimage\"},\"thumbnailUrl\":\"https:\\\/\\\/zapateneo.net\\\/wordpress\\\/wp-content\\\/uploads\\\/2024\\\/12\\\/guerra-magica-el-batallon-magico-que-combatio-a-hitler-9788412693645.jpg\",\"datePublished\":\"2024-12-29T17:37:57+00:00\",\"dateModified\":\"2024-12-29T17:38:04+00:00\",\"breadcrumb\":{\"@id\":\"https:\\\/\\\/zapateneo.net\\\/wordpress\\\/index.php\\\/producto\\\/guerra-magica-el-batallon-magico-que-combatio-a-hitler\\\/#breadcrumb\"},\"inLanguage\":\"es\",\"potentialAction\":[{\"@type\":\"ReadAction\",\"target\":[\"https:\\\/\\\/zapateneo.net\\\/wordpress\\\/index.php\\\/producto\\\/guerra-magica-el-batallon-magico-que-combatio-a-hitler\\\/\"]}]},{\"@type\":\"ImageObject\",\"inLanguage\":\"es\",\"@id\":\"https:\\\/\\\/zapateneo.net\\\/wordpress\\\/index.php\\\/producto\\\/guerra-magica-el-batallon-magico-que-combatio-a-hitler\\\/#primaryimage\",\"url\":\"https:\\\/\\\/zapateneo.net\\\/wordpress\\\/wp-content\\\/uploads\\\/2024\\\/12\\\/guerra-magica-el-batallon-magico-que-combatio-a-hitler-9788412693645.jpg\",\"contentUrl\":\"https:\\\/\\\/zapateneo.net\\\/wordpress\\\/wp-content\\\/uploads\\\/2024\\\/12\\\/guerra-magica-el-batallon-magico-que-combatio-a-hitler-9788412693645.jpg\",\"width\":175,\"height\":272},{\"@type\":\"BreadcrumbList\",\"@id\":\"https:\\\/\\\/zapateneo.net\\\/wordpress\\\/index.php\\\/producto\\\/guerra-magica-el-batallon-magico-que-combatio-a-hitler\\\/#breadcrumb\",\"itemListElement\":[{\"@type\":\"ListItem\",\"position\":1,\"name\":\"Portada\",\"item\":\"https:\\\/\\\/zapateneo.net\\\/wordpress\\\/\"},{\"@type\":\"ListItem\",\"position\":2,\"name\":\"Tienda\",\"item\":\"https:\\\/\\\/zapateneo.net\\\/wordpress\\\/\"},{\"@type\":\"ListItem\",\"position\":3,\"name\":\"GUERRA M\u00c1GICA El batall\u00f3n m\u00e1gico que combati\u00f3 a Hitler\"}]},{\"@type\":\"WebSite\",\"@id\":\"https:\\\/\\\/zapateneo.net\\\/wordpress\\\/#website\",\"url\":\"https:\\\/\\\/zapateneo.net\\\/wordpress\\\/\",\"name\":\"Zapateneo\",\"description\":\"Zapateneoaren webgunea\",\"publisher\":{\"@id\":\"https:\\\/\\\/zapateneo.net\\\/wordpress\\\/#organization\"},\"potentialAction\":[{\"@type\":\"SearchAction\",\"target\":{\"@type\":\"EntryPoint\",\"urlTemplate\":\"https:\\\/\\\/zapateneo.net\\\/wordpress\\\/?s={search_term_string}\"},\"query-input\":{\"@type\":\"PropertyValueSpecification\",\"valueRequired\":true,\"valueName\":\"search_term_string\"}}],\"inLanguage\":\"es\"},{\"@type\":\"Organization\",\"@id\":\"https:\\\/\\\/zapateneo.net\\\/wordpress\\\/#organization\",\"name\":\"Zapateneo Kultur Elkartea\",\"url\":\"https:\\\/\\\/zapateneo.net\\\/wordpress\\\/\",\"logo\":{\"@type\":\"ImageObject\",\"inLanguage\":\"es\",\"@id\":\"https:\\\/\\\/zapateneo.net\\\/wordpress\\\/#\\\/schema\\\/logo\\\/image\\\/\",\"url\":\"https:\\\/\\\/zapateneo.net\\\/wordpress\\\/wp-content\\\/uploads\\\/2021\\\/04\\\/zap-libu-kolec.jpg\",\"contentUrl\":\"https:\\\/\\\/zapateneo.net\\\/wordpress\\\/wp-content\\\/uploads\\\/2021\\\/04\\\/zap-libu-kolec.jpg\",\"width\":2234,\"height\":398,\"caption\":\"Zapateneo Kultur Elkartea\"},\"image\":{\"@id\":\"https:\\\/\\\/zapateneo.net\\\/wordpress\\\/#\\\/schema\\\/logo\\\/image\\\/\"},\"sameAs\":[\"https:\\\/\\\/x.com\\\/zapateneo\"]}]}<\/script>\n<!-- \/ Yoast SEO plugin. -->","yoast_head_json":{"title":"GUERRA M\u00c1GICA El batall\u00f3n m\u00e1gico que combati\u00f3 a Hitler &#8212; Zapateneo","robots":{"index":"index","follow":"follow","max-snippet":"max-snippet:-1","max-image-preview":"max-image-preview:large","max-video-preview":"max-video-preview:-1"},"canonical":"https:\/\/zapateneo.net\/wordpress\/index.php\/producto\/guerra-magica-el-batallon-magico-que-combatio-a-hitler\/","og_locale":"es_ES","og_type":"article","og_title":"GUERRA M\u00c1GICA El batall\u00f3n m\u00e1gico que combati\u00f3 a Hitler &#8212; Zapateneo","og_description":"Dion Fortune 9788412693645 - La Felguera - 2024 - 232 p\u00e1ginas \/orri.","og_url":"https:\/\/zapateneo.net\/wordpress\/index.php\/producto\/guerra-magica-el-batallon-magico-que-combatio-a-hitler\/","og_site_name":"Zapateneo","article_modified_time":"2024-12-29T17:38:04+00:00","twitter_card":"summary_large_image","twitter_site":"@zapateneo","twitter_misc":{"Tiempo de lectura":"1 minuto"},"schema":{"@context":"https:\/\/schema.org","@graph":[{"@type":"WebPage","@id":"https:\/\/zapateneo.net\/wordpress\/index.php\/producto\/guerra-magica-el-batallon-magico-que-combatio-a-hitler\/","url":"https:\/\/zapateneo.net\/wordpress\/index.php\/producto\/guerra-magica-el-batallon-magico-que-combatio-a-hitler\/","name":"GUERRA M\u00c1GICA El batall\u00f3n m\u00e1gico que combati\u00f3 a Hitler &#8212; Zapateneo","isPartOf":{"@id":"https:\/\/zapateneo.net\/wordpress\/#website"},"primaryImageOfPage":{"@id":"https:\/\/zapateneo.net\/wordpress\/index.php\/producto\/guerra-magica-el-batallon-magico-que-combatio-a-hitler\/#primaryimage"},"image":{"@id":"https:\/\/zapateneo.net\/wordpress\/index.php\/producto\/guerra-magica-el-batallon-magico-que-combatio-a-hitler\/#primaryimage"},"thumbnailUrl":"https:\/\/zapateneo.net\/wordpress\/wp-content\/uploads\/2024\/12\/guerra-magica-el-batallon-magico-que-combatio-a-hitler-9788412693645.jpg","datePublished":"2024-12-29T17:37:57+00:00","dateModified":"2024-12-29T17:38:04+00:00","breadcrumb":{"@id":"https:\/\/zapateneo.net\/wordpress\/index.php\/producto\/guerra-magica-el-batallon-magico-que-combatio-a-hitler\/#breadcrumb"},"inLanguage":"es","potentialAction":[{"@type":"ReadAction","target":["https:\/\/zapateneo.net\/wordpress\/index.php\/producto\/guerra-magica-el-batallon-magico-que-combatio-a-hitler\/"]}]},{"@type":"ImageObject","inLanguage":"es","@id":"https:\/\/zapateneo.net\/wordpress\/index.php\/producto\/guerra-magica-el-batallon-magico-que-combatio-a-hitler\/#primaryimage","url":"https:\/\/zapateneo.net\/wordpress\/wp-content\/uploads\/2024\/12\/guerra-magica-el-batallon-magico-que-combatio-a-hitler-9788412693645.jpg","contentUrl":"https:\/\/zapateneo.net\/wordpress\/wp-content\/uploads\/2024\/12\/guerra-magica-el-batallon-magico-que-combatio-a-hitler-9788412693645.jpg","width":175,"height":272},{"@type":"BreadcrumbList","@id":"https:\/\/zapateneo.net\/wordpress\/index.php\/producto\/guerra-magica-el-batallon-magico-que-combatio-a-hitler\/#breadcrumb","itemListElement":[{"@type":"ListItem","position":1,"name":"Portada","item":"https:\/\/zapateneo.net\/wordpress\/"},{"@type":"ListItem","position":2,"name":"Tienda","item":"https:\/\/zapateneo.net\/wordpress\/"},{"@type":"ListItem","position":3,"name":"GUERRA M\u00c1GICA El batall\u00f3n m\u00e1gico que combati\u00f3 a Hitler"}]},{"@type":"WebSite","@id":"https:\/\/zapateneo.net\/wordpress\/#website","url":"https:\/\/zapateneo.net\/wordpress\/","name":"Zapateneo","description":"Zapateneoaren webgunea","publisher":{"@id":"https:\/\/zapateneo.net\/wordpress\/#organization"},"potentialAction":[{"@type":"SearchAction","target":{"@type":"EntryPoint","urlTemplate":"https:\/\/zapateneo.net\/wordpress\/?s={search_term_string}"},"query-input":{"@type":"PropertyValueSpecification","valueRequired":true,"valueName":"search_term_string"}}],"inLanguage":"es"},{"@type":"Organization","@id":"https:\/\/zapateneo.net\/wordpress\/#organization","name":"Zapateneo Kultur Elkartea","url":"https:\/\/zapateneo.net\/wordpress\/","logo":{"@type":"ImageObject","inLanguage":"es","@id":"https:\/\/zapateneo.net\/wordpress\/#\/schema\/logo\/image\/","url":"https:\/\/zapateneo.net\/wordpress\/wp-content\/uploads\/2021\/04\/zap-libu-kolec.jpg","contentUrl":"https:\/\/zapateneo.net\/wordpress\/wp-content\/uploads\/2021\/04\/zap-libu-kolec.jpg","width":2234,"height":398,"caption":"Zapateneo Kultur Elkartea"},"image":{"@id":"https:\/\/zapateneo.net\/wordpress\/#\/schema\/logo\/image\/"},"sameAs":["https:\/\/x.com\/zapateneo"]}]}},"_links":{"self":[{"href":"https:\/\/zapateneo.net\/wordpress\/index.php\/wp-json\/wp\/v2\/product\/15518","targetHints":{"allow":["GET"]}}],"collection":[{"href":"https:\/\/zapateneo.net\/wordpress\/index.php\/wp-json\/wp\/v2\/product"}],"about":[{"href":"https:\/\/zapateneo.net\/wordpress\/index.php\/wp-json\/wp\/v2\/types\/product"}],"wp:featuredmedia":[{"embeddable":true,"href":"https:\/\/zapateneo.net\/wordpress\/index.php\/wp-json\/wp\/v2\/media\/15544"}],"wp:attachment":[{"href":"https:\/\/zapateneo.net\/wordpress\/index.php\/wp-json\/wp\/v2\/media?parent=15518"}],"wp:term":[{"taxonomy":"product_brand","embeddable":true,"href":"https:\/\/zapateneo.net\/wordpress\/index.php\/wp-json\/wp\/v2\/product_brand?post=15518"},{"taxonomy":"product_cat","embeddable":true,"href":"https:\/\/zapateneo.net\/wordpress\/index.php\/wp-json\/wp\/v2\/product_cat?post=15518"},{"taxonomy":"product_tag","embeddable":true,"href":"https:\/\/zapateneo.net\/wordpress\/index.php\/wp-json\/wp\/v2\/product_tag?post=15518"}],"curies":[{"name":"wp","href":"https:\/\/api.w.org\/{rel}","templated":true}]}}