{"id":15517,"date":"2024-12-29T18:37:57","date_gmt":"2024-12-29T17:37:57","guid":{"rendered":"https:\/\/zapateneo.net\/wordpress\/?post_type=product&#038;p=15517"},"modified":"2024-12-29T18:38:04","modified_gmt":"2024-12-29T17:38:04","slug":"nos-aburrimos-en-la-ciudad-escritos-recuperados","status":"publish","type":"product","link":"https:\/\/zapateneo.net\/wordpress\/index.php\/producto\/nos-aburrimos-en-la-ciudad-escritos-recuperados\/","title":{"rendered":"Nos aburrimos en la ciudad Escritos recuperados"},"content":{"rendered":"<p>La m\u00e1s bella ciudad so\u00f1ada por el primer y m\u00e1s influyente psicoge\u00f3grafo moderno. \u00abSe dice que simplemente sometiendo la vida y la ciudad a su mirada, las transformaba\u00bb (Guy Debord).<br \/>\nExisten pocas figuras tan inspiradoras y, al mismo tiempo, injustamente desconocidas para entender una parte del siglo veinte, como la de Ivan Chtcheglov (alias \u00abGilles Ivain\u00bb), uno de los fundadores de la legendaria Internacional Letrista, aquellos letristas parisinos dedicados al vagabundeo, la poes\u00eda vanguardista, los esc\u00e1ndalos y los problemas con la ley y el orden (\u00abEs un milagro que no muri\u00e9ramos. Ten\u00edamos una mala salud de hierro\u00bb, confes\u00f3). Antes de ser internado en un hospital psiqui\u00e1trico, plane\u00f3 derribar con explosivos la Torre Eiffel e \u00abinvent\u00f3\u00bb la psicogeograf\u00eda por medio de interminables derivas y una visi\u00f3n \u00fanica y exuberante acerca del urbanismo, la arquitectura y la ciudad misma. Este \u00abPeque\u00f1o Pr\u00edncipe\u00bb fue el primer psicoge\u00f3grafo moderno y autor del Formulario para un nuevo urbanismo (1953), el m\u00e1s bello ensayo jam\u00e1s escrito sobre la urbe como espacio para el deseo, el juego y el misterio.<br \/>\nGuy Debord, \u00edntimo y devoto amigo suyo, lo consider\u00f3 \u00abmiembro externo\u00bb de la Internacional Situacionista. \u00abSe dice que simplemente sometiendo la vida y la ciudad a su mirada, las transformaba\u00bb, escribi\u00f3. Sus ecos alcanzaron no solo la pol\u00edtica revolucionaria sino tambi\u00e9n la cultura pop a trav\u00e9s de la escena postpunk de Manchester, con el m\u00edtico club The Hacienda, que tom\u00f3 su nombre de la enigm\u00e1tica frase \u00abHay que construir la hacienda\u00bb de su Formulario.<br \/>\nNos aburrimos en la ciudad. Obra recuperada recoge, por vez primera, la versi\u00f3n \u00edntegra de aquel emocionante ensayo y la totalidad de su obra, que incluye textos, correspondencia, facs\u00edmiles, ilustraciones y dibujos.<\/p>\n","protected":false},"excerpt":{"rendered":"<p><strong>Ivan Chtcheglov<\/strong><br \/>\n9788412693669 &#8211; La Felguera &#8211; 2024 &#8211; 96 p\u00e1ginas \/orri.<\/p>\n","protected":false},"featured_media":15543,"template":"","meta":[],"product_brand":[],"product_cat":[183,16],"product_tag":[6968,582],"class_list":{"0":"post-15517","1":"product","2":"type-product","3":"status-publish","4":"has-post-thumbnail","6":"product_cat-kultur-adierazpenak-expresiones-culturales","7":"product_cat-libros","8":"product_tag-ivan-chtcheglov","9":"product_tag-la-felguera","11":"first","12":"instock","13":"sold-individually","14":"shipping-taxable","15":"purchasable","16":"product-type-simple"},"yoast_head":"<!-- This site is optimized with the Yoast SEO plugin v27.3 - https:\/\/yoast.com\/product\/yoast-seo-wordpress\/ -->\n<title>Nos aburrimos en la ciudad Escritos recuperados &#8212; Zapateneo<\/title>\n<meta name=\"robots\" content=\"index, follow, max-snippet:-1, max-image-preview:large, max-video-preview:-1\" \/>\n<link rel=\"canonical\" href=\"https:\/\/zapateneo.net\/wordpress\/index.php\/producto\/nos-aburrimos-en-la-ciudad-escritos-recuperados\/\" \/>\n<meta property=\"og:locale\" content=\"es_ES\" \/>\n<meta property=\"og:type\" content=\"article\" \/>\n<meta property=\"og:title\" content=\"Nos aburrimos en la ciudad Escritos recuperados &#8212; Zapateneo\" \/>\n<meta property=\"og:description\" content=\"Ivan Chtcheglov 9788412693669 - La Felguera - 2024 - 96 p\u00e1ginas \/orri.\" \/>\n<meta property=\"og:url\" content=\"https:\/\/zapateneo.net\/wordpress\/index.php\/producto\/nos-aburrimos-en-la-ciudad-escritos-recuperados\/\" \/>\n<meta property=\"og:site_name\" content=\"Zapateneo\" \/>\n<meta property=\"article:modified_time\" content=\"2024-12-29T17:38:04+00:00\" \/>\n<meta name=\"twitter:card\" content=\"summary_large_image\" \/>\n<meta name=\"twitter:site\" content=\"@zapateneo\" \/>\n<meta name=\"twitter:label1\" content=\"Tiempo de lectura\" \/>\n\t<meta name=\"twitter:data1\" content=\"2 minutos\" \/>\n<script type=\"application\/ld+json\" class=\"yoast-schema-graph\">{\"@context\":\"https:\\\/\\\/schema.org\",\"@graph\":[{\"@type\":\"WebPage\",\"@id\":\"https:\\\/\\\/zapateneo.net\\\/wordpress\\\/index.php\\\/producto\\\/nos-aburrimos-en-la-ciudad-escritos-recuperados\\\/\",\"url\":\"https:\\\/\\\/zapateneo.net\\\/wordpress\\\/index.php\\\/producto\\\/nos-aburrimos-en-la-ciudad-escritos-recuperados\\\/\",\"name\":\"Nos aburrimos en la ciudad Escritos recuperados &#8212; Zapateneo\",\"isPartOf\":{\"@id\":\"https:\\\/\\\/zapateneo.net\\\/wordpress\\\/#website\"},\"primaryImageOfPage\":{\"@id\":\"https:\\\/\\\/zapateneo.net\\\/wordpress\\\/index.php\\\/producto\\\/nos-aburrimos-en-la-ciudad-escritos-recuperados\\\/#primaryimage\"},\"image\":{\"@id\":\"https:\\\/\\\/zapateneo.net\\\/wordpress\\\/index.php\\\/producto\\\/nos-aburrimos-en-la-ciudad-escritos-recuperados\\\/#primaryimage\"},\"thumbnailUrl\":\"https:\\\/\\\/zapateneo.net\\\/wordpress\\\/wp-content\\\/uploads\\\/2024\\\/12\\\/9788412693669.jpg\",\"datePublished\":\"2024-12-29T17:37:57+00:00\",\"dateModified\":\"2024-12-29T17:38:04+00:00\",\"breadcrumb\":{\"@id\":\"https:\\\/\\\/zapateneo.net\\\/wordpress\\\/index.php\\\/producto\\\/nos-aburrimos-en-la-ciudad-escritos-recuperados\\\/#breadcrumb\"},\"inLanguage\":\"es\",\"potentialAction\":[{\"@type\":\"ReadAction\",\"target\":[\"https:\\\/\\\/zapateneo.net\\\/wordpress\\\/index.php\\\/producto\\\/nos-aburrimos-en-la-ciudad-escritos-recuperados\\\/\"]}]},{\"@type\":\"ImageObject\",\"inLanguage\":\"es\",\"@id\":\"https:\\\/\\\/zapateneo.net\\\/wordpress\\\/index.php\\\/producto\\\/nos-aburrimos-en-la-ciudad-escritos-recuperados\\\/#primaryimage\",\"url\":\"https:\\\/\\\/zapateneo.net\\\/wordpress\\\/wp-content\\\/uploads\\\/2024\\\/12\\\/9788412693669.jpg\",\"contentUrl\":\"https:\\\/\\\/zapateneo.net\\\/wordpress\\\/wp-content\\\/uploads\\\/2024\\\/12\\\/9788412693669.jpg\",\"width\":192,\"height\":262},{\"@type\":\"BreadcrumbList\",\"@id\":\"https:\\\/\\\/zapateneo.net\\\/wordpress\\\/index.php\\\/producto\\\/nos-aburrimos-en-la-ciudad-escritos-recuperados\\\/#breadcrumb\",\"itemListElement\":[{\"@type\":\"ListItem\",\"position\":1,\"name\":\"Portada\",\"item\":\"https:\\\/\\\/zapateneo.net\\\/wordpress\\\/\"},{\"@type\":\"ListItem\",\"position\":2,\"name\":\"Tienda\",\"item\":\"https:\\\/\\\/zapateneo.net\\\/wordpress\\\/\"},{\"@type\":\"ListItem\",\"position\":3,\"name\":\"Nos aburrimos en la ciudad Escritos recuperados\"}]},{\"@type\":\"WebSite\",\"@id\":\"https:\\\/\\\/zapateneo.net\\\/wordpress\\\/#website\",\"url\":\"https:\\\/\\\/zapateneo.net\\\/wordpress\\\/\",\"name\":\"Zapateneo\",\"description\":\"Zapateneoaren webgunea\",\"publisher\":{\"@id\":\"https:\\\/\\\/zapateneo.net\\\/wordpress\\\/#organization\"},\"potentialAction\":[{\"@type\":\"SearchAction\",\"target\":{\"@type\":\"EntryPoint\",\"urlTemplate\":\"https:\\\/\\\/zapateneo.net\\\/wordpress\\\/?s={search_term_string}\"},\"query-input\":{\"@type\":\"PropertyValueSpecification\",\"valueRequired\":true,\"valueName\":\"search_term_string\"}}],\"inLanguage\":\"es\"},{\"@type\":\"Organization\",\"@id\":\"https:\\\/\\\/zapateneo.net\\\/wordpress\\\/#organization\",\"name\":\"Zapateneo Kultur Elkartea\",\"url\":\"https:\\\/\\\/zapateneo.net\\\/wordpress\\\/\",\"logo\":{\"@type\":\"ImageObject\",\"inLanguage\":\"es\",\"@id\":\"https:\\\/\\\/zapateneo.net\\\/wordpress\\\/#\\\/schema\\\/logo\\\/image\\\/\",\"url\":\"https:\\\/\\\/zapateneo.net\\\/wordpress\\\/wp-content\\\/uploads\\\/2021\\\/04\\\/zap-libu-kolec.jpg\",\"contentUrl\":\"https:\\\/\\\/zapateneo.net\\\/wordpress\\\/wp-content\\\/uploads\\\/2021\\\/04\\\/zap-libu-kolec.jpg\",\"width\":2234,\"height\":398,\"caption\":\"Zapateneo Kultur Elkartea\"},\"image\":{\"@id\":\"https:\\\/\\\/zapateneo.net\\\/wordpress\\\/#\\\/schema\\\/logo\\\/image\\\/\"},\"sameAs\":[\"https:\\\/\\\/x.com\\\/zapateneo\"]}]}<\/script>\n<!-- \/ Yoast SEO plugin. -->","yoast_head_json":{"title":"Nos aburrimos en la ciudad Escritos recuperados &#8212; Zapateneo","robots":{"index":"index","follow":"follow","max-snippet":"max-snippet:-1","max-image-preview":"max-image-preview:large","max-video-preview":"max-video-preview:-1"},"canonical":"https:\/\/zapateneo.net\/wordpress\/index.php\/producto\/nos-aburrimos-en-la-ciudad-escritos-recuperados\/","og_locale":"es_ES","og_type":"article","og_title":"Nos aburrimos en la ciudad Escritos recuperados &#8212; Zapateneo","og_description":"Ivan Chtcheglov 9788412693669 - La Felguera - 2024 - 96 p\u00e1ginas \/orri.","og_url":"https:\/\/zapateneo.net\/wordpress\/index.php\/producto\/nos-aburrimos-en-la-ciudad-escritos-recuperados\/","og_site_name":"Zapateneo","article_modified_time":"2024-12-29T17:38:04+00:00","twitter_card":"summary_large_image","twitter_site":"@zapateneo","twitter_misc":{"Tiempo de lectura":"2 minutos"},"schema":{"@context":"https:\/\/schema.org","@graph":[{"@type":"WebPage","@id":"https:\/\/zapateneo.net\/wordpress\/index.php\/producto\/nos-aburrimos-en-la-ciudad-escritos-recuperados\/","url":"https:\/\/zapateneo.net\/wordpress\/index.php\/producto\/nos-aburrimos-en-la-ciudad-escritos-recuperados\/","name":"Nos aburrimos en la ciudad Escritos recuperados &#8212; Zapateneo","isPartOf":{"@id":"https:\/\/zapateneo.net\/wordpress\/#website"},"primaryImageOfPage":{"@id":"https:\/\/zapateneo.net\/wordpress\/index.php\/producto\/nos-aburrimos-en-la-ciudad-escritos-recuperados\/#primaryimage"},"image":{"@id":"https:\/\/zapateneo.net\/wordpress\/index.php\/producto\/nos-aburrimos-en-la-ciudad-escritos-recuperados\/#primaryimage"},"thumbnailUrl":"https:\/\/zapateneo.net\/wordpress\/wp-content\/uploads\/2024\/12\/9788412693669.jpg","datePublished":"2024-12-29T17:37:57+00:00","dateModified":"2024-12-29T17:38:04+00:00","breadcrumb":{"@id":"https:\/\/zapateneo.net\/wordpress\/index.php\/producto\/nos-aburrimos-en-la-ciudad-escritos-recuperados\/#breadcrumb"},"inLanguage":"es","potentialAction":[{"@type":"ReadAction","target":["https:\/\/zapateneo.net\/wordpress\/index.php\/producto\/nos-aburrimos-en-la-ciudad-escritos-recuperados\/"]}]},{"@type":"ImageObject","inLanguage":"es","@id":"https:\/\/zapateneo.net\/wordpress\/index.php\/producto\/nos-aburrimos-en-la-ciudad-escritos-recuperados\/#primaryimage","url":"https:\/\/zapateneo.net\/wordpress\/wp-content\/uploads\/2024\/12\/9788412693669.jpg","contentUrl":"https:\/\/zapateneo.net\/wordpress\/wp-content\/uploads\/2024\/12\/9788412693669.jpg","width":192,"height":262},{"@type":"BreadcrumbList","@id":"https:\/\/zapateneo.net\/wordpress\/index.php\/producto\/nos-aburrimos-en-la-ciudad-escritos-recuperados\/#breadcrumb","itemListElement":[{"@type":"ListItem","position":1,"name":"Portada","item":"https:\/\/zapateneo.net\/wordpress\/"},{"@type":"ListItem","position":2,"name":"Tienda","item":"https:\/\/zapateneo.net\/wordpress\/"},{"@type":"ListItem","position":3,"name":"Nos aburrimos en la ciudad Escritos recuperados"}]},{"@type":"WebSite","@id":"https:\/\/zapateneo.net\/wordpress\/#website","url":"https:\/\/zapateneo.net\/wordpress\/","name":"Zapateneo","description":"Zapateneoaren webgunea","publisher":{"@id":"https:\/\/zapateneo.net\/wordpress\/#organization"},"potentialAction":[{"@type":"SearchAction","target":{"@type":"EntryPoint","urlTemplate":"https:\/\/zapateneo.net\/wordpress\/?s={search_term_string}"},"query-input":{"@type":"PropertyValueSpecification","valueRequired":true,"valueName":"search_term_string"}}],"inLanguage":"es"},{"@type":"Organization","@id":"https:\/\/zapateneo.net\/wordpress\/#organization","name":"Zapateneo Kultur Elkartea","url":"https:\/\/zapateneo.net\/wordpress\/","logo":{"@type":"ImageObject","inLanguage":"es","@id":"https:\/\/zapateneo.net\/wordpress\/#\/schema\/logo\/image\/","url":"https:\/\/zapateneo.net\/wordpress\/wp-content\/uploads\/2021\/04\/zap-libu-kolec.jpg","contentUrl":"https:\/\/zapateneo.net\/wordpress\/wp-content\/uploads\/2021\/04\/zap-libu-kolec.jpg","width":2234,"height":398,"caption":"Zapateneo Kultur Elkartea"},"image":{"@id":"https:\/\/zapateneo.net\/wordpress\/#\/schema\/logo\/image\/"},"sameAs":["https:\/\/x.com\/zapateneo"]}]}},"_links":{"self":[{"href":"https:\/\/zapateneo.net\/wordpress\/index.php\/wp-json\/wp\/v2\/product\/15517","targetHints":{"allow":["GET"]}}],"collection":[{"href":"https:\/\/zapateneo.net\/wordpress\/index.php\/wp-json\/wp\/v2\/product"}],"about":[{"href":"https:\/\/zapateneo.net\/wordpress\/index.php\/wp-json\/wp\/v2\/types\/product"}],"wp:featuredmedia":[{"embeddable":true,"href":"https:\/\/zapateneo.net\/wordpress\/index.php\/wp-json\/wp\/v2\/media\/15543"}],"wp:attachment":[{"href":"https:\/\/zapateneo.net\/wordpress\/index.php\/wp-json\/wp\/v2\/media?parent=15517"}],"wp:term":[{"taxonomy":"product_brand","embeddable":true,"href":"https:\/\/zapateneo.net\/wordpress\/index.php\/wp-json\/wp\/v2\/product_brand?post=15517"},{"taxonomy":"product_cat","embeddable":true,"href":"https:\/\/zapateneo.net\/wordpress\/index.php\/wp-json\/wp\/v2\/product_cat?post=15517"},{"taxonomy":"product_tag","embeddable":true,"href":"https:\/\/zapateneo.net\/wordpress\/index.php\/wp-json\/wp\/v2\/product_tag?post=15517"}],"curies":[{"name":"wp","href":"https:\/\/api.w.org\/{rel}","templated":true}]}}