{"id":15516,"date":"2024-12-29T18:37:57","date_gmt":"2024-12-29T17:37:57","guid":{"rendered":"https:\/\/zapateneo.net\/wordpress\/?post_type=product&#038;p=15516"},"modified":"2024-12-29T18:38:04","modified_gmt":"2024-12-29T17:38:04","slug":"nosotras-que-queriamos-ser-libres-el-album-de-las-supersicalipticas","status":"publish","type":"product","link":"https:\/\/zapateneo.net\/wordpress\/index.php\/producto\/nosotras-que-queriamos-ser-libres-el-album-de-las-supersicalipticas\/","title":{"rendered":"Nosotras, que quer\u00edamos ser libres El \u00e1lbum de las supersical\u00edpticas"},"content":{"rendered":"<p>Hace m\u00e1s de un siglo, mientras la sicalipsis \u2013la contracultura de cupletistas, artistas \u00abfr\u00edvolas\u00bb y defensoras del feminismo m\u00e1s salvaje\u2013 se extend\u00eda como si se tratase de una epidemia, surg\u00edan las \u00a1supersical\u00edpticas!, nuestras primeras y m\u00e1s atrevidas modernas. Lo hicieron en 1902 a trav\u00e9s de Las Mujeres en la Intimidad, una revista er\u00f3tica que sus editores llamaron \u00abPortfolios Supersical\u00edpticos\u00bb. Dos de aquellos prodigiosos n\u00fameros, \u00abC\u00f3mo se arman las mujeres\u00bb y \u00abEl manejo del arma\u00bb, eran tremendos y marcaron el inicio de un proceso de transformaci\u00f3n social. Poco a poco, la mujer ir\u00e1 abandonando su papel de \u00ab\u00e1ngel del hogar\u00bb, y aquellas que no pon\u00edan la otra mejilla ser\u00edan descritas como desfeminizadas y, por supuesto, locas.<\/p>\n<p>En las siguientes tres d\u00e9cadas las mujeres sacar\u00e1n m\u00fasculo, llevar\u00e1n alfileres en los sombreros y navajas en las ligas para su defensa personal, se batir\u00e1n cuerpo a cuerpo en la lucha grecorromana \u00a1feminista! o aprender\u00e1n jiu jitsu para hacer frente a acosadores, matones y hasta polic\u00edas, como las portentosas sufragistas inglesas. Nuestras supersical\u00edpticas, como la Bella Chelito, indiscutibles reinas de la noche y los cabarets, realizaban giras por todo el pa\u00eds haciendo demostraciones contra maestros japoneses de las artes marciales, mientras escandalizaban a la espa\u00f1olez m\u00e1s rancia con su alegr\u00eda y libertad, prepar\u00e1ndose para la fat\u00eddica fecha de 1936, cuando muchas de aquellas furias crearon Batallones de Mujeres, conectando la imagen m\u00edtica de la miliciana con la guerrillera del siglo XIX, la pu\u00f1al\u00e1 arrabalera y goyesca con los monos azules de trabajo.<\/p>\n<p>Nosotras, que quer\u00edamos ser libres, entre otros materiales, recoge en formato facs\u00edmil un espectacular estuche con un desplegable gigante de m\u00e1s de un metro con el facs\u00edmil de aquellos legendarios dos n\u00fameros (colecci\u00f3n de Gloria G. Dur\u00e1n) y da cuenta de esta revoluci\u00f3n alrededor de la fuerza f\u00edsica, la agresividad, el deporte, las artes marciales y las armas, todas ellas antiguas cuestiones sobre poder, masculinidad y hegemon\u00eda.<\/p>\n<p>Desterradas del para\u00edso, acusadas de histerismo y se\u00f1aladas constantemente. La fant\u00e1stica era de las supersical\u00edpticas muestra una nueva manera de ser mujer. Ya no solo se trataba de existir y resistir, sino incluso de devolver la bofetada, pasar al ataque.<\/p>\n","protected":false},"excerpt":{"rendered":"<p><strong>vvaa<\/strong><br \/>\n9788412932607 &#8211; La Felguera &#8211; 2024 &#8211; 60 p\u00e1ginas \/orri.<\/p>\n","protected":false},"featured_media":15542,"template":"","meta":[],"product_brand":[],"product_cat":[183,16],"product_tag":[582,6967],"class_list":{"0":"post-15516","1":"product","2":"type-product","3":"status-publish","4":"has-post-thumbnail","6":"product_cat-kultur-adierazpenak-expresiones-culturales","7":"product_cat-libros","8":"product_tag-la-felguera","9":"product_tag-vvaa","11":"first","12":"instock","13":"sold-individually","14":"shipping-taxable","15":"purchasable","16":"product-type-simple"},"yoast_head":"<!-- This site is optimized with the Yoast SEO plugin v27.3 - https:\/\/yoast.com\/product\/yoast-seo-wordpress\/ -->\n<title>Nosotras, que quer\u00edamos ser libres El \u00e1lbum de las supersical\u00edpticas &#8212; Zapateneo<\/title>\n<meta name=\"robots\" content=\"index, follow, max-snippet:-1, max-image-preview:large, max-video-preview:-1\" \/>\n<link rel=\"canonical\" href=\"https:\/\/zapateneo.net\/wordpress\/index.php\/producto\/nosotras-que-queriamos-ser-libres-el-album-de-las-supersicalipticas\/\" \/>\n<meta property=\"og:locale\" content=\"es_ES\" \/>\n<meta property=\"og:type\" content=\"article\" \/>\n<meta property=\"og:title\" content=\"Nosotras, que quer\u00edamos ser libres El \u00e1lbum de las supersical\u00edpticas &#8212; Zapateneo\" \/>\n<meta property=\"og:description\" content=\"vvaa 9788412932607 - La Felguera - 2024 - 60 p\u00e1ginas \/orri.\" \/>\n<meta property=\"og:url\" content=\"https:\/\/zapateneo.net\/wordpress\/index.php\/producto\/nosotras-que-queriamos-ser-libres-el-album-de-las-supersicalipticas\/\" \/>\n<meta property=\"og:site_name\" content=\"Zapateneo\" \/>\n<meta property=\"article:modified_time\" content=\"2024-12-29T17:38:04+00:00\" \/>\n<meta name=\"twitter:card\" content=\"summary_large_image\" \/>\n<meta name=\"twitter:site\" content=\"@zapateneo\" \/>\n<meta name=\"twitter:label1\" content=\"Tiempo de lectura\" \/>\n\t<meta name=\"twitter:data1\" content=\"2 minutos\" \/>\n<script type=\"application\/ld+json\" class=\"yoast-schema-graph\">{\"@context\":\"https:\\\/\\\/schema.org\",\"@graph\":[{\"@type\":\"WebPage\",\"@id\":\"https:\\\/\\\/zapateneo.net\\\/wordpress\\\/index.php\\\/producto\\\/nosotras-que-queriamos-ser-libres-el-album-de-las-supersicalipticas\\\/\",\"url\":\"https:\\\/\\\/zapateneo.net\\\/wordpress\\\/index.php\\\/producto\\\/nosotras-que-queriamos-ser-libres-el-album-de-las-supersicalipticas\\\/\",\"name\":\"Nosotras, que quer\u00edamos ser libres El \u00e1lbum de las supersical\u00edpticas &#8212; Zapateneo\",\"isPartOf\":{\"@id\":\"https:\\\/\\\/zapateneo.net\\\/wordpress\\\/#website\"},\"primaryImageOfPage\":{\"@id\":\"https:\\\/\\\/zapateneo.net\\\/wordpress\\\/index.php\\\/producto\\\/nosotras-que-queriamos-ser-libres-el-album-de-las-supersicalipticas\\\/#primaryimage\"},\"image\":{\"@id\":\"https:\\\/\\\/zapateneo.net\\\/wordpress\\\/index.php\\\/producto\\\/nosotras-que-queriamos-ser-libres-el-album-de-las-supersicalipticas\\\/#primaryimage\"},\"thumbnailUrl\":\"https:\\\/\\\/zapateneo.net\\\/wordpress\\\/wp-content\\\/uploads\\\/2024\\\/12\\\/9788412932607.jpg\",\"datePublished\":\"2024-12-29T17:37:57+00:00\",\"dateModified\":\"2024-12-29T17:38:04+00:00\",\"breadcrumb\":{\"@id\":\"https:\\\/\\\/zapateneo.net\\\/wordpress\\\/index.php\\\/producto\\\/nosotras-que-queriamos-ser-libres-el-album-de-las-supersicalipticas\\\/#breadcrumb\"},\"inLanguage\":\"es\",\"potentialAction\":[{\"@type\":\"ReadAction\",\"target\":[\"https:\\\/\\\/zapateneo.net\\\/wordpress\\\/index.php\\\/producto\\\/nosotras-que-queriamos-ser-libres-el-album-de-las-supersicalipticas\\\/\"]}]},{\"@type\":\"ImageObject\",\"inLanguage\":\"es\",\"@id\":\"https:\\\/\\\/zapateneo.net\\\/wordpress\\\/index.php\\\/producto\\\/nosotras-que-queriamos-ser-libres-el-album-de-las-supersicalipticas\\\/#primaryimage\",\"url\":\"https:\\\/\\\/zapateneo.net\\\/wordpress\\\/wp-content\\\/uploads\\\/2024\\\/12\\\/9788412932607.jpg\",\"contentUrl\":\"https:\\\/\\\/zapateneo.net\\\/wordpress\\\/wp-content\\\/uploads\\\/2024\\\/12\\\/9788412932607.jpg\",\"width\":340,\"height\":340},{\"@type\":\"BreadcrumbList\",\"@id\":\"https:\\\/\\\/zapateneo.net\\\/wordpress\\\/index.php\\\/producto\\\/nosotras-que-queriamos-ser-libres-el-album-de-las-supersicalipticas\\\/#breadcrumb\",\"itemListElement\":[{\"@type\":\"ListItem\",\"position\":1,\"name\":\"Portada\",\"item\":\"https:\\\/\\\/zapateneo.net\\\/wordpress\\\/\"},{\"@type\":\"ListItem\",\"position\":2,\"name\":\"Tienda\",\"item\":\"https:\\\/\\\/zapateneo.net\\\/wordpress\\\/\"},{\"@type\":\"ListItem\",\"position\":3,\"name\":\"Nosotras, que quer\u00edamos ser libres El \u00e1lbum de las supersical\u00edpticas\"}]},{\"@type\":\"WebSite\",\"@id\":\"https:\\\/\\\/zapateneo.net\\\/wordpress\\\/#website\",\"url\":\"https:\\\/\\\/zapateneo.net\\\/wordpress\\\/\",\"name\":\"Zapateneo\",\"description\":\"Zapateneoaren webgunea\",\"publisher\":{\"@id\":\"https:\\\/\\\/zapateneo.net\\\/wordpress\\\/#organization\"},\"potentialAction\":[{\"@type\":\"SearchAction\",\"target\":{\"@type\":\"EntryPoint\",\"urlTemplate\":\"https:\\\/\\\/zapateneo.net\\\/wordpress\\\/?s={search_term_string}\"},\"query-input\":{\"@type\":\"PropertyValueSpecification\",\"valueRequired\":true,\"valueName\":\"search_term_string\"}}],\"inLanguage\":\"es\"},{\"@type\":\"Organization\",\"@id\":\"https:\\\/\\\/zapateneo.net\\\/wordpress\\\/#organization\",\"name\":\"Zapateneo Kultur Elkartea\",\"url\":\"https:\\\/\\\/zapateneo.net\\\/wordpress\\\/\",\"logo\":{\"@type\":\"ImageObject\",\"inLanguage\":\"es\",\"@id\":\"https:\\\/\\\/zapateneo.net\\\/wordpress\\\/#\\\/schema\\\/logo\\\/image\\\/\",\"url\":\"https:\\\/\\\/zapateneo.net\\\/wordpress\\\/wp-content\\\/uploads\\\/2021\\\/04\\\/zap-libu-kolec.jpg\",\"contentUrl\":\"https:\\\/\\\/zapateneo.net\\\/wordpress\\\/wp-content\\\/uploads\\\/2021\\\/04\\\/zap-libu-kolec.jpg\",\"width\":2234,\"height\":398,\"caption\":\"Zapateneo Kultur Elkartea\"},\"image\":{\"@id\":\"https:\\\/\\\/zapateneo.net\\\/wordpress\\\/#\\\/schema\\\/logo\\\/image\\\/\"},\"sameAs\":[\"https:\\\/\\\/x.com\\\/zapateneo\"]}]}<\/script>\n<!-- \/ Yoast SEO plugin. -->","yoast_head_json":{"title":"Nosotras, que quer\u00edamos ser libres El \u00e1lbum de las supersical\u00edpticas &#8212; Zapateneo","robots":{"index":"index","follow":"follow","max-snippet":"max-snippet:-1","max-image-preview":"max-image-preview:large","max-video-preview":"max-video-preview:-1"},"canonical":"https:\/\/zapateneo.net\/wordpress\/index.php\/producto\/nosotras-que-queriamos-ser-libres-el-album-de-las-supersicalipticas\/","og_locale":"es_ES","og_type":"article","og_title":"Nosotras, que quer\u00edamos ser libres El \u00e1lbum de las supersical\u00edpticas &#8212; Zapateneo","og_description":"vvaa 9788412932607 - La Felguera - 2024 - 60 p\u00e1ginas \/orri.","og_url":"https:\/\/zapateneo.net\/wordpress\/index.php\/producto\/nosotras-que-queriamos-ser-libres-el-album-de-las-supersicalipticas\/","og_site_name":"Zapateneo","article_modified_time":"2024-12-29T17:38:04+00:00","twitter_card":"summary_large_image","twitter_site":"@zapateneo","twitter_misc":{"Tiempo de lectura":"2 minutos"},"schema":{"@context":"https:\/\/schema.org","@graph":[{"@type":"WebPage","@id":"https:\/\/zapateneo.net\/wordpress\/index.php\/producto\/nosotras-que-queriamos-ser-libres-el-album-de-las-supersicalipticas\/","url":"https:\/\/zapateneo.net\/wordpress\/index.php\/producto\/nosotras-que-queriamos-ser-libres-el-album-de-las-supersicalipticas\/","name":"Nosotras, que quer\u00edamos ser libres El \u00e1lbum de las supersical\u00edpticas &#8212; Zapateneo","isPartOf":{"@id":"https:\/\/zapateneo.net\/wordpress\/#website"},"primaryImageOfPage":{"@id":"https:\/\/zapateneo.net\/wordpress\/index.php\/producto\/nosotras-que-queriamos-ser-libres-el-album-de-las-supersicalipticas\/#primaryimage"},"image":{"@id":"https:\/\/zapateneo.net\/wordpress\/index.php\/producto\/nosotras-que-queriamos-ser-libres-el-album-de-las-supersicalipticas\/#primaryimage"},"thumbnailUrl":"https:\/\/zapateneo.net\/wordpress\/wp-content\/uploads\/2024\/12\/9788412932607.jpg","datePublished":"2024-12-29T17:37:57+00:00","dateModified":"2024-12-29T17:38:04+00:00","breadcrumb":{"@id":"https:\/\/zapateneo.net\/wordpress\/index.php\/producto\/nosotras-que-queriamos-ser-libres-el-album-de-las-supersicalipticas\/#breadcrumb"},"inLanguage":"es","potentialAction":[{"@type":"ReadAction","target":["https:\/\/zapateneo.net\/wordpress\/index.php\/producto\/nosotras-que-queriamos-ser-libres-el-album-de-las-supersicalipticas\/"]}]},{"@type":"ImageObject","inLanguage":"es","@id":"https:\/\/zapateneo.net\/wordpress\/index.php\/producto\/nosotras-que-queriamos-ser-libres-el-album-de-las-supersicalipticas\/#primaryimage","url":"https:\/\/zapateneo.net\/wordpress\/wp-content\/uploads\/2024\/12\/9788412932607.jpg","contentUrl":"https:\/\/zapateneo.net\/wordpress\/wp-content\/uploads\/2024\/12\/9788412932607.jpg","width":340,"height":340},{"@type":"BreadcrumbList","@id":"https:\/\/zapateneo.net\/wordpress\/index.php\/producto\/nosotras-que-queriamos-ser-libres-el-album-de-las-supersicalipticas\/#breadcrumb","itemListElement":[{"@type":"ListItem","position":1,"name":"Portada","item":"https:\/\/zapateneo.net\/wordpress\/"},{"@type":"ListItem","position":2,"name":"Tienda","item":"https:\/\/zapateneo.net\/wordpress\/"},{"@type":"ListItem","position":3,"name":"Nosotras, que quer\u00edamos ser libres El \u00e1lbum de las supersical\u00edpticas"}]},{"@type":"WebSite","@id":"https:\/\/zapateneo.net\/wordpress\/#website","url":"https:\/\/zapateneo.net\/wordpress\/","name":"Zapateneo","description":"Zapateneoaren webgunea","publisher":{"@id":"https:\/\/zapateneo.net\/wordpress\/#organization"},"potentialAction":[{"@type":"SearchAction","target":{"@type":"EntryPoint","urlTemplate":"https:\/\/zapateneo.net\/wordpress\/?s={search_term_string}"},"query-input":{"@type":"PropertyValueSpecification","valueRequired":true,"valueName":"search_term_string"}}],"inLanguage":"es"},{"@type":"Organization","@id":"https:\/\/zapateneo.net\/wordpress\/#organization","name":"Zapateneo Kultur Elkartea","url":"https:\/\/zapateneo.net\/wordpress\/","logo":{"@type":"ImageObject","inLanguage":"es","@id":"https:\/\/zapateneo.net\/wordpress\/#\/schema\/logo\/image\/","url":"https:\/\/zapateneo.net\/wordpress\/wp-content\/uploads\/2021\/04\/zap-libu-kolec.jpg","contentUrl":"https:\/\/zapateneo.net\/wordpress\/wp-content\/uploads\/2021\/04\/zap-libu-kolec.jpg","width":2234,"height":398,"caption":"Zapateneo Kultur Elkartea"},"image":{"@id":"https:\/\/zapateneo.net\/wordpress\/#\/schema\/logo\/image\/"},"sameAs":["https:\/\/x.com\/zapateneo"]}]}},"_links":{"self":[{"href":"https:\/\/zapateneo.net\/wordpress\/index.php\/wp-json\/wp\/v2\/product\/15516","targetHints":{"allow":["GET"]}}],"collection":[{"href":"https:\/\/zapateneo.net\/wordpress\/index.php\/wp-json\/wp\/v2\/product"}],"about":[{"href":"https:\/\/zapateneo.net\/wordpress\/index.php\/wp-json\/wp\/v2\/types\/product"}],"wp:featuredmedia":[{"embeddable":true,"href":"https:\/\/zapateneo.net\/wordpress\/index.php\/wp-json\/wp\/v2\/media\/15542"}],"wp:attachment":[{"href":"https:\/\/zapateneo.net\/wordpress\/index.php\/wp-json\/wp\/v2\/media?parent=15516"}],"wp:term":[{"taxonomy":"product_brand","embeddable":true,"href":"https:\/\/zapateneo.net\/wordpress\/index.php\/wp-json\/wp\/v2\/product_brand?post=15516"},{"taxonomy":"product_cat","embeddable":true,"href":"https:\/\/zapateneo.net\/wordpress\/index.php\/wp-json\/wp\/v2\/product_cat?post=15516"},{"taxonomy":"product_tag","embeddable":true,"href":"https:\/\/zapateneo.net\/wordpress\/index.php\/wp-json\/wp\/v2\/product_tag?post=15516"}],"curies":[{"name":"wp","href":"https:\/\/api.w.org\/{rel}","templated":true}]}}