{"id":15513,"date":"2024-12-29T18:37:57","date_gmt":"2024-12-29T17:37:57","guid":{"rendered":"https:\/\/zapateneo.net\/wordpress\/?post_type=product&#038;p=15513"},"modified":"2024-12-29T18:38:02","modified_gmt":"2024-12-29T17:38:02","slug":"espana-postimperial-ideologias-del-imperio-restaurativo","status":"publish","type":"product","link":"https:\/\/zapateneo.net\/wordpress\/index.php\/producto\/espana-postimperial-ideologias-del-imperio-restaurativo\/","title":{"rendered":"Espa\u00f1a postimperial Ideolog\u00edas del imperio restaurativo"},"content":{"rendered":"<p>\u00ab\u00bfQu\u00e9 pasar\u00eda si la naci\u00f3n, o los intentos de constituir una naci\u00f3n espa\u00f1ola, fueran un epifen\u00f3meno de la condici\u00f3n postimperial hispana, incluso en sus formulaciones m\u00e1s liberales de naci\u00f3n de naciones o de estado plurinacional? \u00bfQu\u00e9 pasar\u00eda si la naci\u00f3n espa\u00f1ola fallida fuera la punta del iceberg de su historia postimperial de los \u00faltimos tres siglos?<br \/>\nJoseba Gabilondo, uno de los autores m\u00e1s rompedores del, a veces, conservador panorama del pensamiento cr\u00edtico, se atreve a formular una hip\u00f3tesis indisciplinada que argumenta desde lo cultural y desde lo pol\u00edtico por ordenar lo que est\u00e1 \u00edntima y p\u00fablicamente entrelazado.<br \/>\nY s\u00ed: en este libro comparten espacio Bel\u00e9n Esteban y Pablo Iglesias, Rosal\u00eda y Santiago Abascal, As bestas y Star Wars, Felipe VI y el COVID. Un texto revelador que nos hace salir del aburrimiento y la indiferencia acad\u00e9mica y que rompe con la ideolog\u00eda pol\u00edtica hegem\u00f3nica que sigue siendo eso: hegem\u00f3nica.<\/p>\n","protected":false},"excerpt":{"rendered":"<p><strong>Joseba Gabilondo<\/strong><br \/>\n9788412744644 &#8211; La Vor\u00e1gine &#8211; 2024 &#8211; 388 p\u00e1ginas \/orri.<\/p>\n","protected":false},"featured_media":15539,"template":"","meta":[],"product_brand":[],"product_cat":[16,175],"product_tag":[6963,787],"class_list":{"0":"post-15513","1":"product","2":"type-product","3":"status-publish","4":"has-post-thumbnail","6":"product_cat-libros","7":"product_cat-nazio-arazoa-cuestion-nacional","8":"product_tag-joseba-gabilondo","9":"product_tag-la-voragine","11":"first","12":"instock","13":"sold-individually","14":"shipping-taxable","15":"purchasable","16":"product-type-simple"},"yoast_head":"<!-- This site is optimized with the Yoast SEO plugin v27.3 - https:\/\/yoast.com\/product\/yoast-seo-wordpress\/ -->\n<title>Espa\u00f1a postimperial Ideolog\u00edas del imperio restaurativo &#8212; Zapateneo<\/title>\n<meta name=\"robots\" content=\"index, follow, max-snippet:-1, max-image-preview:large, max-video-preview:-1\" \/>\n<link rel=\"canonical\" href=\"https:\/\/zapateneo.net\/wordpress\/index.php\/producto\/espana-postimperial-ideologias-del-imperio-restaurativo\/\" \/>\n<meta property=\"og:locale\" content=\"es_ES\" \/>\n<meta property=\"og:type\" content=\"article\" \/>\n<meta property=\"og:title\" content=\"Espa\u00f1a postimperial Ideolog\u00edas del imperio restaurativo &#8212; Zapateneo\" \/>\n<meta property=\"og:description\" content=\"Joseba Gabilondo 9788412744644 - La Vor\u00e1gine - 2024 - 388 p\u00e1ginas \/orri.\" \/>\n<meta property=\"og:url\" content=\"https:\/\/zapateneo.net\/wordpress\/index.php\/producto\/espana-postimperial-ideologias-del-imperio-restaurativo\/\" \/>\n<meta property=\"og:site_name\" content=\"Zapateneo\" \/>\n<meta property=\"article:modified_time\" content=\"2024-12-29T17:38:02+00:00\" \/>\n<meta name=\"twitter:card\" content=\"summary_large_image\" \/>\n<meta name=\"twitter:site\" content=\"@zapateneo\" \/>\n<meta name=\"twitter:label1\" content=\"Tiempo de lectura\" \/>\n\t<meta name=\"twitter:data1\" content=\"1 minuto\" \/>\n<script type=\"application\/ld+json\" class=\"yoast-schema-graph\">{\"@context\":\"https:\\\/\\\/schema.org\",\"@graph\":[{\"@type\":\"WebPage\",\"@id\":\"https:\\\/\\\/zapateneo.net\\\/wordpress\\\/index.php\\\/producto\\\/espana-postimperial-ideologias-del-imperio-restaurativo\\\/\",\"url\":\"https:\\\/\\\/zapateneo.net\\\/wordpress\\\/index.php\\\/producto\\\/espana-postimperial-ideologias-del-imperio-restaurativo\\\/\",\"name\":\"Espa\u00f1a postimperial Ideolog\u00edas del imperio restaurativo &#8212; Zapateneo\",\"isPartOf\":{\"@id\":\"https:\\\/\\\/zapateneo.net\\\/wordpress\\\/#website\"},\"primaryImageOfPage\":{\"@id\":\"https:\\\/\\\/zapateneo.net\\\/wordpress\\\/index.php\\\/producto\\\/espana-postimperial-ideologias-del-imperio-restaurativo\\\/#primaryimage\"},\"image\":{\"@id\":\"https:\\\/\\\/zapateneo.net\\\/wordpress\\\/index.php\\\/producto\\\/espana-postimperial-ideologias-del-imperio-restaurativo\\\/#primaryimage\"},\"thumbnailUrl\":\"https:\\\/\\\/zapateneo.net\\\/wordpress\\\/wp-content\\\/uploads\\\/2024\\\/12\\\/9788412744644.jpg\",\"datePublished\":\"2024-12-29T17:37:57+00:00\",\"dateModified\":\"2024-12-29T17:38:02+00:00\",\"breadcrumb\":{\"@id\":\"https:\\\/\\\/zapateneo.net\\\/wordpress\\\/index.php\\\/producto\\\/espana-postimperial-ideologias-del-imperio-restaurativo\\\/#breadcrumb\"},\"inLanguage\":\"es\",\"potentialAction\":[{\"@type\":\"ReadAction\",\"target\":[\"https:\\\/\\\/zapateneo.net\\\/wordpress\\\/index.php\\\/producto\\\/espana-postimperial-ideologias-del-imperio-restaurativo\\\/\"]}]},{\"@type\":\"ImageObject\",\"inLanguage\":\"es\",\"@id\":\"https:\\\/\\\/zapateneo.net\\\/wordpress\\\/index.php\\\/producto\\\/espana-postimperial-ideologias-del-imperio-restaurativo\\\/#primaryimage\",\"url\":\"https:\\\/\\\/zapateneo.net\\\/wordpress\\\/wp-content\\\/uploads\\\/2024\\\/12\\\/9788412744644.jpg\",\"contentUrl\":\"https:\\\/\\\/zapateneo.net\\\/wordpress\\\/wp-content\\\/uploads\\\/2024\\\/12\\\/9788412744644.jpg\",\"width\":275,\"height\":400},{\"@type\":\"BreadcrumbList\",\"@id\":\"https:\\\/\\\/zapateneo.net\\\/wordpress\\\/index.php\\\/producto\\\/espana-postimperial-ideologias-del-imperio-restaurativo\\\/#breadcrumb\",\"itemListElement\":[{\"@type\":\"ListItem\",\"position\":1,\"name\":\"Portada\",\"item\":\"https:\\\/\\\/zapateneo.net\\\/wordpress\\\/\"},{\"@type\":\"ListItem\",\"position\":2,\"name\":\"Tienda\",\"item\":\"https:\\\/\\\/zapateneo.net\\\/wordpress\\\/\"},{\"@type\":\"ListItem\",\"position\":3,\"name\":\"Espa\u00f1a postimperial Ideolog\u00edas del imperio restaurativo\"}]},{\"@type\":\"WebSite\",\"@id\":\"https:\\\/\\\/zapateneo.net\\\/wordpress\\\/#website\",\"url\":\"https:\\\/\\\/zapateneo.net\\\/wordpress\\\/\",\"name\":\"Zapateneo\",\"description\":\"Zapateneoaren webgunea\",\"publisher\":{\"@id\":\"https:\\\/\\\/zapateneo.net\\\/wordpress\\\/#organization\"},\"potentialAction\":[{\"@type\":\"SearchAction\",\"target\":{\"@type\":\"EntryPoint\",\"urlTemplate\":\"https:\\\/\\\/zapateneo.net\\\/wordpress\\\/?s={search_term_string}\"},\"query-input\":{\"@type\":\"PropertyValueSpecification\",\"valueRequired\":true,\"valueName\":\"search_term_string\"}}],\"inLanguage\":\"es\"},{\"@type\":\"Organization\",\"@id\":\"https:\\\/\\\/zapateneo.net\\\/wordpress\\\/#organization\",\"name\":\"Zapateneo Kultur Elkartea\",\"url\":\"https:\\\/\\\/zapateneo.net\\\/wordpress\\\/\",\"logo\":{\"@type\":\"ImageObject\",\"inLanguage\":\"es\",\"@id\":\"https:\\\/\\\/zapateneo.net\\\/wordpress\\\/#\\\/schema\\\/logo\\\/image\\\/\",\"url\":\"https:\\\/\\\/zapateneo.net\\\/wordpress\\\/wp-content\\\/uploads\\\/2021\\\/04\\\/zap-libu-kolec.jpg\",\"contentUrl\":\"https:\\\/\\\/zapateneo.net\\\/wordpress\\\/wp-content\\\/uploads\\\/2021\\\/04\\\/zap-libu-kolec.jpg\",\"width\":2234,\"height\":398,\"caption\":\"Zapateneo Kultur Elkartea\"},\"image\":{\"@id\":\"https:\\\/\\\/zapateneo.net\\\/wordpress\\\/#\\\/schema\\\/logo\\\/image\\\/\"},\"sameAs\":[\"https:\\\/\\\/x.com\\\/zapateneo\"]}]}<\/script>\n<!-- \/ Yoast SEO plugin. -->","yoast_head_json":{"title":"Espa\u00f1a postimperial Ideolog\u00edas del imperio restaurativo &#8212; Zapateneo","robots":{"index":"index","follow":"follow","max-snippet":"max-snippet:-1","max-image-preview":"max-image-preview:large","max-video-preview":"max-video-preview:-1"},"canonical":"https:\/\/zapateneo.net\/wordpress\/index.php\/producto\/espana-postimperial-ideologias-del-imperio-restaurativo\/","og_locale":"es_ES","og_type":"article","og_title":"Espa\u00f1a postimperial Ideolog\u00edas del imperio restaurativo &#8212; Zapateneo","og_description":"Joseba Gabilondo 9788412744644 - La Vor\u00e1gine - 2024 - 388 p\u00e1ginas \/orri.","og_url":"https:\/\/zapateneo.net\/wordpress\/index.php\/producto\/espana-postimperial-ideologias-del-imperio-restaurativo\/","og_site_name":"Zapateneo","article_modified_time":"2024-12-29T17:38:02+00:00","twitter_card":"summary_large_image","twitter_site":"@zapateneo","twitter_misc":{"Tiempo de lectura":"1 minuto"},"schema":{"@context":"https:\/\/schema.org","@graph":[{"@type":"WebPage","@id":"https:\/\/zapateneo.net\/wordpress\/index.php\/producto\/espana-postimperial-ideologias-del-imperio-restaurativo\/","url":"https:\/\/zapateneo.net\/wordpress\/index.php\/producto\/espana-postimperial-ideologias-del-imperio-restaurativo\/","name":"Espa\u00f1a postimperial Ideolog\u00edas del imperio restaurativo &#8212; Zapateneo","isPartOf":{"@id":"https:\/\/zapateneo.net\/wordpress\/#website"},"primaryImageOfPage":{"@id":"https:\/\/zapateneo.net\/wordpress\/index.php\/producto\/espana-postimperial-ideologias-del-imperio-restaurativo\/#primaryimage"},"image":{"@id":"https:\/\/zapateneo.net\/wordpress\/index.php\/producto\/espana-postimperial-ideologias-del-imperio-restaurativo\/#primaryimage"},"thumbnailUrl":"https:\/\/zapateneo.net\/wordpress\/wp-content\/uploads\/2024\/12\/9788412744644.jpg","datePublished":"2024-12-29T17:37:57+00:00","dateModified":"2024-12-29T17:38:02+00:00","breadcrumb":{"@id":"https:\/\/zapateneo.net\/wordpress\/index.php\/producto\/espana-postimperial-ideologias-del-imperio-restaurativo\/#breadcrumb"},"inLanguage":"es","potentialAction":[{"@type":"ReadAction","target":["https:\/\/zapateneo.net\/wordpress\/index.php\/producto\/espana-postimperial-ideologias-del-imperio-restaurativo\/"]}]},{"@type":"ImageObject","inLanguage":"es","@id":"https:\/\/zapateneo.net\/wordpress\/index.php\/producto\/espana-postimperial-ideologias-del-imperio-restaurativo\/#primaryimage","url":"https:\/\/zapateneo.net\/wordpress\/wp-content\/uploads\/2024\/12\/9788412744644.jpg","contentUrl":"https:\/\/zapateneo.net\/wordpress\/wp-content\/uploads\/2024\/12\/9788412744644.jpg","width":275,"height":400},{"@type":"BreadcrumbList","@id":"https:\/\/zapateneo.net\/wordpress\/index.php\/producto\/espana-postimperial-ideologias-del-imperio-restaurativo\/#breadcrumb","itemListElement":[{"@type":"ListItem","position":1,"name":"Portada","item":"https:\/\/zapateneo.net\/wordpress\/"},{"@type":"ListItem","position":2,"name":"Tienda","item":"https:\/\/zapateneo.net\/wordpress\/"},{"@type":"ListItem","position":3,"name":"Espa\u00f1a postimperial Ideolog\u00edas del imperio restaurativo"}]},{"@type":"WebSite","@id":"https:\/\/zapateneo.net\/wordpress\/#website","url":"https:\/\/zapateneo.net\/wordpress\/","name":"Zapateneo","description":"Zapateneoaren webgunea","publisher":{"@id":"https:\/\/zapateneo.net\/wordpress\/#organization"},"potentialAction":[{"@type":"SearchAction","target":{"@type":"EntryPoint","urlTemplate":"https:\/\/zapateneo.net\/wordpress\/?s={search_term_string}"},"query-input":{"@type":"PropertyValueSpecification","valueRequired":true,"valueName":"search_term_string"}}],"inLanguage":"es"},{"@type":"Organization","@id":"https:\/\/zapateneo.net\/wordpress\/#organization","name":"Zapateneo Kultur Elkartea","url":"https:\/\/zapateneo.net\/wordpress\/","logo":{"@type":"ImageObject","inLanguage":"es","@id":"https:\/\/zapateneo.net\/wordpress\/#\/schema\/logo\/image\/","url":"https:\/\/zapateneo.net\/wordpress\/wp-content\/uploads\/2021\/04\/zap-libu-kolec.jpg","contentUrl":"https:\/\/zapateneo.net\/wordpress\/wp-content\/uploads\/2021\/04\/zap-libu-kolec.jpg","width":2234,"height":398,"caption":"Zapateneo Kultur Elkartea"},"image":{"@id":"https:\/\/zapateneo.net\/wordpress\/#\/schema\/logo\/image\/"},"sameAs":["https:\/\/x.com\/zapateneo"]}]}},"_links":{"self":[{"href":"https:\/\/zapateneo.net\/wordpress\/index.php\/wp-json\/wp\/v2\/product\/15513","targetHints":{"allow":["GET"]}}],"collection":[{"href":"https:\/\/zapateneo.net\/wordpress\/index.php\/wp-json\/wp\/v2\/product"}],"about":[{"href":"https:\/\/zapateneo.net\/wordpress\/index.php\/wp-json\/wp\/v2\/types\/product"}],"wp:featuredmedia":[{"embeddable":true,"href":"https:\/\/zapateneo.net\/wordpress\/index.php\/wp-json\/wp\/v2\/media\/15539"}],"wp:attachment":[{"href":"https:\/\/zapateneo.net\/wordpress\/index.php\/wp-json\/wp\/v2\/media?parent=15513"}],"wp:term":[{"taxonomy":"product_brand","embeddable":true,"href":"https:\/\/zapateneo.net\/wordpress\/index.php\/wp-json\/wp\/v2\/product_brand?post=15513"},{"taxonomy":"product_cat","embeddable":true,"href":"https:\/\/zapateneo.net\/wordpress\/index.php\/wp-json\/wp\/v2\/product_cat?post=15513"},{"taxonomy":"product_tag","embeddable":true,"href":"https:\/\/zapateneo.net\/wordpress\/index.php\/wp-json\/wp\/v2\/product_tag?post=15513"}],"curies":[{"name":"wp","href":"https:\/\/api.w.org\/{rel}","templated":true}]}}