{"id":15465,"date":"2024-12-29T13:59:37","date_gmt":"2024-12-29T12:59:37","guid":{"rendered":"https:\/\/zapateneo.net\/wordpress\/?post_type=product&#038;p=15465"},"modified":"2024-12-29T13:59:45","modified_gmt":"2024-12-29T12:59:45","slug":"la-lectura-en-voz-alta-sus-beneficios-un-descubrimiento-fascinante-desde-la-neuroeducacion","status":"publish","type":"product","link":"https:\/\/zapateneo.net\/wordpress\/index.php\/producto\/la-lectura-en-voz-alta-sus-beneficios-un-descubrimiento-fascinante-desde-la-neuroeducacion\/","title":{"rendered":"La lectura en voz alta: sus beneficios Un descubrimiento (fascinante) desde la neuroeducaci\u00f3n"},"content":{"rendered":"<p>\u00bfQu\u00e9 le pasa a nuestro cerebro cuando compartimos una lectura? \u00bfC\u00f3mo se sienten los ni\u00f1os y las ni\u00f1as cuando leemos en voz alta? A partir del primer estudio realizado en Catalu\u00f1a por la C\u00e1tedra de Neuroeducaci\u00f3n de la Universidad de Barcelona, se confirma que leer en voz alta nos hace crecer emocional, cultural y cognitivamente. Leer en voz alta ensancha las redes neuronales del cerebro. Leer en voz alta crea lectores y lectoras de manera sencilla y est\u00e1 al alcance de todo el mundo.<br \/>\nUn libro dirigido a quienes dese\u00e1is que la lectura compartida forme parte de vuestra rutina. Leer es mucho m\u00e1s que distinguir los sonidos figurados por las letras: es entender qu\u00e9 dicen las palabras, las frases y los textos, e implica comprender cu\u00e1l es el mensaje que codifican. Tambi\u00e9n comporta ir m\u00e1s all\u00e1 del significado literal de las frases; aprender cosas nuevas y tener experiencias y vivencias que, de lo contrario, quiz\u00e1s, no tendr\u00edamos nunca, y emocionarnos con lo que leemos y, si es posible, con el simple hecho de leer.<br \/>\nLa lectura nos abre la puerta a la mente colectiva de la humanidad a trav\u00e9s de sus escritos; al pasado y al presente; a otras culturas y formas de pensar y de ver y vivir la vida, y a nuestras propias interioridades.<\/p>\n","protected":false},"excerpt":{"rendered":"<p><strong>David Bueno i Torrens, Anna For\u00e9s Miravalles, Antoni Ruiz Bueno<\/strong><br \/>\n9788419900449 &#8211; Octaedro &#8211; 2024 &#8211; 140 p\u00e1ginas \/orri.<\/p>\n","protected":false},"featured_media":15490,"template":"","meta":[],"product_brand":[],"product_cat":[186,16],"product_tag":[6950,6951,6949,829],"class_list":{"0":"post-15465","1":"product","2":"type-product","3":"status-publish","4":"has-post-thumbnail","6":"product_cat-hezkuntza-educacion","7":"product_cat-libros","8":"product_tag-anna-fores-miravalles","9":"product_tag-antoni-ruiz-bueno","10":"product_tag-david-bueno-i-torrens","11":"product_tag-octaedro","13":"first","14":"instock","15":"sold-individually","16":"shipping-taxable","17":"purchasable","18":"product-type-simple"},"yoast_head":"<!-- This site is optimized with the Yoast SEO plugin v27.3 - https:\/\/yoast.com\/product\/yoast-seo-wordpress\/ -->\n<title>La lectura en voz alta: sus beneficios Un descubrimiento (fascinante) desde la neuroeducaci\u00f3n &#8212; Zapateneo<\/title>\n<meta name=\"robots\" content=\"index, follow, max-snippet:-1, max-image-preview:large, max-video-preview:-1\" \/>\n<link rel=\"canonical\" href=\"https:\/\/zapateneo.net\/wordpress\/index.php\/producto\/la-lectura-en-voz-alta-sus-beneficios-un-descubrimiento-fascinante-desde-la-neuroeducacion\/\" \/>\n<meta property=\"og:locale\" content=\"es_ES\" \/>\n<meta property=\"og:type\" content=\"article\" \/>\n<meta property=\"og:title\" content=\"La lectura en voz alta: sus beneficios Un descubrimiento (fascinante) desde la neuroeducaci\u00f3n &#8212; Zapateneo\" \/>\n<meta property=\"og:description\" content=\"David Bueno i Torrens, Anna For\u00e9s Miravalles, Antoni Ruiz Bueno 9788419900449 - Octaedro - 2024 - 140 p\u00e1ginas \/orri.\" \/>\n<meta property=\"og:url\" content=\"https:\/\/zapateneo.net\/wordpress\/index.php\/producto\/la-lectura-en-voz-alta-sus-beneficios-un-descubrimiento-fascinante-desde-la-neuroeducacion\/\" \/>\n<meta property=\"og:site_name\" content=\"Zapateneo\" \/>\n<meta property=\"article:modified_time\" content=\"2024-12-29T12:59:45+00:00\" \/>\n<meta name=\"twitter:card\" content=\"summary_large_image\" \/>\n<meta name=\"twitter:site\" content=\"@zapateneo\" \/>\n<meta name=\"twitter:label1\" content=\"Tiempo de lectura\" \/>\n\t<meta name=\"twitter:data1\" content=\"1 minuto\" \/>\n<script type=\"application\/ld+json\" class=\"yoast-schema-graph\">{\"@context\":\"https:\\\/\\\/schema.org\",\"@graph\":[{\"@type\":\"WebPage\",\"@id\":\"https:\\\/\\\/zapateneo.net\\\/wordpress\\\/index.php\\\/producto\\\/la-lectura-en-voz-alta-sus-beneficios-un-descubrimiento-fascinante-desde-la-neuroeducacion\\\/\",\"url\":\"https:\\\/\\\/zapateneo.net\\\/wordpress\\\/index.php\\\/producto\\\/la-lectura-en-voz-alta-sus-beneficios-un-descubrimiento-fascinante-desde-la-neuroeducacion\\\/\",\"name\":\"La lectura en voz alta: sus beneficios Un descubrimiento (fascinante) desde la neuroeducaci\u00f3n &#8212; Zapateneo\",\"isPartOf\":{\"@id\":\"https:\\\/\\\/zapateneo.net\\\/wordpress\\\/#website\"},\"primaryImageOfPage\":{\"@id\":\"https:\\\/\\\/zapateneo.net\\\/wordpress\\\/index.php\\\/producto\\\/la-lectura-en-voz-alta-sus-beneficios-un-descubrimiento-fascinante-desde-la-neuroeducacion\\\/#primaryimage\"},\"image\":{\"@id\":\"https:\\\/\\\/zapateneo.net\\\/wordpress\\\/index.php\\\/producto\\\/la-lectura-en-voz-alta-sus-beneficios-un-descubrimiento-fascinante-desde-la-neuroeducacion\\\/#primaryimage\"},\"thumbnailUrl\":\"https:\\\/\\\/zapateneo.net\\\/wordpress\\\/wp-content\\\/uploads\\\/2024\\\/12\\\/la-lectura-en-voz-alta-sus-beneficios-9788419900449.jpg\",\"datePublished\":\"2024-12-29T12:59:37+00:00\",\"dateModified\":\"2024-12-29T12:59:45+00:00\",\"breadcrumb\":{\"@id\":\"https:\\\/\\\/zapateneo.net\\\/wordpress\\\/index.php\\\/producto\\\/la-lectura-en-voz-alta-sus-beneficios-un-descubrimiento-fascinante-desde-la-neuroeducacion\\\/#breadcrumb\"},\"inLanguage\":\"es\",\"potentialAction\":[{\"@type\":\"ReadAction\",\"target\":[\"https:\\\/\\\/zapateneo.net\\\/wordpress\\\/index.php\\\/producto\\\/la-lectura-en-voz-alta-sus-beneficios-un-descubrimiento-fascinante-desde-la-neuroeducacion\\\/\"]}]},{\"@type\":\"ImageObject\",\"inLanguage\":\"es\",\"@id\":\"https:\\\/\\\/zapateneo.net\\\/wordpress\\\/index.php\\\/producto\\\/la-lectura-en-voz-alta-sus-beneficios-un-descubrimiento-fascinante-desde-la-neuroeducacion\\\/#primaryimage\",\"url\":\"https:\\\/\\\/zapateneo.net\\\/wordpress\\\/wp-content\\\/uploads\\\/2024\\\/12\\\/la-lectura-en-voz-alta-sus-beneficios-9788419900449.jpg\",\"contentUrl\":\"https:\\\/\\\/zapateneo.net\\\/wordpress\\\/wp-content\\\/uploads\\\/2024\\\/12\\\/la-lectura-en-voz-alta-sus-beneficios-9788419900449.jpg\",\"width\":175,\"height\":244},{\"@type\":\"BreadcrumbList\",\"@id\":\"https:\\\/\\\/zapateneo.net\\\/wordpress\\\/index.php\\\/producto\\\/la-lectura-en-voz-alta-sus-beneficios-un-descubrimiento-fascinante-desde-la-neuroeducacion\\\/#breadcrumb\",\"itemListElement\":[{\"@type\":\"ListItem\",\"position\":1,\"name\":\"Portada\",\"item\":\"https:\\\/\\\/zapateneo.net\\\/wordpress\\\/\"},{\"@type\":\"ListItem\",\"position\":2,\"name\":\"Tienda\",\"item\":\"https:\\\/\\\/zapateneo.net\\\/wordpress\\\/\"},{\"@type\":\"ListItem\",\"position\":3,\"name\":\"La lectura en voz alta: sus beneficios Un descubrimiento (fascinante) desde la neuroeducaci\u00f3n\"}]},{\"@type\":\"WebSite\",\"@id\":\"https:\\\/\\\/zapateneo.net\\\/wordpress\\\/#website\",\"url\":\"https:\\\/\\\/zapateneo.net\\\/wordpress\\\/\",\"name\":\"Zapateneo\",\"description\":\"Zapateneoaren webgunea\",\"publisher\":{\"@id\":\"https:\\\/\\\/zapateneo.net\\\/wordpress\\\/#organization\"},\"potentialAction\":[{\"@type\":\"SearchAction\",\"target\":{\"@type\":\"EntryPoint\",\"urlTemplate\":\"https:\\\/\\\/zapateneo.net\\\/wordpress\\\/?s={search_term_string}\"},\"query-input\":{\"@type\":\"PropertyValueSpecification\",\"valueRequired\":true,\"valueName\":\"search_term_string\"}}],\"inLanguage\":\"es\"},{\"@type\":\"Organization\",\"@id\":\"https:\\\/\\\/zapateneo.net\\\/wordpress\\\/#organization\",\"name\":\"Zapateneo Kultur Elkartea\",\"url\":\"https:\\\/\\\/zapateneo.net\\\/wordpress\\\/\",\"logo\":{\"@type\":\"ImageObject\",\"inLanguage\":\"es\",\"@id\":\"https:\\\/\\\/zapateneo.net\\\/wordpress\\\/#\\\/schema\\\/logo\\\/image\\\/\",\"url\":\"https:\\\/\\\/zapateneo.net\\\/wordpress\\\/wp-content\\\/uploads\\\/2021\\\/04\\\/zap-libu-kolec.jpg\",\"contentUrl\":\"https:\\\/\\\/zapateneo.net\\\/wordpress\\\/wp-content\\\/uploads\\\/2021\\\/04\\\/zap-libu-kolec.jpg\",\"width\":2234,\"height\":398,\"caption\":\"Zapateneo Kultur Elkartea\"},\"image\":{\"@id\":\"https:\\\/\\\/zapateneo.net\\\/wordpress\\\/#\\\/schema\\\/logo\\\/image\\\/\"},\"sameAs\":[\"https:\\\/\\\/x.com\\\/zapateneo\"]}]}<\/script>\n<!-- \/ Yoast SEO plugin. -->","yoast_head_json":{"title":"La lectura en voz alta: sus beneficios Un descubrimiento (fascinante) desde la neuroeducaci\u00f3n &#8212; Zapateneo","robots":{"index":"index","follow":"follow","max-snippet":"max-snippet:-1","max-image-preview":"max-image-preview:large","max-video-preview":"max-video-preview:-1"},"canonical":"https:\/\/zapateneo.net\/wordpress\/index.php\/producto\/la-lectura-en-voz-alta-sus-beneficios-un-descubrimiento-fascinante-desde-la-neuroeducacion\/","og_locale":"es_ES","og_type":"article","og_title":"La lectura en voz alta: sus beneficios Un descubrimiento (fascinante) desde la neuroeducaci\u00f3n &#8212; Zapateneo","og_description":"David Bueno i Torrens, Anna For\u00e9s Miravalles, Antoni Ruiz Bueno 9788419900449 - Octaedro - 2024 - 140 p\u00e1ginas \/orri.","og_url":"https:\/\/zapateneo.net\/wordpress\/index.php\/producto\/la-lectura-en-voz-alta-sus-beneficios-un-descubrimiento-fascinante-desde-la-neuroeducacion\/","og_site_name":"Zapateneo","article_modified_time":"2024-12-29T12:59:45+00:00","twitter_card":"summary_large_image","twitter_site":"@zapateneo","twitter_misc":{"Tiempo de lectura":"1 minuto"},"schema":{"@context":"https:\/\/schema.org","@graph":[{"@type":"WebPage","@id":"https:\/\/zapateneo.net\/wordpress\/index.php\/producto\/la-lectura-en-voz-alta-sus-beneficios-un-descubrimiento-fascinante-desde-la-neuroeducacion\/","url":"https:\/\/zapateneo.net\/wordpress\/index.php\/producto\/la-lectura-en-voz-alta-sus-beneficios-un-descubrimiento-fascinante-desde-la-neuroeducacion\/","name":"La lectura en voz alta: sus beneficios Un descubrimiento (fascinante) desde la neuroeducaci\u00f3n &#8212; Zapateneo","isPartOf":{"@id":"https:\/\/zapateneo.net\/wordpress\/#website"},"primaryImageOfPage":{"@id":"https:\/\/zapateneo.net\/wordpress\/index.php\/producto\/la-lectura-en-voz-alta-sus-beneficios-un-descubrimiento-fascinante-desde-la-neuroeducacion\/#primaryimage"},"image":{"@id":"https:\/\/zapateneo.net\/wordpress\/index.php\/producto\/la-lectura-en-voz-alta-sus-beneficios-un-descubrimiento-fascinante-desde-la-neuroeducacion\/#primaryimage"},"thumbnailUrl":"https:\/\/zapateneo.net\/wordpress\/wp-content\/uploads\/2024\/12\/la-lectura-en-voz-alta-sus-beneficios-9788419900449.jpg","datePublished":"2024-12-29T12:59:37+00:00","dateModified":"2024-12-29T12:59:45+00:00","breadcrumb":{"@id":"https:\/\/zapateneo.net\/wordpress\/index.php\/producto\/la-lectura-en-voz-alta-sus-beneficios-un-descubrimiento-fascinante-desde-la-neuroeducacion\/#breadcrumb"},"inLanguage":"es","potentialAction":[{"@type":"ReadAction","target":["https:\/\/zapateneo.net\/wordpress\/index.php\/producto\/la-lectura-en-voz-alta-sus-beneficios-un-descubrimiento-fascinante-desde-la-neuroeducacion\/"]}]},{"@type":"ImageObject","inLanguage":"es","@id":"https:\/\/zapateneo.net\/wordpress\/index.php\/producto\/la-lectura-en-voz-alta-sus-beneficios-un-descubrimiento-fascinante-desde-la-neuroeducacion\/#primaryimage","url":"https:\/\/zapateneo.net\/wordpress\/wp-content\/uploads\/2024\/12\/la-lectura-en-voz-alta-sus-beneficios-9788419900449.jpg","contentUrl":"https:\/\/zapateneo.net\/wordpress\/wp-content\/uploads\/2024\/12\/la-lectura-en-voz-alta-sus-beneficios-9788419900449.jpg","width":175,"height":244},{"@type":"BreadcrumbList","@id":"https:\/\/zapateneo.net\/wordpress\/index.php\/producto\/la-lectura-en-voz-alta-sus-beneficios-un-descubrimiento-fascinante-desde-la-neuroeducacion\/#breadcrumb","itemListElement":[{"@type":"ListItem","position":1,"name":"Portada","item":"https:\/\/zapateneo.net\/wordpress\/"},{"@type":"ListItem","position":2,"name":"Tienda","item":"https:\/\/zapateneo.net\/wordpress\/"},{"@type":"ListItem","position":3,"name":"La lectura en voz alta: sus beneficios Un descubrimiento (fascinante) desde la neuroeducaci\u00f3n"}]},{"@type":"WebSite","@id":"https:\/\/zapateneo.net\/wordpress\/#website","url":"https:\/\/zapateneo.net\/wordpress\/","name":"Zapateneo","description":"Zapateneoaren webgunea","publisher":{"@id":"https:\/\/zapateneo.net\/wordpress\/#organization"},"potentialAction":[{"@type":"SearchAction","target":{"@type":"EntryPoint","urlTemplate":"https:\/\/zapateneo.net\/wordpress\/?s={search_term_string}"},"query-input":{"@type":"PropertyValueSpecification","valueRequired":true,"valueName":"search_term_string"}}],"inLanguage":"es"},{"@type":"Organization","@id":"https:\/\/zapateneo.net\/wordpress\/#organization","name":"Zapateneo Kultur Elkartea","url":"https:\/\/zapateneo.net\/wordpress\/","logo":{"@type":"ImageObject","inLanguage":"es","@id":"https:\/\/zapateneo.net\/wordpress\/#\/schema\/logo\/image\/","url":"https:\/\/zapateneo.net\/wordpress\/wp-content\/uploads\/2021\/04\/zap-libu-kolec.jpg","contentUrl":"https:\/\/zapateneo.net\/wordpress\/wp-content\/uploads\/2021\/04\/zap-libu-kolec.jpg","width":2234,"height":398,"caption":"Zapateneo Kultur Elkartea"},"image":{"@id":"https:\/\/zapateneo.net\/wordpress\/#\/schema\/logo\/image\/"},"sameAs":["https:\/\/x.com\/zapateneo"]}]}},"_links":{"self":[{"href":"https:\/\/zapateneo.net\/wordpress\/index.php\/wp-json\/wp\/v2\/product\/15465","targetHints":{"allow":["GET"]}}],"collection":[{"href":"https:\/\/zapateneo.net\/wordpress\/index.php\/wp-json\/wp\/v2\/product"}],"about":[{"href":"https:\/\/zapateneo.net\/wordpress\/index.php\/wp-json\/wp\/v2\/types\/product"}],"wp:featuredmedia":[{"embeddable":true,"href":"https:\/\/zapateneo.net\/wordpress\/index.php\/wp-json\/wp\/v2\/media\/15490"}],"wp:attachment":[{"href":"https:\/\/zapateneo.net\/wordpress\/index.php\/wp-json\/wp\/v2\/media?parent=15465"}],"wp:term":[{"taxonomy":"product_brand","embeddable":true,"href":"https:\/\/zapateneo.net\/wordpress\/index.php\/wp-json\/wp\/v2\/product_brand?post=15465"},{"taxonomy":"product_cat","embeddable":true,"href":"https:\/\/zapateneo.net\/wordpress\/index.php\/wp-json\/wp\/v2\/product_cat?post=15465"},{"taxonomy":"product_tag","embeddable":true,"href":"https:\/\/zapateneo.net\/wordpress\/index.php\/wp-json\/wp\/v2\/product_tag?post=15465"}],"curies":[{"name":"wp","href":"https:\/\/api.w.org\/{rel}","templated":true}]}}