{"id":15458,"date":"2024-12-29T13:59:36","date_gmt":"2024-12-29T12:59:36","guid":{"rendered":"https:\/\/zapateneo.net\/wordpress\/?post_type=product&#038;p=15458"},"modified":"2024-12-29T13:59:42","modified_gmt":"2024-12-29T12:59:42","slug":"el-imperio-de-las-armas-la-formacion-violenta-de-la-revolucion-industrial","status":"publish","type":"product","link":"https:\/\/zapateneo.net\/wordpress\/index.php\/producto\/el-imperio-de-las-armas-la-formacion-violenta-de-la-revolucion-industrial\/","title":{"rendered":"El imperio de las armas La formaci\u00f3n violenta de la Revoluci\u00f3n Industrial"},"content":{"rendered":"<p>Una ambiciosa historia que replantea la Revoluci\u00f3n industrial, la expansi\u00f3n del imperio brit\u00e1nico y el surgimiento del capitalismo industrial como algo indisociable del comercio de armas. Entre los siglos XVII y XIX, la revoluci\u00f3n industrial transform\u00f3 Gran Breta\u00f1a de una econom\u00eda agr\u00edcola y artesanal a otra dominada por la industria, dando paso a un crecimiento sin precedentes de la tecnolog\u00eda y el comercio, y situando al pa\u00eds en el centro de la econom\u00eda mundial. Pero la historia com\u00fanmente aceptada de la Revoluci\u00f3n industrial, anclada en im\u00e1genes de f\u00e1bricas de algod\u00f3n y m\u00e1quinas de vapor inventadas por genios sin l\u00edmites, pasa por alto la verdadera ra\u00edz de la expansi\u00f3n econ\u00f3mica e industrial: la lucrativa contrataci\u00f3n militar que permiti\u00f3 el estado de guerra casi constante del pa\u00eds a lo largo de 150 a\u00f1os.<br \/>\nLa demanda de armas y material b\u00e9lico que permiti\u00f3 a los ej\u00e9rcitos, armadas, mercenarios, comerciantes, colonos y aventureros brit\u00e1nicos conquistar una inmensa porci\u00f3n del globo impuls\u00f3 a su vez el auge de innumerables industrias asociadas, desde la metalurgia hasta la banca. Con la Revoluci\u00f3n Gloriosa de 1688 y el final de las Guerras Napole\u00f3nicas en 1815 como tel\u00f3n de fondo, este libro traza la vida social y material de las armas brit\u00e1nicas a lo largo de un siglo de guerra y violencia casi constantes dentro y fuera del pa\u00eds.<br \/>\nPriya Satia ilumina el surgimiento de Gran Breta\u00f1a como superpotencia mundial, las ra\u00edces del papel del gobierno en el desarrollo econ\u00f3mico y los or\u00edgenes de los debates de nuestra \u00e9poca sobre el control de armas y la contrataci\u00f3n militar. Ganador del Premio Jerry Bentley 2019 (American Historical Association). Ganador del Premio Wadsworth 2019 (Business Archives Council). Ganador del Premio Choice 2020 (American Library Association).<br \/>\n\u00abEl detallado relato de Satia sobre la Revoluci\u00f3n Industrial y la implacable expansi\u00f3n del imperio brit\u00e1nico contradice notablemente las simples narrativas del libre mercado [\u2026] Fascinante\u00bb. \u2014The New York Times<br \/>\n\u00abUn estudio fascinante de la centralidad del militarismo en la vida brit\u00e1nica del siglo xviii, y de c\u00f3mo la expansi\u00f3n imperial y las armas iban de la mano. Este libro es un triunfo\u00bb. \u2014The Guardian<br \/>\n\u00abSatia re\u00fane una cantidad abrumadora de pruebas para demostrar, de forma concluyente, que las armas ocupaban un lugar central en todas las historias convencionales que los historiadores han contado hasta ahora sobre los or\u00edgenes del mundo moderno e industrializado\u00bb. \u2014The New Republic<br \/>\n\u00abUna s\u00f3lida contribuci\u00f3n a la historia de la tecnolog\u00eda y el comercio, con amplias implicaciones para el presente\u00bb. \u2014Kirkus<\/p>\n","protected":false},"excerpt":{"rendered":"<p><strong>Priya Satia<\/strong><br \/>\n9788446054245 &#8211; Akal &#8211; 2024 &#8211; 616 p\u00e1ginas \/orri.<\/p>\n","protected":false},"featured_media":15483,"template":"","meta":[],"product_brand":[],"product_cat":[185,16],"product_tag":[437,6945],"class_list":{"0":"post-15458","1":"product","2":"type-product","3":"status-publish","4":"has-post-thumbnail","6":"product_cat-historia","7":"product_cat-libros","8":"product_tag-akal","9":"product_tag-priya-satia","11":"first","12":"instock","13":"sold-individually","14":"shipping-taxable","15":"purchasable","16":"product-type-simple"},"yoast_head":"<!-- This site is optimized with the Yoast SEO plugin v27.3 - https:\/\/yoast.com\/product\/yoast-seo-wordpress\/ -->\n<title>El imperio de las armas La formaci\u00f3n violenta de la Revoluci\u00f3n Industrial &#8212; Zapateneo<\/title>\n<meta name=\"robots\" content=\"index, follow, max-snippet:-1, max-image-preview:large, max-video-preview:-1\" \/>\n<link rel=\"canonical\" href=\"https:\/\/zapateneo.net\/wordpress\/index.php\/producto\/el-imperio-de-las-armas-la-formacion-violenta-de-la-revolucion-industrial\/\" \/>\n<meta property=\"og:locale\" content=\"es_ES\" \/>\n<meta property=\"og:type\" content=\"article\" \/>\n<meta property=\"og:title\" content=\"El imperio de las armas La formaci\u00f3n violenta de la Revoluci\u00f3n Industrial &#8212; Zapateneo\" \/>\n<meta property=\"og:description\" content=\"Priya Satia 9788446054245 - Akal - 2024 - 616 p\u00e1ginas \/orri.\" \/>\n<meta property=\"og:url\" content=\"https:\/\/zapateneo.net\/wordpress\/index.php\/producto\/el-imperio-de-las-armas-la-formacion-violenta-de-la-revolucion-industrial\/\" \/>\n<meta property=\"og:site_name\" content=\"Zapateneo\" \/>\n<meta property=\"article:modified_time\" content=\"2024-12-29T12:59:42+00:00\" \/>\n<meta name=\"twitter:card\" content=\"summary_large_image\" \/>\n<meta name=\"twitter:site\" content=\"@zapateneo\" \/>\n<meta name=\"twitter:label1\" content=\"Tiempo de lectura\" \/>\n\t<meta name=\"twitter:data1\" content=\"2 minutos\" \/>\n<script type=\"application\/ld+json\" class=\"yoast-schema-graph\">{\"@context\":\"https:\\\/\\\/schema.org\",\"@graph\":[{\"@type\":\"WebPage\",\"@id\":\"https:\\\/\\\/zapateneo.net\\\/wordpress\\\/index.php\\\/producto\\\/el-imperio-de-las-armas-la-formacion-violenta-de-la-revolucion-industrial\\\/\",\"url\":\"https:\\\/\\\/zapateneo.net\\\/wordpress\\\/index.php\\\/producto\\\/el-imperio-de-las-armas-la-formacion-violenta-de-la-revolucion-industrial\\\/\",\"name\":\"El imperio de las armas La formaci\u00f3n violenta de la Revoluci\u00f3n Industrial &#8212; Zapateneo\",\"isPartOf\":{\"@id\":\"https:\\\/\\\/zapateneo.net\\\/wordpress\\\/#website\"},\"primaryImageOfPage\":{\"@id\":\"https:\\\/\\\/zapateneo.net\\\/wordpress\\\/index.php\\\/producto\\\/el-imperio-de-las-armas-la-formacion-violenta-de-la-revolucion-industrial\\\/#primaryimage\"},\"image\":{\"@id\":\"https:\\\/\\\/zapateneo.net\\\/wordpress\\\/index.php\\\/producto\\\/el-imperio-de-las-armas-la-formacion-violenta-de-la-revolucion-industrial\\\/#primaryimage\"},\"thumbnailUrl\":\"https:\\\/\\\/zapateneo.net\\\/wordpress\\\/wp-content\\\/uploads\\\/2024\\\/12\\\/9788446054245.jpg\",\"datePublished\":\"2024-12-29T12:59:36+00:00\",\"dateModified\":\"2024-12-29T12:59:42+00:00\",\"breadcrumb\":{\"@id\":\"https:\\\/\\\/zapateneo.net\\\/wordpress\\\/index.php\\\/producto\\\/el-imperio-de-las-armas-la-formacion-violenta-de-la-revolucion-industrial\\\/#breadcrumb\"},\"inLanguage\":\"es\",\"potentialAction\":[{\"@type\":\"ReadAction\",\"target\":[\"https:\\\/\\\/zapateneo.net\\\/wordpress\\\/index.php\\\/producto\\\/el-imperio-de-las-armas-la-formacion-violenta-de-la-revolucion-industrial\\\/\"]}]},{\"@type\":\"ImageObject\",\"inLanguage\":\"es\",\"@id\":\"https:\\\/\\\/zapateneo.net\\\/wordpress\\\/index.php\\\/producto\\\/el-imperio-de-las-armas-la-formacion-violenta-de-la-revolucion-industrial\\\/#primaryimage\",\"url\":\"https:\\\/\\\/zapateneo.net\\\/wordpress\\\/wp-content\\\/uploads\\\/2024\\\/12\\\/9788446054245.jpg\",\"contentUrl\":\"https:\\\/\\\/zapateneo.net\\\/wordpress\\\/wp-content\\\/uploads\\\/2024\\\/12\\\/9788446054245.jpg\",\"width\":236,\"height\":365},{\"@type\":\"BreadcrumbList\",\"@id\":\"https:\\\/\\\/zapateneo.net\\\/wordpress\\\/index.php\\\/producto\\\/el-imperio-de-las-armas-la-formacion-violenta-de-la-revolucion-industrial\\\/#breadcrumb\",\"itemListElement\":[{\"@type\":\"ListItem\",\"position\":1,\"name\":\"Portada\",\"item\":\"https:\\\/\\\/zapateneo.net\\\/wordpress\\\/\"},{\"@type\":\"ListItem\",\"position\":2,\"name\":\"Tienda\",\"item\":\"https:\\\/\\\/zapateneo.net\\\/wordpress\\\/\"},{\"@type\":\"ListItem\",\"position\":3,\"name\":\"El imperio de las armas La formaci\u00f3n violenta de la Revoluci\u00f3n Industrial\"}]},{\"@type\":\"WebSite\",\"@id\":\"https:\\\/\\\/zapateneo.net\\\/wordpress\\\/#website\",\"url\":\"https:\\\/\\\/zapateneo.net\\\/wordpress\\\/\",\"name\":\"Zapateneo\",\"description\":\"Zapateneoaren webgunea\",\"publisher\":{\"@id\":\"https:\\\/\\\/zapateneo.net\\\/wordpress\\\/#organization\"},\"potentialAction\":[{\"@type\":\"SearchAction\",\"target\":{\"@type\":\"EntryPoint\",\"urlTemplate\":\"https:\\\/\\\/zapateneo.net\\\/wordpress\\\/?s={search_term_string}\"},\"query-input\":{\"@type\":\"PropertyValueSpecification\",\"valueRequired\":true,\"valueName\":\"search_term_string\"}}],\"inLanguage\":\"es\"},{\"@type\":\"Organization\",\"@id\":\"https:\\\/\\\/zapateneo.net\\\/wordpress\\\/#organization\",\"name\":\"Zapateneo Kultur Elkartea\",\"url\":\"https:\\\/\\\/zapateneo.net\\\/wordpress\\\/\",\"logo\":{\"@type\":\"ImageObject\",\"inLanguage\":\"es\",\"@id\":\"https:\\\/\\\/zapateneo.net\\\/wordpress\\\/#\\\/schema\\\/logo\\\/image\\\/\",\"url\":\"https:\\\/\\\/zapateneo.net\\\/wordpress\\\/wp-content\\\/uploads\\\/2021\\\/04\\\/zap-libu-kolec.jpg\",\"contentUrl\":\"https:\\\/\\\/zapateneo.net\\\/wordpress\\\/wp-content\\\/uploads\\\/2021\\\/04\\\/zap-libu-kolec.jpg\",\"width\":2234,\"height\":398,\"caption\":\"Zapateneo Kultur Elkartea\"},\"image\":{\"@id\":\"https:\\\/\\\/zapateneo.net\\\/wordpress\\\/#\\\/schema\\\/logo\\\/image\\\/\"},\"sameAs\":[\"https:\\\/\\\/x.com\\\/zapateneo\"]}]}<\/script>\n<!-- \/ Yoast SEO plugin. -->","yoast_head_json":{"title":"El imperio de las armas La formaci\u00f3n violenta de la Revoluci\u00f3n Industrial &#8212; Zapateneo","robots":{"index":"index","follow":"follow","max-snippet":"max-snippet:-1","max-image-preview":"max-image-preview:large","max-video-preview":"max-video-preview:-1"},"canonical":"https:\/\/zapateneo.net\/wordpress\/index.php\/producto\/el-imperio-de-las-armas-la-formacion-violenta-de-la-revolucion-industrial\/","og_locale":"es_ES","og_type":"article","og_title":"El imperio de las armas La formaci\u00f3n violenta de la Revoluci\u00f3n Industrial &#8212; Zapateneo","og_description":"Priya Satia 9788446054245 - Akal - 2024 - 616 p\u00e1ginas \/orri.","og_url":"https:\/\/zapateneo.net\/wordpress\/index.php\/producto\/el-imperio-de-las-armas-la-formacion-violenta-de-la-revolucion-industrial\/","og_site_name":"Zapateneo","article_modified_time":"2024-12-29T12:59:42+00:00","twitter_card":"summary_large_image","twitter_site":"@zapateneo","twitter_misc":{"Tiempo de lectura":"2 minutos"},"schema":{"@context":"https:\/\/schema.org","@graph":[{"@type":"WebPage","@id":"https:\/\/zapateneo.net\/wordpress\/index.php\/producto\/el-imperio-de-las-armas-la-formacion-violenta-de-la-revolucion-industrial\/","url":"https:\/\/zapateneo.net\/wordpress\/index.php\/producto\/el-imperio-de-las-armas-la-formacion-violenta-de-la-revolucion-industrial\/","name":"El imperio de las armas La formaci\u00f3n violenta de la Revoluci\u00f3n Industrial &#8212; Zapateneo","isPartOf":{"@id":"https:\/\/zapateneo.net\/wordpress\/#website"},"primaryImageOfPage":{"@id":"https:\/\/zapateneo.net\/wordpress\/index.php\/producto\/el-imperio-de-las-armas-la-formacion-violenta-de-la-revolucion-industrial\/#primaryimage"},"image":{"@id":"https:\/\/zapateneo.net\/wordpress\/index.php\/producto\/el-imperio-de-las-armas-la-formacion-violenta-de-la-revolucion-industrial\/#primaryimage"},"thumbnailUrl":"https:\/\/zapateneo.net\/wordpress\/wp-content\/uploads\/2024\/12\/9788446054245.jpg","datePublished":"2024-12-29T12:59:36+00:00","dateModified":"2024-12-29T12:59:42+00:00","breadcrumb":{"@id":"https:\/\/zapateneo.net\/wordpress\/index.php\/producto\/el-imperio-de-las-armas-la-formacion-violenta-de-la-revolucion-industrial\/#breadcrumb"},"inLanguage":"es","potentialAction":[{"@type":"ReadAction","target":["https:\/\/zapateneo.net\/wordpress\/index.php\/producto\/el-imperio-de-las-armas-la-formacion-violenta-de-la-revolucion-industrial\/"]}]},{"@type":"ImageObject","inLanguage":"es","@id":"https:\/\/zapateneo.net\/wordpress\/index.php\/producto\/el-imperio-de-las-armas-la-formacion-violenta-de-la-revolucion-industrial\/#primaryimage","url":"https:\/\/zapateneo.net\/wordpress\/wp-content\/uploads\/2024\/12\/9788446054245.jpg","contentUrl":"https:\/\/zapateneo.net\/wordpress\/wp-content\/uploads\/2024\/12\/9788446054245.jpg","width":236,"height":365},{"@type":"BreadcrumbList","@id":"https:\/\/zapateneo.net\/wordpress\/index.php\/producto\/el-imperio-de-las-armas-la-formacion-violenta-de-la-revolucion-industrial\/#breadcrumb","itemListElement":[{"@type":"ListItem","position":1,"name":"Portada","item":"https:\/\/zapateneo.net\/wordpress\/"},{"@type":"ListItem","position":2,"name":"Tienda","item":"https:\/\/zapateneo.net\/wordpress\/"},{"@type":"ListItem","position":3,"name":"El imperio de las armas La formaci\u00f3n violenta de la Revoluci\u00f3n Industrial"}]},{"@type":"WebSite","@id":"https:\/\/zapateneo.net\/wordpress\/#website","url":"https:\/\/zapateneo.net\/wordpress\/","name":"Zapateneo","description":"Zapateneoaren webgunea","publisher":{"@id":"https:\/\/zapateneo.net\/wordpress\/#organization"},"potentialAction":[{"@type":"SearchAction","target":{"@type":"EntryPoint","urlTemplate":"https:\/\/zapateneo.net\/wordpress\/?s={search_term_string}"},"query-input":{"@type":"PropertyValueSpecification","valueRequired":true,"valueName":"search_term_string"}}],"inLanguage":"es"},{"@type":"Organization","@id":"https:\/\/zapateneo.net\/wordpress\/#organization","name":"Zapateneo Kultur Elkartea","url":"https:\/\/zapateneo.net\/wordpress\/","logo":{"@type":"ImageObject","inLanguage":"es","@id":"https:\/\/zapateneo.net\/wordpress\/#\/schema\/logo\/image\/","url":"https:\/\/zapateneo.net\/wordpress\/wp-content\/uploads\/2021\/04\/zap-libu-kolec.jpg","contentUrl":"https:\/\/zapateneo.net\/wordpress\/wp-content\/uploads\/2021\/04\/zap-libu-kolec.jpg","width":2234,"height":398,"caption":"Zapateneo Kultur Elkartea"},"image":{"@id":"https:\/\/zapateneo.net\/wordpress\/#\/schema\/logo\/image\/"},"sameAs":["https:\/\/x.com\/zapateneo"]}]}},"_links":{"self":[{"href":"https:\/\/zapateneo.net\/wordpress\/index.php\/wp-json\/wp\/v2\/product\/15458","targetHints":{"allow":["GET"]}}],"collection":[{"href":"https:\/\/zapateneo.net\/wordpress\/index.php\/wp-json\/wp\/v2\/product"}],"about":[{"href":"https:\/\/zapateneo.net\/wordpress\/index.php\/wp-json\/wp\/v2\/types\/product"}],"wp:featuredmedia":[{"embeddable":true,"href":"https:\/\/zapateneo.net\/wordpress\/index.php\/wp-json\/wp\/v2\/media\/15483"}],"wp:attachment":[{"href":"https:\/\/zapateneo.net\/wordpress\/index.php\/wp-json\/wp\/v2\/media?parent=15458"}],"wp:term":[{"taxonomy":"product_brand","embeddable":true,"href":"https:\/\/zapateneo.net\/wordpress\/index.php\/wp-json\/wp\/v2\/product_brand?post=15458"},{"taxonomy":"product_cat","embeddable":true,"href":"https:\/\/zapateneo.net\/wordpress\/index.php\/wp-json\/wp\/v2\/product_cat?post=15458"},{"taxonomy":"product_tag","embeddable":true,"href":"https:\/\/zapateneo.net\/wordpress\/index.php\/wp-json\/wp\/v2\/product_tag?post=15458"}],"curies":[{"name":"wp","href":"https:\/\/api.w.org\/{rel}","templated":true}]}}