{"id":15456,"date":"2024-12-29T13:59:35","date_gmt":"2024-12-29T12:59:35","guid":{"rendered":"https:\/\/zapateneo.net\/wordpress\/?post_type=product&#038;p=15456"},"modified":"2024-12-29T13:59:41","modified_gmt":"2024-12-29T12:59:41","slug":"comuntopia-comunes-postcapitalismo-y-transicion-ecosocial","status":"publish","type":"product","link":"https:\/\/zapateneo.net\/wordpress\/index.php\/producto\/comuntopia-comunes-postcapitalismo-y-transicion-ecosocial\/","title":{"rendered":"Comuntop\u00eda Comunes, postcapitalismo y transici\u00f3n ecosocial"},"content":{"rendered":"<p>En las \u00faltimas d\u00e9cadas, las teor\u00edas y estrategias relacionadas con los bienes comunes se han convertido en un elemento fundamental tanto de las ciencias sociales como de numerosos movimientos pol\u00edticos de todo el mundo. El estudio de los comunes ha permitido comprender la sofisticaci\u00f3n de unas instituciones que, en muchas sociedades, regulan el acceso colectivo a los recursos necesarios para la subsistencia. Paralelamente, activistas, sindicalistas, ecologistas o cooperativistas han descubierto en los bienes comunes una poderosa caja de herramientas con la que defender los servicios p\u00fablicos, garantizar el acceso a la vivienda, la energ\u00eda o la cultura, organizar el trabajo reproductivo y de cuidados y, m\u00e1s en general, luchar contra la mercantilizaci\u00f3n y la destrucci\u00f3n ecol\u00f3gica.<br \/>\nEste sint\u00e9tico y accesible libro presenta una revisi\u00f3n rigurosa y cr\u00edtica tanto de las pr\u00e1cticas como de los conceptos relacionados con los bienes comunes: su historia y sus potencialidades pol\u00edticas, pero tambi\u00e9n sus limitaciones y ambig\u00fcedades.<br \/>\n\u00abSi, como escribi\u00f3 una vez Tom\u00e1s de Aquino, \u00aben caso de necesidad todas las cosas son comunes\u00bb [in casu necessitatis, omnia sunt communia], necesitamos leer este libro esta misma semana. C\u00e9sar Rendueles \u2013un soci\u00f3logo cuyos nuevos libros son siempre un acontecimiento para quienes nos interesamos por las cuestiones m\u00e1s acuciantes de nuestras vidas\u2013 no se limita a explicar por qu\u00e9 estamos en una condici\u00f3n de \u00abnecesidad\u00bb, es decir, enmarcados en emergencias ecol\u00f3gicas, pol\u00edticas y tecnol\u00f3gicas, sino tambi\u00e9n c\u00f3mo reclamar nuestros \u00abbienes comunes\u00bb. Se trata de instituciones sociales colaborativas que regulan recursos (bienes y servicios p\u00fablicos) que en un plazo relativamente breve ser\u00e1n cada vez menos accesibles para millones de personas que actualmente los dan por sentados. Este libro proporciona a todas aquellas valientes fuerzas sociales que abogan por estrategias democr\u00e1ticas, progresistas y emancipadoras una \u00abpol\u00edtica de los comunes\u00bb global que parece ser nuestra \u00faltima oportunidad a medida que nos adentramos en el nuevo r\u00e9gimen del postcapitalismo. El propio Aquino habr\u00eda respaldado el nuevo libro de Rendueles\u00bb, \u2014Santiago Zabala, profesor de investigaci\u00f3n ICREA en la Universidad Pompeu Fabra<br \/>\n\u00ab\u00bfQuieres conocer m\u00e1s sobre los comunes? \u00bfQu\u00e9 funcion\u00f3 y qu\u00e9 no, y qu\u00e9 podr\u00eda funcionar en esta \u00e9poca de crisis? Entonces lee este libro. Como en cualquier otra, la tragedia de los comunes tambi\u00e9n demandar\u00e1 una catarsis pol\u00edtica, y nada mejor que contar con C\u00e9sar Rendueles como gu\u00eda intelectual\u00bb. \u2014Geert Lovink, te\u00f3rico de los medios de comunicaci\u00f3n y cr\u00edtico de Internet.<\/p>\n","protected":false},"excerpt":{"rendered":"<p><strong>C\u00e9sar Rendueles<\/strong><br \/>\n9788446054931 &#8211; Akal &#8211; 2024 &#8211; 208 p\u00e1ginas \/orri.<\/p>\n","protected":false},"featured_media":15481,"template":"","meta":[],"product_brand":[],"product_cat":[178,16],"product_tag":[437,6944],"class_list":{"0":"post-15456","1":"product","2":"type-product","3":"status-publish","4":"has-post-thumbnail","6":"product_cat-ekonomia-economia","7":"product_cat-libros","8":"product_tag-akal","9":"product_tag-cesar-rendueles","11":"first","12":"instock","13":"sold-individually","14":"shipping-taxable","15":"purchasable","16":"product-type-simple"},"yoast_head":"<!-- This site is optimized with the Yoast SEO plugin v27.3 - https:\/\/yoast.com\/product\/yoast-seo-wordpress\/ -->\n<title>Comuntop\u00eda Comunes, postcapitalismo y transici\u00f3n ecosocial &#8212; Zapateneo<\/title>\n<meta name=\"robots\" content=\"index, follow, max-snippet:-1, max-image-preview:large, max-video-preview:-1\" \/>\n<link rel=\"canonical\" href=\"https:\/\/zapateneo.net\/wordpress\/index.php\/producto\/comuntopia-comunes-postcapitalismo-y-transicion-ecosocial\/\" \/>\n<meta property=\"og:locale\" content=\"es_ES\" \/>\n<meta property=\"og:type\" content=\"article\" \/>\n<meta property=\"og:title\" content=\"Comuntop\u00eda Comunes, postcapitalismo y transici\u00f3n ecosocial &#8212; Zapateneo\" \/>\n<meta property=\"og:description\" content=\"C\u00e9sar Rendueles 9788446054931 - Akal - 2024 - 208 p\u00e1ginas \/orri.\" \/>\n<meta property=\"og:url\" content=\"https:\/\/zapateneo.net\/wordpress\/index.php\/producto\/comuntopia-comunes-postcapitalismo-y-transicion-ecosocial\/\" \/>\n<meta property=\"og:site_name\" content=\"Zapateneo\" \/>\n<meta property=\"article:modified_time\" content=\"2024-12-29T12:59:41+00:00\" \/>\n<meta name=\"twitter:card\" content=\"summary_large_image\" \/>\n<meta name=\"twitter:site\" content=\"@zapateneo\" \/>\n<meta name=\"twitter:label1\" content=\"Tiempo de lectura\" \/>\n\t<meta name=\"twitter:data1\" content=\"2 minutos\" \/>\n<script type=\"application\/ld+json\" class=\"yoast-schema-graph\">{\"@context\":\"https:\\\/\\\/schema.org\",\"@graph\":[{\"@type\":\"WebPage\",\"@id\":\"https:\\\/\\\/zapateneo.net\\\/wordpress\\\/index.php\\\/producto\\\/comuntopia-comunes-postcapitalismo-y-transicion-ecosocial\\\/\",\"url\":\"https:\\\/\\\/zapateneo.net\\\/wordpress\\\/index.php\\\/producto\\\/comuntopia-comunes-postcapitalismo-y-transicion-ecosocial\\\/\",\"name\":\"Comuntop\u00eda Comunes, postcapitalismo y transici\u00f3n ecosocial &#8212; Zapateneo\",\"isPartOf\":{\"@id\":\"https:\\\/\\\/zapateneo.net\\\/wordpress\\\/#website\"},\"primaryImageOfPage\":{\"@id\":\"https:\\\/\\\/zapateneo.net\\\/wordpress\\\/index.php\\\/producto\\\/comuntopia-comunes-postcapitalismo-y-transicion-ecosocial\\\/#primaryimage\"},\"image\":{\"@id\":\"https:\\\/\\\/zapateneo.net\\\/wordpress\\\/index.php\\\/producto\\\/comuntopia-comunes-postcapitalismo-y-transicion-ecosocial\\\/#primaryimage\"},\"thumbnailUrl\":\"https:\\\/\\\/zapateneo.net\\\/wordpress\\\/wp-content\\\/uploads\\\/2024\\\/12\\\/9788446054931.jpg\",\"datePublished\":\"2024-12-29T12:59:35+00:00\",\"dateModified\":\"2024-12-29T12:59:41+00:00\",\"breadcrumb\":{\"@id\":\"https:\\\/\\\/zapateneo.net\\\/wordpress\\\/index.php\\\/producto\\\/comuntopia-comunes-postcapitalismo-y-transicion-ecosocial\\\/#breadcrumb\"},\"inLanguage\":\"es\",\"potentialAction\":[{\"@type\":\"ReadAction\",\"target\":[\"https:\\\/\\\/zapateneo.net\\\/wordpress\\\/index.php\\\/producto\\\/comuntopia-comunes-postcapitalismo-y-transicion-ecosocial\\\/\"]}]},{\"@type\":\"ImageObject\",\"inLanguage\":\"es\",\"@id\":\"https:\\\/\\\/zapateneo.net\\\/wordpress\\\/index.php\\\/producto\\\/comuntopia-comunes-postcapitalismo-y-transicion-ecosocial\\\/#primaryimage\",\"url\":\"https:\\\/\\\/zapateneo.net\\\/wordpress\\\/wp-content\\\/uploads\\\/2024\\\/12\\\/9788446054931.jpg\",\"contentUrl\":\"https:\\\/\\\/zapateneo.net\\\/wordpress\\\/wp-content\\\/uploads\\\/2024\\\/12\\\/9788446054931.jpg\",\"width\":236,\"height\":365},{\"@type\":\"BreadcrumbList\",\"@id\":\"https:\\\/\\\/zapateneo.net\\\/wordpress\\\/index.php\\\/producto\\\/comuntopia-comunes-postcapitalismo-y-transicion-ecosocial\\\/#breadcrumb\",\"itemListElement\":[{\"@type\":\"ListItem\",\"position\":1,\"name\":\"Portada\",\"item\":\"https:\\\/\\\/zapateneo.net\\\/wordpress\\\/\"},{\"@type\":\"ListItem\",\"position\":2,\"name\":\"Tienda\",\"item\":\"https:\\\/\\\/zapateneo.net\\\/wordpress\\\/\"},{\"@type\":\"ListItem\",\"position\":3,\"name\":\"Comuntop\u00eda Comunes, postcapitalismo y transici\u00f3n ecosocial\"}]},{\"@type\":\"WebSite\",\"@id\":\"https:\\\/\\\/zapateneo.net\\\/wordpress\\\/#website\",\"url\":\"https:\\\/\\\/zapateneo.net\\\/wordpress\\\/\",\"name\":\"Zapateneo\",\"description\":\"Zapateneoaren webgunea\",\"publisher\":{\"@id\":\"https:\\\/\\\/zapateneo.net\\\/wordpress\\\/#organization\"},\"potentialAction\":[{\"@type\":\"SearchAction\",\"target\":{\"@type\":\"EntryPoint\",\"urlTemplate\":\"https:\\\/\\\/zapateneo.net\\\/wordpress\\\/?s={search_term_string}\"},\"query-input\":{\"@type\":\"PropertyValueSpecification\",\"valueRequired\":true,\"valueName\":\"search_term_string\"}}],\"inLanguage\":\"es\"},{\"@type\":\"Organization\",\"@id\":\"https:\\\/\\\/zapateneo.net\\\/wordpress\\\/#organization\",\"name\":\"Zapateneo Kultur Elkartea\",\"url\":\"https:\\\/\\\/zapateneo.net\\\/wordpress\\\/\",\"logo\":{\"@type\":\"ImageObject\",\"inLanguage\":\"es\",\"@id\":\"https:\\\/\\\/zapateneo.net\\\/wordpress\\\/#\\\/schema\\\/logo\\\/image\\\/\",\"url\":\"https:\\\/\\\/zapateneo.net\\\/wordpress\\\/wp-content\\\/uploads\\\/2021\\\/04\\\/zap-libu-kolec.jpg\",\"contentUrl\":\"https:\\\/\\\/zapateneo.net\\\/wordpress\\\/wp-content\\\/uploads\\\/2021\\\/04\\\/zap-libu-kolec.jpg\",\"width\":2234,\"height\":398,\"caption\":\"Zapateneo Kultur Elkartea\"},\"image\":{\"@id\":\"https:\\\/\\\/zapateneo.net\\\/wordpress\\\/#\\\/schema\\\/logo\\\/image\\\/\"},\"sameAs\":[\"https:\\\/\\\/x.com\\\/zapateneo\"]}]}<\/script>\n<!-- \/ Yoast SEO plugin. -->","yoast_head_json":{"title":"Comuntop\u00eda Comunes, postcapitalismo y transici\u00f3n ecosocial &#8212; Zapateneo","robots":{"index":"index","follow":"follow","max-snippet":"max-snippet:-1","max-image-preview":"max-image-preview:large","max-video-preview":"max-video-preview:-1"},"canonical":"https:\/\/zapateneo.net\/wordpress\/index.php\/producto\/comuntopia-comunes-postcapitalismo-y-transicion-ecosocial\/","og_locale":"es_ES","og_type":"article","og_title":"Comuntop\u00eda Comunes, postcapitalismo y transici\u00f3n ecosocial &#8212; Zapateneo","og_description":"C\u00e9sar Rendueles 9788446054931 - Akal - 2024 - 208 p\u00e1ginas \/orri.","og_url":"https:\/\/zapateneo.net\/wordpress\/index.php\/producto\/comuntopia-comunes-postcapitalismo-y-transicion-ecosocial\/","og_site_name":"Zapateneo","article_modified_time":"2024-12-29T12:59:41+00:00","twitter_card":"summary_large_image","twitter_site":"@zapateneo","twitter_misc":{"Tiempo de lectura":"2 minutos"},"schema":{"@context":"https:\/\/schema.org","@graph":[{"@type":"WebPage","@id":"https:\/\/zapateneo.net\/wordpress\/index.php\/producto\/comuntopia-comunes-postcapitalismo-y-transicion-ecosocial\/","url":"https:\/\/zapateneo.net\/wordpress\/index.php\/producto\/comuntopia-comunes-postcapitalismo-y-transicion-ecosocial\/","name":"Comuntop\u00eda Comunes, postcapitalismo y transici\u00f3n ecosocial &#8212; Zapateneo","isPartOf":{"@id":"https:\/\/zapateneo.net\/wordpress\/#website"},"primaryImageOfPage":{"@id":"https:\/\/zapateneo.net\/wordpress\/index.php\/producto\/comuntopia-comunes-postcapitalismo-y-transicion-ecosocial\/#primaryimage"},"image":{"@id":"https:\/\/zapateneo.net\/wordpress\/index.php\/producto\/comuntopia-comunes-postcapitalismo-y-transicion-ecosocial\/#primaryimage"},"thumbnailUrl":"https:\/\/zapateneo.net\/wordpress\/wp-content\/uploads\/2024\/12\/9788446054931.jpg","datePublished":"2024-12-29T12:59:35+00:00","dateModified":"2024-12-29T12:59:41+00:00","breadcrumb":{"@id":"https:\/\/zapateneo.net\/wordpress\/index.php\/producto\/comuntopia-comunes-postcapitalismo-y-transicion-ecosocial\/#breadcrumb"},"inLanguage":"es","potentialAction":[{"@type":"ReadAction","target":["https:\/\/zapateneo.net\/wordpress\/index.php\/producto\/comuntopia-comunes-postcapitalismo-y-transicion-ecosocial\/"]}]},{"@type":"ImageObject","inLanguage":"es","@id":"https:\/\/zapateneo.net\/wordpress\/index.php\/producto\/comuntopia-comunes-postcapitalismo-y-transicion-ecosocial\/#primaryimage","url":"https:\/\/zapateneo.net\/wordpress\/wp-content\/uploads\/2024\/12\/9788446054931.jpg","contentUrl":"https:\/\/zapateneo.net\/wordpress\/wp-content\/uploads\/2024\/12\/9788446054931.jpg","width":236,"height":365},{"@type":"BreadcrumbList","@id":"https:\/\/zapateneo.net\/wordpress\/index.php\/producto\/comuntopia-comunes-postcapitalismo-y-transicion-ecosocial\/#breadcrumb","itemListElement":[{"@type":"ListItem","position":1,"name":"Portada","item":"https:\/\/zapateneo.net\/wordpress\/"},{"@type":"ListItem","position":2,"name":"Tienda","item":"https:\/\/zapateneo.net\/wordpress\/"},{"@type":"ListItem","position":3,"name":"Comuntop\u00eda Comunes, postcapitalismo y transici\u00f3n ecosocial"}]},{"@type":"WebSite","@id":"https:\/\/zapateneo.net\/wordpress\/#website","url":"https:\/\/zapateneo.net\/wordpress\/","name":"Zapateneo","description":"Zapateneoaren webgunea","publisher":{"@id":"https:\/\/zapateneo.net\/wordpress\/#organization"},"potentialAction":[{"@type":"SearchAction","target":{"@type":"EntryPoint","urlTemplate":"https:\/\/zapateneo.net\/wordpress\/?s={search_term_string}"},"query-input":{"@type":"PropertyValueSpecification","valueRequired":true,"valueName":"search_term_string"}}],"inLanguage":"es"},{"@type":"Organization","@id":"https:\/\/zapateneo.net\/wordpress\/#organization","name":"Zapateneo Kultur Elkartea","url":"https:\/\/zapateneo.net\/wordpress\/","logo":{"@type":"ImageObject","inLanguage":"es","@id":"https:\/\/zapateneo.net\/wordpress\/#\/schema\/logo\/image\/","url":"https:\/\/zapateneo.net\/wordpress\/wp-content\/uploads\/2021\/04\/zap-libu-kolec.jpg","contentUrl":"https:\/\/zapateneo.net\/wordpress\/wp-content\/uploads\/2021\/04\/zap-libu-kolec.jpg","width":2234,"height":398,"caption":"Zapateneo Kultur Elkartea"},"image":{"@id":"https:\/\/zapateneo.net\/wordpress\/#\/schema\/logo\/image\/"},"sameAs":["https:\/\/x.com\/zapateneo"]}]}},"_links":{"self":[{"href":"https:\/\/zapateneo.net\/wordpress\/index.php\/wp-json\/wp\/v2\/product\/15456","targetHints":{"allow":["GET"]}}],"collection":[{"href":"https:\/\/zapateneo.net\/wordpress\/index.php\/wp-json\/wp\/v2\/product"}],"about":[{"href":"https:\/\/zapateneo.net\/wordpress\/index.php\/wp-json\/wp\/v2\/types\/product"}],"wp:featuredmedia":[{"embeddable":true,"href":"https:\/\/zapateneo.net\/wordpress\/index.php\/wp-json\/wp\/v2\/media\/15481"}],"wp:attachment":[{"href":"https:\/\/zapateneo.net\/wordpress\/index.php\/wp-json\/wp\/v2\/media?parent=15456"}],"wp:term":[{"taxonomy":"product_brand","embeddable":true,"href":"https:\/\/zapateneo.net\/wordpress\/index.php\/wp-json\/wp\/v2\/product_brand?post=15456"},{"taxonomy":"product_cat","embeddable":true,"href":"https:\/\/zapateneo.net\/wordpress\/index.php\/wp-json\/wp\/v2\/product_cat?post=15456"},{"taxonomy":"product_tag","embeddable":true,"href":"https:\/\/zapateneo.net\/wordpress\/index.php\/wp-json\/wp\/v2\/product_tag?post=15456"}],"curies":[{"name":"wp","href":"https:\/\/api.w.org\/{rel}","templated":true}]}}