{"id":15431,"date":"2024-12-28T21:17:32","date_gmt":"2024-12-28T20:17:32","guid":{"rendered":"https:\/\/zapateneo.net\/wordpress\/?post_type=product&#038;p=15431"},"modified":"2024-12-28T21:17:41","modified_gmt":"2024-12-28T20:17:41","slug":"conversion-de-la-industria-militar-de-euskal-herria-para-no-fabricar-mas-guerras","status":"publish","type":"product","link":"https:\/\/zapateneo.net\/wordpress\/index.php\/producto\/conversion-de-la-industria-militar-de-euskal-herria-para-no-fabricar-mas-guerras\/","title":{"rendered":"Conversi\u00f3n de la industria militar de Euskal Herria para no fabricar m\u00e1s guerras"},"content":{"rendered":"<p>Este texto est\u00e1 repleto de preguntas a las que se intenta dar respuestas. Algunas relacionadas con el actual clima b\u00e9lico.: \u00bfviene \u00abla guerra\u00bb?, \u00bfqu\u00e9 tipo de guerra?, \u00bfestamos ya en guerra?, \u00bfa qui\u00e9n interesa \u00abla guerra\u00bb y por qu\u00e9?, \u00bfest\u00e1 todo ello relacionado?, \u00bfqu\u00e9 hacer?. <\/p>\n<p>Otras, con la Industria Militar Vasca. Porque en los \u00faltimos quince a\u00f1os el n\u00famero de empresas, centros y entidades que forman parte de la producci\u00f3n de Euskal Herria para el desperdicio y la guerra (PEHDG) se ha triplicado, siendo en la actualidad 200. \u00bfQu\u00e9 ha cambiado en nuestra sociedad para que haya crecido de esta manera un sector que contaba con un rechazo social significativo?, \u00bfcu\u00e1les son esas doscientas empresas, d\u00f3nde est\u00e1n y qu\u00e9 producen?. \u00bfCu\u00e1les son los perfiles que definen los distintos tipos  de la actual PEHDG?<\/p>\n<p>Finalmente, ante esa realidad, se indaga tambi\u00e9n sobre la posibilidad de la conversi\u00f3n de la PEHDG a producci\u00f3n civil de utilidad social, que cuestione el sistema productivo. \u00bfHa habido casos en la Historia?. \u00bfY en Euskal Herria?. \u00bfQu\u00e9 es eso de producci\u00f3n civil de utilidad social?. \u00bfPuede esa conversi\u00f3n darse la mano con otras luchas ante las actuales crisis en marcha?. \u00bfHay mimbres en la actualidad para intentar una Euskal Herria libre de producci\u00f3n para la guerra?<\/p>\n<p>El colectivo antimilitarista alav\u00e9s Gasteizkoak surge en 1991 al calor del Movimiento de Insumisi\u00f3n al Servicio Militar Obligatorio (la famosa \u00abMili\u00bb) y cuando militantes antimilitariastas convergen con gestes pertenecientes al veterano movimiento obrero aut\u00f3nomo de su ciudad, Gasteiz.  Desde entonces han protagonizado multitud de denuncias contra el militarismo, realizando y publicando multitud de estudios y obras dedicadas a desenmascarar el militarismo en nuestras sociedades, el control social y policial en sus distintas formas, y en analizar los intereses del Complejo Militar-Industrial, as\u00ed como las posibles alternativas al mismo.<\/p>\n","protected":false},"excerpt":{"rendered":"<p><strong>Colectivo Gasteizkoak<\/strong><br \/>\n9788412961195 &#8211; Zapateneo &#8211; 2024 &#8211; 382 p\u00e1ginas \/orri.<\/p>\n","protected":false},"featured_media":15449,"template":"","meta":[],"product_brand":[],"product_cat":[177,16],"product_tag":[1822,1913],"class_list":{"0":"post-15431","1":"product","2":"type-product","3":"status-publish","4":"has-post-thumbnail","6":"product_cat-gizarte-mugimenduak-movimientos-sociales","7":"product_cat-libros","8":"product_tag-colectivo-gasteizkoak","9":"product_tag-zapateneo","11":"first","12":"instock","13":"sold-individually","14":"shipping-taxable","15":"purchasable","16":"product-type-simple"},"yoast_head":"<!-- This site is optimized with the Yoast SEO plugin v27.3 - https:\/\/yoast.com\/product\/yoast-seo-wordpress\/ -->\n<title>Conversi\u00f3n de la industria militar de Euskal Herria para no fabricar m\u00e1s guerras &#8212; Zapateneo<\/title>\n<meta name=\"robots\" content=\"index, follow, max-snippet:-1, max-image-preview:large, max-video-preview:-1\" \/>\n<link rel=\"canonical\" href=\"https:\/\/zapateneo.net\/wordpress\/index.php\/producto\/conversion-de-la-industria-militar-de-euskal-herria-para-no-fabricar-mas-guerras\/\" \/>\n<meta property=\"og:locale\" content=\"es_ES\" \/>\n<meta property=\"og:type\" content=\"article\" \/>\n<meta property=\"og:title\" content=\"Conversi\u00f3n de la industria militar de Euskal Herria para no fabricar m\u00e1s guerras &#8212; Zapateneo\" \/>\n<meta property=\"og:description\" content=\"Colectivo Gasteizkoak 9788412961195 - Zapateneo - 2024 - 382 p\u00e1ginas \/orri.\" \/>\n<meta property=\"og:url\" content=\"https:\/\/zapateneo.net\/wordpress\/index.php\/producto\/conversion-de-la-industria-militar-de-euskal-herria-para-no-fabricar-mas-guerras\/\" \/>\n<meta property=\"og:site_name\" content=\"Zapateneo\" \/>\n<meta property=\"article:modified_time\" content=\"2024-12-28T20:17:41+00:00\" \/>\n<meta name=\"twitter:card\" content=\"summary_large_image\" \/>\n<meta name=\"twitter:site\" content=\"@zapateneo\" \/>\n<meta name=\"twitter:label1\" content=\"Tiempo de lectura\" \/>\n\t<meta name=\"twitter:data1\" content=\"2 minutos\" \/>\n<script type=\"application\/ld+json\" class=\"yoast-schema-graph\">{\"@context\":\"https:\\\/\\\/schema.org\",\"@graph\":[{\"@type\":\"WebPage\",\"@id\":\"https:\\\/\\\/zapateneo.net\\\/wordpress\\\/index.php\\\/producto\\\/conversion-de-la-industria-militar-de-euskal-herria-para-no-fabricar-mas-guerras\\\/\",\"url\":\"https:\\\/\\\/zapateneo.net\\\/wordpress\\\/index.php\\\/producto\\\/conversion-de-la-industria-militar-de-euskal-herria-para-no-fabricar-mas-guerras\\\/\",\"name\":\"Conversi\u00f3n de la industria militar de Euskal Herria para no fabricar m\u00e1s guerras &#8212; Zapateneo\",\"isPartOf\":{\"@id\":\"https:\\\/\\\/zapateneo.net\\\/wordpress\\\/#website\"},\"primaryImageOfPage\":{\"@id\":\"https:\\\/\\\/zapateneo.net\\\/wordpress\\\/index.php\\\/producto\\\/conversion-de-la-industria-militar-de-euskal-herria-para-no-fabricar-mas-guerras\\\/#primaryimage\"},\"image\":{\"@id\":\"https:\\\/\\\/zapateneo.net\\\/wordpress\\\/index.php\\\/producto\\\/conversion-de-la-industria-militar-de-euskal-herria-para-no-fabricar-mas-guerras\\\/#primaryimage\"},\"thumbnailUrl\":\"https:\\\/\\\/zapateneo.net\\\/wordpress\\\/wp-content\\\/uploads\\\/2024\\\/12\\\/978841296119_conversin_de_la_industria_militar_en_euskal_herria.jpg\",\"datePublished\":\"2024-12-28T20:17:32+00:00\",\"dateModified\":\"2024-12-28T20:17:41+00:00\",\"breadcrumb\":{\"@id\":\"https:\\\/\\\/zapateneo.net\\\/wordpress\\\/index.php\\\/producto\\\/conversion-de-la-industria-militar-de-euskal-herria-para-no-fabricar-mas-guerras\\\/#breadcrumb\"},\"inLanguage\":\"es\",\"potentialAction\":[{\"@type\":\"ReadAction\",\"target\":[\"https:\\\/\\\/zapateneo.net\\\/wordpress\\\/index.php\\\/producto\\\/conversion-de-la-industria-militar-de-euskal-herria-para-no-fabricar-mas-guerras\\\/\"]}]},{\"@type\":\"ImageObject\",\"inLanguage\":\"es\",\"@id\":\"https:\\\/\\\/zapateneo.net\\\/wordpress\\\/index.php\\\/producto\\\/conversion-de-la-industria-militar-de-euskal-herria-para-no-fabricar-mas-guerras\\\/#primaryimage\",\"url\":\"https:\\\/\\\/zapateneo.net\\\/wordpress\\\/wp-content\\\/uploads\\\/2024\\\/12\\\/978841296119_conversin_de_la_industria_militar_en_euskal_herria.jpg\",\"contentUrl\":\"https:\\\/\\\/zapateneo.net\\\/wordpress\\\/wp-content\\\/uploads\\\/2024\\\/12\\\/978841296119_conversin_de_la_industria_militar_en_euskal_herria.jpg\",\"width\":282,\"height\":400},{\"@type\":\"BreadcrumbList\",\"@id\":\"https:\\\/\\\/zapateneo.net\\\/wordpress\\\/index.php\\\/producto\\\/conversion-de-la-industria-militar-de-euskal-herria-para-no-fabricar-mas-guerras\\\/#breadcrumb\",\"itemListElement\":[{\"@type\":\"ListItem\",\"position\":1,\"name\":\"Portada\",\"item\":\"https:\\\/\\\/zapateneo.net\\\/wordpress\\\/\"},{\"@type\":\"ListItem\",\"position\":2,\"name\":\"Tienda\",\"item\":\"https:\\\/\\\/zapateneo.net\\\/wordpress\\\/\"},{\"@type\":\"ListItem\",\"position\":3,\"name\":\"Conversi\u00f3n de la industria militar de Euskal Herria para no fabricar m\u00e1s guerras\"}]},{\"@type\":\"WebSite\",\"@id\":\"https:\\\/\\\/zapateneo.net\\\/wordpress\\\/#website\",\"url\":\"https:\\\/\\\/zapateneo.net\\\/wordpress\\\/\",\"name\":\"Zapateneo\",\"description\":\"Zapateneoaren webgunea\",\"publisher\":{\"@id\":\"https:\\\/\\\/zapateneo.net\\\/wordpress\\\/#organization\"},\"potentialAction\":[{\"@type\":\"SearchAction\",\"target\":{\"@type\":\"EntryPoint\",\"urlTemplate\":\"https:\\\/\\\/zapateneo.net\\\/wordpress\\\/?s={search_term_string}\"},\"query-input\":{\"@type\":\"PropertyValueSpecification\",\"valueRequired\":true,\"valueName\":\"search_term_string\"}}],\"inLanguage\":\"es\"},{\"@type\":\"Organization\",\"@id\":\"https:\\\/\\\/zapateneo.net\\\/wordpress\\\/#organization\",\"name\":\"Zapateneo Kultur Elkartea\",\"url\":\"https:\\\/\\\/zapateneo.net\\\/wordpress\\\/\",\"logo\":{\"@type\":\"ImageObject\",\"inLanguage\":\"es\",\"@id\":\"https:\\\/\\\/zapateneo.net\\\/wordpress\\\/#\\\/schema\\\/logo\\\/image\\\/\",\"url\":\"https:\\\/\\\/zapateneo.net\\\/wordpress\\\/wp-content\\\/uploads\\\/2021\\\/04\\\/zap-libu-kolec.jpg\",\"contentUrl\":\"https:\\\/\\\/zapateneo.net\\\/wordpress\\\/wp-content\\\/uploads\\\/2021\\\/04\\\/zap-libu-kolec.jpg\",\"width\":2234,\"height\":398,\"caption\":\"Zapateneo Kultur Elkartea\"},\"image\":{\"@id\":\"https:\\\/\\\/zapateneo.net\\\/wordpress\\\/#\\\/schema\\\/logo\\\/image\\\/\"},\"sameAs\":[\"https:\\\/\\\/x.com\\\/zapateneo\"]}]}<\/script>\n<!-- \/ Yoast SEO plugin. -->","yoast_head_json":{"title":"Conversi\u00f3n de la industria militar de Euskal Herria para no fabricar m\u00e1s guerras &#8212; Zapateneo","robots":{"index":"index","follow":"follow","max-snippet":"max-snippet:-1","max-image-preview":"max-image-preview:large","max-video-preview":"max-video-preview:-1"},"canonical":"https:\/\/zapateneo.net\/wordpress\/index.php\/producto\/conversion-de-la-industria-militar-de-euskal-herria-para-no-fabricar-mas-guerras\/","og_locale":"es_ES","og_type":"article","og_title":"Conversi\u00f3n de la industria militar de Euskal Herria para no fabricar m\u00e1s guerras &#8212; Zapateneo","og_description":"Colectivo Gasteizkoak 9788412961195 - Zapateneo - 2024 - 382 p\u00e1ginas \/orri.","og_url":"https:\/\/zapateneo.net\/wordpress\/index.php\/producto\/conversion-de-la-industria-militar-de-euskal-herria-para-no-fabricar-mas-guerras\/","og_site_name":"Zapateneo","article_modified_time":"2024-12-28T20:17:41+00:00","twitter_card":"summary_large_image","twitter_site":"@zapateneo","twitter_misc":{"Tiempo de lectura":"2 minutos"},"schema":{"@context":"https:\/\/schema.org","@graph":[{"@type":"WebPage","@id":"https:\/\/zapateneo.net\/wordpress\/index.php\/producto\/conversion-de-la-industria-militar-de-euskal-herria-para-no-fabricar-mas-guerras\/","url":"https:\/\/zapateneo.net\/wordpress\/index.php\/producto\/conversion-de-la-industria-militar-de-euskal-herria-para-no-fabricar-mas-guerras\/","name":"Conversi\u00f3n de la industria militar de Euskal Herria para no fabricar m\u00e1s guerras &#8212; Zapateneo","isPartOf":{"@id":"https:\/\/zapateneo.net\/wordpress\/#website"},"primaryImageOfPage":{"@id":"https:\/\/zapateneo.net\/wordpress\/index.php\/producto\/conversion-de-la-industria-militar-de-euskal-herria-para-no-fabricar-mas-guerras\/#primaryimage"},"image":{"@id":"https:\/\/zapateneo.net\/wordpress\/index.php\/producto\/conversion-de-la-industria-militar-de-euskal-herria-para-no-fabricar-mas-guerras\/#primaryimage"},"thumbnailUrl":"https:\/\/zapateneo.net\/wordpress\/wp-content\/uploads\/2024\/12\/978841296119_conversin_de_la_industria_militar_en_euskal_herria.jpg","datePublished":"2024-12-28T20:17:32+00:00","dateModified":"2024-12-28T20:17:41+00:00","breadcrumb":{"@id":"https:\/\/zapateneo.net\/wordpress\/index.php\/producto\/conversion-de-la-industria-militar-de-euskal-herria-para-no-fabricar-mas-guerras\/#breadcrumb"},"inLanguage":"es","potentialAction":[{"@type":"ReadAction","target":["https:\/\/zapateneo.net\/wordpress\/index.php\/producto\/conversion-de-la-industria-militar-de-euskal-herria-para-no-fabricar-mas-guerras\/"]}]},{"@type":"ImageObject","inLanguage":"es","@id":"https:\/\/zapateneo.net\/wordpress\/index.php\/producto\/conversion-de-la-industria-militar-de-euskal-herria-para-no-fabricar-mas-guerras\/#primaryimage","url":"https:\/\/zapateneo.net\/wordpress\/wp-content\/uploads\/2024\/12\/978841296119_conversin_de_la_industria_militar_en_euskal_herria.jpg","contentUrl":"https:\/\/zapateneo.net\/wordpress\/wp-content\/uploads\/2024\/12\/978841296119_conversin_de_la_industria_militar_en_euskal_herria.jpg","width":282,"height":400},{"@type":"BreadcrumbList","@id":"https:\/\/zapateneo.net\/wordpress\/index.php\/producto\/conversion-de-la-industria-militar-de-euskal-herria-para-no-fabricar-mas-guerras\/#breadcrumb","itemListElement":[{"@type":"ListItem","position":1,"name":"Portada","item":"https:\/\/zapateneo.net\/wordpress\/"},{"@type":"ListItem","position":2,"name":"Tienda","item":"https:\/\/zapateneo.net\/wordpress\/"},{"@type":"ListItem","position":3,"name":"Conversi\u00f3n de la industria militar de Euskal Herria para no fabricar m\u00e1s guerras"}]},{"@type":"WebSite","@id":"https:\/\/zapateneo.net\/wordpress\/#website","url":"https:\/\/zapateneo.net\/wordpress\/","name":"Zapateneo","description":"Zapateneoaren webgunea","publisher":{"@id":"https:\/\/zapateneo.net\/wordpress\/#organization"},"potentialAction":[{"@type":"SearchAction","target":{"@type":"EntryPoint","urlTemplate":"https:\/\/zapateneo.net\/wordpress\/?s={search_term_string}"},"query-input":{"@type":"PropertyValueSpecification","valueRequired":true,"valueName":"search_term_string"}}],"inLanguage":"es"},{"@type":"Organization","@id":"https:\/\/zapateneo.net\/wordpress\/#organization","name":"Zapateneo Kultur Elkartea","url":"https:\/\/zapateneo.net\/wordpress\/","logo":{"@type":"ImageObject","inLanguage":"es","@id":"https:\/\/zapateneo.net\/wordpress\/#\/schema\/logo\/image\/","url":"https:\/\/zapateneo.net\/wordpress\/wp-content\/uploads\/2021\/04\/zap-libu-kolec.jpg","contentUrl":"https:\/\/zapateneo.net\/wordpress\/wp-content\/uploads\/2021\/04\/zap-libu-kolec.jpg","width":2234,"height":398,"caption":"Zapateneo Kultur Elkartea"},"image":{"@id":"https:\/\/zapateneo.net\/wordpress\/#\/schema\/logo\/image\/"},"sameAs":["https:\/\/x.com\/zapateneo"]}]}},"_links":{"self":[{"href":"https:\/\/zapateneo.net\/wordpress\/index.php\/wp-json\/wp\/v2\/product\/15431","targetHints":{"allow":["GET"]}}],"collection":[{"href":"https:\/\/zapateneo.net\/wordpress\/index.php\/wp-json\/wp\/v2\/product"}],"about":[{"href":"https:\/\/zapateneo.net\/wordpress\/index.php\/wp-json\/wp\/v2\/types\/product"}],"wp:featuredmedia":[{"embeddable":true,"href":"https:\/\/zapateneo.net\/wordpress\/index.php\/wp-json\/wp\/v2\/media\/15449"}],"wp:attachment":[{"href":"https:\/\/zapateneo.net\/wordpress\/index.php\/wp-json\/wp\/v2\/media?parent=15431"}],"wp:term":[{"taxonomy":"product_brand","embeddable":true,"href":"https:\/\/zapateneo.net\/wordpress\/index.php\/wp-json\/wp\/v2\/product_brand?post=15431"},{"taxonomy":"product_cat","embeddable":true,"href":"https:\/\/zapateneo.net\/wordpress\/index.php\/wp-json\/wp\/v2\/product_cat?post=15431"},{"taxonomy":"product_tag","embeddable":true,"href":"https:\/\/zapateneo.net\/wordpress\/index.php\/wp-json\/wp\/v2\/product_tag?post=15431"}],"curies":[{"name":"wp","href":"https:\/\/api.w.org\/{rel}","templated":true}]}}